{"id":8724,"date":"2025-05-19T21:18:10","date_gmt":"2025-05-19T21:18:10","guid":{"rendered":"https:\/\/electricstore.eu\/product\/uncategorized\/kukirin-g2pro-45km-h-1000w-48v-15-6ah-58km-off-road-kick-scooter\/"},"modified":"2025-05-20T13:06:26","modified_gmt":"2025-05-20T13:06:26","slug":"kukirin-g2pro-45km-h-1000w-48v-15-6ah-58km-off-road-kick-scooter","status":"publish","type":"product","link":"https:\/\/www.electricstore.eu\/fi\/p\/scooters\/electric-off-road-scooter\/kukirin-g2pro-45km-h-1000w-48v-15-6ah-58km-off-road-kick-scooter\/","title":{"rendered":"KuKirin G2 Pro 1000W 48V 15.6Ah 45KM\/H 58KM 9\u2033 maastopotkulauta"},"content":{"rendered":"<div class=\"product-specs-list-container\">\n<ul class=\"product-specs-list util-clearfix\">\n<li class=\"product-prop line-limit-length\"><span\n                                        class=\"property-title\">Renkaan koko:&nbsp;<\/span><span\n                                        class=\"property-desc line-limit-length\">9 tuumaa<\/span>\n                            <\/li>\n<li class=\"product-prop line-limit-length\"><span\n                                        class=\"property-title\">Mallinumero:&nbsp;<\/span><span\n                                        class=\"property-desc line-limit-length\">KuKirin G2 Pro<\/span>\n                            <\/li>\n<li class=\"product-prop line-limit-length\"><span\n                                        class=\"property-title\">Luokka:&nbsp;<\/span><span\n                                        class=\"property-desc line-limit-length\">Kaksipy\u00f6r\u00e4inen skootteri<\/span>\n                            <\/li>\n<li class=\"product-prop line-limit-length\"><span\n                                        class=\"property-title\">Sovellettavat henkil\u00f6t:&nbsp;<\/span><span\n                                        class=\"property-desc line-limit-length\">Unisex<\/span>\n                            <\/li>\n<li class=\"product-prop line-limit-length\"><span\n                                        class=\"property-title\">Kantama per lataus:&nbsp;<\/span><span\n                                        class=\"property-desc line-limit-length\">40\u201360 km<\/span>\n                            <\/li>\n<li class=\"product-prop line-limit-length\"><span\n                                        class=\"property-title\">Latausaika:&nbsp;<\/span><span\n                                        class=\"property-desc line-limit-length\">6\u20138 tuntia<\/span>\n                            <\/li>\n<li class=\"product-prop line-limit-length\"><span\n                                        class=\"property-title\">J\u00e4nnite:&nbsp;<\/span><span\n                                        class=\"property-desc line-limit-length\">48v<\/span>\n                            <\/li>\n<li class=\"product-prop line-limit-length\"><span\n                                        class=\"property-title\">Taitettu:&nbsp;<\/span><span\n                                        class=\"property-desc line-limit-length\">KYLL\u00c4<\/span>\n                            <\/li>\n<li class=\"product-prop line-limit-length\"><span\n                                        class=\"property-title\">Teho (W):&nbsp;<\/span><span\n                                        class=\"property-desc line-limit-length\">501\u20131000 W<\/span>\n                            <\/li>\n<li class=\"product-prop line-limit-length\"><span\n                                        class=\"property-title\">Alkuper\u00e4:&nbsp;<\/span><span\n                                        class=\"property-desc line-limit-length\">Manner-Kiina<\/span>\n                            <\/li>\n<li class=\"product-prop line-limit-length\"><span\n                                        class=\"property-title\">Suurin moottori:&nbsp;<\/span><span\n                                        class=\"property-desc line-limit-length\">1000 W<\/span>\n                            <\/li>\n<li class=\"product-prop line-limit-length\"><span\n                                        class=\"property-title\">suurin kantama:&nbsp;<\/span><span\n                                        class=\"property-desc line-limit-length\">58 KM<\/span>\n                            <\/li>\n<li class=\"product-prop line-limit-length\"><span\n                                        class=\"property-title\">maksiminopeus:&nbsp;<\/span><span\n                                        class=\"property-desc line-limit-length\">45 km\/h<\/span>\n                            <\/li>\n<li class=\"product-prop line-limit-length\"><span\n                                        class=\"property-title\">Maksimikuormitus:&nbsp;<\/span><span\n                                        class=\"property-desc line-limit-length\">120 kg<\/span>\n                            <\/li>\n<li class=\"product-prop line-limit-length\"><span\n                                        class=\"property-title\">1., 2., 3. (tyhj\u00e4k\u00e4ynti):&nbsp;<\/span><span\n                                        class=\"property-desc line-limit-length\">23km\/h, 43km\/h, 55km\/h<\/span>\n                            <\/li>\n<li class=\"product-prop line-limit-length\"><span\n                                        class=\"property-title\">Kiipeilykyky:&nbsp;<\/span><span\n                                        class=\"property-desc line-limit-length\">\u226419\u00b0 kaltevuus<\/span>\n                            <\/li>\n<li class=\"product-prop line-limit-length\"><span\n                                        class=\"property-title\">Jarruj\u00e4rjestelm\u00e4:&nbsp;<\/span><span\n                                        class=\"property-desc line-limit-length\">Etu- ja takalevyjarrut ja s\u00e4hk\u00f6jarrut<\/span>\n                            <\/li>\n<li class=\"product-prop line-limit-length\"><span\n                                        class=\"property-title\">Akku:&nbsp;<\/span><span\n                                        class=\"property-desc line-limit-length\">48 V 15,6 Ah<\/span>\n                            <\/li>\n<li class=\"product-prop line-limit-length\"><span\n                                        class=\"property-title\">Etuiskunvaimennin:&nbsp;<\/span><span\n                                        class=\"property-desc line-limit-length\">Jousi-iskun adsorptio<\/span>\n                            <\/li>\n<li class=\"product-prop line-limit-length\"><span\n                                        class=\"property-title\">Takaiskunvaimennin:&nbsp;<\/span><span\n                                        class=\"property-desc line-limit-length\">Jousi-iskun adsorptio<\/span>\n                            <\/li>\n<li class=\"product-prop line-limit-length\"><span\n                                        class=\"property-title\">Todistus:&nbsp;<\/span><span\n                                        class=\"property-desc line-limit-length\"><\/span>\n                            <\/li>\n<\/ul><\/div>\n<h1 style=\"text-align:center\" align=\"center\"><strong>Kukirin G2 Pro Electric Scooter Adult 45KM\/H Speed 1000W Motor 48V 15.6Ah Battery 58KM Max Range 9-inch Rubber Vacuum Tires Off-road Kick scooter Detachable Seat<\/strong><\/h1>\n<p><strong><span style=\"color:rgb(25, 25, 25);font-size:24px;font-family:&quot;TT Norms Pro&quot;, &quot;Open Sans&quot;, Roboto, Arial, Helvetica, sans-serif, SimSun\">Kuvaus:<\/span><\/strong><\/p>\n<p><span style=\"color:rgb(0, 0, 0);font-size:14px;font-family:OpenSans\">Huippunopeus: 45 km\/h<\/span><br \/><span style=\"color:rgb(0, 0, 0);font-size:14px;font-family:OpenSans\">1st, 2nd, 3rd (idling): 23km\/h, 43km\/h, 55km\/h<\/span><br \/><span style=\"color:rgb(0, 0, 0);font-size:14px;font-family:OpenSans\">1st, 2nd, 3rd (65kg load): 20km\/h, 40km\/h, 45km\/h<\/span><br \/><span style=\"color:rgb(0, 0, 0);font-size:14px;font-family:OpenSans\">Middle speed mileage (65kg load): \u226458km<\/span><br \/><span style=\"color:rgb(0, 0, 0);font-size:14px;font-family:OpenSans\">Climbing ability: \u226419\u00b0 slope<\/span><br \/><span style=\"color:rgb(0, 0, 0);font-size:14px;font-family:OpenSans\">Jarruj\u00e4rjestelm\u00e4: Etu- ja takalevyjarrut ja s\u00e4hk\u00f6jarrut<\/span><br \/><span style=\"color:rgb(0, 0, 0);font-size:14px;font-family:OpenSans\">Jarrutusmatka: 5-12m<\/span><br \/><span style=\"color:rgb(0, 0, 0);font-size:14px;font-family:OpenSans\">Vedenpit\u00e4vyystaso: IP54<\/span><br \/><span style=\"color:rgb(0, 0, 0);font-size:14px;font-family:OpenSans\">Moottorityyppi: Harjaton Hall-tasavirtamoottori (takapy\u00f6r\u00e4veto)<\/span><br \/><span style=\"color:rgb(0, 0, 0);font-size:14px;font-family:OpenSans\">Motor Rated Power: 600W (Max 1000W)<\/span><br \/><span style=\"color:rgb(0, 0, 0);font-size:14px;font-family:OpenSans\">Suurin l\u00e4ht\u00f6momentti: 22 Nm<\/span><br \/><span style=\"color:rgb(0, 0, 0);font-size:14px;font-family:OpenSans\">Akku: 48 V 15,6 Ah<\/span><br \/><span style=\"color:rgb(0, 0, 0);font-size:14px;font-family:OpenSans\">Laturin tuloj\u00e4nnite: 100\u2013240 VAC~50\/60 Hz<\/span><br \/><span style=\"color:rgb(0, 0, 0);font-size:14px;font-family:OpenSans\">Latausaika: 7-8 tuntia<\/span><br \/><span style=\"color:rgb(0, 0, 0);font-size:14px;font-family:OpenSans\">Etuiskunvaimennin: Jousi-iskunvaimennin<\/span><br \/><span style=\"color:rgb(0, 0, 0);font-size:14px;font-family:OpenSans\">Takaiskunvaimennin: Jousi-iskunvaimennin<\/span><br \/><span style=\"color:rgb(0, 0, 0);font-size:14px;font-family:OpenSans\">Ajovalojen tyyppi: LED<\/span><br \/><span style=\"color:rgb(0, 0, 0);font-size:14px;font-family:OpenSans\">Ajovalojen teho: 6W<\/span><br \/><span style=\"color:rgb(0, 0, 0);font-size:14px;font-family:OpenSans\">Ajovalojen valaistuskulma: 45\u00b0<\/span><br \/><span style=\"color:rgb(0, 0, 0);font-size:14px;font-family:OpenSans\">Ajovalojen valaistusalue: 5\u33a1<\/span><br \/><span style=\"color:rgb(0, 0, 0);font-size:14px;font-family:OpenSans\">Suuntavalo: Kyll\u00e4<\/span><br \/><span style=\"color:rgb(0, 0, 0);font-size:14px;font-family:OpenSans\">Takavalo: Kyll\u00e4, takavalot palavat ajovalojen ollessa p\u00e4\u00e4ll\u00e4, takavalo vilkkuu jarrutettaessa.<\/span><br \/><span style=\"color:rgb(0, 0, 0);font-size:14px;font-family:OpenSans\">Rengas 9-tuumainen imurengas<\/span><br \/><span style=\"color:rgb(0, 0, 0);font-size:14px;font-family:OpenSans\">Laitetyyppi: LED<\/span><\/p>\n<p><\/p>\n<p style=\"font-family:&quot;Microsoft YaHei&quot;;font-size:14px;font-weight:400;letter-spacing:normal;line-height:inherit;text-align:start;white-space:normal;color:rgb(0, 0, 0);margin:0px;margin-bottom:0px;margin-top:0px;margin-left:0px;margin-right:0px;padding:0px;padding-bottom:0px;padding-top:0px;padding-left:0px;padding-right:0px;box-sizing:border-box\" align=\"start\"><strong><span style=\"font-size:16px;font-family:arial, helvetica, sans-serif\">Powerful Motor<\/span><\/strong><\/p>\n<p style=\"font-family:&quot;Microsoft YaHei&quot;;font-size:medium;font-weight:400;letter-spacing:normal;line-height:inherit;text-align:start;white-space:normal;color:rgb(0, 0, 0);margin:0px;margin-bottom:0px;margin-top:0px;margin-left:0px;margin-right:0px;padding:0px;padding-bottom:0px;padding-top:0px;padding-left:0px;padding-right:0px;box-sizing:border-box\" align=\"start\"><span style=\"font-size:16px;font-family:arial, helvetica, sans-serif\">KuKirin G2 Pro Electric Scooter 2024 Version has a 600W brushless powerful motor, enjoys extremely fast soaring, 3-speed speed mode, the maximum speed can reach 45km\/h, making the riding more arbitrary.\u00a0<\/span><\/p>\n<div style=\"font-family:&quot;Open Sans&quot;, Arial, Helvetica, sans-serif, Heiti;font-size:14px;font-weight:400;letter-spacing:normal;text-align:start;white-space:normal;color:rgb(0, 0, 0);margin:0px;margin-bottom:0px;margin-top:0px;margin-left:0px;margin-right:0px;padding:0px;padding-bottom:0px;padding-top:0px;padding-left:0px;padding-right:0px;box-sizing:content-box\" align=\"start\"><\/div>\n<p style=\"font-family:&quot;Microsoft YaHei&quot;;font-size:14px;font-weight:400;letter-spacing:normal;line-height:inherit;text-align:start;white-space:normal;color:rgb(0, 0, 0);margin:0px;margin-bottom:0px;margin-top:0px;margin-left:0px;margin-right:0px;padding:0px;padding-bottom:0px;padding-top:0px;padding-left:0px;padding-right:0px;box-sizing:border-box\" align=\"start\"><strong><span style=\"font-size:16px;font-family:arial, helvetica, sans-serif\">High-quality Battery<\/span><\/strong><\/p>\n<p style=\"font-family:&quot;Microsoft YaHei&quot;;font-size:medium;font-weight:400;letter-spacing:normal;line-height:inherit;text-align:start;white-space:normal;color:rgb(0, 0, 0);margin:0px;margin-bottom:0px;margin-top:0px;margin-left:0px;margin-right:0px;padding:0px;padding-bottom:0px;padding-top:0px;padding-left:0px;padding-right:0px;box-sizing:border-box\" align=\"start\"><span style=\"font-size:16px;font-family:arial, helvetica, sans-serif\">48V 15.6AH high-capacity lithium-ion battery, high-quality power-type lithium-ion battery, continuous high-rate current output capability, providing 58km long mileage. \u00a0 \u00a0 \u00a0 \u00a0 \u00a0 \u00a0\u00a0<\/span><\/p>\n<div style=\"font-family:&quot;Open Sans&quot;, Arial, Helvetica, sans-serif, Heiti;font-size:14px;font-weight:400;letter-spacing:normal;text-align:start;white-space:normal;color:rgb(0, 0, 0);margin:0px;margin-bottom:0px;margin-top:0px;margin-left:0px;margin-right:0px;padding:0px;padding-bottom:0px;padding-top:0px;padding-left:0px;padding-right:0px;box-sizing:content-box\" align=\"start\"><\/div>\n<p style=\"font-family:&quot;Microsoft YaHei&quot;;font-size:14px;font-weight:400;letter-spacing:normal;line-height:inherit;text-align:start;white-space:normal;color:rgb(0, 0, 0);margin:0px;margin-bottom:0px;margin-top:0px;margin-left:0px;margin-right:0px;padding:0px;padding-bottom:0px;padding-top:0px;padding-left:0px;padding-right:0px;box-sizing:border-box\" align=\"start\"><strong><span style=\"font-size:16px;font-family:arial, helvetica, sans-serif\">Jarruj\u00e4rjestelm\u00e4<\/span><\/strong><\/p>\n<p style=\"font-family:&quot;Microsoft YaHei&quot;;font-size:medium;font-weight:400;letter-spacing:normal;line-height:inherit;text-align:start;white-space:normal;color:rgb(0, 0, 0);margin:0px;margin-bottom:0px;margin-top:0px;margin-left:0px;margin-right:0px;padding:0px;padding-bottom:0px;padding-top:0px;padding-left:0px;padding-right:0px;box-sizing:border-box\" align=\"start\"><span style=\"font-size:16px;font-family:arial, helvetica, sans-serif\">Front and rear double disc brakes, you can stop if you want, you can walk if you want, go wild! No fear of high speed, giving you the confidence to stop when you want. \u00a0 \u00a0<\/span><\/p>\n<div style=\"font-family:&quot;Open Sans&quot;, Arial, Helvetica, sans-serif, Heiti;font-size:14px;font-weight:400;letter-spacing:normal;text-align:start;white-space:normal;color:rgb(0, 0, 0);margin:0px;margin-bottom:0px;margin-top:0px;margin-left:0px;margin-right:0px;padding:0px;padding-bottom:0px;padding-top:0px;padding-left:0px;padding-right:0px;box-sizing:content-box\" align=\"start\"><\/div>\n<p style=\"font-family:&quot;Microsoft YaHei&quot;;font-size:14px;font-weight:400;letter-spacing:normal;line-height:inherit;text-align:start;white-space:normal;color:rgb(0, 0, 0);margin:0px;margin-bottom:0px;margin-top:0px;margin-left:0px;margin-right:0px;padding:0px;padding-bottom:0px;padding-top:0px;padding-left:0px;padding-right:0px;box-sizing:border-box\" align=\"start\"><strong><span style=\"font-size:16px;font-family:arial, helvetica, sans-serif\">Front and Rear Double Spring Shock Absorber System<\/span><\/strong><\/p>\n<p style=\"font-family:&quot;Microsoft YaHei&quot;;font-size:medium;font-weight:400;letter-spacing:normal;line-height:inherit;text-align:start;white-space:normal;color:rgb(0, 0, 0);margin:0px;margin-bottom:0px;margin-top:0px;margin-left:0px;margin-right:0px;padding:0px;padding-bottom:0px;padding-top:0px;padding-left:0px;padding-right:0px;box-sizing:border-box\" align=\"start\"><span style=\"font-size:16px;font-family:arial, helvetica, sans-serif\">The finely tuned spring shock absorber can effectively buffer the bumps brought by the complex terrain, you can drive it to ride on the rough road and maximize your travel fun.\u00a0<\/span><\/p>\n<div style=\"font-family:&quot;Open Sans&quot;, Arial, Helvetica, sans-serif, Heiti;font-size:14px;font-weight:400;letter-spacing:normal;text-align:start;white-space:normal;color:rgb(0, 0, 0);margin:0px;margin-bottom:0px;margin-top:0px;margin-left:0px;margin-right:0px;padding:0px;padding-bottom:0px;padding-top:0px;padding-left:0px;padding-right:0px;box-sizing:content-box\" align=\"start\"><\/div>\n<p style=\"font-family:&quot;Microsoft YaHei&quot;;font-size:14px;font-weight:400;letter-spacing:normal;line-height:inherit;text-align:start;white-space:normal;color:rgb(0, 0, 0);margin:0px;margin-bottom:0px;margin-top:0px;margin-left:0px;margin-right:0px;padding:0px;padding-bottom:0px;padding-top:0px;padding-left:0px;padding-right:0px;box-sizing:border-box\" align=\"start\"><strong><span style=\"font-size:16px;font-family:arial, helvetica, sans-serif\">9-inch Tires<\/span><\/strong><\/p>\n<p style=\"font-family:&quot;Microsoft YaHei&quot;;font-size:medium;font-weight:400;letter-spacing:normal;line-height:inherit;text-align:start;white-space:normal;color:rgb(0, 0, 0);margin:0px;margin-bottom:0px;margin-top:0px;margin-left:0px;margin-right:0px;padding:0px;padding-bottom:0px;padding-top:0px;padding-left:0px;padding-right:0px;box-sizing:border-box\" align=\"start\"><span style=\"font-size:16px;font-family:arial, helvetica, sans-serif\">9-inch rubber vacuum tires, with a large coverage area, will not fall into mud in rainy days, good shock absorption, good grip, no fear of complex road conditions, giving you the confidence to go when you want.<\/span><\/p>\n<div style=\"font-family:&quot;Open Sans&quot;, Arial, Helvetica, sans-serif, Heiti;font-size:14px;font-weight:400;letter-spacing:normal;text-align:start;white-space:normal;color:rgb(0, 0, 0);margin:0px;margin-bottom:0px;margin-top:0px;margin-left:0px;margin-right:0px;padding:0px;padding-bottom:0px;padding-top:0px;padding-left:0px;padding-right:0px;box-sizing:content-box\" align=\"start\"><\/div>\n<p style=\"font-family:&quot;Microsoft YaHei&quot;;font-size:14px;font-weight:400;letter-spacing:normal;line-height:inherit;text-align:start;white-space:normal;color:rgb(0, 0, 0);margin:0px;margin-bottom:0px;margin-top:0px;margin-left:0px;margin-right:0px;padding:0px;padding-bottom:0px;padding-top:0px;padding-left:0px;padding-right:0px;box-sizing:border-box\" align=\"start\"><strong><span style=\"font-size:16px;font-family:arial, helvetica, sans-serif\">LED Lighting System<\/span><\/strong><\/p>\n<p style=\"font-family:&quot;Microsoft YaHei&quot;;font-size:medium;font-weight:400;letter-spacing:normal;line-height:inherit;text-align:start;white-space:normal;color:rgb(0, 0, 0);margin:0px;margin-bottom:0px;margin-top:0px;margin-left:0px;margin-right:0px;padding:0px;padding-bottom:0px;padding-top:0px;padding-left:0px;padding-right:0px;box-sizing:border-box\" align=\"start\"><span style=\"font-size:16px;font-family:arial, helvetica, sans-serif\">6 lights system in the whole car, to illuminate you and protect your safety, 1 headlight + 2 front side lights + 3 tail lights brake lights, which can not only illuminate the road ahead for you but also protect you Left and right and rear security. \u00a0 \u00a0 \u00a0 \u00a0 \u00a0 \u00a0<\/span><\/p>\n<div style=\"font-family:&quot;Open Sans&quot;, Arial, Helvetica, sans-serif, Heiti;font-size:14px;font-weight:400;letter-spacing:normal;text-align:start;white-space:normal;color:rgb(0, 0, 0);margin:0px;margin-bottom:0px;margin-top:0px;margin-left:0px;margin-right:0px;padding:0px;padding-bottom:0px;padding-top:0px;padding-left:0px;padding-right:0px;box-sizing:content-box\" align=\"start\"><\/div>\n<p style=\"font-family:&quot;Microsoft YaHei&quot;;font-size:14px;font-weight:400;letter-spacing:normal;line-height:inherit;text-align:start;white-space:normal;color:rgb(0, 0, 0);margin:0px;margin-bottom:0px;margin-top:0px;margin-left:0px;margin-right:0px;padding:0px;padding-bottom:0px;padding-top:0px;padding-left:0px;padding-right:0px;box-sizing:border-box\" align=\"start\"><strong><span style=\"font-size:16px;font-family:arial, helvetica, sans-serif\">Quick Folding<\/span><\/strong><\/p>\n<p style=\"font-family:&quot;Microsoft YaHei&quot;;font-size:medium;font-weight:400;letter-spacing:normal;line-height:inherit;text-align:start;white-space:normal;color:rgb(0, 0, 0);margin:0px;margin-bottom:0px;margin-top:0px;margin-left:0px;margin-right:0px;padding:0px;padding-bottom:0px;padding-top:0px;padding-left:0px;padding-right:0px;box-sizing:border-box\" align=\"start\"><span style=\"font-size:16px;font-family:arial, helvetica, sans-serif\">The design of the folding place is simple and easy to operate, which is convenient for you to carry it in other vehicles.<\/span><\/p>\n<p><img decoding=\"async\" src=\"https:\/\/ae01.alicdn.com\/kf\/Sbb096dc8e55945b885445d9ba1c39d06Y.jpg\" slate-data-type=\"image\"\/><img decoding=\"async\" src=\"https:\/\/ae01.alicdn.com\/kf\/S34789e29ffd549e68f826130c3d366aah.jpg\" slate-data-type=\"image\"\/><img decoding=\"async\" src=\"https:\/\/ae01.alicdn.com\/kf\/S686ca120ab7943c18982b2a2bfc2352b8.jpg\" slate-data-type=\"image\"\/><img decoding=\"async\" src=\"https:\/\/ae01.alicdn.com\/kf\/S943c7cbeffaa4b259bfe3a6fb82c53d1j.jpg\" slate-data-type=\"image\"\/><img decoding=\"async\" src=\"https:\/\/ae01.alicdn.com\/kf\/S7cb55e4682984d89b98522be0bef5095k.jpg\" slate-data-type=\"image\"\/><img decoding=\"async\" src=\"https:\/\/ae01.alicdn.com\/kf\/Sdbff02b76d9d4df5ba39914b98a580e9h.jpg\" slate-data-type=\"image\"\/><img decoding=\"async\" src=\"https:\/\/ae01.alicdn.com\/kf\/S80d0c6c9386945359f05b3a181979b00s.jpg\" slate-data-type=\"image\"\/><img decoding=\"async\" src=\"https:\/\/ae01.alicdn.com\/kf\/S12a26d4d1c834bd791900f06c3a1a4d0g.jpg\" slate-data-type=\"image\"\/><img decoding=\"async\" src=\"https:\/\/ae01.alicdn.com\/kf\/S3967faa9764e4747aa6c36db2d6e00697.jpg\" slate-data-type=\"image\"\/><img decoding=\"async\" src=\"https:\/\/ae01.alicdn.com\/kf\/Sde07cad3139b45dfb18ea70848c16c66e.jpg\" slate-data-type=\"image\"\/><img decoding=\"async\" src=\"https:\/\/ae01.alicdn.com\/kf\/S1a6ea048d8364756a9035aa2ac382b27s.jpg\" slate-data-type=\"image\"\/><img decoding=\"async\" src=\"https:\/\/ae01.alicdn.com\/kf\/Sfeb4a2b78c4b49578387f15e4e07ad23X.jpg\" slate-data-type=\"image\"\/><img decoding=\"async\" src=\"https:\/\/ae01.alicdn.com\/kf\/S2e557031d8a442fa928cce49ca9ec049w.jpg\" slate-data-type=\"image\"\/><img decoding=\"async\" src=\"https:\/\/ae01.alicdn.com\/kf\/S6d62bc5fafa244f1ab2eb6df73ede7a42.jpg\" slate-data-type=\"image\"\/><img decoding=\"async\" src=\"https:\/\/ae01.alicdn.com\/kf\/S67c5c2fc4790408ea45e847f856afa631.jpg\" slate-data-type=\"image\"\/><img decoding=\"async\" src=\"https:\/\/ae01.alicdn.com\/kf\/Sb1fdae96e910414fbcc23967e94f9508q.jpg\" slate-data-type=\"image\"\/><img decoding=\"async\" src=\"https:\/\/ae01.alicdn.com\/kf\/Sb7d454ee778e43108e63485961295b236.jpg\" slate-data-type=\"image\"\/><img decoding=\"async\" src=\"https:\/\/ae01.alicdn.com\/kf\/S55742d8867104dfc90837aefe0eb9fc5B.jpg\" slate-data-type=\"image\"\/><\/p>","protected":false},"excerpt":{"rendered":"<p>Tire Size:&nbsp;9 inch Model Number:&nbsp;KuKirin G2 Pro Category:&nbsp;Two-wheel Scooter Applicable People:&nbsp;Unisex Range Per Charge:&nbsp;40-60km Charging Time:&nbsp;6-8h Voltage:&nbsp;48v Folded:&nbsp;YES Power (W):&nbsp;501-1000w Origin:&nbsp;Mainland China max motor:&nbsp;1000W max range:&nbsp;58 KM max speed:&nbsp;45km\/h max<\/p>","protected":false},"featured_media":8725,"comment_status":"open","ping_status":"closed","template":"","meta":{"_acf_changed":false},"product_brand":[],"product_cat":[468,471],"product_tag":[],"class_list":{"0":"post-8724","1":"product","2":"type-product","3":"status-publish","4":"has-post-thumbnail","6":"product_cat-electric-off-road-scooter","7":"product_cat-electric-scooters-with-seat","9":"first","10":"instock","11":"shipping-taxable","12":"purchasable","13":"product-type-simple"},"acf":[],"_links":{"self":[{"href":"https:\/\/www.electricstore.eu\/fi\/wp-json\/wp\/v2\/product\/8724","targetHints":{"allow":["GET"]}}],"collection":[{"href":"https:\/\/www.electricstore.eu\/fi\/wp-json\/wp\/v2\/product"}],"about":[{"href":"https:\/\/www.electricstore.eu\/fi\/wp-json\/wp\/v2\/types\/product"}],"replies":[{"embeddable":true,"href":"https:\/\/www.electricstore.eu\/fi\/wp-json\/wp\/v2\/comments?post=8724"}],"wp:featuredmedia":[{"embeddable":true,"href":"https:\/\/www.electricstore.eu\/fi\/wp-json\/wp\/v2\/media\/8725"}],"wp:attachment":[{"href":"https:\/\/www.electricstore.eu\/fi\/wp-json\/wp\/v2\/media?parent=8724"}],"wp:term":[{"taxonomy":"product_brand","embeddable":true,"href":"https:\/\/www.electricstore.eu\/fi\/wp-json\/wp\/v2\/product_brand?post=8724"},{"taxonomy":"product_cat","embeddable":true,"href":"https:\/\/www.electricstore.eu\/fi\/wp-json\/wp\/v2\/product_cat?post=8724"},{"taxonomy":"product_tag","embeddable":true,"href":"https:\/\/www.electricstore.eu\/fi\/wp-json\/wp\/v2\/product_tag?post=8724"}],"curies":[{"name":"wp","href":"https:\/\/api.w.org\/{rel}","templated":true}]}}