{"id":8540,"date":"2025-05-19T20:31:52","date_gmt":"2025-05-19T20:31:52","guid":{"rendered":"https:\/\/electricstore.eu\/product\/uncategorized\/x7pro-3600w-dual-motor-48v21ah-battery-60km-65km-h\/"},"modified":"2025-05-21T05:41:25","modified_gmt":"2025-05-21T05:41:25","slug":"x7pro-3600w-dual-motor-48v21ah-battery-60km-65km-h","status":"publish","type":"product","link":"https:\/\/www.electricstore.eu\/fi\/p\/scooters\/electric-off-road-scooter\/x7pro-3600w-dual-motor-48v21ah-battery-60km-65km-h\/","title":{"rendered":"Linksports X7pro 3600W 48V 21Ah 60-65km\/h 45-80km 10\u2033 s\u00e4hk\u00f6potkulauta"},"content":{"rendered":"<div class=\"product-specs-list-container\">\n<ul class=\"product-specs-list util-clearfix\">\n<li class=\"product-prop line-limit-length\"><span\n                                        class=\"property-title\">Renkaan koko:&nbsp;<\/span><span\n                                        class=\"property-desc line-limit-length\">10 tuumaa<\/span>\n                            <\/li>\n<li class=\"product-prop line-limit-length\"><span\n                                        class=\"property-title\">Mallinumero:&nbsp;<\/span><span\n                                        class=\"property-desc line-limit-length\">X7pro<\/span>\n                            <\/li>\n<li class=\"product-prop line-limit-length\"><span\n                                        class=\"property-title\">Luokka:&nbsp;<\/span><span\n                                        class=\"property-desc line-limit-length\">Kaksipy\u00f6r\u00e4inen skootteri<\/span>\n                            <\/li>\n<li class=\"product-prop line-limit-length\"><span\n                                        class=\"property-title\">Sovellettavat henkil\u00f6t:&nbsp;<\/span><span\n                                        class=\"property-desc line-limit-length\">Unisex<\/span>\n                            <\/li>\n<li class=\"product-prop line-limit-length\"><span\n                                        class=\"property-title\">Kantama per lataus:&nbsp;<\/span><span\n                                        class=\"property-desc line-limit-length\">60\u201380 km<\/span>\n                            <\/li>\n<li class=\"product-prop line-limit-length\"><span\n                                        class=\"property-title\">Latausaika:&nbsp;<\/span><span\n                                        class=\"property-desc line-limit-length\">klo 8\u201310<\/span>\n                            <\/li>\n<li class=\"product-prop line-limit-length\"><span\n                                        class=\"property-title\">J\u00e4nnite:&nbsp;<\/span><span\n                                        class=\"property-desc line-limit-length\">48v<\/span>\n                            <\/li>\n<li class=\"product-prop line-limit-length\"><span\n                                        class=\"property-title\">Taitettu:&nbsp;<\/span><span\n                                        class=\"property-desc line-limit-length\">KYLL\u00c4<\/span>\n                            <\/li>\n<li class=\"product-prop line-limit-length\"><span\n                                        class=\"property-title\">Alkuper\u00e4:&nbsp;<\/span><span\n                                        class=\"property-desc line-limit-length\">Manner-Kiina<\/span>\n                            <\/li>\n<li class=\"product-prop line-limit-length\"><span\n                                        class=\"property-title\">Teho (W):&nbsp;<\/span><span\n                                        class=\"property-desc line-limit-length\">1001\u20132000 W<\/span>\n                            <\/li>\n<li class=\"product-prop line-limit-length\"><span\n                                        class=\"property-title\">Alkuper\u00e4paikka:&nbsp;<\/span><span\n                                        class=\"property-desc line-limit-length\">Kiina<\/span>\n                            <\/li>\n<li class=\"product-prop line-limit-length\"><span\n                                        class=\"property-title\">Merkki:&nbsp;<\/span><span\n                                        class=\"property-desc line-limit-length\">linkkiurheilu<\/span>\n                            <\/li>\n<li class=\"product-prop line-limit-length\"><span\n                                        class=\"property-title\">Mallinumero:&nbsp;<\/span><span\n                                        class=\"property-desc line-limit-length\">X7pro<\/span>\n                            <\/li>\n<li class=\"product-prop line-limit-length\"><span\n                                        class=\"property-title\">Latausaika:&nbsp;<\/span><span\n                                        class=\"property-desc line-limit-length\">klo 9\u201311<\/span>\n                            <\/li>\n<li class=\"product-prop line-limit-length\"><span\n                                        class=\"property-title\">Taitettava:&nbsp;<\/span><span\n                                        class=\"property-desc line-limit-length\">Kyll\u00e4<\/span>\n                            <\/li>\n<li class=\"product-prop line-limit-length\"><span\n                                        class=\"property-title\">Kantama per lataus:&nbsp;<\/span><span\n                                        class=\"property-desc line-limit-length\">45\u201360 km<\/span>\n                            <\/li>\n<li class=\"product-prop line-limit-length\"><span\n                                        class=\"property-title\">Suurin nopeus:&nbsp;<\/span><span\n                                        class=\"property-desc line-limit-length\">60\u201365 km\/h<\/span>\n                            <\/li>\n<li class=\"product-prop line-limit-length\"><span\n                                        class=\"property-title\">Luokka:&nbsp;<\/span><span\n                                        class=\"property-desc line-limit-length\">Kaksipy\u00f6r\u00e4inen skootteri<\/span>\n                            <\/li>\n<li class=\"product-prop line-limit-length\"><span\n                                        class=\"property-title\">Soveltuu v\u00e4kijoukkoon:&nbsp;<\/span><span\n                                        class=\"property-desc line-limit-length\">Unisex<\/span>\n                            <\/li>\n<li class=\"product-prop line-limit-length\"><span\n                                        class=\"property-title\">\u00c4lyk\u00e4s tyyppi:&nbsp;<\/span><span\n                                        class=\"property-desc line-limit-length\">Elektroninen, digitaalinen<\/span>\n                            <\/li>\n<li class=\"product-prop line-limit-length\"><span\n                                        class=\"property-title\">Akun kapasiteetti:&nbsp;<\/span><span\n                                        class=\"property-desc line-limit-length\">21AH<\/span>\n                            <\/li>\n<li class=\"product-prop line-limit-length\"><span\n                                        class=\"property-title\">Patentoitu tuote:&nbsp;<\/span><span\n                                        class=\"property-desc line-limit-length\">EI<\/span>\n                            <\/li>\n<li class=\"product-prop line-limit-length\"><span\n                                        class=\"property-title\">Tuotteen nimi:&nbsp;<\/span><span\n                                        class=\"property-desc line-limit-length\">2-py\u00f6r\u00e4inen s\u00e4hk\u00f6potkulauta<\/span>\n                            <\/li>\n<li class=\"product-prop line-limit-length\"><span\n                                        class=\"property-title\">Moottorin teho:&nbsp;<\/span><span\n                                        class=\"property-desc line-limit-length\">1800 W:n kaksoismoottori<\/span>\n                            <\/li>\n<li class=\"product-prop line-limit-length\"><span\n                                        class=\"property-title\">Akku:&nbsp;<\/span><span\n                                        class=\"property-desc line-limit-length\">48 V 21 Ah litiumakku<\/span>\n                            <\/li>\n<li class=\"product-prop line-limit-length\"><span\n                                        class=\"property-title\">Maksimikuormitus:&nbsp;<\/span><span\n                                        class=\"property-desc line-limit-length\">150 kg<\/span>\n                            <\/li>\n<li class=\"product-prop line-limit-length\"><span\n                                        class=\"property-title\">Kiipeilykapasiteetti:&nbsp;<\/span><span\n                                        class=\"property-desc line-limit-length\">35 astetta<\/span>\n                            <\/li>\n<li class=\"product-prop line-limit-length\"><span\n                                        class=\"property-title\">Renkaan koko:&nbsp;<\/span><span\n                                        class=\"property-desc line-limit-length\">10 tuuman ilmarenkaat sis\u00e4renkailla<\/span>\n                            <\/li>\n<li class=\"product-prop line-limit-length\"><span\n                                        class=\"property-title\">Jousitus:&nbsp;<\/span><span\n                                        class=\"property-desc line-limit-length\">C-tyypin iskunvaimennus<\/span>\n                            <\/li>\n<li class=\"product-prop line-limit-length\"><span\n                                        class=\"property-title\">Alue:&nbsp;<\/span><span\n                                        class=\"property-desc line-limit-length\">45\u201360 km<\/span>\n                            <\/li>\n<li class=\"product-prop line-limit-length\"><span\n                                        class=\"property-title\">Jarruj\u00e4rjestelm\u00e4:&nbsp;<\/span><span\n                                        class=\"property-desc line-limit-length\">Etu- ja takalevyjarru<\/span>\n                            <\/li>\n<li class=\"product-prop line-limit-length\"><span\n                                        class=\"property-title\">Nopeus:&nbsp;<\/span><span\n                                        class=\"property-desc line-limit-length\">60\u201365 km\/h<\/span>\n                            <\/li>\n<li class=\"product-prop line-limit-length\"><span\n                                        class=\"property-title\">Todistus:&nbsp;<\/span><span\n                                        class=\"property-desc line-limit-length\"><\/span>\n                            <\/li>\n<\/ul><\/div>\n<div class=\"detailmodule_html\">\n<div class=\"detail-desc-decorate-richtext\">\n<div id=\"detail_decorate_root\">\n<div>\u00a0<\/div>\n<div>\n<div id=\"ali-anchor-AliMagic-s1ohjm\">Tuotekuvaus<\/div>\n<\/div>\n<div>\n<div>\n<div><img decoding=\"async\" class=\"magic-3\" src=\"https:\/\/ae01.alicdn.com\/kf\/S466a284653fb423dbcbfd4742308a8bbI.jpg?width=1200&amp;height=1200&amp;hash=2400\" slate-data-type=\"image\"\/><\/div>\n<div><img decoding=\"async\" class=\"magic-3\" src=\"https:\/\/ae01.alicdn.com\/kf\/S5ee773dc92d549eba044e81f8005fb2fH.jpg?width=1200&amp;height=1200&amp;hash=2400\" slate-data-type=\"image\"\/><\/div>\n<div><img decoding=\"async\" class=\"magic-3\" src=\"https:\/\/ae01.alicdn.com\/kf\/Sa4628f4b1df444a9aa4810797b533a52K.jpg?width=1200&amp;height=1200&amp;hash=2400\" slate-data-type=\"image\"\/><\/div>\n<div><img decoding=\"async\" class=\"magic-3\" src=\"https:\/\/ae01.alicdn.com\/kf\/Sdb0a219b44e54caf8efee5dd1bdb5535F.jpg?width=1200&amp;height=1200&amp;hash=2400\" slate-data-type=\"image\"\/><\/div>\n<div><img decoding=\"async\" class=\"magic-3\" src=\"https:\/\/ae01.alicdn.com\/kf\/S6a613d6aeb1d4767a140aa384e1fed93S.jpg?width=1200&amp;height=1200&amp;hash=2400\" slate-data-type=\"image\"\/><\/div>\n<div><img decoding=\"async\" class=\"magic-3\" src=\"https:\/\/ae01.alicdn.com\/kf\/S88bc9a86285040009d3a2856d96f68930.jpg?width=1200&amp;height=1200&amp;hash=2400\" slate-data-type=\"image\"\/><\/div>\n<div><img decoding=\"async\" class=\"magic-3\" src=\"https:\/\/ae01.alicdn.com\/kf\/S6a7670447b4e47f7b3a72f4b49b55651j.jpg?width=1200&amp;height=1209&amp;hash=2409\" slate-data-type=\"image\"\/><\/div>\n<div><img decoding=\"async\" class=\"magic-3\" src=\"https:\/\/ae01.alicdn.com\/kf\/S76880557d87d447aa5b0b99997850882l.jpg?width=1200&amp;height=1191&amp;hash=2391\" slate-data-type=\"image\"\/><\/div>\n<\/div>\n<\/div>\n<div>\n<div id=\"ali-anchor-AliMagic-spet4x\">Usein kysytyt kysymykset<\/div>\n<\/div>\n<div>\n<div>\n<div>\n<div>\n<div>\n<div>Puoliautomaattinen PET-pullojen puhalluskone Pullonvalmistuskone Pullonmuovauskone<br \/>PET-pullonvalmistuskone soveltuu kaikenmuotoisten PET-muovis\u00e4ili\u00f6iden ja -pullojen valmistukseen.<\/div>\n<\/div>\n<\/div>\n<\/div>\n<\/div>\n<\/div>\n<div>\u00a0<\/div>\n<div>\n<div>\n<div>\n<div>\n<div>\n<div><img decoding=\"async\" class=\"magic-11\" src=\"https:\/\/ae01.alicdn.com\/kf\/Sa05e78dff92147ee8fbb507d47f61fc9H.jpg?width=1000&amp;height=1145&amp;hash=2145\" slate-data-type=\"image\"\/><\/div>\n<\/div>\n<\/div>\n<\/div>\n<\/div>\n<\/div>\n<div>\n<div id=\"ali-anchor-AliMagic-g2m2zg\">Tuotekuvaus<\/div>\n<\/div>\n<div>\n<div>\n<div>\n<div>\n<div>\n<div><img decoding=\"async\" class=\"magic-13\" src=\"https:\/\/ae01.alicdn.com\/kf\/Sdd940c710b0948d6b0421d8c0e339cebh.jpg?width=990&amp;height=530&amp;hash=1520\" slate-data-type=\"image\"\/><\/div>\n<\/div>\n<\/div>\n<\/div>\n<\/div>\n<\/div>\n<div>\n<div id=\"ali-anchor-AliMagic-lagsvj\">Tekniset tiedot<\/div>\n<\/div>\n<div>\n<div>\n<table style=\"border-collapse:collapse\" class=\"has-title all magic-14\">\n<tbody>\n<tr>\n<td rowspan=\"1\" colspan=\"1\">\n<div>esine<\/div>\n<\/td>\n<td rowspan=\"1\" colspan=\"1\">\n<div>s\u00e4hk\u00f6potkulauta<\/div>\n<\/td>\n<\/tr>\n<tr>\n<td rowspan=\"1\" colspan=\"1\">\n<div>Merkki<\/div>\n<\/td>\n<td rowspan=\"1\" colspan=\"1\">\n<div>Linksports<\/div>\n<\/td>\n<\/tr>\n<tr>\n<td rowspan=\"1\" colspan=\"1\">\n<div>J\u00e4nnite<\/div>\n<\/td>\n<td rowspan=\"1\" colspan=\"1\">\n<div>48V<\/div>\n<\/td>\n<\/tr>\n<tr>\n<td rowspan=\"1\" colspan=\"1\">\n<div>Latausaika<\/div>\n<\/td>\n<td rowspan=\"1\" colspan=\"1\">\n<div>klo 9\u201311<\/div>\n<\/td>\n<\/tr>\n<tr>\n<td rowspan=\"1\" colspan=\"1\">\n<div>45\u201360 km\/h toimintas\u00e4de per lataus<\/div>\n<\/td>\n<td rowspan=\"1\" colspan=\"1\">\n<div><span class=\"magic-17\">45\u201360 km<\/span><\/div>\n<\/td>\n<\/tr>\n<tr>\n<td rowspan=\"1\" colspan=\"1\">\n<div>Maksiminopeus<\/div>\n<\/td>\n<td rowspan=\"1\" colspan=\"1\">\n<div><span class=\"magic-17\">60\u201365 km\/h<\/span><\/div>\n<\/td>\n<\/tr>\n<tr>\n<td rowspan=\"1\" colspan=\"1\">\n<div>Sovellettavat ihmiset<\/div>\n<\/td>\n<td rowspan=\"1\" colspan=\"1\">\n<div>Unisex<\/div>\n<\/td>\n<\/tr>\n<tr>\n<td rowspan=\"1\" colspan=\"1\">\n<div>Akun kapasiteetti<\/div>\n<\/td>\n<td rowspan=\"1\" colspan=\"1\">\n<div>21Ah<\/div>\n<\/td>\n<\/tr>\n<tr>\n<td rowspan=\"1\" colspan=\"1\">\n<div>Tuotteen nimi<\/div>\n<\/td>\n<td rowspan=\"1\" colspan=\"1\">\n<div><span class=\"magic-17\">3600 W:n s\u00e4hk\u00f6potkulauta<\/span><\/div>\n<\/td>\n<\/tr>\n<tr>\n<td rowspan=\"1\" colspan=\"1\">\n<div>Materiaali<\/div>\n<\/td>\n<td rowspan=\"1\" colspan=\"1\">\n<div>Alumiini<\/div>\n<\/td>\n<\/tr>\n<tr>\n<td rowspan=\"1\" colspan=\"1\">\n<div>Jarru<\/div>\n<\/td>\n<td rowspan=\"1\" colspan=\"1\">\n<div>Etu- ja takalevyjarru<\/div>\n<\/td>\n<\/tr>\n<tr>\n<td rowspan=\"1\" colspan=\"1\">\n<div>Rengas<\/div>\n<\/td>\n<td rowspan=\"1\" colspan=\"1\">\n<div>10 tuuman ilmarenkaat sis\u00e4renkailla<\/div>\n<\/td>\n<\/tr>\n<tr>\n<td rowspan=\"1\" colspan=\"1\">\n<div>Maksimikuormitus<\/div>\n<\/td>\n<td rowspan=\"1\" colspan=\"1\">\n<div>150 kg<\/div>\n<\/td>\n<\/tr>\n<tr>\n<td rowspan=\"1\" colspan=\"1\">\n<div>Kiipeilykulma<\/div>\n<\/td>\n<td rowspan=\"1\" colspan=\"1\">\n<div>35\u00b0<\/div>\n<\/td>\n<\/tr>\n<tr>\n<td rowspan=\"1\" colspan=\"1\">\n<div>Valo<\/div>\n<\/td>\n<td rowspan=\"1\" colspan=\"1\">\n<div>Etu- ja taka-LED-valot jarruvaloilla, kaksoisjousitus<\/div>\n<\/td>\n<\/tr>\n<\/tbody>\n<\/table>\n<\/div>\n<\/div>\n<div>\n<div id=\"ali-anchor-AliMagic-hkmiox\">Yritysprofiili<\/div>\n<\/div>\n<div>\u00a0<\/div>\n<div>\n<div>\n<div>\n<div>\n<div>\n<div><img decoding=\"async\" class=\"magic-20\" src=\"https:\/\/ae01.alicdn.com\/kf\/Seda61184bf04475095f9804fa5bcf840B.jpg?width=1000&amp;height=1203&amp;hash=2203\" slate-data-type=\"image\"\/><\/div>\n<\/div>\n<\/div>\n<\/div>\n<\/div>\n<\/div>\n<div>\n<div>\n<div>\n<div>\n<div>\n<div><img decoding=\"async\" class=\"magic-22\" src=\"https:\/\/ae01.alicdn.com\/kf\/S245dd94a7e8f41d5ad03f494a211b32af.jpg?width=1000&amp;height=702&amp;hash=1702\" slate-data-type=\"image\"\/><\/div>\n<\/div>\n<\/div>\n<\/div>\n<\/div>\n<\/div>\n<div>\n<div>\n<div>\n<div>\n<div>\n<div><img decoding=\"async\" class=\"magic-24\" src=\"https:\/\/ae01.alicdn.com\/kf\/S5cb8ca34e7f0404e854c316dd6394aba4.jpg?width=1000&amp;height=733&amp;hash=1733\" slate-data-type=\"image\"\/><\/div>\n<\/div>\n<\/div>\n<\/div>\n<\/div>\n<\/div>\n<div>\n<div>\n<div>\n<div>\n<div>\n<div><img decoding=\"async\" class=\"magic-26\" src=\"https:\/\/ae01.alicdn.com\/kf\/S085ac8d976c64237a8bca741d6fcadd2R.jpg?width=1000&amp;height=988&amp;hash=1988\" slate-data-type=\"image\"\/><\/div>\n<\/div>\n<\/div>\n<\/div>\n<\/div>\n<\/div>\n<div>\n<div>\n<div>\n<div>\n<div>\n<div><img decoding=\"async\" class=\"magic-28\" src=\"https:\/\/ae01.alicdn.com\/kf\/S07a0e7157c264baf917593246e372f3dE.jpg?width=1000&amp;height=926&amp;hash=1926\" slate-data-type=\"image\"\/><\/div>\n<\/div>\n<\/div>\n<\/div>\n<\/div>\n<\/div>\n<div>\n<div id=\"ali-anchor-AliMagic-zxjblm\">Pakkaus ja toimitus<\/div>\n<\/div>\n<div>\n<div>\n<div>\n<div>\n<div>\n<div><img decoding=\"async\" class=\"magic-30\" src=\"https:\/\/ae01.alicdn.com\/kf\/S5dfd9c1196af414fa9946f992c2766abt.jpg?width=790&amp;height=1589&amp;hash=2379\" slate-data-type=\"image\"\/><\/div>\n<\/div>\n<\/div>\n<\/div>\n<\/div>\n<\/div>\n<div>\n<div>\n<div>\n<div>\n<div>\n<div>Kokonaispaino: 18 kg Tuotteen koko: 1170 * 170 * 5400 mm Yksi skootteri pakattu yhteen laatikkoon halpa ja laadukas skootteri aikuisille<\/div>\n<\/div>\n<\/div>\n<\/div>\n<\/div>\n<\/div>\n<div>\n<div>\n<div>\n<div>\n<div>\n<div><img decoding=\"async\" class=\"magic-32\" src=\"https:\/\/ae01.alicdn.com\/kf\/S5b4fe05feafd4b3fb27afc05749e7832M.jpg?width=706&amp;height=457&amp;hash=1163\" slate-data-type=\"image\"\/><\/div>\n<\/div>\n<\/div>\n<\/div>\n<\/div>\n<\/div>\n<div>\n<div>\n<div>\n<div>\n<div>\n<div>\n<div><span><strong>1. Keit\u00e4 me olemme?<\/strong><\/span> <span><br \/>Toimimme Hunanissa, Kiinassa. Aloitimme toimintamme vuonna 2022 ja myymme Pohjois-Amerikkaan (60.00%), L\u00e4nsi-Eurooppaan (15.00%), Pohjois-Eurooppaan (12.00%), Etel\u00e4-Amerikkaan (5.00%), It\u00e4-Eurooppaan (3.00%), Etel\u00e4-Eurooppaan (2.00%), Kaakkois-Aasiaan (2.00%) ja L\u00e4hi-it\u00e4\u00e4n (1.00%). Toimistollamme ty\u00f6skentelee yhteens\u00e4 noin 11\u201350 henkil\u00f6\u00e4.<\/span><\/p>\n<p><span><strong>2. Miten voimme taata laadun?<\/strong><\/span> <span><br \/>Aina esituotanton\u00e4yte ennen massatuotantoa;<br \/>Aina lopputarkastus ennen l\u00e4hetyst\u00e4;<\/span><\/p>\n<p><span><strong>3. Mit\u00e4 voit ostaa meilt\u00e4?<\/strong><\/span> <span><br \/>s\u00e4hk\u00f6potkulauta, s\u00e4hk\u00f6py\u00f6r\u00e4, skootterin osat, s\u00e4hk\u00f6py\u00f6r\u00e4n osat<\/span><\/p>\n<p><span><strong>4. Miksi sinun pit\u00e4isi ostaa meilt\u00e4 eik\u00e4 muilta toimittajilta?<\/strong><\/span> <span><br \/>1. Tehtaan hinta, VIP-palvelu <\/span><\/div>\n<div><span>2. OEM \/ ODM saatavilla <\/span><\/div>\n<div><span>3. Pieni m\u00e4\u00e4r\u00e4 on tervetullut<\/span><\/div>\n<div><span> 4. Hyv\u00e4 laatu ja nopea toimitus <\/span><\/div>\n<div><span>5. Tehdas, jolla on 31 vuoden kokemus ja 10 vuoden kansainv\u00e4linen liiketoimintakokemus<\/p>\n<p>5. Mit\u00e4 palveluita voimme tarjota?<br \/>Hyv\u00e4ksytyt toimitusehdot: FOB, CFR, CIF, EXW, DDP, DDU, pikatoimitus. Hyv\u00e4ksytty maksuvaluutta: USD, EUR, AUD, HKD, CNY. Hyv\u00e4ksytty maksu.<br \/>Tyyppi: T\/T, L\/C, MoneyGram, PayPal, Western Union.<\/span><\/div>\n<\/div>\n<\/div>\n<\/div>\n<\/div>\n<\/div>\n<\/div>\n<\/div>\n<div><\/div>\n<\/div>\n<\/div>\n<p><\/p>","protected":false},"excerpt":{"rendered":"<p>Tire Size:&nbsp;10 inch Model Number:&nbsp;X7pro Category:&nbsp;Two-wheel Scooter Applicable People:&nbsp;Unisex Range Per Charge:&nbsp;60-80km Charging Time:&nbsp;8-10h Voltage:&nbsp;48v Folded:&nbsp;YES Origin:&nbsp;Mainland China Power (W):&nbsp;1001-2000w Place of Origin:&nbsp;China Brand:&nbsp;linksports Model Number:&nbsp;X7pro Charging Time:&nbsp;9-11H Foldable:&nbsp;Yes Range<\/p>","protected":false},"featured_media":8541,"comment_status":"open","ping_status":"closed","template":"","meta":{"_acf_changed":false},"product_brand":[],"product_cat":[468,297],"product_tag":[],"class_list":{"0":"post-8540","1":"product","2":"type-product","3":"status-publish","4":"has-post-thumbnail","6":"product_cat-electric-off-road-scooter","7":"product_cat-scooters","9":"first","10":"instock","11":"shipping-taxable","12":"purchasable","13":"product-type-variable"},"acf":[],"_links":{"self":[{"href":"https:\/\/www.electricstore.eu\/fi\/wp-json\/wp\/v2\/product\/8540","targetHints":{"allow":["GET"]}}],"collection":[{"href":"https:\/\/www.electricstore.eu\/fi\/wp-json\/wp\/v2\/product"}],"about":[{"href":"https:\/\/www.electricstore.eu\/fi\/wp-json\/wp\/v2\/types\/product"}],"replies":[{"embeddable":true,"href":"https:\/\/www.electricstore.eu\/fi\/wp-json\/wp\/v2\/comments?post=8540"}],"wp:featuredmedia":[{"embeddable":true,"href":"https:\/\/www.electricstore.eu\/fi\/wp-json\/wp\/v2\/media\/8541"}],"wp:attachment":[{"href":"https:\/\/www.electricstore.eu\/fi\/wp-json\/wp\/v2\/media?parent=8540"}],"wp:term":[{"taxonomy":"product_brand","embeddable":true,"href":"https:\/\/www.electricstore.eu\/fi\/wp-json\/wp\/v2\/product_brand?post=8540"},{"taxonomy":"product_cat","embeddable":true,"href":"https:\/\/www.electricstore.eu\/fi\/wp-json\/wp\/v2\/product_cat?post=8540"},{"taxonomy":"product_tag","embeddable":true,"href":"https:\/\/www.electricstore.eu\/fi\/wp-json\/wp\/v2\/product_tag?post=8540"}],"curies":[{"name":"wp","href":"https:\/\/api.w.org\/{rel}","templated":true}]}}