{"id":8395,"date":"2025-05-19T20:30:31","date_gmt":"2025-05-19T20:30:31","guid":{"rendered":"https:\/\/electricstore.eu\/product\/uncategorized\/humsienk-lifepo4-battery-pack-12v-100ah\/"},"modified":"2025-05-21T05:41:29","modified_gmt":"2025-05-21T05:41:29","slug":"humsienk-lifepo4-battery-pack-12v-100ah","status":"publish","type":"product","link":"https:\/\/www.electricstore.eu\/fi\/p\/batteries\/lifepo4-batteries\/100-200ah-lifepo4-batteries\/humsienk-lifepo4-battery-pack-12v-100ah\/","title":{"rendered":"Humsienk 100Ah 12V LiFePO4-akku"},"content":{"rendered":"<div class=\"product-specs-list-container\">\n<ul class=\"product-specs-list util-clearfix\">\n<li class=\"product-prop line-limit-length\"><span\n                                        class=\"property-title\">Huolenaiheinen kemikaali:&nbsp;<\/span><span\n                                        class=\"property-desc line-limit-length\">Ei mit\u00e4\u00e4n<\/span>\n                            <\/li>\n<li class=\"product-prop line-limit-length\"><span\n                                        class=\"property-title\">Nimelliskapasiteetti:&nbsp;<\/span><span\n                                        class=\"property-desc line-limit-length\">100 Ah<\/span>\n                            <\/li>\n<li class=\"product-prop line-limit-length\"><span\n                                        class=\"property-title\">Paino:&nbsp;<\/span><span\n                                        class=\"property-desc line-limit-length\">23,26 paunaa \/ 10,55 kg<\/span>\n                            <\/li>\n<li class=\"product-prop line-limit-length\"><span\n                                        class=\"property-title\">J\u00e4nnite:&nbsp;<\/span><span\n                                        class=\"property-desc line-limit-length\">12,8 V<\/span>\n                            <\/li>\n<li class=\"product-prop line-limit-length\"><span\n                                        class=\"property-title\">Koko:&nbsp;<\/span><span\n                                        class=\"property-desc line-limit-length\">10,24 x 6,61 x 8,23 tuumaa \/ 260 x 168 x 209 mm<\/span>\n                            <\/li>\n<li class=\"product-prop line-limit-length\"><span\n                                        class=\"property-title\">Sovellus:&nbsp;<\/span><span\n                                        class=\"property-desc line-limit-length\">Kotienergian varastointi<\/span>\n                            <\/li>\n<li class=\"product-prop line-limit-length\"><span\n                                        class=\"property-title\">Mallinumero:&nbsp;<\/span><span\n                                        class=\"property-desc line-limit-length\">12 V 100 Ah<\/span>\n                            <\/li>\n<li class=\"product-prop line-limit-length\"><span\n                                        class=\"property-title\">Tyyppi:&nbsp;<\/span><span\n                                        class=\"property-desc line-limit-length\">LiFePO4<\/span>\n                            <\/li>\n<li class=\"product-prop line-limit-length\"><span\n                                        class=\"property-title\">Tuotemerkki:&nbsp;<\/span><span\n                                        class=\"property-desc line-limit-length\">Humsienk<\/span>\n                            <\/li>\n<li class=\"product-prop line-limit-length\"><span\n                                        class=\"property-title\">Alkuper\u00e4:&nbsp;<\/span><span\n                                        class=\"property-desc line-limit-length\">Manner-Kiina<\/span>\n                            <\/li>\n<li class=\"product-prop line-limit-length\"><span\n                                        class=\"property-title\">Nimellisj\u00e4nnite:&nbsp;<\/span><span\n                                        class=\"property-desc line-limit-length\">Muut<\/span>\n                            <\/li>\n<li class=\"product-prop line-limit-length\"><span\n                                        class=\"property-title\">Vedenpit\u00e4vyysluokitus:&nbsp;<\/span><span\n                                        class=\"property-desc line-limit-length\">IP65-suojaus<\/span>\n                            <\/li>\n<li class=\"product-prop line-limit-length\"><span\n                                        class=\"property-title\">Takuu:&nbsp;<\/span><span\n                                        class=\"property-desc line-limit-length\">5 vuotta<\/span>\n                            <\/li>\n<li class=\"product-prop line-limit-length\"><span\n                                        class=\"property-title\">Solu:&nbsp;<\/span><span\n                                        class=\"property-desc line-limit-length\">A+-luokan LiFePO4-kennot<\/span>\n                            <\/li>\n<\/ul><\/div>\n<p><strong><span style=\"color:rgb(77, 77, 77);font-size:20px;font-family:arial, helvetica, sans-serif\">Korkea suorituskyky: <\/span><\/strong><\/p>\n<p><span style=\"color:rgb(77, 77, 77);font-size:20px;font-family:arial, helvetica, sans-serif\">Humsienk LiFePO4 -akun kapasiteetti on 100 Ah ja vakioj\u00e4nnite 12,8 V. A+-luokan kennojen ansiosta sen vaikuttava k\u00e4ytt\u00f6ik\u00e4 on jopa 20 000 lataussykli\u00e4. SDS\/UN38.3\/FCC\/CE\/ROHS-sertifioinnit takaavat sen laadun ja turvallisuuden.<\/span><\/p>\n<p><\/p>\n<p><strong><span style=\"color:rgb(77, 77, 77);font-size:20px;font-family:arial, helvetica, sans-serif\">Sis\u00e4\u00e4nrakennettu BMS-suojaus:<\/span><\/strong><\/p>\n<p><span style=\"color:rgb(77, 77, 77);font-size:20px;font-family:arial, helvetica, sans-serif\">T\u00e4ss\u00e4 litiumparistossa on sis\u00e4\u00e4nrakennettu 100 A:n BMS-suojalevy, joka katkaisee automaattisesti virran, jos purkausvirta ylitt\u00e4\u00e4 300 \u00b1 50 A, mik\u00e4 parantaa turvallisuutta.<\/span><\/p>\n<p><\/p>\n<p><strong><span style=\"color:rgb(77, 77, 77);font-size:20px;font-family:arial, helvetica, sans-serif\">Kompakti muotoilu: <\/span><\/strong><\/p>\n<p><span style=\"color:rgb(77, 77, 77);font-size:20px;font-family:arial, helvetica, sans-serif\">Akkumme on kooltaan 26 x 17 x 21 cm ja painoltaan 10,5 kg, joten se maksimoi energiatiheyden s\u00e4ilytt\u00e4en samalla suorituskykyns\u00e4. Sen kompakti muotoilu s\u00e4\u00e4st\u00e4\u00e4 tilaa ja tarjoaa joustavuutta asennuksessa.<\/span><\/p>\n<p><\/p>\n<p><strong><span style=\"color:rgb(77, 77, 77);font-size:20px;font-family:arial, helvetica, sans-serif\">L\u00e4mp\u00f6tilan kest\u00e4vyys: <\/span><\/strong><\/p>\n<p><span style=\"color:rgb(77, 77, 77);font-size:20px;font-family:arial, helvetica, sans-serif\">Akku toimii sujuvasti -20 \u00b0C:sta 70 \u00b0C:een l\u00e4mp\u00f6tiloissa, ja siin\u00e4 on automaattinen virrankatkaisu alle -20 \u00b0C:ssa lis\u00e4suojaa ja pitk\u00e4ik\u00e4isyytt\u00e4 varten.<\/span><\/p>\n<p><\/p>\n<p><strong><span style=\"color:rgb(77, 77, 77);font-size:20px;font-family:arial, helvetica, sans-serif\">Sarja- tai rinnakkaiskytkent\u00e4: <\/span><\/strong><\/p>\n<p><span style=\"color:rgb(77, 77, 77);font-size:20px;font-family:arial, helvetica, sans-serif\">Liit\u00e4 helposti jopa 4 akkua sarjaan tai rinnan, jolloin saavutetaan jopa 20,48 kWh:n kokonaiskapasiteetti. Mukauta virtal\u00e4hteesi tarpeisiisi sopivaksi.<\/span><\/p>\n<p><\/p>\n<p><strong><span style=\"color:rgb(77, 77, 77);font-size:20px;font-family:arial, helvetica, sans-serif\">T\u00e4ydellinen istuvuus:<\/span><\/strong><\/p>\n<p><span style=\"color:rgb(77, 77, 77);font-size:20px;font-family:arial, helvetica, sans-serif\">100 Ah:n LiFePO4-akkumme on suunniteltu sopimaan saumattomasti Group-24-akkukoteloon, joten suurempi kotelo ei ole tarpeen, mik\u00e4 yksinkertaistaa asennusta.<\/span><\/p>\n<p><\/p>\n<p><strong><span style=\"color:rgb(77, 77, 77);font-size:20px;font-family:arial, helvetica, sans-serif\">5 vuoden takuu ja tuki: <\/span><\/strong><\/p>\n<p><span style=\"color:rgb(77, 77, 77);font-size:20px;font-family:arial, helvetica, sans-serif\">Tyytyv\u00e4isyytesi on meille etusijalla. Ota meihin yhteytt\u00e4, jos sinulla on kysytt\u00e4v\u00e4\u00e4 tai huolenaiheita. Tuotteillamme on 5 vuoden takuu mielenrauhasi vuoksi.<\/span><\/p>\n<p style=\"font-family:&quot;TT Norms Pro&quot;, &quot;Open Sans&quot;, Roboto, Arial, Helvetica, sans-serif, SimSun;font-size:14px;font-weight:400;letter-spacing:normal;line-height:inherit;text-align:start;white-space:normal;color:rgb(34, 34, 34);margin:0px;margin-bottom:0px;margin-top:0px;margin-left:0px;margin-right:0px;padding:0px;padding-bottom:0px;padding-top:0px;padding-left:0px;padding-right:0px;box-sizing:border-box\" align=\"start\"><img decoding=\"async\" src=\"https:\/\/ae01.alicdn.com\/kf\/S3b6622bab01844e0924121e3a713e4ea8.jpg\" slate-data-type=\"image\"\/><img decoding=\"async\" src=\"https:\/\/ae01.alicdn.com\/kf\/Se276861c5c014f5db652d77b80308820I.jpg\" slate-data-type=\"image\"\/><img decoding=\"async\" src=\"https:\/\/ae01.alicdn.com\/kf\/S9f6e8c9325bc4db4a7947b814463ba3dm.jpg\" slate-data-type=\"image\"\/><img decoding=\"async\" src=\"https:\/\/ae01.alicdn.com\/kf\/See756a9d533c405887c6d54e059141018.jpg\" slate-data-type=\"image\"\/><img decoding=\"async\" src=\"https:\/\/ae01.alicdn.com\/kf\/S86c50d43cb6f4fa8b0a4c03f0805605bF.jpg\" slate-data-type=\"image\"\/><img decoding=\"async\" src=\"https:\/\/ae01.alicdn.com\/kf\/S74dfb4cac7b24c16805630ae37131e458.jpg\" slate-data-type=\"image\"\/><img decoding=\"async\" src=\"https:\/\/ae01.alicdn.com\/kf\/S32a87e08ad9f46929d2b701e5f64b2dfX.jpg\" slate-data-type=\"image\"\/><img decoding=\"async\" src=\"https:\/\/ae01.alicdn.com\/kf\/S5b546ce1fd314df69dd77ea09c507c968.jpg\" slate-data-type=\"image\"\/><img decoding=\"async\" src=\"https:\/\/ae01.alicdn.com\/kf\/S85ecc7bddd764db88a94e084f04a45559.jpg\" slate-data-type=\"image\"\/><\/p>","protected":false},"excerpt":{"rendered":"<p>Hign-concerned Chemical:&nbsp;None Nominal Capacity:&nbsp;100Ah Weight:&nbsp;23.26 lbs \/ 10.55 kg Voltage:&nbsp;12.8V Size:&nbsp;10.24 x 6.61 x 8.23 inches \/ 260 x 168 x 209 mm Application:&nbsp;Home Energy Storage Model Number:&nbsp;12V 100Ah Type:&nbsp;LiFePO4<\/p>","protected":false},"featured_media":8396,"comment_status":"open","ping_status":"closed","template":"","meta":{"_acf_changed":false},"product_brand":[],"product_cat":[237],"product_tag":[],"class_list":{"0":"post-8395","1":"product","2":"type-product","3":"status-publish","4":"has-post-thumbnail","6":"product_cat-100-200ah-lifepo4-batteries","8":"first","9":"instock","10":"shipping-taxable","11":"purchasable","12":"product-type-variable"},"acf":[],"_links":{"self":[{"href":"https:\/\/www.electricstore.eu\/fi\/wp-json\/wp\/v2\/product\/8395","targetHints":{"allow":["GET"]}}],"collection":[{"href":"https:\/\/www.electricstore.eu\/fi\/wp-json\/wp\/v2\/product"}],"about":[{"href":"https:\/\/www.electricstore.eu\/fi\/wp-json\/wp\/v2\/types\/product"}],"replies":[{"embeddable":true,"href":"https:\/\/www.electricstore.eu\/fi\/wp-json\/wp\/v2\/comments?post=8395"}],"wp:featuredmedia":[{"embeddable":true,"href":"https:\/\/www.electricstore.eu\/fi\/wp-json\/wp\/v2\/media\/8396"}],"wp:attachment":[{"href":"https:\/\/www.electricstore.eu\/fi\/wp-json\/wp\/v2\/media?parent=8395"}],"wp:term":[{"taxonomy":"product_brand","embeddable":true,"href":"https:\/\/www.electricstore.eu\/fi\/wp-json\/wp\/v2\/product_brand?post=8395"},{"taxonomy":"product_cat","embeddable":true,"href":"https:\/\/www.electricstore.eu\/fi\/wp-json\/wp\/v2\/product_cat?post=8395"},{"taxonomy":"product_tag","embeddable":true,"href":"https:\/\/www.electricstore.eu\/fi\/wp-json\/wp\/v2\/product_tag?post=8395"}],"curies":[{"name":"wp","href":"https:\/\/api.w.org\/{rel}","templated":true}]}}