{"id":8228,"date":"2025-05-19T20:29:21","date_gmt":"2025-05-19T20:29:21","guid":{"rendered":"https:\/\/electricstore.eu\/product\/uncategorized\/qs-motor-qs138-3000w-v1-mid-drive-motor-72v100kph-electric-motorcycle\/"},"modified":"2025-05-20T13:09:49","modified_gmt":"2025-05-20T13:09:49","slug":"qs-motor-qs138-3000w-v1-mid-drive-motor-72v100kph-electric-motorcycle","status":"publish","type":"product","link":"https:\/\/www.electricstore.eu\/fi\/p\/o\/qs-motor-qs138-3000w-v1-mid-drive-motor-72v100kph-electric-motorcycle\/","title":{"rendered":"QS MOTOR QS138 3000W 72V 13.6Ah 100KM\/H s\u00e4hk\u00f6moottoripy\u00f6r\u00e4n keskivetomoottori"},"content":{"rendered":"<div class=\"product-specs-list-container\">\n<ul class=\"product-specs-list util-clearfix\">\n<li class=\"product-prop line-limit-length\"><span\n                                        class=\"property-title\">Huolenaiheinen kemikaali:&nbsp;<\/span><span\n                                        class=\"property-desc line-limit-length\">Ei mit\u00e4\u00e4n<\/span>\n                            <\/li>\n<li class=\"product-prop line-limit-length\"><span\n                                        class=\"property-title\">Muu osanumero:&nbsp;<\/span><span\n                                        class=\"property-desc line-limit-length\">a<\/span>\n                            <\/li>\n<li class=\"product-prop line-limit-length\"><span\n                                        class=\"property-title\">Sijoittelu ajoneuvoon:&nbsp;<\/span><span\n                                        class=\"property-desc line-limit-length\">TAKA<\/span>\n                            <\/li>\n<li class=\"product-prop line-limit-length\"><span\n                                        class=\"property-title\">Valmistusmaa\/-alue:&nbsp;<\/span><span\n                                        class=\"property-desc line-limit-length\">Kiina<\/span>\n                            <\/li>\n<li class=\"product-prop line-limit-length\"><span\n                                        class=\"property-title\">Vaihto-osan numero:&nbsp;<\/span><span\n                                        class=\"property-desc line-limit-length\">a<\/span>\n                            <\/li>\n<li class=\"product-prop line-limit-length\"><span\n                                        class=\"property-title\">Erityisominaisuudet:&nbsp;<\/span><span\n                                        class=\"property-desc line-limit-length\">Ajo<\/span>\n                            <\/li>\n<li class=\"product-prop line-limit-length\"><span\n                                        class=\"property-title\">Tuotteen paino:&nbsp;<\/span><span\n                                        class=\"property-desc line-limit-length\">13.7<\/span>\n                            <\/li>\n<li class=\"product-prop line-limit-length\"><span\n                                        class=\"property-title\">Tuotteen korkeus:&nbsp;<\/span><span\n                                        class=\"property-desc line-limit-length\">32<\/span>\n                            <\/li>\n<li class=\"product-prop line-limit-length\"><span\n                                        class=\"property-title\">Tuotteen leveys:&nbsp;<\/span><span\n                                        class=\"property-desc line-limit-length\">31.5<\/span>\n                            <\/li>\n<li class=\"product-prop line-limit-length\"><span\n                                        class=\"property-title\">Tuotteen pituus:&nbsp;<\/span><span\n                                        class=\"property-desc line-limit-length\">31.5<\/span>\n                            <\/li>\n<li class=\"product-prop line-limit-length\"><span\n                                        class=\"property-title\">Valmistajan osanumero:&nbsp;<\/span><span\n                                        class=\"property-desc line-limit-length\">a<\/span>\n                            <\/li>\n<li class=\"product-prop line-limit-length\"><span\n                                        class=\"property-title\">Alkuper\u00e4:&nbsp;<\/span><span\n                                        class=\"property-desc line-limit-length\">Manner-Kiina<\/span>\n                            <\/li>\n<li class=\"product-prop line-limit-length\"><span\n                                        class=\"property-title\">Moottori:&nbsp;<\/span><span\n                                        class=\"property-desc line-limit-length\">DC-moottori<\/span>\n                            <\/li>\n<li class=\"product-prop line-limit-length\"><span\n                                        class=\"property-title\">Materiaali:&nbsp;<\/span><span\n                                        class=\"property-desc line-limit-length\">Alumiini<\/span>\n                            <\/li>\n<\/ul><\/div>\n<div>\n<div><kse:widget data-widget-type=\"customText\" id=\"1005000001338413\" type=\"relation\"><\/kse:widget><\/div>\n<div><strong><span style=\"font-size:22px;font-family:&quot;lucida sans unicode&quot;, &quot;lucida grande&quot;, sans-serif\">QS 138 3000W V1 keskivetomoottori 72V100KPH vanhanaikainen s\u00e4hk\u00f6kevyt moottoripy\u00f6r\u00e4<\/span><\/strong><\/div>\n<div class=\"detailmodule_text-image\">\n<div><\/div>\n<p style=\"color:rgb(208, 2, 27)\"><span style=\"font-family:&quot;lucida sans unicode&quot;, &quot;lucida grande&quot;, sans-serif\">138 3000 W:n keskimoottoria voitaisiin k\u00e4ytt\u00e4\u00e4 s\u00e4hk\u00f6kevyiss\u00e4 moottoripy\u00f6riss\u00e4, joiden j\u00e4nnite on 72 V ja nopeus 100 km\/h.<br \/>Lis\u00e4ksi toimitamme vakiona ketjupy\u00f6r\u00e4sovittimet.<br \/>PS Jos olet ep\u00e4varma toimituskuluista, ota rohkeasti yhteytt\u00e4.<br \/>Voit my\u00f6s tehd\u00e4 tilauksen, mutta \u00e4l\u00e4 maksa ensin, niin voimme s\u00e4\u00e4t\u00e4\u00e4 hintaa.<\/span><\/p>\n<div><\/div>\n<div class=\"detailmodule_image\"><strong><span class=\"15\" style=\"color:rgb(211, 49, 21);font-size:12pt;font-family:&quot;Lucida Sans Unicode&quot;\">Huomautus: <\/span><\/strong><\/div>\n<p style=\"line-height:13.5pt;margin:0pt;margin-bottom:0pt;margin-top:0pt;margin-left:0pt;margin-right:0pt;padding:0pt;padding-bottom:0pt;padding-top:0pt;padding-left:0em;padding-right:0pt\" class=\"p\"><strong><span class=\"15\" style=\"color:rgb(211, 49, 21);font-size:12pt;font-family:&quot;Lucida Sans Unicode&quot;\">T\u00e4m\u00e4 on Euroopan varaston toimitustuote.<\/span><\/strong><\/p>\n<p class=\"MsoNormal\"><strong><span class=\"15\" style=\"color:rgb(211, 49, 21);font-size:12pt;font-family:&quot;Lucida Sans Unicode&quot;\">Tuotteet l\u00e4hetet\u00e4\u00e4n Puolan kotimaan varastosta, ja niit\u00e4 voidaan toimittaa vain Puolaan ja Euroopan ulkopuolelle: Saksa, Ranska, Italia, It\u00e4valta, Alankomaat, Suomi, Belgia, Tanska, Espanja, Bulgaria, Portugali, Ruotsi, Unkari, Slovakia, T\u0161ekki, Liettua, Latvia, Luxemburg, Slovenia, Viro, Kroatia, Kreikka, Kroatia, Romania, Irlanti, Kypros. Huomioithan t\u00e4m\u00e4n.<\/span><\/strong><span style=\"color:rgb(211, 49, 21);font-size:16px;font-family:&quot;lucida sans unicode&quot;, &quot;lucida grande&quot;, sans-serif\"><strong>\u00a0<\/strong><\/span><\/p>\n<div>\n<p><\/div>\n<div>\u00a0<\/div>\n<\/div>\n<div class=\"detailmodule_text-image\">\n<div><\/div>\n<p style=\"font-family:OpenSans;font-size:20px;font-weight:900;line-height:28px;text-align:left;white-space:pre-wrap;color:rgb(0, 0, 0);margin-bottom:12px\" class=\"detail-desc-decorate-title\" align=\"left\"><span style=\"background-color:rgb(164, 221, 0);font-size:16px;font-family:&quot;lucida sans unicode&quot;, &quot;lucida grande&quot;, sans-serif\">Yksi sarja, joka sis\u00e4lt\u00e4\u00e4 alla olevat paketit<\/span><\/p>\n<p style=\"font-family:OpenSans;font-size:14px;font-weight:300;line-height:20px;white-space:pre-wrap;color:rgb(0, 0, 0);margin-bottom:12px\" class=\"detail-desc-decorate-content\"><span style=\"font-size:14px;font-family:&quot;lucida sans unicode&quot;, &quot;lucida grande&quot;, sans-serif\"><br \/>1,1 kpl X 138 3000 W V1 keskivetomoottori 428 14T hammaspy\u00f6r\u00e4sovittimella<\/span><\/p>\n<div><\/div>\n<\/div>\n<div class=\"detailmodule_text\">\n<p style=\"font-family:OpenSans;font-size:20px;font-weight:900;line-height:28px;white-space:pre-wrap;color:rgb(0, 0, 0);margin-bottom:12px\" class=\"detail-desc-decorate-title\"><span style=\"background-color:rgb(164, 221, 0);font-size:16px\">T\u00e4rkeimm\u00e4t ominaisuudet<\/span><\/p>\n<p style=\"font-family:OpenSans;font-size:14px;font-weight:300;line-height:20px;white-space:pre-wrap;color:rgb(0, 0, 0);margin-bottom:12px\" class=\"detail-desc-decorate-content\"><span style=\"font-family:&quot;lucida sans unicode&quot;, &quot;lucida grande&quot;, sans-serif\">1) Kevyt ja pienikokoinen verrattuna napamoottoriin<br \/>2) Korkea suorituskyky hy\u00f6tyy vuon heikent\u00e4misest\u00e4<br \/>3) Korkea hy\u00f6tysuhde kiipe\u00e4misen aikana ja parempi kiihtyvyys<br \/>4) Tukee regeneratiivista jarrutusta<\/span><\/p>\n<p style=\"font-family:OpenSans;font-size:14px;font-weight:300;line-height:20px;white-space:pre-wrap;color:rgb(0, 0, 0);margin-bottom:12px\" class=\"detail-desc-decorate-content\"><img decoding=\"async\" src=\"https:\/\/ae01.alicdn.com\/kf\/S6946e94503f34fc08a6a3d129a0ed4b2X.jpg\" slate-data-type=\"image\"\/><\/p>\n<div><\/div>\n<\/div>\n<div class=\"detailmodule_text-image\">\n<p style=\"font-family:OpenSans;font-size:20px;font-weight:900;line-height:28px;white-space:pre-wrap;color:rgb(0, 0, 0);margin-bottom:12px\" class=\"detail-desc-decorate-title\"><span style=\"background-color:rgb(164, 221, 0);font-size:16px\">Tuotekuvaus<\/span><\/p>\n<div><img decoding=\"async\" src=\"https:\/\/ae01.alicdn.com\/kf\/Sea562be3849f43eea009178791b4954aT.jpg\" slate-data-type=\"image\"\/><\/div>\n<\/div>\n<div class=\"detailmodule_text-image\">\n<div><\/div>\n<p style=\"font-family:OpenSans;font-size:20px;font-weight:900;line-height:28px;white-space:pre-wrap;color:rgb(0, 0, 0);margin-bottom:12px\" class=\"detail-desc-decorate-title\"><span style=\"background-color:rgb(244, 78, 59);font-size:16px;font-family:&quot;lucida sans unicode&quot;, &quot;lucida grande&quot;, sans-serif\">Piirustus<\/span><\/p>\n<p style=\"font-family:OpenSans;font-size:14px;font-weight:300;line-height:20px;white-space:pre-wrap;color:rgb(0, 0, 0);margin-bottom:12px\" class=\"detail-desc-decorate-content\"><span style=\"font-size:14px;font-family:&quot;lucida sans unicode&quot;, &quot;lucida grande&quot;, sans-serif\">Katso 138 3000W V1 -keskivetomoottori hihnarakenteella<\/span><\/p>\n<div><img fetchpriority=\"high\" decoding=\"async\" class=\"detail-desc-decorate-image\" width=\"800\" height=\"657\" src=\"https:\/\/ae01.alicdn.com\/kf\/Hd34d04446c1d4eb7a30f0162b3895e68m.jpg\" slate-data-type=\"image\"\/><\/div>\n<\/div>\n<div class=\"detailmodule_text-image\">\n<div><\/div>\n<p style=\"font-family:OpenSans;font-size:20px;font-weight:900;line-height:28px;white-space:pre-wrap;color:rgb(0, 0, 0);margin-bottom:12px\" class=\"detail-desc-decorate-title\"><span style=\"background-color:rgb(244, 78, 59);font-size:16px;font-family:&quot;lucida sans unicode&quot;, &quot;lucida grande&quot;, sans-serif\">Testiraportti<\/span><\/p>\n<div><img decoding=\"async\" class=\"detail-desc-decorate-image\" width=\"800\" height=\"486\" src=\"https:\/\/ae01.alicdn.com\/kf\/H68d41373bb1940fb8a933fe6dc560366K.jpg\" slate-data-type=\"image\"\/><\/div>\n<\/div>\n<div class=\"detailmodule_text-image\">\n<div><\/div>\n<p class=\"MsoNormal\"><span style=\"color:rgb(255, 0, 0)\">Huomautus hammaspy\u00f6r\u00e4moottorille<\/span><\/p>\n<p class=\"MsoNormal\"><span style=\"color:rgb(255, 0, 0)\">Vaihdamme ura-akselin kokoa v\u00e4hitellen koosta 6-4 kokoon 6-5.<\/span><\/p>\n<p class=\"MsoNormal\"><span style=\"color:rgb(255, 0, 0)\">Koska 6-5 on kulutusta kest\u00e4v\u00e4mpi ja yhteensopivampi<\/span><\/p>\n<p class=\"MsoNormal\"><span style=\"color:rgb(255, 0, 0)\">6-4:n ja 6-5:n v\u00e4linen ero on seuraava:<\/span><\/p>\n<div><\/div>\n<p class=\"MsoNormal\"><img decoding=\"async\" width=\"800\" height=\"560\" src=\"https:\/\/ae01.alicdn.com\/kf\/H92532228f9054498b4de99b8855756a1U.jpg\" slate-data-type=\"image\"\/><\/p>\n<div><\/div>\n<p style=\"font-family:OpenSans;font-size:20px;font-weight:900;line-height:28px;white-space:pre-wrap;color:rgb(0, 0, 0);margin-bottom:12px\" class=\"detail-desc-decorate-title\"><span style=\"background-color:rgb(164, 221, 0);font-size:14px;font-family:&quot;lucida sans unicode&quot;, &quot;lucida grande&quot;, sans-serif\">Muunnospakkaukset<\/span><\/p>\n<p style=\"color:rgb(208, 2, 27)\"><span style=\"font-size:14px;font-family:&quot;lucida sans unicode&quot;, &quot;lucida grande&quot;, sans-serif\">Jos olet kiinnostunut n\u00e4ist\u00e4 muunnospaketeista, voit napsauttaa oheista kuvaa.<\/span><\/p>\n<div><\/div>\n<p style=\"color:rgb(208, 2, 27)\"><a href=\"https:\/\/www.aliexpress.com\/item\/4000003502810.html?spm=a2g0o.store_pc_groupList.8148356.40.58677d39u2VsRZ\" target=\"_self\" class=\"\"><img loading=\"lazy\" decoding=\"async\" width=\"285\" height=\"272\" src=\"https:\/\/ae01.alicdn.com\/kf\/H92409da29169482bb5733c44ef2fb23cC.jpg\" slate-data-type=\"image\"\/><\/a><\/p>\n<div><\/div>\n<\/div>\n<div class=\"detailmodule_text-image\">\n<p style=\"font-family:OpenSans;font-size:20px;font-weight:900;line-height:28px;white-space:pre-wrap;color:rgb(0, 0, 0);margin-bottom:12px\" class=\"detail-desc-decorate-title\"><span style=\"background-color:rgb(164, 221, 0);font-size:16px;font-family:&quot;lucida sans unicode&quot;, &quot;lucida grande&quot;, sans-serif\">Hakemus<\/span><\/p>\n<div><img decoding=\"async\" src=\"https:\/\/ae01.alicdn.com\/kf\/Sa12d2bcf8be845799786dd0294876ed4U.jpg\" slate-data-type=\"image\"\/><\/div>\n<\/div>\n<div><\/div>\n<\/div>\n<div>\u00a0<\/div>\n<p><span style=\"font-size:16px;font-family:&quot;lucida sans unicode&quot;, &quot;lucida grande&quot;, sans-serif\"><strong><span style=\"font-family:&quot;lucida sans unicode&quot;, &quot;lucida grande&quot;, sans-serif\"><span style=\"background-color:rgb(255, 255, 0);font-family:&quot;lucida sans unicode&quot;, &quot;lucida grande&quot;, sans-serif\"><span style=\"color:rgb(0, 0, 0);font-family:&quot;lucida sans unicode&quot;, &quot;lucida grande&quot;, sans-serif\">Ohjelmoitava ohjelmisto ja k\u00e4ytt\u00f6ohje (ennen ohjaimen vastaanottamista)\u00a0<\/span><\/span><\/span><\/strong><\/span><\/p>\n<p><\/p>\n<p style=\"font-family:&quot;open sans&quot;, roboto, arial, helvetica, sans-serif, simsun;font-size:14px;font-weight:400;letter-spacing:normal;line-height:inherit;text-align:start;white-space:normal;color:rgb(0, 0, 0);background-color:rgb(255, 255, 255);margin:0px;margin-bottom:0px;margin-top:0px;margin-left:0px;margin-right:0px;padding:0px;padding-bottom:0px;padding-top:0px;padding-left:0px;padding-right:0px;box-sizing:border-box\" align=\"start\"><span style=\"color:rgb(0, 0, 0);font-size:14px;font-family:&quot;lucida sans unicode&quot;, &quot;lucida grande&quot;, sans-serif\">Ota yhteytt\u00e4 myyntiin saadaksesi linkin ja salasanan k\u00e4ytt\u00f6ohjeiden ja ohjelmistojen lataamiseen ennen\/kun sait ohjaimet.<\/span><\/p>\n<p style=\"font-family:&quot;open sans&quot;, roboto, arial, helvetica, sans-serif, simsun;font-size:14px;font-weight:400;letter-spacing:normal;line-height:inherit;text-align:start;white-space:normal;color:rgb(0, 0, 0);background-color:rgb(255, 255, 255);margin:0px;margin-bottom:0px;margin-top:0px;margin-left:0px;margin-right:0px;padding:0px;padding-bottom:0px;padding-top:0px;padding-left:0px;padding-right:0px;box-sizing:border-box\" align=\"start\"><\/p>\n<p style=\"font-family:&quot;open sans&quot;, roboto, arial, helvetica, sans-serif, simsun;font-size:14px;font-weight:400;letter-spacing:normal;line-height:inherit;text-align:start;white-space:normal;color:rgb(0, 0, 0);background-color:rgb(255, 255, 255);margin:0px;margin-bottom:0px;margin-top:0px;margin-left:0px;margin-right:0px;padding:0px;padding-bottom:0px;padding-top:0px;padding-left:0px;padding-right:0px;box-sizing:border-box\" align=\"start\"><kse:widget data-widget-type=\"customText\" id=\"1005000000987255\" type=\"custom\"><\/kse:widget><\/p>\n<p><\/p>","protected":false},"excerpt":{"rendered":"<p>Hign-concerned Chemical:&nbsp;None Other Part Number:&nbsp;a Placement on Vehicle:&nbsp;REAR Country\/Region of Manufacture:&nbsp;China Interchange Part Number:&nbsp;a Special Features:&nbsp;Driving Item Weight:&nbsp;13.7 Item Height:&nbsp;32 Item Width:&nbsp;31.5 Item Length:&nbsp;31.5 Manufacturer Part Number:&nbsp;a Origin:&nbsp;Mainland China Motor:&nbsp;DC<\/p>","protected":false},"featured_media":8229,"comment_status":"open","ping_status":"closed","template":"","meta":{"_acf_changed":false},"product_brand":[],"product_cat":[15,232],"product_tag":[],"class_list":{"0":"post-8228","1":"product","2":"type-product","3":"status-publish","4":"has-post-thumbnail","6":"product_cat-o","7":"product_cat-motorbikes","9":"first","10":"instock","11":"shipping-taxable","12":"purchasable","13":"product-type-simple"},"acf":[],"_links":{"self":[{"href":"https:\/\/www.electricstore.eu\/fi\/wp-json\/wp\/v2\/product\/8228","targetHints":{"allow":["GET"]}}],"collection":[{"href":"https:\/\/www.electricstore.eu\/fi\/wp-json\/wp\/v2\/product"}],"about":[{"href":"https:\/\/www.electricstore.eu\/fi\/wp-json\/wp\/v2\/types\/product"}],"replies":[{"embeddable":true,"href":"https:\/\/www.electricstore.eu\/fi\/wp-json\/wp\/v2\/comments?post=8228"}],"wp:featuredmedia":[{"embeddable":true,"href":"https:\/\/www.electricstore.eu\/fi\/wp-json\/wp\/v2\/media\/8229"}],"wp:attachment":[{"href":"https:\/\/www.electricstore.eu\/fi\/wp-json\/wp\/v2\/media?parent=8228"}],"wp:term":[{"taxonomy":"product_brand","embeddable":true,"href":"https:\/\/www.electricstore.eu\/fi\/wp-json\/wp\/v2\/product_brand?post=8228"},{"taxonomy":"product_cat","embeddable":true,"href":"https:\/\/www.electricstore.eu\/fi\/wp-json\/wp\/v2\/product_cat?post=8228"},{"taxonomy":"product_tag","embeddable":true,"href":"https:\/\/www.electricstore.eu\/fi\/wp-json\/wp\/v2\/product_tag?post=8228"}],"curies":[{"name":"wp","href":"https:\/\/api.w.org\/{rel}","templated":true}]}}