{"id":7844,"date":"2025-05-15T20:03:29","date_gmt":"2025-05-15T20:03:29","guid":{"rendered":"https:\/\/electricstore.eu\/product\/isinwheel-a12-350w-12-25km-h-dirt-bike-for-kids\/"},"modified":"2025-05-21T05:40:07","modified_gmt":"2025-05-21T05:40:07","slug":"isinwheel-a12-350w-12-25km-h-dirt-bike-for-kids","status":"publish","type":"product","link":"https:\/\/www.electricstore.eu\/fi\/p\/motorbikes\/electric-children-motorbikes\/isinwheel-a12-350w-12-25km-h-dirt-bike-for-kids\/","title":{"rendered":"isinwheel A12 350W 36V 10Ah &lt;25km\/h 10-30km 12&quot; lasten s\u00e4hk\u00f6inen maastopy\u00f6r\u00e4"},"content":{"rendered":"<div class=\"product-specs-list-container\">\n<ul class=\"product-specs-list util-clearfix\">\n<li class=\"product-prop line-limit-length\"><span\n                                        class=\"property-title\">Mallinumero:&nbsp;<\/span><span\n                                        class=\"property-desc line-limit-length\">isinwheel A12<\/span>\n                            <\/li>\n<li class=\"product-prop line-limit-length\"><span\n                                        class=\"property-title\">Nimellinen matkustajakapasiteetti:&nbsp;<\/span><span\n                                        class=\"property-desc line-limit-length\">Yksi istuin<\/span>\n                            <\/li>\n<li class=\"product-prop line-limit-length\"><span\n                                        class=\"property-title\">Tyyli:&nbsp;<\/span><span\n                                        class=\"property-desc line-limit-length\">Luksustyyppi<\/span>\n                            <\/li>\n<li class=\"product-prop line-limit-length\"><span\n                                        class=\"property-title\">Suurin nopeus:&nbsp;<\/span><span\n                                        class=\"property-desc line-limit-length\">&lt;25 km\/h<\/span>\n                            <\/li>\n<li class=\"product-prop line-limit-length\"><span\n                                        class=\"property-title\">Tehoalue:&nbsp;<\/span><span\n                                        class=\"property-desc line-limit-length\">10\u201330 km<\/span>\n                            <\/li>\n<li class=\"product-prop line-limit-length\"><span\n                                        class=\"property-title\">Teho:&nbsp;<\/span><span\n                                        class=\"property-desc line-limit-length\">251\u2013350 W<\/span>\n                            <\/li>\n<li class=\"product-prop line-limit-length\"><span\n                                        class=\"property-title\">Virtal\u00e4hde:&nbsp;<\/span><span\n                                        class=\"property-desc line-limit-length\">litiumparisto<\/span>\n                            <\/li>\n<li class=\"product-prop line-limit-length\"><span\n                                        class=\"property-title\">J\u00e4nnite:&nbsp;<\/span><span\n                                        class=\"property-desc line-limit-length\">36V<\/span>\n                            <\/li>\n<li class=\"product-prop line-limit-length\"><span\n                                        class=\"property-title\">Virtal\u00e4hde:&nbsp;<\/span><span\n                                        class=\"property-desc line-limit-length\">litiumparisto<\/span>\n                            <\/li>\n<li class=\"product-prop line-limit-length\"><span\n                                        class=\"property-title\">Alkuper\u00e4:&nbsp;<\/span><span\n                                        class=\"property-desc line-limit-length\">Manner-Kiina<\/span>\n                            <\/li>\n<li class=\"product-prop line-limit-length\"><span\n                                        class=\"property-title\">Taitettu:&nbsp;<\/span><span\n                                        class=\"property-desc line-limit-length\">Ei<\/span>\n                            <\/li>\n<li class=\"product-prop line-limit-length\"><span\n                                        class=\"property-title\">Moottori:&nbsp;<\/span><span\n                                        class=\"property-desc line-limit-length\">Harjaton<\/span>\n                            <\/li>\n<li class=\"product-prop line-limit-length\"><span\n                                        class=\"property-title\">Renkaan koko:&nbsp;<\/span><span\n                                        class=\"property-desc line-limit-length\">12 tuumaa<\/span>\n                            <\/li>\n<li class=\"product-prop line-limit-length\"><span\n                                        class=\"property-title\">Rungon materiaali:&nbsp;<\/span><span\n                                        class=\"property-desc line-limit-length\">Alumiiniseos<\/span>\n                            <\/li>\n<\/ul><\/div>\n<h1 style=\"text-align:center\" align=\"center\"><strong>isinwheel A12 s\u00e4hk\u00f6inen maastopy\u00f6r\u00e4 lapsille, suuret 12-tuumaiset ilmarenkaat, T4 mailin kantama, 15,5 mph maksiminopeus, lasten s\u00e4hk\u00f6py\u00f6r\u00e4<\/strong><\/h1>\n<h3 style=\"font-family:&quot;TT Norms Pro&quot;, &quot;Open Sans&quot;, Roboto, Arial, Helvetica, sans-serif, SimSun;letter-spacing:normal;text-align:start;white-space:normal;color:rgb(34, 34, 34);box-sizing:border-box\" align=\"start\"><span style=\"color:rgb(244, 78, 59)\"><u>Meill\u00e4 on ammattitaitoinen korjaustiimi ja huoltopalvelu Puolassa.<\/u><\/span><\/h3>\n<h3 style=\"font-family:&quot;TT Norms Pro&quot;, &quot;Open Sans&quot;, Roboto, Arial, Helvetica, sans-serif, SimSun;letter-spacing:normal;text-align:start;white-space:normal;color:rgb(34, 34, 34);box-sizing:border-box\" align=\"start\"><span style=\"color:rgb(244, 78, 59)\"><u>Ostettu s\u00e4hk\u00f6py\u00f6r\u00e4 l\u00e4hetet\u00e4\u00e4n Puolasta, josta voimme laatia laskun. Jos sinulla on kysytt\u00e4v\u00e4\u00e4, ota meihin yhteytt\u00e4.<\/u><\/span><\/h3>\n<p><img decoding=\"async\" src=\"https:\/\/ae01.alicdn.com\/kf\/Sf1f027b1d7ea4d5dba40465cc56a98bbX.jpg\" slate-data-type=\"image\"\/><img decoding=\"async\" src=\"https:\/\/ae01.alicdn.com\/kf\/S4a97a7c4072e4dd18661d35ff18d2b1ac.jpg\" slate-data-type=\"image\"\/><img decoding=\"async\" src=\"https:\/\/ae01.alicdn.com\/kf\/Sc0f5899ee8504137999b687b17615f29E.jpg\" slate-data-type=\"image\"\/><img decoding=\"async\" src=\"https:\/\/ae01.alicdn.com\/kf\/S1b026930273a4d1287f05fd13f7b3347E.jpg\" slate-data-type=\"image\"\/><img decoding=\"async\" src=\"https:\/\/ae01.alicdn.com\/kf\/S8cef20d8ced846adb1cacb05d00699b1J.jpg\" slate-data-type=\"image\"\/><img decoding=\"async\" src=\"https:\/\/ae01.alicdn.com\/kf\/S670e92756c8d4f68b60064ea11c37586z.jpg\" slate-data-type=\"image\"\/><img decoding=\"async\" src=\"https:\/\/ae01.alicdn.com\/kf\/S8eaed5ade4e948229ae993e176a90126r.jpg\" slate-data-type=\"image\"\/><img decoding=\"async\" src=\"https:\/\/ae01.alicdn.com\/kf\/S839042a0b93c4cffb5a7e3d90be7dea4s.jpg\" slate-data-type=\"image\"\/><img decoding=\"async\" src=\"https:\/\/ae01.alicdn.com\/kf\/S994d4e1dad364ada8088dcf150139db2F.jpg\" slate-data-type=\"image\"\/><img decoding=\"async\" src=\"https:\/\/ae01.alicdn.com\/kf\/S353cd5a505324773bc6d6dae005d2a63b.jpg\" slate-data-type=\"image\"\/><img decoding=\"async\" src=\"https:\/\/ae01.alicdn.com\/kf\/Sb53db5c44d2a4ca3ab36de82f4ce93daU.jpg\" slate-data-type=\"image\"\/><img decoding=\"async\" src=\"https:\/\/ae01.alicdn.com\/kf\/S3ef750d4a10544ff8c21371d3e228ce5y.jpg\" slate-data-type=\"image\"\/><img decoding=\"async\" src=\"https:\/\/ae01.alicdn.com\/kf\/S9e878dcc9e2743d6aef5258894a966f0i.jpg\" slate-data-type=\"image\"\/><img decoding=\"async\" src=\"https:\/\/ae01.alicdn.com\/kf\/Sb9fb4942fde54cfe92e437501b0133c68.jpg\" slate-data-type=\"image\"\/><img decoding=\"async\" src=\"https:\/\/ae01.alicdn.com\/kf\/S5b5d968ea2fc4f408e1b3e4b434bb1ffB.png\" slate-data-type=\"image\"\/><img decoding=\"async\" src=\"https:\/\/ae01.alicdn.com\/kf\/S4676e98a75b942e6838187bab5eff78cg.jpg\" slate-data-type=\"image\"\/><img decoding=\"async\" src=\"https:\/\/ae01.alicdn.com\/kf\/S8758dc722deb4767b68af98fb51b2e2au.jpg\" slate-data-type=\"image\"\/><img decoding=\"async\" src=\"https:\/\/ae01.alicdn.com\/kf\/Scf8a58b0bb4c447a819a4e7073d16720A.jpg\" slate-data-type=\"image\"\/><img decoding=\"async\" src=\"https:\/\/ae01.alicdn.com\/kf\/S77f8206e867546de937933ec53235bd8L.jpg\" slate-data-type=\"image\"\/><img decoding=\"async\" src=\"https:\/\/ae01.alicdn.com\/kf\/Sc5ef8b3a58294ccd9145f0693814a4bfX.jpg\" slate-data-type=\"image\"\/><\/p>","protected":false},"excerpt":{"rendered":"<p>Model Number:&nbsp;isinwheel A12 Rated Passenger Capacity:&nbsp;One Seat Style:&nbsp;Luxury Type Max Speed:&nbsp;&lt;25km\/h Range per Power:&nbsp;10 &#8211; 30 km Wattage:&nbsp;251 &#8211; 350w Power Supply:&nbsp;lithium battery Voltage:&nbsp;36V Power Source:&nbsp;lithium battery Origin:&nbsp;Mainland China Folded:&nbsp;No<\/p>","protected":false},"featured_media":7845,"comment_status":"open","ping_status":"closed","template":"","meta":{"_acf_changed":false},"product_brand":[],"product_cat":[313],"product_tag":[332],"class_list":{"0":"post-7844","1":"product","2":"type-product","3":"status-publish","4":"has-post-thumbnail","6":"product_cat-electric-children-motorbikes","7":"product_tag-isinwheel","9":"first","10":"outofstock","11":"shipping-taxable","12":"purchasable","13":"product-type-variable"},"acf":[],"_links":{"self":[{"href":"https:\/\/www.electricstore.eu\/fi\/wp-json\/wp\/v2\/product\/7844","targetHints":{"allow":["GET"]}}],"collection":[{"href":"https:\/\/www.electricstore.eu\/fi\/wp-json\/wp\/v2\/product"}],"about":[{"href":"https:\/\/www.electricstore.eu\/fi\/wp-json\/wp\/v2\/types\/product"}],"replies":[{"embeddable":true,"href":"https:\/\/www.electricstore.eu\/fi\/wp-json\/wp\/v2\/comments?post=7844"}],"wp:featuredmedia":[{"embeddable":true,"href":"https:\/\/www.electricstore.eu\/fi\/wp-json\/wp\/v2\/media\/7845"}],"wp:attachment":[{"href":"https:\/\/www.electricstore.eu\/fi\/wp-json\/wp\/v2\/media?parent=7844"}],"wp:term":[{"taxonomy":"product_brand","embeddable":true,"href":"https:\/\/www.electricstore.eu\/fi\/wp-json\/wp\/v2\/product_brand?post=7844"},{"taxonomy":"product_cat","embeddable":true,"href":"https:\/\/www.electricstore.eu\/fi\/wp-json\/wp\/v2\/product_cat?post=7844"},{"taxonomy":"product_tag","embeddable":true,"href":"https:\/\/www.electricstore.eu\/fi\/wp-json\/wp\/v2\/product_tag?post=7844"}],"curies":[{"name":"wp","href":"https:\/\/api.w.org\/{rel}","templated":true}]}}