{"id":7803,"date":"2025-05-15T19:58:15","date_gmt":"2025-05-15T19:58:15","guid":{"rendered":"https:\/\/electricstore.eu\/product\/evercross-tech-ev13m-150w-8-16-km-h-12km-12-children-electric-motorbike\/"},"modified":"2025-05-21T06:07:41","modified_gmt":"2025-05-21T06:07:41","slug":"evercross-tech-ev13m-150w-8-16-km-h-12km-12-children-electric-motorbike","status":"publish","type":"product","link":"https:\/\/www.electricstore.eu\/fi\/p\/motorbikes\/electric-children-motorbikes\/evercross-tech-ev13m-150w-8-16-km-h-12km-12-children-electric-motorbike\/","title":{"rendered":"EVERCROSS TECH EV13M 150W 14V 5.2Ah 16 km\/h 12 km 12\u2033 lasten s\u00e4hk\u00f6moottoripy\u00f6r\u00e4"},"content":{"rendered":"<div class=\"product-specs-list-container\">\n<ul class=\"product-specs-list util-clearfix\">\n<li class=\"product-prop line-limit-length\"><span\n                                        class=\"property-title\">Mallinumero:&nbsp;<\/span><span\n                                        class=\"property-desc line-limit-length\">EV13M<\/span>\n                            <\/li>\n<li class=\"product-prop line-limit-length\"><span\n                                        class=\"property-title\">Nimellinen matkustajakapasiteetti:&nbsp;<\/span><span\n                                        class=\"property-desc line-limit-length\">Yksi istuin<\/span>\n                            <\/li>\n<li class=\"product-prop line-limit-length\"><span\n                                        class=\"property-title\">Tyyli:&nbsp;<\/span><span\n                                        class=\"property-desc line-limit-length\">Vakiotyyppi<\/span>\n                            <\/li>\n<li class=\"product-prop line-limit-length\"><span\n                                        class=\"property-title\">Suurin nopeus:&nbsp;<\/span><span\n                                        class=\"property-desc line-limit-length\">&lt;25 km\/h<\/span>\n                            <\/li>\n<li class=\"product-prop line-limit-length\"><span\n                                        class=\"property-title\">Tehoalue:&nbsp;<\/span><span\n                                        class=\"property-desc line-limit-length\">10\u201330 km<\/span>\n                            <\/li>\n<li class=\"product-prop line-limit-length\"><span\n                                        class=\"property-title\">Teho:&nbsp;<\/span><span\n                                        class=\"property-desc line-limit-length\">&lt; 200W<\/span>\n                            <\/li>\n<li class=\"product-prop line-limit-length\"><span\n                                        class=\"property-title\">Virtal\u00e4hde:&nbsp;<\/span><span\n                                        class=\"property-desc line-limit-length\">litiumparisto<\/span>\n                            <\/li>\n<li class=\"product-prop line-limit-length\"><span\n                                        class=\"property-title\">J\u00e4nnite:&nbsp;<\/span><span\n                                        class=\"property-desc line-limit-length\">14<\/span>\n                            <\/li>\n<li class=\"product-prop line-limit-length\"><span\n                                        class=\"property-title\">Tuotemerkki:&nbsp;<\/span><span\n                                        class=\"property-desc line-limit-length\">EVERCROSS TECH<\/span>\n                            <\/li>\n<li class=\"product-prop line-limit-length\"><span\n                                        class=\"property-title\">Virtal\u00e4hde:&nbsp;<\/span><span\n                                        class=\"property-desc line-limit-length\">litiumparisto<\/span>\n                            <\/li>\n<li class=\"product-prop line-limit-length\"><span\n                                        class=\"property-title\">Moottori:&nbsp;<\/span><span\n                                        class=\"property-desc line-limit-length\">Harjaton<\/span>\n                            <\/li>\n<li class=\"product-prop line-limit-length\"><span\n                                        class=\"property-title\">Alkuper\u00e4:&nbsp;<\/span><span\n                                        class=\"property-desc line-limit-length\">Manner-Kiina<\/span>\n                            <\/li>\n<li class=\"product-prop line-limit-length\"><span\n                                        class=\"property-title\">Taitettu:&nbsp;<\/span><span\n                                        class=\"property-desc line-limit-length\">Ei<\/span>\n                            <\/li>\n<li class=\"product-prop line-limit-length\"><span\n                                        class=\"property-title\">Renkaan koko:&nbsp;<\/span><span\n                                        class=\"property-desc line-limit-length\">12 tuumaa<\/span>\n                            <\/li>\n<li class=\"product-prop line-limit-length\"><span\n                                        class=\"property-title\">Rungon materiaali:&nbsp;<\/span><span\n                                        class=\"property-desc line-limit-length\">Alumiiniseos<\/span>\n                            <\/li>\n<\/ul><\/div>\n<div class=\"detailmodule_html\">\n<div class=\"detail-desc-decorate-richtext\">\n<p style=\"font-family:DeepSeek-CJK-patch, Inter, system-ui, -apple-system, BlinkMacSystemFont, &quot;Segoe UI&quot;, Roboto, &quot;Noto Sans&quot;, Ubuntu, Cantarell, &quot;Helvetica Neue&quot;, Oxygen, &quot;Open Sans&quot;, sans-serif;font-size:16.002px;font-weight:400;letter-spacing:normal;line-height:var(--ds-md-line-height);text-align:start;white-space:normal;color:rgb(64, 64, 64);margin:calc(var(--ds-md-zoom)*12px)0\" align=\"start\"><strong>Tehokas 150 W:n moottori ja levyjarrut<\/strong><\/p>\n<p style=\"font-family:DeepSeek-CJK-patch, Inter, system-ui, -apple-system, BlinkMacSystemFont, &quot;Segoe UI&quot;, Roboto, &quot;Noto Sans&quot;, Ubuntu, Cantarell, &quot;Helvetica Neue&quot;, Oxygen, &quot;Open Sans&quot;, sans-serif;font-size:16.002px;font-weight:400;letter-spacing:normal;line-height:var(--ds-md-line-height);text-align:start;white-space:normal;color:rgb(64, 64, 64);margin:calc(var(--ds-md-zoom)*12px)0\" align=\"start\">Tutustu vankkaan 150 W:n moottoriimme, jonka tasainen ja luotettava suorituskyky yhdistettyn\u00e4 optimaalisen turvallisuuden takaavaan levyjarruj\u00e4rjestelm\u00e4\u00e4n tarjoaa lapsellesi herk\u00e4n ja hallitun ajon jopa suurilla nopeuksilla.<\/p>\n<p><\/p>\n<p style=\"font-family:DeepSeek-CJK-patch, Inter, system-ui, -apple-system, BlinkMacSystemFont, &quot;Segoe UI&quot;, Roboto, &quot;Noto Sans&quot;, Ubuntu, Cantarell, &quot;Helvetica Neue&quot;, Oxygen, &quot;Open Sans&quot;, sans-serif;font-size:16.002px;font-weight:400;letter-spacing:normal;line-height:var(--ds-md-line-height);text-align:start;white-space:normal;color:rgb(64, 64, 64);margin:calc(var(--ds-md-zoom)*12px)0\" align=\"start\"><strong>2 skaalautuvaa nopeustilaa<\/strong><br \/>Kahden s\u00e4\u00e4dett\u00e4v\u00e4n nopeuden (8 km\/h ja 16 km\/h) ansiosta t\u00e4m\u00e4 ajoneuvo antaa nuorille lent\u00e4jille mahdollisuuden kehitty\u00e4 omaan tahtiinsa. T\u00e4ydellinen itsevarmaan etenemiseen samalla, kun ajokokemus on j\u00e4nnitt\u00e4v\u00e4 ja turvallinen.<\/p>\n<p><\/p>\n<p style=\"font-family:DeepSeek-CJK-patch, Inter, system-ui, -apple-system, BlinkMacSystemFont, &quot;Segoe UI&quot;, Roboto, &quot;Noto Sans&quot;, Ubuntu, Cantarell, &quot;Helvetica Neue&quot;, Oxygen, &quot;Open Sans&quot;, sans-serif;font-size:16.002px;font-weight:400;letter-spacing:normal;line-height:var(--ds-md-line-height);text-align:start;white-space:normal;color:rgb(64, 64, 64);margin:calc(var(--ds-md-zoom)*12px)0\" align=\"start\"><strong>Pitk\u00e4aikainen autonomia<\/strong><br \/>EV13M on varustettu tehokkaalla 14,4 V\/5,2 Ah (74,88 Wh) akulla ja tarjoaa jopa 12 km:n kantaman. Enemm\u00e4n peli\u00e4, v\u00e4hemm\u00e4n taukoja pieniss\u00e4 seikkailuissasi!<\/p>\n<p><\/p>\n<p style=\"font-family:DeepSeek-CJK-patch, Inter, system-ui, -apple-system, BlinkMacSystemFont, &quot;Segoe UI&quot;, Roboto, &quot;Noto Sans&quot;, Ubuntu, Cantarell, &quot;Helvetica Neue&quot;, Oxygen, &quot;Open Sans&quot;, sans-serif;font-size:16.002px;font-weight:400;letter-spacing:normal;line-height:var(--ds-md-line-height);text-align:start;white-space:normal;color:rgb(64, 64, 64);margin:calc(var(--ds-md-zoom)*12px)0\" align=\"start\"><strong>Ihanteellinen koko 3\u201312-vuotiaille<\/strong><br \/>Erityisesti lapsille suunniteltu: kompakti koko (92,5 \u00d7 54 \u00d7 64,5 cm) ja kevyt paino (11,5 kg). Tukee jopa 40 kg, t\u00e4ydellinen 3\u201312-vuotiaille.<\/p>\n<p><\/p>\n<p style=\"font-family:DeepSeek-CJK-patch, Inter, system-ui, -apple-system, BlinkMacSystemFont, &quot;Segoe UI&quot;, Roboto, &quot;Noto Sans&quot;, Ubuntu, Cantarell, &quot;Helvetica Neue&quot;, Oxygen, &quot;Open Sans&quot;, sans-serif;font-size:16.002px;font-weight:400;letter-spacing:normal;line-height:var(--ds-md-line-height);text-align:start;white-space:normal;color:rgb(64, 64, 64);margin:calc(var(--ds-md-zoom)*12px)0\" align=\"start\"><strong>12 tuuman maastorenkaat<\/strong><br \/>Kest\u00e4vill\u00e4 12-tuumaisilla renkaillaan t\u00e4m\u00e4 ajoneuvo sopii t\u00e4ydellisesti maastoon: ruohoon, jalkak\u00e4yt\u00e4viin tai kevyisiin teihin. T\u00e4ydellinen liittolainen vakaisiin ja miellytt\u00e4viin ulkoseikkailuihin.<\/p>\n<\/div>\n<\/div>","protected":false},"excerpt":{"rendered":"<p>Model Number:&nbsp;EV13M Rated Passenger Capacity:&nbsp;One Seat Style:&nbsp;Standard Type Max Speed:&nbsp;&lt;25km\/h Range per Power:&nbsp;10 &#8211; 30 km Wattage:&nbsp;&lt; 200W Power Supply:&nbsp;lithium battery Voltage:&nbsp;14 Brand Name:&nbsp;EVERCROSS TECH Power Source:&nbsp;lithium battery Motor:&nbsp;Brushless Origin:&nbsp;Mainland<\/p>","protected":false},"featured_media":7804,"comment_status":"open","ping_status":"closed","template":"","meta":{"_acf_changed":false},"product_brand":[],"product_cat":[313],"product_tag":[327],"class_list":{"0":"post-7803","1":"product","2":"type-product","3":"status-publish","4":"has-post-thumbnail","6":"product_cat-electric-children-motorbikes","7":"product_tag-evercross","9":"first","10":"instock","11":"shipping-taxable","12":"purchasable","13":"product-type-variable"},"acf":[],"_links":{"self":[{"href":"https:\/\/www.electricstore.eu\/fi\/wp-json\/wp\/v2\/product\/7803","targetHints":{"allow":["GET"]}}],"collection":[{"href":"https:\/\/www.electricstore.eu\/fi\/wp-json\/wp\/v2\/product"}],"about":[{"href":"https:\/\/www.electricstore.eu\/fi\/wp-json\/wp\/v2\/types\/product"}],"replies":[{"embeddable":true,"href":"https:\/\/www.electricstore.eu\/fi\/wp-json\/wp\/v2\/comments?post=7803"}],"wp:featuredmedia":[{"embeddable":true,"href":"https:\/\/www.electricstore.eu\/fi\/wp-json\/wp\/v2\/media\/7804"}],"wp:attachment":[{"href":"https:\/\/www.electricstore.eu\/fi\/wp-json\/wp\/v2\/media?parent=7803"}],"wp:term":[{"taxonomy":"product_brand","embeddable":true,"href":"https:\/\/www.electricstore.eu\/fi\/wp-json\/wp\/v2\/product_brand?post=7803"},{"taxonomy":"product_cat","embeddable":true,"href":"https:\/\/www.electricstore.eu\/fi\/wp-json\/wp\/v2\/product_cat?post=7803"},{"taxonomy":"product_tag","embeddable":true,"href":"https:\/\/www.electricstore.eu\/fi\/wp-json\/wp\/v2\/product_tag?post=7803"}],"curies":[{"name":"wp","href":"https:\/\/api.w.org\/{rel}","templated":true}]}}