{"id":7734,"date":"2025-05-15T19:53:14","date_gmt":"2025-05-15T19:53:14","guid":{"rendered":"https:\/\/electricstore.eu\/product\/250w-dual-motor-36v-15-6ah-electric-mobility-scooter\/"},"modified":"2025-05-21T05:40:08","modified_gmt":"2025-05-21T05:40:08","slug":"250w-dual-motor-36v-15-6ah-electric-mobility-scooter","status":"publish","type":"product","link":"https:\/\/www.electricstore.eu\/fi\/p\/electric-mobility-scooters\/250w-dual-motor-36v-15-6ah-electric-mobility-scooter\/","title":{"rendered":"S\u00e4hk\u00f6k\u00e4ytt\u00f6inen DH0305 250W 36V 15.6Ah 18km\/h 60-80km 10\u2033 nelipy\u00f6r\u00e4inen liikkuvuusskootteri"},"content":{"rendered":"<div class=\"product-specs-list-container\">\n<ul class=\"product-specs-list util-clearfix\">\n<li class=\"product-prop line-limit-length\"><span\n                                        class=\"property-title\">Renkaan koko:&nbsp;<\/span><span\n                                        class=\"property-desc line-limit-length\">10 tuumaa<\/span>\n                            <\/li>\n<li class=\"product-prop line-limit-length\"><span\n                                        class=\"property-title\">Mallinumero:&nbsp;<\/span><span\n                                        class=\"property-desc line-limit-length\">DH0305<\/span>\n                            <\/li>\n<li class=\"product-prop line-limit-length\"><span\n                                        class=\"property-title\">Luokka:&nbsp;<\/span><span\n                                        class=\"property-desc line-limit-length\">Nelipy\u00f6r\u00e4inen skootteri<\/span>\n                            <\/li>\n<li class=\"product-prop line-limit-length\"><span\n                                        class=\"property-title\">Sovellettavat henkil\u00f6t:&nbsp;<\/span><span\n                                        class=\"property-desc line-limit-length\">Unisex<\/span>\n                            <\/li>\n<li class=\"product-prop line-limit-length\"><span\n                                        class=\"property-title\">Kantama per lataus:&nbsp;<\/span><span\n                                        class=\"property-desc line-limit-length\">60\u201380 km<\/span>\n                            <\/li>\n<li class=\"product-prop line-limit-length\"><span\n                                        class=\"property-title\">Latausaika:&nbsp;<\/span><span\n                                        class=\"property-desc line-limit-length\">klo 8\u201310<\/span>\n                            <\/li>\n<li class=\"product-prop line-limit-length\"><span\n                                        class=\"property-title\">J\u00e4nnite:&nbsp;<\/span><span\n                                        class=\"property-desc line-limit-length\">36v<\/span>\n                            <\/li>\n<li class=\"product-prop line-limit-length\"><span\n                                        class=\"property-title\">Taitettu:&nbsp;<\/span><span\n                                        class=\"property-desc line-limit-length\">KYLL\u00c4<\/span>\n                            <\/li>\n<li class=\"product-prop line-limit-length\"><span\n                                        class=\"property-title\">Teho (W):&nbsp;<\/span><span\n                                        class=\"property-desc line-limit-length\">201\u2013500 W<\/span>\n                            <\/li>\n<li class=\"product-prop line-limit-length\"><span\n                                        class=\"property-title\">Alkuper\u00e4:&nbsp;<\/span><span\n                                        class=\"property-desc line-limit-length\">Manner-Kiina<\/span>\n                            <\/li>\n<li class=\"product-prop line-limit-length\"><span\n                                        class=\"property-title\">Nimi:&nbsp;<\/span><span\n                                        class=\"property-desc line-limit-length\">Liikkuvuus s\u00e4hk\u00f6potkulauta<\/span>\n                            <\/li>\n<li class=\"product-prop line-limit-length\"><span\n                                        class=\"property-title\">Moottori:&nbsp;<\/span><span\n                                        class=\"property-desc line-limit-length\">250 W:n moottori kahdelle takapy\u00f6r\u00e4lle<\/span>\n                            <\/li>\n<li class=\"product-prop line-limit-length\"><span\n                                        class=\"property-title\">Akku:&nbsp;<\/span><span\n                                        class=\"property-desc line-limit-length\">36V10.4Ah \/36v15.6AH litiumparisto<\/span>\n                            <\/li>\n<li class=\"product-prop line-limit-length\"><span\n                                        class=\"property-title\">Alue:&nbsp;<\/span><span\n                                        class=\"property-desc line-limit-length\">25\u201340 km<\/span>\n                            <\/li>\n<li class=\"product-prop line-limit-length\"><span\n                                        class=\"property-title\">Nopeus:&nbsp;<\/span><span\n                                        class=\"property-desc line-limit-length\">6\u201312\u201318 km\/h<\/span>\n                            <\/li>\n<li class=\"product-prop line-limit-length\"><span\n                                        class=\"property-title\">Etu-\/takarengas:&nbsp;<\/span><span\n                                        class=\"property-desc line-limit-length\">10\/8 tuumaa<\/span>\n                            <\/li>\n<li class=\"product-prop line-limit-length\"><span\n                                        class=\"property-title\">Maksimikuormitus:&nbsp;<\/span><span\n                                        class=\"property-desc line-limit-length\">120 kg<\/span>\n                            <\/li>\n<li class=\"product-prop line-limit-length\"><span\n                                        class=\"property-title\">Todistus:&nbsp;<\/span><span\n                                        class=\"property-desc line-limit-length\"><\/span>\n                            <\/li>\n<\/ul><\/div>\n<div class=\"detailmodule_html\">\n<div class=\"detail-desc-decorate-richtext\">\n<p style=\"font-family:OpenSans;font-size:20px;font-weight:900;line-height:28px;white-space:pre-wrap;color:rgb(0, 0, 0);margin-bottom:12px\" class=\"detail-desc-decorate-title\">Tuotetiedot<\/p>\n<div>\n<p style=\"font-family:OpenSans;font-size:14px;font-weight:300;line-height:20px;white-space:pre-wrap;color:rgb(0, 0, 0);margin-bottom:12px\" class=\"detail-desc-decorate-content\">Moottori: 250W x 2 takapy\u00f6r\u00e4t Harjaton<br \/>Akku: 36V10.4Ah \/ 36V15.6AH litiumparisto<br \/>N\u00e4ytt\u00f6: LED-n\u00e4ytt\u00f6<br \/>Etuvalo: LED-valo<br \/>Takavalo: LED-valo<br \/>Runko: Korkealaatuinen hiiliter\u00e4s<br \/>Takajousitus: Jousitettu<br \/>Etu-\/takarenkaat: 10\/8 tuuman renkaat<br \/>Huippunopeus: 18 km\/h<br \/>Ajoet\u00e4isyys:<\/p>\n<p style=\"font-family:OpenSans;font-size:14px;font-weight:300;line-height:20px;white-space:pre-wrap;color:rgb(0, 0, 0);margin-bottom:12px\" class=\"detail-desc-decorate-content\">36V10.4AH 25 km<\/p>\n<div>\n<p style=\"font-family:OpenSans;font-size:14px;font-weight:300;line-height:20px;white-space:pre-wrap;color:rgb(0, 0, 0);margin-bottom:12px\" class=\"detail-desc-decorate-content\">36V15.6AH: 40 km<\/p>\n<\/div>\n<p style=\"font-family:OpenSans;font-size:14px;font-weight:300;line-height:20px;white-space:pre-wrap;color:rgb(0, 0, 0);margin-bottom:12px\" class=\"detail-desc-decorate-content\">Latausaika: 6-8 tuntia<br \/>Maksimikuormitus: 120 kg<\/p>\n<\/div>\n<p><img decoding=\"async\" src=\"https:\/\/ae01.alicdn.com\/kf\/Sd0d06690fd574f3eac417ad2da52a68e7.jpg?width=1001&amp;height=1001&amp;hash=2002\" slate-data-type=\"image\"\/><img decoding=\"async\" src=\"https:\/\/ae01.alicdn.com\/kf\/S93de481dbecb4060ae849c2ed26ba2276.jpg?width=1001&amp;height=1001&amp;hash=2002\" slate-data-type=\"image\"\/><img decoding=\"async\" src=\"https:\/\/ae01.alicdn.com\/kf\/Sde2bb1bc8c20495790cef44174870ffcg.jpg?width=1001&amp;height=1001&amp;hash=2002\" slate-data-type=\"image\"\/><img decoding=\"async\" src=\"https:\/\/ae01.alicdn.com\/kf\/S5b6910f12df348ed99c11d18b47f1239O.jpg?width=770&amp;height=770&amp;hash=1540\" slate-data-type=\"image\"\/><img decoding=\"async\" src=\"https:\/\/ae01.alicdn.com\/kf\/S8bbf36d6c3e045ffafe00e7400b6f6932.jpg?width=1200&amp;height=1200&amp;hash=2400\" slate-data-type=\"image\"\/><img decoding=\"async\" src=\"https:\/\/ae01.alicdn.com\/kf\/Sbded4fe78baa4c568851bb4fe0216a7bu.jpg?width=1200&amp;height=1200&amp;hash=2400\" slate-data-type=\"image\"\/><\/p>\n<p><img decoding=\"async\" src=\"https:\/\/ae01.alicdn.com\/kf\/Sdec76eab70a149faad1843099b4a834f2.jpg?width=750&amp;height=750&amp;hash=1500\" slate-data-type=\"image\"\/><img decoding=\"async\" src=\"https:\/\/ae01.alicdn.com\/kf\/Se3513983ec074324a32625c38879ad45p.jpg?width=950&amp;height=686&amp;hash=1636\" slate-data-type=\"image\"\/><img decoding=\"async\" src=\"https:\/\/ae01.alicdn.com\/kf\/Sc4b42ddbad4243c185249518e62970d3K.jpg?width=750&amp;height=750&amp;hash=1500\" slate-data-type=\"image\"\/><\/p>\n<p><strong><span style=\"font-size:32px;font-family:arial, helvetica, sans-serif\">Lis\u00e4tietoja <\/span><\/strong><\/p>\n<p><img decoding=\"async\" src=\"https:\/\/ae01.alicdn.com\/kf\/Sc4864ee3711741b1b22160d9fcc80207Y.jpg?width=958&amp;height=674&amp;hash=1632\" slate-data-type=\"image\"\/><\/p>\n<p><img decoding=\"async\" src=\"https:\/\/ae01.alicdn.com\/kf\/S5e8a57b71e3748ec856ff6f29ee93072E.jpg?width=1000&amp;height=667&amp;hash=1667\" slate-data-type=\"image\"\/><img decoding=\"async\" src=\"https:\/\/ae01.alicdn.com\/kf\/S4085cbaed77c4553899c74385fa595a0G.jpg?width=731&amp;height=497&amp;hash=1228\" slate-data-type=\"image\"\/><img decoding=\"async\" src=\"https:\/\/ae01.alicdn.com\/kf\/Sc554b98866954c91b1a09958fae72096t.jpg?width=720&amp;height=296&amp;hash=1016\" slate-data-type=\"image\"\/><img decoding=\"async\" src=\"https:\/\/ae01.alicdn.com\/kf\/S50ab3c17e80549039ca4d3ff8b1e4e89v.jpg?width=960&amp;height=413&amp;hash=1373\" slate-data-type=\"image\"\/><img decoding=\"async\" src=\"https:\/\/ae01.alicdn.com\/kf\/S6d67786d4c9b4d6b95a0380308a4d355j.jpg?width=780&amp;height=537&amp;hash=1317\" slate-data-type=\"image\"\/><img decoding=\"async\" src=\"https:\/\/ae01.alicdn.com\/kf\/S7307ef46f7b04759abf29e8506040c33G.jpg?width=872&amp;height=594&amp;hash=1466\" slate-data-type=\"image\"\/><img decoding=\"async\" src=\"https:\/\/ae01.alicdn.com\/kf\/S5e63248e527b4f44b50e92fad021736cN.jpg?width=689&amp;height=447&amp;hash=1136\" slate-data-type=\"image\"\/><img decoding=\"async\" src=\"https:\/\/ae01.alicdn.com\/kf\/Scc80b8c81c1743f6922b7cb05bcfc5efB.jpg?width=526&amp;height=488&amp;hash=1014\" slate-data-type=\"image\"\/><img decoding=\"async\" src=\"https:\/\/ae01.alicdn.com\/kf\/S06e2513146184672afe7e18efae54030P.jpg?width=670&amp;height=550&amp;hash=1220\" slate-data-type=\"image\"\/><img decoding=\"async\" src=\"https:\/\/ae01.alicdn.com\/kf\/S7b9fc34613af449e95573a671681a427X.jpg?width=1000&amp;height=750&amp;hash=1750\" slate-data-type=\"image\"\/><img decoding=\"async\" src=\"https:\/\/ae01.alicdn.com\/kf\/S13c4d81a7c824ff3abe3d7401e368c21h.jpg?width=1440&amp;height=1080&amp;hash=2520\" slate-data-type=\"image\"\/><img decoding=\"async\" src=\"https:\/\/ae01.alicdn.com\/kf\/Secbf05bab3974db2a56cef63f5e3699fs.jpg?width=1000&amp;height=750&amp;hash=1750\" slate-data-type=\"image\"\/><img decoding=\"async\" src=\"https:\/\/ae01.alicdn.com\/kf\/Sb289a74863504f36a909dc51618a3827V.jpg?width=1080&amp;height=810&amp;hash=1890\" slate-data-type=\"image\"\/><img decoding=\"async\" src=\"https:\/\/ae01.alicdn.com\/kf\/S4f8519e92bc84ba0b454b19e126645d62.jpg?width=1200&amp;height=900&amp;hash=2100\" slate-data-type=\"image\"\/><img decoding=\"async\" src=\"https:\/\/ae01.alicdn.com\/kf\/Sc48835eaee57414781a780365c485262t.jpg?width=4032&amp;height=3024&amp;hash=7056\" slate-data-type=\"image\"\/><\/p>\n<div>\n<p style=\"font-family:OpenSans;font-size:20px;font-weight:900;line-height:28px;white-space:pre-wrap;color:rgb(0, 0, 0);margin-bottom:12px\" class=\"detail-desc-decorate-title\">Varotoimet ennen ostamista.<\/p>\n<p style=\"font-family:OpenSans;font-size:14px;font-weight:300;line-height:20px;white-space:pre-wrap;color:rgb(0, 0, 0);margin-bottom:12px\" class=\"detail-desc-decorate-content\">1. Koska s\u00e4hk\u00f6potkulaudat ovat litiumakulla varustettuja, ne ovat kansainv\u00e4lisesti kiellettyj\u00e4 tavaroita. Meid\u00e4n on toimitettava ne erityisell\u00e4 tavalla. Yleens\u00e4 niit\u00e4 ei ole mahdollista kuljettaa, joten l\u00e4het\u00e4mme ne ensin Shenzheniin, sitten Hongkongiin ja sitten Eurooppaan\/Ven\u00e4j\u00e4lle\/USA:han\/Australiaan\/Kanadaan jne. Yleens\u00e4 l\u00e4het\u00e4mme ne junalla Eurooppaan\/Ven\u00e4j\u00e4lle ja meritse Yhdysvaltoihin. Sitten toimittavat ne UPS:n\/FedExin ja muiden logistiikkayritysten kautta. Jos haluat meid\u00e4n toimittavan sen lentoteitse, joudut maksamaan paljon korkeammat lis\u00e4maksut.<\/p>\n<p>2. Seurantanumeroa ei voida j\u00e4ljitt\u00e4\u00e4 ennen kaupan loppuun saattamista. Jos voit seurata sit\u00e4, saat skootterin useita p\u00e4ivi\u00e4 my\u00f6hemmin. Odota k\u00e4rsiv\u00e4llisesti ennen sit\u00e4. Yleens\u00e4 noin 35\u201340 p\u00e4iv\u00e4n kuluttua. Seurantatiedot p\u00e4ivittyv\u00e4t ja paketti l\u00e4hetet\u00e4\u00e4n kotiisi noin 40\u201360 p\u00e4iv\u00e4n kuluessa.<\/p>\n<p>3. Yll\u00e4 oleva on arvio toimitusajasta kokemuksemme perusteella. Teemme parhaamme tarjotaksemme luotettavan toimituspalvelun ja toivomme, ett\u00e4 tilauksesi saapuvat ajoissa. Toimitus voi kuitenkin viiv\u00e4sty\u00e4 tulliselvityksen, pyh\u00e4p\u00e4ivien, huonon s\u00e4\u00e4n, lentolakon, hurrikaani Sandyn ja muiden vastaavien tekij\u00f6iden vuoksi. Kiitos ymm\u00e4rryksest\u00e4si!<\/p>\n<\/div>\n<div><\/div>\n<\/div>\n<\/div>\n<p><\/p>","protected":false},"excerpt":{"rendered":"<p>Tire Size:&nbsp;10 inch Model Number:&nbsp;DH0305 Category:&nbsp;Four-wheel Scooter Applicable People:&nbsp;Unisex Range Per Charge:&nbsp;60-80km Charging Time:&nbsp;8-10h Voltage:&nbsp;36v Folded:&nbsp;YES Power (W):&nbsp;201-500W Origin:&nbsp;Mainland China Name:&nbsp;Mobility electric scooter Motor:&nbsp;250W dual rear wheels motor Battery:&nbsp;36V10.4Ah \/36v15.6AH<\/p>","protected":false},"featured_media":7735,"comment_status":"open","ping_status":"closed","template":"","meta":{"_acf_changed":false},"product_brand":[],"product_cat":[301],"product_tag":[],"class_list":{"0":"post-7734","1":"product","2":"type-product","3":"status-publish","4":"has-post-thumbnail","6":"product_cat-electric-mobility-scooters","8":"first","9":"instock","10":"shipping-taxable","11":"purchasable","12":"product-type-variable"},"acf":[],"_links":{"self":[{"href":"https:\/\/www.electricstore.eu\/fi\/wp-json\/wp\/v2\/product\/7734","targetHints":{"allow":["GET"]}}],"collection":[{"href":"https:\/\/www.electricstore.eu\/fi\/wp-json\/wp\/v2\/product"}],"about":[{"href":"https:\/\/www.electricstore.eu\/fi\/wp-json\/wp\/v2\/types\/product"}],"replies":[{"embeddable":true,"href":"https:\/\/www.electricstore.eu\/fi\/wp-json\/wp\/v2\/comments?post=7734"}],"wp:featuredmedia":[{"embeddable":true,"href":"https:\/\/www.electricstore.eu\/fi\/wp-json\/wp\/v2\/media\/7735"}],"wp:attachment":[{"href":"https:\/\/www.electricstore.eu\/fi\/wp-json\/wp\/v2\/media?parent=7734"}],"wp:term":[{"taxonomy":"product_brand","embeddable":true,"href":"https:\/\/www.electricstore.eu\/fi\/wp-json\/wp\/v2\/product_brand?post=7734"},{"taxonomy":"product_cat","embeddable":true,"href":"https:\/\/www.electricstore.eu\/fi\/wp-json\/wp\/v2\/product_cat?post=7734"},{"taxonomy":"product_tag","embeddable":true,"href":"https:\/\/www.electricstore.eu\/fi\/wp-json\/wp\/v2\/product_tag?post=7734"}],"curies":[{"name":"wp","href":"https:\/\/api.w.org\/{rel}","templated":true}]}}