{"id":7723,"date":"2025-05-15T19:52:37","date_gmt":"2025-05-15T19:52:37","guid":{"rendered":"https:\/\/electricstore.eu\/product\/electric-mobility-scooter\/"},"modified":"2025-05-21T05:40:10","modified_gmt":"2025-05-21T05:40:10","slug":"electric-mobility-scooter","status":"publish","type":"product","link":"https:\/\/www.electricstore.eu\/fi\/p\/electric-mobility-scooters\/electric-mobility-scooter\/","title":{"rendered":"ZHANGU DH0305 500W 36V 10.5Ah &lt;30km\/h 40-60km 10&quot; s\u00e4hk\u00f6potkulauta"},"content":{"rendered":"<div class=\"product-specs-list-container\">\n<ul class=\"product-specs-list util-clearfix\">\n<li class=\"product-prop line-limit-length\"><span\n                                        class=\"property-title\">Luokka:&nbsp;<\/span><span\n                                        class=\"property-desc line-limit-length\">Nelipy\u00f6r\u00e4inen skootteri<\/span>\n                            <\/li>\n<li class=\"product-prop line-limit-length\"><span\n                                        class=\"property-title\">Sovellettavat henkil\u00f6t:&nbsp;<\/span><span\n                                        class=\"property-desc line-limit-length\">Unisex<\/span>\n                            <\/li>\n<li class=\"product-prop line-limit-length\"><span\n                                        class=\"property-title\">Kantama per lataus:&nbsp;<\/span><span\n                                        class=\"property-desc line-limit-length\">40\u201360 km<\/span>\n                            <\/li>\n<li class=\"product-prop line-limit-length\"><span\n                                        class=\"property-title\">Latausaika:&nbsp;<\/span><span\n                                        class=\"property-desc line-limit-length\">1\u20132 tuntia<\/span>\n                            <\/li>\n<li class=\"product-prop line-limit-length\"><span\n                                        class=\"property-title\">J\u00e4nnite:&nbsp;<\/span><span\n                                        class=\"property-desc line-limit-length\">36V<\/span>\n                            <\/li>\n<li class=\"product-prop line-limit-length\"><span\n                                        class=\"property-title\">Taitettu:&nbsp;<\/span><span\n                                        class=\"property-desc line-limit-length\">Ei<\/span>\n                            <\/li>\n<li class=\"product-prop line-limit-length\"><span\n                                        class=\"property-title\">Alkuper\u00e4:&nbsp;<\/span><span\n                                        class=\"property-desc line-limit-length\">Manner-Kiina<\/span>\n                            <\/li>\n<li class=\"product-prop line-limit-length\"><span\n                                        class=\"property-title\">Teho (W):&nbsp;<\/span><span\n                                        class=\"property-desc line-limit-length\">201\u2013500 W<\/span>\n                            <\/li>\n<li class=\"product-prop line-limit-length\"><span\n                                        class=\"property-title\">Tuotemerkki:&nbsp;<\/span><span\n                                        class=\"property-desc line-limit-length\">Zhangu<\/span>\n                            <\/li>\n<li class=\"product-prop line-limit-length\"><span\n                                        class=\"property-title\">Alkuper\u00e4paikka:&nbsp;<\/span><span\n                                        class=\"property-desc line-limit-length\">Zhejiang, Kiina<\/span>\n                            <\/li>\n<li class=\"product-prop line-limit-length\"><span\n                                        class=\"property-title\">Mallinumero:&nbsp;<\/span><span\n                                        class=\"property-desc line-limit-length\">DH0305<\/span>\n                            <\/li>\n<li class=\"product-prop line-limit-length\"><span\n                                        class=\"property-title\">Vaihteet:&nbsp;<\/span><span\n                                        class=\"property-desc line-limit-length\">3 nopeutta<\/span>\n                            <\/li>\n<li class=\"product-prop line-limit-length\"><span\n                                        class=\"property-title\">Tehoalue:&nbsp;<\/span><span\n                                        class=\"property-desc line-limit-length\">31\u201360 km<\/span>\n                            <\/li>\n<li class=\"product-prop line-limit-length\"><span\n                                        class=\"property-title\">Rungon materiaali:&nbsp;<\/span><span\n                                        class=\"property-desc line-limit-length\">Ter\u00e4s<\/span>\n                            <\/li>\n<li class=\"product-prop line-limit-length\"><span\n                                        class=\"property-title\">Renkaan koko:&nbsp;<\/span><span\n                                        class=\"property-desc line-limit-length\">10 tuumaa<\/span>\n                            <\/li>\n<li class=\"product-prop line-limit-length\"><span\n                                        class=\"property-title\">Suurin nopeus:&nbsp;<\/span><span\n                                        class=\"property-desc line-limit-length\">&lt;30 km\/h<\/span>\n                            <\/li>\n<li class=\"product-prop line-limit-length\"><span\n                                        class=\"property-title\">Virtal\u00e4hde:&nbsp;<\/span><span\n                                        class=\"property-desc line-limit-length\">litiumparisto<\/span>\n                            <\/li>\n<li class=\"product-prop line-limit-length\"><span\n                                        class=\"property-title\">Jarrutusj\u00e4rjestelm\u00e4:&nbsp;<\/span><span\n                                        class=\"property-desc line-limit-length\">Levyjarru<\/span>\n                            <\/li>\n<li class=\"product-prop line-limit-length\"><span\n                                        class=\"property-title\">V\u00e4\u00e4nt\u00f6momentti:&nbsp;<\/span><span\n                                        class=\"property-desc line-limit-length\">30\u201350 Nm<\/span>\n                            <\/li>\n<li class=\"product-prop line-limit-length\"><span\n                                        class=\"property-title\">Latausaika:&nbsp;<\/span><span\n                                        class=\"property-desc line-limit-length\">&gt;3 tuntia<\/span>\n                            <\/li>\n<li class=\"product-prop line-limit-length\"><span\n                                        class=\"property-title\">Moottorin asento:&nbsp;<\/span><span\n                                        class=\"property-desc line-limit-length\">Takanavan moottori<\/span>\n                            <\/li>\n<li class=\"product-prop line-limit-length\"><span\n                                        class=\"property-title\">Akun sijainti:&nbsp;<\/span><span\n                                        class=\"property-desc line-limit-length\">Integroitu akku<\/span>\n                            <\/li>\n<li class=\"product-prop line-limit-length\"><span\n                                        class=\"property-title\">Akun kapasiteetti:&nbsp;<\/span><span\n                                        class=\"property-desc line-limit-length\">10,5 Ah<\/span>\n                            <\/li>\n<li class=\"product-prop line-limit-length\"><span\n                                        class=\"property-title\">Tuotteen nimi:&nbsp;<\/span><span\n                                        class=\"property-desc line-limit-length\">S\u00e4hk\u00f6moottoripy\u00f6r\u00e4<\/span>\n                            <\/li>\n<li class=\"product-prop line-limit-length\"><span\n                                        class=\"property-title\">Moottorin teho:&nbsp;<\/span><span\n                                        class=\"property-desc line-limit-length\">250 W:n kaksoismoottori takana<\/span>\n                            <\/li>\n<li class=\"product-prop line-limit-length\"><span\n                                        class=\"property-title\">Akku:&nbsp;<\/span><span\n                                        class=\"property-desc line-limit-length\">36V10.4AH - 36V45AH<\/span>\n                            <\/li>\n<li class=\"product-prop line-limit-length\"><span\n                                        class=\"property-title\">Moottori:&nbsp;<\/span><span\n                                        class=\"property-desc line-limit-length\">Harjaton<\/span>\n                            <\/li>\n<li class=\"product-prop line-limit-length\"><span\n                                        class=\"property-title\">Maksimikuormitus:&nbsp;<\/span><span\n                                        class=\"property-desc line-limit-length\">120 kg<\/span>\n                            <\/li>\n<li class=\"product-prop line-limit-length\"><span\n                                        class=\"property-title\">Alue:&nbsp;<\/span><span\n                                        class=\"property-desc line-limit-length\">25 km<\/span>\n                            <\/li>\n<li class=\"product-prop line-limit-length\"><span\n                                        class=\"property-title\">Ohjain:&nbsp;<\/span><span\n                                        class=\"property-desc line-limit-length\">\u00c4lyk\u00e4s ohjain<\/span>\n                            <\/li>\n<li class=\"product-prop line-limit-length\"><span\n                                        class=\"property-title\">Materiaali:&nbsp;<\/span><span\n                                        class=\"property-desc line-limit-length\">Korkean vetolujuuden ter\u00e4s<\/span>\n                            <\/li>\n<li class=\"product-prop line-limit-length\"><span\n                                        class=\"property-title\">Sertifiointi:&nbsp;<\/span><span\n                                        class=\"property-desc line-limit-length\">ce<\/span>\n                            <\/li>\n<li class=\"product-prop line-limit-length\"><span\n                                        class=\"property-title\">Todistus:&nbsp;<\/span><span\n                                        class=\"property-desc line-limit-length\"><\/span>\n                            <\/li>\n<\/ul><\/div>\n<div class=\"detailmodule_html\">\n<div class=\"detail-desc-decorate-richtext\">\n<div>\n<div>\n<div>\u00a0<\/div>\n<div id=\"detail_decorate_root\">\n<div>\n<div id=\"ali-anchor-AliMagic-5d4zru\">Tuotekuvaus<\/div>\n<\/div>\n<div>\n<div>\n<div>\n<div>\n<div>\n<div><img decoding=\"async\" class=\"magic-3\" src=\"https:\/\/ae01.alicdn.com\/kf\/S65346f3ff9684171bdb54084884cf8b4u.jpg?width=1007&amp;height=997&amp;hash=2004\" slate-data-type=\"image\"\/><\/div>\n<\/div>\n<\/div>\n<\/div>\n<\/div>\n<\/div>\n<div>\n<div>\n<table style=\"border-collapse:collapse\" class=\"has-title all magic-4\">\n<tbody>\n<tr>\n<td>\n<div><strong>Mallinumero\u00a0<\/strong><\/div>\n<\/td>\n<td>\n<div>DH0305<\/div>\n<\/td>\n<td>\n<div>\u00a0<\/div>\n<\/td>\n<td>\n<div>\u00a0<\/div>\n<\/td>\n<\/tr>\n<tr>\n<td>\n<div><strong>Moottori<\/strong><\/div>\n<\/td>\n<td>\n<div>500 W:n harjaton takamoottori<\/div>\n<\/td>\n<td>\n<div><strong>Kehys<\/strong><\/div>\n<\/td>\n<td>\n<div>Korkealaatuinen hiiliter\u00e4s<\/div>\n<\/td>\n<\/tr>\n<tr>\n<td>\n<div><strong>Akku<\/strong><\/div>\n<\/td>\n<td>\n<div>36 V 10 Ah\u201315,6 Ah litiumparisto<\/div>\n<\/td>\n<td>\n<div><strong>Etu- ja takarenkaat<\/strong><\/div>\n<\/td>\n<td>\n<div>10\/8 tuuman renkaat<\/div>\n<\/td>\n<\/tr>\n<tr>\n<td>\n<div><strong>Laturi<\/strong><\/div>\n<\/td>\n<td>\n<div>100\u2013240 V, 50\u201360 Hz, \u00e4lyk\u00e4s laturi<\/div>\n<\/td>\n<td>\n<div><strong>Ohjaustanko<\/strong><\/div>\n<\/td>\n<td>\n<div>Alumiiniseos<\/div>\n<\/td>\n<\/tr>\n<tr>\n<td>\n<div><strong>Ohjain<\/strong><\/div>\n<\/td>\n<td>\n<div>Tehokas \u00e4lyk\u00e4s ohjain<\/div>\n<\/td>\n<td>\n<div><strong>Ote<\/strong><\/div>\n<\/td>\n<td>\n<div>Mukava ote<\/div>\n<\/td>\n<\/tr>\n<tr>\n<td>\n<div><strong>N\u00e4ytt\u00f6<\/strong><\/div>\n<\/td>\n<td>\n<div>LED-n\u00e4ytt\u00f6<\/div>\n<\/td>\n<td>\n<div><strong>Satula<\/strong><\/div>\n<\/td>\n<td>\n<div>Pehme\u00e4 tuplasatula<\/div>\n<\/td>\n<\/tr>\n<tr>\n<td>\n<div><strong>Valo<\/strong><\/div>\n<\/td>\n<td>\n<div>LED-valo\u00a0<\/div>\n<\/td>\n<td>\n<div><strong>V\u00e4ri<\/strong><\/div>\n<\/td>\n<td>\n<div>Avata<\/div>\n<\/td>\n<\/tr>\n<tr>\n<td colspan=\"4\">\n<div>\u00a0<\/div>\n<\/td>\n<td class=\"magic-11\">\n<div>\u00a0<\/div>\n<\/td>\n<td class=\"magic-11\">\n<div>\u00a0<\/div>\n<\/td>\n<td class=\"magic-11\">\n<div>\u00a0<\/div>\n<\/td>\n<\/tr>\n<tr>\n<td>\n<div><strong>Suurin nopeus<\/strong><\/div>\n<\/td>\n<td>\n<div>18 km\/h<\/div>\n<\/td>\n<td>\n<div><strong>Tuotteen koko<\/strong><\/div>\n<\/td>\n<td>\n<div>980 * 550 * 830 mm<\/div>\n<\/td>\n<\/tr>\n<tr>\n<td>\n<div><strong>Ajoet\u00e4isyys<\/strong><\/div>\n<\/td>\n<td>\n<div>25 km<\/div>\n<\/td>\n<td>\n<div><strong>Pakkauskoko<\/strong><\/div>\n<\/td>\n<td>\n<div>575 * 400 * 720 mm<\/div>\n<\/td>\n<\/tr>\n<tr>\n<td>\n<div><strong>Latausaika<\/strong><\/div>\n<\/td>\n<td>\n<div>5 tuntia<\/div>\n<\/td>\n<td>\n<div>\u00a0<\/div>\n<\/td>\n<td>\n<div>\u00a0<\/div>\n<\/td>\n<\/tr>\n<tr>\n<td>\n<div><strong>Maksimikuormitus<\/strong><\/div>\n<\/td>\n<td>\n<div>120 kg<\/div>\n<\/td>\n<td>\n<div>\u00a0<\/div>\n<\/td>\n<td>\n<div>\u00a0<\/div>\n<\/td>\n<\/tr>\n<\/tbody>\n<\/table>\n<\/div>\n<\/div>\n<div>\n<div id=\"ali-anchor-AliMagic-o1csom\">Tuotekuvat<\/div>\n<\/div>\n<div>\n<div>\n<div>\n<div>\n<div>\n<div><img decoding=\"async\" class=\"magic-14\" src=\"https:\/\/ae01.alicdn.com\/kf\/Se1e040235e9846b8bb063af2468f694c2.jpg?width=631&amp;height=631&amp;hash=1262\" slate-data-type=\"image\"\/><\/div>\n<\/div>\n<\/div>\n<\/div>\n<\/div>\n<\/div>\n<div>\n<div>\n<div>\n<div>\n<div>\n<div><img decoding=\"async\" class=\"magic-15\" src=\"https:\/\/ae01.alicdn.com\/kf\/S76a2495475da433e8ed55ec374928a3fF.jpg?width=1000&amp;height=1000&amp;hash=2000\" slate-data-type=\"image\"\/><\/div>\n<\/div>\n<\/div>\n<\/div>\n<\/div>\n<\/div>\n<div>\n<div>\n<div>\n<div>\n<div>\n<div><img decoding=\"async\" class=\"magic-17\" src=\"https:\/\/ae01.alicdn.com\/kf\/S616be776d11341b7864980594822f8a1Q.jpg?width=649&amp;height=650&amp;hash=1299\" slate-data-type=\"image\"\/><\/div>\n<div><img decoding=\"async\" class=\"magic-19\" src=\"https:\/\/ae01.alicdn.com\/kf\/S73267641890a4d88ae4e3f39032cd597m.jpg?width=650&amp;height=649&amp;hash=1299\" slate-data-type=\"image\"\/><\/div>\n<\/div>\n<\/div>\n<\/div>\n<\/div>\n<\/div>\n<div>\n<div>\n<div>\n<div>\n<div>\n<div><img decoding=\"async\" class=\"magic-21\" src=\"https:\/\/ae01.alicdn.com\/kf\/S1cd4cd6aa0a5496c889f1933cfd987cbe.jpg?width=970&amp;height=1500&amp;hash=2470\" slate-data-type=\"image\"\/><\/div>\n<\/div>\n<\/div>\n<\/div>\n<\/div>\n<\/div>\n<div>\n<div>\n<div>\n<div>\n<div>\n<div><img decoding=\"async\" class=\"magic-23\" src=\"https:\/\/ae01.alicdn.com\/kf\/S9a4792b775d54a9498ae331261cca280e.jpg?width=1265&amp;height=1500&amp;hash=2765\" slate-data-type=\"image\"\/><\/div>\n<\/div>\n<\/div>\n<\/div>\n<\/div>\n<\/div>\n<div>\n<div>\n<div>\n<div>\n<div>\n<div><img decoding=\"async\" class=\"magic-25\" src=\"https:\/\/ae01.alicdn.com\/kf\/Se434e2a48d80405d990cb55432385d948.jpg?width=1352&amp;height=1500&amp;hash=2852\" slate-data-type=\"image\"\/><\/div>\n<\/div>\n<\/div>\n<\/div>\n<\/div>\n<\/div>\n<div>\n<div>\n<div>\n<div>\n<div>\n<div><img decoding=\"async\" class=\"magic-27\" src=\"https:\/\/ae01.alicdn.com\/kf\/S32ea4943f3924d5584b71dd45e45df53S.jpg?width=1000&amp;height=750&amp;hash=1750\" slate-data-type=\"image\"\/><\/div>\n<\/div>\n<\/div>\n<\/div>\n<\/div>\n<\/div>\n<div>\n<div id=\"ali-anchor-AliMagic-qqhum3\">Yrityksemme<\/div>\n<\/div>\n<div>\n<div>\n<div>\n<div>\n<div>\n<div><img decoding=\"async\" class=\"magic-29\" src=\"https:\/\/ae01.alicdn.com\/kf\/Sb0b0449c0dcf4df0aa0e69a41b0dbb92S.jpg?width=750&amp;height=400&amp;hash=1150\" slate-data-type=\"image\"\/><\/div>\n<\/div>\n<\/div>\n<\/div>\n<\/div>\n<\/div>\n<div>\n<div>\n<div>\n<div>\n<div>\n<div><img decoding=\"async\" class=\"magic-30\" src=\"https:\/\/ae01.alicdn.com\/kf\/S164111958a284dd08f5012fa8fb1ed21q.jpg?width=4032&amp;height=3024&amp;hash=7056\" slate-data-type=\"image\"\/><\/div>\n<\/div>\n<\/div>\n<\/div>\n<\/div>\n<\/div>\n<div>\n<div>\n<div>\n<div>\n<div>\n<div>\n<div>\u00a0<\/div>\n<div><span> Yongkang Dahai Industry and Trade Co., LTD. perustettiin vuonna 2011, ja sill\u00e4 on laaja kokemus s\u00e4hk\u00f6ajoneuvoteollisuudesta. Tarjoamme luotettavia s\u00e4hk\u00f6ajoneuvoratkaisuja, kuten s\u00e4hk\u00f6potkulaudoita ja s\u00e4hk\u00f6moottoripy\u00f6ri\u00e4. Tarjoamme OEM- ja ODM-palveluita; Tuotteitamme myyd\u00e4\u00e4n yli 50 maassa ja alueella ymp\u00e4ri maailmaa; Meill\u00e4 on CE-, ROSH-, FCC- ja muita kansainv\u00e4lisi\u00e4 sertifikaatteja sek\u00e4 useita tuotepatentteja; Meill\u00e4 on vahvat tuotesuunnittelu- ja kehityskyvyt, tiukat hallinta- ja laadunvalvontaj\u00e4rjestelm\u00e4t; Ammattitaitoinen ulkomaankauppatiimimme on t\u00e4ynn\u00e4 intoa palvella asiakkaita ja pyrkii kehitykseen ja huippuosaamiseen kilpailussa; Toivomme, ett\u00e4 meill\u00e4 on mahdollisuus luoda pitk\u00e4aikaista yhteisty\u00f6t\u00e4 ja win-win-tilannetta kanssasi!<\/span><\/div>\n<div>\u00a0<\/div>\n<\/div>\n<\/div>\n<\/div>\n<\/div>\n<\/div>\n<\/div>\n<div>\u00a0<\/div>\n<div>\n<div id=\"ali-anchor-AliMagic-22j5mo\">Sertifioinnit<\/div>\n<\/div>\n<div>\n<div>\n<div>\n<div>\n<div>\n<div><img decoding=\"async\" class=\"magic-41\" src=\"https:\/\/ae01.alicdn.com\/kf\/S6dfa9042940d4bd79773e8c3f2e3d3acI.jpg?width=790&amp;height=953&amp;hash=1743\" slate-data-type=\"image\"\/><\/div>\n<\/div>\n<\/div>\n<\/div>\n<\/div>\n<\/div>\n<div>\n<div id=\"ali-anchor-AliMagic-uhh5q1\">Ostajan arvostelut<\/div>\n<\/div>\n<div>\u00a0<\/div>\n<div>\n<div id=\"ali-anchor-AliMagic-kpnqam\">Pakkaus ja toimitus<\/div>\n<\/div>\n<div>\n<div>\n<div>\n<div>\n<div>\n<div><img decoding=\"async\" class=\"magic-47\" src=\"https:\/\/ae01.alicdn.com\/kf\/S32ea4943f3924d5584b71dd45e45df53S.jpg?width=1000&amp;height=750&amp;hash=1750\" slate-data-type=\"image\"\/><\/div>\n<\/div>\n<div>\u00a0<\/div>\n<div>\u00a0<\/div>\n<\/div>\n<div>\n<div>\n<div><img decoding=\"async\" class=\"magic-50\" src=\"https:\/\/ae01.alicdn.com\/kf\/S09841dbaae10458eba8ca805856c4f68a.jpg?width=1440&amp;height=1080&amp;hash=2520\" slate-data-type=\"image\"\/><\/div>\n<\/div>\n<div>\u00a0<\/div>\n<div>\u00a0<\/div>\n<\/div>\n<div>\n<div>\n<div><img decoding=\"async\" class=\"magic-50\" src=\"https:\/\/ae01.alicdn.com\/kf\/S6f3348679c394569902e96ab82057e0b1.jpg?width=1440&amp;height=1080&amp;hash=2520\" slate-data-type=\"image\"\/><\/div>\n<\/div>\n<div>\u00a0<\/div>\n<div>\u00a0<\/div>\n<\/div>\n<\/div>\n<\/div>\n<\/div>\n<div>\n<div id=\"ali-anchor-AliMagic-yqexns\">Palvelumme<\/div>\n<\/div>\n<div>\n<div>\n<div>\n<div>\n<div>\n<div>\n<div>1. OEM on sallittu<\/p>\n<p>2. N\u00e4ytetilaus<\/p>\n<p>3. Vastaamme kyselyysi 24 tunnin kuluessa.<\/p>\n<p>4. L\u00e4hetyksen j\u00e4lkeen seuraamme tuotteita puolestasi kahden p\u00e4iv\u00e4n v\u00e4lein, kunnes saat ne. Kun olet saanut tavarat, testaa ne ja anna minulle palautetta. Jos sinulla on kysytt\u00e4v\u00e4\u00e4 ongelmasta, ota meihin yhteytt\u00e4, tarjoamme ratkaisun sinulle.<\/p>\n<p><span>5. Takuuaikamme on seuraava:<br \/>\u25c612 kuukautta s\u00e4hk\u00f6moottorille<br \/>\u25c612 kuukautta litiumioniakulle<br \/>\u25c6 24 kuukautta rungolle.<br \/>\u25c612 kuukautta ohjaimelle.<br \/>\u25c612 kuukautta laturille.<br \/>\u25c66 kuukautta muille osille.<\/span><\/div>\n<p class=\"magic-35\">.<\/p>\n<\/div>\n<\/div>\n<\/div>\n<\/div>\n<\/div>\n<\/div>\n<div>\n<div id=\"ali-anchor-AliMagic-yvqitf\">Usein kysytyt kysymykset<\/div>\n<\/div>\n<div>\n<div>\n<div>\n<div>\n<div>\n<div>\n<p class=\"magic-35\"><strong>K1. Mitk\u00e4 ovat pakkausehtosi? <\/strong><br \/>A: Yleens\u00e4 pakkaamme tavaramme neutraalin valkoisiin laatikoihin ja ruskeisiin pahvilaatikoihin. Jos sinulla on laillisesti rekister\u00f6ity patentti, voimme pakata tavarat merkkituotteisiisi saatuamme valtuutuskirjeesi.<\/p>\n<p><strong>K2. Mitk\u00e4 ovat maksuehtosi?<\/strong><br \/>A: T\/T 30% talletuksena ja 70% ennen toimitusta. N\u00e4yt\u00e4mme sinulle tuotteiden ja pakettien kuvat ennen kuin maksat loppusumman.<\/p>\n<p><strong>K3. Mitk\u00e4 ovat toimitusehtonne?<\/strong><br \/>V: EXW, FOB, CIF.<\/p>\n<p><strong>K4. Ent\u00e4 toimitusaikasi?<\/strong><br \/>V: Yleens\u00e4 ennakkomaksun vastaanottamisesta kest\u00e4\u00e4 30\u201360 p\u00e4iv\u00e4\u00e4. Tarkka toimitusaika riippuu tilauksen tuotteista ja m\u00e4\u00e4r\u00e4st\u00e4.<\/p>\n<p><strong>K5. Voitteko tuottaa n\u00e4ytteiden mukaan?<\/strong><br \/>V: Kyll\u00e4, voimme valmistaa n\u00e4ytteidenne tai teknisten piirustustenne perusteella. Voimme rakentaa muotit ja kalusteet.<\/p>\n<p><strong>K6. Mik\u00e4 on n\u00e4ytek\u00e4yt\u00e4nt\u00f6nne?<\/strong><br \/>V: Voimme toimittaa n\u00e4ytteen, jos meill\u00e4 on valmiita osia varastossa, mutta asiakkaiden on maksettava n\u00e4ytteen hinta ja kuriirikulut.<\/p>\n<p><strong>K7. Testaatteko kaikki tavaranne ennen toimitusta?<\/strong><br \/>V: Kyll\u00e4, meill\u00e4 on 100%-testi ennen toimitusta<\/p>\n<p><strong>K8: Miten teet liiketoiminnastamme pitk\u00e4aikaisen ja hyv\u00e4n suhteen?<\/strong><br \/>A: 1. Pid\u00e4mme yll\u00e4 hyv\u00e4\u00e4 laatua ja kilpailukykyist\u00e4 hintaa varmistaaksemme asiakkaidemme hy\u00f6dyn; 2. Kunnioitamme jokaista asiakasta yst\u00e4v\u00e4n\u00e4mme ja teemme vilpitt\u00f6m\u00e4sti liiketoimintaa ja yst\u00e4vystymme heid\u00e4n kanssaan riippumatta siit\u00e4, mist\u00e4 he tulevat.<\/p>\n<p><strong>K9: Voimmeko tehd\u00e4 logomme tai br\u00e4ndimme moottoripy\u00f6r\u00e4\u00e4n?<\/strong><br \/>V: Kyll\u00e4, hyv\u00e4ksymme OEM:n.<\/p>\n<\/div>\n<\/div>\n<\/div>\n<\/div>\n<\/div>\n<\/div>\n<\/div>\n<\/div>\n<\/div>\n<div><\/div>\n<\/div>\n<\/div>\n<p><\/p>","protected":false},"excerpt":{"rendered":"<p>Category:&nbsp;Four-wheel Scooter Applicable People:&nbsp;Unisex Range Per Charge:&nbsp;40-60km Charging Time:&nbsp;1-2h Voltage:&nbsp;36V Folded:&nbsp;No Origin:&nbsp;Mainland China Power (W):&nbsp;201-500W Brand Name:&nbsp;ZHANGU Place of Origin:&nbsp;Zhejiang, China Model Number:&nbsp;DH0305 Gears:&nbsp;3 Speed Range per Power:&nbsp;31 &#8211; 60<\/p>","protected":false},"featured_media":7724,"comment_status":"open","ping_status":"closed","template":"","meta":{"_acf_changed":false},"product_brand":[],"product_cat":[301],"product_tag":[],"class_list":{"0":"post-7723","1":"product","2":"type-product","3":"status-publish","4":"has-post-thumbnail","6":"product_cat-electric-mobility-scooters","8":"first","9":"instock","10":"shipping-taxable","11":"purchasable","12":"product-type-variable"},"acf":[],"_links":{"self":[{"href":"https:\/\/www.electricstore.eu\/fi\/wp-json\/wp\/v2\/product\/7723","targetHints":{"allow":["GET"]}}],"collection":[{"href":"https:\/\/www.electricstore.eu\/fi\/wp-json\/wp\/v2\/product"}],"about":[{"href":"https:\/\/www.electricstore.eu\/fi\/wp-json\/wp\/v2\/types\/product"}],"replies":[{"embeddable":true,"href":"https:\/\/www.electricstore.eu\/fi\/wp-json\/wp\/v2\/comments?post=7723"}],"wp:featuredmedia":[{"embeddable":true,"href":"https:\/\/www.electricstore.eu\/fi\/wp-json\/wp\/v2\/media\/7724"}],"wp:attachment":[{"href":"https:\/\/www.electricstore.eu\/fi\/wp-json\/wp\/v2\/media?parent=7723"}],"wp:term":[{"taxonomy":"product_brand","embeddable":true,"href":"https:\/\/www.electricstore.eu\/fi\/wp-json\/wp\/v2\/product_brand?post=7723"},{"taxonomy":"product_cat","embeddable":true,"href":"https:\/\/www.electricstore.eu\/fi\/wp-json\/wp\/v2\/product_cat?post=7723"},{"taxonomy":"product_tag","embeddable":true,"href":"https:\/\/www.electricstore.eu\/fi\/wp-json\/wp\/v2\/product_tag?post=7723"}],"curies":[{"name":"wp","href":"https:\/\/api.w.org\/{rel}","templated":true}]}}