{"id":7705,"date":"2025-05-15T19:49:11","date_gmt":"2025-05-15T19:49:11","guid":{"rendered":"https:\/\/electricstore.eu\/product\/m10-72v-50ah-10000w-dual-drive-electric-motorbike\/"},"modified":"2025-05-21T05:40:10","modified_gmt":"2025-05-21T05:40:10","slug":"m10-72v-50ah-10000w-dual-drive-electric-motorbike","status":"publish","type":"product","link":"https:\/\/www.electricstore.eu\/fi\/p\/motorbikes\/electric-minibikes\/m10-72v-50ah-10000w-dual-drive-electric-motorbike\/","title":{"rendered":"Electric M10 10000W &gt;60V 50Ah 50-70km\/h 60-80km 14\u2033 kaksoisvetoinen s\u00e4hk\u00f6moottoripy\u00f6r\u00e4"},"content":{"rendered":"<div class=\"product-specs-list-container\">\n<ul class=\"product-specs-list util-clearfix\">\n<li class=\"product-prop line-limit-length\"><span\n                                        class=\"property-title\">Mallinumero:&nbsp;<\/span><span\n                                        class=\"property-desc line-limit-length\">M10<\/span>\n                            <\/li>\n<li class=\"product-prop line-limit-length\"><span\n                                        class=\"property-title\">Luokka:&nbsp;<\/span><span\n                                        class=\"property-desc line-limit-length\">Kaksipy\u00f6r\u00e4inen skootteri<\/span>\n                            <\/li>\n<li class=\"product-prop line-limit-length\"><span\n                                        class=\"property-title\">Sovellettavat henkil\u00f6t:&nbsp;<\/span><span\n                                        class=\"property-desc line-limit-length\">Unisex<\/span>\n                            <\/li>\n<li class=\"product-prop line-limit-length\"><span\n                                        class=\"property-title\">Kantama per lataus:&nbsp;<\/span><span\n                                        class=\"property-desc line-limit-length\">60\u201380 km<\/span>\n                            <\/li>\n<li class=\"product-prop line-limit-length\"><span\n                                        class=\"property-title\">Latausaika:&nbsp;<\/span><span\n                                        class=\"property-desc line-limit-length\">klo 8\u201310<\/span>\n                            <\/li>\n<li class=\"product-prop line-limit-length\"><span\n                                        class=\"property-title\">J\u00e4nnite:&nbsp;<\/span><span\n                                        class=\"property-desc line-limit-length\">&gt;60 V<\/span>\n                            <\/li>\n<li class=\"product-prop line-limit-length\"><span\n                                        class=\"property-title\">Taitettu:&nbsp;<\/span><span\n                                        class=\"property-desc line-limit-length\">Ei<\/span>\n                            <\/li>\n<li class=\"product-prop line-limit-length\"><span\n                                        class=\"property-title\">Alkuper\u00e4:&nbsp;<\/span><span\n                                        class=\"property-desc line-limit-length\">Manner-Kiina<\/span>\n                            <\/li>\n<li class=\"product-prop line-limit-length\"><span\n                                        class=\"property-title\">Teho (W):&nbsp;<\/span><span\n                                        class=\"property-desc line-limit-length\">10000W<\/span>\n                            <\/li>\n<li class=\"product-prop line-limit-length\"><span\n                                        class=\"property-title\">alkuper\u00e4maa:&nbsp;<\/span><span\n                                        class=\"property-desc line-limit-length\">Kiina<\/span>\n                            <\/li>\n<li class=\"product-prop line-limit-length\"><span\n                                        class=\"property-title\">merkki:&nbsp;<\/span><span\n                                        class=\"property-desc line-limit-length\">MM<\/span>\n                            <\/li>\n<li class=\"product-prop line-limit-length\"><span\n                                        class=\"property-title\">Malli:&nbsp;<\/span><span\n                                        class=\"property-desc line-limit-length\">M10<\/span>\n                            <\/li>\n<li class=\"product-prop line-limit-length\"><span\n                                        class=\"property-title\">latausaika:&nbsp;<\/span><span\n                                        class=\"property-desc line-limit-length\">6\u20138 tuntia<\/span>\n                            <\/li>\n<li class=\"product-prop line-limit-length\"><span\n                                        class=\"property-title\">Pit\u00e4\u00e4k\u00f6 taittaa:&nbsp;<\/span><span\n                                        class=\"property-desc line-limit-length\">Kyll\u00e4<\/span>\n                            <\/li>\n<li class=\"product-prop line-limit-length\"><span\n                                        class=\"property-title\">kilometrit\/kertalataus:&nbsp;<\/span><span\n                                        class=\"property-desc line-limit-length\">60\u201380 kilometri\u00e4<\/span>\n                            <\/li>\n<li class=\"product-prop line-limit-length\"><span\n                                        class=\"property-title\">Suurin nopeus:&nbsp;<\/span><span\n                                        class=\"property-desc line-limit-length\">50\u201370 km\/h<\/span>\n                            <\/li>\n<li class=\"product-prop line-limit-length\"><span\n                                        class=\"property-title\">luokitus:&nbsp;<\/span><span\n                                        class=\"property-desc line-limit-length\">kaksipy\u00f6r\u00e4inen skootteri<\/span>\n                            <\/li>\n<li class=\"product-prop line-limit-length\"><span\n                                        class=\"property-title\">sovellettava v\u00e4est\u00f6:&nbsp;<\/span><span\n                                        class=\"property-desc line-limit-length\">Unisex<\/span>\n                            <\/li>\n<li class=\"product-prop line-limit-length\"><span\n                                        class=\"property-title\">\u00c4lyk\u00e4s:&nbsp;<\/span><span\n                                        class=\"property-desc line-limit-length\">elektroninen<\/span>\n                            <\/li>\n<li class=\"product-prop line-limit-length\"><span\n                                        class=\"property-title\">Akun kapasiteetti:&nbsp;<\/span><span\n                                        class=\"property-desc line-limit-length\">30 Ah\/40 Ah<\/span>\n                            <\/li>\n<li class=\"product-prop line-limit-length\"><span\n                                        class=\"property-title\">patentoitu tuote:&nbsp;<\/span><span\n                                        class=\"property-desc line-limit-length\">Hy\u00f6dyllisyysmallipatentti<\/span>\n                            <\/li>\n<li class=\"product-prop line-limit-length\"><span\n                                        class=\"property-title\">moottori:&nbsp;<\/span><span\n                                        class=\"property-desc line-limit-length\">Harjaton<\/span>\n                            <\/li>\n<li class=\"product-prop line-limit-length\"><span\n                                        class=\"property-title\">vedenpit\u00e4v\u00e4:&nbsp;<\/span><span\n                                        class=\"property-desc line-limit-length\">vedenpit\u00e4v\u00e4<\/span>\n                            <\/li>\n<li class=\"product-prop line-limit-length\"><span\n                                        class=\"property-title\">teho:&nbsp;<\/span><span\n                                        class=\"property-desc line-limit-length\">10000 W<\/span>\n                            <\/li>\n<li class=\"product-prop line-limit-length\"><span\n                                        class=\"property-title\">Plug-in-menetelm\u00e4:&nbsp;<\/span><span\n                                        class=\"property-desc line-limit-length\">Japanilainen pistoke, Yhdysvaltain standardi, eurooppalainen pistoke<\/span>\n                            <\/li>\n<li class=\"product-prop line-limit-length\"><span\n                                        class=\"property-title\">Jousituksen tyyppi:&nbsp;<\/span><span\n                                        class=\"property-desc line-limit-length\">T\u00e4ysi jousitus<\/span>\n                            <\/li>\n<li class=\"product-prop line-limit-length\"><span\n                                        class=\"property-title\">Maksimikuormitus:&nbsp;<\/span><span\n                                        class=\"property-desc line-limit-length\">200 kg<\/span>\n                            <\/li>\n<li class=\"product-prop line-limit-length\"><span\n                                        class=\"property-title\">Akun tyyppi:&nbsp;<\/span><span\n                                        class=\"property-desc line-limit-length\">litiumparisto<\/span>\n                            <\/li>\n<li class=\"product-prop line-limit-length\"><span\n                                        class=\"property-title\">Komponenttimateriaali:&nbsp;<\/span><span\n                                        class=\"property-desc line-limit-length\">alumiiniseos<\/span>\n                            <\/li>\n<li class=\"product-prop line-limit-length\"><span\n                                        class=\"property-title\">ohjausmenetelm\u00e4:&nbsp;<\/span><span\n                                        class=\"property-desc line-limit-length\">Kaukos\u00e4\u00e4din, sovellusten hallinta, \u00e4\u00e4niohjaus<\/span>\n                            <\/li>\n<li class=\"product-prop line-limit-length\"><span\n                                        class=\"property-title\">Jarruj\u00e4rjestelm\u00e4:&nbsp;<\/span><span\n                                        class=\"property-desc line-limit-length\">Elektroniikka, Levy, Hydraulinen Levy<\/span>\n                            <\/li>\n<li class=\"product-prop line-limit-length\"><span\n                                        class=\"property-title\">toiminto:&nbsp;<\/span><span\n                                        class=\"property-desc line-limit-length\">Ymp\u00e4rist\u00f6yst\u00e4v\u00e4llinen, kokoontaitettava, vedenpit\u00e4v\u00e4, kannettava, kevyt, LED-valo,<\/span>\n                            <\/li>\n<li class=\"product-prop line-limit-length\"><span\n                                        class=\"property-title\">Tuotteen korkeus alhaalta yl\u00f6s:&nbsp;<\/span><span\n                                        class=\"property-desc line-limit-length\">45 tuumaa ja yli<\/span>\n                            <\/li>\n<li class=\"product-prop line-limit-length\"><span\n                                        class=\"property-title\">Kantama per lataus:&nbsp;<\/span><span\n                                        class=\"property-desc line-limit-length\">100\u2013150 km<\/span>\n                            <\/li>\n<li class=\"product-prop line-limit-length\"><span\n                                        class=\"property-title\">Suurin nopeus:&nbsp;<\/span><span\n                                        class=\"property-desc line-limit-length\">31\u201340 km\/h<\/span>\n                            <\/li>\n<li class=\"product-prop line-limit-length\"><span\n                                        class=\"property-title\">Alkuper\u00e4paikka:&nbsp;<\/span><span\n                                        class=\"property-desc line-limit-length\">Jiangsu, Kiina<\/span>\n                            <\/li>\n<li class=\"product-prop line-limit-length\"><span\n                                        class=\"property-title\">\u00c4lyk\u00e4s tyyppi:&nbsp;<\/span><span\n                                        class=\"property-desc line-limit-length\">Bluetooth<\/span>\n                            <\/li>\n<li class=\"product-prop line-limit-length\"><span\n                                        class=\"property-title\">Latausaika:&nbsp;<\/span><span\n                                        class=\"property-desc line-limit-length\">6\u20138 tuntia<\/span>\n                            <\/li>\n<li class=\"product-prop line-limit-length\"><span\n                                        class=\"property-title\">Luokka:&nbsp;<\/span><span\n                                        class=\"property-desc line-limit-length\">Kaksipy\u00f6r\u00e4inen skootteri<\/span>\n                            <\/li>\n<li class=\"product-prop line-limit-length\"><span\n                                        class=\"property-title\">Sovellettavat henkil\u00f6t:&nbsp;<\/span><span\n                                        class=\"property-desc line-limit-length\">Unisex<\/span>\n                            <\/li>\n<li class=\"product-prop line-limit-length\"><span\n                                        class=\"property-title\">Akun kapasiteetti:&nbsp;<\/span><span\n                                        class=\"property-desc line-limit-length\">&gt; 40 Ah<\/span>\n                            <\/li>\n<li class=\"product-prop line-limit-length\"><span\n                                        class=\"property-title\">Materiaali:&nbsp;<\/span><span\n                                        class=\"property-desc line-limit-length\">Vahvistettu rauta + alumiiniseos<\/span>\n                            <\/li>\n<li class=\"product-prop line-limit-length\"><span\n                                        class=\"property-title\">Renkaan koko:&nbsp;<\/span><span\n                                        class=\"property-desc line-limit-length\">14 tuuman renkaat<\/span>\n                            <\/li>\n<li class=\"product-prop line-limit-length\"><span\n                                        class=\"property-title\">Todistus:&nbsp;<\/span><span\n                                        class=\"property-desc line-limit-length\"><\/span>\n                            <\/li>\n<\/ul><\/div>\n<div class=\"detailmodule_html\">\n<div class=\"detail-desc-decorate-richtext\">\n<div id=\"ali-anchor-AliPostDhMb-CWMYZ\" style=\"padding-top:8px\" class=\"mceSectionContainer\">\n<div id=\"ali-title-AliPostDhMb-CWMYZ\" style=\"border-bottom:1px solid rgb(221, 221, 221);padding:8px 0px;padding-bottom:8px;padding-top:8px;padding-left:0px;padding-right:0px\"><span style=\"background-color:rgb(221, 221, 221);color:rgb(51, 51, 51)\">Tuotekuvaus<\/span><\/div>\n<div style=\"padding:10px 0px;padding-bottom:10px;padding-top:10px;padding-left:0px;padding-right:0px\"><img decoding=\"async\" style=\"width:100%\" width=\"100%\" src=\"https:\/\/ae01.alicdn.com\/kf\/S589df6d0e4e647c9ae89d3a7fbd2120aE.jpg?width=1700&amp;height=1700&amp;hash=3400\" slate-data-type=\"image\"\/><br \/><img decoding=\"async\" style=\"width:100%\" width=\"100%\" src=\"https:\/\/ae01.alicdn.com\/kf\/S147230ac33c641d783109fbe67b871abB.jpg?width=1024&amp;height=1024&amp;hash=2048\" slate-data-type=\"image\"\/><br \/><img decoding=\"async\" style=\"width:100%\" width=\"100%\" src=\"https:\/\/ae01.alicdn.com\/kf\/Sf48a9f6fa4db4d02ba419e466eb55f2eM.jpg?width=1000&amp;height=1000&amp;hash=2000\" slate-data-type=\"image\"\/><br \/><img decoding=\"async\" src=\"https:\/\/ae01.alicdn.com\/kf\/S589df6d0e4e647c9ae89d3a7fbd2120aE.jpg?width=1700&amp;height=1700&amp;hash=3400\" slate-data-type=\"image\"\/> <img decoding=\"async\" src=\"https:\/\/ae01.alicdn.com\/kf\/S6057c999aa2143e1b1463cffe1fbaa03O.jpg?width=1700&amp;height=1700&amp;hash=3400\" slate-data-type=\"image\"\/> <img decoding=\"async\" src=\"https:\/\/ae01.alicdn.com\/kf\/Sf777a634f2034a6daa48f80948aad775M.jpg?width=1700&amp;height=1700&amp;hash=3400\" slate-data-type=\"image\"\/> <img decoding=\"async\" src=\"https:\/\/ae01.alicdn.com\/kf\/Sf7672062435a417ab72bc32340dbcd6bJ.jpg?width=1700&amp;height=1700&amp;hash=3400\" slate-data-type=\"image\"\/> <img decoding=\"async\" src=\"https:\/\/ae01.alicdn.com\/kf\/S757b4b19bb6546859a467cc641fe1b2fM.jpg?width=1700&amp;height=1700&amp;hash=3400\" slate-data-type=\"image\"\/> <img decoding=\"async\" src=\"https:\/\/ae01.alicdn.com\/kf\/Sebe5663af04049579fe73d71cf44354e7.jpg?width=1700&amp;height=1700&amp;hash=3400\" slate-data-type=\"image\"\/> <img decoding=\"async\" src=\"https:\/\/ae01.alicdn.com\/kf\/Sf7fdd77acdfa4de5a083153d33120da2w.jpg?width=1700&amp;height=1700&amp;hash=3400\" slate-data-type=\"image\"\/> <img decoding=\"async\" src=\"https:\/\/ae01.alicdn.com\/kf\/S0dad8d8c851f437a8a503bc3b4ef272d7.jpg?width=1700&amp;height=1700&amp;hash=3400\" slate-data-type=\"image\"\/> <img decoding=\"async\" src=\"https:\/\/ae01.alicdn.com\/kf\/Sd07e4d7c400a440ba29acafa38f68a36B.jpg?width=1700&amp;height=1700&amp;hash=3400\" slate-data-type=\"image\"\/> <img decoding=\"async\" src=\"https:\/\/ae01.alicdn.com\/kf\/S8d2074c1e7824d838fc6f700f9e5454eG.jpg?width=1700&amp;height=1700&amp;hash=3400\" slate-data-type=\"image\"\/> <img decoding=\"async\" src=\"https:\/\/ae01.alicdn.com\/kf\/S50d6834cd0a4423981ba560771e92663y.jpg?width=1700&amp;height=1700&amp;hash=3400\" slate-data-type=\"image\"\/><\/div>\n<\/div>\n<div id=\"ali-anchor-AliPostDhMb-QrXan\" style=\"padding-top:8px\" class=\"mceSectionContainer\">\n<div id=\"ali-title-AliPostDhMb-QrXan\" style=\"border-bottom:1px solid rgb(221, 221, 221);padding:8px 0px;padding-bottom:8px;padding-top:8px;padding-left:0px;padding-right:0px\"><span style=\"background-color:rgb(221, 221, 221);color:rgb(51, 51, 51)\">Tekniset tiedot<\/span><\/div>\n<div id=\"ali-desLoader-AliPostDhMb-QrXan\" style=\"padding:10px 4px;padding-bottom:10px;padding-top:10px;padding-left:4px;padding-right:4px\">\n<table style=\"border-collapse:collapse;background-color:rgb(255, 255, 255)\" border=\"1px\">\n<tbody>\n<tr>\n<td style=\"padding:5px 10px;width:259px\">\n<p>esine<\/p>\n<\/td>\n<td style=\"padding:5px 10px;width:443px\">\n<p>arvo<\/p>\n<\/td>\n<\/tr>\n<tr>\n<td style=\"padding:5px 10px;width:259px\">\n<p>Taitettava<\/p>\n<\/td>\n<td style=\"padding:5px 10px;width:443px\">\n<p>Kyll\u00e4<\/p>\n<\/td>\n<\/tr>\n<tr>\n<td style=\"padding:5px 10px;width:259px\">\n<p>Kantama per lataus<\/p>\n<\/td>\n<td style=\"padding:5px 10px;width:443px\">\n<p>60\u201380 km<\/p>\n<\/td>\n<\/tr>\n<tr>\n<td style=\"padding:5px 10px;width:259px\">\n<p>Maksiminopeus<\/p>\n<\/td>\n<td style=\"padding:5px 10px;width:443px\">\n<p>50\u201370 km\/h<\/p>\n<\/td>\n<\/tr>\n<tr>\n<td style=\"padding:5px 10px;width:259px\">\n<p>Alkuper\u00e4paikka<\/p>\n<\/td>\n<td style=\"padding:5px 10px;width:443px\">\n<p>Kiina<\/p>\n<\/td>\n<\/tr>\n<tr>\n<td style=\"padding:5px 10px;width:259px\">\n<p>&#8211;<\/p>\n<\/td>\n<td style=\"padding:5px 10px;width:443px\">\n<p>Jiangsu<\/p>\n<\/td>\n<\/tr>\n<tr>\n<td style=\"padding:5px 10px;width:259px\">\n<p>\u00c4lyk\u00e4s tyyppi<\/p>\n<\/td>\n<td style=\"padding:5px 10px;width:443px\">\n<p>elektroninen<\/p>\n<\/td>\n<\/tr>\n<tr>\n<td style=\"padding:5px 10px;width:259px\">\n<p>Tuotemerkki<\/p>\n<\/td>\n<td style=\"padding:5px 10px;width:443px\">\n<p>Jinmingchan<\/p>\n<\/td>\n<\/tr>\n<tr>\n<td style=\"padding:5px 10px;width:259px\">\n<p>Latausaika<\/p>\n<\/td>\n<td style=\"padding:5px 10px;width:443px\">\n<p>6\u20138 tuntia<\/p>\n<\/td>\n<\/tr>\n<tr>\n<td style=\"padding:5px 10px;width:259px\">\n<p>Kategoria<\/p>\n<\/td>\n<td style=\"padding:5px 10px;width:443px\">\n<p>Kaksipy\u00f6r\u00e4inen skootteri<\/p>\n<\/td>\n<\/tr>\n<tr>\n<td style=\"padding:5px 10px;width:259px\">\n<p>Sovellettavat ihmiset<\/p>\n<\/td>\n<td style=\"padding:5px 10px;width:443px\">\n<p>Unisex<\/p>\n<\/td>\n<\/tr>\n<tr>\n<td style=\"padding:5px 10px;width:259px\">\n<p>Akun kapasiteetti<\/p>\n<\/td>\n<td style=\"padding:5px 10px;width:443px\">\n<p>30 Ah\/40 Ah<\/p>\n<\/td>\n<\/tr>\n<tr>\n<td style=\"padding:5px 10px;width:259px\">\n<p>Patentoitu tuote<\/p>\n<\/td>\n<td style=\"padding:5px 10px;width:443px\">\n<p>Hy\u00f6dyllisyysmallipatentti<\/p>\n<\/td>\n<\/tr>\n<\/tbody>\n<\/table>\n<\/div>\n<\/div>\n<div id=\"ali-anchor-AliPostDhMb-3FlYX\" style=\"padding-top:8px\" class=\"mceSectionContainer\">\n<div id=\"ali-title-AliPostDhMb-3FlYX\" style=\"border-bottom:1px solid rgb(221, 221, 221);padding:8px 0px;padding-bottom:8px;padding-top:8px;padding-left:0px;padding-right:0px\"><span style=\"background-color:rgb(221, 221, 221);color:rgb(51, 51, 51)\">Myyntivaltti<\/span><\/div>\n<div style=\"padding:10px 4px;padding-bottom:10px;padding-top:10px;padding-left:4px;padding-right:4px\">\n<p>1. Kaksoismoottori: Dokma D-NOVA -s\u00e4hk\u00f6potkulaudassa on tehokas kaksoismoottorij\u00e4rjestelm\u00e4, joka tarjoaa nopeaa tehoa ja varmistaa tasaisen ajokokemuksen.<\/p>\n<p>2. Mukautettava akryylivalaistus: Skootterin ainutlaatuinen akryylivalaistus mahdollistaa r\u00e4\u00e4t\u00e4l\u00f6innin vastaamaan omaa tyyli\u00e4si ja luo ainutlaatuisen ilmeen kiireisess\u00e4 kaupungissa.<\/p>\n<p>3. Taittuva ja kevyt: Vain 14 kg painava potkulauta on kevyt ja helppo taittaa, joten se sopii t\u00e4ydellisesti niille, jotka tarvitsevat tyylikk\u00e4\u00e4n liikkumisen kiireisiss\u00e4 tiloissa tai ty\u00f6matkoja.<\/p>\n<p>4. Alumiiniseoksesta valmistettu runko: Kest\u00e4v\u00e4st\u00e4 alumiiniseoksesta valmistettu D-NOVA-s\u00e4hk\u00f6potkulauta tarjoaa vahvan ja tukevan alustan jopa 200 kg:n painoisille kuljettajille ja jopa 105 km\/h huippunopeudelle.<\/p>\n<p>5. CE-sertifioitu ja turvallisuusm\u00e4\u00e4r\u00e4ysten mukainen: Dokma D-NOVA -s\u00e4hk\u00f6potkulauta on saanut CE-sertifikaatin, mik\u00e4 varmistaa, ett\u00e4 se t\u00e4ytt\u00e4\u00e4 tiukat turvallisuusstandardit ja sit\u00e4 voidaan k\u00e4ytt\u00e4\u00e4 luottavaisin mielin erilaisissa ymp\u00e4rist\u00f6iss\u00e4.<\/p>\n<\/div>\n<\/div>\n<div id=\"ali-anchor-AliPostDhMb-W5Kby\" style=\"padding-top:8px\" class=\"mceSectionContainer\">\n<div id=\"ali-title-AliPostDhMb-W5Kby\" style=\"border-bottom:1px solid rgb(221, 221, 221);padding:8px 0px;padding-bottom:8px;padding-top:8px;padding-left:0px;padding-right:0px\"><span style=\"background-color:rgb(221, 221, 221);color:rgb(51, 51, 51)\">Yrityksen esittely<\/span><\/div>\n<div style=\"padding:10px 4px;padding-bottom:10px;padding-top:10px;padding-left:4px;padding-right:4px\">\n<p>Vuonna 2019 perustettu Suzhou Jinming Cicada Technology Co., Ltd. on ammattimainen, korkean teknologian yritys, joka on omistautunut ulkoilu- ja elektroniikkatuotteiden tutkimukseen, kehitykseen, innovaatioihin ja myyntiin. Kattava valikoimamme sis\u00e4lt\u00e4\u00e4 telttoja, retkikatoksia, ulkok\u00e4ytt\u00f6\u00f6n tarkoitettuja virtal\u00e4hteit\u00e4, ulkoleirint\u00e4ajoneuvoja, ulkop\u00f6yti\u00e4 ja -tuoleja, kokoontaitettavia aurinkolataustauluja, \u00e4lyrannekkeita, \u00e4lykelloja, inverttereit\u00e4, aurinkos\u00e4hk\u00f6inverttereit\u00e4, energian varastointi-inverttereit\u00e4 ja paljon muuta.<\/p>\n<p>Noudatamme tiukkoja laadunvalvontatoimenpiteit\u00e4 varmistaaksemme toiminnan erinomaisuuden jokaisessa tuotantovaiheessa raaka-aineista valmiiseen tuotteeseen. Taitavien ammattilaistemme tiimi ty\u00f6skentelee edistyneill\u00e4 laitteilla ja huippuluokan testausj\u00e4rjestelm\u00e4ll\u00e4.<\/p>\n<p>Tuotteemme ovat CE-, ROHS- ja MSDS-sertifioituja, ja pyrkimyksemme jatkuvaan tuotteiden laadun parantamiseen varmistaa asiakastyytyv\u00e4isyyden. Tarjoamme sek\u00e4 OEM- ett\u00e4 ODM-palveluita, toimitamme korkealaatuisia tuotteita ja toimitamme ne nopeasti asiakkaille maailmanlaajuisesti.<\/p>\n<p>Suzhou Jinming Cicada Technology Co., Ltd. palvelee monipuolisia markkinoita, mukaan lukien Manner-Kiina, Pohjois-Amerikka, Eurooppa, L\u00e4hi-it\u00e4, Etel\u00e4-Amerikka, Etel\u00e4-Afrikka, Ven\u00e4j\u00e4, Intia ja muut maat. Pyrimme rakentamaan kest\u00e4vi\u00e4 kumppanuuksia ulkomaisten asiakkaiden kanssa ja olemme sitoutuneet luomaan yhteisen, valoisamman tulevaisuuden.<\/p>\n<\/div>\n<\/div>\n<div id=\"ali-anchor-AliPostDhMb-uimiX\" style=\"padding-top:8px\" class=\"mceSectionContainer\">\n<div id=\"ali-title-AliPostDhMb-uimiX\" style=\"border-bottom:1px solid rgb(221, 221, 221);padding:8px 0px;padding-bottom:8px;padding-top:8px;padding-left:0px;padding-right:0px\"><span style=\"background-color:rgb(221, 221, 221);color:rgb(51, 51, 51)\">Usein kysytyt kysymykset<\/span><\/div>\n<div style=\"padding:10px 4px;padding-bottom:10px;padding-top:10px;padding-left:4px;padding-right:4px\">\n<p><strong>1. Keit\u00e4 me olemme?<\/strong><br \/>Toimimme Jiangsussa, Kiinassa. Toimimme vuodesta 2019 l\u00e4htien ja myymme L\u00e4nsi-Eurooppaan (10.00%), Kaakkois-Aasiaan (10.00%), Pohjois-Amerikkaan (10.00%), It\u00e4-Eurooppaan (8.00%), Oseaniaan (8.00%), Etel\u00e4-Eurooppaan (8.00%), Pohjois-Eurooppaan (8.00%), kotimarkkinoille (6.00%), Etel\u00e4-Aasiaan (6.00%), Etel\u00e4-Amerikkaan (6.00%), Keski-Amerikkaan (5.00%), L\u00e4hi-it\u00e4\u00e4n (5.00%), Afrikkaan (5.00%) ja It\u00e4-Aasiaan (5.00%). Toimistollamme on yhteens\u00e4 noin 301\u2013500 ty\u00f6ntekij\u00e4\u00e4.<\/p>\n<p><strong>2. Miten voimme taata laadun?<\/strong><br \/>Aina esituotanton\u00e4yte ennen massatuotantoa;<br \/>Aina lopputarkastus ennen l\u00e4hetyst\u00e4;<\/p>\n<p><strong>3. Mit\u00e4 voit ostaa meilt\u00e4?<\/strong><br \/>S\u00e4hk\u00f6skootteri, vanhusten skootteri, s\u00e4hk\u00f6moottoripy\u00f6r\u00e4, ulkok\u00e4ytt\u00f6\u00f6n tarkoitetut kokoontaittuvat p\u00f6yd\u00e4t ja tuolit, ulkoteltta ja riippumatto<\/p>\n<p><strong>4. Miksi sinun pit\u00e4isi ostaa meilt\u00e4 eik\u00e4 muilta toimittajilta?<\/strong><br \/>Suzhou Cicada on korkean teknologian yritys, joka on erikoistunut s\u00e4hk\u00f6potkulautojen, s\u00e4hk\u00f6potkulautojen osien, ulkotelttojen ja katosten tutkimukseen, valmistukseen, suunnitteluun ja myyntiin yli 5 vuoden ajan.<\/p>\n<p><strong>5. Mit\u00e4 palveluita voimme tarjota?<\/strong><br \/>Hyv\u00e4ksytyt toimitusehdot: -;<br \/>Hyv\u00e4ksytty maksuvaluutta: -;<br \/>Hyv\u00e4ksytty maksutapa: -;<br \/>Puhuttu kieli: \u2013<\/p>\n<\/div>\n<\/div>\n<\/div>\n<\/div>\n<p><\/p>","protected":false},"excerpt":{"rendered":"<p>Model Number:&nbsp;M10 Category:&nbsp;Two-wheel Scooter Applicable People:&nbsp;Unisex Range Per Charge:&nbsp;60-80km Charging Time:&nbsp;8-10h Voltage:&nbsp;&gt;60v Folded:&nbsp;No Origin:&nbsp;Mainland China Power (W):&nbsp;10000W country of origin:&nbsp;China brand:&nbsp;MM Model:&nbsp;M10 charging time:&nbsp;6-8 hours Whether to fold:&nbsp;Yes kilometers\/charge once:&nbsp;60-80<\/p>","protected":false},"featured_media":7706,"comment_status":"open","ping_status":"closed","template":"","meta":{"_acf_changed":false},"product_brand":[],"product_cat":[311],"product_tag":[306],"class_list":{"0":"post-7705","1":"product","2":"type-product","3":"status-publish","4":"has-post-thumbnail","6":"product_cat-electric-minibikes","7":"product_tag-m10","9":"first","10":"instock","11":"shipping-taxable","12":"purchasable","13":"product-type-variable"},"acf":[],"_links":{"self":[{"href":"https:\/\/www.electricstore.eu\/fi\/wp-json\/wp\/v2\/product\/7705","targetHints":{"allow":["GET"]}}],"collection":[{"href":"https:\/\/www.electricstore.eu\/fi\/wp-json\/wp\/v2\/product"}],"about":[{"href":"https:\/\/www.electricstore.eu\/fi\/wp-json\/wp\/v2\/types\/product"}],"replies":[{"embeddable":true,"href":"https:\/\/www.electricstore.eu\/fi\/wp-json\/wp\/v2\/comments?post=7705"}],"wp:featuredmedia":[{"embeddable":true,"href":"https:\/\/www.electricstore.eu\/fi\/wp-json\/wp\/v2\/media\/7706"}],"wp:attachment":[{"href":"https:\/\/www.electricstore.eu\/fi\/wp-json\/wp\/v2\/media?parent=7705"}],"wp:term":[{"taxonomy":"product_brand","embeddable":true,"href":"https:\/\/www.electricstore.eu\/fi\/wp-json\/wp\/v2\/product_brand?post=7705"},{"taxonomy":"product_cat","embeddable":true,"href":"https:\/\/www.electricstore.eu\/fi\/wp-json\/wp\/v2\/product_cat?post=7705"},{"taxonomy":"product_tag","embeddable":true,"href":"https:\/\/www.electricstore.eu\/fi\/wp-json\/wp\/v2\/product_tag?post=7705"}],"curies":[{"name":"wp","href":"https:\/\/api.w.org\/{rel}","templated":true}]}}