{"id":7695,"date":"2025-05-15T19:43:27","date_gmt":"2025-05-15T19:43:27","guid":{"rendered":"https:\/\/electricstore.eu\/product\/hx-c1-200w-21-6v-5-2ah-childrens-electric-scooter-pink\/"},"modified":"2025-05-20T13:11:12","modified_gmt":"2025-05-20T13:11:12","slug":"hx-c1-200w-21-6v-5-2ah-childrens-electric-scooter-pink","status":"publish","type":"product","link":"https:\/\/www.electricstore.eu\/fi\/p\/scooters\/electric-children-scooters\/hx-c1-200w-21-6v-5-2ah-childrens-electric-scooter-pink\/","title":{"rendered":"HX C1 200W 24V 5Ah 15 km\/h 10-15 km 8 tuuman lasten s\u00e4hk\u00f6potkulauta"},"content":{"rendered":"<div class=\"product-specs-list-container\">\n<ul class=\"product-specs-list util-clearfix\">\n<li class=\"product-prop line-limit-length\"><span\n                                        class=\"property-title\">Renkaan koko:&nbsp;<\/span><span\n                                        class=\"property-desc line-limit-length\">8 tuumaa<\/span>\n                            <\/li>\n<li class=\"product-prop line-limit-length\"><span\n                                        class=\"property-title\">Mallinumero:&nbsp;<\/span><span\n                                        class=\"property-desc line-limit-length\">C1<\/span>\n                            <\/li>\n<li class=\"product-prop line-limit-length\"><span\n                                        class=\"property-title\">Luokka:&nbsp;<\/span><span\n                                        class=\"property-desc line-limit-length\">Kaksipy\u00f6r\u00e4inen skootteri<\/span>\n                            <\/li>\n<li class=\"product-prop line-limit-length\"><span\n                                        class=\"property-title\">Sovellettavat henkil\u00f6t:&nbsp;<\/span><span\n                                        class=\"property-desc line-limit-length\">MEN<\/span>\n                            <\/li>\n<li class=\"product-prop line-limit-length\"><span\n                                        class=\"property-title\">Kantama per lataus:&nbsp;<\/span><span\n                                        class=\"property-desc line-limit-length\">40\u201360 km<\/span>\n                            <\/li>\n<li class=\"product-prop line-limit-length\"><span\n                                        class=\"property-title\">Latausaika:&nbsp;<\/span><span\n                                        class=\"property-desc line-limit-length\">6\u20138 tuntia<\/span>\n                            <\/li>\n<li class=\"product-prop line-limit-length\"><span\n                                        class=\"property-title\">J\u00e4nnite:&nbsp;<\/span><span\n                                        class=\"property-desc line-limit-length\">24v<\/span>\n                            <\/li>\n<li class=\"product-prop line-limit-length\"><span\n                                        class=\"property-title\">Taitettu:&nbsp;<\/span><span\n                                        class=\"property-desc line-limit-length\">KYLL\u00c4<\/span>\n                            <\/li>\n<li class=\"product-prop line-limit-length\"><span\n                                        class=\"property-title\">Alkuper\u00e4:&nbsp;<\/span><span\n                                        class=\"property-desc line-limit-length\">Manner-Kiina<\/span>\n                            <\/li>\n<li class=\"product-prop line-limit-length\"><span\n                                        class=\"property-title\">Teho (W):&nbsp;<\/span><span\n                                        class=\"property-desc line-limit-length\">100\u2013200 W<\/span>\n                            <\/li>\n<li class=\"product-prop line-limit-length\"><span\n                                        class=\"property-title\">Alkuper\u00e4paikka:&nbsp;<\/span><span\n                                        class=\"property-desc line-limit-length\">Anhui, Kiina<\/span>\n                            <\/li>\n<li class=\"product-prop line-limit-length\"><span\n                                        class=\"property-title\">Merkki:&nbsp;<\/span><span\n                                        class=\"property-desc line-limit-length\">kixin<\/span>\n                            <\/li>\n<li class=\"product-prop line-limit-length\"><span\n                                        class=\"property-title\">Mallinumero:&nbsp;<\/span><span\n                                        class=\"property-desc line-limit-length\">C1<\/span>\n                            <\/li>\n<li class=\"product-prop line-limit-length\"><span\n                                        class=\"property-title\">Latausaika:&nbsp;<\/span><span\n                                        class=\"property-desc line-limit-length\">5\u20136 tuntia<\/span>\n                            <\/li>\n<li class=\"product-prop line-limit-length\"><span\n                                        class=\"property-title\">Taitettava:&nbsp;<\/span><span\n                                        class=\"property-desc line-limit-length\">Kyll\u00e4<\/span>\n                            <\/li>\n<li class=\"product-prop line-limit-length\"><span\n                                        class=\"property-title\">Kantama per lataus:&nbsp;<\/span><span\n                                        class=\"property-desc line-limit-length\">10-15km<\/span>\n                            <\/li>\n<li class=\"product-prop line-limit-length\"><span\n                                        class=\"property-title\">Suurin nopeus:&nbsp;<\/span><span\n                                        class=\"property-desc line-limit-length\">15km\/h<\/span>\n                            <\/li>\n<li class=\"product-prop line-limit-length\"><span\n                                        class=\"property-title\">Luokka:&nbsp;<\/span><span\n                                        class=\"property-desc line-limit-length\">E-Wheel Scooter<\/span>\n                            <\/li>\n<li class=\"product-prop line-limit-length\"><span\n                                        class=\"property-title\">Soveltuu v\u00e4kijoukkoon:&nbsp;<\/span><span\n                                        class=\"property-desc line-limit-length\">Child<\/span>\n                            <\/li>\n<li class=\"product-prop line-limit-length\"><span\n                                        class=\"property-title\">\u00c4lyk\u00e4s tyyppi:&nbsp;<\/span><span\n                                        class=\"property-desc line-limit-length\">Elektroninen<\/span>\n                            <\/li>\n<li class=\"product-prop line-limit-length\"><span\n                                        class=\"property-title\">Akun kapasiteetti:&nbsp;<\/span><span\n                                        class=\"property-desc line-limit-length\">5 Ah<\/span>\n                            <\/li>\n<li class=\"product-prop line-limit-length\"><span\n                                        class=\"property-title\">Patentoitu tuote:&nbsp;<\/span><span\n                                        class=\"property-desc line-limit-length\">EI<\/span>\n                            <\/li>\n<li class=\"product-prop line-limit-length\"><span\n                                        class=\"property-title\">Materiaali:&nbsp;<\/span><span\n                                        class=\"property-desc line-limit-length\">Structural Steel<\/span>\n                            <\/li>\n<li class=\"product-prop line-limit-length\"><span\n                                        class=\"property-title\">Renkaan koko:&nbsp;<\/span><span\n                                        class=\"property-desc line-limit-length\">8 tuumaa<\/span>\n                            <\/li>\n<li class=\"product-prop line-limit-length\"><span\n                                        class=\"property-title\">Moottori:&nbsp;<\/span><span\n                                        class=\"property-desc line-limit-length\">200W<\/span>\n                            <\/li>\n<li class=\"product-prop line-limit-length\"><span\n                                        class=\"property-title\">N.W:&nbsp;<\/span><span\n                                        class=\"property-desc line-limit-length\">10kg<\/span>\n                            <\/li>\n<li class=\"product-prop line-limit-length\"><span\n                                        class=\"property-title\">Alue:&nbsp;<\/span><span\n                                        class=\"property-desc line-limit-length\">10-15 km<\/span>\n                            <\/li>\n<li class=\"product-prop line-limit-length\"><span\n                                        class=\"property-title\">Akku:&nbsp;<\/span><span\n                                        class=\"property-desc line-limit-length\">24V 5AH<\/span>\n                            <\/li>\n<li class=\"product-prop line-limit-length\"><span\n                                        class=\"property-title\">Maksimikuormitus:&nbsp;<\/span><span\n                                        class=\"property-desc line-limit-length\">100 kg<\/span>\n                            <\/li>\n<li class=\"product-prop line-limit-length\"><span\n                                        class=\"property-title\">Open Size:&nbsp;<\/span><span\n                                        class=\"property-desc line-limit-length\">94*47.5*103cm<\/span>\n                            <\/li>\n<li class=\"product-prop line-limit-length\"><span\n                                        class=\"property-title\">Applicable height:&nbsp;<\/span><span\n                                        class=\"property-desc line-limit-length\">120-16cm<\/span>\n                            <\/li>\n<li class=\"product-prop line-limit-length\"><span\n                                        class=\"property-title\">Kiipeilykapasiteetti:&nbsp;<\/span><span\n                                        class=\"property-desc line-limit-length\">10\u00b0<\/span>\n                            <\/li>\n<li class=\"product-prop line-limit-length\"><span\n                                        class=\"property-title\">Todistus:&nbsp;<\/span><span\n                                        class=\"property-desc line-limit-length\"><\/span>\n                            <\/li>\n<\/ul><\/div>\n<div class=\"detailmodule_html\">\n<div class=\"detail-desc-decorate-richtext\">\n<div id=\"detail_decorate_root\">\n<div>\u00a0<\/div>\n<div>\n<div id=\"ali-anchor-AliMagic-fdtnlw\">Tuotekuvaus<\/div>\n<\/div>\n<div>\n<div>\n<div><img decoding=\"async\" class=\"magic-3\" src=\"https:\/\/ae01.alicdn.com\/kf\/S0920da7b96cd41acb1c945a14301ede90.jpg?width=1080&amp;height=2127&amp;hash=3207\" slate-data-type=\"image\"\/><\/div>\n<div><img decoding=\"async\" class=\"magic-3\" src=\"https:\/\/ae01.alicdn.com\/kf\/S6b0e1e0d498f4418951d2636885d64c1x.jpg?width=1080&amp;height=1932&amp;hash=3012\" slate-data-type=\"image\"\/><\/div>\n<div><img decoding=\"async\" class=\"magic-3\" src=\"https:\/\/ae01.alicdn.com\/kf\/Se70ebd0e0d59408ab480463e9ddb5774u.jpg?width=1080&amp;height=1700&amp;hash=2780\" slate-data-type=\"image\"\/><\/div>\n<div><img decoding=\"async\" class=\"magic-3\" src=\"https:\/\/ae01.alicdn.com\/kf\/S9b3fd279eca34ecb8aa55857a01d7659c.jpg?width=1080&amp;height=2245&amp;hash=3325\" slate-data-type=\"image\"\/><\/div>\n<div><img decoding=\"async\" class=\"magic-3\" src=\"https:\/\/ae01.alicdn.com\/kf\/S3ba39dc8d2104df5923af37eb5730d11g.jpg?width=1080&amp;height=1757&amp;hash=2837\" slate-data-type=\"image\"\/><\/div>\n<div><img decoding=\"async\" class=\"magic-3\" src=\"https:\/\/ae01.alicdn.com\/kf\/Sa5c9b90d0c5045198beda021557772493.jpg?width=1080&amp;height=1633&amp;hash=2713\" slate-data-type=\"image\"\/><\/div>\n<div><img decoding=\"async\" class=\"magic-3\" src=\"https:\/\/ae01.alicdn.com\/kf\/S2d97091d1ca5403291b1c84b7336fe3bB.jpg?width=1080&amp;height=1918&amp;hash=2998\" slate-data-type=\"image\"\/><\/div>\n<div><img decoding=\"async\" class=\"magic-3\" src=\"https:\/\/ae01.alicdn.com\/kf\/S25077da84ef34b9aa3898b794009dfc4Y.jpg?width=1080&amp;height=1983&amp;hash=3063\" slate-data-type=\"image\"\/><\/div>\n<div><img decoding=\"async\" class=\"magic-3\" src=\"https:\/\/ae01.alicdn.com\/kf\/S7e584ede0ea44775a8a29c8a6cd19b36l.jpg?width=1080&amp;height=2195&amp;hash=3275\" slate-data-type=\"image\"\/><\/div>\n<div><img decoding=\"async\" class=\"magic-3\" src=\"https:\/\/ae01.alicdn.com\/kf\/Scee143e0027e4c9bbe2c94e7aaa06097L.jpg?width=1080&amp;height=1439&amp;hash=2519\" slate-data-type=\"image\"\/><\/div>\n<\/div>\n<\/div>\n<div>\n<div id=\"ali-anchor-AliMagic-bbu3j8\">Tekniset tiedot<\/div>\n<\/div>\n<div>\n<div>\n<table style=\"border-collapse:collapse\" class=\"all magic-4\">\n<tbody>\n<tr>\n<td rowspan=\"1\" colspan=\"1\">\n<div>Akun kapasiteetti<\/div>\n<\/td>\n<td rowspan=\"1\" colspan=\"1\">\n<div>5 Ah<\/div>\n<\/td>\n<\/tr>\n<tr>\n<td rowspan=\"1\" colspan=\"1\">\n<div>Moottori<\/div>\n<\/td>\n<td rowspan=\"1\" colspan=\"1\">\n<div>24 V<\/div>\n<\/td>\n<\/tr>\n<tr>\n<td rowspan=\"1\" colspan=\"1\">\n<div>Latausaika<\/div>\n<\/td>\n<td rowspan=\"1\" colspan=\"1\">\n<div>5-6 hours<\/div>\n<\/td>\n<\/tr>\n<tr>\n<td rowspan=\"1\" colspan=\"1\">\n<div>Maksimikuormitus<\/div>\n<\/td>\n<td rowspan=\"1\" colspan=\"1\">\n<div>100 kg<\/div>\n<\/td>\n<\/tr>\n<tr>\n<td rowspan=\"1\" colspan=\"1\">\n<div>Max range<\/div>\n<\/td>\n<td rowspan=\"1\" colspan=\"1\">\n<div>15KM<\/div>\n<\/td>\n<\/tr>\n<tr>\n<td rowspan=\"1\" colspan=\"1\">\n<div>Rengas<\/div>\n<\/td>\n<td rowspan=\"1\" colspan=\"1\">\n<div>8 Inch\u00a0<\/div>\n<\/td>\n<\/tr>\n<\/tbody>\n<\/table>\n<\/div>\n<\/div>\n<div>\n<div id=\"ali-anchor-AliMagic-6tg71n\">Yritysprofiili<\/div>\n<\/div>\n<div>\n<div>\n<div>\n<div>\n<div>\n<div><img decoding=\"async\" class=\"magic-10\" src=\"https:\/\/ae01.alicdn.com\/kf\/S4e793c0de76f4b88a482a65c00b9d101n.jpg?width=2342&amp;height=2242&amp;hash=4584\" slate-data-type=\"image\"\/><\/div>\n<\/div>\n<div>\n<div>\n<div>\u00a0<\/div>\n<div>E-ONE on yritys, joka p\u00e4\u00e4asiassa harjoittaa uusien energiatuotteiden vienti\u00e4. Yritys sijaitsee Anhuin maakunnan p\u00e4\u00e4kaupungissa Hefeiss\u00e4. E-ONE <strong>on virallisesti valtuutettu <\/strong>tunnettujen alan tuotemerkkien kautta, kuten <strong>Segway-Ninebot, Intex, DYU, HIMO, Kugoo<\/strong> ja joitakin muita tunnettuja. P\u00e4\u00e4asiassa kattava valikoimamme kest\u00e4vi\u00e4, vihreit\u00e4 ja puhtaita tuotteita kattaa <strong>s\u00e4hk\u00f6potkulaudat, s\u00e4hk\u00f6k\u00e4ytt\u00f6iset tasapainottuvat skootterit, s\u00e4hk\u00f6k\u00e4ytt\u00f6iset yksipy\u00f6r\u00e4iset,<\/strong> <span><strong>s\u00e4hk\u00f6k\u00e4ytt\u00f6iset karting-autot<\/strong><\/span> <strong>, s\u00e4hk\u00f6py\u00f6r\u00e4t, s\u00e4hk\u00f6moottoripy\u00f6r\u00e4t<\/strong>Kaikki asiaankuuluvat sertifikaatit ovat saatavilla, mik\u00e4 ehdottomasti saa meid\u00e4t myym\u00e4\u00e4n laatukeskeisi\u00e4 tuotteitamme maailmanlaajuisesti.<\/div>\n<\/div>\n<\/div>\n<\/div>\n<\/div>\n<\/div>\n<\/div>\n<div>\n<div>\n<div>\n<div>\n<div><img decoding=\"async\" class=\"magic-14\" src=\"https:\/\/ae01.alicdn.com\/kf\/S68ac18a75b094e669ae761d7495416f8w.jpg?width=1200&amp;height=450&amp;hash=1650\" slate-data-type=\"image\"\/><\/div>\n<div>\n<div><img decoding=\"async\" class=\"magic-16\" src=\"https:\/\/ae01.alicdn.com\/kf\/Sd01d98a5d2e34d649f49394465343dbe4.jpg?width=693&amp;height=978&amp;hash=1671\" slate-data-type=\"image\"\/><\/div>\n<div><img decoding=\"async\" class=\"magic-18\" src=\"https:\/\/ae01.alicdn.com\/kf\/S3674a5ba838d4dd18bd1e5064ce9acd0Y.jpg?width=696&amp;height=980&amp;hash=1676\" slate-data-type=\"image\"\/><\/div>\n<\/div>\n<\/div>\n<\/div>\n<\/div>\n<\/div>\n<div>\n<div id=\"ali-anchor-AliMagic-tx58ux\">N\u00e4yttely<\/div>\n<\/div>\n<div>\n<div>\n<div>\n<div>\n<div>\n<div><img decoding=\"async\" class=\"magic-20\" src=\"https:\/\/ae01.alicdn.com\/kf\/Scc76444e41d347fbad43d728c374f28cx.jpg?width=940&amp;height=562&amp;hash=1502\" slate-data-type=\"image\"\/><\/div>\n<\/div>\n<\/div>\n<\/div>\n<\/div>\n<\/div>\n<div>\n<div id=\"ali-anchor-AliMagic-pyg24g\">Tuotepakkaus<\/div>\n<\/div>\n<div>\n<div>\n<div>\n<div>\n<div>\n<div><img decoding=\"async\" class=\"magic-23\" src=\"https:\/\/ae01.alicdn.com\/kf\/S603c352f31ec4ee7928249922cde2535G.jpg?width=1280&amp;height=960&amp;hash=2240\" slate-data-type=\"image\"\/><\/div>\n<div><img decoding=\"async\" class=\"magic-25\" src=\"https:\/\/ae01.alicdn.com\/kf\/S95bfd1d7a07f4f3d9b400cf282483639t.jpg?width=800&amp;height=800&amp;hash=1600\" slate-data-type=\"image\"\/><\/div>\n<\/div>\n<div><img decoding=\"async\" class=\"magic-27\" src=\"https:\/\/ae01.alicdn.com\/kf\/Sf819f886e9ee42da834170d7fbd1b7ach.jpg?width=600&amp;height=800&amp;hash=1400\" slate-data-type=\"image\"\/><\/div>\n<\/div>\n<\/div>\n<\/div>\n<\/div>\n<div>\n<div>\n<div>\n<div>\n<div>\n<div><img decoding=\"async\" class=\"magic-29\" src=\"https:\/\/ae01.alicdn.com\/kf\/S84939f2b10d24bd89ebbf28984b35e9cV.jpg?width=600&amp;height=800&amp;hash=1400\" slate-data-type=\"image\"\/><\/div>\n<\/div>\n<div>\n<div>\n<div>\n<div>\u00a0<\/div>\n<div>\u00a0<\/div>\n<div>\u00a0<\/div>\n<div>\u00a0<\/div>\n<div><span><strong>Tavaroiden turvallisuuden parantamiseksi tarjoamme ammattimaisia, ymp\u00e4rist\u00f6yst\u00e4v\u00e4llisi\u00e4, k\u00e4tevi\u00e4 ja tehokkaita pakkauspalveluita.<br \/>tarjotaan.<\/strong><\/span><\/div>\n<\/div>\n<\/div>\n<\/div>\n<\/div>\n<\/div>\n<\/div>\n<\/div>\n<div>\n<div id=\"ali-anchor-AliMagic-5xyhcf\">Usein kysytyt kysymykset<\/div>\n<\/div>\n<div>\n<div>\n<div>\n<h3 class=\"magic-31\"><\/h3>\n<div>\n<div>\n<div><strong>Q<\/strong>: Oletko valmistaja? <strong>A<\/strong>Kyll\u00e4, olemme valmistajia. Voimme tarjota OEM\/ODM-r\u00e4\u00e4t\u00e4l\u00f6ity\u00e4 palvelua asiakkaidemme erilaisten sovellusten ja vaatimusten mukaan. Kaikki tuotteemme ovat t\u00e4ysin patentoituja, suunnittelun, laitteiston ja ohjelmiston, muotin ja kokoonpanon tekee oma tiimimme. <strong>Q<\/strong>: Mik\u00e4 on v\u00e4himm\u00e4istilausm\u00e4\u00e4r\u00e4 (MOQ)? <strong>A<\/strong>Hyv\u00e4ksymme yhden yksik\u00f6n vakiotuotteille. Voimme jopa r\u00e4\u00e4t\u00e4l\u00f6id\u00e4 ne logollasi tarvittaessa. Jos tarvitset OEM-laatuj\u00e4rjestelm\u00e4\u00e4, n\u00e4et yksityiskohtaiset vaatimukset ja vahvistamme sinulle v\u00e4himm\u00e4istilausm\u00e4\u00e4r\u00e4n myyntiosastoltamme. <strong>Q<\/strong>: Voimmeko saada ilmaisen n\u00e4ytteen? <strong>A<\/strong>Valitettavasti emme yleens\u00e4 tarjoa ilmaista n\u00e4ytett\u00e4. Jos asiakas vahvistaa spesifikaation ja hinnan, h\u00e4n voi tilata n\u00e4ytteen ensin testausta ja arviointia varten. <strong>Q<\/strong>: Miten tilata ja maksaa? <strong>A<\/strong>Hyv\u00e4ksymme T\/T:n (pankkisiirron), Alibaba-verkkomaksun ja Western Union 1 Trade Assurancen. <strong>Q<\/strong>: Mik\u00e4 on tuotteidesi takuu? <strong>A<\/strong>Takuu: Tarjoamme 24 kuukauden takuun l\u00e4hetyksen j\u00e4lkeen. <strong>Q<\/strong>: Kuinka kauan toimitus kest\u00e4\u00e4? <strong>A<\/strong>Tuotannon l\u00e4pimenoaika on noin 3\u201310 p\u00e4iv\u00e4\u00e4 vaatimuksesta riippuen, ja DHL:n\/UPS:n\/FEDEX:n\/TNT:n toimitusaika on noin 3\u20137 arkip\u00e4iv\u00e4\u00e4. Joillekin syrj\u00e4isille alueille toimitusaika voi olla hieman pidempi. <strong>Q<\/strong> :Kuinka korjata laite, jos siin\u00e4 on ongelmia? <strong>A<\/strong>Tarjoamme teknist\u00e4 tukea verkossa ongelman ratkaisemiseksi; Jos kyseess\u00e4 on laitteisto-ongelma, voimme l\u00e4hett\u00e4\u00e4 osat tai komponentit ja opettaa asiakkaalle niiden asentamisen, jos heill\u00e4 on teknikko tai he voivat my\u00f6s l\u00e4hett\u00e4\u00e4 ne meille korjaamaan sen. <strong>Q<\/strong>Voitteko r\u00e4\u00e4t\u00e4l\u00f6id\u00e4 ja jaella tuotettamme? <strong>A<\/strong>: Olemme ammattimainen s\u00e4hk\u00f6py\u00f6rien valmistaja, jolla on 8 vuoden kokemus valmistuksesta. Tuemme tuotteiden r\u00e4\u00e4t\u00e4l\u00f6inti\u00e4, jakelua ja tukkumyynti\u00e4.<\/div>\n<\/div>\n<\/div>\n<\/div>\n<\/div>\n<\/div>\n<div id=\"42229223123\"><\/div>\n<div>\u00a0<\/div>\n<\/div>\n<div><\/div>\n<\/div>\n<\/div>\n<p><\/p>","protected":false},"excerpt":{"rendered":"<p>Tire Size:&nbsp;8 inch Model Number:&nbsp;C1 Category:&nbsp;Two-wheel Scooter Applicable People:&nbsp;MEN Range Per Charge:&nbsp;40-60km Charging Time:&nbsp;6-8h Voltage:&nbsp;24v Folded:&nbsp;YES Origin:&nbsp;Mainland China Power (W):&nbsp;100-200w Place of Origin:&nbsp;Anhui, China Brand:&nbsp;kixin Model Number:&nbsp;C1 Charging Time:&nbsp;5-6h Foldable:&nbsp;Yes<\/p>","protected":false},"featured_media":7696,"comment_status":"open","ping_status":"closed","template":"","meta":{"_acf_changed":false},"product_brand":[],"product_cat":[302],"product_tag":[303],"class_list":{"0":"post-7695","1":"product","2":"type-product","3":"status-publish","4":"has-post-thumbnail","6":"product_cat-electric-children-scooters","7":"product_tag-hx","9":"first","10":"instock","11":"shipping-taxable","12":"purchasable","13":"product-type-simple"},"acf":[],"_links":{"self":[{"href":"https:\/\/www.electricstore.eu\/fi\/wp-json\/wp\/v2\/product\/7695","targetHints":{"allow":["GET"]}}],"collection":[{"href":"https:\/\/www.electricstore.eu\/fi\/wp-json\/wp\/v2\/product"}],"about":[{"href":"https:\/\/www.electricstore.eu\/fi\/wp-json\/wp\/v2\/types\/product"}],"replies":[{"embeddable":true,"href":"https:\/\/www.electricstore.eu\/fi\/wp-json\/wp\/v2\/comments?post=7695"}],"wp:featuredmedia":[{"embeddable":true,"href":"https:\/\/www.electricstore.eu\/fi\/wp-json\/wp\/v2\/media\/7696"}],"wp:attachment":[{"href":"https:\/\/www.electricstore.eu\/fi\/wp-json\/wp\/v2\/media?parent=7695"}],"wp:term":[{"taxonomy":"product_brand","embeddable":true,"href":"https:\/\/www.electricstore.eu\/fi\/wp-json\/wp\/v2\/product_brand?post=7695"},{"taxonomy":"product_cat","embeddable":true,"href":"https:\/\/www.electricstore.eu\/fi\/wp-json\/wp\/v2\/product_cat?post=7695"},{"taxonomy":"product_tag","embeddable":true,"href":"https:\/\/www.electricstore.eu\/fi\/wp-json\/wp\/v2\/product_tag?post=7695"}],"curies":[{"name":"wp","href":"https:\/\/api.w.org\/{rel}","templated":true}]}}