{"id":7590,"date":"2025-05-15T19:33:05","date_gmt":"2025-05-15T19:33:05","guid":{"rendered":"https:\/\/electricstore.eu\/product\/24v-250w-electric-conversion-kit-brushed\/"},"modified":"2025-05-21T05:40:14","modified_gmt":"2025-05-21T05:40:14","slug":"24v-250w-electric-conversion-kit-brushed","status":"publish","type":"product","link":"https:\/\/www.electricstore.eu\/fi\/p\/p\/kits\/24v-250w-electric-conversion-kit-brushed\/","title":{"rendered":"Bymaocar 250W 24V s\u00e4hk\u00f6py\u00f6r\u00e4n harjallinen muunnossarja"},"content":{"rendered":"<div class=\"product-specs-list-container\">\n<ul class=\"product-specs-list util-clearfix\">\n<li class=\"product-prop line-limit-length\"><span\n                                        class=\"property-title\">Huolenaiheinen kemikaali:&nbsp;<\/span><span\n                                        class=\"property-desc line-limit-length\">Ei mit\u00e4\u00e4n<\/span>\n                            <\/li>\n<li class=\"product-prop line-limit-length\"><span\n                                        class=\"property-title\">Teho:&nbsp;<\/span><span\n                                        class=\"property-desc line-limit-length\">201\u2013300 W<\/span>\n                            <\/li>\n<li class=\"product-prop line-limit-length\"><span\n                                        class=\"property-title\">Design:&nbsp;<\/span><span\n                                        class=\"property-desc line-limit-length\">Harjattu<\/span>\n                            <\/li>\n<li class=\"product-prop line-limit-length\"><span\n                                        class=\"property-title\">J\u00e4nnite:&nbsp;<\/span><span\n                                        class=\"property-desc line-limit-length\">24 V<\/span>\n                            <\/li>\n<li class=\"product-prop line-limit-length\"><span\n                                        class=\"property-title\">Tuotemerkki:&nbsp;<\/span><span\n                                        class=\"property-desc line-limit-length\">Bymaocar<\/span>\n                            <\/li>\n<li class=\"product-prop line-limit-length\"><span\n                                        class=\"property-title\">Alkuper\u00e4:&nbsp;<\/span><span\n                                        class=\"property-desc line-limit-length\">Manner-Kiina<\/span>\n                            <\/li>\n<li class=\"product-prop line-limit-length\"><span\n                                        class=\"property-title\">Moottori:&nbsp;<\/span><span\n                                        class=\"property-desc line-limit-length\">Hidas harjamoottori<\/span>\n                            <\/li>\n<\/ul><\/div>\n<h2><span style=\"background-color:rgb(252, 220, 0)\"><strong>250 W:n 24 V:n s\u00e4hk\u00f6py\u00f6r\u00e4n muunnossarja maastopy\u00f6r\u00e4\u00e4n, harjallinen moottori, t\u00e4ydellinen s\u00e4hk\u00f6py\u00f6r\u00e4sarja vapaarattaalla ja moottorinohjaimella, tavallisiin maastopy\u00f6riin<\/strong><\/span><\/h2>\n<p><span style=\"background-color:rgb(251, 158, 0);font-size:16px\"><strong>T\u00e4st\u00e4 muunnossarjasta on kaksi vaihtoehtoa: peukalolla k\u00e4\u00e4nnett\u00e4v\u00e4 kahvasarja ja kiertosarja. Luethan kuvauksen huolellisesti ja valitse tarpeitasi vastaava sarja tilauksen tekemist\u00e4 varten, kiitos!<\/strong><\/span><\/p>\n<p><img decoding=\"async\" src=\"https:\/\/ae01.alicdn.com\/kf\/S7f2d9bf270244253b6259c45ca7c209d7.jpg\" slate-data-type=\"image\"\/><img decoding=\"async\" src=\"https:\/\/ae01.alicdn.com\/kf\/Sb988af6ce7744c6d9c8731448c1dfc06K.jpg\" slate-data-type=\"image\"\/><img decoding=\"async\" src=\"https:\/\/ae01.alicdn.com\/kf\/Sc7954f3a7a954b5fb41d2ea88a2deb0cC.jpg\" slate-data-type=\"image\"\/><img decoding=\"async\" src=\"https:\/\/ae01.alicdn.com\/kf\/S5175a92ccdad493dbe5a146549d5b500H.jpg\" slate-data-type=\"image\"\/><img decoding=\"async\" src=\"https:\/\/ae01.alicdn.com\/kf\/Sa0938174d64842d3a7b421e6a68dcd72Y.jpg\" slate-data-type=\"image\"\/><img decoding=\"async\" src=\"https:\/\/ae01.alicdn.com\/kf\/Sa4eaaa9d64ba4a598d23ab573bf01d16u.jpg\" slate-data-type=\"image\"\/><img decoding=\"async\" src=\"https:\/\/ae01.alicdn.com\/kf\/S127e0d5caa3a4725942d13b781b356526.jpg\" slate-data-type=\"image\"\/><img decoding=\"async\" src=\"https:\/\/ae01.alicdn.com\/kf\/S7543d34bd8a94f7a9c1da04ab0612e69b.jpg\" slate-data-type=\"image\"\/><img decoding=\"async\" src=\"https:\/\/ae01.alicdn.com\/kf\/S92143c83fa8f4c978f07ec48cc93a2eew.jpg\" slate-data-type=\"image\"\/><img decoding=\"async\" src=\"https:\/\/ae01.alicdn.com\/kf\/S17de3fdbcb22401f8aa4de28fc3a9a9eF.jpg\" slate-data-type=\"image\"\/><img decoding=\"async\" src=\"https:\/\/ae01.alicdn.com\/kf\/S22c32bac324f4c2b8eaffcc1f31c4300f.jpg\" slate-data-type=\"image\"\/><img decoding=\"async\" src=\"https:\/\/ae01.alicdn.com\/kf\/S87a702b0c37549bcbb9594ac889ae07fn.jpg\" slate-data-type=\"image\"\/><img decoding=\"async\" src=\"https:\/\/ae01.alicdn.com\/kf\/S2358e5ccdf4d48f0bd4eb0f9751c7435H.jpg\" slate-data-type=\"image\"\/><img decoding=\"async\" src=\"https:\/\/ae01.alicdn.com\/kf\/S5e5f897427c54b11802016843657a2a1W.jpg\" slate-data-type=\"image\"\/><img decoding=\"async\" src=\"https:\/\/ae01.alicdn.com\/kf\/Scf56f53e408346e9b3b5877cff69d19a6.jpg\" slate-data-type=\"image\"\/><img decoding=\"async\" src=\"https:\/\/ae01.alicdn.com\/kf\/Sea3ea244fad14352a7e99b2253b859d5l.jpg\" slate-data-type=\"image\"\/><img decoding=\"async\" src=\"https:\/\/ae01.alicdn.com\/kf\/Sf8976e03d2cd4963923bb8a3765a6069l.jpg\" slate-data-type=\"image\"\/><img decoding=\"async\" src=\"https:\/\/ae01.alicdn.com\/kf\/Sf6873ec3bd034b8982e8b0e0a22f9719L.jpg\" slate-data-type=\"image\"\/><img decoding=\"async\" src=\"https:\/\/ae01.alicdn.com\/kf\/S7dade52de70a492c9c0f16ffdf809aedl.jpg\" slate-data-type=\"image\"\/><img decoding=\"async\" src=\"https:\/\/ae01.alicdn.com\/kf\/Sc243944600ea47d7a4545da7d033d8d2V.jpg\" slate-data-type=\"image\"\/><img decoding=\"async\" src=\"https:\/\/ae01.alicdn.com\/kf\/S515c95cb14944789b1153c8c20a96513X.jpg\" slate-data-type=\"image\"\/><img decoding=\"async\" src=\"https:\/\/ae01.alicdn.com\/kf\/S9af97f620d9949dead118e0fbb2c3b0eM.jpeg\" slate-data-type=\"image\"\/><\/p>\n<p class=\"MsoNormal\"><span style=\"font-size:12pt;font-family:&quot;Times New Roman&quot;\">Maastopy\u00f6r\u00e4n muutossarjamme voi muuttaa tavalliset maastopy\u00f6r\u00e4t s\u00e4hk\u00f6py\u00f6riksi, joilla on suurempi teho ja parempi k\u00e4sitelt\u00e4vyys, mik\u00e4 parantaa merkitt\u00e4v\u00e4sti ajokokemusta ja ajoneuvon suorituskyky\u00e4. Ensiluokkainen materiaali tekee siit\u00e4 tukevan ja kest\u00e4v\u00e4n. T\u00e4m\u00e4 sarja sis\u00e4lt\u00e4\u00e4 t\u00e4ydelliset lis\u00e4varusteet mukavuuttasi varten. Niille, jotka muokkaavat polkupy\u00f6ri\u00e4, se on ihanteellinen valinta parantaaksesi k\u00e4yt\u00e4nn\u00f6n taitojasi!<\/span><\/p>\n<p><\/p>\n<p class=\"MsoNormal\"><strong><span style=\"color:rgb(14, 16, 26);font-size:15pt;font-family:&quot;Times New Roman&quot;\">T\u00e4rkeimm\u00e4t ominaisuudet<\/span><\/strong><\/p>\n<p class=\"MsoNormal\"><strong><span style=\"color:rgb(14, 16, 26);font-size:12pt;font-family:&quot;Times New Roman&quot;\">Tehty kest\u00e4m\u00e4\u00e4n:<\/span><\/strong><span style=\"color:rgb(14, 16, 26);font-size:12pt;font-family:&quot;Times New Roman&quot;\">\u00a0T\u00e4m\u00e4 tuote on valmistettu kupari-rauta-alumiinimagneeteista <\/span><span style=\"background-color:rgb(242, 186, 186);font-size:12pt;font-family:&quot;Times New Roman&quot;\">iskunkest\u00e4v\u00e4<\/span><span style=\"color:rgb(14, 16, 26);font-size:12pt;font-family:&quot;Times New Roman&quot;\">, <\/span><span style=\"background-color:rgb(242, 186, 186);font-size:12pt;font-family:&quot;Times New Roman&quot;\">ruosteenkest\u00e4v\u00e4<\/span><span style=\"color:rgb(14, 16, 26);font-size:12pt;font-family:&quot;Times New Roman&quot;\">ja kest\u00e4v\u00e4, mik\u00e4 takaa pitk\u00e4aikaisen k\u00e4yt\u00f6n.<\/span><\/p>\n<p><\/p>\n<p class=\"MsoNormal\"><strong><span style=\"color:rgb(14, 16, 26);font-size:12pt;font-family:&quot;Times New Roman&quot;\">Eritt\u00e4in k\u00e4yt\u00e4nn\u00f6llinen:<\/span><\/strong><span style=\"color:rgb(14, 16, 26);font-size:12pt;font-family:&quot;Times New Roman&quot;\">\u00a0T\u00e4m\u00e4 sarja voi muuttaa tavalliset maastopy\u00f6r\u00e4t s\u00e4hk\u00f6py\u00f6riksi, joilla on vahvempi teho ja parempi k\u00e4sitelt\u00e4vyys, mik\u00e4 on eritt\u00e4in k\u00e4yt\u00e4nn\u00f6llist\u00e4.<\/span><\/p>\n<p><\/p>\n<p class=\"MsoNormal\"><strong><span style=\"color:rgb(14, 16, 26);font-size:12pt;font-family:&quot;Times New Roman&quot;\">Erinomainen suorituskyky: <\/span><\/strong><span style=\"color:rgb(14, 16, 26);font-size:12pt;font-family:&quot;Times New Roman&quot;\">Harjallinen alennusmoottori on helppo ohjata, ja sen nopeutta ja suuntaa voidaan s\u00e4\u00e4t\u00e4\u00e4 j\u00e4nnitett\u00e4 tai virtaa muuttamalla eritt\u00e4in tarkasti. Lis\u00e4ksi ne voivat tuottaa suuren v\u00e4\u00e4nt\u00f6momentin k\u00e4ynnistyksen yhteydess\u00e4, mik\u00e4 mahdollistaa nopean k\u00e4ynnistyksen ja kuorman ajamisen.<br \/><\/span><\/p>\n<p class=\"MsoNormal\"><strong><span style=\"color:rgb(14, 16, 26);font-size:12pt;font-family:&quot;Times New Roman&quot;\">Huolellinen suunnittelu: <\/span><\/strong><span style=\"color:rgb(14, 16, 26);font-size:12pt;font-family:&quot;Times New Roman&quot;\">Harjallinen ohjain vastaa akun ja moottorin v\u00e4lisen virrankulun hallinnasta. S\u00e4\u00e4d\u00e4 moottoriin sy\u00f6tetty\u00e4 virtaa kuljettajan tarpeiden mukaan hallitaksesi ajoneuvon nopeutta. Harjallinen ohjain, jossa on jarruvalojen ja vilkkuvalojen liit\u00e4nn\u00e4t, on k\u00e4tev\u00e4 muistuttamaan jalankulkijoita tai ajoneuvoja ja varmistamaan ajoturvallisuuden.<\/span><\/p>\n<p><\/p>\n<p class=\"MsoNormal\"><strong><span style=\"color:rgb(14, 16, 26);font-size:12pt;font-family:&quot;Times New Roman&quot;\">T\u00e4ydelliset lis\u00e4varusteet: <\/span><\/strong><span style=\"color:rgb(14, 16, 26);font-size:12pt;font-family:&quot;Times New Roman&quot;\">T\u00e4m\u00e4 sarja sis\u00e4lt\u00e4\u00e4 harjallisen alennusmoottorin, ohjaustangon, kiinnityslevyn, harjaohjaimen, ketjun, puristustyynyn, hammaslevyn ja muita lis\u00e4varusteita, joiden avulla voit muuttaa tavallisen maastopy\u00f6r\u00e4n s\u00e4hk\u00f6py\u00f6r\u00e4ksi, jolla on parempi k\u00e4sitelt\u00e4vyys ilman muiden lis\u00e4varusteiden ostamista.<\/span><\/p>\n<p><\/p>\n<p class=\"MsoNormal\"><strong><span style=\"color:rgb(0, 0, 0);font-size:12pt;font-family:&quot;Times New Roman&quot;\">Helppo puhdistaa:<\/span><\/strong><span style=\"font-size:12pt;font-family:&quot;Times New Roman&quot;\">Siin\u00e4 on sile\u00e4 pinta ja yksinkertainen rakenne, joten p\u00f6ly tarvitsee pyyhki\u00e4 vain s\u00e4\u00e4nn\u00f6llisesti kuivalla pyyhkeell\u00e4. \u00a0<\/span><\/p>\n<p><\/p>\n<p class=\"MsoNormal\"><strong><span style=\"color:rgb(0, 0, 0);font-size:12pt;font-family:&quot;Times New Roman&quot;\">Ihanteellinen lahja: <\/span><\/strong><span style=\"color:rgb(0, 0, 0);font-size:12pt;font-family:&quot;Times New Roman&quot;\">Se on ihanteellinen lahja py\u00f6r\u00e4ilyst\u00e4 pit\u00e4ville yst\u00e4ville, sill\u00e4 se mahdollistaa tavallisten maastopy\u00f6rien muuttamisen s\u00e4hk\u00f6py\u00f6riksi, joilla on parempi k\u00e4sitelt\u00e4vyys ja jotka nauttivat ajamisesta.<\/span><\/p>\n<p><\/p>\n<p class=\"MsoNormal\"><strong><span style=\"color:rgb(14, 16, 26);font-size:12pt;font-family:&quot;Times New Roman&quot;\">Osta luottavaisin mielin:<\/span><\/strong><span style=\"color:rgb(14, 16, 26);font-size:12pt;font-family:&quot;Times New Roman&quot;\">\u00a0Seisomme kaikkien asiakkaidemme takana ja autamme mielell\u00e4mme ostoksissasi. Vastaamme mielell\u00e4mme h\u00e4mmennyksiisi ja kysymyksiisi. Tarinamme loppu ei ole &quot;me myymme ja sin\u00e4 ostat&quot;.<\/span><\/p>\n<p><\/p>\n<p class=\"MsoNormal\"><strong><span style=\"color:rgb(14, 16, 26);font-size:15pt;font-family:&quot;Times New Roman&quot;\">Tiedot<\/span><\/strong><\/p>\n<p class=\"MsoNormal\"><strong><span style=\"color:rgb(14, 16, 26);font-size:12pt;font-family:&quot;Times New Roman&quot;\">Ketju:<\/span><\/strong><span style=\"color:rgb(14, 16, 26);font-size:12pt;font-family:&quot;Times New Roman&quot;\">\u00a0Se voi yhdist\u00e4\u00e4 etuhammastetun jarrulevyn takavauhtipy\u00f6r\u00e4\u00e4n ja siirt\u00e4\u00e4 ihmisty\u00f6n tai s\u00e4hk\u00f6moottoreiden tuottaman voiman takapy\u00f6rille. Lis\u00e4ksi hammastettua jarrulevy\u00e4 k\u00e4ytet\u00e4\u00e4n yhdess\u00e4 ketjun kanssa takapy\u00f6rien voimanl\u00e4hteen\u00e4.<\/span><\/p>\n<p><\/p>\n<p class=\"MsoNormal\"><strong><span style=\"color:rgb(14, 16, 26);font-size:12pt;font-family:&quot;Times New Roman&quot;\">Asennuslevy:<\/span><\/strong><span style=\"color:rgb(14, 16, 26);font-size:12pt;font-family:&quot;Times New Roman&quot;\">\u00a0Se tukee moottoreiden kiinnitt\u00e4mist\u00e4 ja varmistaa, ett\u00e4 kriittiset komponentit on asennettu tukevasti polkupy\u00f6r\u00e4n runkoon.<\/span><\/p>\n<p><\/p>\n<p class=\"MsoNormal\"><strong><span style=\"color:rgb(14, 16, 26);font-size:15pt;font-family:&quot;Times New Roman&quot;\">Tekniset tiedot<\/span><\/strong><\/p>\n<p class=\"MsoNormal\"><span style=\"color:rgb(14, 16, 26);font-size:12pt;font-family:&quot;Times New Roman&quot;\">V\u00e4ri: Musta, Hopea<\/span><\/p>\n<p class=\"MsoNormal\"><span style=\"color:rgb(14, 16, 26);font-size:12pt;font-family:&quot;Times New Roman&quot;\">Materiaali: Kupari-rauta-alumiinimagneetit<\/span><\/p>\n<p class=\"MsoNormal\"><span style=\"color:rgb(14, 16, 26);font-size:12pt;font-family:&quot;Times New Roman&quot;\">Moottorin tyyppi: Harjallinen alennusmoottori<\/span><\/p>\n<p class=\"MsoNormal\"><span style=\"color:rgb(14, 16, 26);font-size:12pt;font-family:&quot;Times New Roman&quot;\">Nimellisj\u00e4nnite: 24 VDC<\/span><\/p>\n<p class=\"MsoNormal\"><span style=\"color:rgb(14, 16, 26);font-size:12pt;font-family:&quot;Times New Roman&quot;\">Nimellisvirta: 13A<\/span><\/p>\n<p class=\"MsoNormal\"><span style=\"color:rgb(14, 16, 26);font-size:12pt;font-family:&quot;Times New Roman&quot;\">L\u00e4ht\u00f6teho: 250 W<\/span><\/p>\n<p class=\"MsoNormal\"><span style=\"color:rgb(14, 16, 26);font-size:12pt;font-family:&quot;Times New Roman&quot;\">Nimellisnopeus: 330 RPM<\/span><\/p>\n<p class=\"MsoNormal\"><span style=\"color:rgb(14, 16, 26);font-size:12pt;font-family:&quot;Times New Roman&quot;\">Suojaustaso: IP33<\/span><\/p>\n<p class=\"MsoNormal\"><span style=\"color:rgb(14, 16, 26);font-size:12pt;font-family:&quot;Times New Roman&quot;\">Eristystaso: F<\/span><\/p>\n<p class=\"MsoNormal\"><span style=\"color:rgb(14, 16, 26);font-size:12pt;font-family:&quot;Times New Roman&quot;\">Harjanohjaimen koko: 77 * 59 * 35 mm \/ 3,03 * 2,32 * 1,38 tuumaa<\/span><\/p>\n<p class=\"MsoNormal\"><span style=\"color:rgb(14, 16, 26);font-size:12pt;font-family:&quot;Times New Roman&quot;\">Pakkauksen koko: 25 * 18 * 16 cm \/ 9,84 * 7,09 * 6,3 tuumaa<\/span><\/p>\n<p class=\"MsoNormal\"><span style=\"color:rgb(14, 16, 26);font-size:12pt;font-family:&quot;Times New Roman&quot;\">Kokonaispaino: 4 kg \/ 8,82 paunaa<\/span><\/p>\n<p class=\"MsoNormal\"><span style=\"color:rgb(14, 16, 26);font-size:12pt;font-family:&quot;Times New Roman&quot;\">Nettopaino: 3,8 kg \/ 8,38 paunaa<\/span><\/p>\n<p><\/p>\n<p><span style=\"color:rgb(14, 16, 26);font-size:12pt;font-family:&quot;Times New Roman&quot;\">T\u00e4rke\u00e4 HUOMAUTUS:<\/span><\/p>\n<p><\/p>\n<p><span style=\"color:rgb(14, 16, 26);font-size:12pt;font-family:&quot;Times New Roman&quot;\">T\u00e4m\u00e4 tuote on tarkoitettu py\u00f6rille, joiden navan halkaisija on alle 36 mm.<\/span><\/p>\n<p><\/p>\n<p><span style=\"color:rgb(14, 16, 26);font-size:12pt;font-family:&quot;Times New Roman&quot;\">T\u00e4m\u00e4 tuote ei sis\u00e4ll\u00e4 akkua tai laturia.<\/span><\/p>\n<p><\/p>\n<p><span style=\"color:rgb(14, 16, 26);font-size:12pt;font-family:&quot;Times New Roman&quot;\">T\u00e4m\u00e4 on uusin s\u00e4hk\u00f6py\u00f6r\u00e4n asennussarjamme. Se kiinnitt\u00e4\u00e4 hammaspy\u00f6r\u00e4n pinnoihin, joten se sopii useimpiin polkupy\u00f6r\u00e4n py\u00f6riin.<\/span><\/p>\n<p><\/p>\n<p><span style=\"color:rgb(14, 16, 26);font-size:12pt;font-family:&quot;Times New Roman&quot;\">Moottori k\u00e4ytt\u00e4\u00e4 vapaarattaita, joten moottori ei py\u00f6ri renkaan py\u00f6riess\u00e4, aivan kuten tavallisessa polkupy\u00f6r\u00e4ss\u00e4, mik\u00e4 voi v\u00e4hent\u00e4\u00e4 vastusta.<\/span><\/p>\n<p><\/p>\n<h2><span style=\"background-color:rgb(244, 78, 59);font-size:20px\"><strong>Peukalokaasun suojus sis\u00e4lt\u00e4\u00e4:<\/strong><\/span><\/h2>\n<p><span style=\"background-color:rgb(252, 196, 0);font-size:16px\"><strong> 1 x 250 W 24 V harjamoottori vapaak\u00e4ynnill\u00e4<\/strong><\/span><\/p>\n<p><\/p>\n<p><span style=\"background-color:rgb(252, 196, 0);font-size:16px\"><strong> 1x Ketju<\/strong><\/span><\/p>\n<p><\/p>\n<p><span style=\"background-color:rgb(252, 196, 0);font-size:16px\"><strong> 1x r\u00e4\u00e4t\u00e4l\u00f6ity hammaspy\u00f6r\u00e4 ja komponentit<\/strong><\/span><\/p>\n<p><\/p>\n<p><span style=\"background-color:rgb(252, 196, 0);font-size:16px\"><strong> 1x Moottorinohjain<\/strong><\/span><\/p>\n<p><\/p>\n<p><span style=\"background-color:rgb(252, 196, 0);font-size:16px\"><strong> 1x Asennuslevy + pultit<\/strong><\/span><\/p>\n<p><\/p>\n<p><span style=\"background-color:rgb(252, 196, 0);font-size:16px\"><strong> 1 x Wuxing-peukalokaasutin (akkutilan ilmaisimella ja kytkinpainikkeella)<\/strong><\/span><\/p>\n<p><\/p>\n<p><img decoding=\"async\" src=\"https:\/\/ae01.alicdn.com\/kf\/S34d99d8ea2bc468f81275d57a0e9d4fey.jpg\" slate-data-type=\"image\"\/><img decoding=\"async\" src=\"https:\/\/ae01.alicdn.com\/kf\/S6f48f741f3ec4eea9f40a44e414b424eh.jpg\" slate-data-type=\"image\"\/><img decoding=\"async\" src=\"https:\/\/ae01.alicdn.com\/kf\/Se035d6a8be9b468e8be2ecfcd1e15a17z.jpg\" slate-data-type=\"image\"\/><img decoding=\"async\" src=\"https:\/\/ae01.alicdn.com\/kf\/S09f6729622a9412dba5876eeaa5d7fabk.jpg\" slate-data-type=\"image\"\/><img decoding=\"async\" src=\"https:\/\/ae01.alicdn.com\/kf\/S69dc0d884acc4009870927cae063a535Y.jpg\" slate-data-type=\"image\"\/><img decoding=\"async\" src=\"https:\/\/ae01.alicdn.com\/kf\/S3b950095b3f0421da165180a8f56d5eeV.jpg\" slate-data-type=\"image\"\/><img decoding=\"async\" src=\"https:\/\/ae01.alicdn.com\/kf\/S4d92be745b284480903b3da538d048d7G.png\" slate-data-type=\"image\"\/><\/p>\n<h2><\/h2>\n<p><span style=\"background-color:rgb(244, 78, 59);font-size:20px\"><strong>Kiertokaasusarja sis\u00e4lt\u00e4\u00e4:<\/strong><\/span><\/p>\n<p><span style=\"background-color:rgb(252, 196, 0);font-size:16px\"><strong>1 * Harjattu alennusmoottori<\/strong><\/span><\/p>\n<p><span style=\"background-color:rgb(252, 196, 0);font-size:16px\"><strong>1 * Asennuslevy<\/strong><\/span><\/p>\n<p><span style=\"background-color:rgb(252, 196, 0);font-size:16px\"><strong>1 * Harjaohjain<\/strong><\/span><\/p>\n<p><span style=\"background-color:rgb(252, 196, 0);font-size:16px\"><strong>1 * Hammastettu levy<\/strong><\/span><\/p>\n<p><span style=\"background-color:rgb(252, 196, 0);font-size:16px\"><strong>1* Ketju<\/strong><\/span><\/p>\n<p><span style=\"background-color:rgb(252, 196, 0);font-size:16px\"><strong>2 * puristintyyny\u00e4<\/strong><\/span><\/p>\n<p><span style=\"background-color:rgb(252, 196, 0);font-size:16px\"><strong>1 * Kierrett\u00e4v\u00e4 kaasuvipu (j\u00e4nniten\u00e4yt\u00f6ll\u00e4 ja avainkytkimell\u00e4)<\/strong><\/span><\/p>\n<p><span style=\"background-color:rgb(252, 196, 0);font-size:16px\"><strong>1* Ohjaustanko<\/strong><\/span><\/p>\n<p><span style=\"background-color:rgb(252, 196, 0);font-size:16px\"><strong>Muut k\u00e4ytett\u00e4v\u00e4t lis\u00e4varusteet<\/strong><\/span><\/p>\n<p><img decoding=\"async\" src=\"https:\/\/ae01.alicdn.com\/kf\/S58cdf5e4b4e94bd089043c0860c04fa1b.jpg\" slate-data-type=\"image\"\/><img decoding=\"async\" src=\"https:\/\/ae01.alicdn.com\/kf\/Sc6a4440e530245ca939a435b9559fa92D.jpg\" slate-data-type=\"image\"\/><img decoding=\"async\" src=\"https:\/\/ae01.alicdn.com\/kf\/Sd7d2e58a244e438ab53b78f332ef5f02a.jpg\" slate-data-type=\"image\"\/><img decoding=\"async\" src=\"https:\/\/ae01.alicdn.com\/kf\/Sf0919656da704580932da9f8d73ae0beL.jpg\" slate-data-type=\"image\"\/><img decoding=\"async\" src=\"https:\/\/ae01.alicdn.com\/kf\/Sd527048bef7049ec9e7adfe9238b2f0bF.jpg\" slate-data-type=\"image\"\/><img decoding=\"async\" src=\"https:\/\/ae01.alicdn.com\/kf\/S5e5f897427c54b11802016843657a2a1W.jpg\" slate-data-type=\"image\"\/><img decoding=\"async\" src=\"https:\/\/ae01.alicdn.com\/kf\/S7a3f60286af946e3b471a1a801022143R.jpg\" slate-data-type=\"image\"\/><img decoding=\"async\" src=\"https:\/\/ae01.alicdn.com\/kf\/S0fc31b6fd3024bc6ace9a41ae9197fb6m.jpg\" slate-data-type=\"image\"\/><img decoding=\"async\" src=\"https:\/\/ae01.alicdn.com\/kf\/S7b962764f278473ca5e773fe4eb7dd05R.jpg\" slate-data-type=\"image\"\/><img decoding=\"async\" src=\"https:\/\/ae01.alicdn.com\/kf\/S953911251e104eff82f82567cdf043be1.jpg\" slate-data-type=\"image\"\/><img decoding=\"async\" src=\"https:\/\/ae01.alicdn.com\/kf\/S292b6e3fbfd34c1eb8ef0e199854e89eI.jpg\" slate-data-type=\"image\"\/><img decoding=\"async\" src=\"https:\/\/ae01.alicdn.com\/kf\/Se42e2455dc3641d39eabe649c073a4b2H.jpg\" slate-data-type=\"image\"\/><img decoding=\"async\" src=\"https:\/\/ae01.alicdn.com\/kf\/Sfdc05fa2ed27454fa34f90652940cc4b5.jpg\" slate-data-type=\"image\"\/><\/p>\n<p class=\"MsoNormal\"><strong><span style=\"color:rgb(14, 16, 26);font-size:15pt;font-family:&quot;Times New Roman&quot;\">Muistiinpanoja<\/span><\/strong><\/p>\n<p style=\"margin-left:21pt\" class=\"MsoNormal\"><span style=\"color:rgb(14, 16, 26);font-size:12pt;font-family:&quot;Times New Roman&quot;\"><span>1.\u00a0<\/span><\/span><span style=\"color:rgb(14, 16, 26);font-size:12pt;font-family:&quot;Times New Roman&quot;\">Huomioithan, ett\u00e4 t\u00e4m\u00e4 tuote ei sis\u00e4ll\u00e4 polkupy\u00f6ri\u00e4.<\/span><\/p>\n<p style=\"margin-left:21pt\" class=\"MsoNormal\"><span style=\"color:rgb(14, 16, 26);font-size:12pt;font-family:&quot;Times New Roman&quot;\"><span>2.\u00a0<\/span><\/span><span style=\"color:rgb(14, 16, 26);font-size:12pt;font-family:&quot;Times New Roman&quot;\">T\u00e4m\u00e4 tuote sopii polkupy\u00f6riin, joiden py\u00f6r\u00e4nnavan halkaisija on alle 1,38 tuumaa.<\/span><\/p>\n<p style=\"margin-left:21pt\" class=\"MsoNormal\"><span style=\"color:rgb(14, 16, 26);font-size:12pt;font-family:&quot;Times New Roman&quot;\"><span>3.\u00a0<\/span><\/span><span style=\"color:rgb(14, 16, 26);font-size:12pt;font-family:&quot;Times New Roman&quot;\">T\u00e4m\u00e4 tuote ei sis\u00e4ll\u00e4 akkuja tai latureita.<\/span><\/p>\n<p style=\"margin-left:21pt\" class=\"MsoNormal\"><span style=\"color:rgb(14, 16, 26);font-size:12pt;font-family:&quot;Times New Roman&quot;\"><span>4.\u00a0<\/span><\/span><span style=\"color:rgb(14, 16, 26);font-size:12pt;font-family:&quot;Times New Roman&quot;\">Salli kuvausvalon aiheuttama pieni v\u00e4riero ja manuaalisen mittauksen aiheuttama 1-3 cm:n virhe ja varmista, ett\u00e4 et v\u00e4lit\u00e4 t\u00e4st\u00e4 ennen tilaamista.<\/span><\/p>","protected":false},"excerpt":{"rendered":"<p>Hign-concerned Chemical:&nbsp;None Wattage:&nbsp;201 &#8211; 300w Design:&nbsp;Brushed Voltage:&nbsp;24V Brand Name:&nbsp;Bymaocar Origin:&nbsp;Mainland China Motor:&nbsp;Low-speed Brush Motor 250W 24V Electric Bicycle Conversion Kit MTB Brushed Motor Modification Electric Bike Complete Kit with Freewheel<\/p>","protected":false},"featured_media":7591,"comment_status":"open","ping_status":"closed","template":"","meta":{"_acf_changed":false},"product_brand":[],"product_cat":[242],"product_tag":[],"class_list":{"0":"post-7590","1":"product","2":"type-product","3":"status-publish","4":"has-post-thumbnail","6":"product_cat-kits","8":"first","9":"instock","10":"shipping-taxable","11":"purchasable","12":"product-type-variable"},"acf":[],"_links":{"self":[{"href":"https:\/\/www.electricstore.eu\/fi\/wp-json\/wp\/v2\/product\/7590","targetHints":{"allow":["GET"]}}],"collection":[{"href":"https:\/\/www.electricstore.eu\/fi\/wp-json\/wp\/v2\/product"}],"about":[{"href":"https:\/\/www.electricstore.eu\/fi\/wp-json\/wp\/v2\/types\/product"}],"replies":[{"embeddable":true,"href":"https:\/\/www.electricstore.eu\/fi\/wp-json\/wp\/v2\/comments?post=7590"}],"wp:featuredmedia":[{"embeddable":true,"href":"https:\/\/www.electricstore.eu\/fi\/wp-json\/wp\/v2\/media\/7591"}],"wp:attachment":[{"href":"https:\/\/www.electricstore.eu\/fi\/wp-json\/wp\/v2\/media?parent=7590"}],"wp:term":[{"taxonomy":"product_brand","embeddable":true,"href":"https:\/\/www.electricstore.eu\/fi\/wp-json\/wp\/v2\/product_brand?post=7590"},{"taxonomy":"product_cat","embeddable":true,"href":"https:\/\/www.electricstore.eu\/fi\/wp-json\/wp\/v2\/product_cat?post=7590"},{"taxonomy":"product_tag","embeddable":true,"href":"https:\/\/www.electricstore.eu\/fi\/wp-json\/wp\/v2\/product_tag?post=7590"}],"curies":[{"name":"wp","href":"https:\/\/api.w.org\/{rel}","templated":true}]}}