{"id":7574,"date":"2025-05-15T19:32:53","date_gmt":"2025-05-15T19:32:53","guid":{"rendered":"https:\/\/electricstore.eu\/product\/usamr-500ah-12v-lifepo4-battery\/"},"modified":"2025-05-20T13:42:13","modified_gmt":"2025-05-20T13:42:13","slug":"usamr-500ah-12v-lifepo4-battery","status":"publish","type":"product","link":"https:\/\/www.electricstore.eu\/fi\/p\/batteries\/lifepo4-batteries\/200ah-lifepo4-batteries\/usamr-500ah-12v-lifepo4-battery\/","title":{"rendered":"USAMR 500Ah 12V LiFePO4-akku"},"content":{"rendered":"<div class=\"product-specs-list-container\">\n<ul class=\"product-specs-list util-clearfix\">\n<li class=\"product-prop line-limit-length\"><span class=\"property-title\">Nimelliskapasiteetti:\u00a0<\/span><span class=\"property-desc line-limit-length\">500AH<\/span><\/li>\n<li class=\"product-prop line-limit-length\"><span class=\"property-title\">Paino:\u00a0<\/span><span class=\"property-desc line-limit-length\">About 39.3kg<\/span><\/li>\n<li class=\"product-prop line-limit-length\"><span class=\"property-title\">J\u00e4nnite:\u00a0<\/span><span class=\"property-desc line-limit-length\">12 V<\/span><\/li>\n<li class=\"product-prop line-limit-length\"><span class=\"property-title\">Koko:\u00a0<\/span><span class=\"property-desc line-limit-length\">430x240x270mm<\/span><\/li>\n<li class=\"product-prop line-limit-length\"><span class=\"property-title\">Mallinumero:\u00a0<\/span><span class=\"property-desc line-limit-length\">12 V:n Liferpo4-akku<\/span><\/li>\n<li class=\"product-prop line-limit-length\"><span class=\"property-title\">Tyyppi:\u00a0<\/span><span class=\"property-desc line-limit-length\">LiFePO4<\/span><\/li>\n<li class=\"product-prop line-limit-length\"><span class=\"property-title\">Tuotemerkki:\u00a0<\/span><span class=\"property-desc line-limit-length\">Likctt<\/span><\/li>\n<li class=\"product-prop line-limit-length\"><span class=\"property-title\">Alkuper\u00e4:\u00a0<\/span><span class=\"property-desc line-limit-length\">Manner-Kiina<\/span><\/li>\n<\/ul>\n<\/div>\n<div class=\"detailmodule_html\">\n<div class=\"detail-desc-decorate-richtext\">\n<p style=\"text-align: left; color: #ff0000; font-size: 20px; font-weight: bold;\">Kuljetus Euroopan unionissa, Isossa-Britanniassa, Yhdysvalloissa, Kanadassa ja Aasian maissa VEROTON.<\/p>\n<p style=\"text-align: left; color: #434649; font-size: 13px;\">EU:n varasto (Puolan varasto) on saapunut. Yst\u00e4v\u00e4t, jotka sit\u00e4 tarvitsevat, voivat tehd\u00e4 tilauksen nyt. Tee ensin tilaus ja j\u00e4rjest\u00e4 toimitus. Voit vastaanottaa tavarat 3\u20137 p\u00e4iv\u00e4n kuluessa l\u00e4hetyksest\u00e4.<br \/>Akun tyyppi:<br \/>Battery capacity:500ah<br \/>Battery size:430*240*270mm (+\/-10mm)<br \/>Weight:39.3kg(+\/-0.5kg)<br \/>Built-in: 3.2V LiFePO4 Battery<br \/>Nominal voltage: 12.8V<br \/>Maximum charging current:50A<br \/>Instantaneous discharge current: 200A<br \/>Continuous discharge current:100A<br \/>Life: 6000 Cycles or more<br \/>Case Material: Matel<br \/>Charging temperature: 0~45\u00b0C<br \/>Discharge temperature:-20~60\u00b0C<br \/>Storage temperature:-20~65 \u00b0C<br \/>Operating voltage range:8.0V-14.6V<br \/>Overload protection voltage: 14.6V\u00b10.05V<br \/>Protection voltage against overlo:8.0V\u00b10.05V<br \/>Protect battery temperature:60\u00b0C plusmn 5\u00b0C<br \/>Output and parameters: high current positive \/ negative connection column (red positive, black negative)<\/p>\n<p><img fetchpriority=\"high\" decoding=\"async\" style=\"width: 100%; height: auto; vertical-align: middle;\" src=\"https:\/\/ae01.alicdn.com\/kf\/Sd877e7644c8f4d3196748c53f5a8741dn.jpg\" width=\"1000\" height=\"1000\" \/><img decoding=\"async\" style=\"width: 100%; height: auto; vertical-align: middle;\" src=\"https:\/\/ae01.alicdn.com\/kf\/S9058fa1bec344b5f8240fb6ca48808f5w.jpg\" width=\"1000\" height=\"1000\" \/><img decoding=\"async\" style=\"width: 100%; height: auto; vertical-align: middle;\" src=\"https:\/\/ae01.alicdn.com\/kf\/S8545d111efbb41beba9ccb647eb2e0bbP.jpg\" width=\"1000\" height=\"1000\" \/><img loading=\"lazy\" decoding=\"async\" style=\"width: 100%; height: auto; vertical-align: middle;\" src=\"https:\/\/ae01.alicdn.com\/kf\/S1c9bd8397329465d9023bf1d760e5aadC.jpg?width=1000&amp;height=1000&amp;hash=2000\" width=\"1000\" height=\"1000\" \/><img loading=\"lazy\" decoding=\"async\" style=\"width: 100%; height: auto; vertical-align: middle;\" src=\"https:\/\/ae01.alicdn.com\/kf\/S489c689a043243cbac59ce467d13df0dv.jpg?width=1000&amp;height=1000&amp;hash=2000\" width=\"1000\" height=\"1000\" \/><img loading=\"lazy\" decoding=\"async\" style=\"width: 100%; height: auto; vertical-align: middle;\" src=\"https:\/\/ae01.alicdn.com\/kf\/Sad30417a2ed1492fb8f6200b937e0895L.jpg?width=1000&amp;height=1000&amp;hash=2000\" width=\"1000\" height=\"1000\" \/><img loading=\"lazy\" decoding=\"async\" style=\"width: 100%; height: auto; vertical-align: middle;\" src=\"https:\/\/ae01.alicdn.com\/kf\/S37076c5d5a274f3a9518a80bfa2013ad8.jpg?width=1000&amp;height=1000&amp;hash=2000\" width=\"1000\" height=\"1000\" \/><img loading=\"lazy\" decoding=\"async\" style=\"width: 100%; height: auto; vertical-align: middle;\" src=\"https:\/\/ae01.alicdn.com\/kf\/Sad01bdea2fc94119be5345b9d347c59e1.jpg?width=1000&amp;height=1000&amp;hash=2000\" width=\"1000\" height=\"1000\" \/><img loading=\"lazy\" decoding=\"async\" style=\"width: 100%; height: auto; vertical-align: middle;\" src=\"https:\/\/ae01.alicdn.com\/kf\/S5eecd84a030b4a388a6911fdf21988b5u.jpg?width=1000&amp;height=1000&amp;hash=2000\" width=\"1000\" height=\"1000\" \/><\/p>\n<p style=\"text-align: left; color: #434649; font-size: 13px;\">S\u00e4hk\u00f6k\u00e4ytt\u00f6<\/p>\n<p style=\"text-align: left; color: #434649; font-size: 13px;\">\u25cf K\u00e4ynnist\u00e4 akun moottori<\/p>\n<p style=\"text-align: left; color: #434649; font-size: 13px;\">\u25cf Kaupalliset linja-autot ja linja-autot:<\/p>\n<p style=\"text-align: left; color: #434649; font-size: 13px;\">S\u00e4hk\u00f6autot, s\u00e4hk\u00f6bussit, golfk\u00e4rryt\/s\u00e4hk\u00f6polkupy\u00f6r\u00e4t, skootterit, asuntovaunut, vihiajoneuvot, merijalkav\u00e4en ajoneuvot, linja-autot, asuntovaunut, py\u00f6r\u00e4tuolit<\/p>\n<p style=\"text-align: left; color: #434649; font-size: 13px;\">S\u00e4hk\u00f6iset kuorma-autot, elektroniset lakaisimet, lattianpuhdistimet, elektroniset rollaattorit jne.<\/p>\n<p style=\"text-align: left; color: #434649; font-size: 13px;\">\u25cf \u00c4lyk\u00e4s robotti<\/p>\n<p style=\"text-align: left; color: #434649; font-size: 13px;\">\u25cf S\u00e4hk\u00f6ty\u00f6kalut: s\u00e4hk\u00f6porat, lelut<\/p>\n<p style=\"text-align: left; color: #434649; font-size: 13px;\">Energian varastointi<\/p>\n<p style=\"text-align: left; color: #434649; font-size: 13px;\">\u25cf Aurinkotuulivoimaj\u00e4rjestelm\u00e4<\/p>\n<p style=\"text-align: left; color: #434649; font-size: 13px;\">\u25cf Kaupungin ruudukko (p\u00e4\u00e4ll\u00e4\/pois)<\/p>\n<p style=\"text-align: left; color: #434649; font-size: 13px;\">Varaj\u00e4rjestelm\u00e4 ja UPS<\/p>\n<p style=\"text-align: left; color: #434649; font-size: 13px;\">\u25cf Televiestint\u00e4keskus, kaapelitelevisioj\u00e4rjestelm\u00e4, tietokonepalvelinkeskus, l\u00e4\u00e4ketieteelliset laitteet, sotilasv\u00e4lineet<\/p>\n<p style=\"text-align: left; color: #434649; font-size: 13px;\">other apps<\/p>\n<p style=\"text-align: left; color: #434649; font-size: 13px;\">\u25cf Turvallisuus ja elektroniikka, mobiilimyyntipiste, kaivosvalaistus \/ taskulamppu \/ LED-valot \/ h\u00e4t\u00e4valot<\/p>\n<p style=\"text-align: left; color: #434649; font-size: 13px;\">Tuotteen edut:<\/p>\n<p style=\"text-align: left; color: #434649; font-size: 13px;\">Helppo kuljettaa, suuri kapasiteetti, korkea irrotusalusta, pitk\u00e4t ty\u00f6ajat, pitk\u00e4 k\u00e4ytt\u00f6ik\u00e4, turvallisuus ja ymp\u00e4rist\u00f6nsuojelu<\/p>\n<p><img loading=\"lazy\" decoding=\"async\" style=\"width: 100%; height: auto; vertical-align: middle;\" src=\"https:\/\/ae01.alicdn.com\/kf\/S27b23c2fe70a4c37899b54c92940cb610.jpg\" width=\"1000\" height=\"1000\" \/><\/p>\n<\/div>\n<\/div>","protected":false},"excerpt":{"rendered":"<p>Nominal Capacity:\u00a0500AH Weight:\u00a0About 39.3kg Voltage:\u00a012V Size:\u00a0430x240x270mm Model Number:\u00a012V Liferpo4 Battery Type:\u00a0LiFePO4 Brand Name:\u00a0Likctt Origin:\u00a0Mainland China Transportation in the European Union, United Kingdom,the United States, Canada, and Asian TAX FREE. The<\/p>","protected":false},"featured_media":7575,"comment_status":"open","ping_status":"closed","template":"","meta":{"_acf_changed":false},"product_brand":[],"product_cat":[238],"product_tag":[243],"class_list":{"0":"post-7574","1":"product","2":"type-product","3":"status-publish","4":"has-post-thumbnail","6":"product_cat-200ah-lifepo4-batteries","7":"product_tag-usamr","9":"first","10":"instock","11":"shipping-taxable","12":"purchasable","13":"product-type-simple"},"acf":[],"_links":{"self":[{"href":"https:\/\/www.electricstore.eu\/fi\/wp-json\/wp\/v2\/product\/7574","targetHints":{"allow":["GET"]}}],"collection":[{"href":"https:\/\/www.electricstore.eu\/fi\/wp-json\/wp\/v2\/product"}],"about":[{"href":"https:\/\/www.electricstore.eu\/fi\/wp-json\/wp\/v2\/types\/product"}],"replies":[{"embeddable":true,"href":"https:\/\/www.electricstore.eu\/fi\/wp-json\/wp\/v2\/comments?post=7574"}],"wp:featuredmedia":[{"embeddable":true,"href":"https:\/\/www.electricstore.eu\/fi\/wp-json\/wp\/v2\/media\/7575"}],"wp:attachment":[{"href":"https:\/\/www.electricstore.eu\/fi\/wp-json\/wp\/v2\/media?parent=7574"}],"wp:term":[{"taxonomy":"product_brand","embeddable":true,"href":"https:\/\/www.electricstore.eu\/fi\/wp-json\/wp\/v2\/product_brand?post=7574"},{"taxonomy":"product_cat","embeddable":true,"href":"https:\/\/www.electricstore.eu\/fi\/wp-json\/wp\/v2\/product_cat?post=7574"},{"taxonomy":"product_tag","embeddable":true,"href":"https:\/\/www.electricstore.eu\/fi\/wp-json\/wp\/v2\/product_tag?post=7574"}],"curies":[{"name":"wp","href":"https:\/\/api.w.org\/{rel}","templated":true}]}}