{"id":7573,"date":"2025-05-15T19:32:50","date_gmt":"2025-05-15T19:32:50","guid":{"rendered":"https:\/\/electricstore.eu\/product\/usamr-100ah-12v-lifepo4-battery-4\/"},"modified":"2025-05-20T13:40:13","modified_gmt":"2025-05-20T13:40:13","slug":"usamr-100ah-12v-lifepo4-battery-4","status":"publish","type":"product","link":"https:\/\/www.electricstore.eu\/fi\/p\/batteries\/lifepo4-batteries\/100-200ah-lifepo4-batteries\/usamr-100ah-12v-lifepo4-battery-4\/","title":{"rendered":"USAMR 100Ah 12V LiFePO4-akku"},"content":{"rendered":"<div class=\"product-specs-list-container\">\n<ul class=\"product-specs-list util-clearfix\">\n<li class=\"product-prop line-limit-length\"><span\n                                        class=\"property-title\">Nimelliskapasiteetti:&nbsp;<\/span><span\n                                        class=\"property-desc line-limit-length\">100AH<\/span>\n                            <\/li>\n<li class=\"product-prop line-limit-length\"><span\n                                        class=\"property-title\">Paino:&nbsp;<\/span><span\n                                        class=\"property-desc line-limit-length\">About 9.5kg<\/span>\n                            <\/li>\n<li class=\"product-prop line-limit-length\"><span\n                                        class=\"property-title\">Koko:&nbsp;<\/span><span\n                                        class=\"property-desc line-limit-length\">310*172*193mm<\/span>\n                            <\/li>\n<li class=\"product-prop line-limit-length\"><span\n                                        class=\"property-title\">Mallinumero:&nbsp;<\/span><span\n                                        class=\"property-desc line-limit-length\">12 V:n Liferpo4-akku<\/span>\n                            <\/li>\n<li class=\"product-prop line-limit-length\"><span\n                                        class=\"property-title\">Tyyppi:&nbsp;<\/span><span\n                                        class=\"property-desc line-limit-length\">LiFePO4<\/span>\n                            <\/li>\n<li class=\"product-prop line-limit-length\"><span\n                                        class=\"property-title\">Tuotemerkki:&nbsp;<\/span><span\n                                        class=\"property-desc line-limit-length\">Likctt<\/span>\n                            <\/li>\n<li class=\"product-prop line-limit-length\"><span\n                                        class=\"property-title\">Alkuper\u00e4:&nbsp;<\/span><span\n                                        class=\"property-desc line-limit-length\">Manner-Kiina<\/span>\n                            <\/li>\n<\/ul><\/div>\n<div class=\"detailmodule_html\">\n<div class=\"detail-desc-decorate-richtext\">\n<p style=\"text-align:left;color:#ff0000;font-size:13px;\">Kuljetus Euroopan unionissa, Isossa-Britanniassa, Yhdysvalloissa, Kanadassa ja Aasian maissa VEROTON.<\/p>\n<p style=\"text-align:left;color:#434649;font-size:13px;\">EU:n varasto (Puolan varasto) on saapunut. Yst\u00e4v\u00e4t, jotka sit\u00e4 tarvitsevat, voivat tehd\u00e4 tilauksen nyt. Tee ensin tilaus ja j\u00e4rjest\u00e4 toimitus. Voit vastaanottaa tavarat 3\u20137 p\u00e4iv\u00e4n kuluessa l\u00e4hetyksest\u00e4.<\/p>\n<p style=\"text-align:left;color:#434649;font-size:13px;\">Akun tyyppi:<\/p>\n<p style=\"text-align:left;color:#434649;font-size:13px;\">Battery capacity:100ah<\/p>\n<p style=\"text-align:left;color:#434649;font-size:13px;\">Battery size:310*172*193mm (+\/-10mm)<\/p>\n<p style=\"text-align:left;color:#434649;font-size:13px;\">Weight:9.5kg(+\/-0.5kg)<\/p>\n<p style=\"text-align:left;color:#434649;font-size:13px;\">Built-in: 3.2V LiFePO4 Battery<\/p>\n<p style=\"text-align:left;color:#434649;font-size:13px;\">Nominal voltage: 12.8V<\/p>\n<p style=\"text-align:left;color:#434649;font-size:13px;\">Maximum charging current:50A<\/p>\n<p style=\"text-align:left;color:#434649;font-size:13px;\">Instantaneous discharge current: 200A<\/p>\n<p style=\"text-align:left;color:#434649;font-size:13px;\">Continuous discharge current:100A<\/p>\n<p style=\"text-align:left;color:#434649;font-size:13px;\">Life: 6000 Cycles or more<\/p>\n<p style=\"text-align:left;color:#434649;font-size:13px;\">Charging temperature: 0~45\u00b0C<\/p>\n<p style=\"text-align:left;color:#434649;font-size:13px;\">Discharge temperature:-20~60\u00b0C<\/p>\n<p style=\"text-align:left;color:#434649;font-size:13px;\">Storage temperature:-20~65 \u00b0C<\/p>\n<p style=\"text-align:left;color:#434649;font-size:13px;\">Operating voltage range:8.0V-14.6V<\/p>\n<p style=\"text-align:left;color:#434649;font-size:13px;\">Overload protection voltage: 14.6V\u00b10.05V<\/p>\n<p style=\"text-align:left;color:#434649;font-size:13px;\">Protection voltage against overlo:8.0V\u00b10.05V<\/p>\n<p style=\"text-align:left;color:#434649;font-size:13px;\">Protect battery temperature:60\u00b0C plusmn 5\u00b0C<\/p>\n<p style=\"text-align:left;color:#434649;font-size:13px;\">Output and parameters: high current positive \/ negative connection column (red positive, black negative)<\/p>\n<p><img fetchpriority=\"high\" decoding=\"async\" height=\"1000\" referrerpolicy=\"no-referrer\" src=\"https:\/\/ae01.alicdn.com\/kf\/S067d40bf5d6a470fbb897ae4517eb01aU.jpg\" style=\"width: 100%; height: auto; vertical-align: middle;\" width=\"1000\"><img decoding=\"async\" height=\"1000\" referrerpolicy=\"no-referrer\" src=\"https:\/\/ae01.alicdn.com\/kf\/Sc8e20982c0c24990b982ff1098ee7fe4O.jpg\" style=\"width: 100%; height: auto; vertical-align: middle;\" width=\"1000\"><img decoding=\"async\" height=\"1000\" referrerpolicy=\"no-referrer\" src=\"https:\/\/ae01.alicdn.com\/kf\/S21204818ccfe476f8cdb57ed2eff54488.jpg\" style=\"width: 100%; height: auto; vertical-align: middle;\" width=\"1000\"><img loading=\"lazy\" decoding=\"async\" height=\"1000\" referrerpolicy=\"no-referrer\" src=\"https:\/\/ae01.alicdn.com\/kf\/Sdd5f793a9e82469d8861fce6f2237116H.jpg?width=1000&amp;height=1000&amp;hash=2000\" style=\"width: 100%; height: auto; vertical-align: middle;\" width=\"1000\"><img loading=\"lazy\" decoding=\"async\" height=\"1000\" referrerpolicy=\"no-referrer\" src=\"https:\/\/ae01.alicdn.com\/kf\/Sa87aedfb711a498baf53cb5f0918ec25W.jpg?width=1000&amp;height=1000&amp;hash=2000\" style=\"width: 100%; height: auto; vertical-align: middle;\" width=\"1000\"><img loading=\"lazy\" decoding=\"async\" height=\"1000\" referrerpolicy=\"no-referrer\" src=\"https:\/\/ae01.alicdn.com\/kf\/S8256b9357bec45938b3bdcc5cbe4e14dU.jpg?width=1000&amp;height=1000&amp;hash=2000\" style=\"width: 100%; height: auto; vertical-align: middle;\" width=\"1000\"><img loading=\"lazy\" decoding=\"async\" height=\"1000\" referrerpolicy=\"no-referrer\" src=\"https:\/\/ae01.alicdn.com\/kf\/S25812d371a1b481bad8252ec39c6f779Z.jpg?width=1000&amp;height=1000&amp;hash=2000\" style=\"width: 100%; height: auto; vertical-align: middle;\" width=\"1000\"><img loading=\"lazy\" decoding=\"async\" height=\"1000\" referrerpolicy=\"no-referrer\" src=\"https:\/\/ae01.alicdn.com\/kf\/Sdf8c449031774211a956931b433543a0q.jpg?width=1000&amp;height=1000&amp;hash=2000\" style=\"width: 100%; height: auto; vertical-align: middle;\" width=\"1000\"><img loading=\"lazy\" decoding=\"async\" height=\"1000\" referrerpolicy=\"no-referrer\" src=\"https:\/\/ae01.alicdn.com\/kf\/Se4f0309c932a4b0b8c55f27669797293m.jpg?width=1000&amp;height=1000&amp;hash=2000\" style=\"width: 100%; height: auto; vertical-align: middle;\" width=\"1000\"><\/p>\n<p style=\"text-align:left;color:#434649;font-size:13px;\">S\u00e4hk\u00f6k\u00e4ytt\u00f6<\/p>\n<p style=\"text-align:left;color:#434649;font-size:13px;\">\u25cf K\u00e4ynnist\u00e4 akun moottori<\/p>\n<p style=\"text-align:left;color:#434649;font-size:13px;\">\u25cf Kaupalliset linja-autot ja linja-autot:<\/p>\n<p style=\"text-align:left;color:#434649;font-size:13px;\">S\u00e4hk\u00f6autot, s\u00e4hk\u00f6bussit, golfk\u00e4rryt\/s\u00e4hk\u00f6polkupy\u00f6r\u00e4t, skootterit, asuntovaunut, vihiajoneuvot, merijalkav\u00e4en ajoneuvot, linja-autot, asuntovaunut, py\u00f6r\u00e4tuolit<\/p>\n<p style=\"text-align:left;color:#434649;font-size:13px;\">S\u00e4hk\u00f6iset kuorma-autot, elektroniset lakaisimet, lattianpuhdistimet, elektroniset rollaattorit jne.<\/p>\n<p style=\"text-align:left;color:#434649;font-size:13px;\">\u25cf \u00c4lyk\u00e4s robotti<\/p>\n<p style=\"text-align:left;color:#434649;font-size:13px;\">\u25cf S\u00e4hk\u00f6ty\u00f6kalut: s\u00e4hk\u00f6porat, lelut<\/p>\n<p style=\"text-align:left;color:#434649;font-size:13px;\">Energian varastointi<\/p>\n<p style=\"text-align:left;color:#434649;font-size:13px;\">\u25cf Aurinkotuulivoimaj\u00e4rjestelm\u00e4<\/p>\n<p style=\"text-align:left;color:#434649;font-size:13px;\">\u25cf Kaupungin ruudukko (p\u00e4\u00e4ll\u00e4\/pois)<\/p>\n<p style=\"text-align:left;color:#434649;font-size:13px;\">Varaj\u00e4rjestelm\u00e4 ja UPS<\/p>\n<p style=\"text-align:left;color:#434649;font-size:13px;\">\u25cf Televiestint\u00e4keskus, kaapelitelevisioj\u00e4rjestelm\u00e4, tietokonepalvelinkeskus, l\u00e4\u00e4ketieteelliset laitteet, sotilasv\u00e4lineet<\/p>\n<p style=\"text-align:left;color:#434649;font-size:13px;\">other apps<\/p>\n<p style=\"text-align:left;color:#434649;font-size:13px;\">\u25cf Turvallisuus ja elektroniikka, mobiilimyyntipiste, kaivosvalaistus \/ taskulamppu \/ LED-valot \/ h\u00e4t\u00e4valot<\/p>\n<p style=\"text-align:left;color:#434649;font-size:13px;\">Tuotteen edut:<\/p>\n<p style=\"text-align:left;color:#434649;font-size:13px;\">Helppo kuljettaa, suuri kapasiteetti, korkea irrotusalusta, pitk\u00e4t ty\u00f6ajat, pitk\u00e4 k\u00e4ytt\u00f6ik\u00e4, turvallisuus ja ymp\u00e4rist\u00f6nsuojelu<\/p>\n<p><img loading=\"lazy\" decoding=\"async\" height=\"1000\" referrerpolicy=\"no-referrer\" src=\"https:\/\/ae01.alicdn.com\/kf\/S27b23c2fe70a4c37899b54c92940cb610.jpg\" style=\"width: 100%; height: auto; vertical-align: middle;\" width=\"1000\"><\/div>\n<\/div>","protected":false},"excerpt":{"rendered":"<p>Nominal Capacity:&nbsp;100AH Weight:&nbsp;About 9.5kg Size:&nbsp;310*172*193mm Model Number:&nbsp;12V Liferpo4 Battery Type:&nbsp;LiFePO4 Brand Name:&nbsp;Likctt Origin:&nbsp;Mainland China Transportation in the European Union, United Kingdom,the United States, Canada, and Asian TAX FREE. The EU<\/p>","protected":false},"featured_media":7557,"comment_status":"open","ping_status":"closed","template":"","meta":{"_acf_changed":false},"product_brand":[],"product_cat":[237],"product_tag":[243],"class_list":{"0":"post-7573","1":"product","2":"type-product","3":"status-publish","4":"has-post-thumbnail","6":"product_cat-100-200ah-lifepo4-batteries","7":"product_tag-usamr","9":"first","10":"instock","11":"shipping-taxable","12":"purchasable","13":"product-type-simple"},"acf":[],"_links":{"self":[{"href":"https:\/\/www.electricstore.eu\/fi\/wp-json\/wp\/v2\/product\/7573","targetHints":{"allow":["GET"]}}],"collection":[{"href":"https:\/\/www.electricstore.eu\/fi\/wp-json\/wp\/v2\/product"}],"about":[{"href":"https:\/\/www.electricstore.eu\/fi\/wp-json\/wp\/v2\/types\/product"}],"replies":[{"embeddable":true,"href":"https:\/\/www.electricstore.eu\/fi\/wp-json\/wp\/v2\/comments?post=7573"}],"wp:featuredmedia":[{"embeddable":true,"href":"https:\/\/www.electricstore.eu\/fi\/wp-json\/wp\/v2\/media\/7557"}],"wp:attachment":[{"href":"https:\/\/www.electricstore.eu\/fi\/wp-json\/wp\/v2\/media?parent=7573"}],"wp:term":[{"taxonomy":"product_brand","embeddable":true,"href":"https:\/\/www.electricstore.eu\/fi\/wp-json\/wp\/v2\/product_brand?post=7573"},{"taxonomy":"product_cat","embeddable":true,"href":"https:\/\/www.electricstore.eu\/fi\/wp-json\/wp\/v2\/product_cat?post=7573"},{"taxonomy":"product_tag","embeddable":true,"href":"https:\/\/www.electricstore.eu\/fi\/wp-json\/wp\/v2\/product_tag?post=7573"}],"curies":[{"name":"wp","href":"https:\/\/api.w.org\/{rel}","templated":true}]}}