{"id":7565,"date":"2025-05-15T19:32:42","date_gmt":"2025-05-15T19:32:42","guid":{"rendered":"https:\/\/electricstore.eu\/product\/usamr-100ah-48v-lifepo4-battery\/"},"modified":"2025-05-20T13:41:12","modified_gmt":"2025-05-20T13:41:12","slug":"usamr-100ah-48v-lifepo4-battery","status":"publish","type":"product","link":"https:\/\/www.electricstore.eu\/fi\/p\/batteries\/lifepo4-batteries\/100-200ah-lifepo4-batteries\/usamr-100ah-48v-lifepo4-battery\/","title":{"rendered":"USAMR 100Ah 48V LiFePO4-akku"},"content":{"rendered":"<div class=\"product-specs-list-container\">\n<ul class=\"product-specs-list util-clearfix\">\n<li class=\"product-prop line-limit-length\"><span\n                                        class=\"property-title\">Nimelliskapasiteetti:&nbsp;<\/span><span\n                                        class=\"property-desc line-limit-length\">100AH<\/span>\n                            <\/li>\n<li class=\"product-prop line-limit-length\"><span\n                                        class=\"property-title\">Paino:&nbsp;<\/span><span\n                                        class=\"property-desc line-limit-length\">About 44KG<\/span>\n                            <\/li>\n<li class=\"product-prop line-limit-length\"><span\n                                        class=\"property-title\">Koko:&nbsp;<\/span><span\n                                        class=\"property-desc line-limit-length\">460x445x155mm<\/span>\n                            <\/li>\n<li class=\"product-prop line-limit-length\"><span\n                                        class=\"property-title\">Mallinumero:&nbsp;<\/span><span\n                                        class=\"property-desc line-limit-length\">48V Liferpo4 Battery<\/span>\n                            <\/li>\n<li class=\"product-prop line-limit-length\"><span\n                                        class=\"property-title\">Tyyppi:&nbsp;<\/span><span\n                                        class=\"property-desc line-limit-length\">LiFePO4<\/span>\n                            <\/li>\n<li class=\"product-prop line-limit-length\"><span\n                                        class=\"property-title\">Tuotemerkki:&nbsp;<\/span><span\n                                        class=\"property-desc line-limit-length\">Likctt<\/span>\n                            <\/li>\n<li class=\"product-prop line-limit-length\"><span\n                                        class=\"property-title\">Alkuper\u00e4:&nbsp;<\/span><span\n                                        class=\"property-desc line-limit-length\">Manner-Kiina<\/span>\n                            <\/li>\n<\/ul><\/div>\n<div class=\"detailmodule_html\">\n<div class=\"detail-desc-decorate-richtext\">\n<p style=\"text-align:left;color:#ff0000;font-size:13px;\">Kuljetus Euroopan unionissa, Isossa-Britanniassa, Yhdysvalloissa, Kanadassa ja Aasian maissa VEROTON.<\/p>\n<p style=\"text-align:left;color:#434649;font-size:13px;\">EU:n varasto (Puolan varasto) on saapunut. Yst\u00e4v\u00e4t, jotka sit\u00e4 tarvitsevat, voivat tehd\u00e4 tilauksen nyt. Tee ensin tilaus ja j\u00e4rjest\u00e4 toimitus. Voit vastaanottaa tavarat 3\u20137 p\u00e4iv\u00e4n kuluessa l\u00e4hetyksest\u00e4.<\/p>\n<p style=\"text-align:left;color:#434649;font-size:13px;\">Akun tyyppi:<\/p>\n<p style=\"text-align:left;color:#434649;font-size:13px;\">Nominal Capacity: 100Ah<\/p>\n<p style=\"text-align:left;color:#434649;font-size:13px;\">Battery size:460x445x155mm(+\/-10mm)<\/p>\n<p style=\"text-align:left;color:#434649;font-size:13px;\">Weight:44kg(+\/-0.5kg)<\/p>\n<p style=\"text-align:left;color:#434649;font-size:13px;\">Built-in: 3.2V LiFePO4 Battery<\/p>\n<p style=\"text-align:left;color:#434649;font-size:13px;\">Life: 6000 Cycles or more<\/p>\n<p style=\"text-align:left;color:#434649;font-size:13px;\">Water Dust Resistance: IP5<\/p>\n<p style=\"text-align:left;color:#434649;font-size:13px;\">Case Material: Metal<\/p>\n<p style=\"text-align:left;color:#434649;font-size:13px;\">Nominal Voltage: 51.2V<\/p>\n<p style=\"text-align:left;color:#434649;font-size:13px;\">Communication Protocol: CAN RS485<\/p>\n<p style=\"text-align:left;color:#434649;font-size:13px;\">Built-in BMS : 16S 100A Max 32 Parallel<\/p>\n<p style=\"text-align:left;color:#434649;font-size:13px;\">Energy: 5120Wh<\/p>\n<p style=\"text-align:left;color:#434649;font-size:13px;\">Max Charging Current: 100A<\/p>\n<p style=\"text-align:left;color:#434649;font-size:13px;\">Max Discharging Current: 100A<\/p>\n<p style=\"text-align:left;color:#434649;font-size:13px;\">Charge Voltage: 58.4\u00b10.4V<\/p>\n<p style=\"text-align:left;color:#434649;font-size:13px;\">Discharge Cut-off Voltage: 40.0V<\/p>\n<p style=\"text-align:left;color:#434649;font-size:13px;\">Charging temperature: 0~45\u00b0C<\/p>\n<p style=\"text-align:left;color:#434649;font-size:13px;\">Discharge temperature:-20~60\u00b0C<\/p>\n<p style=\"text-align:left;color:#434649;font-size:13px;\">Storage temperature:-20~65 \u00b0C<\/p>\n<p style=\"text-align:left;color:#434649;font-size:13px;\">Protect battery temperature:60\u00b0C plusmn 5\u00b0C<\/p>\n<p style=\"text-align:left;color:#434649;font-size:13px;\">Terminal Type: Dual M6<\/p>\n<p><img fetchpriority=\"high\" decoding=\"async\" height=\"1000\" referrerpolicy=\"no-referrer\" src=\"https:\/\/ae01.alicdn.com\/kf\/S2751643d63f3471da40b116e2ca3cc34x.jpg\" style=\"width: 100%; height: auto; vertical-align: middle;\" width=\"1000\"><img decoding=\"async\" height=\"1000\" referrerpolicy=\"no-referrer\" src=\"https:\/\/ae01.alicdn.com\/kf\/S0bab5217e0bb4d6b9a12565d0e282e914.jpg?width=1000&amp;height=1000&amp;hash=2000\" style=\"width: 100%; height: auto; vertical-align: middle;\" width=\"1000\"><img decoding=\"async\" height=\"1000\" referrerpolicy=\"no-referrer\" src=\"https:\/\/ae01.alicdn.com\/kf\/S4b0b641c78df4535b9c63a0132580a40L.jpg?width=1000&amp;height=1000&amp;hash=2000\" style=\"width: 100%; height: auto; vertical-align: middle;\" width=\"1000\"><img loading=\"lazy\" decoding=\"async\" height=\"1000\" referrerpolicy=\"no-referrer\" src=\"https:\/\/ae01.alicdn.com\/kf\/Sc03cafde504443098b22854922d14e160.jpg?width=1000&amp;height=1000&amp;hash=2000\" style=\"width: 100%; height: auto; vertical-align: middle;\" width=\"1000\"><img loading=\"lazy\" decoding=\"async\" height=\"1000\" referrerpolicy=\"no-referrer\" src=\"https:\/\/ae01.alicdn.com\/kf\/Sa15980aaeba44c51bb1089ad57fedc73z.jpg?width=1000&amp;height=1000&amp;hash=2000\" style=\"width: 100%; height: auto; vertical-align: middle;\" width=\"1000\"><img loading=\"lazy\" decoding=\"async\" height=\"1000\" referrerpolicy=\"no-referrer\" src=\"https:\/\/ae01.alicdn.com\/kf\/S7912bf068e5b4534b22f351332a7a5c3Z.jpg?width=1000&amp;height=1000&amp;hash=2000\" style=\"width: 100%; height: auto; vertical-align: middle;\" width=\"1000\"><img loading=\"lazy\" decoding=\"async\" height=\"1000\" referrerpolicy=\"no-referrer\" src=\"https:\/\/ae01.alicdn.com\/kf\/Sbd6aff1f41ee478db668b2fa01043621S.jpg?width=1000&amp;height=1000&amp;hash=2000\" style=\"width: 100%; height: auto; vertical-align: middle;\" width=\"1000\"><img loading=\"lazy\" decoding=\"async\" height=\"1000\" referrerpolicy=\"no-referrer\" src=\"https:\/\/ae01.alicdn.com\/kf\/S6c220a68b8734d9cbf94d38a7215bd13p.jpg?width=1000&amp;height=1000&amp;hash=2000\" style=\"width: 100%; height: auto; vertical-align: middle;\" width=\"1000\"><img loading=\"lazy\" decoding=\"async\" height=\"1000\" referrerpolicy=\"no-referrer\" src=\"https:\/\/ae01.alicdn.com\/kf\/Sfceba208366b4705974812258f2796cai.jpg\" style=\"width: 100%; height: auto; vertical-align: middle;\" width=\"1000\"><\/p>\n<p style=\"text-align:left;color:#434649;font-size:13px;\">Inter Structure Diagram<\/p>\n<p style=\"text-align:left;color:#434649;font-size:13px;\">Analysis of internal structure diagram, ensuring better quality and more reliable use<\/p>\n<p style=\"text-align:left;color:#434649;font-size:13px;\">*Steel Battery Box<\/p>\n<p style=\"text-align:left;color:#434649;font-size:13px;\">Better protection for the battery cell<\/p>\n<p style=\"text-align:left;color:#434649;font-size:13px;\">*LiFePO4 Prismatic Battery<\/p>\n<p style=\"text-align:left;color:#434649;font-size:13px;\">Safety, high energy density<\/p>\n<p style=\"text-align:left;color:#434649;font-size:13px;\">*16S 100A Smart BMS<\/p>\n<p style=\"text-align:left;color:#434649;font-size:13px;\">Battery Management System (BMS) provides comprehensive protection to the battery and delivers<\/p>\n<p style=\"text-align:left;color:#434649;font-size:13px;\">*Communication Port<\/p>\n<p style=\"text-align:left;color:#434649;font-size:13px;\">CAN RS485 and RS232 communication.Suitable for wide inverter<\/p>\n<p style=\"text-align:left;color:#434649;font-size:13px;\">*M8 P+\/P- Terminals<\/p>\n<p style=\"text-align:left;color:#434649;font-size:13px;\">Connect to equipment Connect in parallel to other battery pack for capacity expanding<\/p>\n<p style=\"text-align:left;color:#434649;font-size:13px;\">*LCD Screen<\/p>\n<p style=\"text-align:left;color:#434649;font-size:13px;\">To display the information of the battery pack<\/p>\n<p style=\"text-align:left;color:#434649;font-size:13px;\">*Circuit Breaker<\/p>\n<p style=\"text-align:left;color:#434649;font-size:13px;\">Cut off the circuit automatically when malfunctions occur<\/p>\n<p style=\"text-align:left;color:#434649;font-size:13px;\">*Capacity State<\/p>\n<p style=\"text-align:left;color:#434649;font-size:13px;\">Four green LED lights to show the capacity status of battery pack<\/p>\n<p style=\"text-align:left;color:#434649;font-size:13px;\">*Foldable Stainless Handle<\/p>\n<p style=\"text-align:left;color:#434649;font-size:13px;\">Easier to Carry or Move<\/p>\n<p><img loading=\"lazy\" decoding=\"async\" height=\"1553\" referrerpolicy=\"no-referrer\" src=\"https:\/\/ae01.alicdn.com\/kf\/Sfc41fb0862da4211833e9da7521029d4r.jpg?width=750&amp;height=1553&amp;hash=2303\" style=\"width: 100%; height: auto; vertical-align: middle;\" width=\"750\"><img loading=\"lazy\" decoding=\"async\" height=\"1099\" referrerpolicy=\"no-referrer\" src=\"https:\/\/ae01.alicdn.com\/kf\/S908efa1a3cd34b5698a2347e388b5506P.jpg?width=1179&amp;height=1099&amp;hash=2278\" style=\"width: 100%; height: auto; vertical-align: middle;\" width=\"1179\"><img loading=\"lazy\" decoding=\"async\" height=\"1230\" referrerpolicy=\"no-referrer\" src=\"https:\/\/ae01.alicdn.com\/kf\/S1db011a6b38f489f891d0321d8dfe170A.jpg?width=750&amp;height=1230&amp;hash=1980\" style=\"width: 100%; height: auto; vertical-align: middle;\" width=\"750\"><\/div>\n<\/div>","protected":false},"excerpt":{"rendered":"<p>Nominal Capacity:&nbsp;100AH Weight:&nbsp;About 44KG Size:&nbsp;460x445x155mm Model Number:&nbsp;48V Liferpo4 Battery Type:&nbsp;LiFePO4 Brand Name:&nbsp;Likctt Origin:&nbsp;Mainland China Transportation in the European Union, United Kingdom,the United States, Canada, and Asian TAX FREE. The EU<\/p>","protected":false},"featured_media":7566,"comment_status":"open","ping_status":"closed","template":"","meta":{"_acf_changed":false},"product_brand":[],"product_cat":[237],"product_tag":[243],"class_list":{"0":"post-7565","1":"product","2":"type-product","3":"status-publish","4":"has-post-thumbnail","6":"product_cat-100-200ah-lifepo4-batteries","7":"product_tag-usamr","9":"first","10":"instock","11":"shipping-taxable","12":"purchasable","13":"product-type-simple"},"acf":[],"_links":{"self":[{"href":"https:\/\/www.electricstore.eu\/fi\/wp-json\/wp\/v2\/product\/7565","targetHints":{"allow":["GET"]}}],"collection":[{"href":"https:\/\/www.electricstore.eu\/fi\/wp-json\/wp\/v2\/product"}],"about":[{"href":"https:\/\/www.electricstore.eu\/fi\/wp-json\/wp\/v2\/types\/product"}],"replies":[{"embeddable":true,"href":"https:\/\/www.electricstore.eu\/fi\/wp-json\/wp\/v2\/comments?post=7565"}],"wp:featuredmedia":[{"embeddable":true,"href":"https:\/\/www.electricstore.eu\/fi\/wp-json\/wp\/v2\/media\/7566"}],"wp:attachment":[{"href":"https:\/\/www.electricstore.eu\/fi\/wp-json\/wp\/v2\/media?parent=7565"}],"wp:term":[{"taxonomy":"product_brand","embeddable":true,"href":"https:\/\/www.electricstore.eu\/fi\/wp-json\/wp\/v2\/product_brand?post=7565"},{"taxonomy":"product_cat","embeddable":true,"href":"https:\/\/www.electricstore.eu\/fi\/wp-json\/wp\/v2\/product_cat?post=7565"},{"taxonomy":"product_tag","embeddable":true,"href":"https:\/\/www.electricstore.eu\/fi\/wp-json\/wp\/v2\/product_tag?post=7565"}],"curies":[{"name":"wp","href":"https:\/\/api.w.org\/{rel}","templated":true}]}}