{"id":7560,"date":"2025-05-15T19:32:35","date_gmt":"2025-05-15T19:32:35","guid":{"rendered":"https:\/\/electricstore.eu\/product\/usamr-100ah-12v-lifepo4-battery-2\/"},"modified":"2025-05-20T13:40:41","modified_gmt":"2025-05-20T13:40:41","slug":"usamr-100ah-12v-lifepo4-battery-2","status":"publish","type":"product","link":"https:\/\/www.electricstore.eu\/fi\/p\/batteries\/lifepo4-batteries\/100-200ah-lifepo4-batteries\/usamr-100ah-12v-lifepo4-battery-2\/","title":{"rendered":"USAMR 120Ah 12V LiFePO4-akku"},"content":{"rendered":"<div class=\"product-specs-list-container\">\n<ul class=\"product-specs-list util-clearfix\">\n<li class=\"product-prop line-limit-length\"><span\n                                        class=\"property-title\">Nimelliskapasiteetti:&nbsp;<\/span><span\n                                        class=\"property-desc line-limit-length\">120 Ah<\/span>\n                            <\/li>\n<li class=\"product-prop line-limit-length\"><span\n                                        class=\"property-title\">Paino:&nbsp;<\/span><span\n                                        class=\"property-desc line-limit-length\">Noin 12,8 kg<\/span>\n                            <\/li>\n<li class=\"product-prop line-limit-length\"><span\n                                        class=\"property-title\">Koko:&nbsp;<\/span><span\n                                        class=\"property-desc line-limit-length\">300 x 210 x 170 mm<\/span>\n                            <\/li>\n<li class=\"product-prop line-limit-length\"><span\n                                        class=\"property-title\">Sovellus:&nbsp;<\/span><span\n                                        class=\"property-desc line-limit-length\">S\u00e4hk\u00f6auto, matkailuauto, merivene, uistelumoottori, kodin energia, aurinkoenergian varastointi, off-grid-aurinkos\u00e4hk\u00f6j\u00e4rjestelm\u00e4, muut<\/span>\n                            <\/li>\n<li class=\"product-prop line-limit-length\"><span\n                                        class=\"property-title\">Mallinumero:&nbsp;<\/span><span\n                                        class=\"property-desc line-limit-length\">12 V:n Liferpo4-akku<\/span>\n                            <\/li>\n<li class=\"product-prop line-limit-length\"><span\n                                        class=\"property-title\">Tyyppi:&nbsp;<\/span><span\n                                        class=\"property-desc line-limit-length\">LiFePO4<\/span>\n                            <\/li>\n<li class=\"product-prop line-limit-length\"><span\n                                        class=\"property-title\">Tuotemerkki:&nbsp;<\/span><span\n                                        class=\"property-desc line-limit-length\">Likctt<\/span>\n                            <\/li>\n<li class=\"product-prop line-limit-length\"><span\n                                        class=\"property-title\">Alkuper\u00e4:&nbsp;<\/span><span\n                                        class=\"property-desc line-limit-length\">Manner-Kiina<\/span>\n                            <\/li>\n<\/ul><\/div>\n<div class=\"detailmodule_html\">\n<div class=\"detail-desc-decorate-richtext\">\n<p class=\"word-break white-space mt-10\" style=\"color:#ff0000;\">Kuljetus Euroopan unionissa, Isossa-Britanniassa, Yhdysvalloissa, Kanadassa ja Aasian maissa VEROTON.<\/p>\n<p class=\"word-break white-space mt-10\" style=\"color:#434649;\">EU:n varasto (Puolan varasto) on saapunut. Yst\u00e4v\u00e4t, jotka sit\u00e4 tarvitsevat, voivat tehd\u00e4 tilauksen nyt. Tee ensin tilaus ja j\u00e4rjest\u00e4 toimitus. Voit vastaanottaa tavarat 3\u20137 p\u00e4iv\u00e4n kuluessa l\u00e4hetyksest\u00e4.<\/p>\n<p><img fetchpriority=\"high\" decoding=\"async\" height=\"1000\" referrerpolicy=\"no-referrer\" src=\"https:\/\/ae01.alicdn.com\/kf\/Sf3428b5ab81e482ab980cba98fdd074bP.jpg\" style=\"width: 100%; height: auto; vertical-align: middle;\" width=\"1000\"><img decoding=\"async\" height=\"1000\" referrerpolicy=\"no-referrer\" src=\"https:\/\/ae01.alicdn.com\/kf\/Sc0db1c83ad5b4c7ba22efb77ff13ea71S.jpg\" style=\"width: 100%; height: auto; vertical-align: middle;\" width=\"1000\"><img decoding=\"async\" height=\"1000\" referrerpolicy=\"no-referrer\" src=\"https:\/\/ae01.alicdn.com\/kf\/S7258ff0b626c4fd5b21ad2777fe7a335w.jpg\" style=\"width: 100%; height: auto; vertical-align: middle;\" width=\"1000\"><img loading=\"lazy\" decoding=\"async\" height=\"1000\" referrerpolicy=\"no-referrer\" src=\"https:\/\/ae01.alicdn.com\/kf\/Sa664ab1a7c9444d28a1769daf9b9b9d5d.jpg\" style=\"width: 100%; height: auto; vertical-align: middle;\" width=\"1000\"><img loading=\"lazy\" decoding=\"async\" height=\"1000\" referrerpolicy=\"no-referrer\" src=\"https:\/\/ae01.alicdn.com\/kf\/S1e25678d179944c5872e7d160ebab46c3.jpg?width=1000&#038;height=1000&#038;hash=2000\" style=\"width: 100%; height: auto; vertical-align: middle;\" width=\"1000\"><img loading=\"lazy\" decoding=\"async\" height=\"1000\" referrerpolicy=\"no-referrer\" src=\"https:\/\/ae01.alicdn.com\/kf\/S7e0ca848626f47529d174a3cba92e6a4V.jpg?width=1000&#038;height=1000&#038;hash=2000\" style=\"width: 100%; height: auto; vertical-align: middle;\" width=\"1000\"><img loading=\"lazy\" decoding=\"async\" height=\"1000\" referrerpolicy=\"no-referrer\" src=\"https:\/\/ae01.alicdn.com\/kf\/Sf88e83fd5f24403685374f438c79bbc6I.jpg?width=1000&#038;height=1000&#038;hash=2000\" style=\"width: 100%; height: auto; vertical-align: middle;\" width=\"1000\"><img loading=\"lazy\" decoding=\"async\" height=\"1000\" referrerpolicy=\"no-referrer\" src=\"https:\/\/ae01.alicdn.com\/kf\/S1056f97b032e4c6f8e118e4098807869Z.jpg?width=1000&#038;height=1000&#038;hash=2000\" style=\"width: 100%; height: auto; vertical-align: middle;\" width=\"1000\"><img loading=\"lazy\" decoding=\"async\" height=\"1000\" referrerpolicy=\"no-referrer\" src=\"https:\/\/ae01.alicdn.com\/kf\/S4f678c10d08c42fbbc40d9835710276e7.jpg?width=1000&#038;height=1000&#038;hash=2000\" style=\"width: 100%; height: auto; vertical-align: middle;\" width=\"1000\"><img loading=\"lazy\" decoding=\"async\" height=\"1000\" referrerpolicy=\"no-referrer\" src=\"https:\/\/ae01.alicdn.com\/kf\/S851e05294af24b6fad3050ce313b0a2fR.jpg?width=1000&#038;height=1000&#038;hash=2000\" style=\"width: 100%; height: auto; vertical-align: middle;\" width=\"1000\"><\/p>\n<p class=\"word-break white-space mt-10\" style=\"color:#434649;\">S\u00e4hk\u00f6k\u00e4ytt\u00f6<\/p>\n<p class=\"word-break white-space mt-10\" style=\"color:#434649;\">\u25cf K\u00e4ynnist\u00e4 akun moottori<\/p>\n<p class=\"word-break white-space mt-10\" style=\"color:#434649;\">\u25cf Kaupalliset linja-autot ja linja-autot:<\/p>\n<p class=\"word-break white-space mt-10\" style=\"color:#434649;\">S\u00e4hk\u00f6autot, s\u00e4hk\u00f6bussit, golfk\u00e4rryt\/s\u00e4hk\u00f6polkupy\u00f6r\u00e4t, skootterit, asuntovaunut, vihiajoneuvot, merijalkav\u00e4en ajoneuvot, linja-autot, asuntovaunut, py\u00f6r\u00e4tuolit<\/p>\n<p class=\"word-break white-space mt-10\" style=\"color:#434649;\">S\u00e4hk\u00f6iset kuorma-autot, elektroniset lakaisimet, lattianpuhdistimet, elektroniset rollaattorit jne.<\/p>\n<p class=\"word-break white-space mt-10\" style=\"color:#434649;\">\u25cf \u00c4lyk\u00e4s robotti<\/p>\n<p class=\"word-break white-space mt-10\" style=\"color:#434649;\">\u25cf S\u00e4hk\u00f6ty\u00f6kalut: s\u00e4hk\u00f6porat, lelut<\/p>\n<p class=\"word-break white-space mt-10\" style=\"color:#434649;\">Energian varastointi<\/p>\n<p class=\"word-break white-space mt-10\" style=\"color:#434649;\">\u25cf Aurinkotuulivoimaj\u00e4rjestelm\u00e4<\/p>\n<p class=\"word-break white-space mt-10\" style=\"color:#434649;\">\u25cf Kaupungin ruudukko (p\u00e4\u00e4ll\u00e4\/pois)<\/p>\n<p class=\"word-break white-space mt-10\" style=\"color:#434649;\">Varaj\u00e4rjestelm\u00e4 ja UPS<\/p>\n<p class=\"word-break white-space mt-10\" style=\"color:#434649;\">\u25cf Televiestint\u00e4keskus, kaapelitelevisioj\u00e4rjestelm\u00e4, tietokonepalvelinkeskus, l\u00e4\u00e4ketieteelliset laitteet, sotilasv\u00e4lineet<\/p>\n<p class=\"word-break white-space mt-10\" style=\"color:#434649;\">\u25cf Turvallisuus ja elektroniikka, mobiilimyyntipiste, kaivosvalaistus \/ taskulamppu \/ LED-valot \/ h\u00e4t\u00e4valot<\/p>\n<p class=\"word-break white-space mt-10\" style=\"color:#434649;\">Tuotteen edut:<\/p>\n<p class=\"word-break white-space mt-10\" style=\"color:#434649;\">Helppo kuljettaa, suuri kapasiteetti, korkea irrotusalusta, pitk\u00e4t ty\u00f6ajat, pitk\u00e4 k\u00e4ytt\u00f6ik\u00e4, turvallisuus ja ymp\u00e4rist\u00f6nsuojelu<\/p>\n<p><img loading=\"lazy\" decoding=\"async\" height=\"1000\" referrerpolicy=\"no-referrer\" src=\"https:\/\/ae01.alicdn.com\/kf\/S27b23c2fe70a4c37899b54c92940cb610.jpg\" style=\"width: 100%; height: auto; vertical-align: middle;\" width=\"1000\"><\/div>\n<\/div>","protected":false},"excerpt":{"rendered":"<p>Nominal Capacity:&nbsp;120AH Weight:&nbsp;About 12.8kg Size:&nbsp;300x210x170mm Application:&nbsp;EV,RV,Marine Boat,Trolling Motor,Home Energy,Solar Power Storage,Off-Grid Solar Power System,Others Model Number:&nbsp;12V Liferpo4 Battery Type:&nbsp;LiFePO4 Brand Name:&nbsp;Likctt Origin:&nbsp;Mainland China Transportation in the European Union, United Kingdom,the<\/p>","protected":false},"featured_media":7483,"comment_status":"open","ping_status":"closed","template":"","meta":{"_acf_changed":false},"product_brand":[],"product_cat":[237],"product_tag":[243],"class_list":{"0":"post-7560","1":"product","2":"type-product","3":"status-publish","4":"has-post-thumbnail","6":"product_cat-100-200ah-lifepo4-batteries","7":"product_tag-usamr","9":"first","10":"instock","11":"shipping-taxable","12":"purchasable","13":"product-type-simple"},"acf":[],"_links":{"self":[{"href":"https:\/\/www.electricstore.eu\/fi\/wp-json\/wp\/v2\/product\/7560","targetHints":{"allow":["GET"]}}],"collection":[{"href":"https:\/\/www.electricstore.eu\/fi\/wp-json\/wp\/v2\/product"}],"about":[{"href":"https:\/\/www.electricstore.eu\/fi\/wp-json\/wp\/v2\/types\/product"}],"replies":[{"embeddable":true,"href":"https:\/\/www.electricstore.eu\/fi\/wp-json\/wp\/v2\/comments?post=7560"}],"wp:featuredmedia":[{"embeddable":true,"href":"https:\/\/www.electricstore.eu\/fi\/wp-json\/wp\/v2\/media\/7483"}],"wp:attachment":[{"href":"https:\/\/www.electricstore.eu\/fi\/wp-json\/wp\/v2\/media?parent=7560"}],"wp:term":[{"taxonomy":"product_brand","embeddable":true,"href":"https:\/\/www.electricstore.eu\/fi\/wp-json\/wp\/v2\/product_brand?post=7560"},{"taxonomy":"product_cat","embeddable":true,"href":"https:\/\/www.electricstore.eu\/fi\/wp-json\/wp\/v2\/product_cat?post=7560"},{"taxonomy":"product_tag","embeddable":true,"href":"https:\/\/www.electricstore.eu\/fi\/wp-json\/wp\/v2\/product_tag?post=7560"}],"curies":[{"name":"wp","href":"https:\/\/api.w.org\/{rel}","templated":true}]}}