{"id":7503,"date":"2025-05-15T19:32:03","date_gmt":"2025-05-15T19:32:03","guid":{"rendered":"https:\/\/electricstore.eu\/product\/usamr-600ah-12v-lifepo4-battery-2\/"},"modified":"2025-05-21T05:40:16","modified_gmt":"2025-05-21T05:40:16","slug":"usamr-600ah-12v-lifepo4-battery-2","status":"publish","type":"product","link":"https:\/\/www.electricstore.eu\/fi\/p\/batteries\/lifepo4-batteries\/200ah-lifepo4-batteries\/usamr-600ah-12v-lifepo4-battery-2\/","title":{"rendered":"USAMR 600AH 12V LiFePO4-akku"},"content":{"rendered":"<div class=\"product-specs-list-container\">\n<ul class=\"product-specs-list util-clearfix\">\n<li class=\"product-prop line-limit-length\"><span\n                                        class=\"property-title\">Nimelliskapasiteetti:&nbsp;<\/span><span\n                                        class=\"property-desc line-limit-length\">600AH<\/span>\n                            <\/li>\n<li class=\"product-prop line-limit-length\"><span\n                                        class=\"property-title\">Paino:&nbsp;<\/span><span\n                                        class=\"property-desc line-limit-length\">About 50.4kg<\/span>\n                            <\/li>\n<li class=\"product-prop line-limit-length\"><span\n                                        class=\"property-title\">J\u00e4nnite:&nbsp;<\/span><span\n                                        class=\"property-desc line-limit-length\">12 V<\/span>\n                            <\/li>\n<li class=\"product-prop line-limit-length\"><span\n                                        class=\"property-title\">Koko:&nbsp;<\/span><span\n                                        class=\"property-desc line-limit-length\">430x310x270mm<\/span>\n                            <\/li>\n<li class=\"product-prop line-limit-length\"><span\n                                        class=\"property-title\">Mallinumero:&nbsp;<\/span><span\n                                        class=\"property-desc line-limit-length\">12 V:n Liferpo4-akku<\/span>\n                            <\/li>\n<li class=\"product-prop line-limit-length\"><span\n                                        class=\"property-title\">Tyyppi:&nbsp;<\/span><span\n                                        class=\"property-desc line-limit-length\">LiFePO4<\/span>\n                            <\/li>\n<li class=\"product-prop line-limit-length\"><span\n                                        class=\"property-title\">Tuotemerkki:&nbsp;<\/span><span\n                                        class=\"property-desc line-limit-length\">Likctt<\/span>\n                            <\/li>\n<li class=\"product-prop line-limit-length\"><span\n                                        class=\"property-title\">Alkuper\u00e4:&nbsp;<\/span><span\n                                        class=\"property-desc line-limit-length\">Manner-Kiina<\/span>\n                            <\/li>\n<\/ul><\/div>\n<div class=\"detailmodule_html\">\n<div class=\"detail-desc-decorate-richtext\">\n<p style=\"text-align:left;color:#ff0000;font-size:20px;font-weight:bold;\">Kuljetus Euroopan unionissa, Isossa-Britanniassa, Yhdysvalloissa, Kanadassa ja Aasian maissa VEROTON.<\/p>\n<p style=\"text-align:left;color:#434649;font-size:13px;\">EU:n varasto (Puolan varasto) on saapunut. Yst\u00e4v\u00e4t, jotka sit\u00e4 tarvitsevat, voivat tehd\u00e4 tilauksen nyt. Tee ensin tilaus ja j\u00e4rjest\u00e4 toimitus. Voit vastaanottaa tavarat 3\u20137 p\u00e4iv\u00e4n kuluessa l\u00e4hetyksest\u00e4.<br \/>\nAkun tyyppi:<br \/>\nBattery capacity:600ah<br \/>\nBattery size:615x245x220mm (+\/-10mm)<br \/>\nWeight:50.4kg(+\/-0.5kg)<br \/>\nBuilt-in: 3.2V LiFePO4 Battery<br \/>\nNominal voltage: 12.8V<br \/>\nMaximum charging current:50A<br \/>\nInstantaneous discharge current: 200A<br \/>\nContinuous discharge current:100A<br \/>\nLife: 6000 Cycles or more<br \/>\nCharging temperature: 0~45\u00b0C<br \/>\nDischarge temperature:-20~60\u00b0C<br \/>\nStorage temperature:-20~65 \u00b0C<br \/>\nOperating voltage range:8.0V-14.6V<br \/>\nOverload protection voltage: 14.6V\u00b10.05V<br \/>\nProtection voltage against overlo:8.0V\u00b10.05V<br \/>\nProtect battery temperature:60\u00b0C plusmn 5\u00b0C<br \/>\nOutput and parameters: high current positive \/ negative connection column (red positive, black negative)<\/p>\n<p><img fetchpriority=\"high\" decoding=\"async\" height=\"1000\" referrerpolicy=\"no-referrer\" src=\"https:\/\/ae01.alicdn.com\/kf\/Se3deb13737174179bee1d06938912b27G.jpg?width=1000&#038;height=1000&#038;hash=2000\" style=\"width: 100%; height: auto; vertical-align: middle;\" width=\"1000\"><img decoding=\"async\" height=\"1000\" referrerpolicy=\"no-referrer\" src=\"https:\/\/ae01.alicdn.com\/kf\/Sf6583fa7dedf4cea854521e5fd5add35s.jpg?width=1000&#038;height=1000&#038;hash=2000\" style=\"width: 100%; height: auto; vertical-align: middle;\" width=\"1000\"><img decoding=\"async\" height=\"1000\" referrerpolicy=\"no-referrer\" src=\"https:\/\/ae01.alicdn.com\/kf\/S8c236631c0074bbaa1b11b49d38d519fb.jpg?width=1000&#038;height=1000&#038;hash=2000\" style=\"width: 100%; height: auto; vertical-align: middle;\" width=\"1000\"><\/p>\n<p style=\"text-align:left;color:#434649;font-size:13px;\">Akun tyyppi:<br \/>\nBattery capacity:600ah<br \/>\nBattery size:430*310*270mm (+\/-10mm)<br \/>\nWeight:50.4kg(+\/-0.5kg)<br \/>\nBuilt-in: 3.2V LiFePO4 Battery<br \/>\nNominal voltage: 12.8V<br \/>\nMaximum charging current:50A<br \/>\nInstantaneous discharge current: 200A<br \/>\nContinuous discharge current:100A<br \/>\nLife: 6000 Cycles or more<br \/>\nCase Material: Matel<br \/>\nCharging temperature: 0~45\u00b0C<br \/>\nDischarge temperature:-20~60\u00b0C<br \/>\nStorage temperature:-20~65 \u00b0C<br \/>\nOperating voltage range:8.0V-14.6V<br \/>\nOverload protection voltage: 14.6V\u00b10.05V<br \/>\nProtection voltage against overlo:8.0V\u00b10.05V<br \/>\nProtect battery temperature:60\u00b0C plusmn 5\u00b0C<br \/>\nOutput and parameters: high current positive \/ negative connection column (red positive, black negative)<\/p>\n<p><img loading=\"lazy\" decoding=\"async\" height=\"1000\" referrerpolicy=\"no-referrer\" src=\"https:\/\/ae01.alicdn.com\/kf\/S23c1d7b5797d4845845a3c736fb66b689.jpg\" style=\"width: 100%; height: auto; vertical-align: middle;\" width=\"1000\"><img loading=\"lazy\" decoding=\"async\" height=\"1000\" referrerpolicy=\"no-referrer\" src=\"https:\/\/ae01.alicdn.com\/kf\/S252a329e7df74ac982a61897c8aaa46ay.jpg\" style=\"width: 100%; height: auto; vertical-align: middle;\" width=\"1000\"><img loading=\"lazy\" decoding=\"async\" height=\"1000\" referrerpolicy=\"no-referrer\" src=\"https:\/\/ae01.alicdn.com\/kf\/S78a70a9793244904a68897a04c367ba0C.jpg?width=1000&amp;height=1000&amp;hash=2000\" style=\"width: 100%; height: auto; vertical-align: middle;\" width=\"1000\"><img loading=\"lazy\" decoding=\"async\" height=\"1000\" referrerpolicy=\"no-referrer\" src=\"https:\/\/ae01.alicdn.com\/kf\/S47846d325fa746d1b8838ed8f67d4826m.jpg?width=1000&amp;height=1000&amp;hash=2000\" style=\"width: 100%; height: auto; vertical-align: middle;\" width=\"1000\"><img loading=\"lazy\" decoding=\"async\" height=\"1000\" referrerpolicy=\"no-referrer\" src=\"https:\/\/ae01.alicdn.com\/kf\/S7dfa761837cd4db996c9096a04e71b13N.jpg?width=1000&amp;height=1000&amp;hash=2000\" style=\"width: 100%; height: auto; vertical-align: middle;\" width=\"1000\"><img loading=\"lazy\" decoding=\"async\" height=\"1000\" referrerpolicy=\"no-referrer\" src=\"https:\/\/ae01.alicdn.com\/kf\/Sf3183bee04f042edb56f6693202892dbp.jpg?width=1000&amp;height=1000&amp;hash=2000\" style=\"width: 100%; height: auto; vertical-align: middle;\" width=\"1000\"><img loading=\"lazy\" decoding=\"async\" height=\"1000\" referrerpolicy=\"no-referrer\" src=\"https:\/\/ae01.alicdn.com\/kf\/S559209be39524e6190b59d24ba79b677n.jpg?width=1000&amp;height=1000&amp;hash=2000\" style=\"width: 100%; height: auto; vertical-align: middle;\" width=\"1000\"><img loading=\"lazy\" decoding=\"async\" height=\"1000\" referrerpolicy=\"no-referrer\" src=\"https:\/\/ae01.alicdn.com\/kf\/S1dd2bfb17ba6429f8e2b5739caf1913bZ.jpg?width=1000&amp;height=1000&amp;hash=2000\" style=\"width: 100%; height: auto; vertical-align: middle;\" width=\"1000\"><img loading=\"lazy\" decoding=\"async\" height=\"1000\" referrerpolicy=\"no-referrer\" src=\"https:\/\/ae01.alicdn.com\/kf\/Sa3c63795cbd34f198df6cadc6646a1ddN.jpg?width=1000&amp;height=1000&amp;hash=2000\" style=\"width: 100%; height: auto; vertical-align: middle;\" width=\"1000\"><\/p>\n<p style=\"text-align:left;color:#434649;font-size:13px;\">S\u00e4hk\u00f6k\u00e4ytt\u00f6<br \/>\n\u25cf K\u00e4ynnist\u00e4 akun moottori<br \/>\n\u25cf Kaupalliset linja-autot ja linja-autot:<br \/>\nS\u00e4hk\u00f6autot, s\u00e4hk\u00f6bussit, golfk\u00e4rryt\/s\u00e4hk\u00f6polkupy\u00f6r\u00e4t, skootterit, asuntovaunut, vihiajoneuvot, merijalkav\u00e4en ajoneuvot, linja-autot, asuntovaunut, py\u00f6r\u00e4tuolit<br \/>\nS\u00e4hk\u00f6iset kuorma-autot, elektroniset lakaisimet, lattianpuhdistimet, elektroniset rollaattorit jne.<br \/>\n\u25cf \u00c4lyk\u00e4s robotti<br \/>\n\u25cf S\u00e4hk\u00f6ty\u00f6kalut: s\u00e4hk\u00f6porat, lelut<br \/>\nEnergian varastointi<br \/>\n\u25cf Aurinkotuulivoimaj\u00e4rjestelm\u00e4<br \/>\n\u25cf Kaupungin ruudukko (p\u00e4\u00e4ll\u00e4\/pois)<br \/>\nVaraj\u00e4rjestelm\u00e4 ja UPS<br \/>\n\u25cf Televiestint\u00e4keskus, kaapelitelevisioj\u00e4rjestelm\u00e4, tietokonepalvelinkeskus, l\u00e4\u00e4ketieteelliset laitteet, sotilasv\u00e4lineet<br \/>\nother apps<br \/>\n\u25cf Turvallisuus ja elektroniikka, mobiilimyyntipiste, kaivosvalaistus \/ taskulamppu \/ LED-valot \/ h\u00e4t\u00e4valot<br \/>\nTuotteen edut:<br \/>\nHelppo kuljettaa, suuri kapasiteetti, korkea irrotusalusta, pitk\u00e4t ty\u00f6ajat, pitk\u00e4 k\u00e4ytt\u00f6ik\u00e4, turvallisuus ja ymp\u00e4rist\u00f6nsuojelu<\/p>\n<p><img loading=\"lazy\" decoding=\"async\" height=\"1000\" referrerpolicy=\"no-referrer\" src=\"https:\/\/ae01.alicdn.com\/kf\/S27b23c2fe70a4c37899b54c92940cb610.jpg\" style=\"width: 100%; height: auto; vertical-align: middle;\" width=\"1000\"><\/div>\n<\/div>","protected":false},"excerpt":{"rendered":"<p>Nominal Capacity:&nbsp;600AH Weight:&nbsp;About 50.4kg Voltage:&nbsp;12V Size:&nbsp;430x310x270mm Model Number:&nbsp;12V Liferpo4 Battery Type:&nbsp;LiFePO4 Brand Name:&nbsp;Likctt Origin:&nbsp;Mainland China Transportation in the European Union, United Kingdom,the United States, Canada, and Asian TAX FREE. The<\/p>","protected":false},"featured_media":7504,"comment_status":"open","ping_status":"closed","template":"","meta":{"_acf_changed":false},"product_brand":[],"product_cat":[238],"product_tag":[243],"class_list":{"0":"post-7503","1":"product","2":"type-product","3":"status-publish","4":"has-post-thumbnail","6":"product_cat-200ah-lifepo4-batteries","7":"product_tag-usamr","9":"first","10":"instock","11":"shipping-taxable","12":"purchasable","13":"product-type-variable"},"acf":[],"_links":{"self":[{"href":"https:\/\/www.electricstore.eu\/fi\/wp-json\/wp\/v2\/product\/7503","targetHints":{"allow":["GET"]}}],"collection":[{"href":"https:\/\/www.electricstore.eu\/fi\/wp-json\/wp\/v2\/product"}],"about":[{"href":"https:\/\/www.electricstore.eu\/fi\/wp-json\/wp\/v2\/types\/product"}],"replies":[{"embeddable":true,"href":"https:\/\/www.electricstore.eu\/fi\/wp-json\/wp\/v2\/comments?post=7503"}],"wp:featuredmedia":[{"embeddable":true,"href":"https:\/\/www.electricstore.eu\/fi\/wp-json\/wp\/v2\/media\/7504"}],"wp:attachment":[{"href":"https:\/\/www.electricstore.eu\/fi\/wp-json\/wp\/v2\/media?parent=7503"}],"wp:term":[{"taxonomy":"product_brand","embeddable":true,"href":"https:\/\/www.electricstore.eu\/fi\/wp-json\/wp\/v2\/product_brand?post=7503"},{"taxonomy":"product_cat","embeddable":true,"href":"https:\/\/www.electricstore.eu\/fi\/wp-json\/wp\/v2\/product_cat?post=7503"},{"taxonomy":"product_tag","embeddable":true,"href":"https:\/\/www.electricstore.eu\/fi\/wp-json\/wp\/v2\/product_tag?post=7503"}],"curies":[{"name":"wp","href":"https:\/\/api.w.org\/{rel}","templated":true}]}}