{"id":25948,"date":"2025-05-20T19:04:45","date_gmt":"2025-05-20T19:04:45","guid":{"rendered":"https:\/\/electricstore.eu\/p\/uncategorized\/ekxbike-x21-max-electric-motorcycles-3000w-powerful-motor-48v30ah-battery-85km-h-204-0-tire-off-road-mtb-electric-bike-adult\/"},"modified":"2025-05-20T19:08:15","modified_gmt":"2025-05-20T19:08:15","slug":"ekxbike-x21-max-electric-motorcycles-3000w-powerful-motor-48v30ah-battery-85km-h-204-0-tire-off-road-mtb-electric-bike-adult","status":"publish","type":"product","link":"https:\/\/www.electricstore.eu\/fi\/p\/bikes\/ekxbike-x21-max-electric-motorcycles-3000w-powerful-motor-48v30ah-battery-85km-h-204-0-tire-off-road-mtb-electric-bike-adult\/","title":{"rendered":"EKXBIKE X21 Max s\u00e4hk\u00f6moottoripy\u00f6r\u00e4t, 3000 W tehokas moottori, 48 V 30 Ah akku, 85 km\/h, 20 * 4,0 tuuman rengas, maastopy\u00f6r\u00e4, aikuisille"},"content":{"rendered":"<div class=\"product-specs-list-container\">\n<ul class=\"product-specs-list util-clearfix\">\n<li class=\"product-prop line-limit-length\"><span\n                                        class=\"property-title\">Mallinumero:&nbsp;<\/span><span\n                                        class=\"property-desc line-limit-length\">EKXBIKE X21 Max<\/span>\n                            <\/li>\n<li class=\"product-prop line-limit-length\"><span\n                                        class=\"property-title\">Nimellinen matkustajakapasiteetti:&nbsp;<\/span><span\n                                        class=\"property-desc line-limit-length\">Kaksi istuinta<\/span>\n                            <\/li>\n<li class=\"product-prop line-limit-length\"><span\n                                        class=\"property-title\">Tyyli:&nbsp;<\/span><span\n                                        class=\"property-desc line-limit-length\">Vakiotyyppi<\/span>\n                            <\/li>\n<li class=\"product-prop line-limit-length\"><span\n                                        class=\"property-title\">Suurin nopeus:&nbsp;<\/span><span\n                                        class=\"property-desc line-limit-length\">&lt;25 km\/h<\/span>\n                            <\/li>\n<li class=\"product-prop line-limit-length\"><span\n                                        class=\"property-title\">Tehoalue:&nbsp;<\/span><span\n                                        class=\"property-desc line-limit-length\">31\u201360 km<\/span>\n                            <\/li>\n<li class=\"product-prop line-limit-length\"><span\n                                        class=\"property-title\">Teho:&nbsp;<\/span><span\n                                        class=\"property-desc line-limit-length\">&gt; 500w<\/span>\n                            <\/li>\n<li class=\"product-prop line-limit-length\"><span\n                                        class=\"property-title\">Virtal\u00e4hde:&nbsp;<\/span><span\n                                        class=\"property-desc line-limit-length\">litiumparisto<\/span>\n                            <\/li>\n<li class=\"product-prop line-limit-length\"><span\n                                        class=\"property-title\">J\u00e4nnite:&nbsp;<\/span><span\n                                        class=\"property-desc line-limit-length\">48V<\/span>\n                            <\/li>\n<li class=\"product-prop line-limit-length\"><span\n                                        class=\"property-title\">Tuotemerkki:&nbsp;<\/span><span\n                                        class=\"property-desc line-limit-length\">EKXBIKE<\/span>\n                            <\/li>\n<li class=\"product-prop line-limit-length\"><span\n                                        class=\"property-title\">Virtal\u00e4hde:&nbsp;<\/span><span\n                                        class=\"property-desc line-limit-length\">litiumparisto<\/span>\n                            <\/li>\n<li class=\"product-prop line-limit-length\"><span\n                                        class=\"property-title\">Alkuper\u00e4:&nbsp;<\/span><span\n                                        class=\"property-desc line-limit-length\">Manner-Kiina<\/span>\n                            <\/li>\n<li class=\"product-prop line-limit-length\"><span\n                                        class=\"property-title\">Taitettu:&nbsp;<\/span><span\n                                        class=\"property-desc line-limit-length\">Ei<\/span>\n                            <\/li>\n<li class=\"product-prop line-limit-length\"><span\n                                        class=\"property-title\">Moottori:&nbsp;<\/span><span\n                                        class=\"property-desc line-limit-length\">Harjaton<\/span>\n                            <\/li>\n<li class=\"product-prop line-limit-length\"><span\n                                        class=\"property-title\">Renkaan koko:&nbsp;<\/span><span\n                                        class=\"property-desc line-limit-length\">20 tuumaa<\/span>\n                            <\/li>\n<li class=\"product-prop line-limit-length\"><span\n                                        class=\"property-title\">Rungon materiaali:&nbsp;<\/span><span\n                                        class=\"property-desc line-limit-length\">Alumiiniseos<\/span>\n                            <\/li>\n<\/ul><\/div>\n<p><span style=\"color:rgb(244, 78, 59)\"><u>Rakas yst\u00e4v\u00e4,<\/u><\/span><\/p>\n<h3 style=\"font-family:&quot;TT Norms Pro&quot;, &quot;Open Sans&quot;, Roboto, Arial, Helvetica, sans-serif, SimSun;letter-spacing:normal;text-align:start;white-space:normal;color:rgb(34, 34, 34);box-sizing:border-box\" align=\"start\"><span style=\"color:rgb(244, 78, 59)\"><u>Meill\u00e4 on ammattitaitoinen korjaustiimi ja huoltopalvelu Puolassa.<\/u><\/span><\/h3>\n<h3 style=\"font-family:&quot;TT Norms Pro&quot;, &quot;Open Sans&quot;, Roboto, Arial, Helvetica, sans-serif, SimSun;letter-spacing:normal;text-align:start;white-space:normal;color:rgb(34, 34, 34);box-sizing:border-box\" align=\"start\"><span style=\"color:rgb(244, 78, 59)\"><u>Ostettu s\u00e4hk\u00f6py\u00f6r\u00e4 l\u00e4hetet\u00e4\u00e4n Puolasta, josta voimme laatia laskun. Jos sinulla on kysytt\u00e4v\u00e4\u00e4, ota meihin yhteytt\u00e4.<\/u><\/span><\/h3>\n<h1 style=\"text-align:center\" align=\"center\"><strong>EKXBIKE X21 Max s\u00e4hk\u00f6moottoripy\u00f6r\u00e4t, 3000 W tehokas moottori, 48 V 30 Ah akku, 85 km\/h, 20 * 4,0 tuuman rengas, maastopy\u00f6r\u00e4, aikuisille<\/strong><br \/><\/h1>\n<h1 style=\"font-family:&quot;Open Sans&quot;, Roboto, Arial, Helvetica, sans-serif, SimSun;font-size:14px;font-weight:400;letter-spacing:normal;line-height:inherit;text-align:start;white-space:normal;color:rgb(34, 34, 34);margin:0px;margin-bottom:0px;margin-top:0px;margin-left:0px;margin-right:0px;padding:0px;padding-bottom:0px;padding-top:0px;padding-left:0px;padding-right:0px;box-sizing:border-box\" align=\"start\"><strong><span style=\"color:rgb(0, 0, 0);font-size:22px\">Perusominaisuus:<\/span><\/strong><\/h1>\n<p style=\"font-family:&quot;TT Norms Pro&quot;, &quot;Open Sans&quot;, Roboto, Arial, Helvetica, sans-serif, SimSun;font-size:14px;font-weight:400;letter-spacing:normal;line-height:inherit;text-align:start;white-space:normal;color:rgb(34, 34, 34);margin:0px;margin-bottom:0px;margin-top:0px;margin-left:0px;margin-right:0px;padding:0px;padding-bottom:0px;padding-top:0px;padding-left:0px;padding-right:0px;box-sizing:border-box\" align=\"start\">Laajennettu koko: 174 cm * 97 cm * 65 cm (68,5&quot; * 38,2&quot; * 25,6&quot;)<\/p>\n<p style=\"font-family:&quot;TT Norms Pro&quot;, &quot;Open Sans&quot;, Roboto, Arial, Helvetica, sans-serif, SimSun;font-size:14px;font-weight:400;letter-spacing:normal;line-height:inherit;text-align:start;white-space:normal;color:rgb(34, 34, 34);margin:0px;margin-bottom:0px;margin-top:0px;margin-left:0px;margin-right:0px;padding:0px;padding-bottom:0px;padding-top:0px;padding-left:0px;padding-right:0px;box-sizing:border-box\" align=\"start\">Todellinen paino: Noin 55 kg (99 paunaa)<\/p>\n<p style=\"font-family:&quot;TT Norms Pro&quot;, &quot;Open Sans&quot;, Roboto, Arial, Helvetica, sans-serif, SimSun;font-size:14px;font-weight:400;letter-spacing:normal;line-height:inherit;text-align:start;white-space:normal;color:rgb(34, 34, 34);margin:0px;margin-bottom:0px;margin-top:0px;margin-left:0px;margin-right:0px;padding:0px;padding-bottom:0px;padding-top:0px;padding-left:0px;padding-right:0px;box-sizing:border-box\" align=\"start\">Rungon materiaali: alumiini<\/p>\n<p style=\"font-family:&quot;TT Norms Pro&quot;, &quot;Open Sans&quot;, Roboto, Arial, Helvetica, sans-serif, SimSun;font-size:14px;font-weight:400;letter-spacing:normal;line-height:inherit;text-align:start;white-space:normal;color:rgb(34, 34, 34);margin:0px;margin-bottom:0px;margin-top:0px;margin-left:0px;margin-right:0px;padding:0px;padding-bottom:0px;padding-top:0px;padding-left:0px;padding-right:0px;box-sizing:border-box\" align=\"start\">Etuhaarukka: Hydraulinen etuhaarukka<\/p>\n<p style=\"font-family:&quot;TT Norms Pro&quot;, &quot;Open Sans&quot;, Roboto, Arial, Helvetica, sans-serif, SimSun;font-size:14px;font-weight:400;letter-spacing:normal;line-height:inherit;text-align:start;white-space:normal;color:rgb(34, 34, 34);margin:0px;margin-bottom:0px;margin-top:0px;margin-left:0px;margin-right:0px;padding:0px;padding-bottom:0px;padding-top:0px;padding-left:0px;padding-right:0px;box-sizing:border-box\" align=\"start\">Jarruj\u00e4rjestelm\u00e4: Hydrauliset etu- ja takajarrut<\/p>\n<p style=\"font-family:&quot;TT Norms Pro&quot;, &quot;Open Sans&quot;, Roboto, Arial, Helvetica, sans-serif, SimSun;font-size:14px;font-weight:400;letter-spacing:normal;line-height:inherit;text-align:start;white-space:normal;color:rgb(34, 34, 34);margin:0px;margin-bottom:0px;margin-top:0px;margin-left:0px;margin-right:0px;padding:0px;padding-bottom:0px;padding-top:0px;padding-left:0px;padding-right:0px;box-sizing:border-box\" align=\"start\">Vaihteisto: Takaveto<\/p>\n<p style=\"font-family:&quot;TT Norms Pro&quot;, &quot;Open Sans&quot;, Roboto, Arial, Helvetica, sans-serif, SimSun;font-size:14px;font-weight:400;letter-spacing:normal;line-height:inherit;text-align:start;white-space:normal;color:rgb(34, 34, 34);margin:0px;margin-bottom:0px;margin-top:0px;margin-left:0px;margin-right:0px;padding:0px;padding-bottom:0px;padding-top:0px;padding-left:0px;padding-right:0px;box-sizing:border-box\" align=\"start\">Rengaskoko: 70\/100-19 Maastorenkaat<\/p>\n<p style=\"font-family:&quot;TT Norms Pro&quot;, &quot;Open Sans&quot;, Roboto, Arial, Helvetica, sans-serif, SimSun;font-size:14px;font-weight:400;letter-spacing:normal;line-height:inherit;text-align:start;white-space:normal;color:rgb(34, 34, 34);margin:0px;margin-bottom:0px;margin-top:0px;margin-left:0px;margin-right:0px;padding:0px;padding-bottom:0px;padding-top:0px;padding-left:0px;padding-right:0px;box-sizing:border-box\" align=\"start\">Soveltuva pituus: 160\u2013195 cm (63\u201376,8 tuumaa)<\/p>\n<p style=\"font-family:&quot;TT Norms Pro&quot;, &quot;Open Sans&quot;, Roboto, Arial, Helvetica, sans-serif, SimSun;font-size:14px;font-weight:400;letter-spacing:normal;line-height:inherit;text-align:start;white-space:normal;color:rgb(34, 34, 34);margin:0px;margin-bottom:0px;margin-top:0px;margin-left:0px;margin-right:0px;padding:0px;padding-bottom:0px;padding-top:0px;padding-left:0px;padding-right:0px;box-sizing:border-box\" align=\"start\">N\u00e4ytt\u00f6: LCD<\/p>\n<p style=\"font-family:&quot;TT Norms Pro&quot;, &quot;Open Sans&quot;, Roboto, Arial, Helvetica, sans-serif, SimSun;font-size:14px;font-weight:400;letter-spacing:normal;line-height:inherit;text-align:start;white-space:normal;color:rgb(34, 34, 34);margin:0px;margin-bottom:0px;margin-top:0px;margin-left:0px;margin-right:0px;padding:0px;padding-bottom:0px;padding-top:0px;padding-left:0px;padding-right:0px;box-sizing:border-box\" align=\"start\">Huippunopeus \u226485 km\/h (52,8 mph)<\/p>\n<p style=\"font-family:&quot;TT Norms Pro&quot;, &quot;Open Sans&quot;, Roboto, Arial, Helvetica, sans-serif, SimSun;font-size:14px;font-weight:400;letter-spacing:normal;line-height:inherit;text-align:start;white-space:normal;color:rgb(34, 34, 34);margin:0px;margin-bottom:0px;margin-top:0px;margin-left:0px;margin-right:0px;padding:0px;padding-bottom:0px;padding-top:0px;padding-left:0px;padding-right:0px;box-sizing:border-box\" align=\"start\">Kest\u00e4vyys 80\u2013120 km (50\u201375 mailia)<\/p>\n<p style=\"font-family:&quot;TT Norms Pro&quot;, &quot;Open Sans&quot;, Roboto, Arial, Helvetica, sans-serif, SimSun;font-size:14px;font-weight:400;letter-spacing:normal;line-height:inherit;text-align:start;white-space:normal;color:rgb(34, 34, 34);margin:0px;margin-bottom:0px;margin-top:0px;margin-left:0px;margin-right:0px;padding:0px;padding-bottom:0px;padding-top:0px;padding-left:0px;padding-right:0px;box-sizing:border-box\" align=\"start\">Kaltevuus &lt;35\u00b0<\/p>\n<p style=\"font-family:&quot;TT Norms Pro&quot;, &quot;Open Sans&quot;, Roboto, Arial, Helvetica, sans-serif, SimSun;font-size:14px;font-weight:400;letter-spacing:normal;line-height:inherit;text-align:start;white-space:normal;color:rgb(34, 34, 34);margin:0px;margin-bottom:0px;margin-top:0px;margin-left:0px;margin-right:0px;padding:0px;padding-bottom:0px;padding-top:0px;padding-left:0px;padding-right:0px;box-sizing:border-box\" align=\"start\">Vedenpit\u00e4vyysluokka: IP67<\/p>\n<p style=\"font-family:&quot;TT Norms Pro&quot;, &quot;Open Sans&quot;, Roboto, Arial, Helvetica, sans-serif, SimSun;font-size:14px;font-weight:400;letter-spacing:normal;line-height:inherit;text-align:start;white-space:normal;color:rgb(34, 34, 34);margin:0px;margin-bottom:0px;margin-top:0px;margin-left:0px;margin-right:0px;padding:0px;padding-bottom:0px;padding-top:0px;padding-left:0px;padding-right:0px;box-sizing:border-box\" align=\"start\">Kuormapaino \u2264150 kg (330 paunaa)<\/p>\n<p style=\"font-family:&quot;TT Norms Pro&quot;, &quot;Open Sans&quot;, Roboto, Arial, Helvetica, sans-serif, SimSun;font-size:14px;font-weight:400;letter-spacing:normal;line-height:inherit;text-align:start;white-space:normal;color:rgb(34, 34, 34);margin:0px;margin-bottom:0px;margin-top:0px;margin-left:0px;margin-right:0px;padding:0px;padding-bottom:0px;padding-top:0px;padding-left:0px;padding-right:0px;box-sizing:border-box\" align=\"start\">Moottorin parametrit: 60v3000w harjaton moottori<\/p>\n<p style=\"font-family:&quot;TT Norms Pro&quot;, &quot;Open Sans&quot;, Roboto, Arial, Helvetica, sans-serif, SimSun;font-size:14px;font-weight:400;letter-spacing:normal;line-height:inherit;text-align:start;white-space:normal;color:rgb(34, 34, 34);margin:0px;margin-bottom:0px;margin-top:0px;margin-left:0px;margin-right:0px;padding:0px;padding-bottom:0px;padding-top:0px;padding-left:0px;padding-right:0px;box-sizing:border-box\" align=\"start\">Latausl\u00e4ht\u00f6teho 3A<\/p>\n<p style=\"font-family:&quot;TT Norms Pro&quot;, &quot;Open Sans&quot;, Roboto, Arial, Helvetica, sans-serif, SimSun;font-size:14px;font-weight:400;letter-spacing:normal;line-height:inherit;text-align:start;white-space:normal;color:rgb(34, 34, 34);margin:0px;margin-bottom:0px;margin-top:0px;margin-left:0px;margin-right:0px;padding:0px;padding-bottom:0px;padding-top:0px;padding-left:0px;padding-right:0px;box-sizing:border-box\" align=\"start\">Latausaika 4\u20138 tuntia<\/p>\n<p style=\"font-family:&quot;TT Norms Pro&quot;, &quot;Open Sans&quot;, Roboto, Arial, Helvetica, sans-serif, SimSun;font-size:14px;font-weight:400;letter-spacing:normal;line-height:inherit;text-align:start;white-space:normal;color:rgb(34, 34, 34);margin:0px;margin-bottom:0px;margin-top:0px;margin-left:0px;margin-right:0px;padding:0px;padding-bottom:0px;padding-top:0px;padding-left:0px;padding-right:0px;box-sizing:border-box\" align=\"start\">Akun tyyppi: 60V30AH litiumparisto<\/p>\n<p style=\"font-family:&quot;TT Norms Pro&quot;, &quot;Open Sans&quot;, Roboto, Arial, Helvetica, sans-serif, SimSun;font-size:14px;font-weight:400;letter-spacing:normal;line-height:inherit;text-align:start;white-space:normal;color:rgb(34, 34, 34);margin:0px;margin-bottom:0px;margin-top:0px;margin-left:0px;margin-right:0px;padding:0px;padding-bottom:0px;padding-top:0px;padding-left:0px;padding-right:0px;box-sizing:border-box\" align=\"start\">Alij\u00e4nnitesuoja: 60V<\/p>\n<p style=\"font-family:&quot;TT Norms Pro&quot;, &quot;Open Sans&quot;, Roboto, Arial, Helvetica, sans-serif, SimSun;font-size:14px;font-weight:400;letter-spacing:normal;line-height:inherit;text-align:start;white-space:normal;color:rgb(34, 34, 34);margin:0px;margin-bottom:0px;margin-top:0px;margin-left:0px;margin-right:0px;padding:0px;padding-bottom:0px;padding-top:0px;padding-left:0px;padding-right:0px;box-sizing:border-box\" align=\"start\">Ylikuormitussuoja: 80A<\/p>\n<p><\/p>\n<p style=\"font-family:&quot;TT Norms Pro&quot;, &quot;Open Sans&quot;, Roboto, Arial, Helvetica, sans-serif, SimSun;font-size:14px;font-weight:400;letter-spacing:normal;line-height:inherit;text-align:start;white-space:normal;color:rgb(34, 34, 34);margin:0px;margin-bottom:0px;margin-top:0px;margin-left:0px;margin-right:0px;padding:0px;padding-bottom:0px;padding-top:0px;padding-left:0px;padding-right:0px;box-sizing:border-box\" align=\"start\"><img decoding=\"async\" src=\"https:\/\/ae01.alicdn.com\/kf\/S558c0ea3e9464a04a615ae4d187f1614t.jpg\" slate-data-type=\"image\"\/><img decoding=\"async\" src=\"https:\/\/ae01.alicdn.com\/kf\/S976829794853461e9a9cb2596386dfbdQ.jpg\" slate-data-type=\"image\"\/><img decoding=\"async\" src=\"https:\/\/ae01.alicdn.com\/kf\/S512af62d768a4259b5913f54e81a5781v.jpg\" slate-data-type=\"image\"\/><img decoding=\"async\" src=\"https:\/\/ae01.alicdn.com\/kf\/Scb77fe3b45184770b04e205fc3a231dfg.jpg\" slate-data-type=\"image\"\/><img decoding=\"async\" src=\"https:\/\/ae01.alicdn.com\/kf\/S412b53b650b0447cb1baf5abcef23810r.jpg\" slate-data-type=\"image\"\/><img decoding=\"async\" src=\"https:\/\/ae01.alicdn.com\/kf\/S65ba1650166d44faa736e6f4fcf77609L.jpg\" slate-data-type=\"image\"\/><img decoding=\"async\" src=\"https:\/\/ae01.alicdn.com\/kf\/S27cdbf00867543cc9f877c95226970ecf.jpg\" slate-data-type=\"image\"\/><img decoding=\"async\" src=\"https:\/\/ae01.alicdn.com\/kf\/S2bc73a47e55a467aa475305b5faade5cL.jpg\" slate-data-type=\"image\"\/><img decoding=\"async\" src=\"https:\/\/ae01.alicdn.com\/kf\/S0131ba4ee4a1402c96947dbec663351aJ.jpg\" slate-data-type=\"image\"\/><img decoding=\"async\" src=\"https:\/\/ae01.alicdn.com\/kf\/S894200c23c314398b8beb096fe958f979.jpg\" slate-data-type=\"image\"\/><img decoding=\"async\" src=\"https:\/\/ae01.alicdn.com\/kf\/S2087f9870b034043be002a32c2fb8bb4w.jpg\" slate-data-type=\"image\"\/><img decoding=\"async\" src=\"https:\/\/ae01.alicdn.com\/kf\/Sd4c769a90a5d46acb9c27ce9e331c8d9G.jpg\" slate-data-type=\"image\"\/><img decoding=\"async\" src=\"https:\/\/ae01.alicdn.com\/kf\/S84cf2e663a6742c2bf125da371686a9fV.jpg\" slate-data-type=\"image\"\/><\/p>","protected":false},"excerpt":{"rendered":"<p>Model Number:&nbsp;EKXBIKE X21 Max Rated Passenger Capacity:&nbsp;Two Seat Style:&nbsp;Standard Type Max Speed:&nbsp;&lt;25km\/h Range per Power:&nbsp;31 &#8211; 60 km Wattage:&nbsp;&gt; 500w Power Supply:&nbsp;lithium battery Voltage:&nbsp;48V Brand Name:&nbsp;EKXBIKE Power Source:&nbsp;lithium battery Origin:&nbsp;Mainland<\/p>","protected":false},"featured_media":25949,"comment_status":"open","ping_status":"closed","template":"","meta":{"_acf_changed":false},"product_brand":[],"product_cat":[230],"product_tag":[],"class_list":{"0":"post-25948","1":"product","2":"type-product","3":"status-publish","4":"has-post-thumbnail","6":"product_cat-bikes","8":"first","9":"instock","10":"shipping-taxable","11":"purchasable","12":"product-type-variable"},"acf":[],"_links":{"self":[{"href":"https:\/\/www.electricstore.eu\/fi\/wp-json\/wp\/v2\/product\/25948","targetHints":{"allow":["GET"]}}],"collection":[{"href":"https:\/\/www.electricstore.eu\/fi\/wp-json\/wp\/v2\/product"}],"about":[{"href":"https:\/\/www.electricstore.eu\/fi\/wp-json\/wp\/v2\/types\/product"}],"replies":[{"embeddable":true,"href":"https:\/\/www.electricstore.eu\/fi\/wp-json\/wp\/v2\/comments?post=25948"}],"wp:featuredmedia":[{"embeddable":true,"href":"https:\/\/www.electricstore.eu\/fi\/wp-json\/wp\/v2\/media\/25949"}],"wp:attachment":[{"href":"https:\/\/www.electricstore.eu\/fi\/wp-json\/wp\/v2\/media?parent=25948"}],"wp:term":[{"taxonomy":"product_brand","embeddable":true,"href":"https:\/\/www.electricstore.eu\/fi\/wp-json\/wp\/v2\/product_brand?post=25948"},{"taxonomy":"product_cat","embeddable":true,"href":"https:\/\/www.electricstore.eu\/fi\/wp-json\/wp\/v2\/product_cat?post=25948"},{"taxonomy":"product_tag","embeddable":true,"href":"https:\/\/www.electricstore.eu\/fi\/wp-json\/wp\/v2\/product_tag?post=25948"}],"curies":[{"name":"wp","href":"https:\/\/api.w.org\/{rel}","templated":true}]}}