{"id":25726,"date":"2025-05-20T19:00:50","date_gmt":"2025-05-20T19:00:50","guid":{"rendered":"https:\/\/electricstore.eu\/p\/uncategorized\/hyper-go-mjx-14210-v2-0-1-14-rc-car-55km-h-high-speed-brushless-2-4g-remote-control-4wd-off-road-racing-rc-truck-electric-toy\/"},"modified":"2025-05-20T19:06:07","modified_gmt":"2025-05-20T19:06:07","slug":"hyper-go-mjx-14210-v2-0-1-14-rc-car-55km-h-high-speed-brushless-2-4g-remote-control-4wd-off-road-racing-rc-truck-electric-toy","status":"publish","type":"product","link":"https:\/\/www.electricstore.eu\/fi\/p\/rc\/rc-cars\/hyper-go-mjx-14210-v2-0-1-14-rc-car-55km-h-high-speed-brushless-2-4g-remote-control-4wd-off-road-racing-rc-truck-electric-toy\/","title":{"rendered":"Hyper Go MJX 14210 V2.0 1\/14 RC-auto 55KM\/H nopea harjaton 2.4G kaukos\u00e4\u00e4din 4WD maastoajo kilpa RC-kuorma-auto s\u00e4hk\u00f6lelu"},"content":{"rendered":"<div class=\"product-specs-list-container\">\n<ul class=\"product-specs-list util-clearfix\">\n<li class=\"product-prop line-limit-length\"><span\n                                        class=\"property-title\">Huolenaiheinen kemikaali:&nbsp;<\/span><span\n                                        class=\"property-desc line-limit-length\">Ei mit\u00e4\u00e4n<\/span>\n                            <\/li>\n<li class=\"product-prop line-limit-length\"><span\n                                        class=\"property-title\">CE-arvo:&nbsp;<\/span><span\n                                        class=\"property-desc line-limit-length\">Todistus<\/span>\n                            <\/li>\n<li class=\"product-prop line-limit-length\"><span\n                                        class=\"property-title\">Onko s\u00e4hk\u00f6inen:&nbsp;<\/span><span\n                                        class=\"property-desc line-limit-length\">litiumparisto<\/span>\n                            <\/li>\n<li class=\"product-prop line-limit-length\"><span\n                                        class=\"property-title\">Viivakoodi:&nbsp;<\/span><span\n                                        class=\"property-desc line-limit-length\">Ei<\/span>\n                            <\/li>\n<li class=\"product-prop line-limit-length\"><span\n                                        class=\"property-title\">Kaasuvivun servo:&nbsp;<\/span><span\n                                        class=\"property-desc line-limit-length\">2852 harjaton moottori<\/span>\n                            <\/li>\n<li class=\"product-prop line-limit-length\"><span\n                                        class=\"property-title\">Ohjaustehostin:&nbsp;<\/span><span\n                                        class=\"property-desc line-limit-length\">19 g digitaalinen servo (2,2 kg cm2)<\/span>\n                            <\/li>\n<li class=\"product-prop line-limit-length\"><span\n                                        class=\"property-title\">Teho:&nbsp;<\/span><span\n                                        class=\"property-desc line-limit-length\">55 km\/h<\/span>\n                            <\/li>\n<li class=\"product-prop line-limit-length\"><span\n                                        class=\"property-title\">Kokouksen osavaltio:&nbsp;<\/span><span\n                                        class=\"property-desc line-limit-length\">Valmis l\u00e4ht\u00f6\u00f6n<\/span>\n                            <\/li>\n<li class=\"product-prop line-limit-length\"><span\n                                        class=\"property-title\">Lentoaika:&nbsp;<\/span><span\n                                        class=\"property-desc line-limit-length\">\u2265 13 minuuttia (t\u00e4ysi nopeus)<\/span>\n                            <\/li>\n<li class=\"product-prop line-limit-length\"><span\n                                        class=\"property-title\">Rengasj\u00e4lki:&nbsp;<\/span><span\n                                        class=\"property-desc line-limit-length\">188 mm<\/span>\n                            <\/li>\n<li class=\"product-prop line-limit-length\"><span\n                                        class=\"property-title\">Akseliv\u00e4li:&nbsp;<\/span><span\n                                        class=\"property-desc line-limit-length\">198 mm<\/span>\n                            <\/li>\n<li class=\"product-prop line-limit-length\"><span\n                                        class=\"property-title\">Et\u00e4isyys:&nbsp;<\/span><span\n                                        class=\"property-desc line-limit-length\">\u2265120 m<\/span>\n                            <\/li>\n<li class=\"product-prop line-limit-length\"><span\n                                        class=\"property-title\">Skaala:&nbsp;<\/span><span\n                                        class=\"property-desc line-limit-length\">1:14<\/span>\n                            <\/li>\n<li class=\"product-prop line-limit-length\"><span\n                                        class=\"property-title\">Mitat:&nbsp;<\/span><span\n                                        class=\"property-desc line-limit-length\">320 * 230 * 124 mm<\/span>\n                            <\/li>\n<li class=\"product-prop line-limit-length\"><span\n                                        class=\"property-title\">V\u00e4\u00e4nt\u00f6momentti:&nbsp;<\/span><span\n                                        class=\"property-desc line-limit-length\">kuten n\u00e4ytt\u00e4\u00e4<\/span>\n                            <\/li>\n<li class=\"product-prop line-limit-length\"><span\n                                        class=\"property-title\">Mallinumero:&nbsp;<\/span><span\n                                        class=\"property-desc line-limit-length\">MJX Hyper Go 14210 14209<\/span>\n                            <\/li>\n<li class=\"product-prop line-limit-length\"><span\n                                        class=\"property-title\">Ohjauskanavat:&nbsp;<\/span><span\n                                        class=\"property-desc line-limit-length\">4 kanavaa<\/span>\n                            <\/li>\n<li class=\"product-prop line-limit-length\"><span\n                                        class=\"property-title\">Ohjaintila:&nbsp;<\/span><span\n                                        class=\"property-desc line-limit-length\">TILA2<\/span>\n                            <\/li>\n<li class=\"product-prop line-limit-length\"><span\n                                        class=\"property-title\">Kaukos\u00e4\u00e4din:&nbsp;<\/span><span\n                                        class=\"property-desc line-limit-length\">Kyll\u00e4<\/span>\n                            <\/li>\n<li class=\"product-prop line-limit-length\"><span\n                                        class=\"property-title\">Materiaali:&nbsp;<\/span><span\n                                        class=\"property-desc line-limit-length\">Metalli, muovi, kumi<\/span>\n                            <\/li>\n<li class=\"product-prop line-limit-length\"><span\n                                        class=\"property-title\">Tuotemerkki:&nbsp;<\/span><span\n                                        class=\"property-desc line-limit-length\">WDSZKMYF<\/span>\n                            <\/li>\n<li class=\"product-prop line-limit-length\"><span\n                                        class=\"property-title\">Suositeltu ik\u00e4:&nbsp;<\/span><span\n                                        class=\"property-desc line-limit-length\">14+ vuotta<\/span>\n                            <\/li>\n<li class=\"product-prop line-limit-length\"><span\n                                        class=\"property-title\">Alkuper\u00e4:&nbsp;<\/span><span\n                                        class=\"property-desc line-limit-length\">Manner-Kiina<\/span>\n                            <\/li>\n<li class=\"product-prop line-limit-length\"><span\n                                        class=\"property-title\">Design:&nbsp;<\/span><span\n                                        class=\"property-desc line-limit-length\">Maastopy\u00f6r\u00e4<\/span>\n                            <\/li>\n<li class=\"product-prop line-limit-length\"><span\n                                        class=\"property-title\">Tyyppi:&nbsp;<\/span><span\n                                        class=\"property-desc line-limit-length\">Auto<\/span>\n                            <\/li>\n<li class=\"product-prop line-limit-length\"><span\n                                        class=\"property-title\">Ominaisuudet:&nbsp;<\/span><span\n                                        class=\"property-desc line-limit-length\">KAUKOS\u00c4\u00c4DIN<\/span>\n                            <\/li>\n<\/ul><\/div>\n<p><span style=\"color:rgb(244, 78, 59);font-size:22px\"><strong>Hyper Go MJX 14210 V2.0 1\/14 RC-auto 55KM\/H nopea harjaton 2.4G kaukos\u00e4\u00e4din 4WD maastoajo kilpa RC-kuorma-auto s\u00e4hk\u00f6lelu<\/strong><\/span><\/p>\n<p><\/p>\n<p><strong><span style=\"color:rgb(0, 0, 0);font-size:16px\">Tuotekuvaus<\/span><\/strong><\/p>\n<p><\/p>\n<p><span style=\"color:rgb(0, 0, 0);font-size:16px\"> <\/span><span style=\"color:rgba(244,78,59,255);font-size:16px\">Ominaisuudet:<\/span><\/p>\n<p><\/p>\n<p><span style=\"color:rgba(244,78,59,255);font-size:16px\">1. Kokometallinen hydraulinen iskunvaimennin;<\/span><\/p>\n<p><\/p>\n<p><span style=\"color:rgba(244,78,59,255);font-size:16px\">2. Vakio 2S-akku 55 km\/h, Tukee 3S-akkua, huippunopeus jopa 80 km\/h<\/span><\/p>\n<p><\/p>\n<p><span style=\"color:rgba(244,78,59,255);font-size:16px\">3. 45A itsen\u00e4inen harjaton ESC + 2852 4400KV nelinapainen harjaton moottori;<\/span><\/p>\n<p><\/p>\n<p><span style=\"color:rgba(244,78,59,255);font-size:16px\">4. Metallinen t\u00f6rm\u00e4yksenestop\u00e4\u00e4;<\/span><\/p>\n<p><\/p>\n<p><span style=\"color:rgba(244,78,59,255);font-size:16px\">5. Kokometallinen voimansiirtoj\u00e4rjestelm\u00e4 (metallinen vaihdetasauspy\u00f6r\u00e4st\u00f6);<\/span><\/p>\n<p><\/p>\n<p><span style=\"color:rgba(244,78,59,255);font-size:16px\">6. Vakiomallinen itsen\u00e4inen vastaanotin, helppo muokata.<\/span><\/p>\n<p><\/p>\n<p><span style=\"color:rgb(0, 0, 0);font-size:16px\">Perusparametrit:<\/span><\/p>\n<p><\/p>\n<p><span style=\"color:rgb(0, 0, 0);font-size:16px\">Tuotteen mallinumero: 14210<\/span><\/p>\n<p><\/p>\n<p><span style=\"color:rgb(0, 0, 0);font-size:16px\">Skaala: 1\/14<\/span><\/p>\n<p><\/p>\n<p><span style=\"color:rgb(0, 0, 0);font-size:16px\">Huippunopeus: 80 km\/h<\/span><\/p>\n<p><\/p>\n<p><span style=\"color:rgb(0, 0, 0);font-size:16px\">Kaukos\u00e4\u00e4timen kantama: 120 m<\/span><\/p>\n<p><\/p>\n<p><span style=\"color:rgb(0, 0, 0);font-size:16px\">Maksimi k\u00e4ytt\u00f6aika: 15 min<\/span><\/p>\n<p><\/p>\n<p><span style=\"color:rgb(0, 0, 0);font-size:16px\">Latausaika: 4 tuntia (k\u00e4ytt\u00e4en 5 V 2 A laturi)<\/span><\/p>\n<p><\/p>\n<p><span style=\"color:rgb(0, 0, 0);font-size:16px\">Latausmenetelm\u00e4: USB-latauskaapeli<\/span><\/p>\n<p><\/p>\n<p><span style=\"color:rgb(0, 0, 0);font-size:16px\">Mitat ja tekniset tiedot:<\/span><\/p>\n<p><\/p>\n<p><\/p>\n<p><strong><span style=\"color:rgb(0, 0, 0);font-size:16px\">14210:<\/span><\/strong><\/p>\n<p><\/p>\n<p><span style=\"color:rgb(0, 0, 0);font-size:16px\">Tuotteen koko (mm) 320 * 230 * 124 mm<\/span><\/p>\n<p><\/p>\n<p><span style=\"color:rgb(0, 0, 0);font-size:16px\">Akseliv\u00e4li (mm) 188 mm<\/span><\/p>\n<p><\/p>\n<p><span style=\"color:rgb(0, 0, 0);font-size:16px\">Akseliv\u00e4li (mm) 198 mm<\/span><\/p>\n<p><\/p>\n<p><span style=\"color:rgb(0, 0, 0);font-size:16px\">Renkaan halkaisija (mm) 90 mm<\/span><\/p>\n<p><\/p>\n<p><span style=\"color:rgb(0, 0, 0);font-size:16px\">Ajoneuvon paino 1410 g<\/span><\/p>\n<p><\/p>\n<p><strong><span style=\"color:rgb(0, 0, 0);font-size:16px\">M\u00e4\u00e4rit\u00e4:<\/span><\/strong><\/p>\n<p><\/p>\n<p><span style=\"color:rgb(0, 0, 0);font-size:16px\">Moottorin tekniset tiedot: Harjaton moottori 2852 4400KV 4 napaa<\/span><\/p>\n<p><\/p>\n<p><span style=\"color:rgb(0, 0, 0);font-size:16px\">Moottorin j\u00e4\u00e4hdytys alumiininen j\u00e4\u00e4hdytyselementti + tuuletin<\/span><\/p>\n<p><\/p>\n<p><span style=\"color:rgb(0, 0, 0);font-size:16px\">ESC 45A harjaton ESC (metallinen j\u00e4\u00e4hdytyselementti)<\/span><\/p>\n<p><\/p>\n<p><span style=\"color:rgb(0, 0, 0);font-size:16px\">Servon tekniset tiedot: 19g digitaalinen servo<\/span><\/p>\n<p><\/p>\n<p><span style=\"color:rgb(0, 0, 0);font-size:16px\">Kaukos\u00e4\u00e4din 2,4 GHz<\/span><\/p>\n<p><\/p>\n<p><span style=\"color:rgb(0, 0, 0);font-size:16px\">Kaukos\u00e4\u00e4timen paristot 1,5 AA * 2<\/span><\/p>\n<p><\/p>\n<p><span style=\"color:rgb(0, 0, 0);font-size:16px\">Auton akun tekniset tiedot 7.4V 3000mAh 2S 25C<\/span><\/p>\n<p><\/p>\n<p><strong><span style=\"color:rgb(0, 0, 0);font-size:16px\">pakkauslista:<\/span><\/strong><\/p>\n<p><\/p>\n<p><span style=\"color:rgb(0, 0, 0);font-size:16px\">Auto*1<\/span><\/p>\n<p><\/p>\n<p><span style=\"color:rgb(0, 0, 0);font-size:16px\">Kaukos\u00e4\u00e4din*1<\/span><\/p>\n<p><\/p>\n<p><span style=\"color:rgb(0, 0, 0);font-size:16px\">akku*1;<\/span><\/p>\n<p><\/p>\n<p><span style=\"color:rgb(0, 0, 0);font-size:16px\">takalokasuoja*1;<\/span><\/p>\n<p><\/p>\n<p><span style=\"color:rgb(0, 0, 0);font-size:16px\">Manuaalinen*1;<\/span><\/p>\n<p><\/p>\n<p><span style=\"color:rgb(0, 0, 0);font-size:16px\">USB-latauskaapeli*1;<\/span><\/p>\n<p><\/p>\n<p><span style=\"color:rgb(0, 0, 0);font-size:16px\">Kuusiokoloavain * 1;<\/span><\/p>\n<p><\/p>\n<p><span style=\"color:rgb(0, 0, 0);font-size:16px\">Head-up-ohjauspy\u00f6r\u00e4n lis\u00e4varusteet*1;<\/span><\/p>\n<p><\/p>\n<p><span style=\"color:rgb(0, 0, 0);font-size:16px\">Ruuvimeisseli * 1<\/span><\/p>\n<p><\/p>\n<p><span style=\"color:rgb(0, 0, 0);font-size:16px\">Renkaat * 2 (sis\u00e4lt\u00e4\u00e4 korin renkaan)<\/span><\/p>\n<p><\/p>\n<p style=\"font-family:&quot;TT Norms Pro&quot;, &quot;Open Sans&quot;, Roboto, Arial, Helvetica, sans-serif, SimSun;font-size:14px;font-weight:400;letter-spacing:normal;line-height:inherit;text-align:start;white-space:normal;color:rgb(34, 34, 34);margin:0px;margin-bottom:0px;margin-top:0px;margin-left:0px;margin-right:0px;padding:0px;padding-bottom:0px;padding-top:0px;padding-left:0px;padding-right:0px;box-sizing:border-box\" align=\"start\"><img decoding=\"async\" style=\"border:0px;margin:0px;margin-bottom:0px;margin-top:0px;margin-left:0px;margin-right:0px;padding:0px;padding-bottom:0px;padding-top:0px;padding-left:0px;padding-right:0px;max-width:100%;box-sizing:border-box\" src=\"https:\/\/ae01.alicdn.com\/kf\/Ad3bddfd9b72b4845a536d4672df29bb3t.jpg\" slate-data-type=\"image\"\/><img decoding=\"async\" style=\"border:0px;margin:0px;margin-bottom:0px;margin-top:0px;margin-left:0px;margin-right:0px;padding:0px;padding-bottom:0px;padding-top:0px;padding-left:0px;padding-right:0px;max-width:100%;box-sizing:border-box\" src=\"https:\/\/ae01.alicdn.com\/kf\/Ae34950f5cb2543d199148235983484b4B.jpg\" slate-data-type=\"image\"\/><img decoding=\"async\" style=\"border:0px;margin:0px;margin-bottom:0px;margin-top:0px;margin-left:0px;margin-right:0px;padding:0px;padding-bottom:0px;padding-top:0px;padding-left:0px;padding-right:0px;max-width:100%;box-sizing:border-box\" src=\"https:\/\/ae01.alicdn.com\/kf\/A1741f0c3661542139a1b13ff7d43eff9x.jpg\" slate-data-type=\"image\"\/><img decoding=\"async\" style=\"border:0px;margin:0px;margin-bottom:0px;margin-top:0px;margin-left:0px;margin-right:0px;padding:0px;padding-bottom:0px;padding-top:0px;padding-left:0px;padding-right:0px;max-width:100%;box-sizing:border-box\" src=\"https:\/\/ae01.alicdn.com\/kf\/A174a908ee32d40a4aac656a63a2f6d8bC.jpg\" slate-data-type=\"image\"\/><img decoding=\"async\" style=\"border:0px;margin:0px;margin-bottom:0px;margin-top:0px;margin-left:0px;margin-right:0px;padding:0px;padding-bottom:0px;padding-top:0px;padding-left:0px;padding-right:0px;max-width:100%;box-sizing:border-box\" src=\"https:\/\/ae01.alicdn.com\/kf\/A9a18b8ff6a764a98bf107dbb3728b009i.jpg\" slate-data-type=\"image\"\/><img decoding=\"async\" style=\"border:0px;margin:0px;margin-bottom:0px;margin-top:0px;margin-left:0px;margin-right:0px;padding:0px;padding-bottom:0px;padding-top:0px;padding-left:0px;padding-right:0px;max-width:100%;box-sizing:border-box\" src=\"https:\/\/ae01.alicdn.com\/kf\/A4c8eba9294014111994c12bfba7aded3B.jpg\" slate-data-type=\"image\"\/><img decoding=\"async\" style=\"border:0px;margin:0px;margin-bottom:0px;margin-top:0px;margin-left:0px;margin-right:0px;padding:0px;padding-bottom:0px;padding-top:0px;padding-left:0px;padding-right:0px;max-width:100%;box-sizing:border-box\" src=\"https:\/\/ae01.alicdn.com\/kf\/A1bcaece87e1f48d5bbc9030b317674b4A.jpg\" slate-data-type=\"image\"\/><img decoding=\"async\" style=\"border:0px;margin:0px;margin-bottom:0px;margin-top:0px;margin-left:0px;margin-right:0px;padding:0px;padding-bottom:0px;padding-top:0px;padding-left:0px;padding-right:0px;max-width:100%;box-sizing:border-box\" src=\"https:\/\/ae01.alicdn.com\/kf\/A26ae147906f549c0b337a98524bbc7f8V.jpg\" slate-data-type=\"image\"\/><img decoding=\"async\" style=\"border:0px;margin:0px;margin-bottom:0px;margin-top:0px;margin-left:0px;margin-right:0px;padding:0px;padding-bottom:0px;padding-top:0px;padding-left:0px;padding-right:0px;max-width:100%;box-sizing:border-box\" src=\"https:\/\/ae01.alicdn.com\/kf\/A1fda068dace84fa79091c945c904724fk.jpg\" slate-data-type=\"image\"\/><img decoding=\"async\" style=\"border:0px;margin:0px;margin-bottom:0px;margin-top:0px;margin-left:0px;margin-right:0px;padding:0px;padding-bottom:0px;padding-top:0px;padding-left:0px;padding-right:0px;max-width:100%;box-sizing:border-box\" src=\"https:\/\/ae01.alicdn.com\/kf\/A0ae556d91ffb4c348be427abdd2b547bc.jpg\" slate-data-type=\"image\"\/><img decoding=\"async\" style=\"border:0px;margin:0px;margin-bottom:0px;margin-top:0px;margin-left:0px;margin-right:0px;padding:0px;padding-bottom:0px;padding-top:0px;padding-left:0px;padding-right:0px;max-width:100%;box-sizing:border-box\" src=\"https:\/\/ae01.alicdn.com\/kf\/Aa3e13f7814cd49009da1e0ea8336b841e.jpg\" slate-data-type=\"image\"\/><img decoding=\"async\" style=\"border:0px;margin:0px;margin-bottom:0px;margin-top:0px;margin-left:0px;margin-right:0px;padding:0px;padding-bottom:0px;padding-top:0px;padding-left:0px;padding-right:0px;max-width:100%;box-sizing:border-box\" src=\"https:\/\/ae01.alicdn.com\/kf\/A14f69ad1bd1b438bb4daa4b42597dfc7J.jpg\" slate-data-type=\"image\"\/><img decoding=\"async\" style=\"border:0px;margin:0px;margin-bottom:0px;margin-top:0px;margin-left:0px;margin-right:0px;padding:0px;padding-bottom:0px;padding-top:0px;padding-left:0px;padding-right:0px;max-width:100%;box-sizing:border-box\" src=\"https:\/\/ae01.alicdn.com\/kf\/Aa1f26019fa6746a788e33feb6adbe4a5B.jpg\" slate-data-type=\"image\"\/><img decoding=\"async\" style=\"border:0px;margin:0px;margin-bottom:0px;margin-top:0px;margin-left:0px;margin-right:0px;padding:0px;padding-bottom:0px;padding-top:0px;padding-left:0px;padding-right:0px;max-width:100%;box-sizing:border-box\" src=\"https:\/\/ae01.alicdn.com\/kf\/A774081aed8b942e7acaf49610db62bdcp.jpg\" slate-data-type=\"image\"\/><img decoding=\"async\" style=\"border:0px;margin:0px;margin-bottom:0px;margin-top:0px;margin-left:0px;margin-right:0px;padding:0px;padding-bottom:0px;padding-top:0px;padding-left:0px;padding-right:0px;max-width:100%;box-sizing:border-box\" src=\"https:\/\/ae01.alicdn.com\/kf\/A5049f32fb51c4b6893c15cd2091d39c6m.jpg\" slate-data-type=\"image\"\/><img decoding=\"async\" style=\"border:0px;margin:0px;margin-bottom:0px;margin-top:0px;margin-left:0px;margin-right:0px;padding:0px;padding-bottom:0px;padding-top:0px;padding-left:0px;padding-right:0px;max-width:100%;box-sizing:border-box\" src=\"https:\/\/ae01.alicdn.com\/kf\/A32563d52304747c8b5e86699d4af4df8G.jpg\" slate-data-type=\"image\"\/><img decoding=\"async\" style=\"border:0px;margin:0px;margin-bottom:0px;margin-top:0px;margin-left:0px;margin-right:0px;padding:0px;padding-bottom:0px;padding-top:0px;padding-left:0px;padding-right:0px;max-width:100%;box-sizing:border-box\" src=\"https:\/\/ae01.alicdn.com\/kf\/A6f008b1d035a433e99610ffe78870e9bC.jpg\" slate-data-type=\"image\"\/><img decoding=\"async\" style=\"border:0px;margin:0px;margin-bottom:0px;margin-top:0px;margin-left:0px;margin-right:0px;padding:0px;padding-bottom:0px;padding-top:0px;padding-left:0px;padding-right:0px;max-width:100%;box-sizing:border-box\" src=\"https:\/\/ae01.alicdn.com\/kf\/Af2d68fd06cd742e3851b9862f5f2d9e4v.jpg\" slate-data-type=\"image\"\/><img decoding=\"async\" style=\"border:0px;margin:0px;margin-bottom:0px;margin-top:0px;margin-left:0px;margin-right:0px;padding:0px;padding-bottom:0px;padding-top:0px;padding-left:0px;padding-right:0px;max-width:100%;box-sizing:border-box\" src=\"https:\/\/ae01.alicdn.com\/kf\/Abd482e2d7b8b4ebabab44c5b1c1c8530Y.jpg\" slate-data-type=\"image\"\/><img decoding=\"async\" style=\"border:0px;margin:0px;margin-bottom:0px;margin-top:0px;margin-left:0px;margin-right:0px;padding:0px;padding-bottom:0px;padding-top:0px;padding-left:0px;padding-right:0px;max-width:100%;box-sizing:border-box\" src=\"https:\/\/ae01.alicdn.com\/kf\/Aa2e0cb20a73a442fadc49fc9fe285b4dS.jpg\" slate-data-type=\"image\"\/><img decoding=\"async\" style=\"border:0px;margin:0px;margin-bottom:0px;margin-top:0px;margin-left:0px;margin-right:0px;padding:0px;padding-bottom:0px;padding-top:0px;padding-left:0px;padding-right:0px;max-width:100%;box-sizing:border-box\" src=\"https:\/\/ae01.alicdn.com\/kf\/A8740e031b4314d6785c4851ce1970bebW.jpg\" slate-data-type=\"image\"\/><img decoding=\"async\" style=\"border:0px;margin:0px;margin-bottom:0px;margin-top:0px;margin-left:0px;margin-right:0px;padding:0px;padding-bottom:0px;padding-top:0px;padding-left:0px;padding-right:0px;max-width:100%;box-sizing:border-box\" src=\"https:\/\/ae01.alicdn.com\/kf\/Aaddc1c4e75c9467b877f39cd68ee5696u.jpg\" slate-data-type=\"image\"\/><img decoding=\"async\" style=\"border:0px;margin:0px;margin-bottom:0px;margin-top:0px;margin-left:0px;margin-right:0px;padding:0px;padding-bottom:0px;padding-top:0px;padding-left:0px;padding-right:0px;max-width:100%;box-sizing:border-box\" src=\"https:\/\/ae01.alicdn.com\/kf\/A317b6c9d3b83421e9482cd1ab110604ck.jpg\" slate-data-type=\"image\"\/><img decoding=\"async\" style=\"border:0px;margin:0px;margin-bottom:0px;margin-top:0px;margin-left:0px;margin-right:0px;padding:0px;padding-bottom:0px;padding-top:0px;padding-left:0px;padding-right:0px;max-width:100%;box-sizing:border-box\" src=\"https:\/\/ae01.alicdn.com\/kf\/Acda42ec6a24a4bb9ba6997b3d8d9926fn.jpg\" slate-data-type=\"image\"\/><img decoding=\"async\" style=\"border:0px;margin:0px;margin-bottom:0px;margin-top:0px;margin-left:0px;margin-right:0px;padding:0px;padding-bottom:0px;padding-top:0px;padding-left:0px;padding-right:0px;max-width:100%;box-sizing:border-box\" src=\"https:\/\/ae01.alicdn.com\/kf\/A684404bc598e44d5992d7e7fec2bd671V.jpg\" slate-data-type=\"image\"\/><img decoding=\"async\" style=\"border:0px;margin:0px;margin-bottom:0px;margin-top:0px;margin-left:0px;margin-right:0px;padding:0px;padding-bottom:0px;padding-top:0px;padding-left:0px;padding-right:0px;max-width:100%;box-sizing:border-box\" src=\"https:\/\/ae01.alicdn.com\/kf\/A1994c28b1cc6443f86d58d102e26ca20w.jpg\" slate-data-type=\"image\"\/><img decoding=\"async\" style=\"border:0px;margin:0px;margin-bottom:0px;margin-top:0px;margin-left:0px;margin-right:0px;padding:0px;padding-bottom:0px;padding-top:0px;padding-left:0px;padding-right:0px;max-width:100%;box-sizing:border-box\" src=\"https:\/\/ae01.alicdn.com\/kf\/A49629716aaa042fb9c8c13678e1ee374C.jpg\" slate-data-type=\"image\"\/><img decoding=\"async\" style=\"border:0px;margin:0px;margin-bottom:0px;margin-top:0px;margin-left:0px;margin-right:0px;padding:0px;padding-bottom:0px;padding-top:0px;padding-left:0px;padding-right:0px;max-width:100%;box-sizing:border-box\" src=\"https:\/\/ae01.alicdn.com\/kf\/A4523b77d6f6a420d89d497ff253d96b3Z.jpg\" slate-data-type=\"image\"\/><img decoding=\"async\" style=\"border:0px;margin:0px;margin-bottom:0px;margin-top:0px;margin-left:0px;margin-right:0px;padding:0px;padding-bottom:0px;padding-top:0px;padding-left:0px;padding-right:0px;max-width:100%;box-sizing:border-box\" src=\"https:\/\/ae01.alicdn.com\/kf\/A54b8228b68d148eb815d22aa4994b8b4s.jpg\" slate-data-type=\"image\"\/><\/p>","protected":false},"excerpt":{"rendered":"<p>Hign-concerned Chemical:&nbsp;None CE:&nbsp;Certificate Is Electric:&nbsp;lithium battery Barcode:&nbsp;No Throttle servo:&nbsp;2852 brushless motor Steering servo:&nbsp;19g digital servo (2.2kg. cm) Power:&nbsp;55km\/h State of Assembly:&nbsp;Ready-to-Go Flight Time:&nbsp;\u2265 13 minutes (full speed) Tire Track:&nbsp;188mm Wheelbase:&nbsp;198mm<\/p>","protected":false},"featured_media":25727,"comment_status":"open","ping_status":"closed","template":"","meta":{"_acf_changed":false},"product_brand":[],"product_cat":[519],"product_tag":[],"class_list":{"0":"post-25726","1":"product","2":"type-product","3":"status-publish","4":"has-post-thumbnail","6":"product_cat-rc-cars","8":"first","9":"instock","10":"shipping-taxable","11":"purchasable","12":"product-type-simple"},"acf":[],"_links":{"self":[{"href":"https:\/\/www.electricstore.eu\/fi\/wp-json\/wp\/v2\/product\/25726","targetHints":{"allow":["GET"]}}],"collection":[{"href":"https:\/\/www.electricstore.eu\/fi\/wp-json\/wp\/v2\/product"}],"about":[{"href":"https:\/\/www.electricstore.eu\/fi\/wp-json\/wp\/v2\/types\/product"}],"replies":[{"embeddable":true,"href":"https:\/\/www.electricstore.eu\/fi\/wp-json\/wp\/v2\/comments?post=25726"}],"wp:featuredmedia":[{"embeddable":true,"href":"https:\/\/www.electricstore.eu\/fi\/wp-json\/wp\/v2\/media\/25727"}],"wp:attachment":[{"href":"https:\/\/www.electricstore.eu\/fi\/wp-json\/wp\/v2\/media?parent=25726"}],"wp:term":[{"taxonomy":"product_brand","embeddable":true,"href":"https:\/\/www.electricstore.eu\/fi\/wp-json\/wp\/v2\/product_brand?post=25726"},{"taxonomy":"product_cat","embeddable":true,"href":"https:\/\/www.electricstore.eu\/fi\/wp-json\/wp\/v2\/product_cat?post=25726"},{"taxonomy":"product_tag","embeddable":true,"href":"https:\/\/www.electricstore.eu\/fi\/wp-json\/wp\/v2\/product_tag?post=25726"}],"curies":[{"name":"wp","href":"https:\/\/api.w.org\/{rel}","templated":true}]}}