{"id":25614,"date":"2025-05-20T19:00:15","date_gmt":"2025-05-20T19:00:15","guid":{"rendered":"https:\/\/electricstore.eu\/p\/uncategorized\/116-70km-h-4wd-rc-car-with-led-lights-2-4g-radio-high-speed-brushless-motor-remote-control-off-road-cars-for-children-toys\/"},"modified":"2025-05-20T19:05:06","modified_gmt":"2025-05-20T19:05:06","slug":"116-70km-h-4wd-rc-car-with-led-lights-2-4g-radio-high-speed-brushless-motor-remote-control-off-road-cars-for-children-toys","status":"publish","type":"product","link":"https:\/\/www.electricstore.eu\/fi\/p\/rc\/rc-cars\/116-70km-h-4wd-rc-car-with-led-lights-2-4g-radio-high-speed-brushless-motor-remote-control-off-road-cars-for-children-toys\/","title":{"rendered":"1:16 70KM\/H 4WD RC-auto LED-valoilla 2.4G Radio Nopea Harjaton Moottori Kauko-ohjattava Maastoauto Lasten Leluille"},"content":{"rendered":"<div class=\"product-specs-list-container\">\n<ul class=\"product-specs-list util-clearfix\">\n<li class=\"product-prop line-limit-length\"><span\n                                        class=\"property-title\">Todistuksen numero:&nbsp;<\/span><span\n                                        class=\"property-desc line-limit-length\">Kuten n\u00e4yt\u00e4<\/span>\n                            <\/li>\n<li class=\"product-prop line-limit-length\"><span\n                                        class=\"property-title\">CE-arvo:&nbsp;<\/span><span\n                                        class=\"property-desc line-limit-length\">Todistus<\/span>\n                            <\/li>\n<li class=\"product-prop line-limit-length\"><span\n                                        class=\"property-title\">Onko s\u00e4hk\u00f6inen:&nbsp;<\/span><span\n                                        class=\"property-desc line-limit-length\">litiumparisto<\/span>\n                            <\/li>\n<li class=\"product-prop line-limit-length\"><span\n                                        class=\"property-title\">Viivakoodi:&nbsp;<\/span><span\n                                        class=\"property-desc line-limit-length\">Ei<\/span>\n                            <\/li>\n<li class=\"product-prop line-limit-length\"><span\n                                        class=\"property-title\">Kaasuvivun servo:&nbsp;<\/span><span\n                                        class=\"property-desc line-limit-length\">2840 Harjaton moottori<\/span>\n                            <\/li>\n<li class=\"product-prop line-limit-length\"><span\n                                        class=\"property-title\">Ohjaustehostin:&nbsp;<\/span><span\n                                        class=\"property-desc line-limit-length\">Kolmijohtiminen 17G digitaalinen servo<\/span>\n                            <\/li>\n<li class=\"product-prop line-limit-length\"><span\n                                        class=\"property-title\">Teho:&nbsp;<\/span><span\n                                        class=\"property-desc line-limit-length\">70 km\/h<\/span>\n                            <\/li>\n<li class=\"product-prop line-limit-length\"><span\n                                        class=\"property-title\">Kokouksen osavaltio:&nbsp;<\/span><span\n                                        class=\"property-desc line-limit-length\">Valmis l\u00e4ht\u00f6\u00f6n<\/span>\n                            <\/li>\n<li class=\"product-prop line-limit-length\"><span\n                                        class=\"property-title\">Lentoaika:&nbsp;<\/span><span\n                                        class=\"property-desc line-limit-length\">15\u201318 minuuttia<\/span>\n                            <\/li>\n<li class=\"product-prop line-limit-length\"><span\n                                        class=\"property-title\">Rengasj\u00e4lki:&nbsp;<\/span><span\n                                        class=\"property-desc line-limit-length\">188 mm<\/span>\n                            <\/li>\n<li class=\"product-prop line-limit-length\"><span\n                                        class=\"property-title\">Akseliv\u00e4li:&nbsp;<\/span><span\n                                        class=\"property-desc line-limit-length\">185 mm<\/span>\n                            <\/li>\n<li class=\"product-prop line-limit-length\"><span\n                                        class=\"property-title\">Varoitus:&nbsp;<\/span><span\n                                        class=\"property-desc line-limit-length\">Ei mit\u00e4\u00e4n<\/span>\n                            <\/li>\n<li class=\"product-prop line-limit-length\"><span\n                                        class=\"property-title\">Et\u00e4isyys:&nbsp;<\/span><span\n                                        class=\"property-desc line-limit-length\">120 miljoonaa<\/span>\n                            <\/li>\n<li class=\"product-prop line-limit-length\"><span\n                                        class=\"property-title\">Takuu:&nbsp;<\/span><span\n                                        class=\"property-desc line-limit-length\">Ei mit\u00e4\u00e4n<\/span>\n                            <\/li>\n<li class=\"product-prop line-limit-length\"><span\n                                        class=\"property-title\">Skaala:&nbsp;<\/span><span\n                                        class=\"property-desc line-limit-length\">1:16<\/span>\n                            <\/li>\n<li class=\"product-prop line-limit-length\"><span\n                                        class=\"property-title\">Mitat:&nbsp;<\/span><span\n                                        class=\"property-desc line-limit-length\">30 * 23 * 11,5 CM<\/span>\n                            <\/li>\n<li class=\"product-prop line-limit-length\"><span\n                                        class=\"property-title\">V\u00e4\u00e4nt\u00f6momentti:&nbsp;<\/span><span\n                                        class=\"property-desc line-limit-length\">Kuten n\u00e4yt\u00e4<\/span>\n                            <\/li>\n<li class=\"product-prop line-limit-length\"><span\n                                        class=\"property-title\">Mallinumero:&nbsp;<\/span><span\n                                        class=\"property-desc line-limit-length\">S196<\/span>\n                            <\/li>\n<li class=\"product-prop line-limit-length\"><span\n                                        class=\"property-title\">Design:&nbsp;<\/span><span\n                                        class=\"property-desc line-limit-length\">Maastopy\u00f6r\u00e4<\/span>\n                            <\/li>\n<li class=\"product-prop line-limit-length\"><span\n                                        class=\"property-title\">Paketti sis\u00e4lt\u00e4\u00e4:&nbsp;<\/span><span\n                                        class=\"property-desc line-limit-length\">Alkuper\u00e4inen laatikko, paristot, k\u00e4ytt\u00f6ohjeet, kaukos\u00e4\u00e4din, USB-kaapeli<\/span>\n                            <\/li>\n<li class=\"product-prop line-limit-length\"><span\n                                        class=\"property-title\">Ohjauskanavat:&nbsp;<\/span><span\n                                        class=\"property-desc line-limit-length\">4 kanavaa<\/span>\n                            <\/li>\n<li class=\"product-prop line-limit-length\"><span\n                                        class=\"property-title\">Ohjaintila:&nbsp;<\/span><span\n                                        class=\"property-desc line-limit-length\">TILA1<\/span>\n                            <\/li>\n<li class=\"product-prop line-limit-length\"><span\n                                        class=\"property-title\">Latausj\u00e4nnite:&nbsp;<\/span><span\n                                        class=\"property-desc line-limit-length\">7,4 V 1500 mAh<\/span>\n                            <\/li>\n<li class=\"product-prop line-limit-length\"><span\n                                        class=\"property-title\">Kaukos\u00e4\u00e4din:&nbsp;<\/span><span\n                                        class=\"property-desc line-limit-length\">Kyll\u00e4<\/span>\n                            <\/li>\n<li class=\"product-prop line-limit-length\"><span\n                                        class=\"property-title\">Materiaali:&nbsp;<\/span><span\n                                        class=\"property-desc line-limit-length\">Metalli, muovi<\/span>\n                            <\/li>\n<li class=\"product-prop line-limit-length\"><span\n                                        class=\"property-title\">Suositeltu ik\u00e4:&nbsp;<\/span><span\n                                        class=\"property-desc line-limit-length\">14+v, 6\u201312-v<\/span>\n                            <\/li>\n<li class=\"product-prop line-limit-length\"><span\n                                        class=\"property-title\">Alkuper\u00e4:&nbsp;<\/span><span\n                                        class=\"property-desc line-limit-length\">Manner-Kiina<\/span>\n                            <\/li>\n<li class=\"product-prop line-limit-length\"><span\n                                        class=\"property-title\">Tyyppi:&nbsp;<\/span><span\n                                        class=\"property-desc line-limit-length\">Auto<\/span>\n                            <\/li>\n<li class=\"product-prop line-limit-length\"><span\n                                        class=\"property-title\">Ominaisuudet:&nbsp;<\/span><span\n                                        class=\"property-desc line-limit-length\">KAUKOS\u00c4\u00c4DIN<\/span>\n                            <\/li>\n<\/ul><\/div>\n<div class=\"detailmodule_html\">\n<div class=\"detail-desc-decorate-richtext\">\n<p><span style=\"background-color:rgb(252, 220, 0);color:rgb(244, 78, 59);font-size:18px\">Huomautus:<\/span><\/p>\n<p><span style=\"color:rgb(244, 78, 59);font-size:18px\">1. T\u00e4m\u00e4 kauko-ohjattava auto soveltuu vain suurella nopeudella ajamiseen. Koska generaattori pit\u00e4\u00e4 outoa \u00e4\u00e4nt\u00e4 ajettaessa alhaisella nopeudella, t\u00e4m\u00e4 on normaali ilmi\u00f6, ei vika.<\/span><\/p>\n<p><span style=\"color:rgb(244, 78, 59);font-size:18px\">2. Kauko-ohjattavan auton kuori on suojattu kalvolla. Jos kuoressa on naarmuja, voit repi\u00e4 kalvon pois.<\/span><\/p>\n<p><span style=\"color:rgb(244, 78, 59);font-size:18px\">3. K\u00e4yt\u00e4mme alkuper\u00e4ist\u00e4 v\u00e4rilaatikkoa toimitukseen. Kuljetuksen aikana v\u00e4rilaatikko todenn\u00e4k\u00f6isesti puristuu, mik\u00e4 on normaalia. Jos et hyv\u00e4ksy v\u00e4rilaatikon puristumista, suosittelen sinulle linkki\u00e4, josta voit ostaa vaahtomuovilaatikon.<\/span><\/p>\n<p><span style=\"background-color:rgb(255, 255, 255);color:rgb(0, 0, 0);font-size:20px\"><strong>16101PRO RC-AUTOJEN KYSYMYKSET JA VASTAUKSIA<\/strong><\/span><\/p>\n<p style=\"font-family:&quot;Open Sans&quot;, Roboto, Arial, Helvetica, sans-serif, SimSun;font-size:14px;font-weight:400;letter-spacing:normal;line-height:inherit;text-align:start;white-space:normal;color:rgb(34, 34, 34);background-color:rgb(255, 255, 255);margin:0px;margin-bottom:0px;margin-top:0px;margin-left:0px;margin-right:0px;padding:0px;padding-bottom:0px;padding-top:0px;padding-left:0px;padding-right:0px;box-sizing:border-box\" align=\"start\"><span style=\"background-color:rgb(255, 255, 255);color:rgb(0, 0, 0);font-size:16px\">K1: Miksi kauko-ohjattavan auton renkaat ovat n\u00e4kyviss\u00e4?<\/span><\/p>\n<p style=\"font-family:&quot;Open Sans&quot;, Roboto, Arial, Helvetica, sans-serif, SimSun;font-size:14px;font-weight:400;letter-spacing:normal;line-height:inherit;text-align:start;white-space:normal;color:rgb(34, 34, 34);background-color:rgb(255, 255, 255);margin:0px;margin-bottom:0px;margin-top:0px;margin-left:0px;margin-right:0px;padding:0px;padding-bottom:0px;padding-top:0px;padding-left:0px;padding-right:0px;box-sizing:border-box\" align=\"start\"><span style=\"background-color:rgb(255, 255, 255);color:rgb(0, 0, 0);font-size:16px\">A: [Erikoisrakenne] Varvaspito on vahva eik\u00e4 helposti ajaudu pois, mik\u00e4 auttaa parantamaan korin vakautta ja renkaan pitoa kaarteissa.<\/span><\/p>\n<p style=\"font-family:&quot;Open Sans&quot;, Roboto, Arial, Helvetica, sans-serif, SimSun;font-size:14px;font-weight:400;letter-spacing:normal;line-height:inherit;text-align:start;white-space:normal;color:rgb(34, 34, 34);background-color:rgb(255, 255, 255);margin:0px;margin-bottom:0px;margin-top:0px;margin-left:0px;margin-right:0px;padding:0px;padding-bottom:0px;padding-top:0px;padding-left:0px;padding-right:0px;box-sizing:border-box\" align=\"start\"><span style=\"background-color:rgb(255, 255, 255);color:rgb(0, 0, 0);font-size:16px\">K2: Kuinka kauko-ohjattavan auton renkaiden kaltevuutta s\u00e4\u00e4det\u00e4\u00e4n?<\/span><\/p>\n<p style=\"font-family:&quot;Open Sans&quot;, Roboto, Arial, Helvetica, sans-serif, SimSun;font-size:14px;font-weight:400;letter-spacing:normal;line-height:inherit;text-align:start;white-space:normal;color:rgb(34, 34, 34);background-color:rgb(255, 255, 255);margin:0px;margin-bottom:0px;margin-top:0px;margin-left:0px;margin-right:0px;padding:0px;padding-bottom:0px;padding-top:0px;padding-left:0px;padding-right:0px;box-sizing:border-box\" align=\"start\"><span style=\"background-color:rgb(255, 255, 255);color:rgb(0, 0, 0);font-size:16px\">A: Sit\u00e4 voidaan s\u00e4\u00e4t\u00e4\u00e4 kaukos\u00e4\u00e4timen hienos\u00e4\u00e4t\u00f6- ja kaasun hienos\u00e4\u00e4t\u00f6painikkeilla.<\/span><\/p>\n<p style=\"font-family:&quot;Open Sans&quot;, Roboto, Arial, Helvetica, sans-serif, SimSun;font-size:14px;font-weight:400;letter-spacing:normal;line-height:inherit;text-align:start;white-space:normal;color:rgb(34, 34, 34);background-color:rgb(255, 255, 255);margin:0px;margin-bottom:0px;margin-top:0px;margin-left:0px;margin-right:0px;padding:0px;padding-bottom:0px;padding-top:0px;padding-left:0px;padding-right:0px;box-sizing:border-box\" align=\"start\"><span style=\"background-color:rgb(255, 255, 255);color:rgb(0, 0, 0);font-size:16px\">K3: Mit\u00e4 minun pit\u00e4isi tehd\u00e4, jos en l\u00f6yd\u00e4 lis\u00e4varusteitani?<\/span><\/p>\n<p style=\"font-family:&quot;Open Sans&quot;, Roboto, Arial, Helvetica, sans-serif, SimSun;font-size:14px;font-weight:400;letter-spacing:normal;line-height:inherit;text-align:start;white-space:normal;color:rgb(34, 34, 34);background-color:rgb(255, 255, 255);margin:0px;margin-bottom:0px;margin-top:0px;margin-left:0px;margin-right:0px;padding:0px;padding-bottom:0px;padding-top:0px;padding-left:0px;padding-right:0px;box-sizing:border-box\" align=\"start\"><span style=\"background-color:rgb(255, 255, 255);color:rgb(0, 0, 0);font-size:16px\">A: Tarkista paketti ensin huolellisesti. Jos et l\u00f6yd\u00e4 sit\u00e4, auta meit\u00e4 kuvaamaan koko purkausvideo, niin tarkistamme asian varastomme kanssa ja tarjoamme vastaavan ratkaisun.<\/span><\/p>\n<p style=\"font-family:&quot;Open Sans&quot;, Roboto, Arial, Helvetica, sans-serif, SimSun;font-size:14px;font-weight:400;letter-spacing:normal;line-height:inherit;text-align:start;white-space:normal;color:rgb(34, 34, 34);background-color:rgb(255, 255, 255);margin:0px;margin-bottom:0px;margin-top:0px;margin-left:0px;margin-right:0px;padding:0px;padding-bottom:0px;padding-top:0px;padding-left:0px;padding-right:0px;box-sizing:border-box\" align=\"start\"><span style=\"background-color:rgb(255, 255, 255);color:rgb(0, 0, 0);font-size:16px\">K4: Mit\u00e4 minun pit\u00e4isi tehd\u00e4, kun kaukos\u00e4\u00e4dint\u00e4ni ei voida yhdist\u00e4\u00e4 kaukos\u00e4\u00e4timeen?<\/span><\/p>\n<p style=\"font-family:&quot;Open Sans&quot;, Roboto, Arial, Helvetica, sans-serif, SimSun;font-size:14px;font-weight:400;letter-spacing:normal;line-height:inherit;text-align:start;white-space:normal;color:rgb(34, 34, 34);background-color:rgb(255, 255, 255);margin:0px;margin-bottom:0px;margin-top:0px;margin-left:0px;margin-right:0px;padding:0px;padding-bottom:0px;padding-top:0px;padding-left:0px;padding-right:0px;box-sizing:border-box\" align=\"start\"><span style=\"background-color:rgb(255, 255, 255);color:rgb(0, 0, 0);font-size:16px\">A: Varmista, ett\u00e4 akku on t\u00e4yteen ladattu. Yhdist\u00e4 sitten leluauto ja kaukos\u00e4\u00e4din manuaalisesti. Voit my\u00f6s katsoa k\u00e4ytt\u00f6oppaasta lis\u00e4tietoja leluautojen yhdist\u00e4misest\u00e4. Voit testata emolevyn j\u00e4nnitteen, jotta voit analysoida ongelman.<\/span><\/p>\n<p style=\"font-family:&quot;Open Sans&quot;, Roboto, Arial, Helvetica, sans-serif, SimSun;font-size:14px;font-weight:400;letter-spacing:normal;line-height:inherit;text-align:start;white-space:normal;color:rgb(34, 34, 34);background-color:rgb(255, 255, 255);margin:0px;margin-bottom:0px;margin-top:0px;margin-left:0px;margin-right:0px;padding:0px;padding-bottom:0px;padding-top:0px;padding-left:0px;padding-right:0px;box-sizing:border-box\" align=\"start\"><span style=\"background-color:rgb(255, 255, 255);color:rgb(0, 0, 0);font-size:16px\">K5: Mit\u00e4 minun pit\u00e4isi tehd\u00e4, kun leikkiauto voi k\u00e4\u00e4nty\u00e4, mutta ei liiku eteen- tai taaksep\u00e4in, kun kaukos\u00e4\u00e4din on yhdistetty kaukos\u00e4\u00e4timeen?<\/span><\/p>\n<p style=\"font-family:&quot;Open Sans&quot;, Roboto, Arial, Helvetica, sans-serif, SimSun;font-size:14px;font-weight:400;letter-spacing:normal;line-height:inherit;text-align:start;white-space:normal;color:rgb(34, 34, 34);background-color:rgb(255, 255, 255);margin:0px;margin-bottom:0px;margin-top:0px;margin-left:0px;margin-right:0px;padding:0px;padding-bottom:0px;padding-top:0px;padding-left:0px;padding-right:0px;box-sizing:border-box\" align=\"start\"><span style=\"background-color:rgb(255, 255, 255);color:rgb(0, 0, 0);font-size:16px\">A: Tarkista ensin, onko akku t\u00e4yteen ladattu, ja testaa sitten emolevyn ja moottorin j\u00e4nnite, jotta voit analysoida, mik\u00e4 ongelma on.<\/span><\/p>\n<div><span style=\"background-color:rgb(255, 255, 255);color:rgb(34, 34, 34);font-size:20px;font-family:&quot;Open Sans&quot;, Roboto, Arial, Helvetica, sans-serif, SimSun\"><strong>SCY 16101PRO 16102PRO 16103PRO 1:16 70KM\/H 4WD RC-auto LED-ajovaloilla Kauko-ohjattavat autot Nopea ajelehtiva hirvi\u00f6auto lapsille vs. Wltoys 144001 lelut<\/strong><\/span><\/div>\n<p><strong>Huomioi akkua k\u00e4ytt\u00e4ess\u00e4si:<\/strong><\/p>\n<p>1. Kun akku on tyhj\u00e4, se on ladattava ajoissa, jotta akussa on varmasti ylim\u00e4\u00e4r\u00e4ist\u00e4 virtaa. Jos akku on t\u00e4ysin tyhj\u00e4, akku ei lataudu.<\/p>\n<p>2. Kun lataat akkua, irrota yhteys kauko-ohjattavasta autosta. Muista ottaa akku pois latauksen ajaksi erikseen.<\/p>\n<p>3. Jos et k\u00e4yt\u00e4 kauko-ohjattavaa autoa, irrota akku kauko-ohjattavan auton johdosta, \u00e4l\u00e4 miss\u00e4\u00e4n nimess\u00e4 kytke sit\u00e4, ja lataa akku t\u00e4yteen, muuten se vahingoittaa akkua.<\/p>\n<p><strong>Ominaisuudet:<\/strong><\/p>\n<ol>\n<li>\n<p>Simulaatiorakenteen suunnittelun k\u00e4ytt\u00f6 todellisen auton ohjaustuntuman kanssa t\u00e4yden mittakaavan portaattoman nopeuden, nopean ajon, nopean kiihtyvyyden, hidastuvuuden, jarrutuksen, peruutuksen, vasemmalle k\u00e4\u00e4ntymisen ja oikealle k\u00e4\u00e4ntymisen saavuttamiseksi.<\/p>\n<\/li>\n<li>\n<p>Soveltuvat paikat: tasainen maa, hiekka, muta, ruoho.<\/p>\n<\/li>\n<li>\n<p>Neliveto: edess\u00e4 ja takana pystyjousitus, kaksoiskolmiovarsi-erillisjousitus.<\/p>\n<\/li>\n<li>\n<p>2.4G t\u00e4ysin proportionaalinen synkronoitu kauko-ohjausj\u00e4rjestelm\u00e4. T\u00e4ysin proportionaalinen kaasu\/ohjaus.<\/p>\n<\/li>\n<li>\n<p>Metallinen tasauspy\u00f6r\u00e4st\u00f6, metallinen tasauspy\u00f6r\u00e4st\u00f6n kuppi, jauheplaneettapy\u00f6r\u00e4st\u00f6, jauheaktiivinen ratas, jauhep\u00e4\u00e4ratas<\/p>\n<\/li>\n<li>\n<p>Metallinen CVD-etuvetoakseli, metallinen takaper\u00e4 ja metalliset py\u00f6r\u00e4nkupit.<\/p>\n<\/li>\n<li>\n<p>Kolmijohtiminen 17G digitaalinen servo.<\/p>\n<\/li>\n<li>\n<p>7,4 V, 18650\u20131500 mAh litiumioniakku (T-pistoke), purkauskerroin 15 C.<\/p>\n<\/li>\n<li>\n<p>Uusi kauko-ohjauspaneelin toiminto: per\u00e4simen \u00e4\u00e4nenvoimakkuuden koon s\u00e4\u00e4t\u00f6.<\/p>\n<\/li>\n<li>\n<p>16 kuulalaakeria koko ajoneuvolle.<\/p>\n<\/li>\n<li>\n<p>Metallinen toisen lattian levy, metallinen etu- ja takatukivarsien koodi, metallinen keskivetoakseli.<\/p>\n<\/li>\n<li>\n<p>Auton kuori on valmistettu eritt\u00e4in kest\u00e4v\u00e4st\u00e4, r\u00e4j\u00e4hdyssuojatusta PVC-kuoresta.<\/p>\n<\/li>\n<li>\n<p>Varustettu LED-ajovaloilla; (kolme tilaa: jatkuva valo, hidas vilkku, nopea vilkku)<\/p>\n<\/li>\n<li>\n<p>Varustettu head-up-ohjauspy\u00f6r\u00e4ll\u00e4.<\/p>\n<\/li>\n<li>\n<p>Bigfoot-renkaiden simulointi, vahva pito<\/p>\n<\/li>\n<\/ol>\n<p><strong>Kuvaus:<\/strong><\/p>\n<p><span style=\"background-color:rgb(255, 255, 255);color:rgb(34, 34, 34);font-size:14px;font-family:&quot;Open Sans&quot;, Roboto, Arial, Helvetica, sans-serif, SimSun\">Ltem Nimi:16101PRO,16102PRO,16103PRO<\/span><\/p>\n<p>100% upouusi, korkealaatuinen.<\/p>\n<p>1:16 Kuorma-auton koko: 30 * 23 * 11,5 cm<\/p>\n<p>Peliaika: 15\u201318 minuuttia (jatkuva t\u00e4ydell\u00e4 nopeudella)<\/p>\n<p>Latausaika: 3\u20133,5 tuntia<\/p>\n<p>Ohjausalue: 120M<\/p>\n<p>Auton akku sis\u00e4ltyy hintaan<\/p>\n<p>Kaukos\u00e4\u00e4din: 3 * AA-paristoa (eiv\u00e4t sis\u00e4lly toimitukseen)<\/p>\n<p><span style=\"color:rgb(244, 78, 59)\"><strong>Huomautus:<\/strong><\/span><\/p>\n<p><strong><span style=\"color:rgb(244, 78, 59)\">1: Lataussuoja: vakiovirran ja vakioj\u00e4nnitteen tasapainotettu lataus, suojaustoiminto akun ylilataukselta ja ylivirralta.<\/span><\/strong><\/p>\n<p><strong><span style=\"color:rgb(244, 78, 59)\">2: Moottorin jumiutumissuoja: ylikuormitusty\u00f6, moottori lakkaa toimimasta.<\/span><\/strong><\/p>\n<p><strong><span style=\"color:rgb(244, 78, 59)\">3: Korkean l\u00e4mp\u00f6tilan suojaus: kun k\u00e4ytt\u00f6l\u00e4mp\u00f6tila on korkeampi kuin asetettu tilanne, taajuusmuuttajan ohjauspiiri lakkaa toimimasta ja jatkaa sitten toimintaansa, kun l\u00e4mp\u00f6tila laskee turvalliseen arvoon.<\/span><\/strong><\/p>\n<p><strong><span style=\"color:rgb(244, 78, 59)\">4: ESC:n matalaj\u00e4nnitteinen virrankatkaisutoiminto, akun j\u00e4nnite on alle 6,3\u20136,4 V, automaattinen virrankatkaisu akun vaurioitumisen est\u00e4miseksi ylipurkauksen aikana<\/span><\/strong><span style=\"color:rgb(244, 78, 59)\">.<\/span><img decoding=\"async\" src=\"https:\/\/ae01.alicdn.com\/kf\/Sdd01a7240c584b16b1a8a122c3c835ae2.jpg?width=1000&amp;height=5215&amp;hash=6215\" slate-data-type=\"image\"\/><\/p>\n<p><img decoding=\"async\" src=\"https:\/\/ae01.alicdn.com\/kf\/Sdedb2089b3ea41abb30373347f69d567d.jpg?width=1000&amp;height=6204&amp;hash=7204\" slate-data-type=\"image\"\/><img decoding=\"async\" src=\"https:\/\/ae01.alicdn.com\/kf\/Sf42b7fff22fb4dfea370c9431c033a0ex.jpg?width=1000&amp;height=5161&amp;hash=6161\" slate-data-type=\"image\"\/><\/p>\n<div>\n<\/div>\n<p><\/div>\n<\/div>\n<p><\/p>","protected":false},"excerpt":{"rendered":"<p>Certificate Number:&nbsp;As Show CE:&nbsp;Certificate Is Electric:&nbsp;lithium battery Barcode:&nbsp;No Throttle servo:&nbsp;2840 Brushless motor Steering servo:&nbsp;Three-wire 17G digital servo Power:&nbsp;70 km\/h State of Assembly:&nbsp;Ready-to-Go Flight Time:&nbsp;15-18 min Tire Track:&nbsp;188mm Wheelbase:&nbsp;185 mm Warning:&nbsp;None<\/p>","protected":false},"featured_media":25616,"comment_status":"open","ping_status":"closed","template":"","meta":{"_acf_changed":false},"product_brand":[],"product_cat":[519],"product_tag":[],"class_list":{"0":"post-25614","1":"product","2":"type-product","3":"status-publish","4":"has-post-thumbnail","6":"product_cat-rc-cars","8":"first","9":"instock","10":"shipping-taxable","11":"purchasable","12":"product-type-variable"},"acf":[],"_links":{"self":[{"href":"https:\/\/www.electricstore.eu\/fi\/wp-json\/wp\/v2\/product\/25614","targetHints":{"allow":["GET"]}}],"collection":[{"href":"https:\/\/www.electricstore.eu\/fi\/wp-json\/wp\/v2\/product"}],"about":[{"href":"https:\/\/www.electricstore.eu\/fi\/wp-json\/wp\/v2\/types\/product"}],"replies":[{"embeddable":true,"href":"https:\/\/www.electricstore.eu\/fi\/wp-json\/wp\/v2\/comments?post=25614"}],"wp:featuredmedia":[{"embeddable":true,"href":"https:\/\/www.electricstore.eu\/fi\/wp-json\/wp\/v2\/media\/25616"}],"wp:attachment":[{"href":"https:\/\/www.electricstore.eu\/fi\/wp-json\/wp\/v2\/media?parent=25614"}],"wp:term":[{"taxonomy":"product_brand","embeddable":true,"href":"https:\/\/www.electricstore.eu\/fi\/wp-json\/wp\/v2\/product_brand?post=25614"},{"taxonomy":"product_cat","embeddable":true,"href":"https:\/\/www.electricstore.eu\/fi\/wp-json\/wp\/v2\/product_cat?post=25614"},{"taxonomy":"product_tag","embeddable":true,"href":"https:\/\/www.electricstore.eu\/fi\/wp-json\/wp\/v2\/product_tag?post=25614"}],"curies":[{"name":"wp","href":"https:\/\/api.w.org\/{rel}","templated":true}]}}