{"id":25471,"date":"2025-05-20T18:59:34","date_gmt":"2025-05-20T18:59:34","guid":{"rendered":"https:\/\/electricstore.eu\/p\/uncategorized\/vevor-88-100-lbs-child-bike-trailer-double-seat-carrier-converts-to-stroller-foldable-children-bicycle-trailer-for-toddlers-kids\/"},"modified":"2025-05-20T19:02:57","modified_gmt":"2025-05-20T19:02:57","slug":"vevor-88-100-lbs-child-bike-trailer-double-seat-carrier-converts-to-stroller-foldable-children-bicycle-trailer-for-toddlers-kids","status":"publish","type":"product","link":"https:\/\/www.electricstore.eu\/fi\/p\/o\/bike-trailers-and-wagons\/vevor-88-100-lbs-child-bike-trailer-double-seat-carrier-converts-to-stroller-foldable-children-bicycle-trailer-for-toddlers-kids\/","title":{"rendered":"VEVOR 88\/100 lbs lasten polkupy\u00f6r\u00e4n per\u00e4k\u00e4rry, kaksoisistuin, muuntuu rattaiden kokoontaitettavaksi lasten polkupy\u00f6r\u00e4n per\u00e4k\u00e4rryksi taaperoille ja lapsille"},"content":{"rendered":"<div class=\"product-specs-list-container\">\n<ul class=\"product-specs-list util-clearfix\">\n<li class=\"product-prop line-limit-length\"><span\n                                        class=\"property-title\">Huolenaiheinen kemikaali:&nbsp;<\/span><span\n                                        class=\"property-desc line-limit-length\">Ei mit\u00e4\u00e4n<\/span>\n                            <\/li>\n<li class=\"product-prop line-limit-length\"><span\n                                        class=\"property-title\">Istuimen asento:&nbsp;<\/span><span\n                                        class=\"property-desc line-limit-length\">L\u00c4HETT\u00c4\u00c4<\/span>\n                            <\/li>\n<li class=\"product-prop line-limit-length\"><span\n                                        class=\"property-title\">Materiaali:&nbsp;<\/span><span\n                                        class=\"property-desc line-limit-length\">muut<\/span>\n                            <\/li>\n<li class=\"product-prop line-limit-length\"><span\n                                        class=\"property-title\">Mallinumero:&nbsp;<\/span><span\n                                        class=\"property-desc line-limit-length\">JBT03N1<\/span>\n                            <\/li>\n<li class=\"product-prop line-limit-length\"><span\n                                        class=\"property-title\">Ik\u00e4ryhm\u00e4:&nbsp;<\/span><span\n                                        class=\"property-desc line-limit-length\">7\u201312-vuotiaille<\/span>\n                            <\/li>\n<li class=\"product-prop line-limit-length\"><span\n                                        class=\"property-title\">Alkuper\u00e4:&nbsp;<\/span><span\n                                        class=\"property-desc line-limit-length\">Manner-Kiina<\/span>\n                            <\/li>\n<li class=\"product-prop line-limit-length\"><span\n                                        class=\"property-title\">Merkki:&nbsp;<\/span><span\n                                        class=\"property-desc line-limit-length\">VEVOR<\/span>\n                            <\/li>\n<li class=\"product-prop line-limit-length\"><span\n                                        class=\"property-title\">Materiaali:&nbsp;<\/span><span\n                                        class=\"property-desc line-limit-length\">Hiiliter\u00e4s + 600D Oxford-kangas + PP<\/span>\n                            <\/li>\n<li class=\"product-prop line-limit-length\"><span\n                                        class=\"property-title\">Tyyppi:&nbsp;<\/span><span\n                                        class=\"property-desc line-limit-length\">Per\u00e4vaunu\/rattaat, kaksoisk\u00e4ytt\u00f6<\/span>\n                            <\/li>\n<li class=\"product-prop line-limit-length\"><span\n                                        class=\"property-title\">Sis\u00e4inen koko:&nbsp;<\/span><span\n                                        class=\"property-desc line-limit-length\">29,1 x 24,4 x 22 tuumaa \/ 740 x 620 x 560 mm<\/span>\n                            <\/li>\n<li class=\"product-prop line-limit-length\"><span\n                                        class=\"property-title\">Suurin kuormituskapasiteetti:&nbsp;<\/span><span\n                                        class=\"property-desc line-limit-length\">88 paunaa \/ 110 paunaa<\/span>\n                            <\/li>\n<li class=\"product-prop line-limit-length\"><span\n                                        class=\"property-title\">Istuinpaikkojen lukum\u00e4\u00e4r\u00e4:&nbsp;<\/span><span\n                                        class=\"property-desc line-limit-length\">2<\/span>\n                            <\/li>\n<\/ul><\/div>\n<div class=\"detailmodule_html\">\n<div class=\"detail-desc-decorate-richtext\">\n<div style=\"font-family:&quot;Open sans&quot;, Arial, Helvetica, sans-serif\">\n<div style=\"font-family:&quot;Open sans&quot;, Arial, Helvetica, sans-serif\">\n  <img decoding=\"async\" style=\"width:100%\" width=\"100%\" src=\"https:\/\/d2qc09rl1gfuof.cloudfront.net\/vevor\/boutique-banner\/pc\/banner-en.jpg\" slate-data-type=\"image\" \/>\n <\/div>\n<div style=\"font-family:&quot;Open sans&quot;, Arial, Helvetica, sans-serif\">\n<div style=\"font-size:16px;font-weight:bold;text-align:center;color:rgb(34, 34, 34);margin:24px 0px;margin-bottom:24px;margin-top:24px;margin-left:0px;margin-right:0px\" align=\"center\">\n   VEVOR polkupy\u00f6r\u00e4n per\u00e4k\u00e4rry lapsille \u2013 Tapaa uusi py\u00f6r\u00e4ilykaverisi!\n  <\/div>\n<div>\n   <img decoding=\"async\" style=\"width:100%\" width=\"100%\" src=\"https:\/\/d2qc09rl1gfuof.cloudfront.net\/product\/LYS100B1020ILJ9NW\/bike-trailer-a100-1.4.jpg\" slate-data-type=\"image\" \/>\n  <\/div>\n<div style=\"font-size:14px;text-align:center;color:rgb(34, 34, 34);margin:16px 0px 24px;margin-bottom:24px;margin-top:16px;margin-left:0px;margin-right:0px\" align=\"center\">\n   Liu&#039;u sujuvasti kest\u00e4v\u00e4ll\u00e4 ter\u00e4srunkoisella py\u00f6r\u00e4k\u00e4rryll\u00e4mme. Kaksikerroksiset kumirenkaat takaavat tasaisen ja mukavan ajon, mik\u00e4 tekee siit\u00e4 turvallisen ja luotettavan matkakumppanin jokaiselle matkalle.\n  <\/div><\/div>\n<div style=\"font-family:&quot;Open sans&quot;, Arial, Helvetica, sans-serif\">\n<div>\n   &nbsp;\n  <\/div>\n<div style=\"margin:8px 0px;margin-bottom:8px;margin-top:8px;margin-left:0px;margin-right:0px\">\n   <img decoding=\"async\" style=\"width:100%\" width=\"100%\" src=\"https:\/\/d2qc09rl1gfuof.cloudfront.net\/product\/LYS100B1020ILJ9NW\/bike-trailer-a100-2.2.jpg\" slate-data-type=\"image\" \/>\n  <\/div>\n<div style=\"font-size:14px;text-align:center;color:rgb(34, 34, 34);margin:16px 0px 24px;margin-bottom:24px;margin-top:16px;margin-left:0px;margin-right:0px\" align=\"center\">\n   Kokonaisvaltaisen suojan ja turvallisen pys\u00e4k\u00f6innin ansiosta polkupy\u00f6r\u00e4n per\u00e4k\u00e4rry pit\u00e4\u00e4 renkaasi turvassa odottamattomilta vaurioilta. Kiilt\u00e4v\u00e4t heijastimet tarjoavat selke\u00e4mm\u00e4n tunnistuksen, mik\u00e4 tekee ajostasi turvallisen ja tyylikk\u00e4\u00e4n.\n  <\/div><\/div>\n<div style=\"font-family:&quot;Open sans&quot;, Arial, Helvetica, sans-serif\">\n<div>\n   &nbsp;\n  <\/div>\n<div style=\"margin:8px 0px;margin-bottom:8px;margin-top:8px;margin-left:0px;margin-right:0px\">\n   <img decoding=\"async\" style=\"width:100%\" width=\"100%\" src=\"https:\/\/d2qc09rl1gfuof.cloudfront.net\/product\/LYS100B1020ILJ9NW\/bike-trailer-a100-2.3.jpg\" slate-data-type=\"image\" \/>\n  <\/div>\n<div style=\"font-size:14px;text-align:center;color:rgb(34, 34, 34);margin:16px 0px 24px;margin-bottom:24px;margin-top:16px;margin-left:0px;margin-right:0px\" align=\"center\">\n   Suuren kantavuutensa ja mukavan kaksipaikkaisen rakenteensa ansiosta lasten polkupy\u00f6r\u00e4n per\u00e4k\u00e4rry sopii 18 kuukauden - 5 vuoden ik\u00e4isille lapsille. Se on paras mahdollinen matka sinulle ja pienokaisellesi.\n  <\/div><\/div>\n<div style=\"font-family:&quot;Open sans&quot;, Arial, Helvetica, sans-serif\">\n<div>\n   &nbsp;\n  <\/div>\n<div style=\"margin:8px 0px;margin-bottom:8px;margin-top:8px;margin-left:0px;margin-right:0px\">\n   <img decoding=\"async\" style=\"width:100%\" width=\"100%\" src=\"https:\/\/d2qc09rl1gfuof.cloudfront.net\/product\/LYS100B1020ILJ9NW\/bike-trailer-a100-2.4.jpg\" slate-data-type=\"image\" \/>\n  <\/div>\n<div style=\"font-size:14px;text-align:center;color:rgb(34, 34, 34);margin:16px 0px 24px;margin-bottom:24px;margin-top:16px;margin-left:0px;margin-right:0px\" align=\"center\">\n   Kokoaminen on vaivatonta! Lasten polkupy\u00f6r\u00e4k\u00e4rryss\u00e4mme on pikalukitusj\u00e4rjestelm\u00e4, joka helpottaa pystytt\u00e4mist\u00e4 ja purkamista, joten se on eritt\u00e4in kannettava. Per\u00e4vaunun ja rattaiden integroitu rakenne tuo matkoihisi enemm\u00e4n hauskuutta.\n  <\/div><\/div>\n<div style=\"font-family:&quot;Open sans&quot;, Arial, Helvetica, sans-serif\">\n<div>\n   &nbsp;\n  <\/div>\n<div style=\"margin:8px 0px;margin-bottom:8px;margin-top:8px;margin-left:0px;margin-right:0px\">\n   <img decoding=\"async\" style=\"width:100%\" width=\"100%\" src=\"https:\/\/d2qc09rl1gfuof.cloudfront.net\/product\/LYS100B1020ILJ9NW\/bike-trailer-a100-2.5.jpg\" slate-data-type=\"image\" \/>\n  <\/div>\n<div style=\"font-size:14px;text-align:center;color:rgb(34, 34, 34);margin:16px 0px 24px;margin-bottom:24px;margin-top:16px;margin-left:0px;margin-right:0px\" align=\"center\">\n   Lasten polkupy\u00f6r\u00e4n per\u00e4k\u00e4rryss\u00e4mme on 76 cm:n turvavy\u00f6 mukavaa ajoa varten, sivuikkuna laajan n\u00e4kym\u00e4n takaamiseksi ja rei&#039;itetty takaosa erinomaisen ilmanvaihdon takaamiseksi. Lapsesi mukavuus on meille t\u00e4rkeint\u00e4.\n  <\/div><\/div>\n<div style=\"margin:16px 0px 24px;margin-bottom:24px;margin-top:16px;margin-left:0px;margin-right:0px\"><\/div>\n<div style=\"margin:24px 0px;margin-bottom:24px;margin-top:24px;margin-left:0px;margin-right:0px\">\n<div style=\"font-size:16px;font-weight:bold;color:rgb(34, 34, 34);margin:24px 0px 16px;margin-bottom:16px;margin-top:24px;margin-left:0px;margin-right:0px\">\n   Ominaisuudet ja tiedot\n  <\/div>\n<ul style=\"margin:16px 0px 24px;margin-bottom:24px;margin-top:16px;margin-left:0px;margin-right:0px\">\n<li style=\"font-size:14px;color:rgb(34, 34, 34)\">\n<p>Vankka rakenne: Py\u00f6r\u00e4n per\u00e4k\u00e4rryss\u00e4mme on kest\u00e4v\u00e4 ter\u00e4srunko ja tukevat kaksikerroksiset kumirenkaat, jotka tarjoavat vankan varmuuden matkallesi. Vaihtelevista tieolosuhteista riippumatta se pysyy luotettavana ja kest\u00e4v\u00e4n\u00e4 varmistaen turvallisen matkan joka kerta.<\/p>\n<\/li>\n<li style=\"font-size:14px;color:rgb(34, 34, 34)\">\n<p>Turvallisuus ennen kaikkea: Polkupy\u00f6r\u00e4n per\u00e4k\u00e4rrymme tarjoaa kokonaisvaltaisen suojan napajousituksen ansiosta, joka vaimentaa iskuja tehokkaasti. 2-in-1-turvak\u00e4sijarrun avulla voit hidastaa ja pys\u00e4k\u00f6id\u00e4 sujuvasti. Lis\u00e4ksi kirkkaat heijastimet varmistavat, ett\u00e4 sinut n\u00e4hd\u00e4\u00e4n ajon aikana, mik\u00e4 lis\u00e4\u00e4 turvallisuutta.<\/p>\n<\/li>\n<li style=\"font-size:14px;color:rgb(34, 34, 34)\">\n<p>Monipuolista hauskanpitoa: Pakkaa t\u00e4yteen! Lasten polkupy\u00f6r\u00e4k\u00e4rrymme selviytyy kaikesta suuren kuormankantokykyns\u00e4 ja kaksoisistuimensa ansiosta. T\u00e4ydellinen iloisiin ajomatkoihin pienokaisesi kanssa. Sen yleismaailmallinen yhteensopivuussuunnittelu sopii useisiin polkupy\u00f6riin, joten se on erinomainen valinta ajomatkoihisi.<\/p>\n<\/li>\n<li style=\"font-size:14px;color:rgb(34, 34, 34)\">\n<p>Helppok\u00e4ytt\u00f6inen: Lasten polkupy\u00f6r\u00e4k\u00e4rryn pikalukitusmekanismin ansiosta kokoaminen tai purkaminen on helppoa. P\u00e4\u00e4set tien p\u00e4\u00e4lle nopeammin ja nauti vaivattomista seikkailuista. Lis\u00e4ksi per\u00e4k\u00e4rryn ja rattaiden v\u00e4lill\u00e4 vaihtaminen on helppoa, mik\u00e4 lis\u00e4\u00e4 j\u00e4nnityst\u00e4 retkiisi.<\/p>\n<\/li>\n<li style=\"font-size:14px;color:rgb(34, 34, 34)\">\n<p>Mukava ja huolehtiva: Lasten polkupy\u00f6r\u00e4k\u00e4rrymme huolehtii jokaisesta ajosta yksityiskohtia my\u00f6ten. Mukava 76 cm:n turvavy\u00f6 takaa mukavuuden ilman rajoituksia, kun taas istuimen selk\u00e4nojan rei&#039;itetty muotoilu pit\u00e4\u00e4 matkan ilmavana ja sivuikkuna rikastuttaa matkaa tarjoten mukavan ja turvallisen ajokokemuksen lapsellesi.<\/p>\n<\/li>\n<\/ul><\/div>\n<div>\n<div>\n   &nbsp;\n  <\/div>\n<div>\n<div>\n    &nbsp;\n   <\/div>\n<div style=\"margin:16px 0px 24px;margin-bottom:24px;margin-top:16px;margin-left:0px;margin-right:0px\">\n    <strong>59 x 34 x 37 tuumaa 88 paunaa<\/strong>\n   <\/div>\n<div style=\"margin:16px 0px 24px;margin-bottom:24px;margin-top:16px;margin-left:0px;margin-right:0px\">\n    <img decoding=\"async\" style=\"width:100%\" width=\"100%\" src=\"https:\/\/d2qc09rl1gfuof.cloudfront.net\/product\/LYS100B1020ILJ9NW\/bike-trailer-a100-1.11.jpg\" slate-data-type=\"image\" \/><br \/>\n    <strong>59 x 34 x 37 tuumaa 100 paunaa<\/strong>\n   <\/div><\/div><\/div>\n<div>\n<div>\n<div style=\"margin:16px 0px 24px;margin-bottom:24px;margin-top:16px;margin-left:0px;margin-right:0px\">\n    <img decoding=\"async\" style=\"width:100%\" width=\"100%\" src=\"https:\/\/d2qc09rl1gfuof.cloudfront.net\/product\/LYS2GHJG1220E5YTP\/bike-trailer-a100-1.11.jpg\" slate-data-type=\"image\" \/>\n   <\/div><\/div><\/div>\n<div style=\"font-family:&quot;Open sans&quot;, Arial, Helvetica, sans-serif\">\n<div>\n   &nbsp;\n  <\/div>\n<div>\n<div style=\"font-size:16px;font-weight:bold;color:rgb(34, 34, 34);margin:24px 0px 16px;margin-bottom:16px;margin-top:24px;margin-left:0px;margin-right:0px\">\n    &nbsp;61x31x37 tuumaa 100 paunaa\n   <\/div>\n<div style=\"margin:16px 0px 24px;margin-bottom:24px;margin-top:16px;margin-left:0px;margin-right:0px\">\n    <img decoding=\"async\" style=\"width:100%\" width=\"100%\" src=\"https:\/\/d2qc09rl1gfuof.cloudfront.net\/product\/LYS2GHJG820IRLD5R\/bike-trailer-a100-1.11.jpg\" slate-data-type=\"image\" \/>\n   <\/div><\/div><\/div>\n<\/div>\n<p><\/p>\n<\/div>\n<\/div>","protected":false},"excerpt":{"rendered":"<p>Hign-concerned Chemical:&nbsp;None Seat position:&nbsp;POST Material:&nbsp;others Model Number:&nbsp;JBT03N1 Age Range:&nbsp;7-12Y Origin:&nbsp;Mainland China Brand:&nbsp;VEVOR Material:&nbsp;Carbon Steel + 600D Oxford Cloth + PP Type:&nbsp;Trailer\/Stroller Dual-Use Internal Size:&nbsp;29.1 x 24.4 x 22 in\/740 x<\/p>","protected":false},"featured_media":25472,"comment_status":"open","ping_status":"closed","template":"","meta":{"_acf_changed":false},"product_brand":[],"product_cat":[523],"product_tag":[],"class_list":{"0":"post-25471","1":"product","2":"type-product","3":"status-publish","4":"has-post-thumbnail","6":"product_cat-bike-trailers-and-wagons","8":"first","9":"instock","10":"shipping-taxable","11":"purchasable","12":"product-type-variable"},"acf":[],"_links":{"self":[{"href":"https:\/\/www.electricstore.eu\/fi\/wp-json\/wp\/v2\/product\/25471","targetHints":{"allow":["GET"]}}],"collection":[{"href":"https:\/\/www.electricstore.eu\/fi\/wp-json\/wp\/v2\/product"}],"about":[{"href":"https:\/\/www.electricstore.eu\/fi\/wp-json\/wp\/v2\/types\/product"}],"replies":[{"embeddable":true,"href":"https:\/\/www.electricstore.eu\/fi\/wp-json\/wp\/v2\/comments?post=25471"}],"wp:featuredmedia":[{"embeddable":true,"href":"https:\/\/www.electricstore.eu\/fi\/wp-json\/wp\/v2\/media\/25472"}],"wp:attachment":[{"href":"https:\/\/www.electricstore.eu\/fi\/wp-json\/wp\/v2\/media?parent=25471"}],"wp:term":[{"taxonomy":"product_brand","embeddable":true,"href":"https:\/\/www.electricstore.eu\/fi\/wp-json\/wp\/v2\/product_brand?post=25471"},{"taxonomy":"product_cat","embeddable":true,"href":"https:\/\/www.electricstore.eu\/fi\/wp-json\/wp\/v2\/product_cat?post=25471"},{"taxonomy":"product_tag","embeddable":true,"href":"https:\/\/www.electricstore.eu\/fi\/wp-json\/wp\/v2\/product_tag?post=25471"}],"curies":[{"name":"wp","href":"https:\/\/api.w.org\/{rel}","templated":true}]}}