{"id":25461,"date":"2025-05-20T18:59:30","date_gmt":"2025-05-20T18:59:30","guid":{"rendered":"https:\/\/electricstore.eu\/p\/uncategorized\/vevor-rc-plane-2-4g-4ch-remote-control-airplane-with-6-axis-gyro-stabilizer-aircraft-toy-rc-glider-for-kids-beginners-boys-gifts\/"},"modified":"2025-05-20T19:02:57","modified_gmt":"2025-05-20T19:02:57","slug":"vevor-rc-plane-2-4g-4ch-remote-control-airplane-with-6-axis-gyro-stabilizer-aircraft-toy-rc-glider-for-kids-beginners-boys-gifts","status":"publish","type":"product","link":"https:\/\/www.electricstore.eu\/fi\/p\/rc\/rc-cars\/vevor-rc-plane-2-4g-4ch-remote-control-airplane-with-6-axis-gyro-stabilizer-aircraft-toy-rc-glider-for-kids-beginners-boys-gifts\/","title":{"rendered":"VEVOR RC-lentokone 2.4G 4CH kauko-ohjattava lentokone 6-akselisella gyroskooppivakaimella lentokonelelu RC-purjelentokone lapsille aloittelijoille pojille lahjoja"},"content":{"rendered":"<div class=\"product-specs-list-container\">\n<ul class=\"product-specs-list util-clearfix\">\n<li class=\"product-prop line-limit-length\"><span\n                                        class=\"property-title\">Huolenaiheinen kemikaali:&nbsp;<\/span><span\n                                        class=\"property-desc line-limit-length\">Ei mit\u00e4\u00e4n<\/span>\n                            <\/li>\n<li class=\"product-prop line-limit-length\"><span\n                                        class=\"property-title\">Onko s\u00e4hk\u00f6inen:&nbsp;<\/span><span\n                                        class=\"property-desc line-limit-length\">Ei akkua<\/span>\n                            <\/li>\n<li class=\"product-prop line-limit-length\"><span\n                                        class=\"property-title\">Tuulenpit\u00e4v\u00e4 kyky:&nbsp;<\/span><span\n                                        class=\"property-desc line-limit-length\">Kyll\u00e4<\/span>\n                            <\/li>\n<li class=\"product-prop line-limit-length\"><span\n                                        class=\"property-title\">Droonin paino:&nbsp;<\/span><span\n                                        class=\"property-desc line-limit-length\">\/<\/span>\n                            <\/li>\n<li class=\"product-prop line-limit-length\"><span\n                                        class=\"property-title\">Lentoonl\u00e4ht\u00f6paino:&nbsp;<\/span><span\n                                        class=\"property-desc line-limit-length\">\/<\/span>\n                            <\/li>\n<li class=\"product-prop line-limit-length\"><span\n                                        class=\"property-title\">Kuljetusaika (p\u00e4ivin\u00e4):&nbsp;<\/span><span\n                                        class=\"property-desc line-limit-length\">\/<\/span>\n                            <\/li>\n<li class=\"product-prop line-limit-length\"><span\n                                        class=\"property-title\">Videon tallennuksen resoluutio:&nbsp;<\/span><span\n                                        class=\"property-desc line-limit-length\">muu<\/span>\n                            <\/li>\n<li class=\"product-prop line-limit-length\"><span\n                                        class=\"property-title\">K\u00e4ytt\u00e4j\u00e4n taitotaso:&nbsp;<\/span><span\n                                        class=\"property-desc line-limit-length\">Aloittelija<\/span>\n                            <\/li>\n<li class=\"product-prop line-limit-length\"><span\n                                        class=\"property-title\">Sis\u00e4-\/ulkok\u00e4ytt\u00f6:&nbsp;<\/span><span\n                                        class=\"property-desc line-limit-length\">Ulkona<\/span>\n                            <\/li>\n<li class=\"product-prop line-limit-length\"><span\n                                        class=\"property-title\">Kameran kiinnitystyyppi:&nbsp;<\/span><span\n                                        class=\"property-desc line-limit-length\">muu<\/span>\n                            <\/li>\n<li class=\"product-prop line-limit-length\"><span\n                                        class=\"property-title\">Viivakoodi:&nbsp;<\/span><span\n                                        class=\"property-desc line-limit-length\">Ei<\/span>\n                            <\/li>\n<li class=\"product-prop line-limit-length\"><span\n                                        class=\"property-title\">Mallinumero:&nbsp;<\/span><span\n                                        class=\"property-desc line-limit-length\">A210<\/span>\n                            <\/li>\n<li class=\"product-prop line-limit-length\"><span\n                                        class=\"property-title\">Ohjaintila:&nbsp;<\/span><span\n                                        class=\"property-desc line-limit-length\">TILA1<\/span>\n                            <\/li>\n<li class=\"product-prop line-limit-length\"><span\n                                        class=\"property-title\">Lentoaika:&nbsp;<\/span><span\n                                        class=\"property-desc line-limit-length\">5~10<\/span>\n                            <\/li>\n<li class=\"product-prop line-limit-length\"><span\n                                        class=\"property-title\">Ohjauskanavat:&nbsp;<\/span><span\n                                        class=\"property-desc line-limit-length\">4 kanavaa<\/span>\n                            <\/li>\n<li class=\"product-prop line-limit-length\"><span\n                                        class=\"property-title\">Ohjaimen akku:&nbsp;<\/span><span\n                                        class=\"property-desc line-limit-length\">4 * AA (ei sis\u00e4lly)<\/span>\n                            <\/li>\n<li class=\"product-prop line-limit-length\"><span\n                                        class=\"property-title\">Et\u00e4isyys:&nbsp;<\/span><span\n                                        class=\"property-desc line-limit-length\">200 metri\u00e4<\/span>\n                            <\/li>\n<li class=\"product-prop line-limit-length\"><span\n                                        class=\"property-title\">Latausaika:&nbsp;<\/span><span\n                                        class=\"property-desc line-limit-length\">60\u201370 minuuttia<\/span>\n                            <\/li>\n<li class=\"product-prop line-limit-length\"><span\n                                        class=\"property-title\">Latausj\u00e4nnite:&nbsp;<\/span><span\n                                        class=\"property-desc line-limit-length\">5V<\/span>\n                            <\/li>\n<li class=\"product-prop line-limit-length\"><span\n                                        class=\"property-title\">Virtal\u00e4hde:&nbsp;<\/span><span\n                                        class=\"property-desc line-limit-length\">S\u00e4hk\u00f6inen<\/span>\n                            <\/li>\n<li class=\"product-prop line-limit-length\"><span\n                                        class=\"property-title\">Kaukos\u00e4\u00e4din:&nbsp;<\/span><span\n                                        class=\"property-desc line-limit-length\">Kyll\u00e4<\/span>\n                            <\/li>\n<li class=\"product-prop line-limit-length\"><span\n                                        class=\"property-title\">Paketti sis\u00e4lt\u00e4\u00e4:&nbsp;<\/span><span\n                                        class=\"property-desc line-limit-length\">Kaukos\u00e4\u00e4din<\/span>\n                            <\/li>\n<li class=\"product-prop line-limit-length\"><span\n                                        class=\"property-title\">Materiaali:&nbsp;<\/span><span\n                                        class=\"property-desc line-limit-length\">Vaahto<\/span>\n                            <\/li>\n<li class=\"product-prop line-limit-length\"><span\n                                        class=\"property-title\">Ominaisuudet:&nbsp;<\/span><span\n                                        class=\"property-desc line-limit-length\">muu<\/span>\n                            <\/li>\n<li class=\"product-prop line-limit-length\"><span\n                                        class=\"property-title\">Suositeltu ik\u00e4:&nbsp;<\/span><span\n                                        class=\"property-desc line-limit-length\">14+ vuotta<\/span>\n                            <\/li>\n<li class=\"product-prop line-limit-length\"><span\n                                        class=\"property-title\">Alkuper\u00e4:&nbsp;<\/span><span\n                                        class=\"property-desc line-limit-length\">Manner-Kiina<\/span>\n                            <\/li>\n<li class=\"product-prop line-limit-length\"><span\n                                        class=\"property-title\">Ilmakuvaus:&nbsp;<\/span><span\n                                        class=\"property-desc line-limit-length\">Ei<\/span>\n                            <\/li>\n<li class=\"product-prop line-limit-length\"><span\n                                        class=\"property-title\">Tyyppi:&nbsp;<\/span><span\n                                        class=\"property-desc line-limit-length\">Lentokone<\/span>\n                            <\/li>\n<\/ul><\/div>\n<div class=\"detailmodule_html\">\n<div class=\"detail-desc-decorate-richtext\">\n<div style=\"font-family:&quot;Open sans&quot;, Arial, Helvetica, sans-serif\">\n<div><img decoding=\"async\" style=\"width:100%\" width=\"100%\" src=\"https:\/\/d2qc09rl1gfuof.cloudfront.net\/vevor\/boutique-banner\/pc\/banner-en.jpg\" slate-data-type=\"image\"\/><\/div>\n<div>\n<div style=\"font-size:16px;font-weight:bold;text-align:center;color:rgb(34, 34, 34);margin:24px 0px;margin-bottom:24px;margin-top:24px;margin-left:0px;margin-right:0px\" align=\"center\">VEVOR RC -lentokone \u2013 Hallitse taivas hauskalla tavalla<\/div>\n<div><img decoding=\"async\" style=\"width:100%\" width=\"100%\" src=\"https:\/\/d2qc09rl1gfuof.cloudfront.net\/product\/YKFJFJSTD40CYM1PO\/rc-airplane-a100-1.4-pt.jpg\" slate-data-type=\"image\"\/><\/div>\n<div style=\"font-size:14px;text-align:center;color:rgb(34, 34, 34);margin:16px 0px 24px;margin-bottom:24px;margin-top:16px;margin-left:0px;margin-right:0px\" align=\"center\">Esittelyss\u00e4 RC-lentokone, joka on suunniteltu aikuisten ja lasten v\u00e4liseen interaktiiviseen hauskanpitoon. Se on superhelppo lent\u00e4\u00e4 \u2013 lapset osaavat lent\u00e4\u00e4 sit\u00e4 itsevarmasti vain muutaman tunnin harjoittelun j\u00e4lkeen. Realistinen muotoilu lis\u00e4\u00e4 lentoseikkailuihin oman hauskuutensa.<\/div>\n<\/div>\n<div>\n<div style=\"margin:8px 0px;margin-bottom:8px;margin-top:8px;margin-left:0px;margin-right:0px\"><img decoding=\"async\" style=\"width:100%\" width=\"100%\" src=\"https:\/\/d2qc09rl1gfuof.cloudfront.net\/product\/YKFJFJSTD40CYM1PO\/rc-airplane-a100-2.2-pt.jpg\" slate-data-type=\"image\"\/><\/div>\n<div style=\"font-size:14px;text-align:center;color:rgb(34, 34, 34);margin:16px 0px 24px;margin-bottom:24px;margin-top:16px;margin-left:0px;margin-right:0px\" align=\"center\">T\u00e4m\u00e4 RC-lentokone tarjoaa useita temppuominaisuuksia nelikanavaisen asetelmansa ja 3D\/6G-tilojensa ansiosta. Nauti rullauksista, yl\u00f6salaisinlennoista ja muusta yksinkertaisilla yhden kosketuksen s\u00e4\u00e4timill\u00e4, joiden avulla sin\u00e4 ja lapsesi voitte oppia lent\u00e4m\u00e4\u00e4n helposti.<\/div>\n<\/div>\n<div>\n<div style=\"margin:8px 0px;margin-bottom:8px;margin-top:8px;margin-left:0px;margin-right:0px\"><img decoding=\"async\" style=\"width:100%\" width=\"100%\" src=\"https:\/\/d2qc09rl1gfuof.cloudfront.net\/product\/YKFJFJSTD40CYM1PO\/rc-airplane-a100-2.3-pt.jpg\" slate-data-type=\"image\"\/><\/div>\n<div style=\"font-size:14px;text-align:center;color:rgb(34, 34, 34);margin:16px 0px 24px;margin-bottom:24px;margin-top:16px;margin-left:0px;margin-right:0px\" align=\"center\">Kuusiakselisella gyroskoopilla varustettu kauko-ohjattava lentokone varmistaa vakaan lennon temppujen aikana. Se h\u00e4lytt\u00e4\u00e4 akun heikkenemisest\u00e4 ja kantaman ulkopuolella olevista olosuhteista varmistaen turvalliset ja hallitut lennot joka kerta.<\/div>\n<\/div>\n<div>\n<div style=\"margin:8px 0px;margin-bottom:8px;margin-top:8px;margin-left:0px;margin-right:0px\"><img decoding=\"async\" style=\"width:100%\" width=\"100%\" src=\"https:\/\/d2qc09rl1gfuof.cloudfront.net\/product\/YKFJFJSTD40CYM1PO\/rc-airplane-a100-2.4-pt.jpg\" slate-data-type=\"image\"\/><\/div>\n<div style=\"font-size:14px;text-align:center;color:rgb(34, 34, 34);margin:16px 0px 24px;margin-bottom:24px;margin-top:16px;margin-left:0px;margin-right:0px\" align=\"center\">Hallitse nousut helposti. Tartu vain kaukos\u00e4\u00e4timeen yhdell\u00e4 k\u00e4dell\u00e4, lis\u00e4\u00e4 kaasua ja l\u00e4het\u00e4 kaukos\u00e4\u00e4timell\u00e4 ohjattava kone suoraan eteenp\u00e4in. Tai aseta se tasaiselle pinnalle, lis\u00e4\u00e4 kaasua 10 metrin liitoa varten ja katso sen kohoavan.<\/div>\n<\/div>\n<div>\n<div style=\"margin:8px 0px;margin-bottom:8px;margin-top:8px;margin-left:0px;margin-right:0px\"><img decoding=\"async\" style=\"width:100%\" width=\"100%\" src=\"https:\/\/d2qc09rl1gfuof.cloudfront.net\/product\/YKFJFJSTD40CYM1PO\/rc-airplane-a100-2.5-pt.jpg\" slate-data-type=\"image\"\/><\/div>\n<div style=\"font-size:14px;text-align:center;color:rgb(34, 34, 34);margin:16px 0px 24px;margin-bottom:24px;margin-top:16px;margin-left:0px;margin-right:0px\" align=\"center\">T\u00e4m\u00e4 aloittelijan RC-lentokone sis\u00e4lt\u00e4\u00e4 vara-akut ja potkurit keskeytym\u00e4t\u00f6nt\u00e4 hauskanpitoa varten. Kadotitko osan? Ei h\u00e4t\u00e4\u00e4 \u2013 vaihda se heti ja vaihda se hetkess\u00e4.<\/div>\n<\/div>\n<div style=\"margin:16px 0px 24px;margin-bottom:24px;margin-top:16px;margin-left:0px;margin-right:0px\"><\/div>\n<div style=\"margin:24px 0px;margin-bottom:24px;margin-top:24px;margin-left:0px;margin-right:0px\">\n<div style=\"font-size:16px;font-weight:bold;color:rgb(34, 34, 34);margin:24px 0px 16px;margin-bottom:16px;margin-top:24px;margin-left:0px;margin-right:0px\">Ominaisuudet ja tiedot<\/div>\n<ul style=\"margin:16px 0px 24px;margin-bottom:24px;margin-top:16px;margin-left:0px;margin-right:0px\">\n<li style=\"font-size:14px;color:rgb(34, 34, 34)\">\n<p>Monipuolinen nelikanavainen k\u00e4ytt\u00f6: T\u00e4m\u00e4 RC-lentokone toimii kuin oikea lentokone, jossa on t\u00e4ydellinen nelikanavainen ohjaus: potkuri, sivuper\u00e4sin, korkeusper\u00e4sin ja siiveke. Ohjaa kaikkia nelj\u00e4\u00e4 vaivattomasti langattomalla kaukos\u00e4\u00e4timell\u00e4. T\u00e4ydellinen maassa teht\u00e4viin liikkeisiin kaasun ja sivuper\u00e4simen ohjauksella ennen lentoonl\u00e4ht\u00f6\u00e4. Nauti helpoista tempuista, kuten rullauksista, volteista, silmukoista ja yl\u00f6salaisinlennoista, 3D\/6G-tilojen avulla, jotka takaavat hauskan lentokokemuksen niin aloittelijoille kuin kokeneillekin.<\/p>\n<\/li>\n<li style=\"font-size:14px;color:rgb(34, 34, 34)\">\n<p>Kevyt ja kest\u00e4v\u00e4: Korkealaatuisesta EPP-materiaalista valmistettu RC-lentokoneemme on kevyt mutta silti tarpeeksi kest\u00e4v\u00e4 kest\u00e4m\u00e4\u00e4n t\u00f6yssyj\u00e4 ja t\u00f6rm\u00e4yksi\u00e4. Sen tukeva rakenne lis\u00e4\u00e4 kest\u00e4vyytt\u00e4 varmistaen, ett\u00e4 se kest\u00e4\u00e4 ulko-olosuhteet ilman jatkuvia korjauksia.<\/p>\n<\/li>\n<li style=\"font-size:14px;color:rgb(34, 34, 34)\">\n<p>Vakaa lentokokemus: Koe vakaus kauko-ohjattavan lentokoneemme edistyneell\u00e4 6-akselisella gyroskooppivakaimella ja tehokkaalla 1020-moottorilla, jossa on erinomainen tehonalennusvaihteisto. Ohjaa useita lentokoneita samanaikaisesti ilman signaalih\u00e4iri\u00f6it\u00e4 luotettavan 2,4 GHz:n langattoman ohjausj\u00e4rjestelm\u00e4n ansiosta. Ihanteellinen ilmastuntien esittelyyn yst\u00e4v\u00e4llisten kilpailujen aikana yst\u00e4vien ja perheen kanssa.<\/p>\n<\/li>\n<li style=\"font-size:14px;color:rgb(34, 34, 34)\">\n<p>Laajennettu lentoet\u00e4isyys: Kauko-ohjattava lentokone h\u00e4lytt\u00e4\u00e4, jos ylit\u00e4t t\u00e4m\u00e4n kantaman, ja ilmoittaa akun heikosta varauksesta turvallisen paluun mahdollistamiseksi. Kaksi 500 mAh:n akkua tarjoavat jopa 20 minuuttia lentoaikaa, mik\u00e4 takaa keskeytym\u00e4tt\u00f6m\u00e4n nautinnon ilman usein toistuvaa latausta tai viiv\u00e4styksi\u00e4.<\/p>\n<\/li>\n<li style=\"font-size:14px;color:rgb(34, 34, 34)\">\n<p>Helppoa lentohauskaa: Kauko-ohjattava lentokoneemme on suunniteltu lasten ja aikuisten v\u00e4liseen interaktiiviseen hauskanpitoon, ja sit\u00e4 on superhelppo lent\u00e4\u00e4. Sis\u00e4lt\u00e4\u00e4 sis\u00e4\u00e4nrakennetun 6-akselisen gyroskooppivakaimen vakaita lentoja varten. Lapset lent\u00e4v\u00e4t luottavaisin mielin vain muutaman harjoittelukerran j\u00e4lkeen. Se sopii t\u00e4ydellisesti aikuisille, lapsille, aloittelijoille ja kaikille, jotka rakastavat ilmailuhauskaa. Varaosat, kuten paristot ja potkurit, pit\u00e4v\u00e4t hauskaa keskeytyksett\u00e4.<\/p>\n<\/li>\n<\/ul>\n<\/div>\n<div>\n<div>\n<div style=\"margin:16px 0px 24px;margin-bottom:24px;margin-top:16px;margin-left:0px;margin-right:0px\"><img decoding=\"async\" style=\"width:100%\" width=\"100%\" src=\"https:\/\/d2qc09rl1gfuof.cloudfront.net\/product\/YKFJFJSTD40CYM1PO\/rc-airplane-a100-1.11-pt.jpg\" slate-data-type=\"image\"\/><\/div>\n<\/div>\n<\/div>\n<\/div>\n<div><\/div>\n<\/div>\n<\/div>\n<p><\/p>","protected":false},"excerpt":{"rendered":"<p>Hign-concerned Chemical:&nbsp;None Is Electric:&nbsp;No battery Anti-wind Ability:&nbsp;Yes Drone Weight:&nbsp;\/ Takeoff Weight:&nbsp;\/ Transit Time (Days):&nbsp;\/ Video Capture Resolution:&nbsp;other Operator Skill Level:&nbsp;Beginner Indoor\/Outdoor Use:&nbsp;Outdoor Camera Mount Type:&nbsp;other Barcode:&nbsp;No Model Number:&nbsp;A210 Controller Mode:&nbsp;MODE1<\/p>","protected":false},"featured_media":25462,"comment_status":"open","ping_status":"closed","template":"","meta":{"_acf_changed":false},"product_brand":[],"product_cat":[519],"product_tag":[],"class_list":{"0":"post-25461","1":"product","2":"type-product","3":"status-publish","4":"has-post-thumbnail","6":"product_cat-rc-cars","8":"first","9":"instock","10":"shipping-taxable","11":"purchasable","12":"product-type-variable"},"acf":[],"_links":{"self":[{"href":"https:\/\/www.electricstore.eu\/fi\/wp-json\/wp\/v2\/product\/25461","targetHints":{"allow":["GET"]}}],"collection":[{"href":"https:\/\/www.electricstore.eu\/fi\/wp-json\/wp\/v2\/product"}],"about":[{"href":"https:\/\/www.electricstore.eu\/fi\/wp-json\/wp\/v2\/types\/product"}],"replies":[{"embeddable":true,"href":"https:\/\/www.electricstore.eu\/fi\/wp-json\/wp\/v2\/comments?post=25461"}],"wp:featuredmedia":[{"embeddable":true,"href":"https:\/\/www.electricstore.eu\/fi\/wp-json\/wp\/v2\/media\/25462"}],"wp:attachment":[{"href":"https:\/\/www.electricstore.eu\/fi\/wp-json\/wp\/v2\/media?parent=25461"}],"wp:term":[{"taxonomy":"product_brand","embeddable":true,"href":"https:\/\/www.electricstore.eu\/fi\/wp-json\/wp\/v2\/product_brand?post=25461"},{"taxonomy":"product_cat","embeddable":true,"href":"https:\/\/www.electricstore.eu\/fi\/wp-json\/wp\/v2\/product_cat?post=25461"},{"taxonomy":"product_tag","embeddable":true,"href":"https:\/\/www.electricstore.eu\/fi\/wp-json\/wp\/v2\/product_tag?post=25461"}],"curies":[{"name":"wp","href":"https:\/\/api.w.org\/{rel}","templated":true}]}}