{"id":25434,"date":"2025-05-20T18:59:19","date_gmt":"2025-05-20T18:59:19","guid":{"rendered":"https:\/\/electricstore.eu\/p\/uncategorized\/vevor-2-4g-remote-control-excavator-dump-truck-3-in-1-rc-model-car-digger-toy-with-light-sound-construction-vehicle-for-kid\/"},"modified":"2025-05-20T19:02:13","modified_gmt":"2025-05-20T19:02:13","slug":"vevor-2-4g-remote-control-excavator-dump-truck-3-in-1-rc-model-car-digger-toy-with-light-sound-construction-vehicle-for-kid","status":"publish","type":"product","link":"https:\/\/www.electricstore.eu\/fi\/p\/rc\/rc-cars\/vevor-2-4g-remote-control-excavator-dump-truck-3-in-1-rc-model-car-digger-toy-with-light-sound-construction-vehicle-for-kid\/","title":{"rendered":"VEVOR 2.4G Kauko-ohjattava Kaivinkone Kippiauto 3 in 1 RC Malli Auto Kaivinkone Lelu Valoilla Ja \u00c4\u00e4nill\u00e4 Rakennusajoneuvo Lapselle"},"content":{"rendered":"<div class=\"product-specs-list-container\">\n<ul class=\"product-specs-list util-clearfix\">\n<li class=\"product-prop line-limit-length\"><span\n                                        class=\"property-title\">Huolenaiheinen kemikaali:&nbsp;<\/span><span\n                                        class=\"property-desc line-limit-length\">Ei mit\u00e4\u00e4n<\/span>\n                            <\/li>\n<li class=\"product-prop line-limit-length\"><span\n                                        class=\"property-title\">Onko s\u00e4hk\u00f6inen:&nbsp;<\/span><span\n                                        class=\"property-desc line-limit-length\">Ei akkua<\/span>\n                            <\/li>\n<li class=\"product-prop line-limit-length\"><span\n                                        class=\"property-title\">Viivakoodi:&nbsp;<\/span><span\n                                        class=\"property-desc line-limit-length\">Ei<\/span>\n                            <\/li>\n<li class=\"product-prop line-limit-length\"><span\n                                        class=\"property-title\">Kokouksen osavaltio:&nbsp;<\/span><span\n                                        class=\"property-desc line-limit-length\">Valmis l\u00e4ht\u00f6\u00f6n<\/span>\n                            <\/li>\n<li class=\"product-prop line-limit-length\"><span\n                                        class=\"property-title\">Lentoaika:&nbsp;<\/span><span\n                                        class=\"property-desc line-limit-length\">40 minuuttia<\/span>\n                            <\/li>\n<li class=\"product-prop line-limit-length\"><span\n                                        class=\"property-title\">Et\u00e4isyys:&nbsp;<\/span><span\n                                        class=\"property-desc line-limit-length\">Yli 25 m<\/span>\n                            <\/li>\n<li class=\"product-prop line-limit-length\"><span\n                                        class=\"property-title\">Skaala:&nbsp;<\/span><span\n                                        class=\"property-desc line-limit-length\">1:14<\/span>\n                            <\/li>\n<li class=\"product-prop line-limit-length\"><span\n                                        class=\"property-title\">Mitat:&nbsp;<\/span><span\n                                        class=\"property-desc line-limit-length\">23 x 6,7 x 8 tuumaa \/ 585 x 170 x 200 mm<\/span>\n                            <\/li>\n<li class=\"product-prop line-limit-length\"><span\n                                        class=\"property-title\">Mallinumero:&nbsp;<\/span><span\n                                        class=\"property-desc line-limit-length\">1535-1<\/span>\n                            <\/li>\n<li class=\"product-prop line-limit-length\"><span\n                                        class=\"property-title\">Paketti sis\u00e4lt\u00e4\u00e4:&nbsp;<\/span><span\n                                        class=\"property-desc line-limit-length\">Kaukos\u00e4\u00e4din<\/span>\n                            <\/li>\n<li class=\"product-prop line-limit-length\"><span\n                                        class=\"property-title\">Ohjauskanavat:&nbsp;<\/span><span\n                                        class=\"property-desc line-limit-length\">12 kanavaa ja enemm\u00e4n<\/span>\n                            <\/li>\n<li class=\"product-prop line-limit-length\"><span\n                                        class=\"property-title\">Latausj\u00e4nnite:&nbsp;<\/span><span\n                                        class=\"property-desc line-limit-length\">5V2A<\/span>\n                            <\/li>\n<li class=\"product-prop line-limit-length\"><span\n                                        class=\"property-title\">Kaukos\u00e4\u00e4din:&nbsp;<\/span><span\n                                        class=\"property-desc line-limit-length\">Kyll\u00e4<\/span>\n                            <\/li>\n<li class=\"product-prop line-limit-length\"><span\n                                        class=\"property-title\">Materiaali:&nbsp;<\/span><span\n                                        class=\"property-desc line-limit-length\">Muovi<\/span>\n                            <\/li>\n<li class=\"product-prop line-limit-length\"><span\n                                        class=\"property-title\">Suositeltu ik\u00e4:&nbsp;<\/span><span\n                                        class=\"property-desc line-limit-length\">6\u201312-vuotiaille<\/span>\n                            <\/li>\n<li class=\"product-prop line-limit-length\"><span\n                                        class=\"property-title\">Alkuper\u00e4:&nbsp;<\/span><span\n                                        class=\"property-desc line-limit-length\">Manner-Kiina<\/span>\n                            <\/li>\n<li class=\"product-prop line-limit-length\"><span\n                                        class=\"property-title\">Tyyppi:&nbsp;<\/span><span\n                                        class=\"property-desc line-limit-length\">Auto<\/span>\n                            <\/li>\n<li class=\"product-prop line-limit-length\"><span\n                                        class=\"property-title\">Ominaisuudet:&nbsp;<\/span><span\n                                        class=\"property-desc line-limit-length\">KAUKOS\u00c4\u00c4DIN<\/span>\n                            <\/li>\n<\/ul><\/div>\n<div class=\"detailmodule_html\">\n<div class=\"detail-desc-decorate-richtext\">\n<div style=\"font-family:&quot;Open sans&quot;, Arial, Helvetica, sans-serif\">\n<div><img decoding=\"async\" style=\"width:100%\" width=\"100%\" src=\"https:\/\/d2qc09rl1gfuof.cloudfront.net\/vevor\/boutique-banner\/pc\/banner-en.jpg\" slate-data-type=\"image\"\/><\/div>\n<div>\n<div style=\"font-size:16px;font-weight:bold;text-align:center;color:rgb(34, 34, 34);margin:24px 0px;margin-bottom:24px;margin-top:24px;margin-left:0px;margin-right:0px\" align=\"center\">Realistinen kauko-ohjattava kaivinkone<\/div>\n<div><img decoding=\"async\" style=\"width:100%\" width=\"100%\" src=\"https:\/\/d2qc09rl1gfuof.cloudfront.net\/product\/PTKWJJ3HYGN1OF8VS\/remote-control-excavator-a100-1.4-pt.jpg\" slate-data-type=\"image\"\/><\/div>\n<div style=\"font-size:14px;text-align:center;color:rgb(34, 34, 34);margin:16px 0px 24px;margin-bottom:24px;margin-top:16px;margin-left:0px;margin-right:0px\" align=\"center\">1:14-mittakaavan kauko-ohjattavassa kaivinkoneessa on alumiininen kauha ja hakku, jotka tarjoavat eritt\u00e4in realistisen, metallisen tuntuman mukaansatempaavaan rakennuskokemukseen.<\/div>\n<\/div>\n<div>\n<div style=\"margin:8px 0px;margin-bottom:8px;margin-top:8px;margin-left:0px;margin-right:0px\"><img decoding=\"async\" style=\"width:100%\" width=\"100%\" src=\"https:\/\/d2qc09rl1gfuof.cloudfront.net\/product\/PTKWJJ3HYGN1OF8VS\/remote-control-excavator-a100-2.2-pt.jpg\" slate-data-type=\"image\"\/><\/div>\n<div style=\"font-size:14px;text-align:center;color:rgb(34, 34, 34);margin:16px 0px 24px;margin-bottom:24px;margin-top:16px;margin-left:0px;margin-right:0px\" align=\"center\">RC-kaivinkoneessamme on kauha, hakku ja koura, joilla kaikilla on omat erilliset ohjaimet. Se simuloi liikkeit\u00e4, kuten kaivamista, liikuttamista ja ty\u00f6nt\u00e4mist\u00e4, tarjoten aidon kaivinkonekokemuksen samalla, kun se innostaa lapsia ja edist\u00e4\u00e4 heid\u00e4n luovuuttaan.<\/div>\n<\/div>\n<div>\n<div style=\"margin:8px 0px;margin-bottom:8px;margin-top:8px;margin-left:0px;margin-right:0px\"><img decoding=\"async\" style=\"width:100%\" width=\"100%\" src=\"https:\/\/d2qc09rl1gfuof.cloudfront.net\/product\/PTKWJJ3HYGN1OF8VS\/remote-control-excavator-a100-2.3-pt.jpg\" slate-data-type=\"image\"\/><\/div>\n<div style=\"font-size:14px;text-align:center;color:rgb(34, 34, 34);margin:16px 0px 24px;margin-bottom:24px;margin-top:16px;margin-left:0px;margin-right:0px\" align=\"center\">Kauko-ohjattavassa kaivinkoneessa on 2,4 GHz:n l\u00e4hetin, joka tarjoaa sujuvan navigoinnin jopa 25 metrin p\u00e4\u00e4h\u00e4n h\u00e4iri\u00f6tt\u00f6m\u00e4sti, jotta useat pelaajat voivat nauttia keskeytyksist\u00e4.<\/div>\n<\/div>\n<div>\n<div style=\"margin:8px 0px;margin-bottom:8px;margin-top:8px;margin-left:0px;margin-right:0px\"><img decoding=\"async\" style=\"width:100%\" width=\"100%\" src=\"https:\/\/d2qc09rl1gfuof.cloudfront.net\/product\/PTKWJJ3HYGN1OF8VS\/remote-control-excavator-a100-2.4-pt.jpg\" slate-data-type=\"image\"\/><\/div>\n<div style=\"font-size:14px;text-align:center;color:rgb(34, 34, 34);margin:16px 0px 24px;margin-bottom:24px;margin-top:16px;margin-left:0px;margin-right:0px\" align=\"center\">Paksu kumitelarakenne takaa kest\u00e4vyyden ja kulumiskest\u00e4vyyden. Lasten RC-kaivinkone selviytyy ep\u00e4tasaisesta maastosta, kuten ruohosta, hiekasta ja sorasta, kannustaen ulkoleikkeihin ja tutkimusmatkailuun.<\/div>\n<\/div>\n<div>\n<div style=\"margin:8px 0px;margin-bottom:8px;margin-top:8px;margin-left:0px;margin-right:0px\"><img decoding=\"async\" style=\"width:100%\" width=\"100%\" src=\"https:\/\/d2qc09rl1gfuof.cloudfront.net\/product\/PTKWJJ3HYGN1OF8VS\/remote-control-excavator-a100-2.5-pt.jpg\" slate-data-type=\"image\"\/><\/div>\n<div style=\"font-size:14px;text-align:center;color:rgb(34, 34, 34);margin:16px 0px 24px;margin-bottom:24px;margin-top:16px;margin-left:0px;margin-right:0px\" align=\"center\">Kaksi 500 mAh:n akkua tarjoavat 80 minuuttia peliaikaa, ja ne on helppo vaihtaa pidemp\u00e4\u00e4 ulkoilua varten. T\u00e4m\u00e4 antaa kauko-ohjattavalle kaivinkonelelulle mahdollisuuden tehd\u00e4 enemm\u00e4n ja nauttia siit\u00e4 entist\u00e4 enemm\u00e4n. Akut ovat turvallisia, kest\u00e4vi\u00e4 ja ladattavia pitk\u00e4aikaista k\u00e4ytt\u00f6\u00e4 varten.<\/div>\n<\/div>\n<div style=\"margin:16px 0px 24px;margin-bottom:24px;margin-top:16px;margin-left:0px;margin-right:0px\"><\/div>\n<div style=\"margin:24px 0px;margin-bottom:24px;margin-top:24px;margin-left:0px;margin-right:0px\">\n<div style=\"font-size:16px;font-weight:bold;color:rgb(34, 34, 34);margin:24px 0px 16px;margin-bottom:16px;margin-top:24px;margin-left:0px;margin-right:0px\">Ominaisuudet ja tiedot<\/div>\n<ul style=\"margin:16px 0px 24px;margin-bottom:24px;margin-top:16px;margin-left:0px;margin-right:0px\">\n<li style=\"font-size:14px;color:rgb(34, 34, 34)\">\n<p>Realistinen muotoilu: Kauko-ohjattava kaivinkone on suunniteltu oikean kaivinkoneen pohjalta, ja sen mittakaava on 1:14. Siin\u00e4 on metallinen kauha, metallinen hakku ja kynsi \u2013 uskomattoman realistinen ulkon\u00e4k\u00f6 ja t\u00e4ysmetallin tuntu.<\/p>\n<\/li>\n<li style=\"font-size:14px;color:rgb(34, 34, 34)\">\n<p>Uppouttava kokemus: Kauko-ohjattavassa kaivinkoneen varressa on kolme itsen\u00e4ist\u00e4 moottoria, jotka mahdollistavat suuren ja pienen varren sek\u00e4 kauhan tarkan hallinnan hiekan, soran ja muun kaivamiseksi, tarjoten el\u00e4myksellisen kaivukokemuksen.<\/p>\n<\/li>\n<li style=\"font-size:14px;color:rgb(34, 34, 34)\">\n<p>Kaukos\u00e4\u00e4din: Varustettuna 2,4 GHz:n h\u00e4iri\u00f6nkest\u00e4v\u00e4ll\u00e4 korkeataajuisella kaukos\u00e4\u00e4timell\u00e4, kauko-ohjattava kaivinkonelelu voi toimia jopa 82 jalan et\u00e4isyydelt\u00e4, ja useat pelaajat voivat nauttia siit\u00e4 ilman h\u00e4iri\u00f6it\u00e4.<\/p>\n<\/li>\n<li style=\"font-size:14px;color:rgb(34, 34, 34)\">\n<p>Kumitelat: RC-kaivinkone on kest\u00e4v\u00e4 ja kulutusta kest\u00e4v\u00e4. Sen telat tarjoavat erinomaisen pidon ja voivat ajaa erilaisissa ep\u00e4tasaisissa maastoissa, kuten matoilla, rannoilla, ruoholla ja lumella, mik\u00e4 kannustaa lapsia tutkimaan ulkoilua ja luomaan yhteyden luontoon.<\/p>\n<\/li>\n<li style=\"font-size:14px;color:rgb(34, 34, 34)\">\n<p>Pitk\u00e4 akunkesto: Lasten RC-kaivinkoneessamme on kaksi 500 mAh:n ladattavaa akkua, jotka tarjoavat jopa 80 minuuttia peliaikaa. Nopean akunvaihdon ansiosta lapset voivat jatkaa hauskanpitoa ulkona.<\/p>\n<\/li>\n<\/ul>\n<\/div>\n<div>\n<div>\n<div style=\"margin:16px 0px 24px;margin-bottom:24px;margin-top:16px;margin-left:0px;margin-right:0px\"><img decoding=\"async\" style=\"width:100%\" width=\"100%\" src=\"https:\/\/d2qc09rl1gfuof.cloudfront.net\/product\/PTKWJJ3HYGN1OF8VS\/remote-control-excavator-a100-1.11-pt.jpg\" slate-data-type=\"image\"\/><\/div>\n<\/div>\n<\/div>\n<\/div>\n<\/div>\n<\/div>\n<p><\/p>","protected":false},"excerpt":{"rendered":"<p>Hign-concerned Chemical:&nbsp;None Is Electric:&nbsp;No battery Barcode:&nbsp;No State of Assembly:&nbsp;Ready-to-Go Flight Time:&nbsp;40min Remote Distance:&nbsp;Greater than 25m Scale:&nbsp;1:14 Dimensions:&nbsp;23 x 6.7 x 8 in \/ 585 x 170 x 200 mm Model<\/p>","protected":false},"featured_media":25435,"comment_status":"open","ping_status":"closed","template":"","meta":{"_acf_changed":false},"product_brand":[],"product_cat":[519],"product_tag":[],"class_list":{"0":"post-25434","1":"product","2":"type-product","3":"status-publish","4":"has-post-thumbnail","6":"product_cat-rc-cars","8":"first","9":"instock","10":"shipping-taxable","11":"purchasable","12":"product-type-variable"},"acf":[],"_links":{"self":[{"href":"https:\/\/www.electricstore.eu\/fi\/wp-json\/wp\/v2\/product\/25434","targetHints":{"allow":["GET"]}}],"collection":[{"href":"https:\/\/www.electricstore.eu\/fi\/wp-json\/wp\/v2\/product"}],"about":[{"href":"https:\/\/www.electricstore.eu\/fi\/wp-json\/wp\/v2\/types\/product"}],"replies":[{"embeddable":true,"href":"https:\/\/www.electricstore.eu\/fi\/wp-json\/wp\/v2\/comments?post=25434"}],"wp:featuredmedia":[{"embeddable":true,"href":"https:\/\/www.electricstore.eu\/fi\/wp-json\/wp\/v2\/media\/25435"}],"wp:attachment":[{"href":"https:\/\/www.electricstore.eu\/fi\/wp-json\/wp\/v2\/media?parent=25434"}],"wp:term":[{"taxonomy":"product_brand","embeddable":true,"href":"https:\/\/www.electricstore.eu\/fi\/wp-json\/wp\/v2\/product_brand?post=25434"},{"taxonomy":"product_cat","embeddable":true,"href":"https:\/\/www.electricstore.eu\/fi\/wp-json\/wp\/v2\/product_cat?post=25434"},{"taxonomy":"product_tag","embeddable":true,"href":"https:\/\/www.electricstore.eu\/fi\/wp-json\/wp\/v2\/product_tag?post=25434"}],"curies":[{"name":"wp","href":"https:\/\/api.w.org\/{rel}","templated":true}]}}