{"id":25319,"date":"2025-05-20T18:58:37","date_gmt":"2025-05-20T18:58:37","guid":{"rendered":"https:\/\/electricstore.eu\/p\/uncategorized\/vevor-1700lbs-2200lbs-wired-electric-hoist-crane-with-trolley-portable-lifter-overhead-winch-effort-elevator-for-garage-lifting\/"},"modified":"2025-05-20T18:59:43","modified_gmt":"2025-05-20T18:59:43","slug":"vevor-1700lbs-2200lbs-wired-electric-hoist-crane-with-trolley-portable-lifter-overhead-winch-effort-elevator-for-garage-lifting","status":"publish","type":"product","link":"https:\/\/www.electricstore.eu\/fi\/p\/o\/electric-lifting-hoists\/vevor-1700lbs-2200lbs-wired-electric-hoist-crane-with-trolley-portable-lifter-overhead-winch-effort-elevator-for-garage-lifting\/","title":{"rendered":"VEVOR 1700LBS\/2200LBS Johdollinen s\u00e4hk\u00f6inen nostinnosturi, jossa on kannettava nostin, yl\u00e4vinssi ja hissi autotallin nostamiseen"},"content":{"rendered":"<div class=\"product-specs-list-container\">\n<ul class=\"product-specs-list util-clearfix\">\n<li class=\"product-prop line-limit-length\"><span\n                                        class=\"property-title\">Huolenaiheinen kemikaali:&nbsp;<\/span><span\n                                        class=\"property-desc line-limit-length\">Ei mit\u00e4\u00e4n<\/span>\n                            <\/li>\n<li class=\"product-prop line-limit-length\"><span\n                                        class=\"property-title\">Alkuper\u00e4:&nbsp;<\/span><span\n                                        class=\"property-desc line-limit-length\">Manner-Kiina<\/span>\n                            <\/li>\n<li class=\"product-prop line-limit-length\"><span\n                                        class=\"property-title\">Tuotemerkki:&nbsp;<\/span><span\n                                        class=\"property-desc line-limit-length\">VEVOR<\/span>\n                            <\/li>\n<li class=\"product-prop line-limit-length\"><span\n                                        class=\"property-title\">Yhden\/kaksinkertaisen kaapelin kapasiteetti:&nbsp;<\/span><span\n                                        class=\"property-desc line-limit-length\">1700 paunaa \/ 220 paunaa<\/span>\n                            <\/li>\n<li class=\"product-prop line-limit-length\"><span\n                                        class=\"property-title\">1700 paunan teho:&nbsp;<\/span><span\n                                        class=\"property-desc line-limit-length\">1300 W<\/span>\n                            <\/li>\n<li class=\"product-prop line-limit-length\"><span\n                                        class=\"property-title\">2200 paunan teho:&nbsp;<\/span><span\n                                        class=\"property-desc line-limit-length\">1800 W<\/span>\n                            <\/li>\n<li class=\"product-prop line-limit-length\"><span\n                                        class=\"property-title\">Materiaali:&nbsp;<\/span><span\n                                        class=\"property-desc line-limit-length\">Ter\u00e4s, valurauta ja alumiini<\/span>\n                            <\/li>\n<\/ul><\/div>\n<div class=\"detailmodule_html\">\n<div class=\"detail-desc-decorate-richtext\"><\/p>\n<div class=\"detailmodule_html\">\n<div class=\"detail-desc-decorate-richtext\">\n<div style=\"padding:20px;padding-bottom:20px;padding-top:20px;padding-left:20px;padding-right:20px\">\n<div style=\"text-align:center;width:100%\" align=\"center\"><img decoding=\"async\" src=\"https:\/\/vevor-bmp-prm.s3.ap-east-1.amazonaws.com\/default\/vevor-1.png\" slate-data-type=\"image\"\/><\/div>\n<div style=\"font-size:16px;font-weight:bold;line-height:36px\">Tuotekuvaus<\/div>\n<div style=\"width:100%\"><img decoding=\"async\" src=\"https:\/\/d2qc09rl1gfuof.cloudfront.net\/product\/DDHL800KGXCZH0001\/lift-electric-hoist-a100-1.4.jpg\" slate-data-type=\"image\"\/><\/div>\n<div style=\"margin-top:15px;display:flex\">\n<div style=\"width:33%\"><img decoding=\"async\" style=\"width:100%\" width=\"100%\" src=\"https:\/\/d2qc09rl1gfuof.cloudfront.net\/product\/DDHL800KGXCZH0001\/lift-electric-hoist-x1.jpg\" slate-data-type=\"image\"\/><\/div>\n<div style=\"padding:0px 15px;padding-bottom:0px;padding-top:0px;padding-left:15px;padding-right:15px;width:33%\">\n<div style=\"font-size:16px;font-weight:bold;line-height:36px\">1700 paunan s\u00e4hk\u00f6inen nostin vaunulla<\/div>\n<div style=\"font-size:14px\"><\/div>\n<div style=\"font-size:14px\">1300 W:n kuparimoottori ja py\u00f6rim\u00e4t\u00f6n ter\u00e4slanka ja korkea turvallisuustaso<\/div>\n<p>T\u00e4m\u00e4 monitoiminen s\u00e4hk\u00f6nostin on suunniteltu raskaiden sovellusten nostamiseen ja siirt\u00e4miseen. Ter\u00e4srakenne ja puhdas kuparimoottori tekev\u00e4t siit\u00e4 kest\u00e4v\u00e4n ja tehokkaan. Kiskon leveytt\u00e4 voidaan s\u00e4\u00e4t\u00e4\u00e4 aluslevyll\u00e4 ja laadukkailla muttereilla. Se on ihanteellinen materiaalink\u00e4sittelyty\u00f6kalu tehtaisiin, kaivoksiin, laitureille, varastoihin, tavaroiden nostamiseen, rakennusty\u00f6maille ja muihin paikkoihin, joissa nostetaan ja siirret\u00e4\u00e4n raskaita sovelluksia.<\/p>\n<ul style=\"font-size:14px;background-color:rgb(243, 243, 243);border:1px solid rgb(204, 204, 204);margin-top:8px;padding:10px 40px;padding-bottom:10px;padding-top:10px;padding-left:40px;padding-right:40px\">\n<li>\n<p>Yst\u00e4v\u00e4llinen viesti<\/p>\n<\/li>\n<li>\n<p>S\u00e4hk\u00f6nostin ja -vaunu voivat olla eri pakkauksissa ja toimitetaan erikseen.<\/p>\n<\/li>\n<li>\n<p>\u00c4l\u00e4 huoli, saat KAIKKI paketit tilauksen tekemisen j\u00e4lkeisin\u00e4 p\u00e4ivin\u00e4.<\/p>\n<\/li>\n<li>\n<p>Premium-k\u00e4rry<\/p>\n<\/li>\n<li>\n<p>1700 paunan kuormakapasiteetti<\/p>\n<\/li>\n<li>\n<p>1300 W:n tehokas moottori<\/p>\n<\/li>\n<li>\n<p>1,2 metrin ohjausjohto<\/p>\n<\/li>\n<li>\n<p>Turvallinen rakenne<\/p>\n<\/li>\n<\/ul>\n<\/div>\n<div style=\"border-left:1px solid rgb(204, 204, 204);padding:0px 15px;padding-bottom:0px;padding-top:0px;padding-left:15px;padding-right:15px;width:33%\">\n<div> <\/div>\n<div style=\"padding:0px 15px;padding-bottom:0px;padding-top:0px;padding-left:15px;padding-right:15px\">\n<div><img decoding=\"async\" style=\"width:100%\" width=\"100%\" src=\"https:\/\/www.jinlantrade.com\/ebay\/VEVOR\/vevor-2.png\" slate-data-type=\"image\"\/><\/div>\n<div style=\"font-size:14px;font-weight:bold;line-height:24px\">Kest\u00e4v\u00e4t laitteet ja ty\u00f6kalut, maksa v\u00e4hemm\u00e4n<\/div>\n<div style=\"font-size:12px;margin:8px 0px;margin-bottom:8px;margin-top:8px;margin-left:0px;margin-right:0px\">VEVOR on johtava tuotemerkki, joka on erikoistunut laitteisiin ja ty\u00f6kaluihin. Tuhansien motivoituneiden ty\u00f6ntekij\u00f6idens\u00e4 ohella VEVOR on omistautunut tarjoamaan asiakkailleen kest\u00e4vi\u00e4 laitteita ja ty\u00f6kaluja uskomattoman edulliseen hintaan. Nyky\u00e4\u00e4n VEVORin tuotteita myyd\u00e4\u00e4n yli 200 maassa ja alueella, ja sill\u00e4 on yli 10 miljoonaa j\u00e4sent\u00e4 maailmanlaajuisesti.<\/div>\n<div style=\"font-size:14px;font-weight:bold;line-height:24px\">Miksi valita VEVOR?<\/div>\n<ul style=\"font-size:14px;background-color:rgb(243, 243, 243);border:1px solid rgb(204, 204, 204);margin-top:8px;padding:10px 40px;padding-bottom:10px;padding-top:10px;padding-left:40px;padding-right:40px\">\n<li>\n<p>Ensiluokkaista kest\u00e4v\u00e4\u00e4 laatua<\/p>\n<\/li>\n<li>\n<p>Uskomattoman alhaiset hinnat<\/p>\n<\/li>\n<li>\n<p>Nopea ja turvallinen toimitus<\/p>\n<\/li>\n<li>\n<p>30 p\u00e4iv\u00e4n ilmainen palautus<\/p>\n<\/li>\n<li>\n<p>24\/7 huomaavainen palvelu<\/p>\n<\/li>\n<\/ul>\n<\/div>\n<\/div>\n<\/div>\n<div style=\"margin-top:30px\">\n<div style=\"font-size:16px;font-weight:bold;line-height:36px\">T\u00e4rkeimm\u00e4t ominaisuudet<\/div>\n<div style=\"padding:30px;padding-bottom:30px;padding-top:30px;padding-left:30px;padding-right:30px\">\n<div>\n<div style=\"margin-top:15px;padding:0px 15px;padding-bottom:0px;padding-top:0px;padding-left:15px;padding-right:15px;display:inline-block;width:33%;box-sizing:border-box\">\n<div><img decoding=\"async\" style=\"width:100%\" width=\"100%\" src=\"https:\/\/d2qc09rl1gfuof.cloudfront.net\/product\/DDHL800KGXCZH0001\/lift-electric-hoist-m100-2.jpg\" slate-data-type=\"image\"\/> <\/div>\n<div style=\"font-size:16px;font-weight:bold;line-height:36px\">Tehokas vaunu<\/div>\n<div style=\"font-size:14px\">S\u00e4hk\u00f6isess\u00e4 nostovaunussa on useita aluslevyj\u00e4 kiskon leveyden s\u00e4\u00e4t\u00e4miseksi. Karkaistut nelj\u00e4 py\u00f6r\u00e4\u00e4 ovat vahvat ja kest\u00e4v\u00e4t, ja tiivistetyt laakerit takaavat pitk\u00e4n k\u00e4ytt\u00f6i\u00e4n ja v\u00e4h\u00e4isen huollon tarpeen. Sopiva leveys on 80\u2013110 mm (3\u20134,3 tuumaa), ty\u00f6nopeus on 13 m\/min (42,7 jalkaa\/min).<\/div>\n<\/div>\n<div style=\"margin-top:15px;padding:0px 15px;padding-bottom:0px;padding-top:0px;padding-left:15px;padding-right:15px;display:inline-block;width:33%;box-sizing:border-box\">\n<div><img decoding=\"async\" style=\"width:100%\" width=\"100%\" src=\"https:\/\/d2qc09rl1gfuof.cloudfront.net\/product\/DDHL800KGXCZH0001\/lift-electric-hoist-m100-3.jpg\" slate-data-type=\"image\"\/> <\/div>\n<div style=\"font-size:16px;font-weight:bold;line-height:36px\">Puhdas kuparimoottori<\/div>\n<div style=\"font-size:14px\">1300 W:n kuparimoottorit on peitetty kest\u00e4vill\u00e4 ja korroosionkest\u00e4v\u00e4ll\u00e4 alumiiniseoskotelolla, joten se on eritt\u00e4in tehokas ja meluisa. Lis\u00e4ksi s\u00e4hk\u00f6vinssi voi toimia jatkuvasti pitk\u00e4\u00e4n s\u00e4teilem\u00e4ll\u00e4 nopeasti.<\/div>\n<\/div>\n<div style=\"margin-top:15px;padding:0px 15px;padding-bottom:0px;padding-top:0px;padding-left:15px;padding-right:15px;display:inline-block;width:33%;box-sizing:border-box\">\n<div><img decoding=\"async\" style=\"width:100%\" width=\"100%\" src=\"https:\/\/d2qc09rl1gfuof.cloudfront.net\/product\/DDHL800KGXCZH0001\/lift-electric-hoist-m100-4.jpg\" slate-data-type=\"image\"\/> <\/div>\n<div style=\"font-size:16px;font-weight:bold;line-height:36px\">Suuri kantavuus<\/div>\n<div style=\"font-size:14px\">S\u00e4hk\u00f6k\u00e4ytt\u00f6inen nostolaitteemme t\u00e4ytt\u00e4\u00e4 erilaiset lujuus- ja kovuusvaatimuksesi. Kantavuus ja nostonopeudet ovat 800 kg ja 400 kg. Korkea laatu t\u00e4ytt\u00e4\u00e4 erilaiset tarpeesi.<\/div>\n<\/div>\n<div style=\"margin-top:15px;padding:0px 15px;padding-bottom:0px;padding-top:0px;padding-left:15px;padding-right:15px;display:inline-block;width:33%;box-sizing:border-box\">\n<div><img decoding=\"async\" style=\"width:100%\" width=\"100%\" src=\"https:\/\/d2qc09rl1gfuof.cloudfront.net\/product\/DDHL800KGXCZH0001\/lift-electric-hoist-m100-5.jpg\" slate-data-type=\"image\"\/> <\/div>\n<div style=\"font-size:16px;font-weight:bold;line-height:36px\">Kaukos\u00e4\u00e4din<\/div>\n<div style=\"font-size:14px\">Langallisessa kaukos\u00e4\u00e4timess\u00e4 on yl\u00f6s\/alas-painike ja vasen\/oikea-painike nostimen ohjaamiseen pitk\u00e4n matkan p\u00e4\u00e4st\u00e4. Lis\u00e4ksi siihen on lis\u00e4tty h\u00e4t\u00e4pys\u00e4ytyspainike turvallisuuden parantamiseksi k\u00e4yt\u00f6n aikana.<\/div>\n<\/div>\n<div style=\"margin-top:15px;padding:0px 15px;padding-bottom:0px;padding-top:0px;padding-left:15px;padding-right:15px;display:inline-block;width:33%;box-sizing:border-box\">\n<div><img decoding=\"async\" style=\"width:100%\" width=\"100%\" src=\"https:\/\/d2qc09rl1gfuof.cloudfront.net\/product\/DDHL800KGXCZH0001\/lift-electric-hoist-m100-6.jpg\" slate-data-type=\"image\"\/> <\/div>\n<div style=\"font-size:16px;font-weight:bold;line-height:36px\">Turvallisuussuunnittelu<\/div>\n<div style=\"font-size:14px\">Rajakytkin on asennettu pys\u00e4ytt\u00e4m\u00e4\u00e4n moottori automaattisesti est\u00e4en ketjujen ylityksen turvallisuuden takaamiseksi. Mn-ter\u00e4ksest\u00e4 valmistettu koukku salvalla ja galvanoidulla ter\u00e4slangalla tarjoaa kaksinkertaisen suojatun toiminnan.<\/div>\n<\/div>\n<div style=\"margin-top:15px;padding:0px 15px;padding-bottom:0px;padding-top:0px;padding-left:15px;padding-right:15px;display:inline-block;width:33%;box-sizing:border-box\">\n<div><img decoding=\"async\" style=\"width:100%\" width=\"100%\" src=\"https:\/\/d2qc09rl1gfuof.cloudfront.net\/product\/DDHL800KGXCZH0001\/lift-electric-hoist-m100-7.jpg\" slate-data-type=\"image\"\/> <\/div>\n<div style=\"font-size:16px;font-weight:bold;line-height:36px\">Laaja k\u00e4ytt\u00f6<\/div>\n<div style=\"font-size:14px\">T\u00e4m\u00e4 s\u00e4hk\u00f6k\u00e4ytt\u00f6inen nostin on erinomainen valinta s\u00e4\u00e4nn\u00f6llisen tai ep\u00e4s\u00e4\u00e4nn\u00f6llisen muotoisten esineiden, kuten kivien, puiden, ruohonleikkureiden, moottoreiden jne. nostamiseen. T\u00e4m\u00e4n vuoksi sit\u00e4 k\u00e4ytet\u00e4\u00e4n laajalti autonvalmistajilla, rakennusty\u00f6mailla, logistiikassa, varastoissa jne.<\/div>\n<\/div>\n<\/div>\n<\/div>\n<\/div>\n<div style=\"margin-top:15px;display:flex\">\n<div style=\"width:33%\"><img decoding=\"async\" style=\"width:100%\" width=\"100%\" src=\"https:\/\/d2qc09rl1gfuof.cloudfront.net\/product\/DDHL800KGXCZH0001\/lift-electric-hoist-a100-2.jpg\" slate-data-type=\"image\"\/><\/div>\n<div style=\"padding:0px 15px;padding-bottom:0px;padding-top:0px;padding-left:15px;padding-right:15px;width:33%\">\n<div style=\"font-size:16px;font-weight:bold;line-height:36px\">Tekniset tiedot<\/div>\n<ul style=\"font-size:14px;border:1px solid rgb(204, 204, 204);margin-top:8px;padding:10px 40px;padding-bottom:10px;padding-top:10px;padding-left:40px;padding-right:40px\">\n<li>\n<p>S\u00e4hk\u00f6inen nostin<\/p>\n<\/li>\n<li>\n<p>Malli: PA800<\/p>\n<\/li>\n<li>\n<p>Materiaali: Valurauta ja alumiini<\/p>\n<\/li>\n<li>\n<p>J\u00e4nnite: 220V\/50Hz<\/p>\n<\/li>\n<li>\n<p>Teho: 1300 W<\/p>\n<\/li>\n<li>\n<p>Kaukos\u00e4\u00e4timen johto: 1,4 m<\/p>\n<\/li>\n<li>\n<p>Siiman halkaisija: 0,2 tuumaa \/ 5,1 mm<\/p>\n<\/li>\n<li>\n<p>Kaapelin pituus: 12 m, 6 m<\/p>\n<\/li>\n<li>\n<p>Kaapelin nopeus: 40 jalkaa\/min (12 m\/min), 20 jalkaa\/min (6 m\/min)<\/p>\n<\/li>\n<li>\n<p>Nimellisnostokyky: Kaksik\u00f6ydell\u00e4 1700 paunaa \/ 800 kg, Yksik\u00f6ll\u00e4 880 paunaa \/ 400 kg<\/p>\n<\/li>\n<li>\n<p>Tuotteen koko: 15,8 x 6 x 13,8 tuumaa \/ 40 x 15 x 35 cm<\/p>\n<\/li>\n<li>\n<p>Nettopaino: 34 kg<\/p>\n<\/li>\n<li>\n<p>Vaunu<\/p>\n<\/li>\n<li>\n<p>Nimelliskuorma: 2200 paunaa \/ 1 t<\/p>\n<\/li>\n<li>\n<p>Ty\u00f6nopeus: 42,7 jalkaa\/min (13 m\/min)<\/p>\n<\/li>\n<li>\n<p>Vakiok\u00e4ytt\u00f6korkeus: 3 m \/ 10 jalkaa<\/p>\n<\/li>\n<li>\n<p>Sopiva leveys: 80\u2013110 mm (3\u20134,3 tuumaa)<\/p>\n<\/li>\n<\/ul>\n<\/div>\n<div style=\"border-left:1px solid rgb(204, 204, 204);padding:0px 15px;padding-bottom:0px;padding-top:0px;padding-left:15px;padding-right:15px;width:33%\">\n<div style=\"width:100%\"><img decoding=\"async\" style=\"width:100%\" width=\"100%\" src=\"https:\/\/d2qc09rl1gfuof.cloudfront.net\/product\/DDHL800KGXCZH0001\/lift-electric-hoist-a100-3.jpg\" slate-data-type=\"image\"\/><\/div>\n<div style=\"font-size:14px;font-weight:bold;line-height:24px\">Pakkauksen sis\u00e4lt\u00f6<\/div>\n<ul style=\"font-size:14px;background-color:rgb(243, 243, 243);border:1px solid rgb(204, 204, 204);margin-top:8px;padding:10px 40px;padding-bottom:10px;padding-top:10px;padding-left:40px;padding-right:40px\">\n<li>\n<p>1 x s\u00e4hk\u00f6inen nostin<\/p>\n<\/li>\n<li>\n<p>1 x K\u00e4rry<\/p>\n<\/li>\n<\/ul>\n<\/div>\n<\/div>\n<div> <\/div>\n<div>\n<div style=\"font-size:16px;font-weight:bold;line-height:36px\">Ominaisuudet ja tiedot<\/div>\n<ul style=\"font-size:14px;padding-left:40px\">\n<li>\n<p>Premium-k\u00e4rry: Mukana s\u00e4hk\u00f6k\u00e4ytt\u00f6inen nostin ja k\u00e4rry. T\u00e4m\u00e4 all-in-one-tuote sopii erinomaisesti pienten moottoreiden, vaihteistojen, laajojen ty\u00f6kalujen tai rakennustarvikkeiden nostamiseen. Nelipy\u00f6r\u00e4inen k\u00e4rry on valmistettu Q235-ter\u00e4ksest\u00e4, joka on korroosionkest\u00e4v\u00e4\u00e4 ja tukevampaa. S\u00e4\u00e4dett\u00e4v\u00e4 raideleveys vastaa erilaisiin tarpeisiisi vaivattomasti. Sopiva leveys on 80\u2013110 mm (3\u20134,3 tuumaa).<\/p>\n<\/li>\n<li>\n<p>1700 paunan (n. 713 kg) kuormakapasiteetti: Nostovaunun kapasiteetti riitt\u00e4\u00e4 erilaisten esineiden nostamiseen. Yhden k\u00f6yden kapasiteetti: 880 paunaa\/400 kg, 40 jalkaa\/min (12 m\/min). Kahden k\u00f6yden kapasiteetti: 1700 paunaa\/800 kg, 20 jalkaa\/min (6 m\/min). Rajakytkin ja mangaaniter\u00e4ksinen koukku on suunniteltu est\u00e4m\u00e4\u00e4n \u00e4killinen putoaminen. Kaksoisk\u00f6ysi 1700 paunaa\/800 kg, yksik\u00f6inen k\u00f6ysi 880 paunaa\/400 kg.<\/p>\n<\/li>\n<li>\n<p>1300 W:n tehokas moottori: Korkealaatuinen kuparimoottori tarjoaa 1800 W:n tehon ja kest\u00e4\u00e4 suuria voimia ilman muodonmuutoksia ja vaurioita. Lis\u00e4ksi suuri j\u00e4\u00e4hdytystuuletin j\u00e4\u00e4hdytt\u00e4\u00e4 koneen nopeasti ylikuumenemissuojan avulla. N\u00e4in ollen t\u00e4m\u00e4 tehokas moottori varmistaa tehokkaan toiminnan alhaisella melutasolla.<\/p>\n<\/li>\n<li>\n<p>4,6 jalan ohjausjohto: S\u00e4hk\u00f6k\u00e4ytt\u00f6inen kauko-ohjattava nostimemme toimii kahvakytkimell\u00e4. Vaijerin pituus: 4,6 jalkaa \/ 1,4 m. Ohjaa nostolaitetta nosto- ja laskupainikkeilla pitk\u00e4n et\u00e4isyyden p\u00e4\u00e4st\u00e4. Lis\u00e4ksi t\u00e4ss\u00e4 kytkimess\u00e4 on ylim\u00e4\u00e4r\u00e4inen h\u00e4t\u00e4pys\u00e4ytyspainike turvallisuuden takaamiseksi.<\/p>\n<\/li>\n<li>\n<p>Turvallinen rakenne: T\u00e4m\u00e4 s\u00e4hk\u00f6k\u00e4ytt\u00f6inen vinssi on valmistettu alumiiniseoskuoresta ja galvanoidusta ter\u00e4slangasta, jotka est\u00e4v\u00e4t eroosiota, ruostetta ja sadetta. Ter\u00e4svaijerin pituus: 30 m; Halkaisija: 5,1 mm. T\u00e4m\u00e4n j\u00e4rkev\u00e4n rakenteen ansiosta voit k\u00e4ytt\u00e4\u00e4 konetta pitk\u00e4\u00e4n.<\/p>\n<\/li>\n<\/ul>\n<\/div>\n<\/div>\n<\/div>\n<\/div>\n<p><\/p>\n<\/div>\n<\/div>\n<p><\/p>","protected":false},"excerpt":{"rendered":"<p>Hign-concerned Chemical:&nbsp;None Origin:&nbsp;Mainland China Brand Name:&nbsp;VEVOR Capacity of Single\/Double Cable:&nbsp;1700 lbs\/220 LBS 1700 LBS Power:&nbsp;1300W 2200 LBS Power:&nbsp;1800W Material:&nbsp;Steel,Cast Iron &amp; Aluminum Product Description 1700lbs Electric Hoist With Trolley 1300W<\/p>","protected":false},"featured_media":25321,"comment_status":"open","ping_status":"closed","template":"","meta":{"_acf_changed":false},"product_brand":[],"product_cat":[517],"product_tag":[],"class_list":{"0":"post-25319","1":"product","2":"type-product","3":"status-publish","4":"has-post-thumbnail","6":"product_cat-electric-lifting-hoists","8":"first","9":"instock","10":"shipping-taxable","11":"purchasable","12":"product-type-variable"},"acf":[],"_links":{"self":[{"href":"https:\/\/www.electricstore.eu\/fi\/wp-json\/wp\/v2\/product\/25319","targetHints":{"allow":["GET"]}}],"collection":[{"href":"https:\/\/www.electricstore.eu\/fi\/wp-json\/wp\/v2\/product"}],"about":[{"href":"https:\/\/www.electricstore.eu\/fi\/wp-json\/wp\/v2\/types\/product"}],"replies":[{"embeddable":true,"href":"https:\/\/www.electricstore.eu\/fi\/wp-json\/wp\/v2\/comments?post=25319"}],"wp:featuredmedia":[{"embeddable":true,"href":"https:\/\/www.electricstore.eu\/fi\/wp-json\/wp\/v2\/media\/25321"}],"wp:attachment":[{"href":"https:\/\/www.electricstore.eu\/fi\/wp-json\/wp\/v2\/media?parent=25319"}],"wp:term":[{"taxonomy":"product_brand","embeddable":true,"href":"https:\/\/www.electricstore.eu\/fi\/wp-json\/wp\/v2\/product_brand?post=25319"},{"taxonomy":"product_cat","embeddable":true,"href":"https:\/\/www.electricstore.eu\/fi\/wp-json\/wp\/v2\/product_cat?post=25319"},{"taxonomy":"product_tag","embeddable":true,"href":"https:\/\/www.electricstore.eu\/fi\/wp-json\/wp\/v2\/product_tag?post=25319"}],"curies":[{"name":"wp","href":"https:\/\/api.w.org\/{rel}","templated":true}]}}