{"id":25293,"date":"2025-05-20T18:58:30","date_gmt":"2025-05-20T18:58:30","guid":{"rendered":"https:\/\/electricstore.eu\/p\/uncategorized\/vevor-1100lbs-1500w-electric-hoist-winch-3-in-1-portable-power-winch-crane-with-wireless-remote-control-for-overload-protection\/"},"modified":"2025-05-20T18:59:22","modified_gmt":"2025-05-20T18:59:22","slug":"vevor-1100lbs-1500w-electric-hoist-winch-3-in-1-portable-power-winch-crane-with-wireless-remote-control-for-overload-protection","status":"publish","type":"product","link":"https:\/\/www.electricstore.eu\/fi\/p\/o\/electric-lifting-hoists\/vevor-1100lbs-1500w-electric-hoist-winch-3-in-1-portable-power-winch-crane-with-wireless-remote-control-for-overload-protection\/","title":{"rendered":"VEVOR 1100lbs 1500W s\u00e4hk\u00f6inen nostovinssi 3-in-1 kannettava s\u00e4hk\u00f6vinssi nosturi langattomalla kaukos\u00e4\u00e4timell\u00e4 ylikuormitussuojaa varten"},"content":{"rendered":"<div class=\"product-specs-list-container\">\n<ul class=\"product-specs-list util-clearfix\">\n<li class=\"product-prop line-limit-length\"><span\n                                        class=\"property-title\">Huolenaiheinen kemikaali:&nbsp;<\/span><span\n                                        class=\"property-desc line-limit-length\">Ei mit\u00e4\u00e4n<\/span>\n                            <\/li>\n<li class=\"product-prop line-limit-length\"><span\n                                        class=\"property-title\">Alkuper\u00e4:&nbsp;<\/span><span\n                                        class=\"property-desc line-limit-length\">Manner-Kiina<\/span>\n                            <\/li>\n<li class=\"product-prop line-limit-length\"><span\n                                        class=\"property-title\">Tuotemerkki:&nbsp;<\/span><span\n                                        class=\"property-desc line-limit-length\">VEVOR<\/span>\n                            <\/li>\n<\/ul><\/div>\n<p><\/p>\n<div class=\"detailmodule_html\">\n<div class=\"detail-desc-decorate-richtext\">\n<div style=\"font-family:&quot;Open sans&quot;, Arial, Helvetica, sans-serif\">\n<div style=\"font-family:&quot;Open sans&quot;, Arial, Helvetica, sans-serif\"><img decoding=\"async\" style=\"width:100%\" width=\"100%\" src=\"https:\/\/d2qc09rl1gfuof.cloudfront.net\/vevor\/boutique-banner\/pc\/banner-en.jpg\" slate-data-type=\"image\"\/><\/div>\n<div style=\"font-family:&quot;Open sans&quot;, Arial, Helvetica, sans-serif\">\n<div style=\"font-size:16px;font-weight:bold;text-align:center;color:rgb(34, 34, 34);margin:24px 0px;margin-bottom:24px;margin-top:24px;margin-left:0px;margin-right:0px\" align=\"center\">VEVOR kannettava s\u00e4hk\u00f6inen nostovinssi<\/div>\n<div><img decoding=\"async\" style=\"width:100%\" width=\"100%\" src=\"https:\/\/d2qc09rl1gfuof.cloudfront.net\/product\/BXSDDHL1100BE27PC\/electric-hoist-a100-1.4.jpg\" slate-data-type=\"image\"\/><\/div>\n<div style=\"font-size:14px;text-align:center;color:rgb(34, 34, 34);margin:16px 0px 24px;margin-bottom:24px;margin-top:16px;margin-left:0px;margin-right:0px\" align=\"center\">S\u00e4hk\u00f6k\u00e4ytt\u00f6inen vinssimme on suunniteltu k\u00e4tevyytt\u00e4 silm\u00e4ll\u00e4 pit\u00e4en. Ota se kiinni, kytke virta ja olet valmis nostamaan! Olitpa sitten sis\u00e4ll\u00e4 tai ulkona, se k\u00e4sittelee jopa 550 kg:n kuormia helposti.<\/div>\n<\/div>\n<div style=\"font-family:&quot;Open sans&quot;, Arial, Helvetica, sans-serif\">\n<div>\u00a0<\/div>\n<div style=\"margin:8px 0px;margin-bottom:8px;margin-top:8px;margin-left:0px;margin-right:0px\"><img decoding=\"async\" style=\"width:100%\" width=\"100%\" src=\"https:\/\/d2qc09rl1gfuof.cloudfront.net\/product\/BXSDDHL1100BE27PC\/electric-hoist-a100-2.2.jpg\" slate-data-type=\"image\"\/><\/div>\n<div style=\"font-size:14px;text-align:center;color:rgb(34, 34, 34);margin:16px 0px 24px;margin-bottom:24px;margin-top:16px;margin-left:0px;margin-right:0px\" align=\"center\">Valitse kannettavan s\u00e4hk\u00f6vinssimme kolmesta ohjausvaihtoehdosta. Valitse manuaaliohjaus nopeisiin l\u00e4hialueen teht\u00e4viin, vaihda 19 jalan langalliseen kaukos\u00e4\u00e4timeen keskipitk\u00e4n kantaman t\u00f6ihin tai hy\u00f6dynn\u00e4 200 jalan langattoman ohjaimen vapaus.<\/div>\n<\/div>\n<div style=\"font-family:&quot;Open sans&quot;, Arial, Helvetica, sans-serif\">\n<div>\u00a0<\/div>\n<div style=\"margin:8px 0px;margin-bottom:8px;margin-top:8px;margin-left:0px;margin-right:0px\"><img decoding=\"async\" style=\"width:100%\" width=\"100%\" src=\"https:\/\/d2qc09rl1gfuof.cloudfront.net\/product\/BXSDDHL1100BE27PC\/electric-hoist-a100-2.3.jpg\" slate-data-type=\"image\"\/><\/div>\n<div style=\"font-size:14px;text-align:center;color:rgb(34, 34, 34);margin:16px 0px 24px;margin-bottom:24px;margin-top:16px;margin-left:0px;margin-right:0px\" align=\"center\">P\u00e4ivit\u00e4 tehokkuuteen s\u00e4hk\u00f6vinssinosturimme ensiluokkaisella kuparimoottorilla ja alumiinivaihteistolla. Kyse ei ole pelk\u00e4st\u00e4\u00e4n tehosta \u2013 kyse on 1500 W:n tasaisesta, viile\u00e4st\u00e4 lihasvoimasta, joka sopii t\u00e4ydellisesti pitkiin nostosessioihin.<\/div>\n<\/div>\n<div style=\"font-family:&quot;Open sans&quot;, Arial, Helvetica, sans-serif\">\n<div>\u00a0<\/div>\n<div style=\"margin:8px 0px;margin-bottom:8px;margin-top:8px;margin-left:0px;margin-right:0px\"><img decoding=\"async\" style=\"width:100%\" width=\"100%\" src=\"https:\/\/d2qc09rl1gfuof.cloudfront.net\/product\/BXSDDHL1100BE27PC\/electric-hoist-a100-2.4.jpg\" slate-data-type=\"image\"\/><\/div>\n<div style=\"font-size:14px;text-align:center;color:rgb(34, 34, 34);margin:16px 0px 24px;margin-bottom:24px;margin-top:16px;margin-left:0px;margin-right:0px\" align=\"center\">S\u00e4hk\u00f6k\u00e4ytt\u00f6isen nostok\u00f6ysimme on tehnyt kaikkensa. Ei mit\u00e4\u00e4n tavallisia kierteit\u00e4 \u2013 paksu, galvanoitu ter\u00e4svaijeri on suunniteltu vakautta ja turvallisuutta ajatellen, varmistaen kuormasi nousevan ongelmitta.<\/div>\n<\/div>\n<div style=\"font-family:&quot;Open sans&quot;, Arial, Helvetica, sans-serif\">\n<div>\u00a0<\/div>\n<div style=\"margin:8px 0px;margin-bottom:8px;margin-top:8px;margin-left:0px;margin-right:0px\"><img decoding=\"async\" style=\"width:100%\" width=\"100%\" src=\"https:\/\/d2qc09rl1gfuof.cloudfront.net\/product\/BXSDDHL1100BE27PC\/electric-hoist-a100-2.5.jpg\" slate-data-type=\"image\"\/><\/div>\n<div style=\"font-size:14px;text-align:center;color:rgb(34, 34, 34);margin:16px 0px 24px;margin-bottom:24px;margin-top:16px;margin-left:0px;margin-right:0px\" align=\"center\">Sis\u00e4ll\u00e4, ulkona, korkealla tai vaakasuoraan \u2013 kannettava vinssimme on valintasi mink\u00e4 tahansa vaivattomaan siirt\u00e4miseen miss\u00e4 tahansa. J\u00e4\u00e4 hyv\u00e4stit raskaalle ty\u00f6lle ja tervetuloa vaivattomaan nostamiseen.<\/div>\n<\/div>\n<div style=\"margin:16px 0px 24px;margin-bottom:24px;margin-top:16px;margin-left:0px;margin-right:0px\"><\/div>\n<div style=\"margin:24px 0px;margin-bottom:24px;margin-top:24px;margin-left:0px;margin-right:0px\">\n<div style=\"font-size:16px;font-weight:bold;color:rgb(34, 34, 34);margin:24px 0px 16px;margin-bottom:16px;margin-top:24px;margin-left:0px;margin-right:0px\">Ominaisuudet ja tiedot<\/div>\n<ul style=\"margin:16px 0px 24px;margin-bottom:24px;margin-top:16px;margin-left:0px;margin-right:0px\">\n<li style=\"font-size:14px;color:rgb(34, 34, 34)\">\n<p>3-in-1-ohjausmenetelm\u00e4t: Tutustu monipuoliseen s\u00e4hk\u00f6k\u00e4ytt\u00f6iseen nostimeemme, jossa on 3 ohjaustilaa. P\u00e4\u00e4set k\u00e4siksi manuaaliseen ohjaukseen nopeita, lyhyen kantaman vetoja varten. 5,8 metrin langallinen kaukos\u00e4\u00e4din on luotettava apurisi l\u00e4hell\u00e4 olevien raskaiden kuormien nostamiseen. Tai nosta pidemm\u00e4lle 61 metrin langattomalla kaukos\u00e4\u00e4timell\u00e4mme \u2013 t\u00e4ydellinen korkealla lent\u00e4viin teht\u00e4viin. HUOMAUTUS: \u00c4l\u00e4 k\u00e4yt\u00e4 nostinta tyhj\u00e4n\u00e4 ensimm\u00e4isell\u00e4 k\u00e4ytt\u00f6kerralla!<\/p>\n<\/li>\n<li style=\"font-size:14px;color:rgb(34, 34, 34)\">\n<p>200 jalan langaton kaukos\u00e4\u00e4din: S\u00e4hk\u00f6k\u00e4ytt\u00f6isen nostovinssimme langaton kaukos\u00e4\u00e4din ulottuu vaikuttavaan 200 jalan p\u00e4\u00e4h\u00e4n. Kahden mukana tulevan ohjaimen (ja kolmen lis\u00e4ohjaimen mahdollisuuden) ansiosta tiiminosto ei ole koskaan ollut helpompaa. Olipa kyseess\u00e4 moottoreiden nostaminen tai tavaroiden nostaminen varastoissa, meilt\u00e4 l\u00f6yd\u00e4t ratkaisun korkealla ja kaukana teht\u00e4viin.<\/p>\n<\/li>\n<li style=\"font-size:14px;color:rgb(34, 34, 34)\">\n<p>1500 W:n teho: Hanki teho kannettavan s\u00e4hk\u00f6vinssimme 1500 W:n moottorilla \u2013 tasapaino voiman ja nopeuden v\u00e4lill\u00e4. T\u00e4m\u00e4 nostin pystyy nostamaan jopa 4,3 m\/min nopeudella ja saavuttamaan jopa 6,3 m:n korkeuden, joten se on tehokas. Lis\u00e4ksi viile\u00e4ss\u00e4 vaihteistossamme pys\u00e4hdyt\u00e4\u00e4n pitk\u00e4\u00e4n ja kest\u00e4v\u00e4\u00e4n nostoon.<\/p>\n<\/li>\n<li style=\"font-size:14px;color:rgb(34, 34, 34)\">\n<p>Ilmailu- ja avaruusk\u00e4ytt\u00f6\u00f6n soveltuva materiaali: Vahvuus kohtaa hienostuneisuuden voimavinssinosturin ilmailu- ja avaruusk\u00e4ytt\u00f6\u00f6n tarkoitetussa galvanoidussa ter\u00e4svaijerissa. J\u00e4\u00e4hyv\u00e4iset kiertymille ja sotkeutumisille ja tervetuloa kest\u00e4vyydelle, joka kest\u00e4\u00e4 jopa 1520 MPa:n vetolujuuden. Kyse on nostamisesta luottavaisin mielin ja mielenrauhalla.<\/p>\n<\/li>\n<li style=\"font-size:14px;color:rgb(34, 34, 34)\">\n<p>Eritt\u00e4in luja nostokoukku: Kannettavan vinssimme eritt\u00e4in luja nostokoukku on mullistava. Se pystyy nostamaan jopa 550 kg, joten se on todella kest\u00e4v\u00e4. 360\u00b0 k\u00e4\u00e4ntyvyyden ja tukevan turvasalvan ansiosta kuormasi pysyv\u00e4t turvassa ja helposti ohjattavissa. Joten anna menn\u00e4, nosta lehm\u00e4 (tai mik\u00e4 tahansa muu) helposti!<\/p>\n<\/li>\n<\/ul>\n<\/div>\n<div>\n<div>\u00a0<\/div>\n<div>\n<div>\u00a0<\/div>\n<div style=\"margin:16px 0px 24px;margin-bottom:24px;margin-top:16px;margin-left:0px;margin-right:0px\"><strong>500-A Manuaalinen\/Langallinen\/Langaton<\/strong><\/div>\n<div style=\"margin:16px 0px 24px;margin-bottom:24px;margin-top:16px;margin-left:0px;margin-right:0px\"><img decoding=\"async\" style=\"width:100%\" width=\"100%\" src=\"https:\/\/d2qc09rl1gfuof.cloudfront.net\/product\/BXSDDHL1100BE27PC\/electric-hoist-a100-1.11.jpg\" slate-data-type=\"image\"\/><\/div>\n<\/div>\n<\/div>\n<div style=\"font-family:&quot;Open sans&quot;, Arial, Helvetica, sans-serif\">\n<div>\u00a0<\/div>\n<div>\n<div style=\"margin:16px 0px 24px;margin-bottom:24px;margin-top:16px;margin-left:0px;margin-right:0px\"><span style=\"font-family:&quot;Microsoft YaHei&quot;\"><span style=\"font-family:&quot;Open sans&quot;, Arial, Helvetica, sans-serif\"><strong>500-B <\/strong><\/span><\/span><span style=\"font-family:&quot;Microsoft YaHei&quot;\"><strong>Manuaalinen\/Langaton<\/strong><\/span><\/div>\n<div style=\"margin:16px 0px 24px;margin-bottom:24px;margin-top:16px;margin-left:0px;margin-right:0px\"><img decoding=\"async\" style=\"width:100%\" width=\"100%\" src=\"https:\/\/d2qc09rl1gfuof.cloudfront.net\/product\/BXSDDHL1100BF7XB2\/electric-hoist-a100-1.11.jpg\" slate-data-type=\"image\"\/><\/div>\n<\/div>\n<\/div>\n<div style=\"font-family:&quot;Open sans&quot;, Arial, Helvetica, sans-serif\">\n<div>\u00a0<\/div>\n<div>\n<div style=\"margin:16px 0px 24px;margin-bottom:24px;margin-top:16px;margin-left:0px;margin-right:0px\"><span style=\"font-family:&quot;Microsoft YaHei&quot;\"><span style=\"font-family:&quot;Open sans&quot;, Arial, Helvetica, sans-serif\"><strong>500-C <\/strong><\/span><\/span><span style=\"font-family:&quot;Microsoft YaHei&quot;\"><strong>Manuaalinen\/Langallinen<\/strong><\/span><\/div>\n<div style=\"margin:16px 0px 24px;margin-bottom:24px;margin-top:16px;margin-left:0px;margin-right:0px\"><img decoding=\"async\" style=\"width:100%\" width=\"100%\" src=\"https:\/\/d2qc09rl1gfuof.cloudfront.net\/product\/BXSDDHL1100BSJQDB\/electric-hoist-a100-1.11.jpg\" slate-data-type=\"image\"\/><\/div>\n<\/div>\n<\/div>\n<\/div>\n<p><\/div>\n<\/div>\n<p><\/p>","protected":false},"excerpt":{"rendered":"<p>Hign-concerned Chemical:&nbsp;None Origin:&nbsp;Mainland China Brand Name:&nbsp;VEVOR VEVOR Portable Electric Hoist Winch Our electric hoist winch is all about convenience. Grab it, plug it, and you&#x27;re set to lift! Whether you&#x27;re<\/p>","protected":false},"featured_media":25294,"comment_status":"open","ping_status":"closed","template":"","meta":{"_acf_changed":false},"product_brand":[],"product_cat":[517],"product_tag":[],"class_list":{"0":"post-25293","1":"product","2":"type-product","3":"status-publish","4":"has-post-thumbnail","6":"product_cat-electric-lifting-hoists","8":"first","9":"instock","10":"shipping-taxable","11":"purchasable","12":"product-type-variable"},"acf":[],"_links":{"self":[{"href":"https:\/\/www.electricstore.eu\/fi\/wp-json\/wp\/v2\/product\/25293","targetHints":{"allow":["GET"]}}],"collection":[{"href":"https:\/\/www.electricstore.eu\/fi\/wp-json\/wp\/v2\/product"}],"about":[{"href":"https:\/\/www.electricstore.eu\/fi\/wp-json\/wp\/v2\/types\/product"}],"replies":[{"embeddable":true,"href":"https:\/\/www.electricstore.eu\/fi\/wp-json\/wp\/v2\/comments?post=25293"}],"wp:featuredmedia":[{"embeddable":true,"href":"https:\/\/www.electricstore.eu\/fi\/wp-json\/wp\/v2\/media\/25294"}],"wp:attachment":[{"href":"https:\/\/www.electricstore.eu\/fi\/wp-json\/wp\/v2\/media?parent=25293"}],"wp:term":[{"taxonomy":"product_brand","embeddable":true,"href":"https:\/\/www.electricstore.eu\/fi\/wp-json\/wp\/v2\/product_brand?post=25293"},{"taxonomy":"product_cat","embeddable":true,"href":"https:\/\/www.electricstore.eu\/fi\/wp-json\/wp\/v2\/product_cat?post=25293"},{"taxonomy":"product_tag","embeddable":true,"href":"https:\/\/www.electricstore.eu\/fi\/wp-json\/wp\/v2\/product_tag?post=25293"}],"curies":[{"name":"wp","href":"https:\/\/api.w.org\/{rel}","templated":true}]}}