{"id":25263,"date":"2025-05-20T18:58:17","date_gmt":"2025-05-20T18:58:17","guid":{"rendered":"https:\/\/electricstore.eu\/p\/uncategorized\/vevor-118-rc-dump-truck-car-engineering-vehicle-forklift-heavy-excavator-remote-control-car-toys-for-boys-childrens-gifts\/"},"modified":"2025-05-20T18:58:59","modified_gmt":"2025-05-20T18:58:59","slug":"vevor-118-rc-dump-truck-car-engineering-vehicle-forklift-heavy-excavator-remote-control-car-toys-for-boys-childrens-gifts","status":"publish","type":"product","link":"https:\/\/www.electricstore.eu\/fi\/p\/rc\/rc-cars\/vevor-118-rc-dump-truck-car-engineering-vehicle-forklift-heavy-excavator-remote-control-car-toys-for-boys-childrens-gifts\/","title":{"rendered":"VEVOR 1:18 RC-kippiauton tekniikka-ajoneuvo trukki raskas kaivinkone kauko-ohjattavat autolelut pojille lasten lahjat"},"content":{"rendered":"<div class=\"product-specs-list-container\">\n<ul class=\"product-specs-list util-clearfix\">\n<li class=\"product-prop line-limit-length\"><span\n                                        class=\"property-title\">Huolenaiheinen kemikaali:&nbsp;<\/span><span\n                                        class=\"property-desc line-limit-length\">Ei mit\u00e4\u00e4n<\/span>\n                            <\/li>\n<li class=\"product-prop line-limit-length\"><span\n                                        class=\"property-title\">Onko s\u00e4hk\u00f6inen:&nbsp;<\/span><span\n                                        class=\"property-desc line-limit-length\">Ei akkua<\/span>\n                            <\/li>\n<li class=\"product-prop line-limit-length\"><span\n                                        class=\"property-title\">Viivakoodi:&nbsp;<\/span><span\n                                        class=\"property-desc line-limit-length\">Ei<\/span>\n                            <\/li>\n<li class=\"product-prop line-limit-length\"><span\n                                        class=\"property-title\">Lentoaika:&nbsp;<\/span><span\n                                        class=\"property-desc line-limit-length\">40 minuuttia<\/span>\n                            <\/li>\n<li class=\"product-prop line-limit-length\"><span\n                                        class=\"property-title\">Et\u00e4isyys:&nbsp;<\/span><span\n                                        class=\"property-desc line-limit-length\">100 jalkaa<\/span>\n                            <\/li>\n<li class=\"product-prop line-limit-length\"><span\n                                        class=\"property-title\">Skaala:&nbsp;<\/span><span\n                                        class=\"property-desc line-limit-length\">1:18<\/span>\n                            <\/li>\n<li class=\"product-prop line-limit-length\"><span\n                                        class=\"property-title\">Mitat:&nbsp;<\/span><span\n                                        class=\"property-desc line-limit-length\">11 x 6,1 x 6,9 tuumaa \/ 28 x 15,5 x 17,5 cm<\/span>\n                            <\/li>\n<li class=\"product-prop line-limit-length\"><span\n                                        class=\"property-title\">Mallinumero:&nbsp;<\/span><span\n                                        class=\"property-desc line-limit-length\">1533<\/span>\n                            <\/li>\n<li class=\"product-prop line-limit-length\"><span\n                                        class=\"property-title\">Paketti sis\u00e4lt\u00e4\u00e4:&nbsp;<\/span><span\n                                        class=\"property-desc line-limit-length\">Kaukos\u00e4\u00e4din<\/span>\n                            <\/li>\n<li class=\"product-prop line-limit-length\"><span\n                                        class=\"property-title\">Ohjauskanavat:&nbsp;<\/span><span\n                                        class=\"property-desc line-limit-length\">9 kanavaa<\/span>\n                            <\/li>\n<li class=\"product-prop line-limit-length\"><span\n                                        class=\"property-title\">Kaukos\u00e4\u00e4din:&nbsp;<\/span><span\n                                        class=\"property-desc line-limit-length\">Kyll\u00e4<\/span>\n                            <\/li>\n<li class=\"product-prop line-limit-length\"><span\n                                        class=\"property-title\">Materiaali:&nbsp;<\/span><span\n                                        class=\"property-desc line-limit-length\">Muovi<\/span>\n                            <\/li>\n<li class=\"product-prop line-limit-length\"><span\n                                        class=\"property-title\">Suositeltu ik\u00e4:&nbsp;<\/span><span\n                                        class=\"property-desc line-limit-length\">3\u20136 vuotta<\/span>\n                            <\/li>\n<li class=\"product-prop line-limit-length\"><span\n                                        class=\"property-title\">Alkuper\u00e4:&nbsp;<\/span><span\n                                        class=\"property-desc line-limit-length\">Manner-Kiina<\/span>\n                            <\/li>\n<li class=\"product-prop line-limit-length\"><span\n                                        class=\"property-title\">Tyyppi:&nbsp;<\/span><span\n                                        class=\"property-desc line-limit-length\">Auto<\/span>\n                            <\/li>\n<li class=\"product-prop line-limit-length\"><span\n                                        class=\"property-title\">Ominaisuudet:&nbsp;<\/span><span\n                                        class=\"property-desc line-limit-length\">KAUKOS\u00c4\u00c4DIN<\/span>\n                            <\/li>\n<li class=\"product-prop line-limit-length\"><span\n                                        class=\"property-title\">Merkki:&nbsp;<\/span><span\n                                        class=\"property-desc line-limit-length\">VEVOR<\/span>\n                            <\/li>\n<li class=\"product-prop line-limit-length\"><span\n                                        class=\"property-title\">Ik\u00e4:&nbsp;<\/span><span\n                                        class=\"property-desc line-limit-length\">8+<\/span>\n                            <\/li>\n<li class=\"product-prop line-limit-length\"><span\n                                        class=\"property-title\">Suurin nopeus:&nbsp;<\/span><span\n                                        class=\"property-desc line-limit-length\">105 jalkaa\/min (32 m\/min)<\/span>\n                            <\/li>\n<li class=\"product-prop line-limit-length\"><span\n                                        class=\"property-title\">Kanavat:&nbsp;<\/span><span\n                                        class=\"property-desc line-limit-length\">9<\/span>\n                            <\/li>\n<li class=\"product-prop line-limit-length\"><span\n                                        class=\"property-title\">Tyyppi:&nbsp;<\/span><span\n                                        class=\"property-desc line-limit-length\">RC-kippiauto<\/span>\n                            <\/li>\n<li class=\"product-prop line-limit-length\"><span\n                                        class=\"property-title\">Materiaali:&nbsp;<\/span><span\n                                        class=\"property-desc line-limit-length\">Metallinen kuorma-auton lava + metallinen ohjaamo + ABS-muovikuori<\/span>\n                            <\/li>\n<li class=\"product-prop line-limit-length\"><span\n                                        class=\"property-title\">Kantavuus:&nbsp;<\/span><span\n                                        class=\"property-desc line-limit-length\">6 paunaa \/ 2,72 kg<\/span>\n                            <\/li>\n<li class=\"product-prop line-limit-length\"><span\n                                        class=\"property-title\">Tuotteen paino:&nbsp;<\/span><span\n                                        class=\"property-desc line-limit-length\">2,29 paunaa \/ 1,04 kg<\/span>\n                            <\/li>\n<\/ul><\/div>\n<div class=\"detailmodule_html\">\n<div class=\"detail-desc-decorate-richtext\">\n<div style=\"font-family:&quot;Open sans&quot;, Arial, Helvetica, sans-serif\">\n<div><img decoding=\"async\" style=\"width:100%\" width=\"100%\" src=\"https:\/\/d2qc09rl1gfuof.cloudfront.net\/vevor\/boutique-banner\/pc\/banner-en.jpg\" slate-data-type=\"image\"\/><\/div>\n<div>\n<div style=\"font-size:16px;font-weight:bold;text-align:center;color:rgb(34, 34, 34);margin:24px 0px;margin-bottom:24px;margin-top:24px;margin-left:0px;margin-right:0px\" align=\"center\">Rakenna, aja, kuvittele: \u00c4\u00e4rimm\u00e4inen RC-kippiautoseikkailu!<\/div>\n<div><img decoding=\"async\" style=\"width:100%\" width=\"100%\" src=\"https:\/\/d2qc09rl1gfuof.cloudfront.net\/product\/CDXJSCZ9TDKCLK4N4\/rc-dump-truck-a100-1.4-pt.jpg\" slate-data-type=\"image\"\/><\/div>\n<div style=\"font-size:14px;text-align:center;color:rgb(34, 34, 34);margin:16px 0px 24px;margin-bottom:24px;margin-top:16px;margin-left:0px;margin-right:0px\" align=\"center\">Koe ajon j\u00e4nnitys t\u00e4ll\u00e4 RC-kippiautolla! Yhdell\u00e4 kosketuksella n\u00e4kyv\u00e4t ominaisuudet, kuten lava, akkulokero ja simuloitu hydraulinen tanko, tuntuvat aivan oikealta. \u00c4\u00e4nitehosteet ja liukumattomat kumipy\u00f6r\u00e4t lis\u00e4\u00e4v\u00e4t hauskuutta!<\/div>\n<\/div>\n<div>\n<div style=\"font-size:16px;font-weight:bold;text-align:center;color:rgb(34, 34, 34);margin:24px 0px;margin-bottom:24px;margin-top:24px;margin-left:0px;margin-right:0px\" align=\"center\"><\/div>\n<div style=\"margin:8px 0px;margin-bottom:8px;margin-top:8px;margin-left:0px;margin-right:0px\"><img decoding=\"async\" style=\"width:100%\" width=\"100%\" src=\"https:\/\/d2qc09rl1gfuof.cloudfront.net\/product\/CDXJSCZ9TDKCLK4N4\/rc-dump-truck-a100-2.2-pt.jpg\" slate-data-type=\"image\"\/><\/div>\n<div style=\"font-size:14px;text-align:center;color:rgb(34, 34, 34);margin:16px 0px 24px;margin-bottom:24px;margin-top:16px;margin-left:0px;margin-right:0px\" align=\"center\">Selviydy miss\u00e4 tahansa maastossa vaivattomasti! T\u00e4m\u00e4 kauko-ohjattava kippiauto selviytyy kuoppaisista poluista ja sileist\u00e4 teist\u00e4 vaivattomasti, mik\u00e4 tekee ajosta j\u00e4nnitt\u00e4v\u00e4n. Nauti erilaisista ajotiloista ja tutki erilaisia ymp\u00e4rist\u00f6j\u00e4.<\/div>\n<\/div>\n<div>\n<div style=\"font-size:16px;font-weight:bold;text-align:center;color:rgb(34, 34, 34);margin:24px 0px;margin-bottom:24px;margin-top:24px;margin-left:0px;margin-right:0px\" align=\"center\"><\/div>\n<div style=\"margin:8px 0px;margin-bottom:8px;margin-top:8px;margin-left:0px;margin-right:0px\"><img decoding=\"async\" style=\"width:100%\" width=\"100%\" src=\"https:\/\/d2qc09rl1gfuof.cloudfront.net\/product\/CDXJSCZ9TDKCLK4N4\/rc-dump-truck-a100-2.3-pt.jpg\" slate-data-type=\"image\"\/><\/div>\n<div style=\"font-size:14px;text-align:center;color:rgb(34, 34, 34);margin:16px 0px 24px;margin-bottom:24px;margin-top:16px;margin-left:0px;margin-right:0px\" align=\"center\">Lapset voivat sukeltaa rakennusty\u00f6maan simulaatioon t\u00e4ll\u00e4 korkealaatuisista materiaaleista valmistetulla RC-kippiautolelulla. \u00c4\u00e4ni- ja valotehosteet luovat aidontuntuisen kokemuksen, n\u00e4ytt\u00e4v\u00e4t, mit\u00e4 oikea kippiauto tekee, ja lis\u00e4\u00e4v\u00e4t interaktiivista hauskuutta.<\/div>\n<\/div>\n<div>\n<div style=\"font-size:16px;font-weight:bold;text-align:center;color:rgb(34, 34, 34);margin:24px 0px;margin-bottom:24px;margin-top:24px;margin-left:0px;margin-right:0px\" align=\"center\"><\/div>\n<div style=\"margin:8px 0px;margin-bottom:8px;margin-top:8px;margin-left:0px;margin-right:0px\"><img decoding=\"async\" style=\"width:100%\" width=\"100%\" src=\"https:\/\/d2qc09rl1gfuof.cloudfront.net\/product\/CDXJSCZ9TDKCLK4N4\/rc-dump-truck-a100-2.4-pt.jpg\" slate-data-type=\"image\"\/><\/div>\n<div style=\"font-size:14px;text-align:center;color:rgb(34, 34, 34);margin:16px 0px 24px;margin-bottom:24px;margin-top:16px;margin-left:0px;margin-right:0px\" align=\"center\">K\u00e4yt\u00e4 kauko-ohjattavaa kippiautoasi jopa 30 metrin p\u00e4\u00e4st\u00e4 ja her\u00e4t\u00e4 hiekkalaatikkomaisemasi eloon! Se latautuu nopeasti ja toimii pitk\u00e4\u00e4n, joten voit nauttia loputtomasta leikist\u00e4 huolehtimatta akusta.<\/div>\n<\/div>\n<div>\n<div style=\"font-size:16px;font-weight:bold;text-align:center;color:rgb(34, 34, 34);margin:24px 0px;margin-bottom:24px;margin-top:24px;margin-left:0px;margin-right:0px\" align=\"center\"><\/div>\n<div style=\"margin:8px 0px;margin-bottom:8px;margin-top:8px;margin-left:0px;margin-right:0px\"><img decoding=\"async\" style=\"width:100%\" width=\"100%\" src=\"https:\/\/d2qc09rl1gfuof.cloudfront.net\/product\/CDXJSCZ9TDKCLK4N4\/rc-dump-truck-a100-2.5-pt.jpg\" slate-data-type=\"image\"\/><\/div>\n<div style=\"font-size:14px;text-align:center;color:rgb(34, 34, 34);margin:16px 0px 24px;margin-bottom:24px;margin-top:16px;margin-left:0px;margin-right:0px\" align=\"center\">T\u00e4m\u00e4 kippiautolelu lis\u00e4\u00e4 luovuutta ja auttaa lapsia kehitt\u00e4m\u00e4\u00e4n k\u00e4yt\u00e4nn\u00f6n taitojaan ja tilanhahmotuskyky\u00e4\u00e4n. Olipa kyse sitten minikaupungin rakentamisesta tai unelmakodin luomisesta, lapset voivat antaa mielikuvituksensa lent\u00e4\u00e4 t\u00e4m\u00e4n hauskan lahjan avulla.<\/div>\n<\/div>\n<div style=\"margin:24px 0px;margin-bottom:24px;margin-top:24px;margin-left:0px;margin-right:0px\">\n<div style=\"font-size:16px;font-weight:bold;color:rgb(34, 34, 34);margin:24px 0px 16px;margin-bottom:16px;margin-top:24px;margin-left:0px;margin-right:0px\">Ominaisuudet ja tiedot<\/div>\n<ul style=\"margin:16px 0px 24px;margin-bottom:24px;margin-top:16px;margin-left:0px;margin-right:0px\">\n<li style=\"font-size:14px;color:rgb(34, 34, 34)\">\n<p>9-kanavainen hauskanpito: T\u00e4ss\u00e4 RC-kippiautossa on 9 ohjauskanavaa realistiseen leikkiin. Ominaisuudet, kuten alumiininen lava, akkulokero ja simuloitu hydraulinen tanko, saavat sen tuntumaan aivan oikealta. Lis\u00e4ksi simuloidut \u00e4\u00e4net ja liukumattomat kumipy\u00f6r\u00e4t tekev\u00e4t siit\u00e4 todella hauskaa!<\/p>\n<\/li>\n<li style=\"font-size:14px;color:rgb(34, 34, 34)\">\n<p>Rakennettu kest\u00e4m\u00e4\u00e4n: Kest\u00e4vist\u00e4 materiaaleista, kuten tukevasta alumiiniseoslavasta, akkutilasta ja simuloidusta hydraulisesta tangosta valmistettu kauko-ohjattava kippiauto k\u00e4sittelee helposti yli 2,7 kilon kuorman. Se on tarpeeksi kest\u00e4v\u00e4 pysy\u00e4kseen kaikkien lastesi keksimien seikkailujen vauhdissa.<\/p>\n<\/li>\n<li style=\"font-size:14px;color:rgb(34, 34, 34)\">\n<p>Tehokas neliveto: Radio-ohjattavan dumpperilelun vahvan nelivedon ansiosta se selviytyy ruohosta, teist\u00e4 ja hiekasta vaivattomasti. Tasaisilla pinnoilla se voi kiit\u00e4\u00e4 jopa 32 m\/min nopeudella, mik\u00e4 tekee jokaisesta ajosta j\u00e4nnitt\u00e4v\u00e4n.<\/p>\n<\/li>\n<li style=\"font-size:14px;color:rgb(34, 34, 34)\">\n<p>30 metrin kauko-ohjaimen kantama: Jopa 30 metrin kauko-ohjaimen kantaman ansiosta lapset voivat ohjata ja k\u00e4ytt\u00e4\u00e4 kauko-ohjattavaa kippiautoa et\u00e4\u00e4lt\u00e4, mik\u00e4 parantaa heid\u00e4n koordinaatiokyky\u00e4\u00e4n ja ajanhallintataitojaan. Nauti helposta kauko-ohjauksesta ja nopeasta latauksesta \u2013 vain 1\u20132 tunnissa saa jopa 40 minuuttia peliaikaa.<\/p>\n<\/li>\n<li style=\"font-size:14px;color:rgb(34, 34, 34)\">\n<p>Hauskaa koko perheelle: T\u00e4m\u00e4 kippiautolelu sopii t\u00e4ydellisesti yksin leikkimiseen tai perheen hauskanpitoon. Vanhemmat ja lapset voivat tehd\u00e4 yhteisty\u00f6t\u00e4 tutkiakseen, suunnitellakseen ja rakentaakseen yhdess\u00e4, mik\u00e4 tekee siit\u00e4 loistavan tavan luoda yhteyksi\u00e4 ja her\u00e4tt\u00e4\u00e4 luovuutta. On aika valmistella kuorma-auto ja l\u00e4hte\u00e4 j\u00e4nnitt\u00e4v\u00e4lle seikkailulle!<\/p>\n<\/li>\n<\/ul>\n<\/div>\n<div>\n<div>\n<div style=\"margin:16px 0px 24px;margin-bottom:24px;margin-top:16px;margin-left:0px;margin-right:0px\"><img decoding=\"async\" style=\"width:100%\" width=\"100%\" src=\"https:\/\/d2qc09rl1gfuof.cloudfront.net\/product\/CDXJSCZ9TDKCLK4N4\/rc-dump-truck-a100-1.11-pt.jpg\" slate-data-type=\"image\"\/><\/div>\n<\/div>\n<\/div>\n<\/div>\n<div><\/div>\n<\/div>\n<\/div>\n<p><\/p>","protected":false},"excerpt":{"rendered":"<p>Hign-concerned Chemical:&nbsp;None Is Electric:&nbsp;No battery Barcode:&nbsp;No Flight Time:&nbsp;40 minutes Remote Distance:&nbsp;100 FT Scale:&nbsp;1:18 Dimensions:&nbsp;11 x 6.1 x 6.9 in\/28 x 15.5 x 17.5 cm Model Number:&nbsp;1533 Package Includes:&nbsp;Remote Controller Control<\/p>","protected":false},"featured_media":25264,"comment_status":"open","ping_status":"closed","template":"","meta":{"_acf_changed":false},"product_brand":[],"product_cat":[519],"product_tag":[],"class_list":{"0":"post-25263","1":"product","2":"type-product","3":"status-publish","4":"has-post-thumbnail","6":"product_cat-rc-cars","8":"first","9":"instock","10":"shipping-taxable","11":"purchasable","12":"product-type-variable"},"acf":[],"_links":{"self":[{"href":"https:\/\/www.electricstore.eu\/fi\/wp-json\/wp\/v2\/product\/25263","targetHints":{"allow":["GET"]}}],"collection":[{"href":"https:\/\/www.electricstore.eu\/fi\/wp-json\/wp\/v2\/product"}],"about":[{"href":"https:\/\/www.electricstore.eu\/fi\/wp-json\/wp\/v2\/types\/product"}],"replies":[{"embeddable":true,"href":"https:\/\/www.electricstore.eu\/fi\/wp-json\/wp\/v2\/comments?post=25263"}],"wp:featuredmedia":[{"embeddable":true,"href":"https:\/\/www.electricstore.eu\/fi\/wp-json\/wp\/v2\/media\/25264"}],"wp:attachment":[{"href":"https:\/\/www.electricstore.eu\/fi\/wp-json\/wp\/v2\/media?parent=25263"}],"wp:term":[{"taxonomy":"product_brand","embeddable":true,"href":"https:\/\/www.electricstore.eu\/fi\/wp-json\/wp\/v2\/product_brand?post=25263"},{"taxonomy":"product_cat","embeddable":true,"href":"https:\/\/www.electricstore.eu\/fi\/wp-json\/wp\/v2\/product_cat?post=25263"},{"taxonomy":"product_tag","embeddable":true,"href":"https:\/\/www.electricstore.eu\/fi\/wp-json\/wp\/v2\/product_tag?post=25263"}],"curies":[{"name":"wp","href":"https:\/\/api.w.org\/{rel}","templated":true}]}}