{"id":25039,"date":"2025-05-20T18:44:05","date_gmt":"2025-05-20T18:44:05","guid":{"rendered":"https:\/\/electricstore.eu\/p\/uncategorized\/vevor-come-along-winch-2-4-5-ton-pulling-capacity-heavy-duty-ratchet-automotive-hoist-power-cable-puller-for-vehicle-rescue\/"},"modified":"2025-05-20T18:48:06","modified_gmt":"2025-05-20T18:48:06","slug":"vevor-come-along-winch-2-4-5-ton-pulling-capacity-heavy-duty-ratchet-automotive-hoist-power-cable-puller-for-vehicle-rescue","status":"publish","type":"product","link":"https:\/\/www.electricstore.eu\/fi\/p\/o\/electric-lifting-hoists\/vevor-come-along-winch-2-4-5-ton-pulling-capacity-heavy-duty-ratchet-automotive-hoist-power-cable-puller-for-vehicle-rescue\/","title":{"rendered":"VEVOR Come Along Winch 2\/4\/5 tonnin vetokykyinen raskaaseen k\u00e4ytt\u00f6\u00f6n tarkoitettu r\u00e4ikk\u00e4k\u00e4ytt\u00f6inen autonostimen virtakaapelin ulosvet\u00e4j\u00e4 ajoneuvojen pelastamiseen"},"content":{"rendered":"<div class=\"product-specs-list-container\">\n<ul class=\"product-specs-list util-clearfix\">\n<li class=\"product-prop line-limit-length\"><span\n                                        class=\"property-title\">Huolenaiheinen kemikaali:&nbsp;<\/span><span\n                                        class=\"property-desc line-limit-length\">Ei mit\u00e4\u00e4n<\/span>\n                            <\/li>\n<li class=\"product-prop line-limit-length\"><span\n                                        class=\"property-title\">Alkuper\u00e4:&nbsp;<\/span><span\n                                        class=\"property-desc line-limit-length\">Manner-Kiina<\/span>\n                            <\/li>\n<li class=\"product-prop line-limit-length\"><span\n                                        class=\"property-title\">Tuotemerkki:&nbsp;<\/span><span\n                                        class=\"property-desc line-limit-length\">VEVOR<\/span>\n                            <\/li>\n<li class=\"product-prop line-limit-length\"><span\n                                        class=\"property-title\">Merkki:&nbsp;<\/span><span\n                                        class=\"property-desc line-limit-length\">VEVOR<\/span>\n                            <\/li>\n<li class=\"product-prop line-limit-length\"><span\n                                        class=\"property-title\">Maksimikuorma:&nbsp;<\/span><span\n                                        class=\"property-desc line-limit-length\">2\/4\/5T<\/span>\n                            <\/li>\n<li class=\"product-prop line-limit-length\"><span\n                                        class=\"property-title\">Ominaisuus 1:&nbsp;<\/span><span\n                                        class=\"property-desc line-limit-length\">2 koukulla<\/span>\n                            <\/li>\n<li class=\"product-prop line-limit-length\"><span\n                                        class=\"property-title\">Ominaisuus 2:&nbsp;<\/span><span\n                                        class=\"property-desc line-limit-length\">Tule mukaan vinssiin<\/span>\n                            <\/li>\n<li class=\"product-prop line-limit-length\"><span\n                                        class=\"property-title\">Ominaisuus 3:&nbsp;<\/span><span\n                                        class=\"property-desc line-limit-length\">R\u00e4ikk\u00e4inen autonostimen virtakaapelin ulosvet\u00e4j\u00e4<\/span>\n                            <\/li>\n<li class=\"product-prop line-limit-length\"><span\n                                        class=\"property-title\">Ominaisuus 4:&nbsp;<\/span><span\n                                        class=\"property-desc line-limit-length\">ajoneuvojen pelastamiseen<\/span>\n                            <\/li>\n<\/ul><\/div>\n<div class=\"detailmodule_html\">\n<div class=\"detail-desc-decorate-richtext\">\n<div class=\"detailmodule_dynamic\"><kse:widget data-widget-type=\"customText\" id=\"1005000000572806\" type=\"relation\"><\/kse:widget><\/div>\n<div style=\"font-family:&quot;Open sans&quot;, Arial, Helvetica, sans-serif\">\n<div><img decoding=\"async\" style=\"width:100%\" width=\"100%\" src=\"https:\/\/d2qc09rl1gfuof.cloudfront.net\/vevor\/boutique-banner\/pc\/banner-en.jpg\" slate-data-type=\"image\"\/><\/div>\n<div>\n<div><\/div>\n<p style=\"text-align:center\" align=\"center\"><span style=\"color:rgb(15, 17, 17);font-size:26px;font-family:Arial\">Hinaus- ja kuljetust\u00f6iden valintasi<\/span><\/p>\n<div><img decoding=\"async\" style=\"width:100%\" width=\"100%\" src=\"https:\/\/d2qc09rl1gfuof.cloudfront.net\/product\/GSSJXQ2T13YCZS88W\/power-puller-a100-1.4.jpg\" slate-data-type=\"image\"\/><\/div>\n<div style=\"font-size:14px;text-align:center;color:rgb(34, 34, 34);margin:16px 0px 24px;margin-bottom:24px;margin-top:16px;margin-left:0px;margin-right:0px\" align=\"center\"><span style=\"color:rgb(15, 17, 17);font-size:20px;font-family:Arial\">Tarvitsetko kunnon vetovoimaa? VEVORin ulosvet\u00e4j\u00e4 on juuri se, mit\u00e4 tarvitset. Vankan, yksiosaisen hammaspy\u00f6r\u00e4rakenteensa ansiosta se liukuu vaivattomasti ja kiinnitt\u00e4\u00e4 kaiken, mit\u00e4 liikut. Ihanteellinen ajoneuvojen pelastamiseen, materiaalien siirt\u00e4miseen, kantojen poistamiseen tai huonekalujen siirt\u00e4miseen \u2013 meill\u00e4 on kiireelliset tarpeesi hoidettu!<\/span><\/div>\n<\/div>\n<div>\n<div style=\"margin:8px 0px;margin-bottom:8px;margin-top:8px;margin-left:0px;margin-right:0px\"><img decoding=\"async\" style=\"width:100%\" width=\"100%\" src=\"https:\/\/d2qc09rl1gfuof.cloudfront.net\/product\/GSSJXQ2T13YCZS88W\/power-puller-a100-2.2.jpg\" slate-data-type=\"image\"\/><\/div>\n<div style=\"font-size:14px;text-align:center;color:rgb(34, 34, 34);margin:16px 0px 24px;margin-bottom:24px;margin-top:16px;margin-left:0px;margin-right:0px\" align=\"center\"><span style=\"color:rgb(15, 17, 17);font-size:20px;font-family:Arial\">T\u00e4ss\u00e4 r\u00e4ikk\u00e4k\u00e4ytt\u00f6isess\u00e4 ulosvetimess\u00e4 on teollisuusluokan hiiliter\u00e4svaijeri. Se on suunniteltu kest\u00e4m\u00e4\u00e4n ja kulumaan paremmin \u2013 joten voit vet\u00e4\u00e4 ja kuljettaa sit\u00e4 vuosia.<\/span><\/div>\n<\/div>\n<div>\n<div style=\"margin:8px 0px;margin-bottom:8px;margin-top:8px;margin-left:0px;margin-right:0px\"><img decoding=\"async\" style=\"width:100%\" width=\"100%\" src=\"https:\/\/d2qc09rl1gfuof.cloudfront.net\/product\/GSSJXQ2T13YCZS88W\/power-puller-a100-2.3.jpg\" slate-data-type=\"image\"\/><\/div>\n<\/div>\n<div>\n<div style=\"text-align:center;margin:8px 0px;margin-bottom:8px;margin-top:8px;margin-left:0px;margin-right:0px\" align=\"center\"><span style=\"color:rgb(15, 17, 17);font-size:20px;font-family:Arial\">Sano hyv\u00e4stit perinteisille jumittuville ja ruostuville pinohammaspy\u00f6rille. Mukana tulevan ulosvet\u00e4j\u00e4mme yhten\u00e4inen kaksoishammaspy\u00f6r\u00e4rakenne varmistaa sujuvan vaijerin vapautumisen ja pitk\u00e4kestoisen lujuuden. Sit\u00e4 me kutsumme tehokkuudeksi!<\/span><\/div>\n<div style=\"margin:8px 0px;margin-bottom:8px;margin-top:8px;margin-left:0px;margin-right:0px\"><img decoding=\"async\" style=\"width:100%\" width=\"100%\" src=\"https:\/\/d2qc09rl1gfuof.cloudfront.net\/product\/GSSJXQ2T13YCZS88W\/power-puller-a100-2.4.jpg\" slate-data-type=\"image\"\/><\/div>\n<\/div>\n<div>\n<div style=\"text-align:center;margin:8px 0px;margin-bottom:8px;margin-top:8px;margin-left:0px;margin-right:0px\" align=\"center\"><span style=\"color:rgb(15, 17, 17);font-size:20px;font-family:Arial\">Kest\u00e4vist\u00e4 ja kest\u00e4vist\u00e4 osista koostuva r\u00e4ikk\u00e4k\u00e4ytt\u00f6inen ulosvetoty\u00f6kalu tarjoaa turvallisemman ja kest\u00e4v\u00e4mm\u00e4n ratkaisun kaikkiin hinaus- ja kuljetustarpeisiisi.<\/span><\/div>\n<div style=\"margin:8px 0px;margin-bottom:8px;margin-top:8px;margin-left:0px;margin-right:0px\"><img decoding=\"async\" style=\"width:100%\" width=\"100%\" src=\"https:\/\/d2qc09rl1gfuof.cloudfront.net\/product\/GSSJXQ2T13YCZS88W\/power-puller-a100-2.5.jpg\" slate-data-type=\"image\"\/><\/div>\n<\/div>\n<div style=\"margin:24px 0px;margin-bottom:24px;margin-top:24px;margin-left:0px;margin-right:0px\">\n<div style=\"font-size:16px;font-weight:bold;text-align:center;color:rgb(34, 34, 34);margin:24px 0px 16px;margin-bottom:16px;margin-top:24px;margin-left:0px;margin-right:0px\" align=\"center\"><span style=\"color:rgb(15, 17, 17);font-size:20px;font-family:Arial\">Miksi vaivautua, kun voit liukua? Mukana tulevan k\u00e4sivinssimme pidennetty kahva antaa sinun kirist\u00e4\u00e4 k\u00f6yden minimaalisella vaivalla \u2013 kaikki yhdell\u00e4 k\u00e4dell\u00e4! Liukumaton ote varmistaa, ett\u00e4 hoidat teht\u00e4v\u00e4n etk\u00e4 kompuroi.<\/span><\/div>\n<div style=\"font-size:16px;font-weight:bold;color:rgb(34, 34, 34);margin:24px 0px 16px;margin-bottom:16px;margin-top:24px;margin-left:0px;margin-right:0px\">Ominaisuudet ja tiedot<\/div>\n<ul style=\"margin:16px 0px 24px;margin-bottom:24px;margin-top:16px;margin-left:0px;margin-right:0px\">\n<li style=\"font-size:14px;color:rgb(34, 34, 34)\">\n<p>2 tonnin kuormituskapasiteetti: Oletko valmis tarttumaan raskaisiin teht\u00e4viin? Koe turvallinen ja tehokas vetotoiminto 4 409 paunan \/ 2 tonnin kuormituskapasiteetin omaavalla ulosvetimell\u00e4mme. T\u00e4ydellinen kaikkeen ajoneuvojen pelastamisesta huonekalujen siirt\u00e4miseen, t\u00e4m\u00e4 ty\u00f6kalu on monitoimimiehen unelma!<\/p>\n<\/li>\n<li style=\"font-size:14px;color:rgb(34, 34, 34)\">\n<p>12 jalan ter\u00e4svaijeri: R\u00e4ikk\u00e4mekanismilla varustetun ulosvet\u00e4j\u00e4mme vaijeri on valmistettu huippuluokan ter\u00e4ksest\u00e4 ja kierretty useisiin s\u00e4ikeisiin lujuuden ja kest\u00e4vyyden takaamiseksi. Se ei ainoastaan kest\u00e4 kovaa vet\u00e4mist\u00e4 ja nykimist\u00e4, vaan se ei my\u00f6sk\u00e4\u00e4n l\u00f6ysty, kierry tai sotkeudu \u2013 mik\u00e4 tekee el\u00e4m\u00e4st\u00e4si paljon helpompaa!<\/p>\n<\/li>\n<li style=\"font-size:14px;color:rgb(34, 34, 34)\">\n<p>Integroitu kaksoisvaihteinen rakenne: Sujuva ja jumiutuminenongelmaton toiminta? Totta kai! Kaapelivinssin ulosvetimess\u00e4mme on ainutlaatuinen, yhten\u00e4inen kaksoisvaihteinen rakenne. J\u00e4\u00e4hyv\u00e4iset perinteisten vaihdej\u00e4rjestelmien aiheuttamalle \u00e4rsytt\u00e4v\u00e4lle jumiutumiselle ja ruosteelle.<\/p>\n<\/li>\n<li style=\"font-size:14px;color:rgb(34, 34, 34)\">\n<p>Ei en\u00e4\u00e4 vaijerin lipsumista: Mukana tulevan ulosvet\u00e4j\u00e4mme peruutuksenesto varmistaa, ett\u00e4 ty\u00f6si sujuvat suunnitelmien mukaan ilman takaisinvetoa tai vaijerin l\u00f6ysyytt\u00e4. Ent\u00e4 koukkujen sis\u00e4\u00e4nrakennetut jousilukot? Ne ovat kirsikka kakun p\u00e4\u00e4ll\u00e4 varmistaen, ett\u00e4 kaikki, mit\u00e4 ved\u00e4t, pysyy paikallaan.<\/p>\n<\/li>\n<li style=\"font-size:14px;color:rgb(34, 34, 34)\">\n<p>Yhden k\u00e4den ihme: Oletko kyll\u00e4stynyt s\u00e4hl\u00e4\u00e4m\u00e4\u00e4n monimutkaisten mekanismien kanssa? R\u00e4ikk\u00e4k\u00e4ytt\u00f6isess\u00e4 ulosvet\u00e4j\u00e4ss\u00e4mme on pidennetty kahva, joka tekee vet\u00e4misest\u00e4 helppoa \u2013 vain nopea edestakaisin liike yhdell\u00e4 k\u00e4dell\u00e4, ja olet valmis! Lis\u00e4ksi kahvamme on kumip\u00e4\u00e4llysteinen mukavuuden ja turvallisuuden takaamiseksi.<\/p>\n<\/li>\n<\/ul>\n<\/div>\n<div>\n<div>\n<div style=\"margin:16px 0px 24px;margin-bottom:24px;margin-top:16px;margin-left:0px;margin-right:0px\"><strong>2T<\/strong><\/div>\n<div style=\"margin:16px 0px 24px;margin-bottom:24px;margin-top:16px;margin-left:0px;margin-right:0px\"><img decoding=\"async\" style=\"width:100%\" width=\"100%\" src=\"https:\/\/d2qc09rl1gfuof.cloudfront.net\/product\/GSSJXQ2T13YCZS88W\/power-puller-a100-1.11.jpg\" slate-data-type=\"image\"\/><\/div>\n<\/div>\n<\/div>\n<div>\n<div>\n<div style=\"margin:16px 0px 24px;margin-bottom:24px;margin-top:16px;margin-left:0px;margin-right:0px\"><strong>5T<\/strong><\/div>\n<div style=\"margin:16px 0px 24px;margin-bottom:24px;margin-top:16px;margin-left:0px;margin-right:0px\"><img decoding=\"async\" style=\"width:100%\" width=\"100%\" src=\"https:\/\/d2qc09rl1gfuof.cloudfront.net\/product\/GSSJXQ5T13YC77Z63\/power-puller-a100-1.11.jpg\" slate-data-type=\"image\"\/><\/div>\n<\/div>\n<\/div>\n<div>\n<div>\n<div style=\"margin:16px 0px 24px;margin-bottom:24px;margin-top:16px;margin-left:0px;margin-right:0px\"><strong>4T<\/strong><\/div>\n<div style=\"margin:16px 0px 24px;margin-bottom:24px;margin-top:16px;margin-left:0px;margin-right:0px\"><img decoding=\"async\" style=\"width:100%\" width=\"100%\" src=\"https:\/\/d2qc09rl1gfuof.cloudfront.net\/product\/GSSJXQ4T13YCXN5I5\/power-puller-a100-1.11.jpg\" slate-data-type=\"image\"\/><\/div>\n<\/div>\n<\/div>\n<\/div>\n<div class=\"detailmodule_dynamic\"><kse:widget data-widget-type=\"customText\" id=\"1005000000397265\" type=\"custom\"><\/kse:widget><\/div>\n<p><\/p>\n<\/div>\n<\/div>\n<p><\/p>","protected":false},"excerpt":{"rendered":"<p>Hign-concerned Chemical:&nbsp;None Origin:&nbsp;Mainland China Brand Name:&nbsp;VEVOR Brand:&nbsp;VEVOR Max Load Capacity:&nbsp;2\/4\/5T Feature 1:&nbsp;With 2 Hooks Feature 2:&nbsp;Come Along Winch Feature 3:&nbsp;Ratchet Automotive Hoist Power Cable Puller Feature 4:&nbsp;for Vehicle Rescue Your<\/p>","protected":false},"featured_media":25040,"comment_status":"open","ping_status":"closed","template":"","meta":{"_acf_changed":false},"product_brand":[],"product_cat":[517],"product_tag":[],"class_list":{"0":"post-25039","1":"product","2":"type-product","3":"status-publish","4":"has-post-thumbnail","6":"product_cat-electric-lifting-hoists","8":"first","9":"instock","10":"shipping-taxable","11":"purchasable","12":"product-type-variable"},"acf":[],"_links":{"self":[{"href":"https:\/\/www.electricstore.eu\/fi\/wp-json\/wp\/v2\/product\/25039","targetHints":{"allow":["GET"]}}],"collection":[{"href":"https:\/\/www.electricstore.eu\/fi\/wp-json\/wp\/v2\/product"}],"about":[{"href":"https:\/\/www.electricstore.eu\/fi\/wp-json\/wp\/v2\/types\/product"}],"replies":[{"embeddable":true,"href":"https:\/\/www.electricstore.eu\/fi\/wp-json\/wp\/v2\/comments?post=25039"}],"wp:featuredmedia":[{"embeddable":true,"href":"https:\/\/www.electricstore.eu\/fi\/wp-json\/wp\/v2\/media\/25040"}],"wp:attachment":[{"href":"https:\/\/www.electricstore.eu\/fi\/wp-json\/wp\/v2\/media?parent=25039"}],"wp:term":[{"taxonomy":"product_brand","embeddable":true,"href":"https:\/\/www.electricstore.eu\/fi\/wp-json\/wp\/v2\/product_brand?post=25039"},{"taxonomy":"product_cat","embeddable":true,"href":"https:\/\/www.electricstore.eu\/fi\/wp-json\/wp\/v2\/product_cat?post=25039"},{"taxonomy":"product_tag","embeddable":true,"href":"https:\/\/www.electricstore.eu\/fi\/wp-json\/wp\/v2\/product_tag?post=25039"}],"curies":[{"name":"wp","href":"https:\/\/api.w.org\/{rel}","templated":true}]}}