{"id":25029,"date":"2025-05-20T18:44:02","date_gmt":"2025-05-20T18:44:02","guid":{"rendered":"https:\/\/electricstore.eu\/p\/uncategorized\/vevor-13500lbs-electric-winch-car-truck-winch-with-80ft-synthetic-rope-wireless-wired-remote-control-for-towing-off-road-suv\/"},"modified":"2025-05-20T18:47:45","modified_gmt":"2025-05-20T18:47:45","slug":"vevor-13500lbs-electric-winch-car-truck-winch-with-80ft-synthetic-rope-wireless-wired-remote-control-for-towing-off-road-suv","status":"publish","type":"product","link":"https:\/\/www.electricstore.eu\/fi\/p\/o\/electric-winches\/vevor-13500lbs-electric-winch-car-truck-winch-with-80ft-synthetic-rope-wireless-wired-remote-control-for-towing-off-road-suv\/","title":{"rendered":"VEVOR 13500 paunan s\u00e4hk\u00f6vinssi auto- ja kuorma-autovinssill\u00e4, jossa 80 jalan synteettinen k\u00f6ysi, langaton ja langallinen kaukos\u00e4\u00e4din maastoautojen hinaamiseen"},"content":{"rendered":"<div class=\"product-specs-list-container\">\n<ul class=\"product-specs-list util-clearfix\">\n<li class=\"product-prop line-limit-length\"><span\n                                        class=\"property-title\">Huolenaiheinen kemikaali:&nbsp;<\/span><span\n                                        class=\"property-desc line-limit-length\">Ei mit\u00e4\u00e4n<\/span>\n                            <\/li>\n<li class=\"product-prop line-limit-length\"><span\n                                        class=\"property-title\">Alkuper\u00e4:&nbsp;<\/span><span\n                                        class=\"property-desc line-limit-length\">Manner-Kiina<\/span>\n                            <\/li>\n<li class=\"product-prop line-limit-length\"><span\n                                        class=\"property-title\">Tuotemerkki:&nbsp;<\/span><span\n                                        class=\"property-desc line-limit-length\">VEVOR<\/span>\n                            <\/li>\n<li class=\"product-prop line-limit-length\"><span\n                                        class=\"property-title\">Tyyppi:&nbsp;<\/span><span\n                                        class=\"property-desc line-limit-length\">Voima<\/span>\n                            <\/li>\n<li class=\"product-prop line-limit-length\"><span\n                                        class=\"property-title\">Merkki:&nbsp;<\/span><span\n                                        class=\"property-desc line-limit-length\">VEVOR<\/span>\n                            <\/li>\n<li class=\"product-prop line-limit-length\"><span\n                                        class=\"property-title\">Nimellinen vetokyky:&nbsp;<\/span><span\n                                        class=\"property-desc line-limit-length\">13500 paunaa \/ 6123 kg<\/span>\n                            <\/li>\n<li class=\"product-prop line-limit-length\"><span\n                                        class=\"property-title\">K\u00f6yden materiaali:&nbsp;<\/span><span\n                                        class=\"property-desc line-limit-length\">Polyeteeni, 12 s\u00e4iett\u00e4<\/span>\n                            <\/li>\n<li class=\"product-prop line-limit-length\"><span\n                                        class=\"property-title\">Kaukos\u00e4\u00e4din:&nbsp;<\/span><span\n                                        class=\"property-desc line-limit-length\">Langaton + langallinen kaukos\u00e4\u00e4din<\/span>\n                            <\/li>\n<li class=\"product-prop line-limit-length\"><span\n                                        class=\"property-title\">J\u00e4nnite\/Hevosvoima:&nbsp;<\/span><span\n                                        class=\"property-desc line-limit-length\">12 V DC \/ 6,6 hv<\/span>\n                            <\/li>\n<li class=\"product-prop line-limit-length\"><span\n                                        class=\"property-title\">Vaihdesuhde:&nbsp;<\/span><span\n                                        class=\"property-desc line-limit-length\">195.8:1<\/span>\n                            <\/li>\n<li class=\"product-prop line-limit-length\"><span\n                                        class=\"property-title\">Tyyppi:&nbsp;<\/span><span\n                                        class=\"property-desc line-limit-length\">S\u00e4hk\u00f6vinssi<\/span>\n                            <\/li>\n<li class=\"product-prop line-limit-length\"><span\n                                        class=\"property-title\">Materiaali:&nbsp;<\/span><span\n                                        class=\"property-desc line-limit-length\">Seostettu alumiini, ter\u00e4s, kupari, muovi (PPS ja PA jne.)<\/span>\n                            <\/li>\n<li class=\"product-prop line-limit-length\"><span\n                                        class=\"property-title\">Langattoman kaukos\u00e4\u00e4timen et\u00e4isyys:&nbsp;<\/span><span\n                                        class=\"property-desc line-limit-length\">65,61 jalkaa \/ 20 m<\/span>\n                            <\/li>\n<li class=\"product-prop line-limit-length\"><span\n                                        class=\"property-title\">Vedenpit\u00e4vyysluokitus:&nbsp;<\/span><span\n                                        class=\"property-desc line-limit-length\">IP55<\/span>\n                            <\/li>\n<li class=\"product-prop line-limit-length\"><span\n                                        class=\"property-title\">K\u00f6yden tekniset tiedot:&nbsp;<\/span><span\n                                        class=\"property-desc line-limit-length\">3\/8 tuumaa x 80 jalkaa \/ 1,0 x 2438,4 cm<\/span>\n                            <\/li>\n<\/ul><\/div>\n<div class=\"detailmodule_dynamic\"><kse:widget data-widget-type=\"customText\" id=\"1005000000790434\" type=\"relation\"><\/kse:widget><\/div>\n<div class=\"detailmodule_html\">\n<div class=\"detail-desc-decorate-richtext\">\n<div style=\"font-family:&quot;Open sans&quot;, Arial, Helvetica, sans-serif\">\n<div><img decoding=\"async\" style=\"width:100%\" width=\"100%\" src=\"https:\/\/d2qc09rl1gfuof.cloudfront.net\/vevor\/boutique-banner\/pc\/banner-en.jpg\" slate-data-type=\"image\"\/><\/div>\n<div>\n<div style=\"font-size:16px;font-weight:bold;text-align:center;color:rgb(34, 34, 34);margin:24px 0px;margin-bottom:24px;margin-top:24px;margin-left:0px;margin-right:0px\" align=\"center\">13500 paunan s\u00e4hk\u00f6vinssi, selvi\u00e4 maastoseikkailuista luottavaisin mielin<\/div>\n<div><img decoding=\"async\" style=\"width:100%\" width=\"100%\" src=\"https:\/\/d2qc09rl1gfuof.cloudfront.net\/product\/DDHCSJPYXWXYBQ8X5\/electric-winch-a100-1.4-pt.jpg\" slate-data-type=\"image\"\/><\/div>\n<div style=\"font-size:14px;text-align:center;color:rgb(34, 34, 34);margin:16px 0px 24px;margin-bottom:24px;margin-top:16px;margin-left:0px;margin-right:0px\" align=\"center\">Raskaaseen k\u00e4ytt\u00f6\u00f6n tarkoitetussa kuorma-autovinssiss\u00e4mme on 13500 paunan vetokyky ja IP55-vedenpit\u00e4vyysluokitus, joten se sopii t\u00e4ydellisesti maastoajoneuvojesi tai katumaasturisi irrottamiseen tahmeista mudakuopista tai rankkasateesta. 12 V DC \/ 6,6 hv:n kuparimoottorin, 195,8:1 v\u00e4lityssuhteen ja synteettisen k\u00f6yden ansiosta olet aina valmiina.<\/div>\n<\/div>\n<div>\n<div style=\"margin:8px 0px;margin-bottom:8px;margin-top:8px;margin-left:0px;margin-right:0px\"><img decoding=\"async\" style=\"width:100%\" width=\"100%\" src=\"https:\/\/d2qc09rl1gfuof.cloudfront.net\/product\/DDHCSJPYXWXYBQ8X5\/electric-winch-a100-2.2-pt.jpg\" slate-data-type=\"image\"\/><\/div>\n<div style=\"font-size:14px;text-align:center;color:rgb(34, 34, 34);margin:16px 0px 24px;margin-bottom:24px;margin-top:16px;margin-left:0px;margin-right:0px\" align=\"center\">S\u00e4hk\u00f6vinssimme saa voimanl\u00e4hteen\u00e4\u00e4n vankka 12 V DC\/6,6 hv kuparimoottori, joka tuottaa tasaista ja tehokasta tehoa joka kerta. Edistyksellisen planeettavaihteiston ja 195,8:1 v\u00e4lityssuhteen ansiosta nautit tasaisesta ja luotettavasta k\u00f6yden vetokyvyst\u00e4 jopa ankarissa s\u00e4\u00e4olosuhteissa tai syv\u00e4ss\u00e4 mudassa.<\/div>\n<\/div>\n<div>\n<div style=\"margin:8px 0px;margin-bottom:8px;margin-top:8px;margin-left:0px;margin-right:0px\"><img decoding=\"async\" style=\"width:100%\" width=\"100%\" src=\"https:\/\/d2qc09rl1gfuof.cloudfront.net\/product\/DDHCSJPYXWXYBQ8X5\/electric-winch-a100-2.3-pt.jpg\" slate-data-type=\"image\"\/><\/div>\n<div style=\"font-size:14px;text-align:center;color:rgb(34, 34, 34);margin:16px 0px 24px;margin-bottom:24px;margin-top:16px;margin-left:0px;margin-right:0px\" align=\"center\">S\u00e4hk\u00f6vinssimme kuorma-autoon on suunniteltu korkealaatuisella vaijerilla, jonka viidess\u00e4 viimeisess\u00e4 rullassa on punaiset merkinn\u00e4t lis\u00e4turvallisuuden takaamiseksi. Siin\u00e4 on IP55-vedenpit\u00e4vyysluokitus ja kest\u00e4v\u00e4 musta mattapinta, joten se kest\u00e4\u00e4 rankkasateita ja ankaria olosuhteita ongelmitta.<\/div>\n<\/div>\n<div>\n<div style=\"margin:8px 0px;margin-bottom:8px;margin-top:8px;margin-left:0px;margin-right:0px\"><img decoding=\"async\" style=\"width:100%\" width=\"100%\" src=\"https:\/\/d2qc09rl1gfuof.cloudfront.net\/product\/DDHCSJPYXWXYBQ8X5\/electric-winch-a100-2.4-pt.jpg\" slate-data-type=\"image\"\/><\/div>\n<div style=\"font-size:14px;text-align:center;color:rgb(34, 34, 34);margin:16px 0px 24px;margin-bottom:24px;margin-top:16px;margin-left:0px;margin-right:0px\" align=\"center\">Kuorma-auton vinssik\u00f6ysi on rakennettu kest\u00e4m\u00e4\u00e4n kovia haasteita, ja se kest\u00e4\u00e4 ankaria s\u00e4\u00e4olosuhteita ja \u00e4\u00e4rimm\u00e4isi\u00e4 l\u00e4mp\u00f6tiloja, helpottaen erilaisia vetoteht\u00e4vi\u00e4 nimellisvetokyvyll\u00e4 katkeamatta. Lis\u00e4ksi jokaisen kerroksen selke\u00e4t kuormamerkinn\u00e4t takaavat sek\u00e4 erinomaisen materiaalin eheyden ett\u00e4 vetovarmuuden.<\/div>\n<\/div>\n<div>\n<div style=\"margin:8px 0px;margin-bottom:8px;margin-top:8px;margin-left:0px;margin-right:0px\"><img decoding=\"async\" style=\"width:100%\" width=\"100%\" src=\"https:\/\/d2qc09rl1gfuof.cloudfront.net\/product\/DDHCSJPYXWXYBQ8X5\/electric-winch-a100-2.5-pt.jpg\" slate-data-type=\"image\"\/><\/div>\n<div style=\"font-size:14px;text-align:center;color:rgb(34, 34, 34);margin:16px 0px 24px;margin-bottom:24px;margin-top:16px;margin-left:0px;margin-right:0px\" align=\"center\">12 voltin vinssiss\u00e4mme on v\u00e4rikoodatut virtajohdot nopeaa ja virheet\u00f6nt\u00e4 asennusta varten. Langattomat kaukos\u00e4\u00e4timet auttavat k\u00e4ytt\u00e4m\u00e4\u00e4n ajoneuvon pelastusj\u00e4rjestelm\u00e4\u00e4 esteett\u00e4 20 metrin s\u00e4teell\u00e4. Meill\u00e4 on my\u00f6s langallinen kaukos\u00e4\u00e4din, joka antaa sinulle kaiken tarvitsemasi hallinnan.<\/div>\n<\/div>\n<div style=\"margin:16px 0px 24px;margin-bottom:24px;margin-top:16px;margin-left:0px;margin-right:0px\"><\/div>\n<div style=\"margin:24px 0px;margin-bottom:24px;margin-top:24px;margin-left:0px;margin-right:0px\">\n<div style=\"font-size:16px;font-weight:bold;color:rgb(34, 34, 34);margin:24px 0px 16px;margin-bottom:16px;margin-top:24px;margin-left:0px;margin-right:0px\">Ominaisuudet ja tiedot<\/div>\n<ul style=\"margin:16px 0px 24px;margin-bottom:24px;margin-top:16px;margin-left:0px;margin-right:0px\">\n<li style=\"font-size:14px;color:rgb(34, 34, 34)\">\n<p>Ajoneuvosi varavoima: Erityisesti maastossa teht\u00e4v\u00e4\u00e4n hinausty\u00f6h\u00f6n suunniteltu raskaaseen k\u00e4ytt\u00f6\u00f6n tarkoitettu s\u00e4hk\u00f6vinssimme nostaa k\u00f6yden vetokyvyn jopa 13 500 paunaan (5 000 kg). Kun ajoneuvosi juuttuu mutaan tai kaatosateeseen, t\u00e4m\u00e4 vinssi tarjoaa tarvitsemaasi lis\u00e4vetoa p\u00e4\u00e4st\u00e4ksesi nopeasti takaisin raiteilleen. Se ei ole tarkoitettu vain maastoajoneuvoille ja katumaastureille, vaan se sopii erinomaisesti my\u00f6s raskaiden kuormien, kuten puutavaran, vet\u00e4miseen. Selviydy mist\u00e4 tahansa esteest\u00e4 luottavaisin mielin ja tehokkaasti!<\/p>\n<\/li>\n<li style=\"font-size:14px;color:rgb(34, 34, 34)\">\n<p>Voimaa, joka auttaa sinua pois mist\u00e4 tahansa tukoksesta: Kuorma-autovinssi\u00e4mme k\u00e4ytt\u00e4\u00e4 12 V DC\/6,6 hv kuparimoottori, joka tuottaa tasaista tehoa silloin, kun sit\u00e4 eniten tarvitset. Edistyksellinen kolmivaiheinen planeettavaihteisto ja 195,8:1 v\u00e4lityssuhde takaavat tehokkaan vetokyvyn jopa ankarassa s\u00e4\u00e4ss\u00e4 ja syv\u00e4ss\u00e4 mudassa. Valmistaudu kohtaamaan kaikki haasteet luottavaisin mielin!<\/p>\n<\/li>\n<li style=\"font-size:14px;color:rgb(34, 34, 34)\">\n<p>Kevyt synteettinen k\u00f6ysi: Kohtaa k\u00f6yden huippusuorituskyvyn. Kuorma-autovinssimme on varustettu 12-s\u00e4ikeisell\u00e4 tihe\u00e4st\u00e4 polyeteenik\u00f6ydell\u00e4, joka on kest\u00e4v\u00e4 mutta kevyt, joten se sopii t\u00e4ydellisesti kaikkiin maastoseikkailuihin. Se ei uppoa veteen ja kest\u00e4\u00e4 kaikenlaista ulkoilman rasitusta. Lis\u00e4ksi kirkkaanpunaiset merkinn\u00e4t viidess\u00e4 viimeisess\u00e4 rullassa takaavat hyv\u00e4n n\u00e4kyvyyden ja varmistavat, ett\u00e4 olet aina valmis toimintaan sek\u00e4 turvallisesti ett\u00e4 vahvasti.<\/p>\n<\/li>\n<li style=\"font-size:14px;color:rgb(34, 34, 34)\">\n<p>Helppok\u00e4ytt\u00f6isyys, vaivaton k\u00e4ytt\u00f6: 12 voltin vinssimme tarjoaa sek\u00e4 langattoman ett\u00e4 langallisen kaukos\u00e4\u00e4timen tarpeisiisi. Helppok\u00e4ytt\u00f6isen langattoman kaukos\u00e4\u00e4timen avulla voit hoitaa ajoneuvon hinauksen vaivattomasti 20 metrin s\u00e4teell\u00e4, kun taas langallinen kaukos\u00e4\u00e4din tarjoaa luotettavan vaihtoehdon tarkkaan ja manuaaliseen ohjaukseen. Nauti joustavuudesta ja k\u00e4tevyydest\u00e4 molemmilla ohjaustiloilla, jotta ajoneuvon hinaaminen on mahdollisimman sujuvaa.<\/p>\n<\/li>\n<li style=\"font-size:14px;color:rgb(34, 34, 34)\">\n<p>Mielenrauhaa hinaustehoon: Vaikea s\u00e4\u00e4? Ei h\u00e4t\u00e4\u00e4! S\u00e4hk\u00f6vinssimme on IP55-vedenpit\u00e4v\u00e4 ja siin\u00e4 on tyylik\u00e4s musta mattapinta, joka parantaa ruosteenkest\u00e4vyytt\u00e4 ja eristyst\u00e4. Se on valmis selviytym\u00e4\u00e4n rankkasateesta, mudasta tai muista ankarista olosuhteista. V\u00e4rikoodatut virtajohdot ja helposti seurattavat ohjeet tarkoittavat, ett\u00e4 pystytys on helppoa, joten voit palata nauttimaan ajelusta.<\/p>\n<\/li>\n<\/ul>\n<\/div>\n<div>\n<div>\n<div style=\"margin:16px 0px 24px;margin-bottom:24px;margin-top:16px;margin-left:0px;margin-right:0px\"><img decoding=\"async\" style=\"width:100%\" width=\"100%\" src=\"https:\/\/d2qc09rl1gfuof.cloudfront.net\/product\/DDHCSJPYXWXYBQ8X5\/electric-winch-a100-1.11-pt.jpg\" slate-data-type=\"image\"\/><\/div>\n<\/div>\n<\/div>\n<\/div>\n<div><\/div>\n<\/div>\n<\/div>\n<div class=\"detailmodule_dynamic\"><kse:widget data-widget-type=\"customText\" id=\"1005000000397265\" type=\"custom\"><\/kse:widget><\/div>\n<p><\/p>","protected":false},"excerpt":{"rendered":"<p>Hign-concerned Chemical:&nbsp;None Origin:&nbsp;Mainland China Brand Name:&nbsp;VEVOR Type:&nbsp;Power Brand:&nbsp;VEVOR Rated Line Pull Capacity:&nbsp;13500 lbs\/6123 kg Rope Material:&nbsp;Polyethylene, 12 Strands Remote Control:&nbsp;Wireless + Wired Remote Control Voltage\/Horsepower:&nbsp;12V DC\/6.6 HP Gear Ratio:&nbsp;195.8:1 Type:&nbsp;Electric<\/p>","protected":false},"featured_media":25030,"comment_status":"open","ping_status":"closed","template":"","meta":{"_acf_changed":false},"product_brand":[],"product_cat":[522],"product_tag":[],"class_list":{"0":"post-25029","1":"product","2":"type-product","3":"status-publish","4":"has-post-thumbnail","6":"product_cat-electric-winches","8":"first","9":"instock","10":"shipping-taxable","11":"purchasable","12":"product-type-variable"},"acf":[],"_links":{"self":[{"href":"https:\/\/www.electricstore.eu\/fi\/wp-json\/wp\/v2\/product\/25029","targetHints":{"allow":["GET"]}}],"collection":[{"href":"https:\/\/www.electricstore.eu\/fi\/wp-json\/wp\/v2\/product"}],"about":[{"href":"https:\/\/www.electricstore.eu\/fi\/wp-json\/wp\/v2\/types\/product"}],"replies":[{"embeddable":true,"href":"https:\/\/www.electricstore.eu\/fi\/wp-json\/wp\/v2\/comments?post=25029"}],"wp:featuredmedia":[{"embeddable":true,"href":"https:\/\/www.electricstore.eu\/fi\/wp-json\/wp\/v2\/media\/25030"}],"wp:attachment":[{"href":"https:\/\/www.electricstore.eu\/fi\/wp-json\/wp\/v2\/media?parent=25029"}],"wp:term":[{"taxonomy":"product_brand","embeddable":true,"href":"https:\/\/www.electricstore.eu\/fi\/wp-json\/wp\/v2\/product_brand?post=25029"},{"taxonomy":"product_cat","embeddable":true,"href":"https:\/\/www.electricstore.eu\/fi\/wp-json\/wp\/v2\/product_cat?post=25029"},{"taxonomy":"product_tag","embeddable":true,"href":"https:\/\/www.electricstore.eu\/fi\/wp-json\/wp\/v2\/product_tag?post=25029"}],"curies":[{"name":"wp","href":"https:\/\/api.w.org\/{rel}","templated":true}]}}