{"id":24992,"date":"2025-05-20T18:43:48","date_gmt":"2025-05-20T18:43:48","guid":{"rendered":"https:\/\/electricstore.eu\/p\/uncategorized\/vevor-2640lbs-electric-hoist-winch-230v-with-14ft-wired-remote-control-40ft-single-cable-lifting-height-lift-hoist-for-garage\/"},"modified":"2025-05-20T18:47:24","modified_gmt":"2025-05-20T18:47:24","slug":"vevor-2640lbs-electric-hoist-winch-230v-with-14ft-wired-remote-control-40ft-single-cable-lifting-height-lift-hoist-for-garage","status":"publish","type":"product","link":"https:\/\/www.electricstore.eu\/fi\/p\/o\/electric-lifting-hoists\/vevor-2640lbs-electric-hoist-winch-230v-with-14ft-wired-remote-control-40ft-single-cable-lifting-height-lift-hoist-for-garage\/","title":{"rendered":"VEVOR 2640Lbs s\u00e4hk\u00f6inen nostovinssi 230V 14 jalan johdotetulla kaukos\u00e4\u00e4timell\u00e4 40 jalan yhden kaapelin nostokorkeusnostin autotalliin"},"content":{"rendered":"<div class=\"product-specs-list-container\">\n<ul class=\"product-specs-list util-clearfix\">\n<li class=\"product-prop line-limit-length\"><span\n                                        class=\"property-title\">Huolenaiheinen kemikaali:&nbsp;<\/span><span\n                                        class=\"property-desc line-limit-length\">Ei mit\u00e4\u00e4n<\/span>\n                            <\/li>\n<li class=\"product-prop line-limit-length\"><span\n                                        class=\"property-title\">Mallinumero:&nbsp;<\/span><span\n                                        class=\"property-desc line-limit-length\">PA1200<\/span>\n                            <\/li>\n<li class=\"product-prop line-limit-length\"><span\n                                        class=\"property-title\">Alkuper\u00e4:&nbsp;<\/span><span\n                                        class=\"property-desc line-limit-length\">Manner-Kiina<\/span>\n                            <\/li>\n<li class=\"product-prop line-limit-length\"><span\n                                        class=\"property-title\">Tuotemerkki:&nbsp;<\/span><span\n                                        class=\"property-desc line-limit-length\">VEVOR<\/span>\n                            <\/li>\n<\/ul><\/div>\n<div class=\"detailmodule_html\">\n<div class=\"detail-desc-decorate-richtext\">\n<div style=\"font-family:&quot;Open sans&quot;, Arial, Helvetica, sans-serif\">\n<div><img decoding=\"async\" style=\"width:100%\" width=\"100%\" src=\"https:\/\/d2qc09rl1gfuof.cloudfront.net\/vevor\/boutique-banner\/pc\/banner-en.jpg\" slate-data-type=\"image\"\/><\/div>\n<div>\n<div style=\"font-size:16px;font-weight:bold;text-align:center;color:rgb(34, 34, 34);margin:24px 0px;margin-bottom:24px;margin-top:24px;margin-left:0px;margin-right:0px\" align=\"center\">VEVOR s\u00e4hk\u00f6k\u00e4ytt\u00f6inen nostin \u2013 Nosta kuormasi vaivattomasti<\/div>\n<div><img decoding=\"async\" style=\"width:100%\" width=\"100%\" src=\"https:\/\/d2qc09rl1gfuof.cloudfront.net\/product\/DDGSSHLYXYKKENXQQ\/electric-hoist-a100-1.4.jpg\" slate-data-type=\"image\"\/><\/div>\n<div style=\"font-size:14px;text-align:center;color:rgb(34, 34, 34);margin:16px 0px 24px;margin-bottom:24px;margin-top:16px;margin-left:0px;margin-right:0px\" align=\"center\">VEVOR, ainutlaatuinen ty\u00f6kaluasiantuntijasi. T\u00e4ss\u00e4 s\u00e4hk\u00f6k\u00e4ytt\u00f6isess\u00e4 nostimessa on puhdas kuparimoottori, joka tarjoaa suuren kuormakapasiteetin raskaiden esineiden nostamiseen. Pidennetty 4,5 metrin johdotuskaapeli mahdollistaa nostimen ohjaamisen turvallisessa paikassa.<\/div>\n<\/div>\n<div>\n<div style=\"margin:8px 0px;margin-bottom:8px;margin-top:8px;margin-left:0px;margin-right:0px\"><img decoding=\"async\" style=\"width:100%\" width=\"100%\" src=\"https:\/\/d2qc09rl1gfuof.cloudfront.net\/product\/DDGSSHLYXYKKENXQQ\/electric-hoist-a100-2.2.jpg\" slate-data-type=\"image\"\/><\/div>\n<div style=\"font-size:14px;text-align:center;color:rgb(34, 34, 34);margin:16px 0px 24px;margin-bottom:24px;margin-top:16px;margin-left:0px;margin-right:0px\" align=\"center\">Tarvitsetko nopeutta vai voimaa? Vaihda yhden vaijerin tilan v\u00e4lill\u00e4 nopeampia nostoja varten kevyemmill\u00e4 kuormilla tai kahden vaijerin tilan v\u00e4lill\u00e4 raskaampia t\u00f6it\u00e4 varten. S\u00e4hk\u00f6vinssimme on rakennettu kest\u00e4m\u00e4\u00e4n mit\u00e4 tahansa heit\u00e4tkin siihen.<\/div>\n<\/div>\n<div>\n<div style=\"margin:8px 0px;margin-bottom:8px;margin-top:8px;margin-left:0px;margin-right:0px\"><img decoding=\"async\" style=\"width:100%\" width=\"100%\" src=\"https:\/\/d2qc09rl1gfuof.cloudfront.net\/product\/DDGSSHLYXYKKENXQQ\/electric-hoist-a100-2.3.jpg\" slate-data-type=\"image\"\/><\/div>\n<div style=\"font-size:14px;text-align:center;color:rgb(34, 34, 34);margin:16px 0px 24px;margin-bottom:24px;margin-top:16px;margin-left:0px;margin-right:0px\" align=\"center\">Oletpa l\u00e4hell\u00e4 tai kaukana, t\u00e4m\u00e4 kattonostin tarjoaa langallisen kaukos\u00e4\u00e4timen. Jopa 4,5 metrin kantaman ja h\u00e4t\u00e4pys\u00e4ytyskytkimen ansiosta saat mielenrauhaa ja joustavuutta ty\u00f6teht\u00e4vien suorittamiseen oikein.<\/div>\n<\/div>\n<div>\n<div style=\"margin:8px 0px;margin-bottom:8px;margin-top:8px;margin-left:0px;margin-right:0px\"><img decoding=\"async\" style=\"width:100%\" width=\"100%\" src=\"https:\/\/d2qc09rl1gfuof.cloudfront.net\/product\/DDGSSHLYXYKKENXQQ\/electric-hoist-a100-2.4.jpg\" slate-data-type=\"image\"\/><\/div>\n<div style=\"font-size:14px;text-align:center;color:rgb(34, 34, 34);margin:16px 0px 24px;margin-bottom:24px;margin-top:16px;margin-left:0px;margin-right:0px\" align=\"center\">Luotettavalla ilmaj\u00e4\u00e4hdytteisell\u00e4 kuparimoottorilla varustettu autotallinostin tekee nostamisesta helppoa ja tasaista. Sen j\u00e4\u00e4hdytysj\u00e4rjestelm\u00e4 ja tuuletin est\u00e4v\u00e4t ylikuumenemisen, joten voit ty\u00f6skennell\u00e4 pidemp\u00e4\u00e4n ilman ongelmia.<\/div>\n<\/div>\n<div>\n<div style=\"margin:8px 0px;margin-bottom:8px;margin-top:8px;margin-left:0px;margin-right:0px\"><img decoding=\"async\" style=\"width:100%\" width=\"100%\" src=\"https:\/\/d2qc09rl1gfuof.cloudfront.net\/product\/DDGSSHLYXYKKENXQQ\/electric-hoist-a100-2.5.jpg\" slate-data-type=\"image\"\/><\/div>\n<div style=\"font-size:14px;text-align:center;color:rgb(34, 34, 34);margin:16px 0px 24px;margin-bottom:24px;margin-top:16px;margin-left:0px;margin-right:0px\" align=\"center\">Ty\u00f6skenteletp\u00e4 sitten autotallissa, varastossa tai ty\u00f6pajassa, t\u00e4m\u00e4 s\u00e4hk\u00f6inen vaijerinostin mukautuu monenlaisiin teht\u00e4viin, joten se on ihanteellinen ty\u00f6kalu mihin tahansa projektiin.<\/div>\n<\/div>\n<div style=\"margin:16px 0px 24px;margin-bottom:24px;margin-top:16px;margin-left:0px;margin-right:0px\"><\/div>\n<div style=\"margin:24px 0px;margin-bottom:24px;margin-top:24px;margin-left:0px;margin-right:0px\">\n<div style=\"font-size:16px;font-weight:bold;color:rgb(34, 34, 34);margin:24px 0px 16px;margin-bottom:16px;margin-top:24px;margin-left:0px;margin-right:0px\">Ominaisuudet ja tiedot<\/div>\n<ul style=\"margin:16px 0px 24px;margin-bottom:24px;margin-top:16px;margin-left:0px;margin-right:0px\">\n<li style=\"font-size:14px;color:rgb(34, 34, 34)\">\n<p>1280 kg:n nostokapasiteetti: T\u00e4m\u00e4 s\u00e4hk\u00f6k\u00e4ytt\u00f6inen nostin voi helposti nostaa pieni\u00e4 moottoreita, vaihteistoja, suuria korjaamoty\u00f6kaluja tai rakennustarvikkeita. Nostokapasiteetti: 600 kg (yksi vaijeri), 1200 kg (kaksi vaijeri).<\/p>\n<\/li>\n<li style=\"font-size:14px;color:rgb(34, 34, 34)\">\n<p>Tehokas moottori: Korkealaatuinen kuparimoottori tarjoaa vahvan tehon, joka kest\u00e4\u00e4 suuria voimia aiheuttamatta s\u00e4hk\u00f6vinssin muodonmuutoksia. Lis\u00e4ksi suuri j\u00e4\u00e4hdytystuuletin j\u00e4\u00e4hdytt\u00e4\u00e4 koneen nopeasti ylikuumenemisen v\u00e4ltt\u00e4miseksi. Siksi t\u00e4m\u00e4 tehokas moottori varmistaa tehokkaan toiminnan ja s\u00e4\u00e4st\u00e4\u00e4 aikaa ja energiaa.<\/p>\n<\/li>\n<li style=\"font-size:14px;color:rgb(34, 34, 34)\">\n<p>K\u00e4tev\u00e4 asentaa: Autotallinostimemme voidaan ripustaa suoraan kattoon metalli- tai massiivipuulistoilla. Lis\u00e4ksi se on varustettu h\u00e4t\u00e4pys\u00e4ytyskytkimell\u00e4 ja s\u00e4hk\u00f6magneettisella jarruj\u00e4rjestelm\u00e4ll\u00e4, jotka est\u00e4v\u00e4t ep\u00e4normaalin liukumisen.<\/p>\n<\/li>\n<li style=\"font-size:14px;color:rgb(34, 34, 34)\">\n<p>Kaukos\u00e4\u00e4din: Langallinen kaukos\u00e4\u00e4din toimii kattonostimeen asennetun kaapelin ohjaimen kytkimell\u00e4. Jatketun kaapelin pituus on noin 4,5 metri\u00e4, joten laitetta voi k\u00e4ytt\u00e4\u00e4 turvallisen et\u00e4isyyden p\u00e4\u00e4st\u00e4.<\/p>\n<\/li>\n<li style=\"font-size:14px;color:rgb(34, 34, 34)\">\n<p>Monik\u00e4ytt\u00f6inen: T\u00e4t\u00e4 s\u00e4hk\u00f6k\u00e4ytt\u00f6ist\u00e4 vaijerinostinta k\u00e4ytet\u00e4\u00e4n laajalti autotalleissa, tehtaissa, varastoissa ja perheiss\u00e4, sek\u00e4 ammattilaisten ett\u00e4 amat\u00f6\u00f6rien keskuudessa. Se sopii laivojen, autojen, ruohonleikkureiden, golfk\u00e4rryjen, kodinsisustuksen, moottoreiden, lohkareiden, puiden jne. korjaamiseen.<\/p>\n<\/li>\n<\/ul>\n<\/div>\n<div>\n<div>\n<div style=\"margin:16px 0px 24px;margin-bottom:24px;margin-top:16px;margin-left:0px;margin-right:0px\"><img decoding=\"async\" style=\"width:100%\" width=\"100%\" src=\"https:\/\/d2qc09rl1gfuof.cloudfront.net\/product\/DDGSSHLYXYKKENXQQ\/electric-hoist-a100-1.11.jpg\" slate-data-type=\"image\"\/><\/div>\n<\/div>\n<\/div>\n<\/div>\n<div><\/div>\n<\/div>\n<\/div>\n<p><\/p>","protected":false},"excerpt":{"rendered":"<p>Hign-concerned Chemical:&nbsp;None Model Number:&nbsp;PA1200 Origin:&nbsp;Mainland China Brand Name:&nbsp;VEVOR VEVOR Electric Hoist \u2013 Lift Your Cargo with No Effort VEVOR, your exclusive tool expert. This electric hoist features a pure copper<\/p>","protected":false},"featured_media":24993,"comment_status":"open","ping_status":"closed","template":"","meta":{"_acf_changed":false},"product_brand":[],"product_cat":[517],"product_tag":[],"class_list":{"0":"post-24992","1":"product","2":"type-product","3":"status-publish","4":"has-post-thumbnail","6":"product_cat-electric-lifting-hoists","8":"first","9":"instock","10":"shipping-taxable","11":"purchasable","12":"product-type-variable"},"acf":[],"_links":{"self":[{"href":"https:\/\/www.electricstore.eu\/fi\/wp-json\/wp\/v2\/product\/24992","targetHints":{"allow":["GET"]}}],"collection":[{"href":"https:\/\/www.electricstore.eu\/fi\/wp-json\/wp\/v2\/product"}],"about":[{"href":"https:\/\/www.electricstore.eu\/fi\/wp-json\/wp\/v2\/types\/product"}],"replies":[{"embeddable":true,"href":"https:\/\/www.electricstore.eu\/fi\/wp-json\/wp\/v2\/comments?post=24992"}],"wp:featuredmedia":[{"embeddable":true,"href":"https:\/\/www.electricstore.eu\/fi\/wp-json\/wp\/v2\/media\/24993"}],"wp:attachment":[{"href":"https:\/\/www.electricstore.eu\/fi\/wp-json\/wp\/v2\/media?parent=24992"}],"wp:term":[{"taxonomy":"product_brand","embeddable":true,"href":"https:\/\/www.electricstore.eu\/fi\/wp-json\/wp\/v2\/product_brand?post=24992"},{"taxonomy":"product_cat","embeddable":true,"href":"https:\/\/www.electricstore.eu\/fi\/wp-json\/wp\/v2\/product_cat?post=24992"},{"taxonomy":"product_tag","embeddable":true,"href":"https:\/\/www.electricstore.eu\/fi\/wp-json\/wp\/v2\/product_tag?post=24992"}],"curies":[{"name":"wp","href":"https:\/\/api.w.org\/{rel}","templated":true}]}}