{"id":24985,"date":"2025-05-20T18:43:43","date_gmt":"2025-05-20T18:43:43","guid":{"rendered":"https:\/\/electricstore.eu\/p\/uncategorized\/vevor-8000-lbs-electric-winch-atv-nylon-rope-winch-with-wireless-handheld-remote-for-towing-car-trailer-clearance-sale\/"},"modified":"2025-05-20T18:47:03","modified_gmt":"2025-05-20T18:47:03","slug":"vevor-8000-lbs-electric-winch-atv-nylon-rope-winch-with-wireless-handheld-remote-for-towing-car-trailer-clearance-sale","status":"publish","type":"product","link":"https:\/\/www.electricstore.eu\/fi\/p\/o\/electric-winches\/vevor-8000-lbs-electric-winch-atv-nylon-rope-winch-with-wireless-handheld-remote-for-towing-car-trailer-clearance-sale\/","title":{"rendered":"VEVOR 8000 lbs s\u00e4hk\u00f6vinssi m\u00f6nkij\u00e4lle nailonk\u00f6ysivinssi langattomalla kaukos\u00e4\u00e4timell\u00e4 auton ja per\u00e4vaunun vet\u00e4miseen loppuunmyynti"},"content":{"rendered":"<div class=\"product-specs-list-container\">\n<ul class=\"product-specs-list util-clearfix\">\n<li class=\"product-prop line-limit-length\"><span\n                                        class=\"property-title\">Huolenaiheinen kemikaali:&nbsp;<\/span><span\n                                        class=\"property-desc line-limit-length\">Ei mit\u00e4\u00e4n<\/span>\n                            <\/li>\n<li class=\"product-prop line-limit-length\"><span\n                                        class=\"property-title\">Mallinumero:&nbsp;<\/span><span\n                                        class=\"property-desc line-limit-length\">S8000<\/span>\n                            <\/li>\n<li class=\"product-prop line-limit-length\"><span\n                                        class=\"property-title\">Alkuper\u00e4:&nbsp;<\/span><span\n                                        class=\"property-desc line-limit-length\">Manner-Kiina<\/span>\n                            <\/li>\n<li class=\"product-prop line-limit-length\"><span\n                                        class=\"property-title\">Tuotemerkki:&nbsp;<\/span><span\n                                        class=\"property-desc line-limit-length\">VEVOR<\/span>\n                            <\/li>\n<\/ul><\/div>\n<div class=\"detailmodule_html\">\n<div class=\"detail-desc-decorate-richtext\">\n<div style=\"font-family:&quot;Open sans&quot;, Arial, Helvetica, sans-serif\">\n<div><img decoding=\"async\" style=\"width:100%\" width=\"100%\" src=\"https:\/\/d2qc09rl1gfuof.cloudfront.net\/vevor\/boutique-banner\/pc\/banner-en.jpg\" slate-data-type=\"image\"\/><\/div>\n<div>\n<div style=\"font-size:16px;font-weight:bold;text-align:center;color:rgb(34, 34, 34);margin:24px 0px;margin-bottom:24px;margin-top:24px;margin-left:0px;margin-right:0px\" align=\"center\">\u00c4l\u00e4 j\u00e4\u00e4 jumiin, hanki VEVOR-s\u00e4hk\u00f6vinssi!<\/div>\n<div><img decoding=\"async\" style=\"width:100%\" width=\"100%\" src=\"https:\/\/d2qc09rl1gfuof.cloudfront.net\/product\/DDHCSJPHCSYCY7YP5\/electric-winch-a100-1.4.jpg\" slate-data-type=\"image\"\/><\/div>\n<div style=\"font-size:14px;text-align:center;color:rgb(34, 34, 34);margin:16px 0px 24px;margin-bottom:24px;margin-top:16px;margin-left:0px;margin-right:0px\" align=\"center\">S\u00e4hk\u00f6vinssiss\u00e4mme on tehokas kuparimoottori luotettavaa suorituskyky\u00e4 varten. Langattoman 2-in-1-kaukos\u00e4\u00e4timen avulla voit helposti k\u00e4ytt\u00e4\u00e4 vinssi\u00e4 et\u00e4n\u00e4. Vinssi on t\u00e4ysin vedenpit\u00e4v\u00e4 huolettomaan ulkok\u00e4ytt\u00f6\u00f6n, ja korkealaatuinen vaijeri varmistaa, ettei se katkea helposti.<\/div>\n<\/div>\n<div>\n<div style=\"margin:8px 0px;margin-bottom:8px;margin-top:8px;margin-left:0px;margin-right:0px\"><img decoding=\"async\" style=\"width:100%\" width=\"100%\" src=\"https:\/\/d2qc09rl1gfuof.cloudfront.net\/product\/DDHCSJPHCSYCY7YP5\/electric-winch-a100-2.2.jpg\" slate-data-type=\"image\"\/><\/div>\n<div style=\"font-size:14px;text-align:center;color:rgb(34, 34, 34);margin:16px 0px 24px;margin-bottom:24px;margin-top:16px;margin-left:0px;margin-right:0px\" align=\"center\">Siin\u00e4 on tehokas, puhdaskuparinen 12 V:n moottori, jonka teho on eritt\u00e4in korkea, joten se sopii p\u00e4ivitt\u00e4isiin maastopelastust\u00f6ihin. Tarkka kolmivaiheinen planeettavaihteisto mahdollistaa vinssin vakaan ja pitk\u00e4n k\u00e4ytt\u00f6i\u00e4n, ja siin\u00e4 on vapaasti vet\u00e4v\u00e4 kytkinj\u00e4rjestelm\u00e4.<\/div>\n<\/div>\n<div>\n<div style=\"margin:8px 0px;margin-bottom:8px;margin-top:8px;margin-left:0px;margin-right:0px\"><img decoding=\"async\" style=\"width:100%\" width=\"100%\" src=\"https:\/\/d2qc09rl1gfuof.cloudfront.net\/product\/DDHCSJPHCSYCY7YP5\/electric-winch-a100-2.3.jpg\" slate-data-type=\"image\"\/><\/div>\n<div style=\"font-size:14px;text-align:center;color:rgb(34, 34, 34);margin:16px 0px 24px;margin-bottom:24px;margin-top:16px;margin-left:0px;margin-right:0px\" align=\"center\">T\u00e4m\u00e4 s\u00e4hk\u00f6vinssi on vedenpit\u00e4v\u00e4 ja selvi\u00e4\u00e4 helposti monimutkaisista ulko-olosuhteista. Se on varma mudasta, sateesta ja lumesta.<\/div>\n<\/div>\n<div>\n<div style=\"margin:8px 0px;margin-bottom:8px;margin-top:8px;margin-left:0px;margin-right:0px\"><img decoding=\"async\" style=\"width:100%\" width=\"100%\" src=\"https:\/\/d2qc09rl1gfuof.cloudfront.net\/product\/DDHCSJPHCSYCY7YP5\/electric-winch-a100-2.4.jpg\" slate-data-type=\"image\"\/><\/div>\n<div style=\"font-size:14px;text-align:center;color:rgb(34, 34, 34);margin:16px 0px 24px;margin-bottom:24px;margin-top:16px;margin-left:0px;margin-right:0px\" align=\"center\">Nailonk\u00f6ysi: valmistettu UHMWPE-materiaalista, 12-s\u00e4ikeinen, kevyt, ei uppoa veteen eik\u00e4 vahingoita k\u00e4si\u00e4. Viimeisill\u00e4 viidell\u00e4 kierroksella on punaiset merkinn\u00e4t, jotka on helppo tunnistaa kaukaa.<\/div>\n<\/div>\n<div>\n<div style=\"margin:8px 0px;margin-bottom:8px;margin-top:8px;margin-left:0px;margin-right:0px\"><img decoding=\"async\" style=\"width:100%\" width=\"100%\" src=\"https:\/\/d2qc09rl1gfuof.cloudfront.net\/product\/DDHCSJPHCSYCY7YP5\/electric-winch-a100-2.5.jpg\" slate-data-type=\"image\"\/><\/div>\n<div style=\"font-size:14px;text-align:center;color:rgb(34, 34, 34);margin:16px 0px 24px;margin-bottom:24px;margin-top:16px;margin-left:0px;margin-right:0px\" align=\"center\">Se sopii m\u00f6nkij\u00f6ille, keskikokoisille ja suurille katumaastureille, kuorma-autoille ja jopa jahdeille. Tehokas vetovoima suojaa jokaista matkaa.<\/div>\n<\/div>\n<div style=\"margin:16px 0px 24px;margin-bottom:24px;margin-top:16px;margin-left:0px;margin-right:0px\"><\/div>\n<div style=\"margin:24px 0px;margin-bottom:24px;margin-top:24px;margin-left:0px;margin-right:0px\">\n<div style=\"font-size:16px;font-weight:bold;color:rgb(34, 34, 34);margin:24px 0px 16px;margin-bottom:16px;margin-top:24px;margin-left:0px;margin-right:0px\">Ominaisuudet ja tiedot<\/div>\n<ul style=\"margin:16px 0px 24px;margin-bottom:24px;margin-top:16px;margin-left:0px;margin-right:0px\">\n<li style=\"font-size:14px;color:rgb(34, 34, 34)\">\n<p>Puhdas kuparimoottori: S\u00e4hk\u00f6vinssiss\u00e4mme on tehokas, puhdas kuparimoottori, jonka j\u00e4nnite on 12 V ja teho eritt\u00e4in korkea, joten se sopii p\u00e4ivitt\u00e4isiin maastopelastust\u00f6ihin. Lis\u00e4ksi tarkka kolmivaiheinen planeettavaihteisto mahdollistaa vinssin vakaan ja pitk\u00e4n toiminnan.<\/p>\n<\/li>\n<li style=\"font-size:14px;color:rgb(34, 34, 34)\">\n<p>IP67-vedenpit\u00e4vyys: T\u00e4m\u00e4 vinssi on IP67-vedenpit\u00e4v\u00e4, joten se selvi\u00e4\u00e4 helposti monimutkaisista ulko-olosuhteista. T\u00e4m\u00e4n ominaisuuden ansiosta se on suojassa mudalta, rankkasateelta ja lumelta.<\/p>\n<\/li>\n<li style=\"font-size:14px;color:rgb(34, 34, 34)\">\n<p>Soveltuu erityyppisille ajoneuvoille: Se sopii m\u00f6nkij\u00f6ille, keskikokoisille ja suurille katumaastureille, kuorma-autoille ja jopa jahdeille. Tehokas vetovoima suojaa jokaista matkaa.<\/p>\n<\/li>\n<li style=\"font-size:14px;color:rgb(34, 34, 34)\">\n<p>Ensiluokkainen vaijeri: VEVOR-s\u00e4hk\u00f6vinssiss\u00e4 on 12-s\u00e4ikeinen, eritt\u00e4in luja nailonvaijeri, joka kest\u00e4\u00e4 kaikenlaisia maalla ja veden alla teht\u00e4vi\u00e4 vetoja nimellisvoimalla. Vaijerin viisi viimeist\u00e4 rullaa on merkitty punaisella turvallisuussyist\u00e4.<\/p>\n<\/li>\n<li style=\"font-size:14px;color:rgb(34, 34, 34)\">\n<p>Langaton kaukos\u00e4\u00e4din: Vinssi\u00e4 ohjataan langattomalla kaukos\u00e4\u00e4timell\u00e4 noin 20 metrin (66 jalan) et\u00e4isyydelt\u00e4. Se varmistaa, ett\u00e4 k\u00e4ytt\u00e4j\u00e4 pysyy turvallisessa asennossa k\u00e4yt\u00f6n aikana ja helpottaa kaiken asettamista yksin pelatessa.<\/p>\n<\/li>\n<\/ul>\n<\/div>\n<div>\n<div>\n<div style=\"margin:16px 0px 24px;margin-bottom:24px;margin-top:16px;margin-left:0px;margin-right:0px\"><img decoding=\"async\" style=\"width:100%\" width=\"100%\" src=\"https:\/\/d2qc09rl1gfuof.cloudfront.net\/product\/DDHCSJPHCSYCY7YP5\/electric-winch-a100-1.11.jpg\" slate-data-type=\"image\"\/><\/div>\n<\/div>\n<\/div>\n<\/div>\n<div><\/div>\n<\/div>\n<\/div>\n<p><\/p>","protected":false},"excerpt":{"rendered":"<p>Hign-concerned Chemical:&nbsp;None Model Number:&nbsp;S8000 Origin:&nbsp;Mainland China Brand Name:&nbsp;VEVOR Don&#x27;t get stuck, get a VEVOR electric winch! Our electric winch features a high-power copper motor for reliable performance. With the 2-in-1<\/p>","protected":false},"featured_media":24986,"comment_status":"open","ping_status":"closed","template":"","meta":{"_acf_changed":false},"product_brand":[],"product_cat":[522],"product_tag":[],"class_list":{"0":"post-24985","1":"product","2":"type-product","3":"status-publish","4":"has-post-thumbnail","6":"product_cat-electric-winches","8":"first","9":"instock","10":"shipping-taxable","11":"purchasable","12":"product-type-variable"},"acf":[],"_links":{"self":[{"href":"https:\/\/www.electricstore.eu\/fi\/wp-json\/wp\/v2\/product\/24985","targetHints":{"allow":["GET"]}}],"collection":[{"href":"https:\/\/www.electricstore.eu\/fi\/wp-json\/wp\/v2\/product"}],"about":[{"href":"https:\/\/www.electricstore.eu\/fi\/wp-json\/wp\/v2\/types\/product"}],"replies":[{"embeddable":true,"href":"https:\/\/www.electricstore.eu\/fi\/wp-json\/wp\/v2\/comments?post=24985"}],"wp:featuredmedia":[{"embeddable":true,"href":"https:\/\/www.electricstore.eu\/fi\/wp-json\/wp\/v2\/media\/24986"}],"wp:attachment":[{"href":"https:\/\/www.electricstore.eu\/fi\/wp-json\/wp\/v2\/media?parent=24985"}],"wp:term":[{"taxonomy":"product_brand","embeddable":true,"href":"https:\/\/www.electricstore.eu\/fi\/wp-json\/wp\/v2\/product_brand?post=24985"},{"taxonomy":"product_cat","embeddable":true,"href":"https:\/\/www.electricstore.eu\/fi\/wp-json\/wp\/v2\/product_cat?post=24985"},{"taxonomy":"product_tag","embeddable":true,"href":"https:\/\/www.electricstore.eu\/fi\/wp-json\/wp\/v2\/product_tag?post=24985"}],"curies":[{"name":"wp","href":"https:\/\/api.w.org\/{rel}","templated":true}]}}