{"id":24974,"date":"2025-05-20T18:43:39","date_gmt":"2025-05-20T18:43:39","guid":{"rendered":"https:\/\/electricstore.eu\/p\/uncategorized\/vevor-2200-lbs-electric-chain-hoist-single-phase-overhead-lifting-crane-with-chain-10-ft-wired-remote-control-for-garage\/"},"modified":"2025-05-20T18:46:42","modified_gmt":"2025-05-20T18:46:42","slug":"vevor-2200-lbs-electric-chain-hoist-single-phase-overhead-lifting-crane-with-chain-10-ft-wired-remote-control-for-garage","status":"publish","type":"product","link":"https:\/\/www.electricstore.eu\/fi\/p\/o\/electric-lifting-hoists\/vevor-2200-lbs-electric-chain-hoist-single-phase-overhead-lifting-crane-with-chain-10-ft-wired-remote-control-for-garage\/","title":{"rendered":"VEVOR 2200 lbs s\u00e4hk\u00f6inen ketjunostin yksivaiheinen siltanosturi ketjulla 10 jalan johdollinen kaukos\u00e4\u00e4din autotalliin"},"content":{"rendered":"<div class=\"product-specs-list-container\">\n<ul class=\"product-specs-list util-clearfix\">\n<li class=\"product-prop line-limit-length\"><span\n                                        class=\"property-title\">Huolenaiheinen kemikaali:&nbsp;<\/span><span\n                                        class=\"property-desc line-limit-length\">Ei mit\u00e4\u00e4n<\/span>\n                            <\/li>\n<li class=\"product-prop line-limit-length\"><span\n                                        class=\"property-title\">Mallinumero:&nbsp;<\/span><span\n                                        class=\"property-desc line-limit-length\">H10<\/span>\n                            <\/li>\n<li class=\"product-prop line-limit-length\"><span\n                                        class=\"property-title\">Alkuper\u00e4:&nbsp;<\/span><span\n                                        class=\"property-desc line-limit-length\">Manner-Kiina<\/span>\n                            <\/li>\n<li class=\"product-prop line-limit-length\"><span\n                                        class=\"property-title\">Tuotemerkki:&nbsp;<\/span><span\n                                        class=\"property-desc line-limit-length\">VEVOR<\/span>\n                            <\/li>\n<\/ul><\/div>\n<div class=\"detailmodule_html\">\n<div class=\"detail-desc-decorate-richtext\">\n<div style=\"font-family:&quot;Open sans&quot;, Arial, Helvetica, sans-serif\">\n<div><img decoding=\"async\" style=\"width:100%\" width=\"100%\" src=\"https:\/\/d2qc09rl1gfuof.cloudfront.net\/vevor\/boutique-banner\/pc\/banner-en.jpg\" slate-data-type=\"image\"\/><\/div>\n<div>\n<div style=\"font-size:16px;font-weight:bold;text-align:center;color:rgb(34, 34, 34);margin:24px 0px;margin-bottom:24px;margin-top:24px;margin-left:0px;margin-right:0px\" align=\"center\">VEVOR s\u00e4hk\u00f6ketjunostin \u2013 Muuta tapaasi ajatella nostamista<\/div>\n<div><img decoding=\"async\" style=\"width:100%\" width=\"100%\" src=\"https:\/\/d2qc09rl1gfuof.cloudfront.net\/product\/DDSHLHLDXD11P0U2T\/chain-hoist-a100-1.4-pt.jpg\" slate-data-type=\"image\"\/><\/div>\n<div style=\"font-size:14px;text-align:center;color:rgb(34, 34, 34);margin:16px 0px 24px;margin-bottom:24px;margin-top:16px;margin-left:0px;margin-right:0px\" align=\"center\">Selviydy kaikista raskaista nostimista 2200 paunan voimalla! S\u00e4hk\u00f6ketjunostimemme on varma valintasi autotallin ja korjaamon teht\u00e4viin. IP54-luokiteltu nostin kest\u00e4\u00e4 kaikki s\u00e4\u00e4olosuhteet ja ymp\u00e4rist\u00f6t, joten se on luotettava valinta.<\/div>\n<\/div>\n<div>\n<div style=\"margin:8px 0px;margin-bottom:8px;margin-top:8px;margin-left:0px;margin-right:0px\"><img decoding=\"async\" style=\"width:100%\" width=\"100%\" src=\"https:\/\/d2qc09rl1gfuof.cloudfront.net\/product\/DDSHLHLDXD11P0U2T\/chain-hoist-a100-2.2-pt.jpg\" slate-data-type=\"image\"\/><\/div>\n<div style=\"font-size:14px;text-align:center;color:rgb(34, 34, 34);margin:16px 0px 24px;margin-bottom:24px;margin-top:16px;margin-left:0px;margin-right:0px\" align=\"center\">Tutustu s\u00e4hk\u00f6nostimen DT-luokan hiiletettyyn ketjuun, joka on \u00e4\u00e4rimm\u00e4isen kest\u00e4v\u00e4. Yli 5%:n \u00e4\u00e4rimm\u00e4isen venym\u00e4n ansiosta se on tehty kest\u00e4m\u00e4\u00e4n eik\u00e4 pet\u00e4 sinua. Ei katkeamista, ei taipumista, vain puhdasta nostovoimaa!<\/div>\n<\/div>\n<div>\n<div style=\"margin:8px 0px;margin-bottom:8px;margin-top:8px;margin-left:0px;margin-right:0px\"><img decoding=\"async\" style=\"width:100%\" width=\"100%\" src=\"https:\/\/d2qc09rl1gfuof.cloudfront.net\/product\/DDSHLHLDXD11P0U2T\/chain-hoist-a100-2.3-pt.jpg\" slate-data-type=\"image\"\/><\/div>\n<div style=\"font-size:14px;text-align:center;color:rgb(34, 34, 34);margin:16px 0px 24px;margin-bottom:24px;margin-top:16px;margin-left:0px;margin-right:0px\" align=\"center\">J\u00e4t\u00e4 hyv\u00e4stit vaivallolle! S\u00e4hk\u00f6isess\u00e4 ketjunostimessamme on nostolenkki ja eritt\u00e4in herkk\u00e4 kaukos\u00e4\u00e4din, jonka avulla nostat ja lasket helposti. Turvallinen, k\u00e4tev\u00e4 ja hauska k\u00e4ytt\u00e4\u00e4 \u2013 mit\u00e4p\u00e4 ei rakastaisi?<\/div>\n<\/div>\n<div>\n<div style=\"margin:8px 0px;margin-bottom:8px;margin-top:8px;margin-left:0px;margin-right:0px\"><img decoding=\"async\" style=\"width:100%\" width=\"100%\" src=\"https:\/\/d2qc09rl1gfuof.cloudfront.net\/product\/DDSHLHLDXD11P0U2T\/chain-hoist-a100-2.4-pt.jpg\" slate-data-type=\"image\"\/><\/div>\n<div style=\"font-size:14px;text-align:center;color:rgb(34, 34, 34);margin:16px 0px 24px;margin-bottom:24px;margin-top:16px;margin-left:0px;margin-right:0px\" align=\"center\">Kuparimoottorilla ja F-luokan eristyksell\u00e4 varustettu s\u00e4hk\u00f6ketjunostin kest\u00e4\u00e4 jopa 155 \u00b0C:n l\u00e4mp\u00f6tilan. 11 500 rpm:n nopeudella py\u00f6riv\u00e4ll\u00e4 nostimella on tehoa ty\u00f6h\u00f6n miss\u00e4 tahansa tilanteessa.<\/div>\n<\/div>\n<div>\n<div style=\"margin:8px 0px;margin-bottom:8px;margin-top:8px;margin-left:0px;margin-right:0px\"><img decoding=\"async\" style=\"width:100%\" width=\"100%\" src=\"https:\/\/d2qc09rl1gfuof.cloudfront.net\/product\/DDSHLHLDXD11P0U2T\/chain-hoist-a100-2.5-pt.jpg\" slate-data-type=\"image\"\/><\/div>\n<div style=\"font-size:14px;text-align:center;color:rgb(34, 34, 34);margin:16px 0px 24px;margin-bottom:24px;margin-top:16px;margin-left:0px;margin-right:0px\" align=\"center\">Yksi henkil\u00f6, yksi nostin, loputtomat mahdollisuudet. Ketjus\u00e4hk\u00f6inen nostimemme on suunniteltu nopeaa ja helppoa asennusta varten, joten voit aloittaa nostamisen ja siirt\u00e4misen hetkess\u00e4. Paranna tuottavuuttasi jo t\u00e4n\u00e4\u00e4n!<\/div>\n<\/div>\n<div style=\"margin:16px 0px 24px;margin-bottom:24px;margin-top:16px;margin-left:0px;margin-right:0px\"><\/div>\n<div style=\"margin:24px 0px;margin-bottom:24px;margin-top:24px;margin-left:0px;margin-right:0px\">\n<div style=\"font-size:16px;font-weight:bold;color:rgb(34, 34, 34);margin:24px 0px 16px;margin-bottom:16px;margin-top:24px;margin-left:0px;margin-right:0px\">Ominaisuudet ja tiedot<\/div>\n<ul style=\"margin:16px 0px 24px;margin-bottom:24px;margin-top:16px;margin-left:0px;margin-right:0px\">\n<li style=\"font-size:14px;color:rgb(34, 34, 34)\">\n<p>1000 kg:n nostokapasiteetti: Sano hei 1000 kg:n nostovoimalle! S\u00e4hk\u00f6ketjunostimessamme on huippuluokan DT-hiiletetty ketju kest\u00e4vyyden ja lujuuden takaamiseksi. Lis\u00e4ksi 3 metrin nostokorkeuden ansiosta se on riitt\u00e4v\u00e4n joustava mihin tahansa tilaan.<\/p>\n<\/li>\n<li style=\"font-size:14px;color:rgb(34, 34, 34)\">\n<p>Tehokas moottori: Tunne voima! Ketjunostimemme kuparimoottori on rakennettu kest\u00e4m\u00e4\u00e4n, ja sen F-luokan eristys takaa luotettavan toiminnan jopa 155 \u00b0C:n korkeissa l\u00e4mp\u00f6tiloissa. Se py\u00f6rii jopa 11 500 rpm, joten se on valmis selviytym\u00e4\u00e4n kaikista raskaista nostoteht\u00e4vist\u00e4 vaivattomasti. Olitpa sitten sis\u00e4ll\u00e4 tai ulkona, se pit\u00e4\u00e4 huolen siit\u00e4.<\/p>\n<\/li>\n<li style=\"font-size:14px;color:rgb(34, 34, 34)\">\n<p>Vaivaton asennus: Asennus on helppoa! Kiinnit\u00e4 s\u00e4hk\u00f6ketjunostimemme kattoon metalli- tai puulistoilla. Siin\u00e4 on h\u00e4t\u00e4pys\u00e4ytys ja s\u00e4hk\u00f6magneettinen jarru, joten voit rentoutua tiet\u00e4en, ett\u00e4 se on turvallinen.<\/p>\n<\/li>\n<li style=\"font-size:14px;color:rgb(34, 34, 34)\">\n<p>Pidennetty ohjauskaapeli: Pysy turvassa ja hallinnassa pidennetyn 3 metrin kaapelimme avulla. K\u00e4yt\u00e4 ketjuk\u00e4ytt\u00f6ist\u00e4 s\u00e4hk\u00f6k\u00e4ytt\u00f6ist\u00e4 nostinta mukavalta et\u00e4isyydelt\u00e4 helppok\u00e4ytt\u00f6isen kahvakytkimen avulla.<\/p>\n<\/li>\n<li style=\"font-size:14px;color:rgb(34, 34, 34)\">\n<p>Yksi nostin kaikkiin t\u00f6ihin: S\u00e4hk\u00f6k\u00e4ytt\u00f6inen ketjunostimemme sopii erinomaisesti autotalleihin, kauppoihin, hotelleihin ja koteihin. Se on ammattilaisten ja harrastelijoiden ehdoton valinta. Nosta veneit\u00e4, autoja, ruohonleikkureita, golfk\u00e4rryj\u00e4, kodinsisustusta, moottoreita, lohkareita, puita, raskaita laitteita tai ripusta mets\u00e4stysmuistot helposti. Se on monipuolinen apulainen, jota olet etsinyt!<\/p>\n<\/li>\n<\/ul>\n<\/div>\n<div>\n<div>\n<div style=\"margin:16px 0px 24px;margin-bottom:24px;margin-top:16px;margin-left:0px;margin-right:0px\"><img decoding=\"async\" style=\"width:100%\" width=\"100%\" src=\"https:\/\/d2qc09rl1gfuof.cloudfront.net\/product\/DDSHLHLDXD11P0U2T\/chain-hoist-a100-1.11-pt.jpg\" slate-data-type=\"image\"\/><\/div>\n<\/div>\n<\/div>\n<\/div>\n<\/div>\n<\/div>\n<p><\/p>","protected":false},"excerpt":{"rendered":"<p>Hign-concerned Chemical:&nbsp;None Model Number:&nbsp;H10 Origin:&nbsp;Mainland China Brand Name:&nbsp;VEVOR VEVOR Electric Chain Hoist \u2013 Change the Way You Look at Lifting Tackle any heavy lifter with 2200 lbs of strength! Our<\/p>","protected":false},"featured_media":24975,"comment_status":"open","ping_status":"closed","template":"","meta":{"_acf_changed":false},"product_brand":[],"product_cat":[517],"product_tag":[],"class_list":{"0":"post-24974","1":"product","2":"type-product","3":"status-publish","4":"has-post-thumbnail","6":"product_cat-electric-lifting-hoists","8":"first","9":"instock","10":"shipping-taxable","11":"purchasable","12":"product-type-variable"},"acf":[],"_links":{"self":[{"href":"https:\/\/www.electricstore.eu\/fi\/wp-json\/wp\/v2\/product\/24974","targetHints":{"allow":["GET"]}}],"collection":[{"href":"https:\/\/www.electricstore.eu\/fi\/wp-json\/wp\/v2\/product"}],"about":[{"href":"https:\/\/www.electricstore.eu\/fi\/wp-json\/wp\/v2\/types\/product"}],"replies":[{"embeddable":true,"href":"https:\/\/www.electricstore.eu\/fi\/wp-json\/wp\/v2\/comments?post=24974"}],"wp:featuredmedia":[{"embeddable":true,"href":"https:\/\/www.electricstore.eu\/fi\/wp-json\/wp\/v2\/media\/24975"}],"wp:attachment":[{"href":"https:\/\/www.electricstore.eu\/fi\/wp-json\/wp\/v2\/media?parent=24974"}],"wp:term":[{"taxonomy":"product_brand","embeddable":true,"href":"https:\/\/www.electricstore.eu\/fi\/wp-json\/wp\/v2\/product_brand?post=24974"},{"taxonomy":"product_cat","embeddable":true,"href":"https:\/\/www.electricstore.eu\/fi\/wp-json\/wp\/v2\/product_cat?post=24974"},{"taxonomy":"product_tag","embeddable":true,"href":"https:\/\/www.electricstore.eu\/fi\/wp-json\/wp\/v2\/product_tag?post=24974"}],"curies":[{"name":"wp","href":"https:\/\/api.w.org\/{rel}","templated":true}]}}