{"id":24918,"date":"2025-05-20T18:43:27","date_gmt":"2025-05-20T18:43:27","guid":{"rendered":"https:\/\/electricstore.eu\/p\/uncategorized\/vevor-3t-chain-sling-6-ft-heavy-duty-lifting-chains-with-2-leg-grab-hooks-g80-for-engine-manual-hoist-lifting-tool\/"},"modified":"2025-05-20T18:46:19","modified_gmt":"2025-05-20T18:46:19","slug":"vevor-3t-chain-sling-6-ft-heavy-duty-lifting-chains-with-2-leg-grab-hooks-g80-for-engine-manual-hoist-lifting-tool","status":"publish","type":"product","link":"https:\/\/www.electricstore.eu\/fi\/p\/o\/electric-lifting-hoists\/vevor-3t-chain-sling-6-ft-heavy-duty-lifting-chains-with-2-leg-grab-hooks-g80-for-engine-manual-hoist-lifting-tool\/","title":{"rendered":"VEVOR 3T ketjulenkki, 6 jalkaa, raskaaseen k\u00e4ytt\u00f6\u00f6n tarkoitettu nostoketju, jossa on 2 jalkaa ja tartuntakoukkua, G80 moottorin manuaaliseen nostolaitteeseen"},"content":{"rendered":"<div class=\"product-specs-list-container\">\n<ul class=\"product-specs-list util-clearfix\">\n<li class=\"product-prop line-limit-length\"><span\n                                        class=\"property-title\">Huolenaiheinen kemikaali:&nbsp;<\/span><span\n                                        class=\"property-desc line-limit-length\">Ei mit\u00e4\u00e4n<\/span>\n                            <\/li>\n<li class=\"product-prop line-limit-length\"><span\n                                        class=\"property-title\">Mallinumero:&nbsp;<\/span><span\n                                        class=\"property-desc line-limit-length\">DL8mmx1.8m-2A<\/span>\n                            <\/li>\n<li class=\"product-prop line-limit-length\"><span\n                                        class=\"property-title\">Tee-se-itse-tarvikkeet:&nbsp;<\/span><span\n                                        class=\"property-desc line-limit-length\">Metallity\u00f6t<\/span>\n                            <\/li>\n<li class=\"product-prop line-limit-length\"><span\n                                        class=\"property-title\">Materiaali:&nbsp;<\/span><span\n                                        class=\"property-desc line-limit-length\">Ruostumaton ter\u00e4s<\/span>\n                            <\/li>\n<li class=\"product-prop line-limit-length\"><span\n                                        class=\"property-title\">Tuotemerkki:&nbsp;<\/span><span\n                                        class=\"property-desc line-limit-length\">VEVOR<\/span>\n                            <\/li>\n<li class=\"product-prop line-limit-length\"><span\n                                        class=\"property-title\">Alkuper\u00e4:&nbsp;<\/span><span\n                                        class=\"property-desc line-limit-length\">Manner-Kiina<\/span>\n                            <\/li>\n<li class=\"product-prop line-limit-length\"><span\n                                        class=\"property-title\">Merkki:&nbsp;<\/span><span\n                                        class=\"property-desc line-limit-length\">VEVOR<\/span>\n                            <\/li>\n<li class=\"product-prop line-limit-length\"><span\n                                        class=\"property-title\">Yhden ketjun pituus:&nbsp;<\/span><span\n                                        class=\"property-desc line-limit-length\">180 cm<\/span>\n                            <\/li>\n<li class=\"product-prop line-limit-length\"><span\n                                        class=\"property-title\">Kokonaislujuusluokka:&nbsp;<\/span><span\n                                        class=\"property-desc line-limit-length\">G80<\/span>\n                            <\/li>\n<li class=\"product-prop line-limit-length\"><span\n                                        class=\"property-title\">Suurin turvallinen kuormitus:&nbsp;<\/span><span\n                                        class=\"property-desc line-limit-length\">6600 paunaa \/ 2993 kg<\/span>\n                            <\/li>\n<li class=\"product-prop line-limit-length\"><span\n                                        class=\"property-title\">Tuotteen paino:&nbsp;<\/span><span\n                                        class=\"property-desc line-limit-length\">16,53 paunaa \/ 7,5 kg<\/span>\n                            <\/li>\n<li class=\"product-prop line-limit-length\"><span\n                                        class=\"property-title\">Tyyppi:&nbsp;<\/span><span\n                                        class=\"property-desc line-limit-length\">Ketjuhihna<\/span>\n                            <\/li>\n<\/ul><\/div>\n<div class=\"detailmodule_html\">\n<div class=\"detail-desc-decorate-richtext\">\n<div><\/div>\n<div style=\"font-family:&quot;Open sans&quot;, Arial, Helvetica, sans-serif\">\n<div><img decoding=\"async\" style=\"width:100%\" width=\"100%\" src=\"https:\/\/d2qc09rl1gfuof.cloudfront.net\/vevor\/boutique-banner\/pc\/banner-en.jpg\" slate-data-type=\"image\"\/><\/div>\n<div>\n<div style=\"font-size:16px;font-weight:bold;text-align:center;color:rgb(34, 34, 34);margin:24px 0px;margin-bottom:24px;margin-top:24px;margin-left:0px;margin-right:0px\" align=\"center\">VEVOR-ketjulenkki \u2013 Kiinnit\u00e4 kuormat lujasti ja helposti<\/div>\n<div><img decoding=\"async\" style=\"width:100%\" width=\"100%\" src=\"https:\/\/d2qc09rl1gfuof.cloudfront.net\/product\/DGDLHHMGFH1J576AY\/chain-sling-a100-1.4-pt.jpg\" slate-data-type=\"image\"\/><\/div>\n<div style=\"font-size:14px;text-align:center;color:rgb(34, 34, 34);margin:16px 0px 24px;margin-bottom:24px;margin-top:16px;margin-left:0px;margin-right:0px\" align=\"center\">VEVOR, ainutlaatuinen ty\u00f6kaluasiantuntijasi. T\u00e4m\u00e4 ketjulenkki on valmistettu korkealaatuisesta ter\u00e4ksest\u00e4. Siin\u00e4 on my\u00f6s jousikielill\u00e4 varustetut koukut paremman pidon ja suurten lastien kiinnitt\u00e4misen takaamiseksi.<\/div>\n<\/div>\n<div>\n<div>\u00a0<\/div>\n<div style=\"margin:8px 0px;margin-bottom:8px;margin-top:8px;margin-left:0px;margin-right:0px\"><img decoding=\"async\" style=\"width:100%\" width=\"100%\" src=\"https:\/\/d2qc09rl1gfuof.cloudfront.net\/product\/DGDLHHMGFH1J576AY\/chain-sling-a100-2.2-pt.jpg\" slate-data-type=\"image\"\/><\/div>\n<div style=\"font-size:14px;text-align:center;color:rgb(34, 34, 34);margin:16px 0px 24px;margin-bottom:24px;margin-top:16px;margin-left:0px;margin-right:0px\" align=\"center\">Nostoketjut on k\u00e4sitelty mustauksella ja renkaat\/koukut muoviruiskutuksella. Ne ovat kauniita ja ruostumattomia, ja pitk\u00e4aikaisen k\u00e4yt\u00f6n j\u00e4lkeenkin uudenveroiset.<\/div>\n<\/div>\n<div>\n<div>\u00a0<\/div>\n<div style=\"margin:8px 0px;margin-bottom:8px;margin-top:8px;margin-left:0px;margin-right:0px\"><img decoding=\"async\" style=\"width:100%\" width=\"100%\" src=\"https:\/\/d2qc09rl1gfuof.cloudfront.net\/product\/DGDLHHMGFH1J576AY\/chain-sling-a100-2.3-pt.jpg\" slate-data-type=\"image\"\/><\/div>\n<div style=\"font-size:14px;text-align:center;color:rgb(34, 34, 34);margin:16px 0px 24px;margin-bottom:24px;margin-top:16px;margin-left:0px;margin-right:0px\" align=\"center\">T\u00e4m\u00e4 nostoketju on varustettu jousikielell\u00e4 esineiden turvalliseen nostamiseen. Ketjun pituutta on helppo s\u00e4\u00e4t\u00e4\u00e4 eri painoisille ja tilavuuksisille esineille sopivaksi.<\/div>\n<\/div>\n<div>\n<div>\u00a0<\/div>\n<div style=\"margin:8px 0px;margin-bottom:8px;margin-top:8px;margin-left:0px;margin-right:0px\"><img decoding=\"async\" style=\"width:100%\" width=\"100%\" src=\"https:\/\/d2qc09rl1gfuof.cloudfront.net\/product\/DGDLHHMGFH1J576AY\/chain-sling-a100-2.4-pt.jpg\" slate-data-type=\"image\"\/><\/div>\n<div style=\"font-size:14px;text-align:center;color:rgb(34, 34, 34);margin:16px 0px 24px;margin-bottom:24px;margin-top:16px;margin-left:0px;margin-right:0px\" align=\"center\">Moottorinostoketjuamme k\u00e4ytet\u00e4\u00e4n erilaisiin nosto- ja siirtoteht\u00e4viin, kuten tukkien, ter\u00e4spalkkien, laituriosien, maatalousty\u00f6kalujen, autojen moottoreiden, vaihteistojen, kuorma-autojen ja traktorien renkaiden jne. nostamiseen.<\/div>\n<\/div>\n<div>\n<div>\u00a0<\/div>\n<div style=\"margin:8px 0px;margin-bottom:8px;margin-top:8px;margin-left:0px;margin-right:0px\"><img decoding=\"async\" style=\"width:100%\" width=\"100%\" src=\"https:\/\/d2qc09rl1gfuof.cloudfront.net\/product\/DGDLHHMGFH1J576AY\/chain-sling-a100-2.5-pt.jpg\" slate-data-type=\"image\"\/><\/div>\n<div style=\"font-size:14px;text-align:center;color:rgb(34, 34, 34);margin:16px 0px 24px;margin-bottom:24px;margin-top:16px;margin-left:0px;margin-right:0px\" align=\"center\">Nostoketjun hyvin suunnitellut yksityiskohdat voivat tyydytt\u00e4\u00e4 erilaiset nostotarpeesi ja auttaa ratkaisemaan kaikenlaisia ongelmia.<\/div>\n<\/div>\n<div style=\"margin:16px 0px 24px;margin-bottom:24px;margin-top:16px;margin-left:0px;margin-right:0px\"><\/div>\n<div style=\"margin:24px 0px;margin-bottom:24px;margin-top:24px;margin-left:0px;margin-right:0px\">\n<div style=\"font-size:16px;font-weight:bold;color:rgb(34, 34, 34);margin:24px 0px 16px;margin-bottom:16px;margin-top:24px;margin-left:0px;margin-right:0px\">Ominaisuudet ja tiedot<\/div>\n<ul style=\"margin:16px 0px 24px;margin-bottom:24px;margin-top:16px;margin-left:0px;margin-right:0px\">\n<li style=\"font-size:14px;color:rgb(34, 34, 34)\">\n<p>6 600 paunan kuormituskapasiteetti: Ketjun pituus: 6 jalkaa. Ketjun halkaisija: 5\/16&quot;. Suurin ty\u00f6kapasiteetti: 6 600 paunaa. Voit k\u00e4ytt\u00e4\u00e4 nostoketjujamme huoletta korkean turvallisuuskertoimen ansiosta.<\/p>\n<\/li>\n<li style=\"font-size:14px;color:rgb(34, 34, 34)\">\n<p>Kest\u00e4v\u00e4 ketju ja koukut: G80 Mn-ter\u00e4ksest\u00e4 valmistetussa ketjulenkiss\u00e4mme on t\u00e4ysautomaattinen hitsaustekniikka, joka on suunniteltu pitk\u00e4aikaiseen k\u00e4ytt\u00f6\u00f6n.<\/p>\n<\/li>\n<li style=\"font-size:14px;color:rgb(34, 34, 34)\">\n<p>Kahdella s\u00e4\u00e4timell\u00e4: Nostoketjuissamme on kaksi s\u00e4\u00e4dint\u00e4, joiden avulla voit s\u00e4\u00e4t\u00e4\u00e4 ketjun pituutta. T\u00e4m\u00e4 tekee nostamisesta turvallisempaa ja vakaampaa ep\u00e4s\u00e4\u00e4nn\u00f6llisi\u00e4 esineit\u00e4 nostettaessa.<\/p>\n<\/li>\n<li style=\"font-size:14px;color:rgb(34, 34, 34)\">\n<p>K\u00e4ytt\u00f6\u00e4 koskevat varotoimet: Esine on ripustettava koukun keskelle. Koukun reunaa ei saa roikkua koukun sis\u00e4ll\u00e4. Nostolenkin ketjua ei saa kierrell\u00e4, k\u00e4\u00e4nt\u00e4\u00e4 yl\u00f6salaisin tai kierty\u00e4.<\/p>\n<\/li>\n<li style=\"font-size:14px;color:rgb(34, 34, 34)\">\n<p>Laaja k\u00e4ytt\u00f6alue: Moottorin nostoketjua k\u00e4ytet\u00e4\u00e4n laajalti erilaisissa nosto- ja liikkuvissa toiminnoissa, mukaan lukien tukit, ter\u00e4spalkit, laituriosat, maatalousty\u00f6kalut, autojen moottorit, nopeusvaihteistot, kuorma-autot, traktorinrenkaat jne.<\/p>\n<\/li>\n<\/ul>\n<\/div>\n<div>\n<div>\u00a0<\/div>\n<div>\n<div>\u00a0<\/div>\n<div style=\"margin:16px 0px 24px;margin-bottom:24px;margin-top:16px;margin-left:0px;margin-right:0px\"><strong>8 mm<\/strong><\/div>\n<div style=\"margin:16px 0px 24px;margin-bottom:24px;margin-top:16px;margin-left:0px;margin-right:0px\"><img decoding=\"async\" style=\"width:100%\" width=\"100%\" src=\"https:\/\/d2qc09rl1gfuof.cloudfront.net\/product\/DGDLHHMGFH1J576AY\/chain-sling-a100-1.11-pt.jpg\" slate-data-type=\"image\"\/><\/div>\n<\/div>\n<\/div>\n<div>\n<div>\u00a0<\/div>\n<div>\n<div>\u00a0<\/div>\n<div style=\"margin:16px 0px 24px;margin-bottom:24px;margin-top:16px;margin-left:0px;margin-right:0px\"><strong>10 mm<\/strong><\/div>\n<div style=\"margin:16px 0px 24px;margin-bottom:24px;margin-top:16px;margin-left:0px;margin-right:0px\"><img decoding=\"async\" style=\"width:100%\" width=\"100%\" src=\"https:\/\/d2qc09rl1gfuof.cloudfront.net\/product\/DGDLMGFH1JZ67A30T\/chain-sling-a100-1.11-pt.jpg\" slate-data-type=\"image\"\/><\/div>\n<\/div>\n<\/div>\n<\/div>\n<\/div>\n<\/div>\n<p><\/p>","protected":false},"excerpt":{"rendered":"<p>Hign-concerned Chemical:&nbsp;None Model Number:&nbsp;DL8mmx1.8m-2A DIY Supplies:&nbsp;Metalworking Material:&nbsp;Stainless steel Brand Name:&nbsp;VEVOR Origin:&nbsp;Mainland China Brand:&nbsp;VEVOR Single Chain Length:&nbsp;6 ft\/180 cm Overall Strength Grade:&nbsp;G80 Max Secure Load:&nbsp;6600 lbs\/2993 kg Product Weight:&nbsp;16.53 lbs\/7.5 kg<\/p>","protected":false},"featured_media":24919,"comment_status":"open","ping_status":"closed","template":"","meta":{"_acf_changed":false},"product_brand":[],"product_cat":[517],"product_tag":[],"class_list":{"0":"post-24918","1":"product","2":"type-product","3":"status-publish","4":"has-post-thumbnail","6":"product_cat-electric-lifting-hoists","8":"first","9":"instock","10":"shipping-taxable","11":"purchasable","12":"product-type-variable"},"acf":[],"_links":{"self":[{"href":"https:\/\/www.electricstore.eu\/fi\/wp-json\/wp\/v2\/product\/24918","targetHints":{"allow":["GET"]}}],"collection":[{"href":"https:\/\/www.electricstore.eu\/fi\/wp-json\/wp\/v2\/product"}],"about":[{"href":"https:\/\/www.electricstore.eu\/fi\/wp-json\/wp\/v2\/types\/product"}],"replies":[{"embeddable":true,"href":"https:\/\/www.electricstore.eu\/fi\/wp-json\/wp\/v2\/comments?post=24918"}],"wp:featuredmedia":[{"embeddable":true,"href":"https:\/\/www.electricstore.eu\/fi\/wp-json\/wp\/v2\/media\/24919"}],"wp:attachment":[{"href":"https:\/\/www.electricstore.eu\/fi\/wp-json\/wp\/v2\/media?parent=24918"}],"wp:term":[{"taxonomy":"product_brand","embeddable":true,"href":"https:\/\/www.electricstore.eu\/fi\/wp-json\/wp\/v2\/product_brand?post=24918"},{"taxonomy":"product_cat","embeddable":true,"href":"https:\/\/www.electricstore.eu\/fi\/wp-json\/wp\/v2\/product_cat?post=24918"},{"taxonomy":"product_tag","embeddable":true,"href":"https:\/\/www.electricstore.eu\/fi\/wp-json\/wp\/v2\/product_tag?post=24918"}],"curies":[{"name":"wp","href":"https:\/\/api.w.org\/{rel}","templated":true}]}}