{"id":24907,"date":"2025-05-20T18:43:23","date_gmt":"2025-05-20T18:43:23","guid":{"rendered":"https:\/\/electricstore.eu\/p\/uncategorized\/vevor-lifting-chain-sling-lifts-5-tonne-1-5m-3m-4m-x-5-16-inch-heavy-duty-with-4-legs-grade-hooks-and-adjuster-g80-alloy-steel\/"},"modified":"2025-05-20T18:45:47","modified_gmt":"2025-05-20T18:45:47","slug":"vevor-lifting-chain-sling-lifts-5-tonne-1-5m-3m-4m-x-5-16-inch-heavy-duty-with-4-legs-grade-hooks-and-adjuster-g80-alloy-steel","status":"publish","type":"product","link":"https:\/\/www.electricstore.eu\/fi\/p\/o\/electric-lifting-hoists\/vevor-lifting-chain-sling-lifts-5-tonne-1-5m-3m-4m-x-5-16-inch-heavy-duty-with-4-legs-grade-hooks-and-adjuster-g80-alloy-steel\/","title":{"rendered":"VEVOR-nostoketjunostimet, 5 tonnia, 1,5 m, 3 m, 4 m x 5\/16 tuumaa, raskaaseen k\u00e4ytt\u00f6\u00f6n, 4 jalkaa, koukut ja s\u00e4\u00e4t\u00f6laite, G80-seoster\u00e4st\u00e4"},"content":{"rendered":"<div class=\"product-specs-list-container\">\n<ul class=\"product-specs-list util-clearfix\">\n<li class=\"product-prop line-limit-length\"><span\n                                        class=\"property-title\">Huolenaiheinen kemikaali:&nbsp;<\/span><span\n                                        class=\"property-desc line-limit-length\">Ei mit\u00e4\u00e4n<\/span>\n                            <\/li>\n<li class=\"product-prop line-limit-length\"><span\n                                        class=\"property-title\">Alkuper\u00e4:&nbsp;<\/span><span\n                                        class=\"property-desc line-limit-length\">Manner-Kiina<\/span>\n                            <\/li>\n<li class=\"product-prop line-limit-length\"><span\n                                        class=\"property-title\">Tuotemerkki:&nbsp;<\/span><span\n                                        class=\"property-desc line-limit-length\">VEVOR<\/span>\n                            <\/li>\n<\/ul><\/div>\n<p><\/p>\n<div class=\"detailmodule_html\">\n<div class=\"detail-desc-decorate-richtext\">\n<div>\n<\/div>\n<div style=\"padding:20px;padding-bottom:20px;padding-top:20px;padding-left:20px;padding-right:20px\">\n<div style=\"text-align:center;width:100%\" align=\"center\"><img decoding=\"async\" src=\"https:\/\/vevor-bmp-prm.s3.ap-east-1.amazonaws.com\/default\/vevor-1.png\" slate-data-type=\"image\"\/><\/div>\n<div style=\"font-size:16px;font-weight:bold;line-height:36px\">Tuotekuvaus<\/div>\n<div style=\"width:100%\"><img decoding=\"async\" src=\"https:\/\/d2qc09rl1gfuof.cloudfront.net\/product\/4MSGLT00000000001\/chain-slings-a100-1.4.jpg\" slate-data-type=\"image\"\/><\/div>\n<div style=\"margin-top:15px;display:flex\">\n<div style=\"width:33%\"><img decoding=\"async\" style=\"width:100%\" width=\"100%\" src=\"https:\/\/d2qc09rl1gfuof.cloudfront.net\/product\/4MSGLT00000000001\/four-leg-Lifting-Chain-x1.jpg\" slate-data-type=\"image\"\/><\/div>\n<div style=\"padding:0px 15px;padding-bottom:0px;padding-top:0px;padding-left:15px;padding-right:15px;width:33%\">\n<div style=\"font-size:16px;font-weight:bold;line-height:36px\">5\/16&#039;&#039;x13&#039; ketjuhihna<\/div>\n<div style=\"font-size:14px\"><\/div>\n<div style=\"font-size:14px\">T\u00e4m\u00e4 nelihaarainen ketjuraksi on valmistettu G80 Mn-ter\u00e4ksest\u00e4 valmistetusta ketjusta ja pulverimaalatusta seoster\u00e4ksest\u00e4 valmistetusta koukusta, joka ei ulotu rasituksessa. Se on kulutusta ja korkeita l\u00e4mp\u00f6tiloja kest\u00e4v\u00e4, mik\u00e4 takaa pitk\u00e4n k\u00e4ytt\u00f6i\u00e4n ja on hy\u00f6dyllinen ty\u00f6kalu ty\u00f6tehokkuuden parantamiseen.<\/div>\n<ul style=\"font-size:14px;background-color:rgb(243, 243, 243);border:1px solid rgb(204, 204, 204);margin-top:8px;padding:10px 40px;padding-bottom:10px;padding-top:10px;padding-left:40px;padding-right:40px\">\n<li>\n<p>11 000 paunan lastauskapasiteetti<\/p>\n<\/li>\n<li>\n<p>Kest\u00e4v\u00e4 ter\u00e4srakenne<\/p>\n<\/li>\n<li>\n<p>Kest\u00e4v\u00e4t ketjut ja koukut<\/p>\n<\/li>\n<li>\n<p>K\u00e4ytt\u00f6\u00e4 koskevat varotoimet<\/p>\n<\/li>\n<\/ul>\n<\/div>\n<div style=\"border-left:1px solid rgb(204, 204, 204);padding:0px 15px;padding-bottom:0px;padding-top:0px;padding-left:15px;padding-right:15px;width:33%\">\n<div>\u00a0<\/div>\n<div style=\"padding:0px 15px;padding-bottom:0px;padding-top:0px;padding-left:15px;padding-right:15px\">\n<div><img decoding=\"async\" style=\"width:100%\" width=\"100%\" src=\"https:\/\/www.jinlantrade.com\/ebay\/VEVOR\/vevor-2.png\" slate-data-type=\"image\"\/><\/div>\n<div style=\"font-size:14px;font-weight:bold;line-height:24px\">Kest\u00e4v\u00e4t laitteet ja ty\u00f6kalut, maksa v\u00e4hemm\u00e4n<\/div>\n<div style=\"font-size:12px;margin:8px 0px;margin-bottom:8px;margin-top:8px;margin-left:0px;margin-right:0px\">VEVOR on johtava tuotemerkki, joka on erikoistunut laitteisiin ja ty\u00f6kaluihin. Tuhansien motivoituneiden ty\u00f6ntekij\u00f6idens\u00e4 ohella VEVOR on omistautunut tarjoamaan asiakkailleen kest\u00e4vi\u00e4 laitteita ja ty\u00f6kaluja uskomattoman edulliseen hintaan. Nyky\u00e4\u00e4n VEVORin tuotteita myyd\u00e4\u00e4n yli 200 maassa ja alueella, ja sill\u00e4 on yli 10 miljoonaa j\u00e4sent\u00e4 maailmanlaajuisesti.<\/div>\n<div style=\"font-size:14px;font-weight:bold;line-height:24px\">Miksi valita VEVOR?<\/div>\n<ul style=\"font-size:14px;background-color:rgb(243, 243, 243);border:1px solid rgb(204, 204, 204);margin-top:8px;padding:10px 40px;padding-bottom:10px;padding-top:10px;padding-left:40px;padding-right:40px\">\n<li>\n<p>Ensiluokkaista kest\u00e4v\u00e4\u00e4 laatua<\/p>\n<\/li>\n<li>\n<p>Uskomattoman alhaiset hinnat<\/p>\n<\/li>\n<li>\n<p>Nopea ja turvallinen toimitus<\/p>\n<\/li>\n<li>\n<p>30 p\u00e4iv\u00e4n ilmainen palautus<\/p>\n<\/li>\n<li>\n<p>24\/7 huomaavainen palvelu<\/p>\n<\/li>\n<\/ul>\n<\/div>\n<\/div>\n<\/div>\n<div style=\"margin-top:30px\">\n<div style=\"font-size:16px;font-weight:bold;line-height:36px\">T\u00e4rkeimm\u00e4t ominaisuudet<\/div>\n<div style=\"padding:30px;padding-bottom:30px;padding-top:30px;padding-left:30px;padding-right:30px\">\n<div>\n<div style=\"margin-top:15px;padding:0px 15px;padding-bottom:0px;padding-top:0px;padding-left:15px;padding-right:15px;display:inline-block;width:33%;box-sizing:border-box\">\n<div><img decoding=\"async\" style=\"width:100%\" width=\"100%\" src=\"https:\/\/d2qc09rl1gfuof.cloudfront.net\/product\/4MSGLT00000000001\/chain-slings-m100-2.jpg\" slate-data-type=\"image\"\/><\/div>\n<div style=\"font-size:16px;font-weight:bold;line-height:36px\">Suuri lastauskapasiteetti<\/div>\n<div style=\"font-size:14px\">Sen nimelliskapasiteetti on 11 000 paunaa ja vetolujuus yli 800 MPa. Sit\u00e4 on k\u00e4ytett\u00e4v\u00e4 nimelliskuormituksensa rajoissa.<\/div>\n<\/div>\n<div style=\"margin-top:15px;padding:0px 15px;padding-bottom:0px;padding-top:0px;padding-left:15px;padding-right:15px;display:inline-block;width:33%;box-sizing:border-box\">\n<div><img decoding=\"async\" style=\"width:100%\" width=\"100%\" src=\"https:\/\/d2qc09rl1gfuof.cloudfront.net\/product\/4MSGLT00000000001\/chain-slings-m100-3.jpg\" slate-data-type=\"image\"\/><\/div>\n<div style=\"font-size:16px;font-weight:bold;line-height:36px\">Vankka rakenne<\/div>\n<div style=\"font-size:14px\">Koko rakenne on valmistettu ensiluokkaisesta ter\u00e4ksest\u00e4, jolla on parempi korroosion-, ruosteen- ja hankautumiskest\u00e4vyys.<\/div>\n<\/div>\n<div style=\"margin-top:15px;padding:0px 15px;padding-bottom:0px;padding-top:0px;padding-left:15px;padding-right:15px;display:inline-block;width:33%;box-sizing:border-box\">\n<div><img decoding=\"async\" style=\"width:100%\" width=\"100%\" src=\"https:\/\/d2qc09rl1gfuof.cloudfront.net\/product\/4MSGLT00000000001\/chain-slings-m100-4.jpg\" slate-data-type=\"image\"\/><\/div>\n<div style=\"font-size:16px;font-weight:bold;line-height:36px\">Raskas ketju<\/div>\n<div style=\"font-size:14px\">5\/16&#039;&#039;x13&#039; pitk\u00e4 ketju on valmistettu Mn-ter\u00e4ksest\u00e4. Se on kulutusta kest\u00e4v\u00e4 eik\u00e4 pidenny rasituksessa.<\/div>\n<\/div>\n<div style=\"margin-top:15px;padding:0px 15px;padding-bottom:0px;padding-top:0px;padding-left:15px;padding-right:15px;display:inline-block;width:33%;box-sizing:border-box\">\n<div><img decoding=\"async\" style=\"width:100%\" width=\"100%\" src=\"https:\/\/d2qc09rl1gfuof.cloudfront.net\/product\/4MSGLT00000000001\/chain-slings-m100-5.jpg\" slate-data-type=\"image\"\/><\/div>\n<div style=\"font-size:16px;font-weight:bold;line-height:36px\">Itselukittuva koukku<\/div>\n<div style=\"font-size:14px\">Koukku on valmistettu seoster\u00e4ksest\u00e4 lujuuden ja kovuuden vaatimusten t\u00e4ytt\u00e4miseksi ja liukumisen est\u00e4miseksi.<\/div>\n<\/div>\n<div style=\"margin-top:15px;padding:0px 15px;padding-bottom:0px;padding-top:0px;padding-left:15px;padding-right:15px;display:inline-block;width:33%;box-sizing:border-box\">\n<div><img decoding=\"async\" style=\"width:100%\" width=\"100%\" src=\"https:\/\/d2qc09rl1gfuof.cloudfront.net\/product\/4MSGLT00000000001\/chain-slings-m100-6.jpg\" slate-data-type=\"image\"\/><\/div>\n<div style=\"font-size:16px;font-weight:bold;line-height:36px\">Helppok\u00e4ytt\u00f6inen<\/div>\n<div style=\"font-size:14px\">Kiinnit\u00e4 ripustusrengas nostimeesi ja ripusta kuormat koukkuun, niin olet valmis aloittamaan nostamisen.<\/div>\n<\/div>\n<div style=\"margin-top:15px;padding:0px 15px;padding-bottom:0px;padding-top:0px;padding-left:15px;padding-right:15px;display:inline-block;width:33%;box-sizing:border-box\">\n<div><img decoding=\"async\" style=\"width:100%\" width=\"100%\" src=\"https:\/\/d2qc09rl1gfuof.cloudfront.net\/product\/4MSGLT00000000001\/chain-slings-m100-7.jpg\" slate-data-type=\"image\"\/><\/div>\n<div style=\"font-size:16px;font-weight:bold;line-height:36px\">Laajasti k\u00e4ytetty<\/div>\n<div style=\"font-size:14px\">Sopii kuormien nostamiseen tai siirt\u00e4miseen eri teollisuudenaloilla, kuten koneissa, tehtaissa, varastoissa, autotalleissa jne.<\/div>\n<\/div>\n<\/div>\n<\/div>\n<\/div>\n<div style=\"margin-top:15px;display:flex\">\n<div style=\"width:33%\"><img decoding=\"async\" style=\"width:100%\" width=\"100%\" src=\"https:\/\/d2qc09rl1gfuof.cloudfront.net\/product\/4MSGLT00000000001\/chain-slings-a100-2.jpg\" slate-data-type=\"image\"\/><\/div>\n<div style=\"padding:0px 15px;padding-bottom:0px;padding-top:0px;padding-left:15px;padding-right:15px;width:33%\">\n<div style=\"font-size:16px;font-weight:bold;line-height:36px\">Tekniset tiedot<\/div>\n<ul style=\"font-size:14px;border:1px solid rgb(204, 204, 204);margin-top:8px;padding:10px 40px;padding-bottom:10px;padding-top:10px;padding-left:40px;padding-right:40px\">\n<li>\n<p>Materiaali: G80, seoster\u00e4s<\/p>\n<\/li>\n<li>\n<p>Ketjujuuri: 4<\/p>\n<\/li>\n<li>\n<p>Ketjun halkaisija: 5\/16&quot;\/8 mm<\/p>\n<\/li>\n<li>\n<p>Ty\u00f6skentelypituus: 13&#039; \/ 4 m<\/p>\n<\/li>\n<li>\n<p>Kantavuus: 5 t<\/p>\n<\/li>\n<li>\n<p>Turvakerroin: 4:1<\/p>\n<\/li>\n<\/ul>\n<\/div>\n<div style=\"border-left:1px solid rgb(204, 204, 204);padding:0px 15px;padding-bottom:0px;padding-top:0px;padding-left:15px;padding-right:15px;width:33%\">\n<div style=\"width:100%\"><img decoding=\"async\" style=\"width:100%\" width=\"100%\" src=\"https:\/\/d2qc09rl1gfuof.cloudfront.net\/product\/4MSGLT00000000001\/chain-slings-a100-3.jpg\" slate-data-type=\"image\"\/><\/div>\n<div style=\"font-size:14px;font-weight:bold;line-height:24px\">Pakkauksen sis\u00e4lt\u00f6<\/div>\n<ul style=\"font-size:14px;background-color:rgb(243, 243, 243);border:1px solid rgb(204, 204, 204);margin-top:8px;padding:10px 40px;padding-bottom:10px;padding-top:10px;padding-left:40px;padding-right:40px\">\n<li>\n<p>1 x Ketjulenkki<\/p>\n<\/li>\n<\/ul>\n<\/div>\n<\/div>\n<div>\u00a0<\/div>\n<div>\n<div style=\"font-size:16px;font-weight:bold;line-height:36px\">Ominaisuudet ja tiedot<\/div>\n<ul style=\"font-size:14px;padding-left:40px\">\n<li>\n<p>\u3010KANTAVUUS 11 000 PAUNAA\u3011 - Ketjun pituus: 13&#039;. Ketjun halkaisija: 5\/16&#039;&#039;. Murtolujuus on yli 800 MPa. Ty\u00f6kapasiteetti: 11 000 paunaa. Voit k\u00e4ytt\u00e4\u00e4 t\u00e4t\u00e4 tuotetta mukavasti korkean turvallisuuskertoimen ansiosta.<\/p>\n<\/li>\n<li>\n<p>\u3010KEST\u00c4V\u00c4 TER\u00c4SRAKENNE\u3011 - G80 Mn-ter\u00e4sketjusta ja seoster\u00e4ksest\u00e4 valmistetusta koukusta valmistetussa ketjulenkiss\u00e4mme on t\u00e4ysautomaattinen hitsaustekniikka, joka on suunniteltu pitk\u00e4aikaiseen k\u00e4ytt\u00f6\u00f6n.<\/p>\n<\/li>\n<li>\n<p>\u3010KESKITT\u00c4V\u00c4 KETJU JA KOUKUT\u3011 - T\u00e4m\u00e4n ketjuhihnan ketju on valmistettu G80 Mn-ter\u00e4ksest\u00e4. Nostolenkki ja koukku ovat pulverimaalattua seoster\u00e4st\u00e4. Se kest\u00e4\u00e4 kulutusta ja korkeita l\u00e4mp\u00f6tiloja.<\/p>\n<\/li>\n<li>\n<p>\u3010K\u00c4YTT\u00d6\u00c4 KOSKEVAT VAROTOIMENPITEET\u3011- Esineiden on roikkuttava koukun keskell\u00e4. Koukun reunaa ei saa roikkua koukun sis\u00e4ll\u00e4. V\u00e4\u00e4ristynytt\u00e4, yl\u00f6salaisin olevaa tai sotkeutunutta ketjua ei saa k\u00e4ytt\u00e4\u00e4.<\/p>\n<\/li>\n<li>\n<p>\u3010LAAJA K\u00c4YTT\u00d6KOHTEE\u3011 - Se sopii erinomaisesti erilaisiin nosto- ja siirtotoimintoihin tehtaissa, rakennusty\u00f6mailla, kaivosteollisuudessa, satamissa, rakennuksissa jne. Raskas ketjuhihna on suunniteltu lastin turvahinaukseen ja -k\u00e4sittelyyn.<\/p>\n<\/li>\n<li>\n<p>Ketjun k\u00e4ytt\u00f6<\/p>\n<\/li>\n<li>\n<p>Jos jokin seuraavista oireista ilmenee, ketjunostureiden k\u00e4ytt\u00f6 on lopetettava v\u00e4litt\u00f6m\u00e4sti<\/p>\n<\/li>\n<li>\n<p>A. Alkuper\u00e4isen osan 10% halkaisija vaurioitunut;<\/p>\n<\/li>\n<li>\n<p>B. Ketjussa n\u00e4kyy halkeamia, taipumista, v\u00e4\u00e4ntymist\u00e4 tai pintavaurioita (ilmi\u00f6);<\/p>\n<\/li>\n<li>\n<p>C. Ketjun pysyv\u00e4 venym\u00e4 ylitt\u00e4\u00e4 5% todellisesta pituudesta.<\/p>\n<\/li>\n<li>\n<p>Huomio<\/p>\n<\/li>\n<li>\n<p>Raskaita esineit\u00e4 nostettaessa k\u00e4ytt\u00e4jien tulisi v\u00e4ltt\u00e4\u00e4 esineiden alla tai l\u00e4hell\u00e4 seisomista;<\/p>\n<\/li>\n<li>\n<p>K\u00e4ytt\u00e4jien tulee tarkistaa k\u00f6ydet s\u00e4\u00e4nn\u00f6llisesti visuaalisten vaurioiden varalta, mukaan lukien vammojen alla piilev\u00e4t tahrat, jotka voivat vaarantaa k\u00f6ysien turvallisen k\u00e4yt\u00f6n.<\/p>\n<\/li>\n<\/ul>\n<\/div>\n<\/div>\n<\/div>\n<\/div>\n<p><\/p>","protected":false},"excerpt":{"rendered":"<p>Hign-concerned Chemical:&nbsp;None Origin:&nbsp;Mainland China Brand Name:&nbsp;VEVOR Product Description 5\/16&#x27;&#x27;x13&#x27; Chain Sling This Chain Sling of four legs is constructed of a G80 Mn-steel chain and alloy steel hook with powder<\/p>","protected":false},"featured_media":24908,"comment_status":"open","ping_status":"closed","template":"","meta":{"_acf_changed":false},"product_brand":[],"product_cat":[517],"product_tag":[],"class_list":{"0":"post-24907","1":"product","2":"type-product","3":"status-publish","4":"has-post-thumbnail","6":"product_cat-electric-lifting-hoists","8":"first","9":"instock","10":"shipping-taxable","11":"purchasable","12":"product-type-variable"},"acf":[],"_links":{"self":[{"href":"https:\/\/www.electricstore.eu\/fi\/wp-json\/wp\/v2\/product\/24907","targetHints":{"allow":["GET"]}}],"collection":[{"href":"https:\/\/www.electricstore.eu\/fi\/wp-json\/wp\/v2\/product"}],"about":[{"href":"https:\/\/www.electricstore.eu\/fi\/wp-json\/wp\/v2\/types\/product"}],"replies":[{"embeddable":true,"href":"https:\/\/www.electricstore.eu\/fi\/wp-json\/wp\/v2\/comments?post=24907"}],"wp:featuredmedia":[{"embeddable":true,"href":"https:\/\/www.electricstore.eu\/fi\/wp-json\/wp\/v2\/media\/24908"}],"wp:attachment":[{"href":"https:\/\/www.electricstore.eu\/fi\/wp-json\/wp\/v2\/media?parent=24907"}],"wp:term":[{"taxonomy":"product_brand","embeddable":true,"href":"https:\/\/www.electricstore.eu\/fi\/wp-json\/wp\/v2\/product_brand?post=24907"},{"taxonomy":"product_cat","embeddable":true,"href":"https:\/\/www.electricstore.eu\/fi\/wp-json\/wp\/v2\/product_cat?post=24907"},{"taxonomy":"product_tag","embeddable":true,"href":"https:\/\/www.electricstore.eu\/fi\/wp-json\/wp\/v2\/product_tag?post=24907"}],"curies":[{"name":"wp","href":"https:\/\/api.w.org\/{rel}","templated":true}]}}