{"id":24808,"date":"2025-05-20T18:42:57","date_gmt":"2025-05-20T18:42:57","guid":{"rendered":"https:\/\/electricstore.eu\/p\/uncategorized\/vevor-hj819-rc-boat-2-4ghz-12-km-h-high-speed-remote-control-racing-ship-water-speed-boat-children-model-toy-for-kids-adults\/"},"modified":"2025-05-20T18:44:32","modified_gmt":"2025-05-20T18:44:32","slug":"vevor-hj819-rc-boat-2-4ghz-12-km-h-high-speed-remote-control-racing-ship-water-speed-boat-children-model-toy-for-kids-adults","status":"publish","type":"product","link":"https:\/\/www.electricstore.eu\/fi\/p\/rc\/rc-cars\/vevor-hj819-rc-boat-2-4ghz-12-km-h-high-speed-remote-control-racing-ship-water-speed-boat-children-model-toy-for-kids-adults\/","title":{"rendered":"VEVOR HJ819 RC-vene 2,4 GHz 12 km\/h nopea kaukos\u00e4\u00e4din kilpa-alus vesinopeusvene lasten mallilelu lapsille aikuisille"},"content":{"rendered":"<div class=\"product-specs-list-container\">\n<ul class=\"product-specs-list util-clearfix\">\n<li class=\"product-prop line-limit-length\"><span\n                                        class=\"property-title\">Huolenaiheinen kemikaali:&nbsp;<\/span><span\n                                        class=\"property-desc line-limit-length\">Ei mit\u00e4\u00e4n<\/span>\n                            <\/li>\n<li class=\"product-prop line-limit-length\"><span\n                                        class=\"property-title\">Onko s\u00e4hk\u00f6inen:&nbsp;<\/span><span\n                                        class=\"property-desc line-limit-length\">litiumparisto<\/span>\n                            <\/li>\n<li class=\"product-prop line-limit-length\"><span\n                                        class=\"property-title\">Viivakoodi:&nbsp;<\/span><span\n                                        class=\"property-desc line-limit-length\">Ei<\/span>\n                            <\/li>\n<li class=\"product-prop line-limit-length\"><span\n                                        class=\"property-title\">Virtal\u00e4hde:&nbsp;<\/span><span\n                                        class=\"property-desc line-limit-length\">S\u00e4hk\u00f6inen<\/span>\n                            <\/li>\n<li class=\"product-prop line-limit-length\"><span\n                                        class=\"property-title\">Mallinumero:&nbsp;<\/span><span\n                                        class=\"property-desc line-limit-length\">HJ819<\/span>\n                            <\/li>\n<li class=\"product-prop line-limit-length\"><span\n                                        class=\"property-title\">Suurin nopeus:&nbsp;<\/span><span\n                                        class=\"property-desc line-limit-length\">12 km\/h<\/span>\n                            <\/li>\n<li class=\"product-prop line-limit-length\"><span\n                                        class=\"property-title\">Taajuus:&nbsp;<\/span><span\n                                        class=\"property-desc line-limit-length\">2,4 GHz<\/span>\n                            <\/li>\n<li class=\"product-prop line-limit-length\"><span\n                                        class=\"property-title\">Kokouksen osavaltio:&nbsp;<\/span><span\n                                        class=\"property-desc line-limit-length\">Kokoamaton pakkaus<\/span>\n                            <\/li>\n<li class=\"product-prop line-limit-length\"><span\n                                        class=\"property-title\">Kaukos\u00e4\u00e4din:&nbsp;<\/span><span\n                                        class=\"property-desc line-limit-length\">Kyll\u00e4<\/span>\n                            <\/li>\n<li class=\"product-prop line-limit-length\"><span\n                                        class=\"property-title\">Materiaali:&nbsp;<\/span><span\n                                        class=\"property-desc line-limit-length\">Muovi<\/span>\n                            <\/li>\n<li class=\"product-prop line-limit-length\"><span\n                                        class=\"property-title\">Suositeltu ik\u00e4:&nbsp;<\/span><span\n                                        class=\"property-desc line-limit-length\">6\u201312-vuotiaille<\/span>\n                            <\/li>\n<li class=\"product-prop line-limit-length\"><span\n                                        class=\"property-title\">Alkuper\u00e4:&nbsp;<\/span><span\n                                        class=\"property-desc line-limit-length\">Manner-Kiina<\/span>\n                            <\/li>\n<li class=\"product-prop line-limit-length\"><span\n                                        class=\"property-title\">Design:&nbsp;<\/span><span\n                                        class=\"property-desc line-limit-length\">Pikavene<\/span>\n                            <\/li>\n<li class=\"product-prop line-limit-length\"><span\n                                        class=\"property-title\">Tyyppi:&nbsp;<\/span><span\n                                        class=\"property-desc line-limit-length\">Vene ja laiva<\/span>\n                            <\/li>\n<li class=\"product-prop line-limit-length\"><span\n                                        class=\"property-title\">Ominaisuudet:&nbsp;<\/span><span\n                                        class=\"property-desc line-limit-length\">KAUKOS\u00c4\u00c4DIN<\/span>\n                            <\/li>\n<li class=\"product-prop line-limit-length\"><span\n                                        class=\"property-title\">Merkki:&nbsp;<\/span><span\n                                        class=\"property-desc line-limit-length\">VEVOR<\/span>\n                            <\/li>\n<li class=\"product-prop line-limit-length\"><span\n                                        class=\"property-title\">Tuotteen paino:&nbsp;<\/span><span\n                                        class=\"property-desc line-limit-length\">0,92 paunaa \/ 0,42 kg<\/span>\n                            <\/li>\n<li class=\"product-prop line-limit-length\"><span\n                                        class=\"property-title\">Tuotteen koko:&nbsp;<\/span><span\n                                        class=\"property-desc line-limit-length\">9,84 x 3,14 x 2,75 tuumaa<\/span>\n                            <\/li>\n<li class=\"product-prop line-limit-length\"><span\n                                        class=\"property-title\">Tyyppi:&nbsp;<\/span><span\n                                        class=\"property-desc line-limit-length\">Vesileikkilelu<\/span>\n                            <\/li>\n<li class=\"product-prop line-limit-length\"><span\n                                        class=\"property-title\">Ominaisuus:&nbsp;<\/span><span\n                                        class=\"property-desc line-limit-length\">Helppo lataus<\/span>\n                            <\/li>\n<\/ul><\/div>\n<div class=\"detailmodule_html\">\n<div class=\"detail-desc-decorate-richtext\">\n<div style=\"font-family:&quot;Open sans&quot;, Arial, Helvetica, sans-serif\">\n<div><img decoding=\"async\" style=\"width:100%\" width=\"100%\" src=\"https:\/\/d2qc09rl1gfuof.cloudfront.net\/vevor\/boutique-banner\/pc\/banner-en.jpg\" slate-data-type=\"image\"\/><\/div>\n<div>\n<div style=\"font-size:16px;font-weight:bold;text-align:center;color:rgb(34, 34, 34);margin:24px 0px;margin-bottom:24px;margin-top:24px;margin-left:0px;margin-right:0px\" align=\"center\">Aja aaltoja \u2013 \u00e4\u00e4rimm\u00e4ist\u00e4 VEVOR RC -veneilyhauskaa<\/div>\n<div><img decoding=\"async\" style=\"width:100%\" width=\"100%\" src=\"https:\/\/d2qc09rl1gfuof.cloudfront.net\/product\/SSYKCCJ30KMHMVT8A\/rc-boat-a100-1.4-pt.jpg\" slate-data-type=\"image\"\/><\/div>\n<div style=\"font-size:14px;text-align:center;color:rgb(34, 34, 34);margin:16px 0px 24px;margin-bottom:24px;margin-top:16px;margin-left:0px;margin-right:0px\" align=\"center\">Tyylik\u00e4s ja tyylik\u00e4s RC-vene on suunniteltu kilpa-ajoista inspiroituneella muotoilulla. Vedenpoistoj\u00e4rjestelm\u00e4n ja t\u00e4ysin vedenpit\u00e4v\u00e4n rakenteensa ansiosta se on turvallinen ja hauska tapa nauttia siit\u00e4 ilman huolia.<\/div>\n<\/div>\n<div>\n<div style=\"margin:8px 0px;margin-bottom:8px;margin-top:8px;margin-left:0px;margin-right:0px\"><img decoding=\"async\" style=\"width:100%\" width=\"100%\" src=\"https:\/\/d2qc09rl1gfuof.cloudfront.net\/product\/SSYKCCJ30KMHMVT8A\/rc-boat-a100-2.2-pt.jpg\" slate-data-type=\"image\"\/><\/div>\n<div style=\"font-size:14px;text-align:center;color:rgb(34, 34, 34);margin:16px 0px 24px;margin-bottom:24px;margin-top:16px;margin-left:0px;margin-right:0px\" align=\"center\">Kaksoismoottorien ja potkurien ansiosta t\u00e4m\u00e4 kauko-ohjattava vene tarjoaa vahvan ja vakaan suorituskyvyn ja saavuttaa jopa 12 km\/h nopeuden. Se sopii t\u00e4ydellisesti lis\u00e4\u00e4m\u00e4\u00e4n j\u00e4nnityst\u00e4 ja hauskuutta mihin tahansa vesiaktiviteettiin.<\/div>\n<\/div>\n<div>\n<div style=\"margin:8px 0px;margin-bottom:8px;margin-top:8px;margin-left:0px;margin-right:0px\"><img decoding=\"async\" style=\"width:100%\" width=\"100%\" src=\"https:\/\/d2qc09rl1gfuof.cloudfront.net\/product\/SSYKCCJ30KMHMVT8A\/rc-boat-a100-2.3-pt.jpg\" slate-data-type=\"image\"\/><\/div>\n<div style=\"font-size:14px;text-align:center;color:rgb(34, 34, 34);margin:16px 0px 24px;margin-bottom:24px;margin-top:16px;margin-left:0px;margin-right:0px\" align=\"center\">Kest\u00e4v\u00e4st\u00e4 ABS-muovista valmistettu ja t\u00e4ysin vedenpit\u00e4v\u00e4 RC-pikavene on suunniteltu kest\u00e4m\u00e4\u00e4n vaativia olosuhteita ja iskuja. Se on luotettava sek\u00e4 takapihalla ett\u00e4 ulkona seikkailuihin.<\/div>\n<\/div>\n<div>\n<div style=\"margin:8px 0px;margin-bottom:8px;margin-top:8px;margin-left:0px;margin-right:0px\"><img decoding=\"async\" style=\"width:100%\" width=\"100%\" src=\"https:\/\/d2qc09rl1gfuof.cloudfront.net\/product\/SSYKCCJ30KMHMVT8A\/rc-boat-a100-2.4-pt.jpg\" slate-data-type=\"image\"\/><\/div>\n<div style=\"font-size:14px;text-align:center;color:rgb(34, 34, 34);margin:16px 0px 24px;margin-bottom:24px;margin-top:16px;margin-left:0px;margin-right:0px\" align=\"center\">Kauko-ohjattavassa veneess\u00e4 on 2.4G-tekniikka, joka mahdollistaa sujuvan ohjauksen jopa 50 metrin et\u00e4isyydelt\u00e4. Se sopii erinomaisesti useiden venekilpailujen j\u00e4rjest\u00e4miseen ja sis\u00e4lt\u00e4\u00e4 et\u00e4isyysh\u00e4lytyksen, joka pit\u00e4\u00e4 veneen turvallisesti ulottuvilla.<\/div>\n<\/div>\n<div>\n<div style=\"margin:8px 0px;margin-bottom:8px;margin-top:8px;margin-left:0px;margin-right:0px\"><img decoding=\"async\" style=\"width:100%\" width=\"100%\" src=\"https:\/\/d2qc09rl1gfuof.cloudfront.net\/product\/SSYKCCJ30KMHMVT8A\/rc-boat-a100-2.5-pt.jpg\" slate-data-type=\"image\"\/><\/div>\n<div style=\"font-size:14px;text-align:center;color:rgb(34, 34, 34);margin:16px 0px 24px;margin-bottom:24px;margin-top:16px;margin-left:0px;margin-right:0px\" align=\"center\">USB-latauksen ja kaksoisakkuj\u00e4rjestelm\u00e4n ansiosta t\u00e4m\u00e4 kauko-ohjattava vene tarjoaa yli 90 minuuttia peliaikaa. Ota mukaan varavirtal\u00e4hde loputtomaan hauskanpitoon ulkoseikkailujen aikana.<\/div>\n<\/div>\n<div style=\"margin:16px 0px 24px;margin-bottom:24px;margin-top:16px;margin-left:0px;margin-right:0px\"><\/div>\n<div style=\"margin:24px 0px;margin-bottom:24px;margin-top:24px;margin-left:0px;margin-right:0px\">\n<div style=\"font-size:16px;font-weight:bold;color:rgb(34, 34, 34);margin:24px 0px 16px;margin-bottom:16px;margin-top:24px;margin-left:0px;margin-right:0px\">Ominaisuudet ja tiedot<\/div>\n<ul style=\"margin:16px 0px 24px;margin-bottom:24px;margin-top:16px;margin-left:0px;margin-right:0px\">\n<li style=\"font-size:14px;color:rgb(34, 34, 34)\">\n<p>H\u00e4ik\u00e4isev\u00e4 RC-vene: Koe y\u00f6purjehduksen iloa t\u00e4ll\u00e4 tyylikk\u00e4\u00e4ll\u00e4 ja tyylikk\u00e4\u00e4ll\u00e4 kauko-ohjattavalla veneell\u00e4! Se on suunniteltu t\u00e4ysin vedenpit\u00e4v\u00e4ksi ja kest\u00e4v\u00e4ksi, joten se sopii t\u00e4ydellisesti turvallisiin kes\u00e4seikkailuihin. Erityinen automaattinen virrankatkaisutoiminto, kun vene on poissa vedest\u00e4, pit\u00e4\u00e4 tavarat turvassa. Anna lastesi nauttia j\u00e4nnitt\u00e4vist\u00e4 vesileikeist\u00e4 koko y\u00f6n!<\/p>\n<\/li>\n<li style=\"font-size:14px;color:rgb(34, 34, 34)\">\n<p>Nopeaa hupia: T\u00e4m\u00e4 kauko-ohjattava vene kiit\u00e4\u00e4 veden yli jopa 12 km\/h nopeudella kahden moottorin ja potkureiden ansiosta. Olitpa sitten kilpailemassa tai tutkimassa ymp\u00e4rist\u00f6\u00e4, se on vakaa ja tehokas, ja lis\u00e4\u00e4 j\u00e4nnityst\u00e4 jokaiseen vesiseikkailuun.<\/p>\n<\/li>\n<li style=\"font-size:14px;color:rgb(34, 34, 34)\">\n<p>Monipuolinen purjehdus: Piha-altaista vilkkaisiin vesipuistoihin ja luonnonkauniisiin j\u00e4rviin, t\u00e4m\u00e4 kauko-ohjattava vene on valmis mihin tahansa ymp\u00e4rist\u00f6\u00f6n. Sen vedenpit\u00e4v\u00e4 ja iskunkest\u00e4v\u00e4 rakenne takaa huolettoman hauskanpidon miss\u00e4 tahansa purjehditkin.<\/p>\n<\/li>\n<li style=\"font-size:14px;color:rgb(34, 34, 34)\">\n<p>Pitk\u00e4n kantaman ohjaus: 2.4G-tekniikan ansiosta RC-pikavenett\u00e4 voidaan ohjata jopa 50 metrin et\u00e4isyydelt\u00e4. Se siet\u00e4\u00e4 h\u00e4iri\u00f6it\u00e4 hyvin ja mahdollistaa useita venekilpailuja. Lis\u00e4ksi kaukos\u00e4\u00e4timess\u00e4 on kantamah\u00e4lytys, joka ilmoittaa, jos vene menee kantaman ulkopuolelle, mik\u00e4 pit\u00e4\u00e4 peliajan turvallisena.<\/p>\n<\/li>\n<li style=\"font-size:14px;color:rgb(34, 34, 34)\">\n<p>Helppo lataus ja pitk\u00e4 peliaika: USB-latauksen ja 1200 mAh:n kaksoisakkuj\u00e4rjestelm\u00e4n ansiosta t\u00e4m\u00e4 lasten kauko-ohjattava vene tarjoaa jopa 90 minuuttia peliaikaa. T\u00e4ydellinen ulkoiluun \u2013 ota vain mukaan varavirtal\u00e4hde ja seikkailu jatkuu koko p\u00e4iv\u00e4n!<\/p>\n<\/li>\n<\/ul>\n<\/div>\n<div>\n<div>\n<div style=\"margin:16px 0px 24px;margin-bottom:24px;margin-top:16px;margin-left:0px;margin-right:0px\"><img decoding=\"async\" style=\"width:100%\" width=\"100%\" src=\"https:\/\/d2qc09rl1gfuof.cloudfront.net\/product\/SSYKCCJ30KMHMVT8A\/rc-boat-a100-1.11-pt.jpg\" slate-data-type=\"image\"\/><\/div>\n<\/div>\n<\/div>\n<\/div>\n<div><\/div>\n<\/div>\n<\/div>\n<p><\/p>","protected":false},"excerpt":{"rendered":"<p>Hign-concerned Chemical:&nbsp;None Is Electric:&nbsp;lithium battery Barcode:&nbsp;No Power Source:&nbsp;Electric Model Number:&nbsp;HJ819 Max Speed:&nbsp;12 km\/h Frequency:&nbsp;2.4GHz State of Assembly:&nbsp;Unassembled Kit Remote Control:&nbsp;Yes Material:&nbsp;Plastic Recommend Age:&nbsp;6-12Y Origin:&nbsp;Mainland China Design:&nbsp;Speedboat Type:&nbsp;Boat &amp; Ship Features:&nbsp;REMOTE<\/p>","protected":false},"featured_media":24810,"comment_status":"open","ping_status":"closed","template":"","meta":{"_acf_changed":false},"product_brand":[],"product_cat":[519],"product_tag":[],"class_list":{"0":"post-24808","1":"product","2":"type-product","3":"status-publish","4":"has-post-thumbnail","6":"product_cat-rc-cars","8":"first","9":"instock","10":"shipping-taxable","11":"purchasable","12":"product-type-variable"},"acf":[],"_links":{"self":[{"href":"https:\/\/www.electricstore.eu\/fi\/wp-json\/wp\/v2\/product\/24808","targetHints":{"allow":["GET"]}}],"collection":[{"href":"https:\/\/www.electricstore.eu\/fi\/wp-json\/wp\/v2\/product"}],"about":[{"href":"https:\/\/www.electricstore.eu\/fi\/wp-json\/wp\/v2\/types\/product"}],"replies":[{"embeddable":true,"href":"https:\/\/www.electricstore.eu\/fi\/wp-json\/wp\/v2\/comments?post=24808"}],"wp:featuredmedia":[{"embeddable":true,"href":"https:\/\/www.electricstore.eu\/fi\/wp-json\/wp\/v2\/media\/24810"}],"wp:attachment":[{"href":"https:\/\/www.electricstore.eu\/fi\/wp-json\/wp\/v2\/media?parent=24808"}],"wp:term":[{"taxonomy":"product_brand","embeddable":true,"href":"https:\/\/www.electricstore.eu\/fi\/wp-json\/wp\/v2\/product_brand?post=24808"},{"taxonomy":"product_cat","embeddable":true,"href":"https:\/\/www.electricstore.eu\/fi\/wp-json\/wp\/v2\/product_cat?post=24808"},{"taxonomy":"product_tag","embeddable":true,"href":"https:\/\/www.electricstore.eu\/fi\/wp-json\/wp\/v2\/product_tag?post=24808"}],"curies":[{"name":"wp","href":"https:\/\/api.w.org\/{rel}","templated":true}]}}