{"id":24729,"date":"2025-05-20T18:42:14","date_gmt":"2025-05-20T18:42:14","guid":{"rendered":"https:\/\/electricstore.eu\/p\/uncategorized\/bike-rack-holder-storage-bicycle-repair-stand-aluminum-alloy-cycle-peer-heights-adjustable-fold-cycle-professional-repair-tools\/"},"modified":"2025-05-20T18:43:29","modified_gmt":"2025-05-20T18:43:29","slug":"bike-rack-holder-storage-bicycle-repair-stand-aluminum-alloy-cycle-peer-heights-adjustable-fold-cycle-professional-repair-tools","status":"publish","type":"product","link":"https:\/\/www.electricstore.eu\/fi\/p\/a\/bike-rack-holder-storage-bicycle-repair-stand-aluminum-alloy-cycle-peer-heights-adjustable-fold-cycle-professional-repair-tools\/","title":{"rendered":"Polkupy\u00f6r\u00e4telineen pidike polkupy\u00f6r\u00e4n korjausteline alumiiniseoksesta py\u00f6r\u00e4n vertaiskorkeus s\u00e4\u00e4dett\u00e4v\u00e4 taittuva py\u00f6r\u00e4 ammattimaiset korjausty\u00f6kalut"},"content":{"rendered":"<div class=\"product-specs-list-container\">\n<ul class=\"product-specs-list util-clearfix\">\n<li class=\"product-prop line-limit-length\"><span\n                                        class=\"property-title\">Alkuper\u00e4:&nbsp;<\/span><span\n                                        class=\"property-desc line-limit-length\">Manner-Kiina<\/span>\n                            <\/li>\n<\/ul><\/div>\n<div class=\"detailmodule_html\">\n<div class=\"detail-desc-decorate-richtext\">\n<p>Ominaisuus:\n<\/p>\n<p>Tukeva ja kest\u00e4v\u00e4: T\u00e4m\u00e4 polkupy\u00f6r\u00e4n korjausteline on valmistettu tukevasta alumiiniseoksesta ja siihen mahtuvat jopa 45 kg painavat polkupy\u00f6r\u00e4t, mukaan lukien s\u00e4hk\u00f6py\u00f6r\u00e4t, fat-renkaiset polkupy\u00f6r\u00e4t ja maantiepy\u00f6r\u00e4t. Maastopy\u00f6r\u00e4t. Sopii polkupy\u00f6r\u00e4n korjaajille kotona tai korjaamolla.\n<\/p>\n<p>Kest\u00e4v\u00e4 rungon vakaus: Polkupy\u00f6r\u00e4telineess\u00e4 on tukeva, kest\u00e4v\u00e4 runko ja kiinte\u00e4t jalat maksimaalisen vakauden takaamiseksi. Pihdeiss\u00e4 on s\u00e4\u00e4dett\u00e4v\u00e4t kumip\u00e4\u00e4t p\u00e4\u00e4ss\u00e4, jotka kiinnitt\u00e4v\u00e4t polkupy\u00f6r\u00e4n tukevasti paikalleen naarmuttamatta maalipintaa.\n<\/p>\n<p>Korkeudens\u00e4\u00e4d\u00f6n k\u00e4tevyys: mukauta kiinnike ergonomisten tarpeidesi mukaan. Korkeutta voidaan s\u00e4\u00e4t\u00e4\u00e4 minimoimaan kumartumisen tai kyykistymisen tarve, mik\u00e4 parantaa suorituskyky\u00e4si polkupy\u00f6r\u00e4n huollon aikana.\n<\/p>\n<p>K\u00e4tev\u00e4 ty\u00f6kalulokero: Pid\u00e4 ty\u00f6kalusi j\u00e4rjestyksess\u00e4 ja helposti saatavilla lis\u00e4ty\u00f6kalulokeroiden avulla, jotka sopivat t\u00e4ydellisesti ruuvien, ruuvimeisselien, hylsyjen ja muiden tavaroiden s\u00e4ilytt\u00e4miseen. T\u00e4m\u00e4 ominaisuus varmistaa, ett\u00e4 sinulla on kaikki tarvittavat ty\u00f6kalut, jotta ty\u00f6skentely ei keskeydy.\n<\/p>\n<p>Taitettava muotoilu: T\u00e4m\u00e4 polkupy\u00f6r\u00e4teline on taitettava, joten se on helppo koota, purkaa ja s\u00e4ilytt\u00e4\u00e4. Sopii eritt\u00e4in hyvin liikkuville mekaanikoille tai korjaamoille. Tasaisesti liikkuva jalkatuki vet\u00e4\u00e4 molemmat jalat nopeasti yhteen liikkeeseen.\n<\/p>\n<\/p>\n<p>Tekniset tiedot:\n<\/p>\n<p>Nimi: Polkupy\u00f6r\u00e4n korjausteline\n<\/p>\n<p>V\u00e4ri: Samppanja\n<\/p>\n<p>Tuotteen materiaali: alumiiniseos\n<\/p>\n<p>Nostoalue: 98-159 cm\n<\/p>\n<p>Suurin kantavuus: noin 45 kg\n<\/p>\n<\/p>\n<p>Pakkaustarvikkeet:\n<\/p>\n<p>1 kpl polkupy\u00f6r\u00e4n korjausteline\n<\/p>\n<p><img decoding=\"async\" src=\"https:\/\/ae01.alicdn.com\/kf\/Aeaf00512807945f3bfd5626e71854eeb9.jpg\" slate-data-type=\"image\"\/><img decoding=\"async\" src=\"https:\/\/ae01.alicdn.com\/kf\/A03c411091bd642b7973a680f3ba9fb459.jpg\" slate-data-type=\"image\"\/><img decoding=\"async\" src=\"https:\/\/ae01.alicdn.com\/kf\/Ac206a81c61864c8eae037a1ed9b54fe0K.jpg\" slate-data-type=\"image\"\/><img decoding=\"async\" src=\"https:\/\/ae01.alicdn.com\/kf\/A1900d7edc1a645e495ba5a26ba411bd7n.jpg\" slate-data-type=\"image\"\/><img decoding=\"async\" src=\"https:\/\/ae01.alicdn.com\/kf\/Adabe93e4fc2a40a0b8d20f4285eace09O.jpg\" slate-data-type=\"image\"\/><img decoding=\"async\" src=\"https:\/\/ae01.alicdn.com\/kf\/Af5b39cc10e154395a0c2ee45bc46e13cr.jpg\" slate-data-type=\"image\"\/><img decoding=\"async\" src=\"https:\/\/ae01.alicdn.com\/kf\/A04f7da18105c43269c5bc64a096af83dj.jpg\" slate-data-type=\"image\"\/><img decoding=\"async\" src=\"https:\/\/ae01.alicdn.com\/kf\/A65a8c2da09804400af05e4f0048eed413.jpg\" slate-data-type=\"image\"\/><img decoding=\"async\" src=\"https:\/\/ae01.alicdn.com\/kf\/Aa3977084e85046c686598bf6e4026b27p.jpg\" slate-data-type=\"image\"\/><img decoding=\"async\" src=\"https:\/\/ae01.alicdn.com\/kf\/A1b6da4e2270e403880d2a68ae99c90b3i.jpg\" slate-data-type=\"image\"\/><\/p>\n<\/div>\n<\/div>","protected":false},"excerpt":{"rendered":"<p>Origin:&nbsp;Mainland China Feature\uff1a Sturdy and durable: This bicycle repair rack is made of sturdy aluminum alloy and can carry heavy bicycles weighing up to 45 kg, including electric bicycles, fat<\/p>","protected":false},"featured_media":24730,"comment_status":"open","ping_status":"closed","template":"","meta":{"_acf_changed":false},"product_brand":[],"product_cat":[525],"product_tag":[],"class_list":{"0":"post-24729","1":"product","2":"type-product","3":"status-publish","4":"has-post-thumbnail","6":"product_cat-a","8":"first","9":"instock","10":"shipping-taxable","11":"purchasable","12":"product-type-simple"},"acf":[],"_links":{"self":[{"href":"https:\/\/www.electricstore.eu\/fi\/wp-json\/wp\/v2\/product\/24729","targetHints":{"allow":["GET"]}}],"collection":[{"href":"https:\/\/www.electricstore.eu\/fi\/wp-json\/wp\/v2\/product"}],"about":[{"href":"https:\/\/www.electricstore.eu\/fi\/wp-json\/wp\/v2\/types\/product"}],"replies":[{"embeddable":true,"href":"https:\/\/www.electricstore.eu\/fi\/wp-json\/wp\/v2\/comments?post=24729"}],"wp:featuredmedia":[{"embeddable":true,"href":"https:\/\/www.electricstore.eu\/fi\/wp-json\/wp\/v2\/media\/24730"}],"wp:attachment":[{"href":"https:\/\/www.electricstore.eu\/fi\/wp-json\/wp\/v2\/media?parent=24729"}],"wp:term":[{"taxonomy":"product_brand","embeddable":true,"href":"https:\/\/www.electricstore.eu\/fi\/wp-json\/wp\/v2\/product_brand?post=24729"},{"taxonomy":"product_cat","embeddable":true,"href":"https:\/\/www.electricstore.eu\/fi\/wp-json\/wp\/v2\/product_cat?post=24729"},{"taxonomy":"product_tag","embeddable":true,"href":"https:\/\/www.electricstore.eu\/fi\/wp-json\/wp\/v2\/product_tag?post=24729"}],"curies":[{"name":"wp","href":"https:\/\/api.w.org\/{rel}","templated":true}]}}