{"id":24681,"date":"2025-05-20T18:41:43","date_gmt":"2025-05-20T18:41:43","guid":{"rendered":"https:\/\/electricstore.eu\/p\/uncategorized\/homcom-electric-motorcycle-children-3-years-12v-2-balance-wheels-plus-8-km-h\/"},"modified":"2025-05-20T18:42:46","modified_gmt":"2025-05-20T18:42:46","slug":"homcom-electric-motorcycle-children-3-years-12v-2-balance-wheels-plus-8-km-h","status":"publish","type":"product","link":"https:\/\/www.electricstore.eu\/fi\/p\/motorbikes\/electric-children-motorbikes\/homcom-electric-motorcycle-children-3-years-12v-2-balance-wheels-plus-8-km-h\/","title":{"rendered":"HOMCOM s\u00e4hk\u00f6moottoripy\u00f6r\u00e4 lapsille + 3 vuotta 12V 2 tasapainopy\u00f6r\u00e4\u00e4 + 8 km\/h"},"content":{"rendered":"<div class=\"product-specs-list-container\">\n<ul class=\"product-specs-list util-clearfix\">\n<li class=\"product-prop line-limit-length\"><span\n                                        class=\"property-title\">Tuotemerkki:&nbsp;<\/span><span\n                                        class=\"property-desc line-limit-length\">HOMCOM<\/span>\n                            <\/li>\n<li class=\"product-prop line-limit-length\"><span\n                                        class=\"property-title\">Alkuper\u00e4:&nbsp;<\/span><span\n                                        class=\"property-desc line-limit-length\">Manner-Kiina<\/span>\n                            <\/li>\n<li class=\"product-prop line-limit-length\"><span\n                                        class=\"property-title\">Ominaisuudet:&nbsp;<\/span><span\n                                        class=\"property-desc line-limit-length\">Aja eteenp\u00e4in<\/span>\n                            <\/li>\n<\/ul><\/div>\n<div class=\"detailmodule_html\">\n<div class=\"detail-desc-decorate-richtext\">\n<p><\/p>\n<div>\n<div>\n<div>Seikkailu voi alkaa! T\u00e4m\u00e4 HOMCOMin lasten s\u00e4hk\u00f6moottoripy\u00f6r\u00e4 on t\u00e4ydellinen seikkailukumppani kenelle tahansa lapselle. Jopa 45 minuutin toimintas\u00e4de t\u00e4yden latauksen j\u00e4lkeen takaa, ett\u00e4 voit ajaa suosikkipaikoissasi kuin oikea kuljettaja. Siin\u00e4 on yksi mukava istuin ja kaksi apupy\u00f6r\u00e4\u00e4, jotka tarjoavat vakautta ja turvallisuutta. Sit\u00e4 k\u00e4ytet\u00e4\u00e4n l\u00e4hes kuin oikeita moottoripy\u00f6ri\u00e4 painamalla kahvassa olevaa painiketta, ja kun se vapautetaan, moottori pys\u00e4htyy.<\/p>\n<\/div>\n<div>\n<div>\n<div>\n<div><strong>Ominaisuudet:<\/strong><br \/>\u25cf Lelumoottoripy\u00f6r\u00e4, jossa on eritt\u00e4in realistiset viimeistelyt, jotka tarjoavat pienille aidon ajokokemuksen;<\/div>\n<div>\u25cf 12 V:n ladattava akku, jonka toimintas\u00e4de on noin 45 minuuttia t\u00e4yden latauksen j\u00e4lkeen;<\/div>\n<div>\u25cf Kaksinkertainen iskunvaimennusj\u00e4rjestelm\u00e4 turvalliseen ja mukavaan ajoon;<\/div>\n<div>\u25cf T\u00e4ss\u00e4 s\u00e4hk\u00f6moottoripy\u00f6r\u00e4ss\u00e4 on kaksi irrotettavaa apupy\u00f6r\u00e4\u00e4;<\/div>\n<div>\u25cf Se kytket\u00e4\u00e4n p\u00e4\u00e4lle painamalla kahvassa olevaa painiketta ja pys\u00e4htyy, kun painike vapautetaan;<\/div>\n<div>\u25cf Asennus vaaditaan;<\/p>\n<\/div>\n<\/div>\n<\/div>\n<\/div>\n<div>\n<div>\n<div>\n<div><strong>Tekniset tiedot:<\/strong><br \/>\u25cf Materiaali: PP ja metalli;<\/div>\n<div>\u25cf Kokonaismitat: 106,5 \u00d7 51,5 \u00d7 68 cm (P \u00d7 AN \u00d7 AL);<\/div>\n<div>\u25cf Istuimen mitat: 35 x 15 x 49 cm (P x A x K);<\/div>\n<div>\u25cf Py\u00f6rien halkaisija: \u00d8 34 cm;<\/div>\n<div>\u25cf Nopeusalue: 3\u20138 km\/h;<\/div>\n<div>\u25cf Latausaika: 8\u201312 tuntia;<\/div>\n<div>\u25cf Akunkesto (t\u00e4yteen ladattuna): 45 minuuttia;<\/div>\n<div>\u25cf Akku: 12 V, 4,5 A;<\/div>\n<div>\u25cf Suositeltu ik\u00e4: 3 vuodesta alkaen;<\/div>\n<div>\u25cf Suurin tuettu paino: 30 kg;<\/p>\n<\/div>\n<\/div>\n<\/div>\n<\/div>\n<div><img decoding=\"async\" width=\"1000    \" height=\"35\" src=\"https:\/\/ae01.alicdn.com\/kf\/HTB1KhgjkfiSBuNkSnhJq6zDcpXaR.jpg\" slate-data-type=\"image\"\/><\/div>\n<div>\n<div><img decoding=\"async\" width=\"1000\" src=\"https:\/\/ae01.alicdn.com\/kf\/Ha4cf50237c924b5fb3feafe5a8c98fbdf.jpg\" slate-data-type=\"image\"\/><\/div>\n<div><img decoding=\"async\" width=\"1000\" src=\"https:\/\/ae01.alicdn.com\/kf\/H5f32a616bd98452d83e0584f095f9ca8P.jpg\" slate-data-type=\"image\"\/><\/div>\n<div><img decoding=\"async\" width=\"1000\" src=\"https:\/\/ae01.alicdn.com\/kf\/H94a735ea79ad493f936fe95099dea084O.jpg\" slate-data-type=\"image\"\/><\/div>\n<div><img decoding=\"async\" width=\"1000\" src=\"https:\/\/ae01.alicdn.com\/kf\/H80b5463f227146c980a676339489f97f3.jpg\" slate-data-type=\"image\"\/><\/div>\n<div><img decoding=\"async\" width=\"1000\" src=\"https:\/\/ae01.alicdn.com\/kf\/Hc1cfe080fd1648e09c55f47aa1f33731F.jpg\" slate-data-type=\"image\"\/><\/div>\n<div><img decoding=\"async\" width=\"1000\" src=\"https:\/\/ae01.alicdn.com\/kf\/Hd9b5ca2473164f0dbfa582482c90603cb.jpg\" slate-data-type=\"image\"\/><\/div>\n<div><img decoding=\"async\" width=\"1000\" src=\"https:\/\/ae01.alicdn.com\/kf\/Hb3577dba132e4438a59d3bd6c27c70659.jpg\" slate-data-type=\"image\"\/><\/div>\n<div><img decoding=\"async\" width=\"1000\" src=\"https:\/\/ae01.alicdn.com\/kf\/H1032ee7a8aba49fe81dc9315aba7f6fdk.jpg\" slate-data-type=\"image\"\/><\/div>\n<\/div>\n<div><img fetchpriority=\"high\" decoding=\"async\" width=\"1000\" height=\"1881\" src=\"https:\/\/ae01.alicdn.com\/kf\/HTB1i.OtVMHqK1RjSZFkq6x.WFXaT.jpg\" slate-data-type=\"image\"\/><\/div>\n<\/div>\n<\/div>\n<p><\/p>\n<\/div>\n<\/div>","protected":false},"excerpt":{"rendered":"<p>Brand Name:&nbsp;HOMCOM Origin:&nbsp;Mainland China Features:&nbsp;Ride On Let the adventure begin! This HOMCOM children&#8217;s electric motorcycle will be the perfect adventure companion for any child. With a range of up to<\/p>","protected":false},"featured_media":24683,"comment_status":"open","ping_status":"closed","template":"","meta":{"_acf_changed":false},"product_brand":[],"product_cat":[313],"product_tag":[],"class_list":{"0":"post-24681","1":"product","2":"type-product","3":"status-publish","4":"has-post-thumbnail","6":"product_cat-electric-children-motorbikes","8":"first","9":"instock","10":"shipping-taxable","11":"purchasable","12":"product-type-variable"},"acf":[],"_links":{"self":[{"href":"https:\/\/www.electricstore.eu\/fi\/wp-json\/wp\/v2\/product\/24681","targetHints":{"allow":["GET"]}}],"collection":[{"href":"https:\/\/www.electricstore.eu\/fi\/wp-json\/wp\/v2\/product"}],"about":[{"href":"https:\/\/www.electricstore.eu\/fi\/wp-json\/wp\/v2\/types\/product"}],"replies":[{"embeddable":true,"href":"https:\/\/www.electricstore.eu\/fi\/wp-json\/wp\/v2\/comments?post=24681"}],"wp:featuredmedia":[{"embeddable":true,"href":"https:\/\/www.electricstore.eu\/fi\/wp-json\/wp\/v2\/media\/24683"}],"wp:attachment":[{"href":"https:\/\/www.electricstore.eu\/fi\/wp-json\/wp\/v2\/media?parent=24681"}],"wp:term":[{"taxonomy":"product_brand","embeddable":true,"href":"https:\/\/www.electricstore.eu\/fi\/wp-json\/wp\/v2\/product_brand?post=24681"},{"taxonomy":"product_cat","embeddable":true,"href":"https:\/\/www.electricstore.eu\/fi\/wp-json\/wp\/v2\/product_cat?post=24681"},{"taxonomy":"product_tag","embeddable":true,"href":"https:\/\/www.electricstore.eu\/fi\/wp-json\/wp\/v2\/product_tag?post=24681"}],"curies":[{"name":"wp","href":"https:\/\/api.w.org\/{rel}","templated":true}]}}