{"id":24669,"date":"2025-05-20T18:41:34","date_gmt":"2025-05-20T18:41:34","guid":{"rendered":"https:\/\/electricstore.eu\/p\/uncategorized\/homcom-moto-electrica-para-ninos-de-18-36-meses-66x37x44-cm-rojo\/"},"modified":"2025-05-20T18:42:23","modified_gmt":"2025-05-20T18:42:23","slug":"homcom-moto-electrica-para-ninos-de-18-36-meses-66x37x44-cm-rojo","status":"publish","type":"product","link":"https:\/\/www.electricstore.eu\/fi\/p\/motorbikes\/electric-children-motorbikes\/homcom-moto-electrica-para-ninos-de-18-36-meses-66x37x44-cm-rojo\/","title":{"rendered":"HOMCOM Moto El\u00e9ctrica Ni\u00f1os de 18-36 Meses 66x37x44 cm Rojo"},"content":{"rendered":"<div class=\"product-specs-list-container\">\n<ul class=\"product-specs-list util-clearfix\">\n<li class=\"product-prop line-limit-length\"><span\n                                        class=\"property-title\">Onko s\u00e4hk\u00f6inen:&nbsp;<\/span><span\n                                        class=\"property-desc line-limit-length\">Muu akku<\/span>\n                            <\/li>\n<li class=\"product-prop line-limit-length\"><span\n                                        class=\"property-title\">Tuotemerkki:&nbsp;<\/span><span\n                                        class=\"property-desc line-limit-length\">HOMCOM<\/span>\n                            <\/li>\n<li class=\"product-prop line-limit-length\"><span\n                                        class=\"property-title\">Ominaisuudet:&nbsp;<\/span><span\n                                        class=\"property-desc line-limit-length\">Painevalettu<\/span>\n                            <\/li>\n<\/ul><\/div>\n<div class=\"detailmodule_html\">\n<div class=\"detail-desc-decorate-richtext\">\n<div style=\"overflow:visible;height:auto\">\n<div>\n<div>\n<div>BMW-moottoripy\u00f6r\u00e4n ajokortilla varustettu lapsi. Huippunopeudella 2,5 km\/h lapsi on vakuutus 18\u201336 kuukauden ik\u00e4inen. Mukava istuin ja BUTTON-laitteen sis\u00e4\u00e4nrakennettu musiikki luovat miellytt\u00e4v\u00e4n ymp\u00e4rist\u00f6n vauvoille ulkona ajaessa. Kanna t\u00e4t\u00e4 lelua moottoripy\u00f6r\u00e4ll\u00e4 ja aja talossa kannustaaksesi poikiaan leikkim\u00e4\u00e4n ulkona. Sen kauniit, automaattisesti toimivat valot antavat tunteen.<\/p>\n<\/div>\n<\/div>\n<\/div>\n<\/div>\n<div>\n<div>\n<div>\n<div><strong>Ominaisuudet:<\/strong><br \/>Robotti-BMW ajokortilla, ainutlaatuinen ulkon\u00e4k\u00f6, virtaviivainen muotoilu ja ainutlaatuinen<br \/>Robotti, jota k\u00e4ytet\u00e4\u00e4n polkimella ja koristeilla, sopii 18\u201336 kuukauden ik\u00e4iselle lapselle.<br \/>Robot Superstabil, jossa on kolmipy\u00f6r\u00e4inen muotoilu<br \/>Toimivat robottimajakat, sis\u00e4\u00e4nrakennettu musiikki ja etenemistoiminto, poljinohjaus, realistisempi<br \/>Robotti kehitt\u00e4\u00e4 luonnollisesti k\u00e4den ja silm\u00e4n koordinaatiota peliss\u00e4 ja naurussa<br \/>Kuivattava istuin TIKKATTU Extra leve\u00e4 ja jousenvaimennin One Direction -pehmustetulle ja -istuimelle<br \/>Robottimoottori 6 V tehokasta takakiekkoa varten ja t\u00e4ydell\u00e4 kuormituksella 45 minuutin jatkuvaa toistoa varten<br \/>Robot Superyksinkertainen satula<\/p>\n<p><\/div>\n<\/div>\n<\/div>\n<\/div>\n<div>\n<div>\n<div>\n<div>Robotin v\u00e4ri: Punainen\/musta<br \/>Robotin materiaali: Metalli ja PP<br \/>Robotin mitat yhteens\u00e4: 66x37x44 cm (PxKxK)<br \/>Robottiistuimen koko: 22 \u00d7 14 cm (P \u00d7 AN)<br \/>Robotin kokoinen py\u00f6r\u00e4: \u042418\u00d77,5 cm (DxAN)<br \/>Kuivumisaika Ensimm\u00e4isell\u00e4 t\u00e4ytt\u00f6kerralla: 10\u201312 h<br \/>Kuivumisaika tavallisessa pesussa: 10 h<br \/>Kuivumisaika Jatkuva k\u00e4ytt\u00f6 perusteellisesti t\u00e4ytettyn\u00e4: 45 min<br \/>Robotin 1 akut: 6 V, 4 Ah<br \/>Robotin laturi: 6 V, 500 mA<br \/>Robotin moottori: 390 #<br \/>Kuivausnettopaino: 4 kg<br \/>Kuivauskapasiteetti, maks. p\u00e4\u00e4lt\u00e4 t\u00e4ytettyn\u00e4: 20 kg<br \/>Robotin viitenumero: 370-064RD\/370-064BK<\/div>\n<\/div>\n<\/div>\n<\/div>\n<div><img decoding=\"async\" width=\"1000    \" height=\"35\" src=\"https:\/\/ae01.alicdn.com\/kf\/HTB1KhgjkfiSBuNkSnhJq6zDcpXaR.jpg\" slate-data-type=\"image\"\/><\/div>\n<div>\n<div><img width=\"1000\" slate-data-type=\"image\"\/><\/div>\n<div><img width=\"1000\" slate-data-type=\"image\"\/><\/div>\n<div><img width=\"1000\" slate-data-type=\"image\"\/><\/div>\n<div><img width=\"1000\" slate-data-type=\"image\"\/><\/div>\n<div><img width=\"1000\" slate-data-type=\"image\"\/><\/div>\n<div><img width=\"1000\" slate-data-type=\"image\"\/><\/div>\n<div><img width=\"1000\" slate-data-type=\"image\"\/><\/div>\n<div><img width=\"1000\" slate-data-type=\"image\"\/><\/div>\n<\/div>\n<div><img fetchpriority=\"high\" decoding=\"async\" width=\"1000\" height=\"1881\" src=\"https:\/\/ae01.alicdn.com\/kf\/HTB1Pe4ZKAOWBuNjSsppq6xPgpXay.jpg\" slate-data-type=\"image\"\/><\/div>\n<\/div>\n<\/div>\n<p><\/p>","protected":false},"excerpt":{"rendered":"<p>Is Electric:&nbsp;Other Battery Brand Name:&nbsp;HOMCOM Features:&nbsp;Diecast With a license for BMW motorcycle child. With a top speed 2.5 km\/h, order child is insurance from 18 to 36 months old. The<\/p>","protected":false},"featured_media":24670,"comment_status":"open","ping_status":"closed","template":"","meta":{"_acf_changed":false},"product_brand":[],"product_cat":[313],"product_tag":[],"class_list":{"0":"post-24669","1":"product","2":"type-product","3":"status-publish","4":"has-post-thumbnail","6":"product_cat-electric-children-motorbikes","8":"first","9":"instock","10":"shipping-taxable","11":"purchasable","12":"product-type-variable"},"acf":[],"_links":{"self":[{"href":"https:\/\/www.electricstore.eu\/fi\/wp-json\/wp\/v2\/product\/24669","targetHints":{"allow":["GET"]}}],"collection":[{"href":"https:\/\/www.electricstore.eu\/fi\/wp-json\/wp\/v2\/product"}],"about":[{"href":"https:\/\/www.electricstore.eu\/fi\/wp-json\/wp\/v2\/types\/product"}],"replies":[{"embeddable":true,"href":"https:\/\/www.electricstore.eu\/fi\/wp-json\/wp\/v2\/comments?post=24669"}],"wp:featuredmedia":[{"embeddable":true,"href":"https:\/\/www.electricstore.eu\/fi\/wp-json\/wp\/v2\/media\/24670"}],"wp:attachment":[{"href":"https:\/\/www.electricstore.eu\/fi\/wp-json\/wp\/v2\/media?parent=24669"}],"wp:term":[{"taxonomy":"product_brand","embeddable":true,"href":"https:\/\/www.electricstore.eu\/fi\/wp-json\/wp\/v2\/product_brand?post=24669"},{"taxonomy":"product_cat","embeddable":true,"href":"https:\/\/www.electricstore.eu\/fi\/wp-json\/wp\/v2\/product_cat?post=24669"},{"taxonomy":"product_tag","embeddable":true,"href":"https:\/\/www.electricstore.eu\/fi\/wp-json\/wp\/v2\/product_tag?post=24669"}],"curies":[{"name":"wp","href":"https:\/\/api.w.org\/{rel}","templated":true}]}}