{"id":24663,"date":"2025-05-20T18:41:29","date_gmt":"2025-05-20T18:41:29","guid":{"rendered":"https:\/\/electricstore.eu\/p\/uncategorized\/pawhut-cargo-bicycle-trailer-40kg-light-steel-frame-with\/"},"modified":"2025-05-20T18:41:56","modified_gmt":"2025-05-20T18:41:56","slug":"pawhut-cargo-bicycle-trailer-40kg-light-steel-frame-with","status":"publish","type":"product","link":"https:\/\/www.electricstore.eu\/fi\/p\/o\/bike-trailers-and-wagons\/pawhut-cargo-bicycle-trailer-40kg-light-steel-frame-with\/","title":{"rendered":"PawHut-py\u00f6r\u00e4n per\u00e4k\u00e4rry, 40 kg, kevyt ter\u00e4srunko"},"content":{"rendered":"<div class=\"product-specs-list-container\">\n<ul class=\"product-specs-list util-clearfix\">\n<li class=\"product-prop line-limit-length\"><span\n                                        class=\"property-title\">Tuotemerkki:&nbsp;<\/span><span\n                                        class=\"property-desc line-limit-length\">PawHut<\/span>\n                            <\/li>\n<\/ul><\/div>\n<div class=\"detailmodule_html\">\n<div class=\"detail-desc-decorate-richtext\">\n<p><\/p>\n<div style=\"overflow:visible;height:auto\" class=\"lc-1\">\n<div class=\"f-line\">\n<div class=\"fts\">\n<div>\nJotta saisit kaupunkipy\u00f6r\u00e4st\u00e4si entist\u00e4 enemm\u00e4n irti, &amp; iquest; Mik\u00e4 olisikaan parempaa kuin t\u00e4m\u00e4 fantastinen suurikokoinen polkupy\u00f6r\u00e4n per\u00e4k\u00e4rry? Sen ter\u00e4srakenne ja suuret py\u00f6r\u00e4t tekev\u00e4t siit\u00e4 tukevan ja helposti kuljetettavan per\u00e4k\u00e4rryn. Lis\u00e4ksi se on eritt\u00e4in mukautuva, koska sen sivupaneelit voidaan taittaa pohjaan ja taka- ja etuosa on helppo purkaa. Joten se j\u00e4tt\u00e4\u00e4 runsaasti tilaa suurten esineiden lastaamiseen. Se on per\u00e4k\u00e4rry, joka on valmis tukemaan jopa 50 kg:n painoa, ja se on suunniteltu pit\u00e4m\u00e4\u00e4n sit\u00e4 helposti paikallaan, kun sit\u00e4 ei k\u00e4ytet\u00e4. Siksi suurikokoinen polkupy\u00f6r\u00e4n per\u00e4k\u00e4rry on nopea purkaa. &amp; Iquest; Mit\u00e4 viel\u00e4 odotat saadaksesi kaiken irti kaupunkipy\u00f6r\u00e4st\u00e4si?<\/p><\/div><\/div><\/div>\n<\/div>\n<div class=\"lc-1\">\n<div class=\"f-line\">\n<div class=\"fts\">\n<div>\n    <strong>Ominaisuudet:<\/strong><br \/>\n    <br \/>\u25cf Kevyt ter\u00e4srunko;\n<\/div>\n<div>\n\u25cf Vahvistettu kiinte\u00e4 PE-tausta;\n<\/div>\n<div>\n\u25cf Suuret py\u00f6r\u00e4t ja ter\u00e4srakenne takaavat optimaalisen vakauden;\n<\/div>\n<div>\n\u25cf Vahvistettu ter\u00e4sankkuri;\n<\/div>\n<div>\n\u25cf Helppo koota ja purkaa;\n<\/div>\n<div>\n\u25cf Rahtiper\u00e4vaunu auttaa pakettien toimituksessa, raskaan lastin siirrossa jne.;\n<\/div>\n<div>\n\u25cf Sivulaidat voidaan taittaa per\u00e4vaunun lavalle;\n<\/div>\n<div>\n\u25cf Etu- ja takakaiteet voidaan vet\u00e4\u00e4 alas;\n<\/div>\n<div>\n\u25cf Sis\u00e4lt\u00e4\u00e4 &#039;B&#039;-tyypin Aosom-polkupy\u00f6r\u00e4n liittimen, et tarvitse mit\u00e4\u00e4n muuta per\u00e4vaunun kytkemiseen polkupy\u00f6r\u00e4\u00e4n;\n<\/div>\n<div>\n\u25cf Pikakiinnityspy\u00f6r\u00e4t;\n<\/div>\n<div>\n\u25cf Yhteens\u00e4 4 heijastinta jaettuna takaosan ja py\u00f6rien v\u00e4liin<\/p><\/div><\/div><\/div>\n<\/div>\n<div class=\"lc-1\">\n<div class=\"f-line\">\n<div class=\"fts\">\n<div>\n    <strong>Tekniset tiedot:<\/strong><br \/>\n    <br \/>-Materiaali: Vahva ter\u00e4srakenne ja muovijalusta<br \/>\n<br \/>-V\u00e4ri: Musta<br \/>\n<br \/>- Tukee enint\u00e4\u00e4n 50 kg:n painoa<br \/>\n<br \/>-Per\u00e4vaunun paino: 11,5 kg<br \/>\n<br \/>-Mitat: 145x70x49cm (PxKxK)<br \/>\n<br \/>-PE-levyn paksuus: 2 mm\n<\/div>\n<div class=\"detailmodule_html\">\n<div class=\"detail-desc-decorate-richtext\">\n<div class=\"lc-1\">\n<div class=\"f-line\">\n<div class=\"fts\">\n<div>\n-Sopiva polkupy\u00f6r\u00e4n renkaan halkaisija: 20 &quot;-26&quot;<br \/>\n<br \/>-Viite: B4-0008<br \/>\n\n        <\/div><\/div><\/div><\/div><\/div><\/div><\/div><\/div>\n<\/div>\n<div>\n <img decoding=\"async\" width=\"1000    \" height=\"35\" src=\"https:\/\/ae01.alicdn.com\/kf\/HTB1KhgjkfiSBuNkSnhJq6zDcpXaR.jpg\" slate-data-type=\"image\" \/>\n<\/div>\n<div class=\"content01\">\n<div class=\"content_img\">\n  <img decoding=\"async\" width=\"1000\" src=\"https:\/\/ae01.alicdn.com\/kf\/H2c64b258a67643ed85a0cc187dc8bb3cQ.jpg\" slate-data-type=\"image\" \/>\n <\/div>\n<div class=\"content_img\">\n  <img decoding=\"async\" width=\"1000\" src=\"https:\/\/ae01.alicdn.com\/kf\/Ha7bcb129fe7d4a999932bc04554ebedbq.jpg\" slate-data-type=\"image\" \/>\n <\/div>\n<div class=\"content_img\">\n  <img decoding=\"async\" width=\"1000\" src=\"https:\/\/ae01.alicdn.com\/kf\/Hab3a76bdd7564a8b9d6f90e3279125fbF.jpg\" slate-data-type=\"image\" \/>\n <\/div>\n<div class=\"content_img\">\n  <img decoding=\"async\" width=\"1000\" src=\"https:\/\/ae01.alicdn.com\/kf\/Hfe13f487df274ceea08e55911aec8ed9M.jpg\" slate-data-type=\"image\" \/>\n <\/div>\n<div class=\"content_img\">\n  <img decoding=\"async\" width=\"1000\" src=\"https:\/\/ae01.alicdn.com\/kf\/Hfd097be8084043459af95bdb322fc4cf5.jpg\" slate-data-type=\"image\" \/>\n <\/div>\n<div class=\"content_img\">\n  <img decoding=\"async\" width=\"1000\" src=\"https:\/\/ae01.alicdn.com\/kf\/H5068429d5fe74a8cad3b2c1594bd1abcs.jpg\" slate-data-type=\"image\" \/>\n <\/div>\n<div class=\"content_img\">\n  <img decoding=\"async\" width=\"1000\" src=\"https:\/\/gsp.aliexpress.com\/apps\/product\/publish?spm=5261.ProductManageOnline.0.0.789e4edf7O1jHp&amp;productId=4000370801767\" slate-data-type=\"image\" \/>\n <\/div>\n<div class=\"content_img\">\n  <img decoding=\"async\" width=\"1000\" src=\"https:\/\/gsp.aliexpress.com\/apps\/product\/publish?spm=5261.ProductManageOnline.0.0.789e4edf7O1jHp&amp;productId=4000370801767\" slate-data-type=\"image\" \/>\n <\/div>\n<\/div>\n<div>\n <img fetchpriority=\"high\" decoding=\"async\" width=\"1000\" height=\"1881\" src=\"https:\/\/ae01.alicdn.com\/kf\/HTB1i.OtVMHqK1RjSZFkq6x.WFXaT.jpg\" slate-data-type=\"image\" \/>\n<\/div>\n<p><\/p>\n<\/div>\n<\/div>","protected":false},"excerpt":{"rendered":"<p>Brand Name:&nbsp;PawHut To get even more out of your city bike, &amp; iquest; What better than this fantastic large cargo bike trailer? Its steel structure and large wheels make it<\/p>","protected":false},"featured_media":24664,"comment_status":"open","ping_status":"closed","template":"","meta":{"_acf_changed":false},"product_brand":[],"product_cat":[523],"product_tag":[],"class_list":{"0":"post-24663","1":"product","2":"type-product","3":"status-publish","4":"has-post-thumbnail","6":"product_cat-bike-trailers-and-wagons","8":"first","9":"instock","10":"shipping-taxable","11":"purchasable","12":"product-type-variable"},"acf":[],"_links":{"self":[{"href":"https:\/\/www.electricstore.eu\/fi\/wp-json\/wp\/v2\/product\/24663","targetHints":{"allow":["GET"]}}],"collection":[{"href":"https:\/\/www.electricstore.eu\/fi\/wp-json\/wp\/v2\/product"}],"about":[{"href":"https:\/\/www.electricstore.eu\/fi\/wp-json\/wp\/v2\/types\/product"}],"replies":[{"embeddable":true,"href":"https:\/\/www.electricstore.eu\/fi\/wp-json\/wp\/v2\/comments?post=24663"}],"wp:featuredmedia":[{"embeddable":true,"href":"https:\/\/www.electricstore.eu\/fi\/wp-json\/wp\/v2\/media\/24664"}],"wp:attachment":[{"href":"https:\/\/www.electricstore.eu\/fi\/wp-json\/wp\/v2\/media?parent=24663"}],"wp:term":[{"taxonomy":"product_brand","embeddable":true,"href":"https:\/\/www.electricstore.eu\/fi\/wp-json\/wp\/v2\/product_brand?post=24663"},{"taxonomy":"product_cat","embeddable":true,"href":"https:\/\/www.electricstore.eu\/fi\/wp-json\/wp\/v2\/product_cat?post=24663"},{"taxonomy":"product_tag","embeddable":true,"href":"https:\/\/www.electricstore.eu\/fi\/wp-json\/wp\/v2\/product_tag?post=24663"}],"curies":[{"name":"wp","href":"https:\/\/api.w.org\/{rel}","templated":true}]}}