{"id":24002,"date":"2025-05-20T18:34:56","date_gmt":"2025-05-20T18:34:56","guid":{"rendered":"https:\/\/electricstore.eu\/p\/uncategorized\/csc-electric-bicycle-conversion-kit-48v-1000w-1500w-brushless-hub-motor-36v-350w-ebike-conversion-kit-48v-18ah-hailong-battery-2\/"},"modified":"2025-05-20T18:35:16","modified_gmt":"2025-05-20T18:35:16","slug":"csc-electric-bicycle-conversion-kit-48v-1000w-1500w-brushless-hub-motor-36v-350w-ebike-conversion-kit-48v-18ah-hailong-battery-2","status":"publish","type":"product","link":"https:\/\/www.electricstore.eu\/fi\/p\/p\/kits\/electric-hub-motor-kits\/csc-electric-bicycle-conversion-kit-48v-1000w-1500w-brushless-hub-motor-36v-350w-ebike-conversion-kit-48v-18ah-hailong-battery-2\/","title":{"rendered":"CSC s\u00e4hk\u00f6py\u00f6r\u00e4n muunnossarja 48V 1000W 1500W harjaton napamoottori 36V 350w s\u00e4hk\u00f6py\u00f6r\u00e4n muunnossarja 48V 18AH hailong-akulla"},"content":{"rendered":"<div class=\"product-specs-list-container\">\n<ul class=\"product-specs-list util-clearfix\">\n<li class=\"product-prop line-limit-length\"><span\n                                        class=\"property-title\">Moottorin tyyppi:&nbsp;<\/span><span\n                                        class=\"property-desc line-limit-length\">Harjaton ei-vaihteinen napamoottori<\/span>\n                            <\/li>\n<li class=\"product-prop line-limit-length\"><span\n                                        class=\"property-title\">Teho:&nbsp;<\/span><span\n                                        class=\"property-desc line-limit-length\">&gt; 400w<\/span>\n                            <\/li>\n<li class=\"product-prop line-limit-length\"><span\n                                        class=\"property-title\">Design:&nbsp;<\/span><span\n                                        class=\"property-desc line-limit-length\">Harjaton<\/span>\n                            <\/li>\n<li class=\"product-prop line-limit-length\"><span\n                                        class=\"property-title\">J\u00e4nnite:&nbsp;<\/span><span\n                                        class=\"property-desc line-limit-length\">48V<\/span>\n                            <\/li>\n<li class=\"product-prop line-limit-length\"><span\n                                        class=\"property-title\">Tuotemerkki:&nbsp;<\/span><span\n                                        class=\"property-desc line-limit-length\">CSC<\/span>\n                            <\/li>\n<li class=\"product-prop line-limit-length\"><span\n                                        class=\"property-title\">Alkuper\u00e4:&nbsp;<\/span><span\n                                        class=\"property-desc line-limit-length\">Manner-Kiina<\/span>\n                            <\/li>\n<li class=\"product-prop line-limit-length\"><span\n                                        class=\"property-title\">J\u00e4nnite:&nbsp;<\/span><span\n                                        class=\"property-desc line-limit-length\">36V<\/span>\n                            <\/li>\n<li class=\"product-prop line-limit-length\"><span\n                                        class=\"property-title\">Moottorityyppi:&nbsp;<\/span><span\n                                        class=\"property-desc line-limit-length\">Harjaton vaihdemoottori<\/span>\n                            <\/li>\n<li class=\"product-prop line-limit-length\"><span\n                                        class=\"property-title\">Sopiva rengaskoko:&nbsp;<\/span><span\n                                        class=\"property-desc line-limit-length\">26 tuumaa 27,5 tuumaa 28 tuumaa 29 tuumaa 700 \u00b0C:ssa<\/span>\n                            <\/li>\n<li class=\"product-prop line-limit-length\"><span\n                                        class=\"property-title\">Kapasiteetti:&nbsp;<\/span><span\n                                        class=\"property-desc line-limit-length\">36 V 15 Ah, 48 V 15 Ah 18 Ah 24 Ah<\/span>\n                            <\/li>\n<li class=\"product-prop line-limit-length\"><span\n                                        class=\"property-title\">Moottorin akselin halkaisija:&nbsp;<\/span><span\n                                        class=\"property-desc line-limit-length\">36 V M12 (12 mm * 10 mm) \uff0c 48 V M14 (14 mm * 10 mm) \uff0c<\/span>\n                            <\/li>\n<li class=\"product-prop line-limit-length\"><span\n                                        class=\"property-title\">Jarrutyyppi:&nbsp;<\/span><span\n                                        class=\"property-desc line-limit-length\">v-jarru, levyjarruihin yhteensopiva<\/span>\n                            <\/li>\n<li class=\"product-prop line-limit-length\"><span\n                                        class=\"property-title\">Jousituksen tyyppi:&nbsp;<\/span><span\n                                        class=\"property-desc line-limit-length\">Edess\u00e4 tai takana<\/span>\n                            <\/li>\n<li class=\"product-prop line-limit-length\"><span\n                                        class=\"property-title\">Huomautus:&nbsp;<\/span><span\n                                        class=\"property-desc line-limit-length\">Tarkista renkaaseen leimatut mitat ennen tilaamista<\/span>\n                            <\/li>\n<li class=\"product-prop line-limit-length\"><span\n                                        class=\"property-title\">Rakennusautomaatio:&nbsp;<\/span><span\n                                        class=\"property-desc line-limit-length\">36 V 10,4 Ah (20 ampeeria), 48 V 18 Ah (30 ampeeria), 24 Ah (40 ampeeria)<\/span>\n                            <\/li>\n<li class=\"product-prop line-limit-length\"><span\n                                        class=\"property-title\">Moottorin teho:&nbsp;<\/span><span\n                                        class=\"property-desc line-limit-length\">250 W 350 W 500 W 1000 W 1500 W<\/span>\n                            <\/li>\n<\/ul><\/div>\n<p><\/p>\n<p><\/p>\n<p><\/p>\n<p><kse:widget data-widget-type=\"customText\" id=\"1005000011616010\" type=\"custom\"><\/kse:widget><\/p>\n<div class=\"detailmodule_html\">\n<div class=\"detail-desc-decorate-richtext\">\n<div class=\"detailmodule_text\">\n<p style=\"font-family:OpenSans;font-size:20px;font-weight:900;line-height:28px;white-space:pre-wrap;color:rgb(0, 0, 0);margin-bottom:12px\" class=\"detail-desc-decorate-title\">Pakkauslista<\/p>\n<p style=\"font-family:OpenSans;font-size:14px;text-align:left;color:rgb(0, 0, 0);background-color:rgb(255, 255, 255);display:block;width:100%\" align=\"left\">Huom.: Muunnossarja ei sis\u00e4ll\u00e4 rengasta, vapaaratasta eik\u00e4 levyjarrua. (Jos tarvitset akun, renkaan, vapaarattaan tai levyjarrun, ota meihin yhteytt\u00e4 lis\u00e4maksusta.)<br \/>1 * akku ja laturi (Jos tilaat &quot;EI akkua&quot;, akku ja laturi eiv\u00e4t sis\u00e4lly toimitukseen)<br \/>1 * Takamoottoripy\u00f6r\u00e4<br \/>1 * DC-ohjain <br \/>1 * Ohjainpussi<br \/>1 pari * Virran katkaisu Jarruvipu<br \/>1 * N\u00e4ytt\u00f6 SW900<br \/>1 * 8 magneettipedaalin avustaja-anturi<br \/>1 sarja * Kiertokaasu<\/p>\n<\/div>\n<div class=\"detailmodule_image\"><img decoding=\"async\" class=\"detail-desc-decorate-image\" src=\"https:\/\/ae04.alicdn.com\/kf\/H7fef7aef407745faabf15817e0fca9fbj.jpg\" slate-data-type=\"image\"\/><\/div>\n<div class=\"detailmodule_text\">\n<p style=\"font-family:OpenSans;font-size:20px;font-weight:900;line-height:28px;white-space:pre-wrap;color:rgb(0, 0, 0);margin-bottom:12px\" class=\"detail-desc-decorate-title\">Moottoripy\u00f6r\u00e4<\/p>\n<p style=\"font-family:OpenSans;font-size:14px;font-weight:300;line-height:20px;white-space:pre-wrap;color:rgb(0, 0, 0);margin-bottom:12px\" class=\"detail-desc-decorate-content\">1. T\u00e4ysi nopeus: 36V 250\/350\/500W noin 20-35 km\/h,<br \/>48V 1000W noin 45-55 km\/h, <br \/>48V 1500W noin 50-60 km\/h, <br \/> (Eri rengaskoot, tie- ja s\u00e4\u00e4olosuhteet sek\u00e4 kuljettajan paino vaikuttavat eri vauhtiin)<br \/>2. Napamoottori: Harjaton vaihdenapamoottori 36 V:lle <br \/>Harjaton, ei-vaihteinen napamoottori 48 V:lle <br \/>3. Vanne: Kaksisein\u00e4inen alumiiniseosvanne<br \/>4. Py\u00f6r\u00e4n keski\u00f6laakeri: Takana 135\u2013142 mm<br \/>5. V\u00e4\u00e4nt\u00f6momentti: 25-35Nm 36v 250W 350W 500W:lle<br \/>30\u201340 NM 500 W:lle ja 1000 W:lle<br \/>35\u201345 Nm 1500 W:lle<br \/>6. Kierrosluku: 320 kierrosta minuutissa 36 V:n 250 W:n ja 350 W:n moottorille<br \/>350 36 V 500 W:lle<br \/>470 48 V:n 500 W:n 1000 W:n j\u00e4nnitteelle<br \/>540 48 V 1500 W:lle<br \/>7. Moottori sopii kierteille tarkoitettuun vapaarattaaseen, ei kasettivaihteistoon. Jos tarvitset kasettivaihteistoon sopivan moottorin, ota meihin yhteytt\u00e4.<\/p>\n<\/div>\n<div class=\"detailmodule_image\"><img decoding=\"async\" class=\"detail-desc-decorate-image\" src=\"https:\/\/ae01.alicdn.com\/kf\/H7bc9f84c75704df78fd5fb271f27f1d3c.jpg\" slate-data-type=\"image\"\/><img decoding=\"async\" class=\"detail-desc-decorate-image\" src=\"https:\/\/ae01.alicdn.com\/kf\/H406141f49450451f823fc314a1c6ea900.jpg\" slate-data-type=\"image\"\/><img decoding=\"async\" style=\"margin-bottom:10px\" class=\"detail-desc-decorate-image\" src=\"https:\/\/ae01.alicdn.com\/kf\/S9dc1cb71554746f39dc1078dea02b7bff.jpg\" slate-data-type=\"image\"\/><\/div>\n<div class=\"detailmodule_text\">\n<p style=\"font-family:OpenSans;font-size:14px;text-align:left;color:rgb(0, 0, 0);background-color:rgb(255, 255, 255);display:block;width:100%\" align=\"left\">36V<\/p>\n<\/div>\n<div class=\"detailmodule_image\"><img decoding=\"async\" class=\"detail-desc-decorate-image\" src=\"https:\/\/ae01.alicdn.com\/kf\/H7add78d689ad4c839b04ae6a669449e3p.jpg\" slate-data-type=\"image\"\/><\/div>\n<div class=\"detailmodule_text\">\n<p style=\"font-family:OpenSans;font-size:14px;text-align:left;color:rgb(0, 0, 0);background-color:rgb(255, 255, 255);display:block;width:100%\" align=\"left\">48V<\/p>\n<\/div>\n<div class=\"detailmodule_image\"><img decoding=\"async\" class=\"detail-desc-decorate-image\" src=\"https:\/\/ae01.alicdn.com\/kf\/Hf784f9dcfd9349b0ac9a2935009c8311q.jpg\" slate-data-type=\"image\"\/><\/div>\n<div class=\"detailmodule_text\">\n<p style=\"font-family:OpenSans;font-size:20px;font-weight:900;line-height:28px;white-space:pre-wrap;color:rgb(0, 0, 0);margin-bottom:12px\" class=\"detail-desc-decorate-title\">n\u00e4ytt\u00f6<\/p>\n<p style=\"font-family:OpenSans;font-size:14px;font-weight:300;line-height:20px;white-space:pre-wrap;color:rgb(0, 0, 0);margin-bottom:12px\" class=\"detail-desc-decorate-content\">SW900-n\u00e4ytt\u00f6, jossa vakionopeudens\u00e4\u00e4din<\/p>\n<\/div>\n<div class=\"detailmodule_image\"><img decoding=\"async\" class=\"detail-desc-decorate-image\" src=\"https:\/\/ae04.alicdn.com\/kf\/H2f740dbf099f4e75aecfea87ee7c29a2m.jpg\" slate-data-type=\"image\"\/><\/div>\n<div class=\"detailmodule_text\">\n<p style=\"font-family:OpenSans;font-size:20px;font-weight:900;line-height:28px;white-space:pre-wrap;color:rgb(0, 0, 0);margin-bottom:12px\" class=\"detail-desc-decorate-title\">ohjain<\/p>\n<p style=\"font-family:OpenSans;font-size:14px;font-weight:300;line-height:20px;white-space:pre-wrap;color:rgb(0, 0, 0);margin-bottom:12px\" class=\"detail-desc-decorate-content\">CSC 6 MOSFET-ohjain<br \/>Sopii: 36V 250W\/350W\/500W moottoripy\u00f6r\u00e4\u00e4n, SW900-n\u00e4ytt\u00f6\u00f6n<br \/>Nimellisvirta: 15A, maksimivirta: 30\u00b11A<br \/>Koko: 100 * 64 * 32 mm<\/p>\n<p>CSC 12 MOSFET-ohjain <br \/>Sopii: 48 V 1000 W moottoripy\u00f6r\u00e4\u00e4n, SW900-n\u00e4ytt\u00f6\u00f6n<br \/>Nimellisvirta: 22A, Maks. virta: 44\u00b11A<br \/>Koko: 149 * 83,3 * 42 mm<\/p>\n<p>CSC 15 MOSFET-ohjain <br \/>Sopii: 48 V 1500 W moottoripy\u00f6r\u00e4\u00e4n \uff0c SW900-n\u00e4ytt\u00f6\u00f6n<br \/>Nimellisvirta: 35A, Maks. virta: 70\u00b11A<br \/>Koko: 118,2 * 82,33 * 41 mm<\/p>\n<\/div>\n<div class=\"detailmodule_image\"><img decoding=\"async\" class=\"detail-desc-decorate-image\" src=\"https:\/\/ae01.alicdn.com\/kf\/H91b578cda72b4fe3bcd7881269329105N.jpg\" slate-data-type=\"image\"\/><\/div>\n<div class=\"detailmodule_text-image\">\n<p style=\"font-family:OpenSans;font-size:20px;font-weight:900;line-height:28px;white-space:pre-wrap;color:rgb(0, 0, 0);margin-bottom:12px\" class=\"detail-desc-decorate-title\">Ohjainlaukku<\/p>\n<\/div>\n<div class=\"detailmodule_image\"><img decoding=\"async\" class=\"detail-desc-decorate-image\" src=\"https:\/\/ae01.alicdn.com\/kf\/Hfb0c0e235e9d410f815ccbb3e9f9291as.jpg\" slate-data-type=\"image\"\/><\/div>\n<div class=\"detailmodule_text\">\n<p style=\"font-family:OpenSans;font-size:20px;font-weight:900;line-height:28px;white-space:pre-wrap;color:rgb(0, 0, 0);margin-bottom:12px\" class=\"detail-desc-decorate-title\">PAS<\/p>\n<\/div>\n<div class=\"detailmodule_image\"><a href=\"https:\/\/www.aliexpress.com\/store\/product\/Electric-Bicycle-Pedal-BZ-4-8-8-Magnet-or-KT-V12L-12-Magnets-E-bike-PAS\/502344_32947529138.html?spm=2114.12010612.8148356.5.19f8628fiwlFMT\" target=\"_self\" class=\"\"><img decoding=\"async\" class=\"detail-desc-decorate-image\" src=\"https:\/\/ae01.alicdn.com\/kf\/H088209dd4faa4eca81369d582b8c1418x.jpg\" slate-data-type=\"image\"\/><\/a><\/div>\n<div class=\"detailmodule_text\">\n<p style=\"font-family:OpenSans;font-size:20px;font-weight:900;line-height:28px;white-space:pre-wrap;color:rgb(0, 0, 0);margin-bottom:12px\" class=\"detail-desc-decorate-title\">Kaasu<\/p>\n<\/div>\n<div class=\"detailmodule_image\"><img decoding=\"async\" style=\"margin-bottom:10px\" class=\"detail-desc-decorate-image\" src=\"https:\/\/ae01.alicdn.com\/kf\/S9ec2b138586f4c92bd46e650dd6cab1aO.jpg\" slate-data-type=\"image\"\/><\/div>\n<div class=\"detailmodule_text\">\n<p style=\"font-family:OpenSans;font-size:20px;font-weight:900;line-height:28px;white-space:pre-wrap;color:rgb(0, 0, 0);margin-bottom:12px\" class=\"detail-desc-decorate-title\">Virran katkaisujarrun kahva<\/p>\n<\/div>\n<div class=\"detailmodule_image\"><a href=\"https:\/\/www.aliexpress.com\/store\/product\/Ebike-Aluminum-Brake-Lever-with-Cut-Off-Electricity-Power-Parking-Function-Electric-Bicycle-Accessories\/502344_32965382287.html?spm=2114.12010612.8148356.31.19f8628fzogu7o\" target=\"_self\" class=\"\"><img decoding=\"async\" class=\"detail-desc-decorate-image\" src=\"https:\/\/ae01.alicdn.com\/kf\/Hd706089279f9482eb3a73aa6ede2c220x.jpg\" slate-data-type=\"image\"\/><\/a><\/div>\n<div class=\"detailmodule_text\">\n<p style=\"font-family:OpenSans;font-size:20px;font-weight:900;line-height:28px;white-space:pre-wrap;color:rgb(0, 0, 0);margin-bottom:12px\" class=\"detail-desc-decorate-title\">akku<\/p>\n<p style=\"font-family:OpenSans;font-size:14px;font-weight:300;line-height:20px;white-space:pre-wrap;color:rgb(0, 0, 0);margin-bottom:12px\" class=\"detail-desc-decorate-content\">36 V 15 Ah akku<br \/>Ohjaimen liitin: XT60<br \/>Nimellisj\u00e4nnite: 36V<br \/>Nimelliskapasiteetti: 15 Ah<br \/>Kokoonpanotyyppi: 10Series 6Paralles 10S6P<br \/>Kennot: Tehokkaat 18650 3.7V 2500mAh 10A 5C kennot<br \/>BMS: 20 ampeeria jatkuva, 50\u00b110 ampeeria enint\u00e4\u00e4n<br \/>Sopiva moottorin teho: 36V 250W 350W 500W<br \/>Latausvirta: 2-5A<br \/>Latauksen katkaisuj\u00e4nnite: 42V<br \/>Purkausj\u00e4nnite: 30V<br \/>Poistol\u00e4mp\u00f6tila: -20 - 65 \u00b0C<br \/>Latausl\u00e4mp\u00f6tila: 0\u201345 \u00b0C<br \/>Mitat: 90 * 110 * 360 mm<br \/>Akun paino: 3,8 kg<br \/>Syklien k\u00e4ytt\u00f6ik\u00e4: \u226580% kapasiteetti 800 syklin j\u00e4lkeen.<br \/>&#8212;&#8212;&#8212;&#8212;&#8212;&#8212;&#8212;&#8212;&#8212;&#8212;&#8212;&#8212;&#8212;&#8212;&#8212;&#8212;&#8212;&#8212;&#8212;&#8212;&#8212;&#8212;<\/p>\n<p>48 V 12,5 Ah akku<br \/>Ohjaimen liitin: XT60<br \/>Nimellisj\u00e4nnite: 48V<br \/>Nimelliskapasiteetti: 12,5 Ah<br \/>Kokoonpanotyyppi: 13Series 5Paralles 13S5P<br \/>Kennot: Tehokkaat 18650 3.7V 2500mAh 10A 5C kennot<br \/>BMS: 30 A jatkuva, 100 \u00b1 10 A maksimi<br \/>Sopiva moottorin teho: 48V, 500W, 750W, 1000W<br \/>Latausvirta: 2-5A<br \/>Latauksen katkaisuj\u00e4nnite: 54,6 V<br \/>Purkausj\u00e4nnite: 39V<br \/>Poistol\u00e4mp\u00f6tila: -20 - 65 \u00b0C<br \/>Latausl\u00e4mp\u00f6tila: 0\u201345 \u00b0C<br \/>Mitat: 90 * 110 * 360 mm<br \/>Akun paino: 4,1 kg<br \/>Syklien k\u00e4ytt\u00f6ik\u00e4: \u226580% kapasiteetti 800 syklin j\u00e4lkeen.<br \/>&#8212;&#8212;&#8212;&#8212;&#8212;&#8212;&#8212;&#8212;&#8212;&#8212;&#8212;&#8212;&#8212;&#8212;&#8212;&#8212;&#8212;&#8212;&#8212;&#8212;&#8212;&#8212;<\/p>\n<p>48 V 18 Ah akku<br \/>Nimellisj\u00e4nnite: 48V<br \/>Nimelliskapasiteetti: 18 Ah<br \/>Kokoonpanotyyppi: 13Series 4Paralles 13S4P<br \/>Kennot: Tehokkaat 21700 3,7 V 4500 mAh kennot<br \/>BMS: 40 A jatkuva, 100\u00b110 A maksimi<br \/>Sopiva moottorin teho: 48V 250W-1500W<br \/>Latausvirta: 2-5A<br \/>Latauksen katkaisuj\u00e4nnite: 54,6 V<br \/>Purkausj\u00e4nnite: 39V<br \/>Poistol\u00e4mp\u00f6tila: -20 - 65 \u00b0C<br \/>Latausl\u00e4mp\u00f6tila: 0\u201345 \u00b0C<br \/>Mitat: 90 * 110 * 360 mm<br \/>Akun paino: 4,77 kg<br \/>Syklien k\u00e4ytt\u00f6ik\u00e4: \u226580% kapasiteetti 800 syklin j\u00e4lkeen.<br \/>&#8212;&#8212;&#8212;&#8212;&#8212;&#8212;&#8212;&#8212;&#8212;&#8212;&#8212;&#8212;&#8212;&#8212;&#8212;&#8212;&#8212;&#8212;&#8212;&#8212;&#8212;&#8212;<\/p>\n<p>48 V 24 Ah akku<br \/>Nimellisj\u00e4nnite: 48V<br \/>Nimelliskapasiteetti: 24Ah<br \/>Kokoonpanotyyppi: 13Series 5Paralles 13S5P<br \/>Kennot: Tehokkaat 21700 3,7 V 4800 mAh kennot<br \/>BMS: 40 A jatkuva, 100\u00b110 A maksimi<br \/>Sopiva moottorin teho: 48V 250W-1500W<br \/>Latausvirta: 2-5A<br \/>Latauksen katkaisuj\u00e4nnite: 54,6 V<br \/>Purkausj\u00e4nnite: 39V<br \/>Poistol\u00e4mp\u00f6tila: -20 - 65 \u00b0C<br \/>Latausl\u00e4mp\u00f6tila: 0\u201345 \u00b0C<br \/>Mitat: 90 * 110 * 360 mm<br \/>Akun paino: 5,73 kg<br \/>Syklien k\u00e4ytt\u00f6ik\u00e4: \u226580% kapasiteetti 800 syklin j\u00e4lkeen.<br \/>&#8212;&#8212;&#8212;&#8212;&#8212;&#8212;&#8212;&#8212;&#8212;&#8212;&#8212;&#8212;&#8212;&#8212;&#8212;&#8212;&#8212;&#8212;&#8212;&#8212;&#8212;&#8212;<\/p>\n<p>52 V 13,5 Ah akku<br \/>Nimellisj\u00e4nnite: 52V<br \/>Nimelliskapasiteetti: 13,5 Ah<br \/>Kokoonpanotyyppi: 14Series 3Paralles 14S3P<br \/>Kennot: Tehokkaat 21700 3,7 V 4500 mAh kennot<br \/>BMS: 30 A jatkuva, 100 \u00b1 10 A maksimi<br \/>Sopiva moottorin teho: 52V 250W-750W<br \/>Latausvirta: 2-5A<br \/>Latauksen katkaisuj\u00e4nnite: 60V<br \/>Purkausj\u00e4nnite: 39V<br \/>Poistol\u00e4mp\u00f6tila: -20 - 65 \u00b0C<br \/>Latausl\u00e4mp\u00f6tila: 0\u201345 \u00b0C<br \/>Mitat: 90 * 110 * 360 mm<br \/>Akun paino: 4,15 kg<br \/>Syklien k\u00e4ytt\u00f6ik\u00e4: \u226580% kapasiteetti 800 syklin j\u00e4lkeen.<br \/>&#8212;&#8212;&#8212;&#8212;&#8212;&#8212;&#8212;&#8212;&#8212;&#8212;&#8212;&#8212;&#8212;&#8212;&#8212;&#8212;&#8212;&#8212;&#8212;&#8212;&#8212;&#8212;<\/p>\n<p>52 V 18 Ah akku<br \/>Nimellisj\u00e4nnite: 52V<br \/>Nimelliskapasiteetti: 18 Ah<br \/>Kokoonpanotyyppi: 14Series 4Paralles 14S4P<br \/>Kennot: Tehokkaat 21700 3,7 V 4500 mAh kennot<br \/>BMS: 40 A jatkuva, 100\u00b110 A maksimi<br \/>Sopiva moottorin teho: 52V 250W-1500W<br \/>Latausvirta: 2-5A<br \/>Latauksen katkaisuj\u00e4nnite: 60V<br \/>Purkausj\u00e4nnite: 39-42V<br \/>Poistol\u00e4mp\u00f6tila: -20 - 65 \u00b0C<br \/>Latausl\u00e4mp\u00f6tila: 0\u201345 \u00b0C<br \/>Mitat: 90 * 110 * 360 mm<br \/>Akun paino: 4,99 kg<br \/>Syklien k\u00e4ytt\u00f6ik\u00e4: \u226580% kapasiteetti 800 syklin j\u00e4lkeen.<br \/>&#8212;&#8212;&#8212;&#8212;&#8212;&#8212;&#8212;&#8212;&#8212;&#8212;&#8212;&#8212;&#8212;&#8212;&#8212;&#8212;&#8212;&#8212;&#8212;&#8212;&#8212;&#8212;<\/p>\n<\/div>\n<div class=\"detailmodule_image\"><img decoding=\"async\" class=\"detail-desc-decorate-image\" src=\"https:\/\/ae01.alicdn.com\/kf\/H73dd922a6dd0414f90bee11960a200df2.png\" slate-data-type=\"image\"\/><img decoding=\"async\" class=\"detail-desc-decorate-image\" src=\"https:\/\/ae01.alicdn.com\/kf\/H2f40eb453ff042d19f4edd32f21b3176U.jpg\" slate-data-type=\"image\"\/><\/div>\n<div class=\"detailmodule_image\"><img decoding=\"async\" class=\"detail-desc-decorate-image\" src=\"https:\/\/ae01.alicdn.com\/kf\/H8b810db2ab8b4d8eb427b8a220c721431.jpg\" slate-data-type=\"image\"\/><\/div>\n<div class=\"detailmodule_image\"><img decoding=\"async\" class=\"detail-desc-decorate-image\" src=\"https:\/\/ae01.alicdn.com\/kf\/Hf9f37f875a884c5f9a1fa1d70020da65l.jpg\" slate-data-type=\"image\"\/><\/div>\n<p><\/p>\n<p><\/p>\n<p><\/p>\n<p><\/p>\n<p><\/p>\n<p><\/p>\n<p><\/p>\n<p><\/p>\n<p><\/p>\n<p><\/p>\n<p><\/p>\n<p><\/p>\n<p><\/p>\n<p><\/p>\n<p><\/p>\n<p><\/p>\n<p><\/p>\n<p><\/p>\n<p><\/p>\n<p><\/p>\n<p><\/p>\n<div><\/div>\n<\/div>\n<\/div>\n<p><\/p>\n<p><\/p>\n<p><\/p>\n<p><\/p>\n<p><\/p>\n<p><\/p>\n<p><\/p>\n<p><\/p>\n<p><\/p>\n<p><\/p>\n<p><\/p>\n<p><\/p>\n<p><\/p>\n<p><\/p>\n<p><\/p>\n<p><\/p>\n<p><\/p>\n<p><\/p>","protected":false},"excerpt":{"rendered":"<p>Motor Type:&nbsp;Brushless Non-gear Hub Motor Wattage:&nbsp;&gt; 400w Design:&nbsp;Brushless Voltage:&nbsp;48V Brand Name:&nbsp;CSC Origin:&nbsp;Mainland China Voltage:&nbsp;36V Motor type:&nbsp;Brushless gear motor Suitable tire size:&nbsp;26 in 27.5 in 28 in 29 in 700C Capacity:&nbsp;36V<\/p>","protected":false},"featured_media":22948,"comment_status":"open","ping_status":"closed","template":"","meta":{"_acf_changed":false},"product_brand":[],"product_cat":[528],"product_tag":[],"class_list":{"0":"post-24002","1":"product","2":"type-product","3":"status-publish","4":"has-post-thumbnail","6":"product_cat-electric-hub-motor-kits","8":"first","9":"instock","10":"shipping-taxable","11":"purchasable","12":"product-type-variable"},"acf":[],"_links":{"self":[{"href":"https:\/\/www.electricstore.eu\/fi\/wp-json\/wp\/v2\/product\/24002","targetHints":{"allow":["GET"]}}],"collection":[{"href":"https:\/\/www.electricstore.eu\/fi\/wp-json\/wp\/v2\/product"}],"about":[{"href":"https:\/\/www.electricstore.eu\/fi\/wp-json\/wp\/v2\/types\/product"}],"replies":[{"embeddable":true,"href":"https:\/\/www.electricstore.eu\/fi\/wp-json\/wp\/v2\/comments?post=24002"}],"wp:featuredmedia":[{"embeddable":true,"href":"https:\/\/www.electricstore.eu\/fi\/wp-json\/wp\/v2\/media\/22948"}],"wp:attachment":[{"href":"https:\/\/www.electricstore.eu\/fi\/wp-json\/wp\/v2\/media?parent=24002"}],"wp:term":[{"taxonomy":"product_brand","embeddable":true,"href":"https:\/\/www.electricstore.eu\/fi\/wp-json\/wp\/v2\/product_brand?post=24002"},{"taxonomy":"product_cat","embeddable":true,"href":"https:\/\/www.electricstore.eu\/fi\/wp-json\/wp\/v2\/product_cat?post=24002"},{"taxonomy":"product_tag","embeddable":true,"href":"https:\/\/www.electricstore.eu\/fi\/wp-json\/wp\/v2\/product_tag?post=24002"}],"curies":[{"name":"wp","href":"https:\/\/api.w.org\/{rel}","templated":true}]}}