{"id":21967,"date":"2025-05-20T18:28:28","date_gmt":"2025-05-20T18:28:28","guid":{"rendered":"https:\/\/electricstore.eu\/p\/uncategorized\/bk15-electric-bike-for-adults-250w-48v-15ah-ebike-264-0-fat-tire-e-mountain-bike-7-speed-all-terrain-electric-bicycle\/"},"modified":"2025-05-20T18:28:47","modified_gmt":"2025-05-20T18:28:47","slug":"bk15-electric-bike-for-adults-250w-48v-15ah-ebike-264-0-fat-tire-e-mountain-bike-7-speed-all-terrain-electric-bicycle","status":"publish","type":"product","link":"https:\/\/www.electricstore.eu\/fi\/p\/bikes\/bk15-electric-bike-for-adults-250w-48v-15ah-ebike-264-0-fat-tire-e-mountain-bike-7-speed-all-terrain-electric-bicycle\/","title":{"rendered":"BK15 s\u00e4hk\u00f6py\u00f6r\u00e4 aikuisille 250W 48V 15AH s\u00e4hk\u00f6py\u00f6r\u00e4 26*4.0 Fat rengas s\u00e4hk\u00f6maastopy\u00f6r\u00e4 7-vaihteinen maastoon s\u00e4hk\u00f6py\u00f6r\u00e4"},"content":{"rendered":"<div class=\"product-specs-list-container\">\n<ul class=\"product-specs-list util-clearfix\">\n<li class=\"product-prop line-limit-length\"><span\n                                        class=\"property-title\">Mallinumero:&nbsp;<\/span><span\n                                        class=\"property-desc line-limit-length\">BK15<\/span>\n                            <\/li>\n<li class=\"product-prop line-limit-length\"><span\n                                        class=\"property-title\">Tyyli:&nbsp;<\/span><span\n                                        class=\"property-desc line-limit-length\">Luksustyyppi<\/span>\n                            <\/li>\n<li class=\"product-prop line-limit-length\"><span\n                                        class=\"property-title\">Teho:&nbsp;<\/span><span\n                                        class=\"property-desc line-limit-length\">200\u2013250 W<\/span>\n                            <\/li>\n<li class=\"product-prop line-limit-length\"><span\n                                        class=\"property-title\">Virtal\u00e4hde:&nbsp;<\/span><span\n                                        class=\"property-desc line-limit-length\">litiumparisto<\/span>\n                            <\/li>\n<li class=\"product-prop line-limit-length\"><span\n                                        class=\"property-title\">J\u00e4nnite:&nbsp;<\/span><span\n                                        class=\"property-desc line-limit-length\">48V<\/span>\n                            <\/li>\n<li class=\"product-prop line-limit-length\"><span\n                                        class=\"property-title\">Virtal\u00e4hde:&nbsp;<\/span><span\n                                        class=\"property-desc line-limit-length\">litiumparisto<\/span>\n                            <\/li>\n<li class=\"product-prop line-limit-length\"><span\n                                        class=\"property-title\">Moottori:&nbsp;<\/span><span\n                                        class=\"property-desc line-limit-length\">Harjaton<\/span>\n                            <\/li>\n<li class=\"product-prop line-limit-length\"><span\n                                        class=\"property-title\">Alkuper\u00e4:&nbsp;<\/span><span\n                                        class=\"property-desc line-limit-length\">Manner-Kiina<\/span>\n                            <\/li>\n<li class=\"product-prop line-limit-length\"><span\n                                        class=\"property-title\">Taitettu:&nbsp;<\/span><span\n                                        class=\"property-desc line-limit-length\">Ei<\/span>\n                            <\/li>\n<li class=\"product-prop line-limit-length\"><span\n                                        class=\"property-title\">Renkaan koko:&nbsp;<\/span><span\n                                        class=\"property-desc line-limit-length\">26 tuumaa<\/span>\n                            <\/li>\n<li class=\"product-prop line-limit-length\"><span\n                                        class=\"property-title\">Rungon materiaali:&nbsp;<\/span><span\n                                        class=\"property-desc line-limit-length\">TER\u00c4S<\/span>\n                            <\/li>\n<\/ul><\/div>\n<p><strong><span style=\"font-size:20px\">BK15 s\u00e4hk\u00f6py\u00f6r\u00e4 aikuisille 250W 48V 15AH s\u00e4hk\u00f6py\u00f6r\u00e4 26*4.0 Fat rengas s\u00e4hk\u00f6maastopy\u00f6r\u00e4 7-vaihteinen maastoon s\u00e4hk\u00f6py\u00f6r\u00e4<\/span><\/strong><\/p>\n<p><\/p>\n<p><span style=\"font-size:18px\"><strong>48 V 15 Ah irrotettava akku varkaudenestolla ja avainlukolla<\/strong><\/span><\/p>\n<p>T\u00e4m\u00e4 tehokas 48 V:n 15 Ah:n akku takaa pitk\u00e4kestoisen suorituskyvyn pitkill\u00e4 matkoilla. Turvallisen avainlukon ansiosta akku on suojattu varkauksilta, joten voit helposti irrottaa sen lataamista varten ja pit\u00e4\u00e4 s\u00e4hk\u00f6py\u00f6r\u00e4si turvassa pys\u00e4k\u00f6innin aikana.<\/p>\n<p><\/p>\n<p><span style=\"font-size:18px\"><strong>P\u00e4ivitetyt 26\u00d74,0-tuumaiset puhkeamattomat renkaat parantavat kest\u00e4vyytt\u00e4<\/strong><\/span><\/p>\n<p>BK15 4.0 s\u00e4hk\u00f6py\u00f6r\u00e4ss\u00e4 on kest\u00e4v\u00e4t 26\u00d74,0-tuumaiset renkaat, jotka on nyt p\u00e4ivitetty puhkeamisen kest\u00e4v\u00e4ksi teknologiaksi. Nauti suuremmasta mielenrauhasta ajaessasi tiet\u00e4en, ett\u00e4 n\u00e4m\u00e4 renkaat on suunniteltu kest\u00e4m\u00e4\u00e4n ter\u00e4vi\u00e4 esineit\u00e4 ja tarjoamaan tasaisemman ja luotettavamman kokemuksen kaikissa maastoissa.<\/p>\n<p><\/p>\n<p><span style=\"font-size:18px\"><strong>Sujuva ajo etuhaarukan jousituksen ansiosta<\/strong><\/span><\/p>\n<p>Etuhaarukan jousitus vaimentaa iskuja ja t\u00e4rin\u00e4\u00e4, mik\u00e4 tarjoaa tasaisemman ajokokemuksen ep\u00e4tasaisilla pinnoilla. Olitpa sitten kaupungin kaduilla tai ep\u00e4tasaisilla poluilla, koet paremman mukavuuden ja hallinnan.<\/p>\n<p><\/p>\n<p><span style=\"font-size:18px\"><strong>P\u00e4ivitetty LCD-n\u00e4ytt\u00f6 sovellustoiminnolla t\u00e4ydelliseen ajon hallintaan<\/strong><\/span><\/p>\n<p>Seuraa ajoasi vaivattomasti n\u00e4yt\u00f6ll\u00e4, joka n\u00e4ytt\u00e4\u00e4 useita mittareita, kuten nopeuden, akun keston ja ajokilometrit. T\u00e4m\u00e4 monitoimin\u00e4ytt\u00f6 pit\u00e4\u00e4 sinut t\u00e4ysin ajan tasalla BK15 4.0 -py\u00f6r\u00e4si suorituskyvyst\u00e4 jokaisen matkan aikana.<\/p>\n<p><\/p>\n<p>Akun kapasiteetti: 48V 15AH<\/p>\n<p>Moottori: 250 W harjaton moottori<\/p>\n<p>Suurin nopeus: 25 km\/h<\/p>\n<p>Suurin nousukulma: 25 astetta<\/p>\n<p>Mittarilukema: 45\u201380 km (Vaikuttaa kuormitukseen, l\u00e4mp\u00f6tilaan, tieolosuhteisiin, ajotapaan jne.)<\/p>\n<p>Suurin kuormitus: 120 kg<\/p>\n<p>Rengas: 26 * 4,0 tuuman rengas<\/p>\n<p>Jarrutusmenetelm\u00e4: levyjarru<\/p>\n<p>Latausaika: 6-7 tuntia<\/p>\n<p>Tuotteen koko: 188 * 60 * 103 cm<\/p>\n<p>Pakkauksen koko: 155 * 31 * 80 cm<\/p>\n<p>Brutto\/Netto\uff1a35,4 kg\/28,9 kg<\/p>\n<p><img decoding=\"async\" src=\"https:\/\/ae01.alicdn.com\/kf\/Seaf9081fa5ee447da5c42b72ecf41fa7x.jpg\" slate-data-type=\"image\"\/><img decoding=\"async\" src=\"https:\/\/ae01.alicdn.com\/kf\/Sba947f26e320426db9de37be87954e6fV.jpg\" slate-data-type=\"image\"\/><\/p>\n<p><img decoding=\"async\" src=\"https:\/\/ae01.alicdn.com\/kf\/S7971904279a541d19084b7dcca3aaaaeI.jpg\" slate-data-type=\"image\"\/><\/p>\n<p><img decoding=\"async\" src=\"https:\/\/ae01.alicdn.com\/kf\/Se814f7fafcd34f608fa8ea2c3ee2124dx.jpg\" slate-data-type=\"image\"\/><\/p>\n<p><img decoding=\"async\" src=\"https:\/\/ae01.alicdn.com\/kf\/Sc605fee69a2843b09e338630b67b3428e.jpg\" slate-data-type=\"image\"\/><\/p>","protected":false},"excerpt":{"rendered":"<p>Model Number:&nbsp;BK15 Style:&nbsp;Luxury Type Wattage:&nbsp;200 &#8211; 250w Power Supply:&nbsp;lithium battery Voltage:&nbsp;48V Power Source:&nbsp;lithium battery Motor:&nbsp;Brushless Origin:&nbsp;Mainland China Folded:&nbsp;No Wheel Size:&nbsp;26\u201c Frame Material:&nbsp;STEEL BK15 Electric Bike for Adults 250W 48V 15AH<\/p>","protected":false},"featured_media":21968,"comment_status":"open","ping_status":"closed","template":"","meta":{"_acf_changed":false},"product_brand":[],"product_cat":[230],"product_tag":[],"class_list":{"0":"post-21967","1":"product","2":"type-product","3":"status-publish","4":"has-post-thumbnail","6":"product_cat-bikes","8":"first","9":"instock","10":"shipping-taxable","11":"purchasable","12":"product-type-variable"},"acf":[],"_links":{"self":[{"href":"https:\/\/www.electricstore.eu\/fi\/wp-json\/wp\/v2\/product\/21967","targetHints":{"allow":["GET"]}}],"collection":[{"href":"https:\/\/www.electricstore.eu\/fi\/wp-json\/wp\/v2\/product"}],"about":[{"href":"https:\/\/www.electricstore.eu\/fi\/wp-json\/wp\/v2\/types\/product"}],"replies":[{"embeddable":true,"href":"https:\/\/www.electricstore.eu\/fi\/wp-json\/wp\/v2\/comments?post=21967"}],"wp:featuredmedia":[{"embeddable":true,"href":"https:\/\/www.electricstore.eu\/fi\/wp-json\/wp\/v2\/media\/21968"}],"wp:attachment":[{"href":"https:\/\/www.electricstore.eu\/fi\/wp-json\/wp\/v2\/media?parent=21967"}],"wp:term":[{"taxonomy":"product_brand","embeddable":true,"href":"https:\/\/www.electricstore.eu\/fi\/wp-json\/wp\/v2\/product_brand?post=21967"},{"taxonomy":"product_cat","embeddable":true,"href":"https:\/\/www.electricstore.eu\/fi\/wp-json\/wp\/v2\/product_cat?post=21967"},{"taxonomy":"product_tag","embeddable":true,"href":"https:\/\/www.electricstore.eu\/fi\/wp-json\/wp\/v2\/product_tag?post=21967"}],"curies":[{"name":"wp","href":"https:\/\/api.w.org\/{rel}","templated":true}]}}