{"id":21685,"date":"2025-05-20T18:21:09","date_gmt":"2025-05-20T18:21:09","guid":{"rendered":"https:\/\/electricstore.eu\/p\/uncategorized\/haniwinner-hd009-12-12-8v-200ah-lifepo4-lithium-battery-pack-backup-power-2560wh-energy-2000-cycles-built-in-bms\/"},"modified":"2025-05-20T18:21:10","modified_gmt":"2025-05-20T18:21:10","slug":"haniwinner-hd009-12-12-8v-200ah-lifepo4-lithium-battery-pack-backup-power-2560wh-energy-2000-cycles-built-in-bms","status":"publish","type":"product","link":"https:\/\/www.electricstore.eu\/fi\/p\/batteries\/lifepo4-batteries\/200ah-lifepo4-batteries\/haniwinner-hd009-12-12-8v-200ah-lifepo4-lithium-battery-pack-backup-power-2560wh-energy-2000-cycles-built-in-bms\/","title":{"rendered":"HANIWINNER HD009-12 12,8 V 200 Ah LiFePO4-litium-akkupaketti Varavirta 2560 Wh Energia 2000+ sykli\u00e4 Sis\u00e4\u00e4nrakennettu BMS"},"content":{"rendered":"<div class=\"product-specs-list-container\">\n<ul class=\"product-specs-list util-clearfix\">\n<li class=\"product-prop line-limit-length\"><span\n                                        class=\"property-title\">Nimelliskapasiteetti:&nbsp;<\/span><span\n                                        class=\"property-desc line-limit-length\">2560Wh<\/span>\n                            <\/li>\n<li class=\"product-prop line-limit-length\"><span\n                                        class=\"property-title\">Mallinumero:&nbsp;<\/span><span\n                                        class=\"property-desc line-limit-length\">HD009-12<\/span>\n                            <\/li>\n<li class=\"product-prop line-limit-length\"><span\n                                        class=\"property-title\">Tyyppi:&nbsp;<\/span><span\n                                        class=\"property-desc line-limit-length\">LiFePO4<\/span>\n                            <\/li>\n<li class=\"product-prop line-limit-length\"><span\n                                        class=\"property-title\">Setin tyyppi:&nbsp;<\/span><span\n                                        class=\"property-desc line-limit-length\">Laturisarjat<\/span>\n                            <\/li>\n<li class=\"product-prop line-limit-length\"><span\n                                        class=\"property-title\">Merkki:&nbsp;<\/span><span\n                                        class=\"property-desc line-limit-length\">HANIWINNER<\/span>\n                            <\/li>\n<li class=\"product-prop line-limit-length\"><span\n                                        class=\"property-title\">Malli:&nbsp;<\/span><span\n                                        class=\"property-desc line-limit-length\">HD009-12<\/span>\n                            <\/li>\n<li class=\"product-prop line-limit-length\"><span\n                                        class=\"property-title\">Nominal Voltage:&nbsp;<\/span><span\n                                        class=\"property-desc line-limit-length\">12,8 V<\/span>\n                            <\/li>\n<li class=\"product-prop line-limit-length\"><span\n                                        class=\"property-title\">Teho:&nbsp;<\/span><span\n                                        class=\"property-desc line-limit-length\">2560Wh<\/span>\n                            <\/li>\n<li class=\"product-prop line-limit-length\"><span\n                                        class=\"property-title\">End:&nbsp;<\/span><span\n                                        class=\"property-desc line-limit-length\">M8<\/span>\n                            <\/li>\n<li class=\"product-prop line-limit-length\"><span\n                                        class=\"property-title\">Casing:&nbsp;<\/span><span\n                                        class=\"property-desc line-limit-length\">ABS-jarrut<\/span>\n                            <\/li>\n<li class=\"product-prop line-limit-length\"><span\n                                        class=\"property-title\">Max.Charging Current:&nbsp;<\/span><span\n                                        class=\"property-desc line-limit-length\">80A<\/span>\n                            <\/li>\n<li class=\"product-prop line-limit-length\"><span\n                                        class=\"property-title\">Ominaisuudet 01:&nbsp;<\/span><span\n                                        class=\"property-desc line-limit-length\">Kannettava akku<\/span>\n                            <\/li>\n<li class=\"product-prop line-limit-length\"><span\n                                        class=\"property-title\">Ominaisuudet 02:&nbsp;<\/span><span\n                                        class=\"property-desc line-limit-length\">Kannettava raportoitava virtal\u00e4hde<\/span>\n                            <\/li>\n<li class=\"product-prop line-limit-length\"><span\n                                        class=\"property-title\">Ominaisuudet 03:&nbsp;<\/span><span\n                                        class=\"property-desc line-limit-length\">Bluetti-voimalaitos<\/span>\n                            <\/li>\n<li class=\"product-prop line-limit-length\"><span\n                                        class=\"property-title\">Ominaisuudet 04:&nbsp;<\/span><span\n                                        class=\"property-desc line-limit-length\">Kannettava retkeilyakku<\/span>\n                            <\/li>\n<li class=\"product-prop line-limit-length\"><span\n                                        class=\"property-title\">Ominaisuudet 05:&nbsp;<\/span><span\n                                        class=\"property-desc line-limit-length\">3600 W kannettava voimalaitos<\/span>\n                            <\/li>\n<\/ul><\/div>\n<div class=\"detailmodule_html\">\n<div class=\"detail-desc-decorate-richtext\">\n<p><span style=\"font-size:24px\"><strong>Kohokohdat:<\/strong><\/span><\/p>\n<ul style=\"font-family:&quot;Microsoft YaHei&quot;;font-size:medium;font-weight:400;letter-spacing:normal;text-align:start;white-space:normal;color:rgb(0, 0, 0);margin-bottom:10px;padding-left:0px\" class=\"clearfix\" align=\"start\">\n<li style=\"font-size:14px;margin-right:10px;padding-left:18px;list-style:none;position:relative;float:left\">\n<p><strong>Safe LiFePO4 Battery, 2000 + Cycles<\/strong><br \/>Using lithium iron phosphate battery and mature technology, this battery pack has high safety and can offer 100% DOD charge and discharge under normal conditions, more than 2000 cycles.<\/p>\n<div><\/div>\n<p><strong>10 Years Lifetime &amp; light weight Design<\/strong><br \/>HANIWINNER 12.8V 200Ah LiFePO4 lithium battery pack has most 10 years of lifetime. And it is a perfect replacement for lead-acid batteries, 40-50% lighter than lead-acid batteries, and is maintenance-free.<\/p>\n<div><\/div>\n<p><strong>Built-in BMS<\/strong><br \/>HANIWINNER LiFePO4 battery pack has a built-in BMS intelligent module for overcharge protection, over-discharge protection, over current protection, over temperature protection and short circuit protection, etc.<\/p>\n<div><\/div>\n<p><strong>Support in Series\/Parallel<\/strong><br \/>It supports a wide temperature working of -20 to 60 Celsius and can be connected in parallel and in series for larger capacity and voltage. (supports 4S34P, needs to operate under technical guidance), perfectly applied in solar street lamps and lighting systems, electric vehicles, UPS backup power supplies, photovoltaic, wind power, Hydropower, home, and other energy storage systems.<\/p>\n<\/li>\n<li style=\"font-size:14px;margin-right:10px;padding-left:18px;list-style:none;position:relative;float:left\">\n<p><\/p>\n<\/li>\n<\/ul>\n<p><span style=\"font-size:24px\"><strong>Tekniset tiedot:<\/strong><\/span><\/p>\n<ul style=\"font-family:&quot;Microsoft YaHei&quot;;font-size:medium;font-weight:400;letter-spacing:normal;text-align:start;white-space:normal;color:rgb(0, 0, 0);margin-bottom:10px;padding-left:0px\" class=\"clearfix\" align=\"start\">\n<li style=\"font-size:14px;margin-right:10px;padding-left:18px;list-style:none;position:relative;float:left\">\n<table style=\"border-collapse:collapse;width:1000px\" class=\"jbEidtTable\" border=\"1\" cellpadding=\"5\" cellspacing=\"0\">\n<tbody>\n<tr>\n<td style=\"font-size:14px;text-align:left\" align=\"left\">\n<p><strong>Yleist\u00e4<\/strong><\/p>\n<\/td>\n<td style=\"font-size:14px;text-align:left\" align=\"left\">\n<p>Brand: HANIWINNER<br \/>Type: Battery Pack<br \/>Model: HD009-12<br \/>V\u00e4ri: Musta<\/p>\n<\/td>\n<\/tr>\n<tr>\n<td style=\"font-size:14px;text-align:left\" align=\"left\">\n<p><strong>Tekniset tiedot<\/strong><\/p>\n<\/td>\n<td style=\"font-size:14px;text-align:left\" align=\"left\">\n<p>Nimellisj\u00e4nnite: 12,8 V<br \/>Rated Capacity: 200Ah @ 0.2C<br \/>Power: 2560Wh<br \/>Internal Resistance: &le; 40m\u2126<br \/>Cycle Life: &ge; 2000 Cycle (0.2C 100% DOD Charge\/discharge cycle until the capacity decays to 70%)<br \/>Self Discharge: &le; 3.5% Per month (25 \u00b1 5 Celsius)<br \/>Max.Charging Voltage: 14.6 \u00b1 0.2V<br \/>Charging Mode: At 0 &#8211; 45 Celsius, constant current 0.2c5A charging to 14.6V, then constant voltage 14.6V charging until the current is reduced to 0.02c5a and then stop<br \/>Charging Current: 40A<br \/>Max.Charging Current: 80A<br \/>Discharging Cut-off Voltage: 10.0V<br \/>Discharging Current: 40A<br \/>Max. Continuous Discharge Current: 100A<br \/>Charge Temperature: 0 &#8211; 45 Celsius (40-75% Humidity)<br \/>Discharge Temperature: -20 &#8211; 60 Celsius (40-75% Humidity)<br \/>Storage Temperature: 0 &#8211; 45 Celsius (40-75% Humidity)<br \/>Water Dust Resistance: IP55<br \/>Internal Combination Mode: IFR32700\/6000mAh, 4S34P<br \/>Casing: ABS<br \/>Ends: M8<\/p>\n<\/td>\n<\/tr>\n<tr>\n<td style=\"font-size:14px;text-align:left\" align=\"left\">\n<p><strong>Paino ja koko<\/strong><\/p>\n<\/td>\n<td style=\"font-size:14px;text-align:left\" align=\"left\">\n<p>Product Weight: 25.85kg<br \/>Package Weight: 26.8kg<br \/>Product Size(L x W x H): 52.2&#215;23.8&#215;21.8cm<br \/>Package Size(L x W x H): 57&#215;28.5x27cm<\/p>\n<\/td>\n<\/tr>\n<tr>\n<td style=\"font-size:14px;text-align:left\" align=\"left\">\n<p><strong>Konttipaketti<\/strong><\/p>\n<\/td>\n<td style=\"font-size:14px;text-align:left\" align=\"left\">\n<p>1 x Battery Pack<br \/>1 k\u00e4ytt\u00f6ohje<\/p>\n<\/td>\n<\/tr>\n<\/tbody>\n<\/table>\n<\/li>\n<li style=\"font-size:14px;font-weight:bold;margin-right:10px;padding-left:18px;list-style:none;float:left\">\n<p><\/p>\n<\/li>\n<\/ul>\n<p><img decoding=\"async\" src=\"https:\/\/ae01.alicdn.com\/kf\/Seef00909edbb4c5ea7afa325e5d3eb91e.jpg\" slate-data-type=\"image\"\/><img decoding=\"async\" src=\"https:\/\/ae01.alicdn.com\/kf\/S8352bcb61dcc41c5b1867822757f066a6.jpg\" slate-data-type=\"image\"\/><img decoding=\"async\" src=\"https:\/\/ae01.alicdn.com\/kf\/S1c1389bd689c469aa1c4867e05dae07aw.jpg\" slate-data-type=\"image\"\/><img decoding=\"async\" src=\"https:\/\/ae01.alicdn.com\/kf\/Sdf551ac6393d42099287ed0c9406b28eR.jpg\" slate-data-type=\"image\"\/><img decoding=\"async\" src=\"https:\/\/ae01.alicdn.com\/kf\/Sa691897e8bf141fba45be62d61a8bc1cO.jpg\" slate-data-type=\"image\"\/><img decoding=\"async\" src=\"https:\/\/ae01.alicdn.com\/kf\/S6fad17dde9564e47a8c95f3846c4dd2dI.jpg\" slate-data-type=\"image\"\/><img decoding=\"async\" src=\"https:\/\/ae01.alicdn.com\/kf\/Sf44b0443dc4b48c1b93523220e5416e67.jpg\" slate-data-type=\"image\"\/><img decoding=\"async\" src=\"https:\/\/ae01.alicdn.com\/kf\/Sae9e7bb5abea418daa861f46cdc6fcdfn.jpg\" slate-data-type=\"image\"\/><img decoding=\"async\" src=\"https:\/\/ae01.alicdn.com\/kf\/Sde867c397b364f618bb94e5f8e60ab17W.jpg\" slate-data-type=\"image\"\/><img decoding=\"async\" src=\"https:\/\/ae01.alicdn.com\/kf\/Se53e151537fc41e38414ca9901b365afK.jpg\" slate-data-type=\"image\"\/><img decoding=\"async\" src=\"https:\/\/ae01.alicdn.com\/kf\/Sd17a239107284815a2c0054ad3f0ed3bv.jpg\" slate-data-type=\"image\"\/><img decoding=\"async\" src=\"https:\/\/ae01.alicdn.com\/kf\/Sef2fe4553efc4263885956aa11918ec9O.jpg\" slate-data-type=\"image\"\/><img decoding=\"async\" src=\"https:\/\/ae01.alicdn.com\/kf\/S17dd05909116480ca61c6256ecf628bf7.jpg\" slate-data-type=\"image\"\/><img decoding=\"async\" src=\"https:\/\/ae01.alicdn.com\/kf\/S118b8859d6c84834b861e7230bc4233c8.jpg\" slate-data-type=\"image\"\/><\/p>\n<\/div>\n<\/div>","protected":false},"excerpt":{"rendered":"<p>Nominal Capacity:&nbsp;2560Wh Model Number:&nbsp;HD009-12 Type:&nbsp;LiFePO4 Set Type:&nbsp;Charger Sets Brand:&nbsp;HANIWINNER Model:&nbsp;HD009-12 Nominal Voltage:&nbsp;12.8V Power:&nbsp;2560Wh End:&nbsp;M8 Casing:&nbsp;ABS Max.Charging Current:&nbsp;80A Features 01:&nbsp;Portable battery Features 02:&nbsp;Portable reportable power Features 03:&nbsp;Bluetti power station Features 04:&nbsp;Portable<\/p>","protected":false},"featured_media":21687,"comment_status":"open","ping_status":"closed","template":"","meta":{"_acf_changed":false},"product_brand":[],"product_cat":[238],"product_tag":[],"class_list":{"0":"post-21685","1":"product","2":"type-product","3":"status-publish","4":"has-post-thumbnail","6":"product_cat-200ah-lifepo4-batteries","8":"first","9":"instock","10":"shipping-taxable","11":"purchasable","12":"product-type-simple"},"acf":[],"_links":{"self":[{"href":"https:\/\/www.electricstore.eu\/fi\/wp-json\/wp\/v2\/product\/21685","targetHints":{"allow":["GET"]}}],"collection":[{"href":"https:\/\/www.electricstore.eu\/fi\/wp-json\/wp\/v2\/product"}],"about":[{"href":"https:\/\/www.electricstore.eu\/fi\/wp-json\/wp\/v2\/types\/product"}],"replies":[{"embeddable":true,"href":"https:\/\/www.electricstore.eu\/fi\/wp-json\/wp\/v2\/comments?post=21685"}],"wp:featuredmedia":[{"embeddable":true,"href":"https:\/\/www.electricstore.eu\/fi\/wp-json\/wp\/v2\/media\/21687"}],"wp:attachment":[{"href":"https:\/\/www.electricstore.eu\/fi\/wp-json\/wp\/v2\/media?parent=21685"}],"wp:term":[{"taxonomy":"product_brand","embeddable":true,"href":"https:\/\/www.electricstore.eu\/fi\/wp-json\/wp\/v2\/product_brand?post=21685"},{"taxonomy":"product_cat","embeddable":true,"href":"https:\/\/www.electricstore.eu\/fi\/wp-json\/wp\/v2\/product_cat?post=21685"},{"taxonomy":"product_tag","embeddable":true,"href":"https:\/\/www.electricstore.eu\/fi\/wp-json\/wp\/v2\/product_tag?post=21685"}],"curies":[{"name":"wp","href":"https:\/\/api.w.org\/{rel}","templated":true}]}}