{"id":21638,"date":"2025-05-20T18:20:36","date_gmt":"2025-05-20T18:20:36","guid":{"rendered":"https:\/\/electricstore.eu\/p\/uncategorized\/touroll-b1-electric-bike-25km-h-250w-45nm-torque-36v-15-6ah-90km-range-7-speed-shimano-gear-electric-bicycles\/"},"modified":"2025-05-20T18:20:42","modified_gmt":"2025-05-20T18:20:42","slug":"touroll-b1-electric-bike-25km-h-250w-45nm-torque-36v-15-6ah-90km-range-7-speed-shimano-gear-electric-bicycles","status":"publish","type":"product","link":"https:\/\/www.electricstore.eu\/fi\/p\/bikes\/touroll-b1-electric-bike-25km-h-250w-45nm-torque-36v-15-6ah-90km-range-7-speed-shimano-gear-electric-bicycles\/","title":{"rendered":"Touroll B1 s\u00e4hk\u00f6py\u00f6r\u00e4 25 km\/h 250 W 45 Nm v\u00e4\u00e4nt\u00f6momentti 36 V 15,6 Ah 90 km kantama 7-vaihteinen Shimano-vaihteinen s\u00e4hk\u00f6py\u00f6r\u00e4"},"content":{"rendered":"<div class=\"product-specs-list-container\">\n<ul class=\"product-specs-list util-clearfix\">\n<li class=\"product-prop line-limit-length\"><span\n                                        class=\"property-title\">Polkupy\u00f6r\u00e4n jousituksen tyypit:&nbsp;<\/span><span\n                                        class=\"property-desc line-limit-length\">Tukeva<\/span>\n                            <\/li>\n<li class=\"product-prop line-limit-length\"><span\n                                        class=\"property-title\">Jarrutusj\u00e4rjestelm\u00e4:&nbsp;<\/span><span\n                                        class=\"property-desc line-limit-length\">Mekaaninen levyjarru edess\u00e4 ja takana<\/span>\n                            <\/li>\n<li class=\"product-prop line-limit-length\"><span\n                                        class=\"property-title\">Renkaan koko:&nbsp;<\/span><span\n                                        class=\"property-desc line-limit-length\">26&quot;<\/span>\n                            <\/li>\n<li class=\"product-prop line-limit-length\"><span\n                                        class=\"property-title\">Merkki:&nbsp;<\/span><span\n                                        class=\"property-desc line-limit-length\">Touroll<\/span>\n                            <\/li>\n<li class=\"product-prop line-limit-length\"><span\n                                        class=\"property-title\">Nimi:&nbsp;<\/span><span\n                                        class=\"property-desc line-limit-length\">Breezi<\/span>\n                            <\/li>\n<li class=\"product-prop line-limit-length\"><span\n                                        class=\"property-title\">Malli:&nbsp;<\/span><span\n                                        class=\"property-desc line-limit-length\">B1<\/span>\n                            <\/li>\n<li class=\"product-prop line-limit-length\"><span\n                                        class=\"property-title\">Suurin kantama:&nbsp;<\/span><span\n                                        class=\"property-desc line-limit-length\">90km (Assist Mode)<\/span>\n                            <\/li>\n<li class=\"product-prop line-limit-length\"><span\n                                        class=\"property-title\">Koko avattuna:&nbsp;<\/span><span\n                                        class=\"property-desc line-limit-length\">1915x640x1200mm<\/span>\n                            <\/li>\n<li class=\"product-prop line-limit-length\"><span\n                                        class=\"property-title\">Kehyksen koko:&nbsp;<\/span><span\n                                        class=\"property-desc line-limit-length\">26&quot;x18&quot;<\/span>\n                            <\/li>\n<li class=\"product-prop line-limit-length\"><span\n                                        class=\"property-title\">Py\u00f6r\u00e4n maksimikuorma:&nbsp;<\/span><span\n                                        class=\"property-desc line-limit-length\">120 kg<\/span>\n                            <\/li>\n<li class=\"product-prop line-limit-length\"><span\n                                        class=\"property-title\">Katkaisunopeus:&nbsp;<\/span><span\n                                        class=\"property-desc line-limit-length\">25 km\/h<\/span>\n                            <\/li>\n<\/ul><\/div>\n<p style=\"font-family:&quot;Noto Sans SC&quot;;font-size:medium;font-weight:400;letter-spacing:normal;text-align:start;white-space:normal;color:rgb(0, 0, 0)\" align=\"start\"><span style=\"font-size:x-large\">Kohokohdat<\/span><\/p>\n<p><\/p>\n<p style=\"font-family:&quot;Noto Sans SC&quot;;font-size:medium;font-weight:400;letter-spacing:normal;text-align:start;white-space:normal;color:rgb(0, 0, 0)\" align=\"start\"><strong>Powerful Motor<br \/><\/strong>The Touroll B1 features a powerful 250W brushless motor that produces 45N.M of torque and can reach a cut-off speed of 25 km\/h. With its powerful motor, it can provide a more exhilarating riding experience.<\/p>\n<p><strong>90 KM Extended Range<br \/><\/strong>With a 15.6Ah removable battery and a maximum range of 90 km, the Touroll B1 e-bike caters to all your riding needs, from daily commuting to day\u00a0trips.<\/p>\n<p><strong>Stable Ride &amp; 7-Speed Smooth Shifting<br \/><\/strong>Equipped with 26&quot;x1.95&quot; premium pneumatic rubber tires and reliable suspension, the B1 e-bike offers enhanced traction and stability. And Shimano&#x27;s 7-speed shifting system provides ample gear options to adapt to different riding conditions.<\/p>\n<p><strong>5 Assist Levels&amp; LEDControl<br \/><\/strong>The B1 e-bike offers 5 pedal assist levels, including 12, 15, 18, 21, and 25 km\/h, along with a 6 km\/h walk mode for customizable rides. Stay informed with the LED instrument\u00a0displaying gear and power levels, enriching your riding experience.<\/p>\n<p><strong>Safety StVZO Lights &amp; Adjustable Stem<br \/><\/strong>StVZO-certified safety lamps guarantee visibility and safety in low-light conditions, while also preventing glare to ensure the safety of other passers-by. These eco-friendly lamps meet the rigorous standards of the German road regulations. The ergonomic frame design and adjustable stem guarantee a comfortable riding position.<\/p>\n<p><strong>Convenient Storage &amp; SturdyMudguards<br \/><\/strong>The rear rack easily accommodates your backpack and essentials, enhancing\u00a0riding\u00a0convenience. Front and rear fenders shield against water and mud splashes, making the B1 electric bike\u00a0your ideal daily companion!<\/p>\n<p><\/p>\n<h2 style=\"font-family:&quot;Noto Sans SC&quot;;font-size:14px;letter-spacing:normal;text-align:start;white-space:normal;color:rgb(0, 0, 0);margin:10px 0px;margin-bottom:10px;margin-top:10px;margin-left:0px;margin-right:0px;padding:0px;padding-bottom:0px;padding-top:0px;padding-left:0px;padding-right:0px\" align=\"start\">Tekniset tiedot<\/h2>\n<p><\/p>\n<table style=\"border-collapse:collapse;font-family:&quot;Noto Sans SC&quot;;width:2016.8px\" border=\"1\" cellpadding=\"8\">\n<tbody>\n<tr>\n<td style=\"width:552.225px;height:54px\" width=\"28.2200%\">\n<p>Yleist\u00e4<\/p>\n<\/td>\n<td style=\"width:1430.18px;height:54px\" width=\"71.7600%\">\n<p>Merkki: Touroll<br \/>Name: Breezi<br \/>Model: B1\u00a0<br \/>V\u00e4ri: Sininen<\/p>\n<\/td>\n<\/tr>\n<tr>\n<td style=\"width:552.225px;height:54px\" width=\"28.2200%\">\n<p>Perustiedot<\/p>\n<\/td>\n<td style=\"width:1430.18px;height:54px\" width=\"71.7600%\">\n<p>Net Weight: 27.1kg<br \/>Unfolded Size: 1915x640x1200mm<br \/>Size of Frame: 26&quot;x18&quot;<br \/>Length of Handlebar: 630mm (24.8&quot;)<br \/>Recommended Rider Height: 155-195cm (around 5&#x27; 1&quot;-6&#x27; 5&quot;)<br \/>Py\u00f6r\u00e4n maksimikuorma: 120 kg<br \/>Katkaisunopeus: 25 km\/h<br \/>Max Range: 90km\u00a0(Assist Mode)<br \/>Poljinavustustasot: 12\/15\/18\/21\/25 km\/h<br \/>K\u00e4velytila: 6 km\/h<br \/>Vedenpit\u00e4vyystaso: IPX4<br \/>Material: STL<br \/>Braking System: Mechanical Disc Brake &amp; E-Brake<br \/>Jousitus: Mekaaninen iskunvaimennin<br \/>Jousituksen liikevara: 80 mm<\/p>\n<\/td>\n<\/tr>\n<tr>\n<td style=\"width:552.225px;height:76px\" width=\"28.2200%\">\n<p>Moottori<\/p>\n<\/td>\n<td style=\"width:1430.18px;height:76px\" width=\"71.7600%\">\n<p>Nimellisteho\/j\u00e4nnite: 250 W \/ 36 V<br \/>Max. Output Torque: 45N.M<\/p>\n<\/td>\n<\/tr>\n<tr>\n<td style=\"width:552.225px;height:76px\" width=\"28.2200%\">\n<p>Vaihtaja<\/p>\n<\/td>\n<td style=\"width:1430.18px;height:76px\" width=\"71.7600%\">\n<p>Merkki: Shimano<br \/>Vaihteiden m\u00e4\u00e4r\u00e4: 7 (takana)<\/p>\n<\/td>\n<\/tr>\n<tr>\n<td style=\"width:552.225px;height:144px\" width=\"28.2200%\">\n<p>Akku<\/p>\n<\/td>\n<td style=\"width:1430.18px;height:144px\" width=\"71.7600%\">\n<p>Capacity: 15.6Ah<br \/>Nimellisj\u00e4nnite: 36V<br \/>Charging Time: 6-8h<br \/>Tehokapasiteetti: 561,6 Wh<br \/>Suojausj\u00e4rjestelm\u00e4: Kyll\u00e4<\/p>\n<\/td>\n<\/tr>\n<tr>\n<td style=\"width:552.225px;height:121px\" width=\"28.2200%\">\n<p>Laturi<\/p>\n<\/td>\n<td style=\"width:1430.18px;height:121px\" width=\"71.7600%\">\n<p>Tuloj\u00e4nnite: 100\u2013240 V<br \/>Tulovirta: 2,0 A (maks.)<br \/>L\u00e4ht\u00f6j\u00e4nnite: 42V<br \/>L\u00e4ht\u00f6virta: 2,0 A, 84 W<\/p>\n<\/td>\n<\/tr>\n<tr>\n<td style=\"width:552.225px;height:121px\" width=\"28.2200%\">\n<p>Renkaat<\/p>\n<\/td>\n<td style=\"width:1430.18px;height:121px\" width=\"71.7600%\">\n<p>Size: 26&quot;x1.95<br \/>Tyyppi: Pneumaattiset kumirenkaat<br \/>Tire Pressure: 40~65PSI<br \/>Best Tire Pressure: 50~55PSI<\/p>\n<\/td>\n<\/tr>\n<tr>\n<td style=\"width:552.225px;height:236px\" width=\"28.2200%\">\n<p>Instrumentti<\/p>\n<\/td>\n<td style=\"width:1430.18px;height:236px\" width=\"71.7600%\">\n<div><\/div>\n<p>Tyyppi: LED<br \/>Information:\u00a0Assist\u00a0Level,\u00a0Battery Level<br \/>Functions: Power On\/Off, Turning Light On\/Off,\u00a0Shifting Assist Levels, Activating the 6KM\/H Walk Mode<\/p>\n<div>\n<\/div>\n<\/td>\n<\/tr>\n<tr>\n<td style=\"width:552.225px;height:76px\" width=\"28.2200%\">\n<p>Paketti<\/p>\n<\/td>\n<td style=\"width:1430.18px;height:76px\" width=\"71.7600%\">\n<p>Size: 1570x230x725mm<br \/>Gross Weight: 33kg<\/p>\n<\/td>\n<\/tr>\n<tr>\n<td style=\"width:552.225px;height:300px\" width=\"28.2200%\">\n<p>Pakettiluettelo<\/p>\n<\/td>\n<td style=\"width:1430.18px;height:300px\" width=\"71.7600%\">\n<p>E-Bike x 1<br \/>Pedal x 2 (Left &amp; Right)<br \/>Spoke Reflector x 4<br \/>User Manual x 1<br \/>Tool Kit x 1<br \/>Rear Reflector x 1<br \/>Charger x 1<br \/>Key x 2<br \/>Headlight x 1<br \/>Rear Rack with Taillight x 1<br \/>Mudguard x 2 (Front &amp; Rear)<br \/>Instrument x 1<\/p>\n<\/td>\n<\/tr>\n<tr>\n<td style=\"width:1999.2px;height:76px\" width=\"100.0000%\" colspan=\"2\">\n<p>Huomautus: Suurin kantama saavutetaan seuraavissa olosuhteissa: 75 kg:n kuorma, 26 \u2103:n l\u00e4mp\u00f6tila, 15 km\/h tasainen nopeus, tasaisella tiell\u00e4 ilman voimakasta tuulta.<\/p>\n<\/td>\n<\/tr>\n<\/tbody>\n<\/table>\n<p><img decoding=\"async\" src=\"https:\/\/ae01.alicdn.com\/kf\/Sacb221025d5c4bcda86dc94d8f37b324W.jpeg\" slate-data-type=\"image\"\/><img decoding=\"async\" src=\"https:\/\/ae01.alicdn.com\/kf\/S9596e18d960d48479c4f4e9a3ffeb049f.jpeg\" slate-data-type=\"image\"\/><img decoding=\"async\" src=\"https:\/\/ae01.alicdn.com\/kf\/S660009c0ada347988150726edef22ce76.jpeg\" slate-data-type=\"image\"\/><img decoding=\"async\" src=\"https:\/\/ae01.alicdn.com\/kf\/Sb6f534591c2149d5a7638d5e44578a21v.jpeg\" slate-data-type=\"image\"\/><img decoding=\"async\" src=\"https:\/\/ae01.alicdn.com\/kf\/S7dc6c4c1267c4898b77cd157fd8d0990S.jpeg\" slate-data-type=\"image\"\/><img decoding=\"async\" src=\"https:\/\/ae01.alicdn.com\/kf\/Se22bbb4a65eb4dbbabf11095bb76a9d10.jpeg\" slate-data-type=\"image\"\/><img decoding=\"async\" src=\"https:\/\/ae01.alicdn.com\/kf\/Sa26f49ba35234222ba431820aeed971bH.jpeg\" slate-data-type=\"image\"\/><img decoding=\"async\" src=\"https:\/\/ae01.alicdn.com\/kf\/S604cc70ef65c4e48bd2c429c7217d9977.jpeg\" slate-data-type=\"image\"\/><img decoding=\"async\" src=\"https:\/\/ae01.alicdn.com\/kf\/S66fe9259c214459ca5e048ad2d80035a7.jpeg\" slate-data-type=\"image\"\/><img decoding=\"async\" src=\"https:\/\/ae01.alicdn.com\/kf\/S564c658fb4834bfabaac14e85adb3d1dd.jpeg\" slate-data-type=\"image\"\/><img decoding=\"async\" src=\"https:\/\/ae01.alicdn.com\/kf\/S94a42c25af234d628c53bffe33706888R.jpeg\" slate-data-type=\"image\"\/><img decoding=\"async\" src=\"https:\/\/ae01.alicdn.com\/kf\/S99f4e9db87044853bee76be1ec30e7b4w.jpeg\" slate-data-type=\"image\"\/><img decoding=\"async\" src=\"https:\/\/ae01.alicdn.com\/kf\/S701c77a3ae3a467fbd1bc1fe7d9f93f6N.jpeg\" slate-data-type=\"image\"\/><\/p>","protected":false},"excerpt":{"rendered":"<p>Bike Suspension Types:&nbsp;Sturdy Braking System:&nbsp;Front and Rear Mechanical Disc Brake Wheel Size:&nbsp;26&quot; Brand:&nbsp;Touroll Name:&nbsp;Breezi Model:&nbsp;B1 Max Range:&nbsp;90km (Assist Mode) Unfolded Size:&nbsp;1915x640x1200mm Size of Frame:&nbsp;26&quot;x18&quot; Max Load of Bike:&nbsp;120kg Cut-off Speed:&nbsp;25km\/h<\/p>","protected":false},"featured_media":21641,"comment_status":"open","ping_status":"closed","template":"","meta":{"_acf_changed":false},"product_brand":[],"product_cat":[230],"product_tag":[],"class_list":{"0":"post-21638","1":"product","2":"type-product","3":"status-publish","4":"has-post-thumbnail","6":"product_cat-bikes","8":"first","9":"instock","10":"shipping-taxable","11":"purchasable","12":"product-type-simple"},"acf":[],"_links":{"self":[{"href":"https:\/\/www.electricstore.eu\/fi\/wp-json\/wp\/v2\/product\/21638","targetHints":{"allow":["GET"]}}],"collection":[{"href":"https:\/\/www.electricstore.eu\/fi\/wp-json\/wp\/v2\/product"}],"about":[{"href":"https:\/\/www.electricstore.eu\/fi\/wp-json\/wp\/v2\/types\/product"}],"replies":[{"embeddable":true,"href":"https:\/\/www.electricstore.eu\/fi\/wp-json\/wp\/v2\/comments?post=21638"}],"wp:featuredmedia":[{"embeddable":true,"href":"https:\/\/www.electricstore.eu\/fi\/wp-json\/wp\/v2\/media\/21641"}],"wp:attachment":[{"href":"https:\/\/www.electricstore.eu\/fi\/wp-json\/wp\/v2\/media?parent=21638"}],"wp:term":[{"taxonomy":"product_brand","embeddable":true,"href":"https:\/\/www.electricstore.eu\/fi\/wp-json\/wp\/v2\/product_brand?post=21638"},{"taxonomy":"product_cat","embeddable":true,"href":"https:\/\/www.electricstore.eu\/fi\/wp-json\/wp\/v2\/product_cat?post=21638"},{"taxonomy":"product_tag","embeddable":true,"href":"https:\/\/www.electricstore.eu\/fi\/wp-json\/wp\/v2\/product_tag?post=21638"}],"curies":[{"name":"wp","href":"https:\/\/api.w.org\/{rel}","templated":true}]}}