{"id":21621,"date":"2025-05-20T18:20:28","date_gmt":"2025-05-20T18:20:28","guid":{"rendered":"https:\/\/electricstore.eu\/p\/uncategorized\/eleglide-mopride-3-adult-electric-bike-250w-48v-12ah-upgraded-version-29-mountain-urban-bicycle-hydraulic-disc-brake-e-brake\/"},"modified":"2025-05-20T18:20:28","modified_gmt":"2025-05-20T18:20:28","slug":"eleglide-mopride-3-adult-electric-bike-250w-48v-12ah-upgraded-version-29-mountain-urban-bicycle-hydraulic-disc-brake-e-brake","status":"publish","type":"product","link":"https:\/\/www.electricstore.eu\/fi\/p\/bikes\/eleglide-mopride-3-adult-electric-bike-250w-48v-12ah-upgraded-version-29-mountain-urban-bicycle-hydraulic-disc-brake-e-brake\/","title":{"rendered":"Eglide Mopride 3 s\u00e4hk\u00f6py\u00f6r\u00e4 aikuisille 250W 48V 12AH p\u00e4ivitetty versio 29\u2033 maastopy\u00f6r\u00e4 kaupunkiin hydraulisella levyjarrulla ja s\u00e4hk\u00f6jarrulla"},"content":{"rendered":"<div class=\"product-specs-list-container\">\n<ul class=\"product-specs-list util-clearfix\">\n<li class=\"product-prop line-limit-length\"><span\n                                        class=\"property-title\">Polkupy\u00f6r\u00e4n jousituksen tyypit:&nbsp;<\/span><span\n                                        class=\"property-desc line-limit-length\">Tukeva<\/span>\n                            <\/li>\n<li class=\"product-prop line-limit-length\"><span\n                                        class=\"property-title\">Jarrutusj\u00e4rjestelm\u00e4:&nbsp;<\/span><span\n                                        class=\"property-desc line-limit-length\">Mekaaninen levyjarru edess\u00e4 ja takana<\/span>\n                            <\/li>\n<li class=\"product-prop line-limit-length\"><span\n                                        class=\"property-title\">Renkaan koko:&nbsp;<\/span><span\n                                        class=\"property-desc line-limit-length\">29&#039;&#039;<\/span>\n                            <\/li>\n<li class=\"product-prop line-limit-length\"><span\n                                        class=\"property-title\">Merkki:&nbsp;<\/span><span\n                                        class=\"property-desc line-limit-length\">Eglide<\/span>\n                            <\/li>\n<li class=\"product-prop line-limit-length\"><span\n                                        class=\"property-title\">Malli:&nbsp;<\/span><span\n                                        class=\"property-desc line-limit-length\">Mopride 3<\/span>\n                            <\/li>\n<li class=\"product-prop line-limit-length\"><span\n                                        class=\"property-title\">Koko avattuna:&nbsp;<\/span><span\n                                        class=\"property-desc line-limit-length\">1900x730x1100 mm<\/span>\n                            <\/li>\n<li class=\"product-prop line-limit-length\"><span\n                                        class=\"property-title\">Kehyksen koko:&nbsp;<\/span><span\n                                        class=\"property-desc line-limit-length\">29&quot; x 19&quot;<\/span>\n                            <\/li>\n<li class=\"product-prop line-limit-length\"><span\n                                        class=\"property-title\">Py\u00f6r\u00e4n maksimikuorma:&nbsp;<\/span><span\n                                        class=\"property-desc line-limit-length\">120 kg<\/span>\n                            <\/li>\n<li class=\"product-prop line-limit-length\"><span\n                                        class=\"property-title\">Katkaisunopeus:&nbsp;<\/span><span\n                                        class=\"property-desc line-limit-length\">25 km\/h<\/span>\n                            <\/li>\n<li class=\"product-prop line-limit-length\"><span\n                                        class=\"property-title\">Suurin kantama:&nbsp;<\/span><span\n                                        class=\"property-desc line-limit-length\">120 km (avustustila)<\/span>\n                            <\/li>\n<li class=\"product-prop line-limit-length\"><span\n                                        class=\"property-title\">Nimellisteho\/j\u00e4nnite:&nbsp;<\/span><span\n                                        class=\"property-desc line-limit-length\">250 W \/ 48 V<\/span>\n                            <\/li>\n<li class=\"product-prop line-limit-length\"><span\n                                        class=\"property-title\">Koko:&nbsp;<\/span><span\n                                        class=\"property-desc line-limit-length\">29&quot; x 2,4&quot;<\/span>\n                            <\/li>\n<li class=\"product-prop line-limit-length\"><span\n                                        class=\"property-title\">Latausaika:&nbsp;<\/span><span\n                                        class=\"property-desc line-limit-length\">6 tuntia<\/span>\n                            <\/li>\n<\/ul><\/div>\n<p style=\"font-family:&quot;Noto Sans SC&quot;;font-size:medium;font-weight:400;letter-spacing:normal;text-align:start;white-space:normal;color:rgb(0, 0, 0)\" align=\"start\"><span style=\"font-size:x-large\">Kohokohdat<\/span><\/p>\n<p><\/p>\n<p style=\"font-family:&quot;Noto Sans SC&quot;;font-size:medium;font-weight:400;letter-spacing:normal;text-align:start;white-space:normal;color:rgb(0, 0, 0)\" align=\"start\"><strong>Vakautta kaikissa maastoissa<br \/><\/strong>Mopride 3 -s\u00e4hk\u00f6py\u00f6r\u00e4 on rakennettu seikkailuun. Siin\u00e4 on urheilullinen runko ja 29\u201d \u00d7 2,4\u201d maastorenkaat, jotka on suunniteltu erityisesti vuoristopoluille ja haastaviin maastoihin. Ne tarjoavat dynaamisen ja j\u00e4nnitt\u00e4v\u00e4n ajokokemuksen. Lis\u00e4ksi py\u00f6r\u00e4ss\u00e4 on 80 mm:n joustomatkan ja lukituksen ansiosta toimiva jousitus, joka on suunniteltu vaimentamaan iskuja ja parantamaan etuosan vakautta, mik\u00e4 takaa optimaalisen ajotehokkuuden kaikenlaisissa maastoissa. 29-tuumaisten renkaiden ansiosta py\u00f6r\u00e4 sopii t\u00e4ydellisesti yli 175 cm pitkille ajajille ja tarjoaa mukavan ja hallitun ajokokemuksen, joka mukautuu saumattomasti sek\u00e4 py\u00f6r\u00e4n muotoiluun ett\u00e4 k\u00e4ytt\u00e4j\u00e4n tarpeisiin.<strong><\/p>\n<p>Hydrauliset levyjarrut parantavat turvallisuutta<br \/><\/strong>Hydraulisilla levyjarruilla varustettu Mopride 3 tarjoaa tehokkaan ja vakaan jarrutustehon, mik\u00e4 johtaa tasaisiin ja tehokkaisiin pys\u00e4hdyksiin. Jarrutusmatka on 30% lyhyempi kuin mekaanisilla levyjarruilla, mik\u00e4 tekee maastoajosta turvallisempaa ja luotettavampaa.<strong><\/p>\n<p>Pitk\u00e4kestoinen akku pitkille seikkailuille<br \/><\/strong>S\u00e4hk\u00f6py\u00f6r\u00e4 on varustettu tehokkaalla 576 Wh:n akulla, joka tarjoaa vaikuttavan yli 100 km:n toimintas\u00e4teen yhdell\u00e4 latauksella \u2013 ihanteellinen pitk\u00e4n matkan seikkailuihin. Irrotettava akku varmistaa vaivattoman latauksen, pit\u00e4en ajomatkasi keskeytym\u00e4tt\u00f6min\u00e4 ja valmiina toimintaan. Viel\u00e4 suurempia seikkailuja varten voit ostaa lis\u00e4akun, joka pident\u00e4\u00e4 toimintas\u00e4dett\u00e4si, jolloin voit ajaa pidemm\u00e4lle ja tutkia enemm\u00e4n rajattomasti.<strong><\/p>\n<p>Tehokas ja saumaton ajo<br \/><\/strong>48 V:n moottorij\u00e4rjestelm\u00e4 tuottaa 250 W:n huipputehon ja 50 Nm:n maksimiv\u00e4\u00e4nt\u00f6momentin, mik\u00e4 tarjoaa vankan suorituskyvyn yl\u00e4m\u00e4keen ajoon ja raskaisiin kuormiin (jopa 120 kg). Tarkan 12-magneettisen poljinnopeusanturin, viiden poljinavustustason (12\/15\/18\/21\/25 km\/h) ja Shimanon 7-vaihteisen vaihteenvalitsimen ansiosta Mopride 3 -s\u00e4hk\u00f6py\u00f6r\u00e4 varmistaa sujuvan ja herk\u00e4n poljinavustuksen l\u00e4hett\u00e4m\u00e4ll\u00e4 signaaleja 12 kertaa kierroksella, mik\u00e4 tekee jokaisesta ajosta vaivatonta ja nautinnollista.<strong><\/p>\n<p>Parannettu SafeNight Riding -toiminto ja \u00e4lyk\u00e4s LCD-n\u00e4ytt\u00f6 sek\u00e4 sovellusohjaus<br \/><\/strong>EU StVZO-sertifioiduilla etu- ja takavaloilla varustettu s\u00e4hk\u00f6py\u00f6r\u00e4 takaa erinomaisen n\u00e4kyvyyden ja turvallisuuden h\u00e4m\u00e4r\u00e4ss\u00e4. LCD-n\u00e4ytt\u00f6 tarjoaa selke\u00e4\u00e4 ja helppolukuista tietoa, pit\u00e4en sinut ajan tasalla ajostasi koko ajan. Lis\u00e4ksi voit ohjata py\u00f6r\u00e4\u00e4si Eglide-sovelluksella puhelimellasi. T\u00e4m\u00e4n \u00e4lykk\u00e4\u00e4n sovelluksen avulla voit aktivoida lis\u00e4toimintoja, kuten py\u00f6r\u00e4n lukitsemisen, salasanan asettamisen ja n\u00e4yt\u00f6n aikakatkaisun s\u00e4\u00e4t\u00e4misen, mik\u00e4 auttaa sinua saamaan kaiken irti ajostasi.<\/p>\n<p><\/p>\n<h2 style=\"font-family:&quot;Noto Sans SC&quot;;font-size:14px;letter-spacing:normal;text-align:start;white-space:normal;color:rgb(0, 0, 0);margin:10px 0px;margin-bottom:10px;margin-top:10px;margin-left:0px;margin-right:0px;padding:0px;padding-bottom:0px;padding-top:0px;padding-left:0px;padding-right:0px\" align=\"start\">Tekniset tiedot<\/h2>\n<p><\/p>\n<table style=\"border-collapse:collapse;font-family:&quot;Noto Sans SC&quot;\" border=\"1\" cellpadding=\"8\">\n<tbody>\n<tr>\n<td style=\"width:101px\" width=\"101\">\n<p>Yleist\u00e4<\/p>\n<\/td>\n<td style=\"width:445px\" width=\"445\">\n<p>Merkki: Eleglide<br \/>Malli: Mopride 3<br \/>V\u00e4ri: Tummansininen<\/p>\n<\/td>\n<\/tr>\n<tr>\n<td style=\"width:101px\" width=\"101\">\n<p>Perustiedot<\/p>\n<\/td>\n<td style=\"width:445px\" width=\"445\">\n<p>Nettopaino: 27 kg<br \/>Koko avattuna: 1900x730x1100mm<br \/>Kehyksen koko: 29&quot; x 19&quot;<br \/>Ohjaustangon leveys: 720 mm<br \/>Suositeltu kuljettajan pituus: 165\u2013200 cm (5&#039; 5&quot;-6&#039; 7&quot;)<br \/>Py\u00f6r\u00e4n maksimikuorma: 120 kg<br \/>Katkaisunopeus: 25 km\/h<br \/>Maksimikantama: 120 km (avustustila)<br \/>PAS-tasot: 12\/15\/18\/21\/25km\/h (tasot 1-5)<br \/>K\u00e4velytila: 6 km\/h<br \/>Vedenpit\u00e4vyystaso: IPX4<br \/>Materiaali: Alumiiniseos<br \/>Jarruj\u00e4rjestelm\u00e4: Hydraulinen levyjarru ja s\u00e4hk\u00f6jarru<br \/>Jousitus: Jousitus lukituksella<br \/>Jousituksen liikevara: 80 mm<\/p>\n<\/td>\n<\/tr>\n<tr>\n<td style=\"width:101px\" width=\"101\">\n<p>Moottori<\/p>\n<\/td>\n<td style=\"width:445px\" width=\"445\">\n<p>Nimellisteho\/j\u00e4nnite: 250 W \/ 48 V<br \/>Suurin l\u00e4ht\u00f6momentti: 50 Nm<\/p>\n<\/td>\n<\/tr>\n<tr>\n<td style=\"width:101px\" width=\"101\">\n<p>Vaihtaja<\/p>\n<\/td>\n<td style=\"width:445px\" width=\"445\">\n<p>Merkki: Shimano<br \/>Vaihteiden m\u00e4\u00e4r\u00e4: 7 (takana)<\/p>\n<\/td>\n<\/tr>\n<tr>\n<td style=\"width:101px\" width=\"101\">\n<p>Akku<\/p>\n<\/td>\n<td style=\"width:445px\" width=\"445\">\n<p>Kapasiteetti: 12 Ah<br \/>J\u00e4nnite: 48V<br \/>Latausaika: 6 tuntia<br \/>Tehokapasiteetti: 576 Wh<br \/>Suojausj\u00e4rjestelm\u00e4: Kyll\u00e4<\/p>\n<\/td>\n<\/tr>\n<tr>\n<td style=\"width:101px\" width=\"101\">\n<p>Renkaat<\/p>\n<\/td>\n<td style=\"width:445px\" width=\"445\">\n<p>Koko: 29&quot; x 2,4&quot;<br \/>Tyyppi, materiaali: Ilmarenkaat<br \/>Rengaspaine: 30\u201345 PSI<br \/>Paras rengaspaine: 30\u201340 PSI<\/p>\n<\/td>\n<\/tr>\n<tr>\n<td style=\"width:101px\" width=\"101\">\n<p>N\u00e4ytt\u00f6<\/p>\n<\/td>\n<td style=\"width:445px\" width=\"445\">\n<p>Koko: 2,6&quot;<br \/>Tyyppi: LCD-n\u00e4ytt\u00f6<br \/>Tiedot: Reaaliaikainen nopeus, avustustaso, akun varaustaso, k\u00e4velytila, matka<br \/>Toiminnot: Virran kytkent\u00e4\/katkaisu, valon kytkent\u00e4\/sammutus, avustustasojen vaihtaminen, k\u00e4velytilan aktivointi jne.<\/p>\n<\/td>\n<\/tr>\n<tr>\n<td style=\"width:101px\" width=\"101\">\n<p>Sovellus<\/p>\n<\/td>\n<td style=\"width:445px\" width=\"445\">\n<p>Nimi: Eglide<br \/>J\u00e4rjestelm\u00e4tuki: iOS (11.0+), Android (5.0+)<br \/>Toiminnot: Valon kytkeminen p\u00e4\u00e4lle\/pois, avustustasojen vaihtaminen, py\u00f6r\u00e4n lukitseminen\/avaaminen, salasanan asettaminen, n\u00e4yt\u00f6n kirkkauden s\u00e4\u00e4t\u00f6 jne.<\/p>\n<\/td>\n<\/tr>\n<tr>\n<td style=\"width:101px\" width=\"101\">\n<p>Paketti<\/p>\n<\/td>\n<td style=\"width:445px\" width=\"445\">\n<p>Koko: 160 x 25 x 85 cm<br \/>Kokonaispaino: 34 kg<\/p>\n<\/td>\n<\/tr>\n<tr>\n<td style=\"width:101px\" width=\"101\">\n<p>Pakettiluettelo<\/p>\n<\/td>\n<td style=\"width:445px\" width=\"445\">\n<p>1 x Eglide-polkupy\u00f6r\u00e4<br \/>1 k\u00e4ytt\u00f6ohje<br \/>1 x Laturi<br \/>2 x poljinta (vasen ja oikea)<br \/>1 x ty\u00f6kalusarja<br \/>2 x avainta<br \/>2 x pinnaheijastin<br \/>1 x Takavalo<br \/>1 x Ajovalo<\/p>\n<\/td>\n<\/tr>\n<tr>\n<td style=\"width:546px\" width=\"546\" colspan=\"2\">\n<p>Huomautus: Suurin toimintas\u00e4de saavutetaan seuraavissa olosuhteissa: t\u00e4ysi lataus, 75 kg:n kuorma, 26 \u2103:n l\u00e4mp\u00f6tila, 15 km\/h tasainen nopeus, tasaisella tiell\u00e4 ilman voimakasta tuulta.<\/p>\n<\/td>\n<\/tr>\n<\/tbody>\n<\/table>\n<p><img decoding=\"async\" src=\"https:\/\/ae01.alicdn.com\/kf\/S7bc2ed964b234e2fa9ce5453c4dfa6200.jpeg\" slate-data-type=\"image\"\/><img decoding=\"async\" src=\"https:\/\/ae01.alicdn.com\/kf\/Sec283ba7e4ad4a4a8de849c8a8aae46aH.jpeg\" slate-data-type=\"image\"\/><img decoding=\"async\" src=\"https:\/\/ae01.alicdn.com\/kf\/Sadf576ce75c84fc586048eda58bfef30T.jpeg\" slate-data-type=\"image\"\/><img decoding=\"async\" src=\"https:\/\/ae01.alicdn.com\/kf\/S240a102db5fd4dcaa5e30a23e4155834Z.jpeg\" slate-data-type=\"image\"\/><img decoding=\"async\" src=\"https:\/\/ae01.alicdn.com\/kf\/Sa6ca59e260b148aeaef79f8c8859a565y.jpeg\" slate-data-type=\"image\"\/><img decoding=\"async\" src=\"https:\/\/ae01.alicdn.com\/kf\/S4fbe2eec7f41492b94cb5299f46a05b5J.jpeg\" slate-data-type=\"image\"\/><img decoding=\"async\" src=\"https:\/\/ae01.alicdn.com\/kf\/Sce1cc0ff380c490a986e0772c9583694D.jpeg\" slate-data-type=\"image\"\/><img decoding=\"async\" src=\"https:\/\/ae01.alicdn.com\/kf\/Sb4d04d20b79e4f2b9a5add6797b4ed23O.jpeg\" slate-data-type=\"image\"\/><img decoding=\"async\" src=\"https:\/\/ae01.alicdn.com\/kf\/Sddf190946d38475ea785e830a77e0930d.jpeg\" slate-data-type=\"image\"\/><img decoding=\"async\" src=\"https:\/\/ae01.alicdn.com\/kf\/S2d04a6352c424d7ba3ef7ed7d513b095i.jpeg\" slate-data-type=\"image\"\/><img decoding=\"async\" src=\"https:\/\/ae01.alicdn.com\/kf\/S43bc04fd4597488aa1d5dfab66be0c0aA.jpeg\" slate-data-type=\"image\"\/><img decoding=\"async\" src=\"https:\/\/ae01.alicdn.com\/kf\/Sff0847cce8954985af76d5e682a834a03.jpeg\" slate-data-type=\"image\"\/><img decoding=\"async\" src=\"https:\/\/ae01.alicdn.com\/kf\/S970e886ba1064ea4b0a1ffd2845e2e22k.jpeg\" slate-data-type=\"image\"\/><img decoding=\"async\" src=\"https:\/\/ae01.alicdn.com\/kf\/Sfd56423e04aa43d3ac2891b3a2dbbab1h.jpeg\" slate-data-type=\"image\"\/><img decoding=\"async\" src=\"https:\/\/ae01.alicdn.com\/kf\/S67ec5fb6a17e42b288e46af3ce0ca18eW.jpeg\" slate-data-type=\"image\"\/><\/p>","protected":false},"excerpt":{"rendered":"<p>Bike Suspension Types:&nbsp;Sturdy Braking System:&nbsp;Front and Rear Mechanical Disc Brake Wheel Size:&nbsp;29&#039;&#039; Brand:&nbsp;Eleglide Model:&nbsp;Mopride 3 Unfolded Size:&nbsp;1900x730x1100mm Size of Frame:&nbsp;29&quot; x 19&quot; Max Load of Bike:&nbsp;120kg Cut-off Speed:&nbsp;25km\/h Max Range:&nbsp;120km<\/p>","protected":false},"featured_media":21623,"comment_status":"open","ping_status":"closed","template":"","meta":{"_acf_changed":false},"product_brand":[],"product_cat":[230],"product_tag":[],"class_list":{"0":"post-21621","1":"product","2":"type-product","3":"status-publish","4":"has-post-thumbnail","6":"product_cat-bikes","8":"first","9":"instock","10":"shipping-taxable","11":"purchasable","12":"product-type-simple"},"acf":[],"_links":{"self":[{"href":"https:\/\/www.electricstore.eu\/fi\/wp-json\/wp\/v2\/product\/21621","targetHints":{"allow":["GET"]}}],"collection":[{"href":"https:\/\/www.electricstore.eu\/fi\/wp-json\/wp\/v2\/product"}],"about":[{"href":"https:\/\/www.electricstore.eu\/fi\/wp-json\/wp\/v2\/types\/product"}],"replies":[{"embeddable":true,"href":"https:\/\/www.electricstore.eu\/fi\/wp-json\/wp\/v2\/comments?post=21621"}],"wp:featuredmedia":[{"embeddable":true,"href":"https:\/\/www.electricstore.eu\/fi\/wp-json\/wp\/v2\/media\/21623"}],"wp:attachment":[{"href":"https:\/\/www.electricstore.eu\/fi\/wp-json\/wp\/v2\/media?parent=21621"}],"wp:term":[{"taxonomy":"product_brand","embeddable":true,"href":"https:\/\/www.electricstore.eu\/fi\/wp-json\/wp\/v2\/product_brand?post=21621"},{"taxonomy":"product_cat","embeddable":true,"href":"https:\/\/www.electricstore.eu\/fi\/wp-json\/wp\/v2\/product_cat?post=21621"},{"taxonomy":"product_tag","embeddable":true,"href":"https:\/\/www.electricstore.eu\/fi\/wp-json\/wp\/v2\/product_tag?post=21621"}],"curies":[{"name":"wp","href":"https:\/\/api.w.org\/{rel}","templated":true}]}}