{"id":21493,"date":"2025-05-20T18:13:57","date_gmt":"2025-05-20T18:13:57","guid":{"rendered":"https:\/\/electricstore.eu\/p\/uncategorized\/ekd01-bluetooth-navigation-display-8-languages-lcd-ebike-computer-for-bafang-motor-kit-intelligent-controller-uart-can-protocol\/"},"modified":"2025-05-20T18:14:00","modified_gmt":"2025-05-20T18:14:00","slug":"ekd01-bluetooth-navigation-display-8-languages-lcd-ebike-computer-for-bafang-motor-kit-intelligent-controller-uart-can-protocol","status":"publish","type":"product","link":"https:\/\/www.electricstore.eu\/fi\/p\/p\/ebike-batteries\/rear-rack-e-bike-batteries\/ekd01-bluetooth-navigation-display-8-languages-lcd-ebike-computer-for-bafang-motor-kit-intelligent-controller-uart-can-protocol\/","title":{"rendered":"EKD01 Bluetooth-navigointin\u00e4ytt\u00f6 8 kielt\u00e4 LCD-s\u00e4hk\u00f6py\u00f6r\u00e4tietokone BAFANG-moottoripakkaukselle \u00c4lyk\u00e4s ohjain UART CAN -protokolla"},"content":{"rendered":"<div class=\"product-specs-list-container\">\n<ul class=\"product-specs-list util-clearfix\">\n<li class=\"product-prop line-limit-length\"><span\n                                        class=\"property-title\">Tyyppi:&nbsp;<\/span><span\n                                        class=\"property-desc line-limit-length\">N\u00e4ytt\u00f6<\/span>\n                            <\/li>\n<li class=\"product-prop line-limit-length\"><span\n                                        class=\"property-title\">Tuotemerkki:&nbsp;<\/span><span\n                                        class=\"property-desc line-limit-length\">Varstr\u00f6m<\/span>\n                            <\/li>\n<li class=\"product-prop line-limit-length\"><span\n                                        class=\"property-title\">Alkuper\u00e4:&nbsp;<\/span><span\n                                        class=\"property-desc line-limit-length\">Manner-Kiina<\/span>\n                            <\/li>\n<li class=\"product-prop line-limit-length\"><span\n                                        class=\"property-title\">Malli:&nbsp;<\/span><span\n                                        class=\"property-desc line-limit-length\">EKD01.<\/span>\n                            <\/li>\n<li class=\"product-prop line-limit-length\"><span\n                                        class=\"property-title\">Toiminto:&nbsp;<\/span><span\n                                        class=\"property-desc line-limit-length\">voidaan yhdist\u00e4\u00e4 \u00e4lypuhelimeen.<\/span>\n                            <\/li>\n<li class=\"product-prop line-limit-length\"><span\n                                        class=\"property-title\">PAS:&nbsp;<\/span><span\n                                        class=\"property-desc line-limit-length\">0-3\/0-5\/0-9<\/span>\n                            <\/li>\n<li class=\"product-prop line-limit-length\"><span\n                                        class=\"property-title\">N\u00e4yt\u00f6n koko:&nbsp;<\/span><span\n                                        class=\"property-desc line-limit-length\">2,4 tuumaa<\/span>\n                            <\/li>\n<li class=\"product-prop line-limit-length\"><span\n                                        class=\"property-title\">Vedenpit\u00e4vyystaso:&nbsp;<\/span><span\n                                        class=\"property-desc line-limit-length\">IP67<\/span>\n                            <\/li>\n<li class=\"product-prop line-limit-length\"><span\n                                        class=\"property-title\">Liittimen tyyppi:&nbsp;<\/span><span\n                                        class=\"property-desc line-limit-length\">M5 vedenpit\u00e4v\u00e4 pistoke<\/span>\n                            <\/li>\n<li class=\"product-prop line-limit-length\"><span\n                                        class=\"property-title\">J\u00e4nnite:&nbsp;<\/span><span\n                                        class=\"property-desc line-limit-length\">12V\/32V\/48V\/60V<\/span>\n                            <\/li>\n<li class=\"product-prop line-limit-length\"><span\n                                        class=\"property-title\">K\u00e4ytt\u00f6l\u00e4mp\u00f6tila:&nbsp;<\/span><span\n                                        class=\"property-desc line-limit-length\">-20 \u00b0C - +70 \u00b0C<\/span>\n                            <\/li>\n<li class=\"product-prop line-limit-length\"><span\n                                        class=\"property-title\">USB-laturi:&nbsp;<\/span><span\n                                        class=\"property-desc line-limit-length\">C-tyyppi<\/span>\n                            <\/li>\n<li class=\"product-prop line-limit-length\"><span\n                                        class=\"property-title\">Salasana:&nbsp;<\/span><span\n                                        class=\"property-desc line-limit-length\">2020<\/span>\n                            <\/li>\n<li class=\"product-prop line-limit-length\"><span\n                                        class=\"property-title\">Takuu:&nbsp;<\/span><span\n                                        class=\"property-desc line-limit-length\">1 vuosi<\/span>\n                            <\/li>\n<li class=\"product-prop line-limit-length\"><span\n                                        class=\"property-title\">Toimitusaika:&nbsp;<\/span><span\n                                        class=\"property-desc line-limit-length\">2\u20137 p\u00e4iv\u00e4\u00e4<\/span>\n                            <\/li>\n<\/ul><\/div>\n<p><span style=\"font-size:48px\">EKD01-n\u00e4ytt\u00f6<\/span> <\/p>\n<p><span style=\"font-size:20px\">Bafangin keskimoottorille \u2013 s\u00e4hk\u00f6py\u00f6r\u00e4n n\u00e4ytt\u00f6 BBS02B-, BBS-HD- ja BBS01B-s\u00e4hk\u00f6py\u00f6rille, keskimoottori, s\u00e4hk\u00f6py\u00f6r\u00e4n muunnossarja UART- ja CAN-protokolla, valinnainen 5-nastainen naarasliitin<\/span><\/p>\n<p><\/p>\n<p><img decoding=\"async\" src=\"https:\/\/ae01.alicdn.com\/kf\/S191d2573a7884eec9c2dcea0080c962b8.jpg\" slate-data-type=\"image\"\/><\/p>\n<p><\/p>\n<p><span style=\"color:rgb(251, 158, 0);font-size:72px\"><strong>S\u00e4hk\u00f6py\u00f6r\u00e4n\u00e4ytt\u00f6 EKD01<\/strong><\/span><\/p>\n<p><span style=\"font-size:20px\"><br \/><\/span>1 Ajovalojen merkkivalo: Ajovalojen merkkivalo syttyy, kun<br \/>\n ajovalo on p\u00e4\u00e4ll\u00e4. <\/p>\n<p>2 Navigointi-indikaattori: Jos BIKEGO-sovellus on yhdistetty laitteeseen,<br \/>\nsymboli syttyy, kun navigointi alkaa. (Live-navigointi vaatii<br \/>\n maksu). <\/p>\n<p>3 Huoltovinkki: Elektronisilla j\u00e4rjestelmill\u00e4 on jonkin verran kyky\u00e4 itsediagnostiikkaan<br \/>\nja raportoivat rajoitettuja vikoja. Vika ilmoitetaan virhekoodina, joka n\u00e4kyy n\u00e4yt\u00f6ss\u00e4.<br \/>\n n\u00e4ytt\u00f6. <\/p>\n<p>4 Jarrutuksen merkkivalo: T\u00e4m\u00e4 kuvake syttyy, kun ajoneuvo jarruttaa<br \/>\n operaatio. <\/p>\n<p>5 Bluetooth-merkkivalo: Kun sovellus on muodostanut yhteyden laitteeseen<br \/>\n instrumentti, symboli syttyy. <\/p>\n<p>6 Akun varaustason grafiikka: Akun varaustason kaavio on graafinen<br \/>\n akun j\u00e4ljell\u00e4 olevan varauksen esitys. Kun akku on ladattu\n<\/p>\n<p>ladattu, kaavioon ilmestyy enemm\u00e4n palkkeja. Kun akku tyhjenee, kaavioon ilmestyy v\u00e4hemm\u00e4n palkkeja.<br \/>\npalkit ilmestyv\u00e4t. <\/p>\n<p>7 Reaaliaikainen nopeus: N\u00e4ytt\u00e4\u00e4 s\u00e4hk\u00f6py\u00f6r\u00e4n nykyisen nopeuden<br \/>\n matkustaminen. <\/p>\n<p>8 Reaaliaikainen teho: N\u00e4ytt\u00e4\u00e4 s\u00e4hk\u00f6py\u00f6r\u00e4n nykyisen tehon<br \/>\n matkustaminen. <\/p>\n<p>9 Vaihdeilmaisin: N\u00e4ytt\u00e4\u00e4 s\u00e4hk\u00f6py\u00f6r\u00e4n nykyisen avustusvaihteen. <\/p>\n<p>10 Yksitt\u00e4inen kilometrim\u00e4\u00e4r\u00e4: Yhdell\u00e4 matkalla ajettujen mailien m\u00e4\u00e4r\u00e4. <\/p>\n<p>11 Kokonaisajokilometrit: Ajoneuvon ajettujen mailien kokonaism\u00e4\u00e4r\u00e4. <\/p>\n<p>12 Reaaliaikainen j\u00e4nnite\/s\u00e4hk\u00f6: N\u00e4yt\u00e4 j\u00e4nnitetilanne tai s\u00e4hk\u00f6tilanne\n<\/p>\n<p>akun reaaliaikaisessa synkronoinnissa.<\/p>\n<\/p>\n<p><img decoding=\"async\" src=\"https:\/\/ae01.alicdn.com\/kf\/Sa7c3f7f81c8a4aee9abfd9080e21a1aee.jpg\" slate-data-type=\"image\"\/><\/p>\n<p><\/p>\n<p><span style=\"color:rgb(251, 158, 0);font-size:72px\"><strong>Noin<\/strong><\/span><strong><span style=\"font-size:72px\"> t\u00e4m\u00e4 kohde<\/span><\/strong><\/p>\n<p><\/p>\n<p><span style=\"font-size:20px\">EKD01 TFT LCD -n\u00e4ytt\u00f6: Sis\u00e4lt\u00e4\u00e4 2,4 tuuman IPS-v\u00e4rin\u00e4yt\u00f6n ja kolme integroitua painiketta, joten se on hyv\u00e4 valinta aloittelijoille. Se tarjoaa edullisen hinnan, helpon k\u00e4yt\u00f6n ja perusominaisuudet, kuten valinnaiset 0\u20139 PAS-tasot ja Type-C-latausportin.<br \/>\n<\/span><\/p>\n<p><\/p>\n<p><span style=\"font-size:20px\">[Yhteensopivuus ja asennus] EKD01-n\u00e4ytt\u00f6 on yhteensopiva yksinomaan BAFANG-s\u00e4hk\u00f6moottoreiden kanssa, jotka k\u00e4ytt\u00e4v\u00e4t UART-tiedonsiirtoprotokollan versioita 5.0\u20135.8. Se sopii ohjaustankoihin, joiden halkaisija on \u00d822,2\/25,4 mm, ja sen pistoke on 5-napainen py\u00f6re\u00e4 naarasliitin. Jos et ole varma yhteensopivuudesta, ota meihin yhteytt\u00e4 ennen ostamista.<br \/>\n<\/span><\/p>\n<p><\/p>\n<p><span style=\"font-size:20px\">[Ulkon\u00e4k\u00f6 ja materiaali] Ohut, moderni muotoilu ja suuri, helppolukuinen n\u00e4ytt\u00f6. Kotelo on valmistettu korkealaatuisesta ABS-muovista. Vedenpit\u00e4v\u00e4 IP 67 -luokan mukaisesti.<br \/>\n<\/span><\/p>\n<p><\/p>\n<p><span style=\"font-size:20px\">EKD01:ss\u00e4 on yhdeks\u00e4n s\u00e4\u00e4dett\u00e4v\u00e4\u00e4 kielt\u00e4 (englanti, ranska, saksa, espanja, italia, puola, kiina, hollanti ja t\u0161ekki). Navigointitoiminto helpottaa perille l\u00f6yt\u00e4mist\u00e4 (5 ilmaista kokeilujaksoa, sen j\u00e4lkeen maksullinen). Toisin kuin muissa malleissa, matkamittarin (ODO) voi nollata.<br \/>\n<\/span><\/p>\n<p><\/p>\n<p><span style=\"font-size:20px\">Huomaa, ett\u00e4 t\u00e4m\u00e4 LCD-n\u00e4ytt\u00f6 EI ole yhteensopiva kaikkien moottoreiden kanssa. Katso tarkasti t\u00e4m\u00e4n tuotesivun toista kuvaa. Jos et ole varma yhteensopivuudesta, l\u00e4het\u00e4 meille s\u00e4hk\u00f6postia.<br \/><\/span><\/p>\n<p><\/p>\n<p><img decoding=\"async\" src=\"https:\/\/ae01.alicdn.com\/kf\/S1481f46e4a4a443dae0f3fe9552796dez.jpg\" slate-data-type=\"image\"\/><img decoding=\"async\" src=\"https:\/\/ae01.alicdn.com\/kf\/Sfc39aff354d8450b91b49fc2589c478eL.jpg\" slate-data-type=\"image\"\/><\/p>\n<p><img decoding=\"async\" src=\"https:\/\/ae01.alicdn.com\/kf\/S772efe9990b448059247e73c658a816at.jpg\" slate-data-type=\"image\"\/><img decoding=\"async\" src=\"https:\/\/ae01.alicdn.com\/kf\/S520eb53c8a43482788049c4da2aad4adi.jpg\" slate-data-type=\"image\"\/><\/p>\n<div style=\"font-family:&quot;TT Norms Pro&quot;, &quot;Open Sans&quot;, Roboto, Arial, Helvetica, sans-serif, SimSun;font-size:14px;font-weight:400;letter-spacing:normal;text-align:start;white-space:normal;color:rgb(34, 34, 34);background-color:rgb(255, 255, 255);margin:0px;margin-bottom:0px;margin-top:0px;margin-left:0px;margin-right:0px;padding:0px;padding-bottom:0px;padding-top:0px;padding-left:0px;padding-right:0px;box-sizing:content-box\" align=\"start\">\n<div style=\"margin:0px;margin-bottom:0px;margin-top:0px;margin-left:0px;margin-right:0px;padding:0px;padding-bottom:0px;padding-top:0px;padding-left:0px;padding-right:0px;box-sizing:content-box\">\n<div style=\"margin:0px;margin-bottom:0px;margin-top:0px;margin-left:0px;margin-right:0px;padding:0px;padding-bottom:0px;padding-top:0px;padding-left:0px;padding-right:0px;box-sizing:content-box\">\n<div style=\"margin:0px;margin-bottom:0px;margin-top:0px;margin-left:0px;margin-right:0px;padding:0px;padding-bottom:0px;padding-top:0px;padding-left:0px;padding-right:0px;box-sizing:content-box\">\n<div style=\"margin:0px;margin-bottom:0px;margin-top:0px;margin-left:0px;margin-right:0px;padding:0px;padding-bottom:0px;padding-top:0px;padding-left:0px;padding-right:0px;box-sizing:content-box\">\n<div style=\"margin:0px;margin-bottom:0px;margin-top:0px;margin-left:0px;margin-right:0px;padding:0px;padding-bottom:0px;padding-top:0px;padding-left:0px;padding-right:0px;box-sizing:content-box\">\n<div style=\"margin:0px;margin-bottom:0px;margin-top:0px;margin-left:0px;margin-right:0px;padding:0px;padding-bottom:0px;padding-top:0px;padding-left:0px;padding-right:0px;box-sizing:content-box\">\n<div style=\"margin:0px;margin-bottom:0px;margin-top:0px;margin-left:0px;margin-right:0px;padding:0px;padding-bottom:0px;padding-top:0px;padding-left:0px;padding-right:0px;box-sizing:content-box\">\n<div style=\"margin:0px;margin-bottom:0px;margin-top:0px;margin-left:0px;margin-right:0px;padding:0px;padding-bottom:0px;padding-top:0px;padding-left:0px;padding-right:0px;box-sizing:content-box\">\n<div style=\"margin:0px;margin-bottom:0px;margin-top:0px;margin-left:0px;margin-right:0px;padding:0px;padding-bottom:0px;padding-top:0px;padding-left:0px;padding-right:0px;box-sizing:content-box\">\n<p style=\"line-height:inherit;margin:0px;margin-bottom:0px;margin-top:0px;margin-left:0px;margin-right:0px;padding:0px;padding-bottom:0px;padding-top:0px;padding-left:0px;padding-right:0px;box-sizing:border-box\"><img decoding=\"async\" style=\"border:0px;margin:0px;margin-bottom:0px;margin-top:0px;margin-left:0px;margin-right:0px;padding:0px;padding-bottom:0px;padding-top:0px;padding-left:0px;padding-right:0px;max-width:100%;box-sizing:border-box\" src=\"https:\/\/ae01.alicdn.com\/kf\/S7fbef954f932475887f040aa999ee5afO.jpg\" slate-data-type=\"image\"\/><\/p>\n<\/div>\n<\/div>\n<\/div>\n<\/div>\n<\/div>\n<\/div>\n<\/div>\n<\/div>\n<\/div>\n<\/div>\n<div style=\"font-family:&quot;TT Norms Pro&quot;, &quot;Open Sans&quot;, Roboto, Arial, Helvetica, sans-serif, SimSun;font-size:14px;font-weight:400;letter-spacing:normal;text-align:start;white-space:normal;color:rgb(34, 34, 34);background-color:rgb(255, 255, 255);margin:0px;margin-bottom:0px;margin-top:0px;margin-left:0px;margin-right:0px;padding:0px;padding-bottom:0px;padding-top:0px;padding-left:0px;padding-right:0px;box-sizing:content-box\" align=\"start\">\n<p style=\"line-height:inherit;margin:0px;margin-bottom:0px;margin-top:0px;margin-left:0px;margin-right:0px;padding:0px;padding-bottom:0px;padding-top:0px;padding-left:0px;padding-right:0px;box-sizing:border-box\"><\/p>\n<p style=\"line-height:inherit;margin:0px;margin-bottom:0px;margin-top:0px;margin-left:0px;margin-right:0px;padding:0px;padding-bottom:0px;padding-top:0px;padding-left:0px;padding-right:0px;box-sizing:border-box\"><span style=\"color:rgb(77, 77, 77);font-size:72px\"><strong>NOIN<\/strong><\/span><span style=\"color:rgb(251, 158, 0);font-size:72px\"><span style=\"font-size:72px\"><strong> BAFANG<\/strong><\/span><\/span><\/p>\n<div style=\"margin:0px;margin-bottom:0px;margin-top:0px;margin-left:0px;margin-right:0px;padding:0px;padding-bottom:0px;padding-top:0px;padding-left:0px;padding-right:0px;box-sizing:content-box\"><\/div>\n<p style=\"line-height:inherit;margin:0px;margin-bottom:0px;margin-top:0px;margin-left:0px;margin-right:0px;padding:0px;padding-bottom:0px;padding-top:0px;padding-left:0px;padding-right:0px;box-sizing:border-box\"><span style=\"font-size:20px\">Bafang, yksi johtavista s\u00e4hk\u00f6isen liikkuvuuden komponenttien ja t\u00e4ydellisten s\u00e4hk\u00f6k\u00e4ytt\u00f6isten j\u00e4rjestelmien valmistajista, on kehitt\u00e4nyt ratkaisuja s\u00e4hk\u00f6ajoneuvoille vuodesta 2003 l\u00e4htien. Yritys keskittyy kaikkiin tulevaisuuden globaaleihin s\u00e4hk\u00f6isen liikkuvuuden trendeihin: olipa kyse sitten yksitt\u00e4isist\u00e4 s\u00e4hk\u00f6py\u00f6rist\u00e4, s\u00e4hk\u00f6potkulaudoista tai julkisista py\u00f6r\u00e4njakoj\u00e4rjestelmist\u00e4. P\u00e4\u00e4konttori, kehitys- ja tuotantokeskus sijaitsee Suzhoussa, l\u00e4hell\u00e4 Shanghaita. Bafangilla on myynti- ja huoltokeskuksia Alankomaissa, Yhdysvalloissa, Saksassa, Ranskassa, Italiassa, Tanskassa ja Taiwanissa, Kiinassa. \u00c4skett\u00e4in avattu tehdas Puolassa keskittyy keskimoottorij\u00e4rjestelmien tuotantoon Euroopan markkinoille.<\/span><\/p>\n<div style=\"margin:0px;margin-bottom:0px;margin-top:0px;margin-left:0px;margin-right:0px;padding:0px;padding-bottom:0px;padding-top:0px;padding-left:0px;padding-right:0px;box-sizing:content-box\"><span style=\"font-size:20px\"><br \/><\/span><\/div>\n<p style=\"line-height:inherit;margin:0px;margin-bottom:0px;margin-top:0px;margin-left:0px;margin-right:0px;padding:0px;padding-bottom:0px;padding-top:0px;padding-left:0px;padding-right:0px;box-sizing:border-box\"><span style=\"font-size:20px\">Greenergy, BAFANGin virallinen valtuutettu j\u00e4lleenmyyj\u00e4 Aliexpressiss\u00e4, on BAFANGin keskivetoisiin s\u00e4hk\u00f6py\u00f6riin erikoistunut ammattimainen kauppa, joka on tehnyt yhteisty\u00f6t\u00e4 BAFANGin kanssa jo vuosia. Greenergy on omistautunut tarjoamaan asiakkailleen korkealaatuisia tuotteita.<\/span><\/p>\n<div style=\"margin:0px;margin-bottom:0px;margin-top:0px;margin-left:0px;margin-right:0px;padding:0px;padding-bottom:0px;padding-top:0px;padding-left:0px;padding-right:0px;box-sizing:content-box\"><\/div>\n<p style=\"line-height:inherit;margin:0px;margin-bottom:0px;margin-top:0px;margin-left:0px;margin-right:0px;padding:0px;padding-bottom:0px;padding-top:0px;padding-left:0px;padding-right:0px;box-sizing:border-box\"><img decoding=\"async\" style=\"border:0px;margin:0px;margin-bottom:0px;margin-top:0px;margin-left:0px;margin-right:0px;padding:0px;padding-bottom:0px;padding-top:0px;padding-left:0px;padding-right:0px;max-width:100%;box-sizing:border-box\" src=\"https:\/\/ae01.alicdn.com\/kf\/Sfa9d585f695f475ba7d17a76979a19ddQ.jpg\" slate-data-type=\"image\"\/><\/p>\n<div style=\"margin:0px;margin-bottom:0px;margin-top:0px;margin-left:0px;margin-right:0px;padding:0px;padding-bottom:0px;padding-top:0px;padding-left:0px;padding-right:0px;box-sizing:content-box\"><\/div>\n<p style=\"line-height:inherit;margin:0px;margin-bottom:0px;margin-top:0px;margin-left:0px;margin-right:0px;padding:0px;padding-bottom:0px;padding-top:0px;padding-left:0px;padding-right:0px;box-sizing:border-box\"><img decoding=\"async\" style=\"border:0px;margin:0px;margin-bottom:0px;margin-top:0px;margin-left:0px;margin-right:0px;padding:0px;padding-bottom:0px;padding-top:0px;padding-left:0px;padding-right:0px;max-width:100%;box-sizing:border-box\" src=\"https:\/\/ae01.alicdn.com\/kf\/S9737d158e3194c9c9093cd1720bbdfc0V.jpg\" slate-data-type=\"image\"\/><\/p>\n<p style=\"line-height:inherit;margin:0px;margin-bottom:0px;margin-top:0px;margin-left:0px;margin-right:0px;padding:0px;padding-bottom:0px;padding-top:0px;padding-left:0px;padding-right:0px;box-sizing:border-box\"><\/p>\n<div style=\"margin:0px;margin-bottom:0px;margin-top:0px;margin-left:0px;margin-right:0px;padding:0px;padding-bottom:0px;padding-top:0px;padding-left:0px;padding-right:0px;box-sizing:content-box\">\n<div style=\"margin:0px;margin-bottom:0px;margin-top:0px;margin-left:0px;margin-right:0px;padding:0px;padding-bottom:0px;padding-top:0px;padding-left:0px;padding-right:0px;box-sizing:content-box\">\n<div style=\"margin:0px;margin-bottom:0px;margin-top:0px;margin-left:0px;margin-right:0px;padding:0px;padding-bottom:0px;padding-top:0px;padding-left:0px;padding-right:0px;box-sizing:content-box\">\n<div style=\"margin:0px;margin-bottom:0px;margin-top:0px;margin-left:0px;margin-right:0px;padding:0px;padding-bottom:0px;padding-top:0px;padding-left:0px;padding-right:0px;box-sizing:content-box\">\n<div style=\"margin:0px;margin-bottom:0px;margin-top:0px;margin-left:0px;margin-right:0px;padding:0px;padding-bottom:0px;padding-top:0px;padding-left:0px;padding-right:0px;box-sizing:content-box\">\n<div style=\"margin:0px;margin-bottom:0px;margin-top:0px;margin-left:0px;margin-right:0px;padding:0px;padding-bottom:0px;padding-top:0px;padding-left:0px;padding-right:0px;box-sizing:content-box\">\n<div style=\"margin:0px;margin-bottom:0px;margin-top:0px;margin-left:0px;margin-right:0px;padding:0px;padding-bottom:0px;padding-top:0px;padding-left:0px;padding-right:0px;box-sizing:content-box\">\n<div style=\"margin:0px;margin-bottom:0px;margin-top:0px;margin-left:0px;margin-right:0px;padding:0px;padding-bottom:0px;padding-top:0px;padding-left:0px;padding-right:0px;box-sizing:content-box\">\n<div style=\"margin:0px;margin-bottom:0px;margin-top:0px;margin-left:0px;margin-right:0px;padding:0px;padding-bottom:0px;padding-top:0px;padding-left:0px;padding-right:0px;box-sizing:content-box\">\n<div style=\"margin:0px;margin-bottom:0px;margin-top:0px;margin-left:0px;margin-right:0px;padding:0px;padding-bottom:0px;padding-top:0px;padding-left:0px;padding-right:0px;box-sizing:content-box\">\n<div style=\"margin:0px;margin-bottom:0px;margin-top:0px;margin-left:0px;margin-right:0px;padding:0px;padding-bottom:0px;padding-top:0px;padding-left:0px;padding-right:0px;box-sizing:content-box\"><\/div>\n<p style=\"line-height:inherit;margin:0px;margin-bottom:0px;margin-top:0px;margin-left:0px;margin-right:0px;padding:0px;padding-bottom:0px;padding-top:0px;padding-left:0px;padding-right:0px;box-sizing:border-box\"><span style=\"color:rgb(251, 158, 0);font-size:48px\"><strong>MAAILMANLAAJUINEN \u00a0<\/strong><\/span><span style=\"font-size:48px\"><strong>VARASTO JA HUOLTO<\/strong><\/span><\/p>\n<div style=\"margin:0px;margin-bottom:0px;margin-top:0px;margin-left:0px;margin-right:0px;padding:0px;padding-bottom:0px;padding-top:0px;padding-left:0px;padding-right:0px;box-sizing:content-box\"><span style=\"font-size:22px\"><br \/>Meill\u00e4 on varasto tai korjauspiste Ranskassa\/Puolassa\/Saksassa\/Espanjassa\/Italiassa, joten voit odottaa saavasi pakettisi noin 2\u20137 p\u00e4iv\u00e4ss\u00e4. KAIKILLA tuotteilla on vuoden takuu ja 24 tunnin asiakaspalvelu. Meill\u00e4 on ammattitaitoisia teknikkoja EU:ssa, jotka voivat auttaa sinua.<br \/>teknist\u00e4 tukea ja apua ongelmien ratkaisemiseen<\/span><\/div>\n<\/div>\n<\/div>\n<\/div>\n<\/div>\n<\/div>\n<\/div>\n<\/div>\n<\/div>\n<\/div>\n<\/div>\n<div style=\"margin:0px;margin-bottom:0px;margin-top:0px;margin-left:0px;margin-right:0px;padding:0px;padding-bottom:0px;padding-top:0px;padding-left:0px;padding-right:0px;box-sizing:content-box\"><\/div>\n<p style=\"line-height:inherit;margin:0px;margin-bottom:0px;margin-top:0px;margin-left:0px;margin-right:0px;padding:0px;padding-bottom:0px;padding-top:0px;padding-left:0px;padding-right:0px;box-sizing:border-box\"><img decoding=\"async\" style=\"border:0px;margin:0px;margin-bottom:0px;margin-top:0px;margin-left:0px;margin-right:0px;padding:0px;padding-bottom:0px;padding-top:0px;padding-left:0px;padding-right:0px;max-width:100%;box-sizing:border-box\" src=\"https:\/\/ae01.alicdn.com\/kf\/Sf1733e188e5c404f978d407a1a5241bbM.jpg\" slate-data-type=\"image\"\/><img decoding=\"async\" style=\"border:0px;margin:0px;margin-bottom:0px;margin-top:0px;margin-left:0px;margin-right:0px;padding:0px;padding-bottom:0px;padding-top:0px;padding-left:0px;padding-right:0px;max-width:100%;box-sizing:border-box\" src=\"https:\/\/ae01.alicdn.com\/kf\/S22820572228c4ca0b3209b857cb92ee9Q.jpg\" slate-data-type=\"image\"\/><\/p>\n<\/div>\n<p><\/p>\n<p><\/p>","protected":false},"excerpt":{"rendered":"<p>Type:&nbsp;Display Brand Name:&nbsp;varstrom Origin:&nbsp;Mainland China Model:&nbsp;EKD01. Function:&nbsp;can be connected to a smartphone. PAS:&nbsp;0-3\/0-5\/0-9 Screen size:&nbsp;2.4 inches Waterproof level:&nbsp;IP67 Connector type:&nbsp;M5 waterproof plug Voltage:&nbsp;12V\/32V\/48V\/60V Operating temperature:&nbsp;-20 \u00b0C to +70 \u00b0C USB<\/p>","protected":false},"featured_media":9984,"comment_status":"open","ping_status":"closed","template":"","meta":{"_acf_changed":false},"product_brand":[],"product_cat":[534],"product_tag":[],"class_list":{"0":"post-21493","1":"product","2":"type-product","3":"status-publish","4":"has-post-thumbnail","6":"product_cat-rear-rack-e-bike-batteries","8":"first","9":"instock","10":"shipping-taxable","11":"purchasable","12":"product-type-variable"},"acf":[],"_links":{"self":[{"href":"https:\/\/www.electricstore.eu\/fi\/wp-json\/wp\/v2\/product\/21493","targetHints":{"allow":["GET"]}}],"collection":[{"href":"https:\/\/www.electricstore.eu\/fi\/wp-json\/wp\/v2\/product"}],"about":[{"href":"https:\/\/www.electricstore.eu\/fi\/wp-json\/wp\/v2\/types\/product"}],"replies":[{"embeddable":true,"href":"https:\/\/www.electricstore.eu\/fi\/wp-json\/wp\/v2\/comments?post=21493"}],"wp:featuredmedia":[{"embeddable":true,"href":"https:\/\/www.electricstore.eu\/fi\/wp-json\/wp\/v2\/media\/9984"}],"wp:attachment":[{"href":"https:\/\/www.electricstore.eu\/fi\/wp-json\/wp\/v2\/media?parent=21493"}],"wp:term":[{"taxonomy":"product_brand","embeddable":true,"href":"https:\/\/www.electricstore.eu\/fi\/wp-json\/wp\/v2\/product_brand?post=21493"},{"taxonomy":"product_cat","embeddable":true,"href":"https:\/\/www.electricstore.eu\/fi\/wp-json\/wp\/v2\/product_cat?post=21493"},{"taxonomy":"product_tag","embeddable":true,"href":"https:\/\/www.electricstore.eu\/fi\/wp-json\/wp\/v2\/product_tag?post=21493"}],"curies":[{"name":"wp","href":"https:\/\/api.w.org\/{rel}","templated":true}]}}