{"id":2844,"date":"2016-03-24T12:57:35","date_gmt":"2016-03-24T12:57:35","guid":{"rendered":"https:\/\/electro.madrasthemes.com\/?page_id=2844"},"modified":"2016-03-24T12:57:35","modified_gmt":"2016-03-24T12:57:35","slug":"store-directory","status":"publish","type":"page","link":"https:\/\/www.electricstore.eu\/fi\/store-directory\/","title":{"rendered":"Store Directory"},"content":{"rendered":"<div class=\"electro-store-directory clearfix\">\n\t\t\t<hr class=\"no-margin\">\n\t\t\t<div class=\"widget woocommerce widget_product_categories\"><h2 class=\"widgettitle\">Osastot<\/h2><ul class=\"product-categories\"><li class=\"cat-item cat-item-525 cat-parent\"><a href=\"https:\/\/www.electricstore.eu\/fi\/c\/a\/\">Asusteet<\/a><ul class='children'>\n<li class=\"cat-item cat-item-526\"><a href=\"https:\/\/www.electricstore.eu\/fi\/c\/a\/helmets\/\">Kyp\u00e4r\u00e4t<\/a><\/li>\n<\/ul>\n<\/li>\n<li class=\"cat-item cat-item-233 cat-parent\"><a href=\"https:\/\/www.electricstore.eu\/fi\/c\/batteries\/\">Akut ja lataus<\/a><ul class='children'>\n<li class=\"cat-item cat-item-514\"><a href=\"https:\/\/www.electricstore.eu\/fi\/c\/batteries\/battery-cells\/\">Battery Cells<\/a><\/li>\n<li class=\"cat-item cat-item-516\"><a href=\"https:\/\/www.electricstore.eu\/fi\/c\/batteries\/battery-chargers\/\">Battery Chargers<\/a><\/li>\n<li class=\"cat-item cat-item-531\"><a href=\"https:\/\/www.electricstore.eu\/fi\/c\/batteries\/foldable-solar-panels\/\">Taittuvat aurinkopaneelit<\/a><\/li>\n<li class=\"cat-item cat-item-527\"><a href=\"https:\/\/www.electricstore.eu\/fi\/c\/batteries\/jump-starter-compressor-power-banks\/\">Apuk\u00e4ynnistys-\/kompressorivirtal\u00e4hteet<\/a><\/li>\n<li class=\"cat-item cat-item-234 cat-parent\"><a href=\"https:\/\/www.electricstore.eu\/fi\/c\/batteries\/lifepo4-batteries\/\">LiFePO4-akut<\/a>\t<ul class='children'>\n<li class=\"cat-item cat-item-236\"><a href=\"https:\/\/www.electricstore.eu\/fi\/c\/batteries\/lifepo4-batteries\/100ah\/\">-100Ah LiFePO4-akut<\/a><\/li>\n<li class=\"cat-item cat-item-237\"><a href=\"https:\/\/www.electricstore.eu\/fi\/c\/batteries\/lifepo4-batteries\/100-200ah-lifepo4-batteries\/\">100\u2013200 Ah LiFePO4-akut<\/a><\/li>\n<li class=\"cat-item cat-item-238\"><a href=\"https:\/\/www.electricstore.eu\/fi\/c\/batteries\/lifepo4-batteries\/200ah-lifepo4-batteries\/\">200+ Ah LiFePO4-akut<\/a><\/li>\n<li class=\"cat-item cat-item-235\"><a href=\"https:\/\/www.electricstore.eu\/fi\/c\/batteries\/lifepo4-batteries\/lifepo4-battery-cells\/\">LiFePO4-akkukennot<\/a><\/li>\n\t<\/ul>\n<\/li>\n<li class=\"cat-item cat-item-515\"><a href=\"https:\/\/www.electricstore.eu\/fi\/c\/batteries\/portable-power-stations\/\">Kannettavat voimalaitokset<\/a><\/li>\n<\/ul>\n<\/li>\n<li class=\"cat-item cat-item-230 cat-parent\"><a href=\"https:\/\/www.electricstore.eu\/fi\/c\/bikes\/\">S\u00e4hk\u00f6py\u00f6r\u00e4t<\/a><ul class='children'>\n<li class=\"cat-item cat-item-312\"><a href=\"https:\/\/www.electricstore.eu\/fi\/c\/bikes\/electric-children-bikes\/\">S\u00e4hk\u00f6iset lasten polkupy\u00f6r\u00e4t<\/a><\/li>\n<li class=\"cat-item cat-item-298\"><a href=\"https:\/\/www.electricstore.eu\/fi\/c\/bikes\/electric-city-bikes\/\">S\u00e4hk\u00f6iset kaupunkipy\u00f6r\u00e4t<\/a><\/li>\n<li class=\"cat-item cat-item-300\"><a href=\"https:\/\/www.electricstore.eu\/fi\/c\/bikes\/electric-fat-bikes\/\">S\u00e4hk\u00f6k\u00e4ytt\u00f6iset fat bike:t<\/a><\/li>\n<li class=\"cat-item cat-item-296\"><a href=\"https:\/\/www.electricstore.eu\/fi\/c\/bikes\/folding-bikes\/\">S\u00e4hk\u00f6iset taittuvat polkupy\u00f6r\u00e4t<\/a><\/li>\n<li class=\"cat-item cat-item-299\"><a href=\"https:\/\/www.electricstore.eu\/fi\/c\/bikes\/electric-mountain-bikes\/\">S\u00e4hk\u00f6maastopy\u00f6r\u00e4t<\/a><\/li>\n<li class=\"cat-item cat-item-470\"><a href=\"https:\/\/www.electricstore.eu\/fi\/c\/bikes\/electric-pedal-motorcycle\/\">S\u00e4hk\u00f6inen poljinmoottoripy\u00f6r\u00e4<\/a><\/li>\n<\/ul>\n<\/li>\n<li class=\"cat-item cat-item-301\"><a href=\"https:\/\/www.electricstore.eu\/fi\/c\/electric-mobility-scooters\/\">S\u00e4hk\u00f6k\u00e4ytt\u00f6iset skootterit<\/a><\/li>\n<li class=\"cat-item cat-item-232 cat-parent\"><a href=\"https:\/\/www.electricstore.eu\/fi\/c\/motorbikes\/\">S\u00e4hk\u00f6moottoripy\u00f6r\u00e4t<\/a><ul class='children'>\n<li class=\"cat-item cat-item-313\"><a href=\"https:\/\/www.electricstore.eu\/fi\/c\/motorbikes\/electric-children-motorbikes\/\">S\u00e4hk\u00f6k\u00e4ytt\u00f6iset lasten moottoripy\u00f6r\u00e4t<\/a><\/li>\n<li class=\"cat-item cat-item-231\"><a href=\"https:\/\/www.electricstore.eu\/fi\/c\/motorbikes\/electric-dirt-bikes\/\">S\u00e4hk\u00f6iset motocross-py\u00f6r\u00e4t<\/a><\/li>\n<li class=\"cat-item cat-item-311\"><a href=\"https:\/\/www.electricstore.eu\/fi\/c\/motorbikes\/electric-minibikes\/\">S\u00e4hk\u00f6k\u00e4ytt\u00f6iset minipy\u00f6r\u00e4t<\/a><\/li>\n<\/ul>\n<\/li>\n<li class=\"cat-item cat-item-239 cat-parent\"><a href=\"https:\/\/www.electricstore.eu\/fi\/c\/p\/\">S\u00e4hk\u00f6osat<\/a><ul class='children'>\n<li class=\"cat-item cat-item-532\"><a href=\"https:\/\/www.electricstore.eu\/fi\/c\/p\/displays\/\">E-bike Screens and Displays<\/a><\/li>\n<li class=\"cat-item cat-item-529 cat-parent\"><a href=\"https:\/\/www.electricstore.eu\/fi\/c\/p\/ebike-batteries\/\">S\u00e4hk\u00f6py\u00f6r\u00e4n akut<\/a>\t<ul class='children'>\n<li class=\"cat-item cat-item-533\"><a href=\"https:\/\/www.electricstore.eu\/fi\/c\/p\/ebike-batteries\/downtube-e-bike-batteries\/\">Alaputken s\u00e4hk\u00f6py\u00f6r\u00e4n akut<\/a><\/li>\n<li class=\"cat-item cat-item-534\"><a href=\"https:\/\/www.electricstore.eu\/fi\/c\/p\/ebike-batteries\/rear-rack-e-bike-batteries\/\">Takatelineen s\u00e4hk\u00f6py\u00f6r\u00e4n akut<\/a><\/li>\n\t<\/ul>\n<\/li>\n<li class=\"cat-item cat-item-242 cat-parent\"><a href=\"https:\/\/www.electricstore.eu\/fi\/c\/p\/kits\/\">S\u00e4hk\u00f6muunnospakkaukset<\/a>\t<ul class='children'>\n<li class=\"cat-item cat-item-539\"><a href=\"https:\/\/www.electricstore.eu\/fi\/c\/p\/kits\/1000w-electric-bike-conversion-kit\/\">1000W Electric Bike Conversion Kit<\/a><\/li>\n<li class=\"cat-item cat-item-535\"><a href=\"https:\/\/www.electricstore.eu\/fi\/c\/p\/kits\/250w-electric-bike-conversion-kit\/\">250W Electric Bike Conversion Kit<\/a><\/li>\n<li class=\"cat-item cat-item-536\"><a href=\"https:\/\/www.electricstore.eu\/fi\/c\/p\/kits\/350w-electric-bike-conversion-kit\/\">350W Electric Bike Conversion Kit<\/a><\/li>\n<li class=\"cat-item cat-item-537\"><a href=\"https:\/\/www.electricstore.eu\/fi\/c\/p\/kits\/500w-electric-bike-conversion-kit\/\">500W Electric Bike Conversion Kit<\/a><\/li>\n<li class=\"cat-item cat-item-538\"><a href=\"https:\/\/www.electricstore.eu\/fi\/c\/p\/kits\/750w-electric-bike-conversion-kit\/\">750W Electric Bike Conversion Kit<\/a><\/li>\n<li class=\"cat-item cat-item-528\"><a href=\"https:\/\/www.electricstore.eu\/fi\/c\/p\/kits\/electric-hub-motor-kits\/\">S\u00e4hk\u00f6k\u00e4ytt\u00f6isten napamoottorien sarjat<\/a><\/li>\n<li class=\"cat-item cat-item-530\"><a href=\"https:\/\/www.electricstore.eu\/fi\/c\/p\/kits\/electric-mid-drive-motor-kits\/\">S\u00e4hk\u00f6iset keskivetomoottorisarjat<\/a><\/li>\n\t<\/ul>\n<\/li>\n<li class=\"cat-item cat-item-241\"><a href=\"https:\/\/www.electricstore.eu\/fi\/c\/p\/motors\/\">S\u00e4hk\u00f6moottorit<\/a><\/li>\n<li class=\"cat-item cat-item-524\"><a href=\"https:\/\/www.electricstore.eu\/fi\/c\/p\/wheels\/\">Py\u00f6r\u00e4t<\/a><\/li>\n<\/ul>\n<\/li>\n<li class=\"cat-item cat-item-518 cat-parent\"><a href=\"https:\/\/www.electricstore.eu\/fi\/c\/rc\/\">S\u00e4hk\u00f6iset RC-lelut<\/a><ul class='children'>\n<li class=\"cat-item cat-item-520\"><a href=\"https:\/\/www.electricstore.eu\/fi\/c\/rc\/rc-boats\/\">RC Boats<\/a><\/li>\n<li class=\"cat-item cat-item-519\"><a href=\"https:\/\/www.electricstore.eu\/fi\/c\/rc\/rc-cars\/\">Radio-ohjattavat autot<\/a><\/li>\n<li class=\"cat-item cat-item-521\"><a href=\"https:\/\/www.electricstore.eu\/fi\/c\/rc\/rc-flying\/\">RC Flying<\/a><\/li>\n<\/ul>\n<\/li>\n<li class=\"cat-item cat-item-297 cat-parent\"><a href=\"https:\/\/www.electricstore.eu\/fi\/c\/scooters\/\">S\u00e4hk\u00f6potkulaudat<\/a><ul class='children'>\n<li class=\"cat-item cat-item-302\"><a href=\"https:\/\/www.electricstore.eu\/fi\/c\/scooters\/electric-children-scooters\/\">S\u00e4hk\u00f6iset lasten skootterit<\/a><\/li>\n<li class=\"cat-item cat-item-469\"><a href=\"https:\/\/www.electricstore.eu\/fi\/c\/scooters\/electric-city-scooters\/\">S\u00e4hk\u00f6k\u00e4ytt\u00f6iset kaupunkiskootterit<\/a><\/li>\n<li class=\"cat-item cat-item-468\"><a href=\"https:\/\/www.electricstore.eu\/fi\/c\/scooters\/electric-off-road-scooter\/\">S\u00e4hk\u00f6inen maastoskootteri<\/a><\/li>\n<li class=\"cat-item cat-item-471\"><a href=\"https:\/\/www.electricstore.eu\/fi\/c\/scooters\/electric-scooters-with-seat\/\">S\u00e4hk\u00f6potkulaudat istuimella<\/a><\/li>\n<\/ul>\n<\/li>\n<li class=\"cat-item cat-item-15 cat-parent\"><a href=\"https:\/\/www.electricstore.eu\/fi\/c\/o\/\">Muut tuotteet<\/a><ul class='children'>\n<li class=\"cat-item cat-item-523\"><a href=\"https:\/\/www.electricstore.eu\/fi\/c\/o\/bike-trailers-and-wagons\/\">Polkupy\u00f6r\u00e4n per\u00e4k\u00e4rryt ja vaunut<\/a><\/li>\n<li class=\"cat-item cat-item-517\"><a href=\"https:\/\/www.electricstore.eu\/fi\/c\/o\/electric-lifting-hoists\/\">S\u00e4hk\u00f6k\u00e4ytt\u00f6iset nostolaitteet<\/a><\/li>\n<li class=\"cat-item cat-item-522\"><a href=\"https:\/\/www.electricstore.eu\/fi\/c\/o\/electric-winches\/\">S\u00e4hk\u00f6vinssit<\/a><\/li>\n<\/ul>\n<\/li>\n<\/ul><\/div>\t\t<\/div>","protected":false},"excerpt":{"rendered":"OsastotAccessories Helmets Batteries &amp; Charging Battery Cells Battery Chargers Foldable Solar Panels Jump Starter\/Compressor Power Banks LiFePO4 Batteries -100Ah LiFePO4 batteries 100-200Ah LiFePO4 batteries 200+Ah LiFePO4 batteries LiFePO4 battery cells","protected":false},"author":1,"featured_media":0,"parent":0,"menu_order":0,"comment_status":"closed","ping_status":"closed","template":"","meta":{"_acf_changed":false,"footnotes":""},"class_list":["post-2844","page","type-page","status-publish","hentry"],"acf":[],"_links":{"self":[{"href":"https:\/\/www.electricstore.eu\/fi\/wp-json\/wp\/v2\/pages\/2844","targetHints":{"allow":["GET"]}}],"collection":[{"href":"https:\/\/www.electricstore.eu\/fi\/wp-json\/wp\/v2\/pages"}],"about":[{"href":"https:\/\/www.electricstore.eu\/fi\/wp-json\/wp\/v2\/types\/page"}],"author":[{"embeddable":true,"href":"https:\/\/www.electricstore.eu\/fi\/wp-json\/wp\/v2\/users\/1"}],"replies":[{"embeddable":true,"href":"https:\/\/www.electricstore.eu\/fi\/wp-json\/wp\/v2\/comments?post=2844"}],"version-history":[{"count":0,"href":"https:\/\/www.electricstore.eu\/fi\/wp-json\/wp\/v2\/pages\/2844\/revisions"}],"wp:attachment":[{"href":"https:\/\/www.electricstore.eu\/fi\/wp-json\/wp\/v2\/media?parent=2844"}],"curies":[{"name":"wp","href":"https:\/\/api.w.org\/{rel}","templated":true}]}}