{"id":2183,"date":"2016-02-28T08:28:22","date_gmt":"2016-02-28T08:28:22","guid":{"rendered":"https:\/\/electro.madrasthemes.com\/?page_id=2183"},"modified":"2016-02-28T08:28:22","modified_gmt":"2016-02-28T08:28:22","slug":"terms-and-conditions","status":"publish","type":"page","link":"https:\/\/www.electricstore.eu\/fi\/terms-and-conditions\/","title":{"rendered":"Terms and Conditions"},"content":{"rendered":"<section class=\"section inner-bottom-xs\">\n<h2>Immateriaalioikeudet<\/h2>\n<ol>\n<li>Lorem ipsum dolor sit amet, consectetur adipiscing elit. Etiam quis diam erat. Duis velit lectus, posuere a blandit sit amet, tempor at lorem. Donec ultricies, lorem sed ultrices interdum.<\/li>\n<li>Leo metus luctus sem, vel vulputate diam ipsum sed lorem. Donec tempor arcu nisl, et molestie massa scelerisque ut. Nunc at rutrum leo. Mauris metus mauris, tristique quis sapien eu, rutrum vulputate enim.<\/li>\n<li>Mauris tempus erat laoreet turpis lobortis, eu tincidunt erat fermentum.<\/li>\n<li>Aliquam non tincidunt urna. Integer tincidunt muualle luokittelematon nisl vitae ullamcorper. Proin sed ultrices erat. Praesent varius ultrices massa ja faucibus.<\/li>\n<li>Aenean dignissim, orci sed faucibus pharetra, dui mi dignissim tortor, sit amet condimentum mi ligula sit amet augue.<\/li>\n<li>Pellentesque vitae eros eget enim mollis placerat.<\/li>\n<\/ol>\n<\/section>\n<section class=\"section inner-bottom-xs\">\n<h2>Irtisanominen<\/h2>\n<ol>\n<li>Lorem ipsum dolor sit amet, consectetur adipiscing elit. Etiam quis diam erat. Duis velit lectus, posuere a blandit sit amet, tempor at lorem. Donec ultricies, lorem sed ultrices interdum.<\/li>\n<li>Leo metus luctus sem, vel vulputate diam ipsum sed lorem. Donec tempor arcu nisl, et molestie massa scelerisque ut. Nunc at rutrum leo. Mauris metus mauris, tristique quis sapien eu, rutrum vulputate enim.<\/li>\n<li>Mauris tempus erat laoreet turpis lobortis, eu tincidunt erat fermentum.<\/li>\n<li>Aliquam non tincidunt urna. Integer tincidunt muualle luokittelematon nisl vitae ullamcorper. Proin sed ultrices erat. Praesent varius ultrices massa ja faucibus.<\/li>\n<li>Aenean dignissim, orci sed faucibus pharetra, dui mi dignissim tortor, sit amet condimentum mi ligula sit amet augue.<\/li>\n<li>Pellentesque vitae eros eget enim mollis placerat.<\/li>\n<\/ol>\n<\/section>\n<section class=\"section inner-bottom-xs\">\n<h2>Muutokset t\u00e4h\u00e4n sopimukseen<\/h2>\n<p>Pid\u00e4t\u00e4mme oikeuden oman harkintamme mukaan muuttaa tai korvata n\u00e4it\u00e4 k\u00e4ytt\u00f6ehtoja julkaisemalla p\u00e4ivitetyt ehdot Sivustolla. Jatkamalla sivuston k\u00e4ytt\u00f6\u00e4 t\u00e4llaisten muutosten j\u00e4lkeen hyv\u00e4ksyt uudet k\u00e4ytt\u00f6ehdot.<\/p>\n<\/section>\n<section class=\"section intellectual-property\">\n<h2>Ota yhteytt\u00e4<\/h2>\n<p>Jos sinulla on kysytt\u00e4v\u00e4\u00e4 t\u00e4st\u00e4 sopimuksesta, ota meihin yhteytt\u00e4 t\u00e4ytt\u00e4m\u00e4ll\u00e4 t\u00e4m\u00e4 <a href=\"#\"><strong>yhteydenottolomake<\/strong><\/a><\/p>\n<\/section>","protected":false},"excerpt":{"rendered":"<p>Intellectual Propertly Lorem ipsum dolor sit amet, consectetur adipiscing elit. Etiam quis diam erat. Duis velit lectus, posuere a blandit sit amet, tempor at lorem. Donec ultricies, lorem sed ultrices<\/p>","protected":false},"author":1,"featured_media":0,"parent":0,"menu_order":0,"comment_status":"closed","ping_status":"closed","template":"","meta":{"_acf_changed":false,"footnotes":""},"class_list":["post-2183","page","type-page","status-publish","hentry"],"acf":[],"_links":{"self":[{"href":"https:\/\/www.electricstore.eu\/fi\/wp-json\/wp\/v2\/pages\/2183","targetHints":{"allow":["GET"]}}],"collection":[{"href":"https:\/\/www.electricstore.eu\/fi\/wp-json\/wp\/v2\/pages"}],"about":[{"href":"https:\/\/www.electricstore.eu\/fi\/wp-json\/wp\/v2\/types\/page"}],"author":[{"embeddable":true,"href":"https:\/\/www.electricstore.eu\/fi\/wp-json\/wp\/v2\/users\/1"}],"replies":[{"embeddable":true,"href":"https:\/\/www.electricstore.eu\/fi\/wp-json\/wp\/v2\/comments?post=2183"}],"version-history":[{"count":0,"href":"https:\/\/www.electricstore.eu\/fi\/wp-json\/wp\/v2\/pages\/2183\/revisions"}],"wp:attachment":[{"href":"https:\/\/www.electricstore.eu\/fi\/wp-json\/wp\/v2\/media?parent=2183"}],"curies":[{"name":"wp","href":"https:\/\/api.w.org\/{rel}","templated":true}]}}