{"id":9133,"date":"2025-05-20T17:45:12","date_gmt":"2025-05-20T17:45:12","guid":{"rendered":"https:\/\/electricstore.eu\/p\/uncategorized\/daranener-neo1500pro-portable-power-station-1382wh-lifepo4-solar-generator-1800w-ac-output-charge-to-80-in-1-hour-14-ports\/"},"modified":"2025-05-20T17:45:26","modified_gmt":"2025-05-20T17:45:26","slug":"daranener-neo1500pro-portable-power-station-1382wh-lifepo4-solar-generator-1800w-ac-output-charge-to-80-in-1-hour-14-ports","status":"publish","type":"product","link":"https:\/\/www.electricstore.eu\/et\/p\/batteries\/portable-power-stations\/daranener-neo1500pro-portable-power-station-1382wh-lifepo4-solar-generator-1800w-ac-output-charge-to-80-in-1-hour-14-ports\/","title":{"rendered":"DaranEner NEO1500Pro kaasaskantav elektrijaam, 1382 Wh LiFePO4 p\u00e4ikesegeneraator, 1800 W vahelduvvoolu v\u00e4ljund, laadimine 80%-ni 1 tunniga, 14 porti"},"content":{"rendered":"<div class=\"product-specs-list-container\">\n<ul class=\"product-specs-list util-clearfix\">\n<li class=\"product-prop line-limit-length\"><span\n                                        class=\"property-title\">Ekraani kuvamine:&nbsp;<\/span><span\n                                        class=\"property-desc line-limit-length\">Jah<\/span>\n                            <\/li>\n<li class=\"product-prop line-limit-length\"><span\n                                        class=\"property-title\">Nimimaht:&nbsp;<\/span><span\n                                        class=\"property-desc line-limit-length\">&gt;3500mAh<\/span>\n                            <\/li>\n<li class=\"product-prop line-limit-length\"><span\n                                        class=\"property-title\">Mudelinumber:&nbsp;<\/span><span\n                                        class=\"property-desc line-limit-length\">NEO1500Pro<\/span>\n                            <\/li>\n<li class=\"product-prop line-limit-length\"><span\n                                        class=\"property-title\">T\u00fc\u00fcp:&nbsp;<\/span><span\n                                        class=\"property-desc line-limit-length\">LiFePO4<\/span>\n                            <\/li>\n<li class=\"product-prop line-limit-length\"><span\n                                        class=\"property-title\">Komplekti t\u00fc\u00fcp:&nbsp;<\/span><span\n                                        class=\"property-desc line-limit-length\">Laadija komplektid<\/span>\n                            <\/li>\n<li class=\"product-prop line-limit-length\"><span\n                                        class=\"property-title\">Mahutavus:&nbsp;<\/span><span\n                                        class=\"property-desc line-limit-length\">1382Wh<\/span>\n                            <\/li>\n<li class=\"product-prop line-limit-length\"><span\n                                        class=\"property-title\">Rakut\u00fc\u00fcp:&nbsp;<\/span><span\n                                        class=\"property-desc line-limit-length\">LiFePo4<\/span>\n                            <\/li>\n<li class=\"product-prop line-limit-length\"><span\n                                        class=\"property-title\">Ts\u00fckliajad:&nbsp;<\/span><span\n                                        class=\"property-desc line-limit-length\">3500+ ts\u00fcklit algse mahutavusega 80%-ni<\/span>\n                            <\/li>\n<li class=\"product-prop line-limit-length\"><span\n                                        class=\"property-title\">S\u00fcsteem:&nbsp;<\/span><span\n                                        class=\"property-desc line-limit-length\">MPPT kontroller, BMS jne.<\/span>\n                            <\/li>\n<li class=\"product-prop line-limit-length\"><span\n                                        class=\"property-title\">USB-A*4:&nbsp;<\/span><span\n                                        class=\"property-desc line-limit-length\">MAX 24W<\/span>\n                            <\/li>\n<li class=\"product-prop line-limit-length\"><span\n                                        class=\"property-title\">USB-C*2:&nbsp;<\/span><span\n                                        class=\"property-desc line-limit-length\">Maks. 100W<\/span>\n                            <\/li>\n<li class=\"product-prop line-limit-length\"><span\n                                        class=\"property-title\">Auto pistikupesa v\u00e4ljund:&nbsp;<\/span><span\n                                        class=\"property-desc line-limit-length\">Maks. 120 W (12 V \u00d7 8 A)<\/span>\n                            <\/li>\n<li class=\"product-prop line-limit-length\"><span\n                                        class=\"property-title\">Vahelduvvoolu v\u00e4ljund:&nbsp;<\/span><span\n                                        class=\"property-desc line-limit-length\">1800 W (maksimaalselt 3000 W) 230 V 50 Hz\/60 Hz<\/span>\n                            <\/li>\n<li class=\"product-prop line-limit-length\"><span\n                                        class=\"property-title\">LED-valgustus:&nbsp;<\/span><span\n                                        class=\"property-desc line-limit-length\">3W<\/span>\n                            <\/li>\n<li class=\"product-prop line-limit-length\"><span\n                                        class=\"property-title\">Vahelduvvoolu sisend:&nbsp;<\/span><span\n                                        class=\"property-desc line-limit-length\">Maks. 1300 W (230 V \/ 5,7 A)<\/span>\n                            <\/li>\n<li class=\"product-prop line-limit-length\"><span\n                                        class=\"property-title\">P\u00e4ikeseenergia laadimine:&nbsp;<\/span><span\n                                        class=\"property-desc line-limit-length\">Max. 600W (XT60 port 33-60V\/20A)<\/span>\n                            <\/li>\n<li class=\"product-prop line-limit-length\"><span\n                                        class=\"property-title\">T\u00f6\u00f6temperatuur:&nbsp;<\/span><span\n                                        class=\"property-desc line-limit-length\">-10\u201345 \u00b0C<\/span>\n                            <\/li>\n<\/ul><\/div>\n<div class=\"detailmodule_dynamic\"><kse:widget data-widget-type=\"customText\" id=\"1005000009406803\" type=\"relation\"><\/kse:widget><\/div>\n<div class=\"detailmodule_html\">\n<div class=\"detail-desc-decorate-richtext\">\n<p><\/p>\n<div style=\"background-color:rgb(240, 234, 255);margin:20px 0px 10px;margin-bottom:10px;margin-top:20px;margin-left:0px;margin-right:0px;width:100%;height:34px\"><span style=\"background-color:rgb(55, 139, 238);color:rgb(255, 255, 255);font-size:24px;font-family:Verdana, Arial\">T\u00e4hts\u00fcndmused<\/span><\/div>\n<div class=\"detailmodule_text\">\n<p style=\"font-family:&quot;Microsoft YaHei&quot;;letter-spacing:normal;text-align:start;white-space:normal;color:rgb(0, 0, 0)\" align=\"start\"><strong><span style=\"font-size:16px;font-family:arial, helvetica, sans-serif\">Kiire laadimiskiirus<\/span><\/strong><\/p>\n<p style=\"font-family:&quot;Microsoft YaHei&quot;;font-size:medium;font-weight:400;letter-spacing:normal;text-align:start;white-space:normal;color:rgb(0, 0, 0)\" align=\"start\"><span style=\"font-size:16px;font-family:arial, helvetica, sans-serif\">Kaasaskantav elektrijaam mudelitelt 0% kuni 80%, mille vahelduvvoolu laadimine v\u00f5tab vaid 1 tunni ja t\u00e4ielik laadimine k\u00f5igest 1,3 tunniga. Lisaks toetab see kuni 600 W p\u00e4ikeseenergia sisendit 33V-60V XT60 liidesega. See suudab v\u00f5rgust s\u00f5ltumatult p\u00e4ikeseenergia abil kiiresti laadida kuni 80% vaid 2 tunniga. Tagades kiire ja ligip\u00e4\u00e4setava toiteallika k\u00f5ikjal, kuhu l\u00e4hed.<\/span><\/p>\n<div><\/div>\n<p style=\"font-family:&quot;Microsoft YaHei&quot;;letter-spacing:normal;text-align:start;white-space:normal;color:rgb(0, 0, 0)\" align=\"start\"><strong><span style=\"font-size:16px;font-family:arial, helvetica, sans-serif\">Suure mahutavusega LiFePO4 aku<\/span><\/strong><\/p>\n<p style=\"font-family:&quot;Microsoft YaHei&quot;;font-size:medium;font-weight:400;letter-spacing:normal;text-align:start;white-space:normal;color:rgb(0, 0, 0)\" align=\"start\"><span style=\"font-size:16px;font-family:arial, helvetica, sans-serif\">See p\u00e4ikesegeneraator on varustatud 1382,4 Wh LiFePO4 akuga, mis on tuntud oma suurep\u00e4rase termilise ja keemilise stabiilsuse poolest ning suudab taluda \u00fcle 3500 laadimists\u00fckli, tagades aku eluea \u00fcle 10 aasta igap\u00e4evase kasutamise korral. Vastupidavuse ja ohutuse tagamiseks on kasutatud t\u00e4iustatud BMS-i ja V0-klassi tulekindlaid materjale.<\/span><\/p>\n<div><\/div>\n<p style=\"font-family:&quot;Microsoft YaHei&quot;;letter-spacing:normal;text-align:start;white-space:normal;color:rgb(0, 0, 0)\" align=\"start\"><strong><span style=\"font-size:16px;font-family:arial, helvetica, sans-serif\">Toites 14 seadet<\/span><\/strong><\/p>\n<p style=\"font-family:&quot;Microsoft YaHei&quot;;font-size:medium;font-weight:400;letter-spacing:normal;text-align:start;white-space:normal;color:rgb(0, 0, 0)\" align=\"start\"><span style=\"font-size:16px;font-family:arial, helvetica, sans-serif\">1800 W pideva v\u00f5imsuse ja 2600 W impulssv\u00f5imsusega saab see toitejaam hakkama 95% igap\u00e4evaste kodumasinatega. Varustatud 3 vahelduvvoolu pistikupesaga, 1 auto sigaretis\u00fc\u00fctaja pistikupesaga, 2 PD100W USB-C-pordiga, 4 USB-A-pordiga ja 4 12V DC5521-pordiga, suudab NEO1500 Pro toita laia valikut seadmeid, alates telefonidest, kaameratest ja s\u00fclearvutitest kuni elektriradiaatorite, k\u00fclmikute ja isegi kliimaseadmeteni.<\/span><\/p>\n<div><\/div>\n<p style=\"font-family:&quot;Microsoft YaHei&quot;;letter-spacing:normal;text-align:start;white-space:normal;color:rgb(0, 0, 0)\" align=\"start\"><strong><span style=\"font-size:16px;font-family:arial, helvetica, sans-serif\">\u00dclim h\u00e4daabikaaslane<\/span><\/strong><\/p>\n<p style=\"font-family:&quot;Microsoft YaHei&quot;;font-size:medium;font-weight:400;letter-spacing:normal;text-align:start;white-space:normal;color:rgb(0, 0, 0)\" align=\"start\"><span style=\"font-size:16px;font-family:arial, helvetica, sans-serif\">Toitejaamal on UPS-funktsioon \u226415 ms l\u00fclitusajaga, mis toimib usaldusv\u00e4\u00e4rse koduse varutoiteallikana. See kaitseb teie kriitilisi andmeid, akvaariumis\u00fcsteeme ja muid olulisi seadmeid elektrikatkestuste ajal. NEO1500 Pro s\u00fcgav unere\u017eiim minimeerib aku sisemise t\u00fchjenemise, tagades pikaks ajaks k\u00f5rge salvestatud energia taseme, muutes selle ideaalseks varutoiteallikaks igal ajal ja igal pool.<\/span><\/p>\n<\/div>\n<div style=\"background-color:rgb(240, 234, 255);margin:20px 0px 10px;margin-bottom:10px;margin-top:20px;margin-left:0px;margin-right:0px;width:100%;height:34px\"><span style=\"background-color:rgb(55, 139, 238);color:rgb(255, 255, 255);font-size:24px;font-family:Verdana, Arial\">Toote \u00fcksikasjad<\/span><\/div>\n<p><img decoding=\"async\" src=\"https:\/\/ae01.alicdn.com\/kf\/S6d4381a8839f4b92a796edbb468e6f904.jpg\" slate-data-type=\"image\"\/><img decoding=\"async\" src=\"https:\/\/ae01.alicdn.com\/kf\/S212a4fd57b3c494996a8c5b7656608a0h.jpg\" slate-data-type=\"image\"\/><img decoding=\"async\" src=\"https:\/\/ae01.alicdn.com\/kf\/S08b408f6779747f8ac198199acd591d3X.jpg\" slate-data-type=\"image\"\/><img decoding=\"async\" src=\"https:\/\/ae01.alicdn.com\/kf\/Sbc3f636544164409a080372f6cda2dd9L.jpg\" slate-data-type=\"image\"\/><img decoding=\"async\" src=\"https:\/\/ae01.alicdn.com\/kf\/S6c99e79f2b764bfdbf1cd8aeb6b1905dt.jpg\" slate-data-type=\"image\"\/><img decoding=\"async\" src=\"https:\/\/ae01.alicdn.com\/kf\/S2712e0230a0a43e1a728b136cc570e5dc.jpg\" slate-data-type=\"image\"\/><img decoding=\"async\" src=\"https:\/\/ae01.alicdn.com\/kf\/S97efa334eeb64f44a0260228f2bdd6bc7.jpg\" slate-data-type=\"image\"\/><img decoding=\"async\" src=\"https:\/\/ae01.alicdn.com\/kf\/S9d7363d509d345b7a2f50ffaa34ea27ff.jpg\" slate-data-type=\"image\"\/><img decoding=\"async\" src=\"https:\/\/ae01.alicdn.com\/kf\/Sdda8344a40874aa89e0da9482beacdf7t.jpg\" slate-data-type=\"image\"\/><img decoding=\"async\" src=\"https:\/\/ae01.alicdn.com\/kf\/S0fda479049bd452fb9524ce594519dfeq.jpg\" slate-data-type=\"image\"\/><img decoding=\"async\" src=\"https:\/\/ae01.alicdn.com\/kf\/S4326839354cb4441809004c97d4d7359G.jpg\" slate-data-type=\"image\"\/><img decoding=\"async\" src=\"https:\/\/ae01.alicdn.com\/kf\/S84d80288d6584f20823887efe5330c0az.jpg\" slate-data-type=\"image\"\/><img decoding=\"async\" src=\"https:\/\/ae01.alicdn.com\/kf\/S9b9caa440e5747059606da659787656ar.jpg\" slate-data-type=\"image\"\/><img decoding=\"async\" src=\"https:\/\/ae01.alicdn.com\/kf\/Sc26a815f968543799496de3a95130bf6V.jpg\" slate-data-type=\"image\"\/><\/p>\n<div style=\"background-color:rgb(240, 234, 255);margin:20px 0px 10px;margin-bottom:10px;margin-top:20px;margin-left:0px;margin-right:0px;width:100%;height:34px\"><span style=\"background-color:rgb(55, 139, 238);color:rgb(255, 255, 255);font-size:24px;font-family:Verdana, Arial\">Spetsifikatsioon<\/span><\/div>\n<div><\/div>\n<table style=\"border-collapse:collapse;font-family:&quot;Microsoft YaHei&quot;;width:1000px\" class=\"jbEidtTable\" border=\"1\" cellpadding=\"5\" cellspacing=\"0\">\n<tbody>\n<tr>\n<td style=\"text-align:left\" align=\"left\">\n<p><span style=\"font-size:16px;font-family:arial, helvetica, sans-serif\">\u00dcldine<\/span><\/p>\n<\/td>\n<td style=\"text-align:left\" align=\"left\">\n<p><span style=\"font-size:16px;font-family:arial, helvetica, sans-serif\">Kaubam\u00e4rk: DaranEner<br \/>T\u00fc\u00fcp: kaasaskantav elektrijaam<br \/>Mudel: NEO1500Pro\u00a0<br \/>V\u00e4rv: must<\/span><\/p>\n<\/td>\n<\/tr>\n<tr>\n<td style=\"text-align:left\" align=\"left\">\n<p><span style=\"font-size:16px;font-family:arial, helvetica, sans-serif\">Spetsifikatsioon<\/span><\/p>\n<\/td>\n<td style=\"text-align:left\" align=\"left\">\n<div><span style=\"font-size:16px;font-family:arial, helvetica, sans-serif\">Mahutavus: 1382 Wh<br \/>T\u00fc\u00fcp: LiFePO4<br \/>Eluts\u00fcklid: 3500+ ts\u00fcklit kuni 80% algse mahutavusega<br \/>Vastupidavus: laadige 80%-ni iga 3-6 kuu tagant<br \/>S\u00fcsteem: MPPT kontroller, BMS jne.<\/span><\/div>\n<p><span style=\"font-size:16px;font-family:arial, helvetica, sans-serif\">V\u00e4ljund<br \/>USB-A*4: MAX 24W<br \/>USB-C*2: Maks. 100W<br \/>Autopistikupesa v\u00e4ljund: max 120 W (12 V \u00d7 8 A)<br \/>Vahelduvvoolu v\u00e4ljund: 1800 W (max. 3000 W) 230 V 50 Hz\/60 Hz<br \/>LED-valgustus: 3W<\/span><\/p>\n<p><span style=\"font-size:16px;font-family:arial, helvetica, sans-serif\">Sisend:<br \/>Vahelduvvoolu sisend: max 1300 W (230 V \/ 5,7 A)<br \/>P\u00e4ikeseenergia laadimine: max 600 W (XT60 port 33\u201360 V\/20 A)<\/span><\/p>\n<p><span style=\"font-size:16px;font-family:arial, helvetica, sans-serif\">T\u00f6\u00f6temperatuur: -10\u201345 \u00b0C<\/span><\/p>\n<\/td>\n<\/tr>\n<tr>\n<td style=\"text-align:left\" align=\"left\">\n<p><span style=\"font-size:16px;font-family:arial, helvetica, sans-serif\">Kaal ja suurus<\/span><\/p>\n<\/td>\n<td style=\"text-align:left\" align=\"left\">\n<p><span style=\"font-size:16px;font-family:arial, helvetica, sans-serif\">Toote kaal: 18,66 kg<br \/>Paki kaal: 20,92 kg<br \/>Toote m\u00f5\u00f5dud (P x L x K): 44,0 * 23,5 * 29,5 cm<br \/>Paki suurus (P x L x K): 53,6 * 32,2 * 42,7 cm<\/span><\/p>\n<\/td>\n<\/tr>\n<tr>\n<td style=\"text-align:left\" align=\"left\">\n<p><span style=\"font-size:16px;font-family:arial, helvetica, sans-serif\">Pakendi sisu<\/span><\/p>\n<\/td>\n<td style=\"text-align:left\" align=\"left\">\n<p><span style=\"font-size:16px;font-family:arial, helvetica, sans-serif\">1 x kaasaskantav elektrijaam<br \/>1 x MC4 kuni XT60 p\u00e4ikeselaadimiskaabel<br \/>1 x vahelduvvoolu laadimiskaabel<br \/>1 x USB-C kaabel<br \/>1 x kasutusjuhend<\/span><\/p>\n<\/td>\n<\/tr>\n<\/tbody>\n<\/table>\n<div><\/div>\n<\/div>\n<\/div>\n<p><\/p>","protected":false},"excerpt":{"rendered":"<p>Display screen:&nbsp;Yes Nominal Capacity:&nbsp;&gt;3500mAh Model Number:&nbsp;NEO1500Pro Type:&nbsp;LiFePO4 Set Type:&nbsp;Charger Sets Capacity:&nbsp;1382Wh Cell Type:&nbsp;LiFePo4 Cycle Times:&nbsp;3500+ cycles to 80% of original capacity System:&nbsp;MPPT controller, BMS, etc. USB-A*4:&nbsp;MAX. 24W USB-C*2:&nbsp;Max.100W Car socket<\/p>","protected":false},"featured_media":9134,"comment_status":"open","ping_status":"closed","template":"","meta":{"_acf_changed":false},"product_brand":[],"product_cat":[515],"product_tag":[],"class_list":{"0":"post-9133","1":"product","2":"type-product","3":"status-publish","4":"has-post-thumbnail","6":"product_cat-portable-power-stations","8":"first","9":"instock","10":"shipping-taxable","11":"purchasable","12":"product-type-simple"},"acf":[],"_links":{"self":[{"href":"https:\/\/www.electricstore.eu\/et\/wp-json\/wp\/v2\/product\/9133","targetHints":{"allow":["GET"]}}],"collection":[{"href":"https:\/\/www.electricstore.eu\/et\/wp-json\/wp\/v2\/product"}],"about":[{"href":"https:\/\/www.electricstore.eu\/et\/wp-json\/wp\/v2\/types\/product"}],"replies":[{"embeddable":true,"href":"https:\/\/www.electricstore.eu\/et\/wp-json\/wp\/v2\/comments?post=9133"}],"wp:featuredmedia":[{"embeddable":true,"href":"https:\/\/www.electricstore.eu\/et\/wp-json\/wp\/v2\/media\/9134"}],"wp:attachment":[{"href":"https:\/\/www.electricstore.eu\/et\/wp-json\/wp\/v2\/media?parent=9133"}],"wp:term":[{"taxonomy":"product_brand","embeddable":true,"href":"https:\/\/www.electricstore.eu\/et\/wp-json\/wp\/v2\/product_brand?post=9133"},{"taxonomy":"product_cat","embeddable":true,"href":"https:\/\/www.electricstore.eu\/et\/wp-json\/wp\/v2\/product_cat?post=9133"},{"taxonomy":"product_tag","embeddable":true,"href":"https:\/\/www.electricstore.eu\/et\/wp-json\/wp\/v2\/product_tag?post=9133"}],"curies":[{"name":"wp","href":"https:\/\/api.w.org\/{rel}","templated":true}]}}