{"id":9123,"date":"2025-05-20T17:45:07","date_gmt":"2025-05-20T17:45:07","guid":{"rendered":"https:\/\/electricstore.eu\/p\/uncategorized\/oukitel-pv200-200w-solar-panel-foldable-with-kickstand-ip65-waterproof-21-7-solar-conversion-efficiency-monocrystalline-silicon\/"},"modified":"2025-05-20T17:45:07","modified_gmt":"2025-05-20T17:45:07","slug":"oukitel-pv200-200w-solar-panel-foldable-with-kickstand-ip65-waterproof-21-7-solar-conversion-efficiency-monocrystalline-silicon","status":"publish","type":"product","link":"https:\/\/www.electricstore.eu\/et\/p\/batteries\/foldable-solar-panels\/oukitel-pv200-200w-solar-panel-foldable-with-kickstand-ip65-waterproof-21-7-solar-conversion-efficiency-monocrystalline-silicon\/","title":{"rendered":"OUKITEL PV200 200W p\u00e4ikesepaneel, kokkupandav, tugijalaga, IP65 veekindel, 21.7%, p\u00e4ikeseenergia muundamise efektiivsusega, monokristalliline r\u00e4ni"},"content":{"rendered":"<div class=\"product-specs-list-container\">\n<ul class=\"product-specs-list util-clearfix\">\n<li class=\"product-prop line-limit-length\"><span\n                                        class=\"property-title\">Br\u00e4ndi nimi:&nbsp;<\/span><span\n                                        class=\"property-desc line-limit-length\">OUKITEL<\/span>\n                            <\/li>\n<\/ul><\/div>\n<div class=\"detailmodule_dynamic\"><kse:widget data-widget-type=\"customText\" id=\"1005000009406803\" type=\"relation\"><\/kse:widget><\/div>\n<div class=\"detailmodule_html\">\n<div class=\"detail-desc-decorate-richtext\">\n<p><\/p>\n<div style=\"background-color:rgb(240, 234, 255);margin:20px 0px 10px;margin-bottom:10px;margin-top:20px;margin-left:0px;margin-right:0px;width:100%;height:34px\"><span style=\"background-color:rgb(55, 139, 238);color:rgb(255, 255, 255);font-size:24px;font-family:Verdana, Arial\">T\u00e4hts\u00fcndmused<\/span><\/p>\n<\/div>\n<div class=\"detailmodule_text\">\n<div class=\"detailmodule_html\">\n<div class=\"detail-desc-decorate-richtext\">\n<div class=\"detailmodule_text\">\n<div class=\"detailmodule_html\">\n<div class=\"detail-desc-decorate-richtext\">\n<div class=\"detailmodule_text\">\n<p style=\"font-family:&quot;Microsoft YaHei&quot;;font-size:medium;font-weight:400;letter-spacing:normal;text-align:start;white-space:normal;color:rgb(0, 0, 0)\" align=\"start\"><span style=\"font-size:16px;font-family:arial, helvetica, sans-serif\"><strong>K\u00f5rge konversioonit\u00f5husus<\/strong><\/span><span style=\"font-size:16px;font-family:arial, helvetica, sans-serif\"><br \/>OUKITEL PV200 on valmistatud suure t\u00f5hususega monokristallilistest p\u00e4ikesepatareidest, mille efektiivsus on kuni 21,7%, ning suudab muundada rohkem p\u00e4ikeseenergiat kasutatavaks energiaks, mis v\u00f5imaldab suuremat energiatootmist isegi siis, kui paneeli suurus ei ole suurem kui tavalistel p\u00e4ikesepaneelidel.<\/span><\/p>\n<div><\/div>\n<p style=\"font-family:&quot;Microsoft YaHei&quot;;font-size:medium;font-weight:400;letter-spacing:normal;text-align:start;white-space:normal;color:rgb(0, 0, 0)\" align=\"start\"><span style=\"font-size:16px;font-family:arial, helvetica, sans-serif\"><strong>Vastupidav ja pritsmekindel<\/strong><\/span><span style=\"font-size:16px;font-family:arial, helvetica, sans-serif\"><br \/>ETFE-lamineeritud korpus on piisavalt vastupidav, et pikendada p\u00e4ikesepaneeli eluiga. IP65 veekindel disain kaitseb seda pritsmete eest (\u00e4rge asetage seda vihma k\u00e4tte).<\/span><\/p>\n<div><\/div>\n<p style=\"font-family:&quot;Microsoft YaHei&quot;;font-size:medium;font-weight:400;letter-spacing:normal;text-align:start;white-space:normal;color:rgb(0, 0, 0)\" align=\"start\"><span style=\"font-size:16px;font-family:arial, helvetica, sans-serif\"><strong>Lihtne kaasas kanda ja tugijalg on kaasas<\/strong><\/span><span style=\"font-size:16px;font-family:arial, helvetica, sans-serif\"><br \/>OUKITEL PV200 p\u00e4ikesepaneel on kokkupandav, nii et saate selle k\u00f5ikjale kaasa v\u00f5tta. Tugijalg on nurga all, mis v\u00f5imaldab p\u00e4ikesepaneelil p\u00e4ikesevalguse energiat h\u00f5lpsalt omastada.<\/span><\/p>\n<div><\/div>\n<p style=\"font-family:&quot;Microsoft YaHei&quot;;font-size:medium;font-weight:400;letter-spacing:normal;text-align:start;white-space:normal;color:rgb(0, 0, 0)\" align=\"start\"><span style=\"font-size:16px;font-family:arial, helvetica, sans-serif\"><strong>Lai \u00fchilduvus<\/strong><\/span><span style=\"font-size:16px;font-family:arial, helvetica, sans-serif\"><br \/>See p\u00e4ikesepaneel \u00fchildub OUKITEL P2001\/P501\/CN505\/P301 elektrijaama ja teiste turul olevate generaatoritega, ideaalne v\u00f5rguv\u00e4liseks telkimiseks ja ootamatute elektrikatkestuste korral.<\/span><\/p>\n<\/div>\n<\/div>\n<\/div>\n<\/div>\n<\/div>\n<\/div>\n<\/div>\n<div style=\"background-color:rgb(240, 234, 255);margin:20px 0px 10px;margin-bottom:10px;margin-top:20px;margin-left:0px;margin-right:0px;width:100%;height:34px\"><span style=\"background-color:rgb(55, 139, 238);color:rgb(255, 255, 255);font-size:24px;font-family:Verdana, Arial\">Toote \u00fcksikasjad<\/span><\/div>\n<p><img decoding=\"async\" src=\"https:\/\/ae01.alicdn.com\/kf\/Se6c5a77114344276bf2e2a78b4b40e75N.jpg\" slate-data-type=\"image\"\/><img decoding=\"async\" src=\"https:\/\/ae01.alicdn.com\/kf\/S38164e5af4a1402fae2a7c1720afc6534.jpg\" slate-data-type=\"image\"\/><img decoding=\"async\" src=\"https:\/\/ae01.alicdn.com\/kf\/S8cbe4b30f2e740c4ae37b9e5f37d72e02.jpg\" slate-data-type=\"image\"\/><img decoding=\"async\" src=\"https:\/\/ae01.alicdn.com\/kf\/S0d8eaff1da90489d8e309849db9e0977Y.jpg\" slate-data-type=\"image\"\/><img decoding=\"async\" src=\"https:\/\/ae01.alicdn.com\/kf\/Sfd378b5c2c4c4e1d8f7d871e220bbd73Q.jpg\" slate-data-type=\"image\"\/><\/p>\n<div style=\"background-color:rgb(240, 234, 255);margin:20px 0px 10px;margin-bottom:10px;margin-top:20px;margin-left:0px;margin-right:0px;width:100%;height:34px\"><span style=\"background-color:rgb(55, 139, 238);color:rgb(255, 255, 255);font-size:24px;font-family:Verdana, Arial\">Spetsifikatsioon<\/span><\/div>\n<p><\/p>\n<table style=\"border-collapse:collapse;font-family:&quot;Microsoft YaHei&quot;;width:1000px\" class=\"jbEidtTable\" border=\"1\" cellpadding=\"5\" cellspacing=\"0\">\n<tbody>\n<tr>\n<td style=\"text-align:left\" align=\"left\">\n<p><span style=\"font-size:16px;font-family:arial, helvetica, sans-serif\"><strong>\u00dcldine<\/strong><\/span><\/p>\n<\/td>\n<td style=\"text-align:left\" align=\"left\">\n<p><span style=\"font-size:16px;font-family:arial, helvetica, sans-serif\">Kaubam\u00e4rk: OUKITEL<br \/>T\u00fc\u00fcp: P\u00e4ikesepaneel<br \/>Mudel: PV200<br \/>V\u00e4rv: must<\/span><\/p>\n<\/td>\n<\/tr>\n<tr>\n<td style=\"text-align:left\" align=\"left\">\n<p><span style=\"font-size:16px;font-family:arial, helvetica, sans-serif\"><strong>Spetsifikatsioon<\/strong><\/span><\/p>\n<\/td>\n<td style=\"text-align:left\" align=\"left\">\n<p><span style=\"font-size:16px;font-family:arial, helvetica, sans-serif\">Nimiv\u00f5imsus: 200W<br \/>Avatud vooluringi pinge: 25,2 V<br \/>L\u00fchisevool: 11,42 A<br \/>Efektiivsus: 21,7%<br \/>Rakut\u00fc\u00fcp: monokristalliline r\u00e4ni<\/span><\/p>\n<\/td>\n<\/tr>\n<tr>\n<td style=\"text-align:left\" align=\"left\">\n<p><span style=\"font-size:16px;font-family:arial, helvetica, sans-serif\"><strong>Kaal ja suurus<\/strong><\/span><\/p>\n<\/td>\n<td style=\"text-align:left\" align=\"left\">\n<p><span style=\"font-size:16px;font-family:arial, helvetica, sans-serif\">Toote kaal: 7,85 kg<br \/>Paki kaal: 8,8 kg<br \/>Laiendatud suurus: 53,6 \u00d7 234,9 \u00d7 2,5 cm<br \/>Paki m\u00f5\u00f5dud (P x L x K): 60,5 \u00d7 10,5 \u00d7 71 cm<\/span><\/p>\n<\/td>\n<\/tr>\n<tr>\n<td style=\"text-align:left\" align=\"left\">\n<p><span style=\"font-size:16px;font-family:arial, helvetica, sans-serif\"><strong>Pakendi sisu<\/strong><\/span><\/p>\n<\/td>\n<td style=\"text-align:left\" align=\"left\">\n<p><span style=\"font-size:16px;font-family:arial, helvetica, sans-serif\">1 x OUKITEL 200W p\u00e4ikesepaneel<br \/>1 x MC4 kaabel<br \/>1 x kasutusjuhend<\/span><\/p>\n<\/td>\n<\/tr>\n<\/tbody>\n<\/table>\n<div><\/div>\n<\/div>\n<\/div>\n<p><\/p>","protected":false},"excerpt":{"rendered":"<p>Brand Name:&nbsp;OUKITEL Highlights High Conversion EfficiencyConstructed from high-efficiency monocrystalline solar cells, with an efficiency of up to 21.7%, OUKITEL PV200 can convert more solar power into usable energy, which enables<\/p>","protected":false},"featured_media":9125,"comment_status":"open","ping_status":"closed","template":"","meta":{"_acf_changed":false},"product_brand":[],"product_cat":[531],"product_tag":[],"class_list":{"0":"post-9123","1":"product","2":"type-product","3":"status-publish","4":"has-post-thumbnail","6":"product_cat-foldable-solar-panels","8":"first","9":"instock","10":"shipping-taxable","11":"purchasable","12":"product-type-simple"},"acf":[],"_links":{"self":[{"href":"https:\/\/www.electricstore.eu\/et\/wp-json\/wp\/v2\/product\/9123","targetHints":{"allow":["GET"]}}],"collection":[{"href":"https:\/\/www.electricstore.eu\/et\/wp-json\/wp\/v2\/product"}],"about":[{"href":"https:\/\/www.electricstore.eu\/et\/wp-json\/wp\/v2\/types\/product"}],"replies":[{"embeddable":true,"href":"https:\/\/www.electricstore.eu\/et\/wp-json\/wp\/v2\/comments?post=9123"}],"wp:featuredmedia":[{"embeddable":true,"href":"https:\/\/www.electricstore.eu\/et\/wp-json\/wp\/v2\/media\/9125"}],"wp:attachment":[{"href":"https:\/\/www.electricstore.eu\/et\/wp-json\/wp\/v2\/media?parent=9123"}],"wp:term":[{"taxonomy":"product_brand","embeddable":true,"href":"https:\/\/www.electricstore.eu\/et\/wp-json\/wp\/v2\/product_brand?post=9123"},{"taxonomy":"product_cat","embeddable":true,"href":"https:\/\/www.electricstore.eu\/et\/wp-json\/wp\/v2\/product_cat?post=9123"},{"taxonomy":"product_tag","embeddable":true,"href":"https:\/\/www.electricstore.eu\/et\/wp-json\/wp\/v2\/product_tag?post=9123"}],"curies":[{"name":"wp","href":"https:\/\/api.w.org\/{rel}","templated":true}]}}