{"id":9100,"date":"2025-05-20T17:44:52","date_gmt":"2025-05-20T17:44:52","guid":{"rendered":"https:\/\/electricstore.eu\/p\/uncategorized\/cloudenergy-cl24-100-24v-100ah-lifepo4-battery-pack-2560wh-energy-6000-cycles-built-in-100a-bms-support-in-series-parallel\/"},"modified":"2025-05-20T17:45:05","modified_gmt":"2025-05-20T17:45:05","slug":"cloudenergy-cl24-100-24v-100ah-lifepo4-battery-pack-2560wh-energy-6000-cycles-built-in-100a-bms-support-in-series-parallel","status":"publish","type":"product","link":"https:\/\/www.electricstore.eu\/et\/p\/batteries\/lifepo4-batteries\/100-200ah-lifepo4-batteries\/cloudenergy-cl24-100-24v-100ah-lifepo4-battery-pack-2560wh-energy-6000-cycles-built-in-100a-bms-support-in-series-parallel\/","title":{"rendered":"Cloudenergy CL24-100 24V 100Ah LiFePO4 akupakk, 2560Wh energia, 6000+ ts\u00fcklit, sisseehitatud 100A BMS, tugi jada-\/paralleel\u00fchendusele"},"content":{"rendered":"<div class=\"product-specs-list-container\">\n<ul class=\"product-specs-list util-clearfix\">\n<li class=\"product-prop line-limit-length\"><span\n                                        class=\"property-title\">Ekraani kuvamine:&nbsp;<\/span><span\n                                        class=\"property-desc line-limit-length\">Jah<\/span>\n                            <\/li>\n<li class=\"product-prop line-limit-length\"><span\n                                        class=\"property-title\">Nimimaht:&nbsp;<\/span><span\n                                        class=\"property-desc line-limit-length\">&gt;3500mAh<\/span>\n                            <\/li>\n<li class=\"product-prop line-limit-length\"><span\n                                        class=\"property-title\">Mudelinumber:&nbsp;<\/span><span\n                                        class=\"property-desc line-limit-length\">CL24-100<\/span>\n                            <\/li>\n<li class=\"product-prop line-limit-length\"><span\n                                        class=\"property-title\">T\u00fc\u00fcp:&nbsp;<\/span><span\n                                        class=\"property-desc line-limit-length\">LiFePO4<\/span>\n                            <\/li>\n<li class=\"product-prop line-limit-length\"><span\n                                        class=\"property-title\">Komplekti t\u00fc\u00fcp:&nbsp;<\/span><span\n                                        class=\"property-desc line-limit-length\">Laadija komplektid<\/span>\n                            <\/li>\n<\/ul><\/div>\n<div class=\"detailmodule_dynamic\"><kse:widget data-widget-type=\"customText\" id=\"1005000009406803\" type=\"relation\"><\/kse:widget><\/div>\n<div class=\"detailmodule_html\">\n<div class=\"detail-desc-decorate-richtext\">\n<p><\/p>\n<div style=\"background-color:rgb(240, 234, 255);margin:20px 0px 10px;margin-bottom:10px;margin-top:20px;margin-left:0px;margin-right:0px;width:100%;height:34px\"><span style=\"background-color:rgb(55, 139, 238);color:rgb(255, 255, 255);font-size:24px;font-family:Verdana, Arial\">T\u00e4hts\u00fcndmused<\/span><\/div>\n<div class=\"detailmodule_text\">\n<p><strong><span style=\"font-size:16px;font-family:arial, helvetica, sans-serif\">Usaldusv\u00e4\u00e4rne autot\u00f6\u00f6stusele sobiv liitiumaku<\/span><\/strong><\/p>\n<p style=\"font-family:&quot;Microsoft YaHei&quot;;font-size:medium;font-weight:400;letter-spacing:normal;text-align:start;white-space:normal;color:rgb(0, 0, 0)\" align=\"start\"><span style=\"font-size:16px;font-family:arial, helvetica, sans-serif\">Cloudenegy LiFePO4 aku on erakordse kvaliteediga, kuna see on valmistatud autot\u00f6\u00f6stusele m\u00f5eldud LiFePO4 elementidest, millel on suurem energiatihedus, stabiilsem j\u00f5udlus ja suurem v\u00f5imsus. K\u00f5rgeim ohutustase p\u00f5hineb aku sees oleva elemendi UL-testimise sertifikaadil ja sisseehitatud 100A BMS-il, mis kaitseb seda \u00fclelaadimise, \u00fclet\u00fchjenemise, \u00fclevoolu ja l\u00fchise eest suurep\u00e4rase iset\u00fchjenemise kiirusega. 100% ohutu, mittetoksiline, taastuvenergia.<\/span><\/p>\n<p><\/p>\n<p style=\"font-family:&quot;Microsoft YaHei&quot;;letter-spacing:normal;text-align:start;white-space:normal;color:rgb(0, 0, 0)\" align=\"start\"><strong><span style=\"font-size:16px;font-family:arial, helvetica, sans-serif\">Tugev 100A BMS ja A-klassi elemendid<\/span><\/strong><\/p>\n<p style=\"font-family:&quot;Microsoft YaHei&quot;;font-size:medium;font-weight:400;letter-spacing:normal;text-align:start;white-space:normal;color:rgb(0, 0, 0)\" align=\"start\"><span style=\"font-size:16px;font-family:arial, helvetica, sans-serif\">Cloudenegy 24V 100Ah LiFePO4 aku sisseehitatud 100A BMS-iga, mis toetab maksimaalset 100A pidevat laadimis-\/t\u00fchjendusvoolu, maksimaalset koormusv\u00f5imsust 2560W ja maksimaalset energiat 2560Wh. Erakordse kvaliteediga 100A BMS-iga varustatud 100A liitiumaku 24V koos A-klassi elementidega tagab aku kvaliteedi usaldusv\u00e4\u00e4rse.<\/span><\/p>\n<p><\/p>\n<p style=\"font-family:&quot;Microsoft YaHei&quot;;letter-spacing:normal;text-align:start;white-space:normal;color:rgb(0, 0, 0)\" align=\"start\"><strong><span style=\"font-size:16px;font-family:arial, helvetica, sans-serif\">Kuni kahe 4. seeria paralleel\u00fchenduse loomine<\/span><\/strong><\/p>\n<p style=\"font-family:&quot;Microsoft YaHei&quot;;font-size:medium;font-weight:400;letter-spacing:normal;text-align:start;white-space:normal;color:rgb(0, 0, 0)\" align=\"start\"><span style=\"font-size:16px;font-family:arial, helvetica, sans-serif\">Cloudenegy LiFePO4 akut saab \u00fchendada paralleelselt ja j\u00e4rjestikku suurema mahutavuse (max 1200 Ah) ja k\u00f5rgema pinge (24 V, 36 V, 48 V) saavutamiseks, mis teeb selle ideaalseks v\u00f5rguv\u00e4liste p\u00e4ikeses\u00fcsteemide ja v\u00e4litingimuste jaoks, n\u00e4iteks koduse varutoiteallika, haagissuvila, telkimise, purjepaadi jms jaoks. Te ei pea muretsema, et akut ei saa pilvisel p\u00e4eval laadida, kuna aku pikk t\u00f6\u00f6iga tagab teile usaldusv\u00e4\u00e4rse toite v\u00f5i pikema ja nauditavama reisi.<\/span><\/p>\n<p><\/p>\n<p style=\"font-family:&quot;Microsoft YaHei&quot;;letter-spacing:normal;text-align:start;white-space:normal;color:rgb(0, 0, 0)\" align=\"start\"><strong><span style=\"font-size:16px;font-family:arial, helvetica, sans-serif\">10-aastane eluiga ja vastupidav korpus<\/span><\/strong><\/p>\n<p style=\"font-family:&quot;Microsoft YaHei&quot;;font-size:medium;font-weight:400;letter-spacing:normal;text-align:start;white-space:normal;color:rgb(0, 0, 0)\" align=\"start\"><span style=\"font-size:16px;font-family:arial, helvetica, sans-serif\">Cloudenergy LiFePO4 aku on kerge disainiga, selle eluiga on kuni 10 aastat ja seda saab taaskasutada enam kui 6000 korda. See 24 V 100 Ah suure mahutavusega toiteallikas sobib p\u00e4ikeseenergia, haagissuvilate ja muude rakenduste jaoks.\u00a0<\/span><\/p>\n<\/div>\n<p style=\"background-color:rgb(240, 234, 255);margin:20px 0px 10px;margin-bottom:10px;margin-top:20px;margin-left:0px;margin-right:0px;width:100%;height:34px\"><span style=\"background-color:rgb(55, 139, 238);color:rgb(255, 255, 255);font-size:24px;font-family:arial, helvetica, sans-serif\">Toote \u00fcksikasjad<\/span><\/p>\n<p><img decoding=\"async\" src=\"https:\/\/ae01.alicdn.com\/kf\/S7a5922d81ea545f6970eeef8cb574f82K.jpg\" slate-data-type=\"image\"\/><img decoding=\"async\" src=\"https:\/\/ae01.alicdn.com\/kf\/Sda79a82428574ebb83dda82c0f7b83ccU.jpg\" slate-data-type=\"image\"\/><img decoding=\"async\" src=\"https:\/\/ae01.alicdn.com\/kf\/S426b3ec6ce154ed4b6994abc86c4afbfX.jpg\" slate-data-type=\"image\"\/><img decoding=\"async\" src=\"https:\/\/ae01.alicdn.com\/kf\/S92cf560b224c43d6926a7e5f965682c6c.jpg\" slate-data-type=\"image\"\/><img decoding=\"async\" src=\"https:\/\/ae01.alicdn.com\/kf\/S86677e43e81c4747b8f6dea627948328Z.jpg\" slate-data-type=\"image\"\/><\/p>\n<div style=\"background-color:rgb(240, 234, 255);margin:20px 0px 10px;margin-bottom:10px;margin-top:20px;margin-left:0px;margin-right:0px;width:100%;height:34px\"><span style=\"background-color:rgb(55, 139, 238);color:rgb(255, 255, 255);font-size:24px;font-family:Verdana, Arial\">Spetsifikatsioon<\/span><\/div>\n<div>\u00a0<\/div>\n<table style=\"border-collapse:collapse;font-family:&quot;Microsoft YaHei&quot;;width:1000px\" class=\"jbEidtTable\" border=\"1\" cellpadding=\"5\" cellspacing=\"0\">\n<tbody>\n<tr>\n<td style=\"text-align:left\" align=\"left\">\n<p><strong>\u00dcldine<\/strong><\/p>\n<\/td>\n<td style=\"text-align:left\" align=\"left\">\n<p><span style=\"font-size:16px;font-family:arial, helvetica, sans-serif\">Kaubam\u00e4rk: Cloudenergy<br \/>T\u00fc\u00fcp: LiFePO4 akupakett<br \/>Mudel: CL24-100<\/span><\/p>\n<\/td>\n<\/tr>\n<tr>\n<td style=\"text-align:left\" align=\"left\">\n<p><strong>Spetsifikatsioon<\/strong><\/p>\n<\/td>\n<td style=\"text-align:left\" align=\"left\">\n<p><span style=\"font-size:16px;font-family:arial, helvetica, sans-serif\">Nimipinge: 25,6 V<br \/>Nimimaht: 100Ah<br \/>Laadimispinge: 29,2\u201329,4 V<br \/>Energia: 2560Wh<br \/>Maksimaalne pidev laadimisvool: 100A<br \/>Maksimaalne pidev t\u00fchjendusvool: 100A<br \/>Soovitatav laadimisvool: 20A<br \/>Ts\u00fckli eluiga: 6000+ ts\u00fcklit<br \/>Maksimaalne koormus \/ inverteri v\u00f5imsus: 2560W<br \/>Laadimistemperatuur: 0\u201350 Celsiuse j\u00e4rgi (32\u2013122 Fahrenheiti j\u00e4rgi)<br \/>T\u00fchjendustemperatuur: -20 kuni 60 Celsiuse j\u00e4rgi (-4 kuni 140 Fahrenheiti j\u00e4rgi)<br \/>S\u00e4ilitustemperatuur: -10 kuni 50 Celsiuse j\u00e4rgi (14 kuni 122 Fahrenheiti j\u00e4rgi)<br \/>Veekindel: IP63<br \/>Terminal: M8<\/span><\/p>\n<\/td>\n<\/tr>\n<tr>\n<td style=\"text-align:left\" align=\"left\">\n<p><strong>Kaal ja suurus<\/strong><\/p>\n<\/td>\n<td style=\"text-align:left\" align=\"left\">\n<p><span style=\"font-size:16px;font-family:arial, helvetica, sans-serif\">Toote kaal: 19,5 kg<br \/>Paki kaal: 21 kg<br \/>Paki suurus (P x L x K): 56,2 * 24,7 * 24,5 cm<\/span><\/p>\n<\/td>\n<\/tr>\n<tr>\n<td style=\"text-align:left\" align=\"left\">\n<p><strong>Pakendi sisu<\/strong><\/p>\n<\/td>\n<td style=\"text-align:left\" align=\"left\">\n<p>1 x LiFePO4 akupakett<br \/>1 x kasutusjuhend<\/p>\n<\/td>\n<\/tr>\n<\/tbody>\n<\/table>\n<\/div>\n<\/div>\n<p><\/p>","protected":false},"excerpt":{"rendered":"<p>Display screen:&nbsp;Yes Nominal Capacity:&nbsp;&gt;3500mAh Model Number:&nbsp;CL24-100 Type:&nbsp;LiFePO4 Set Type:&nbsp;Charger Sets Highlights Reliable Automotive Grade Lithium Battery Cloudenegy LiFePO4 battery has exceptional quality since they are manufactured by automotive-grade LiFePO4 Cells<\/p>","protected":false},"featured_media":9101,"comment_status":"open","ping_status":"closed","template":"","meta":{"_acf_changed":false},"product_brand":[],"product_cat":[237],"product_tag":[],"class_list":{"0":"post-9100","1":"product","2":"type-product","3":"status-publish","4":"has-post-thumbnail","6":"product_cat-100-200ah-lifepo4-batteries","8":"first","9":"instock","10":"shipping-taxable","11":"purchasable","12":"product-type-simple"},"acf":[],"_links":{"self":[{"href":"https:\/\/www.electricstore.eu\/et\/wp-json\/wp\/v2\/product\/9100","targetHints":{"allow":["GET"]}}],"collection":[{"href":"https:\/\/www.electricstore.eu\/et\/wp-json\/wp\/v2\/product"}],"about":[{"href":"https:\/\/www.electricstore.eu\/et\/wp-json\/wp\/v2\/types\/product"}],"replies":[{"embeddable":true,"href":"https:\/\/www.electricstore.eu\/et\/wp-json\/wp\/v2\/comments?post=9100"}],"wp:featuredmedia":[{"embeddable":true,"href":"https:\/\/www.electricstore.eu\/et\/wp-json\/wp\/v2\/media\/9101"}],"wp:attachment":[{"href":"https:\/\/www.electricstore.eu\/et\/wp-json\/wp\/v2\/media?parent=9100"}],"wp:term":[{"taxonomy":"product_brand","embeddable":true,"href":"https:\/\/www.electricstore.eu\/et\/wp-json\/wp\/v2\/product_brand?post=9100"},{"taxonomy":"product_cat","embeddable":true,"href":"https:\/\/www.electricstore.eu\/et\/wp-json\/wp\/v2\/product_cat?post=9100"},{"taxonomy":"product_tag","embeddable":true,"href":"https:\/\/www.electricstore.eu\/et\/wp-json\/wp\/v2\/product_tag?post=9100"}],"curies":[{"name":"wp","href":"https:\/\/api.w.org\/{rel}","templated":true}]}}