{"id":8902,"date":"2025-05-19T21:19:48","date_gmt":"2025-05-19T21:19:48","guid":{"rendered":"https:\/\/electricstore.eu\/product\/uncategorized\/engwe-m20-1000w-48v-26ah-dual-battery-electric-bicycle\/"},"modified":"2025-05-21T05:41:20","modified_gmt":"2025-05-21T05:41:20","slug":"engwe-m20-1000w-48v-26ah-dual-battery-electric-bicycle","status":"publish","type":"product","link":"https:\/\/www.electricstore.eu\/et\/p\/bikes\/electric-pedal-motorcycle\/engwe-m20-1000w-48v-26ah-dual-battery-electric-bicycle\/","title":{"rendered":"ENGWE M20 1000W 48V 26Ah 45km\/h 75km 20\u2033 elektrijalgratas"},"content":{"rendered":"<div class=\"product-specs-list-container\">\n<ul class=\"product-specs-list util-clearfix\">\n<li class=\"product-prop line-limit-length\"><span\n                                        class=\"property-title\">Mudelinumber:&nbsp;<\/span><span\n                                        class=\"property-desc line-limit-length\">ENGWE M20<\/span>\n                            <\/li>\n<li class=\"product-prop line-limit-length\"><span\n                                        class=\"property-title\">Reisijate nimimaht:&nbsp;<\/span><span\n                                        class=\"property-desc line-limit-length\">Kaks istekohta<\/span>\n                            <\/li>\n<li class=\"product-prop line-limit-length\"><span\n                                        class=\"property-title\">Stiil:&nbsp;<\/span><span\n                                        class=\"property-desc line-limit-length\">Luksuslik t\u00fc\u00fcp<\/span>\n                            <\/li>\n<li class=\"product-prop line-limit-length\"><span\n                                        class=\"property-title\">Maksimaalne kiirus:&nbsp;<\/span><span\n                                        class=\"property-desc line-limit-length\">&lt;25 km\/h<\/span>\n                            <\/li>\n<li class=\"product-prop line-limit-length\"><span\n                                        class=\"property-title\">V\u00f5imsuse vahemik:&nbsp;<\/span><span\n                                        class=\"property-desc line-limit-length\">&gt; 60 kilomeetrit<\/span>\n                            <\/li>\n<li class=\"product-prop line-limit-length\"><span\n                                        class=\"property-title\">V\u00f5imsus:&nbsp;<\/span><span\n                                        class=\"property-desc line-limit-length\">&gt; 500w<\/span>\n                            <\/li>\n<li class=\"product-prop line-limit-length\"><span\n                                        class=\"property-title\">Toiteallikas:&nbsp;<\/span><span\n                                        class=\"property-desc line-limit-length\">liitiumaku<\/span>\n                            <\/li>\n<li class=\"product-prop line-limit-length\"><span\n                                        class=\"property-title\">Pinge:&nbsp;<\/span><span\n                                        class=\"property-desc line-limit-length\">48V<\/span>\n                            <\/li>\n<li class=\"product-prop line-limit-length\"><span\n                                        class=\"property-title\">Toiteallikas:&nbsp;<\/span><span\n                                        class=\"property-desc line-limit-length\">liitiumaku<\/span>\n                            <\/li>\n<li class=\"product-prop line-limit-length\"><span\n                                        class=\"property-title\">P\u00e4ritolu:&nbsp;<\/span><span\n                                        class=\"property-desc line-limit-length\">Mandri-Hiina<\/span>\n                            <\/li>\n<li class=\"product-prop line-limit-length\"><span\n                                        class=\"property-title\">Kokkupandud:&nbsp;<\/span><span\n                                        class=\"property-desc line-limit-length\">Ei<\/span>\n                            <\/li>\n<li class=\"product-prop line-limit-length\"><span\n                                        class=\"property-title\">Mootor:&nbsp;<\/span><span\n                                        class=\"property-desc line-limit-length\">Harjadeta<\/span>\n                            <\/li>\n<li class=\"product-prop line-limit-length\"><span\n                                        class=\"property-title\">Ratta suurus:&nbsp;<\/span><span\n                                        class=\"property-desc line-limit-length\">20 tolli<\/span>\n                            <\/li>\n<li class=\"product-prop line-limit-length\"><span\n                                        class=\"property-title\">Raami materjal:&nbsp;<\/span><span\n                                        class=\"property-desc line-limit-length\">Alumiiniumsulam<\/span>\n                            <\/li>\n<\/ul><\/div>\n<h1 style=\"text-align:center\" align=\"center\"><strong>ENGWE M20 t\u00e4iskasvanutele m\u00f5eldud elektriratas 1000W v\u00f5imas mootor 48V26AH kahe akuga elektriratas 20&quot;Fat rehviga maastikus\u00f5iduk m\u00e4gijalgratas<\/strong><\/h1>\n<p style=\"font-family:DeepSeek-CJK-patch, Inter, system-ui, -apple-system, BlinkMacSystemFont, &quot;Segoe UI&quot;, Roboto, &quot;Noto Sans&quot;, Ubuntu, Cantarell, &quot;Helvetica Neue&quot;, Oxygen, &quot;Open Sans&quot;, sans-serif;font-size:16.002px;font-weight:400;letter-spacing:normal;line-height:28.575px;text-align:left;white-space:normal;color:rgb(64, 64, 64);background-color:rgb(255, 255, 255);margin:13.716px 0px;margin-bottom:13.716px;margin-top:13.716px;margin-left:0px;margin-right:0px\" class=\"ds-markdown-paragraph\" align=\"left\">See<span>\u00a0<\/span><strong>ENGWE M20<\/strong><span>\u00a0<\/span>on<span>\u00a0<\/span><strong>v\u00f5imas 750W (tippv\u00f5imsus 1000W)<\/strong><span>\u00a0<\/span>elektriline jalgratas, mis on loodud<span>\u00a0<\/span><strong>kiirus, j\u00f5udlus ja mitmek\u00fclgsus<\/strong>, olenemata sellest, kas s\u00f5idad linnas v\u00f5i avastad maastikuradu.<span>\u00a0<\/span><strong>tippkiirus 45 km\/h (28 miili tunnis)<\/strong><span>\u00a0<\/span>ja a<span>\u00a0<\/span><strong>pika t\u00f6\u00f6ajaga 48 V 13 Ah aku<\/strong>, see elektriratas pakub p\u00f5nevat kiirendust ja pikki s\u00f5ite.<\/p>\n<hr style=\"font-family:DeepSeek-CJK-patch, Inter, system-ui, -apple-system, BlinkMacSystemFont, &quot;Segoe UI&quot;, Roboto, &quot;Noto Sans&quot;, Ubuntu, Cantarell, &quot;Helvetica Neue&quot;, Oxygen, &quot;Open Sans&quot;, sans-serif;font-size:16.002px;font-weight:400;letter-spacing:normal;text-align:left;white-space:normal;color:rgb(64, 64, 64);background-color:rgb(229, 229, 229);border:none;margin:32px 0px;margin-bottom:32px;margin-top:32px;margin-left:0px;margin-right:0px;display:block;height:1px\" align=\"left\"\/>\n<h3 style=\"font-family:DeepSeek-CJK-patch, Inter, system-ui, -apple-system, BlinkMacSystemFont, &quot;Segoe UI&quot;, Roboto, &quot;Noto Sans&quot;, Ubuntu, Cantarell, &quot;Helvetica Neue&quot;, Oxygen, &quot;Open Sans&quot;, sans-serif;font-size:18.288px;font-weight:600;letter-spacing:normal;line-height:1.5;text-align:start;white-space:normal;color:rgb(64, 64, 64);background-color:rgb(255, 255, 255);margin:18.288px 0px 13.716px;margin-bottom:13.716px;margin-top:18.288px;margin-left:0px;margin-right:0px\" align=\"start\"><strong>Peamised omadused:<\/strong><\/h3>\n<p style=\"font-family:DeepSeek-CJK-patch, Inter, system-ui, -apple-system, BlinkMacSystemFont, &quot;Segoe UI&quot;, Roboto, &quot;Noto Sans&quot;, Ubuntu, Cantarell, &quot;Helvetica Neue&quot;, Oxygen, &quot;Open Sans&quot;, sans-serif;font-size:16.002px;font-weight:400;letter-spacing:normal;line-height:28.575px;text-align:start;white-space:normal;color:rgb(64, 64, 64);background-color:rgb(255, 255, 255);margin:13.716px 0px;margin-bottom:13.716px;margin-top:13.716px;margin-left:0px;margin-right:0px\" class=\"ds-markdown-paragraph\" align=\"start\">\u26a1<span>\u00a0<\/span><strong>Kiire j\u00f5udlus<\/strong><span>\u00a0<\/span>\u2013<span>\u00a0<\/span><strong>750 W mootor (tippv\u00f5imsus 100 W)<\/strong><span>\u00a0<\/span>koos<span>\u00a0<\/span><strong>55 Nm p\u00f6\u00f6rdemoment<\/strong><span>\u00a0<\/span>tugeva m\u00e4kket\u00f5usu ja kiire kiirenduse jaoks<br \/>\ud83d\udd0b<span>\u00a0<\/span><strong>Pikaealine aku<\/strong><span>\u00a0<\/span>\u2013<span>\u00a0<\/span><strong>48 V 13 Ah<\/strong><span>\u00a0<\/span>eemaldatav aku pakub<span>\u00a0<\/span><strong>75 km (45 miili) abire\u017eiimis<\/strong><span>\u00a0<\/span>v\u00f5i<span>\u00a0<\/span><strong>35 km (22 miili) ainult gaasipedaali re\u017eiimis<\/strong><br \/>\ud83d\udeb4<span>\u00a0<\/span><strong>Kahe s\u00f5idure\u017eiimiga<\/strong><span>\u00a0<\/span>\u2013<span>\u00a0<\/span><strong>P\u00f6idlaga gaasihoob + pedaaliabi (0\u20135 taset)<\/strong><span>\u00a0<\/span>paindliku juhtimise tagamiseks<br \/>\ud83d\udee0\ufe0f<span>\u00a0<\/span><strong>Shimano 7-k\u00e4igulised k\u00e4igud<\/strong><span>\u00a0<\/span>\u2013 Sujuv k\u00e4iguvahetus erineval maastikul<br \/>\ud83d\udd04<span>\u00a0<\/span><strong>Eesmine mehaaniline vedrustus<\/strong><span>\u00a0<\/span>\u2013 Neelab muhke mugava s\u00f5idu tagamiseks<br \/>\ud83d\uded1<span>\u00a0<\/span><strong>Usaldusv\u00e4\u00e4rne pidurdamine<\/strong><span>\u00a0<\/span>\u2013<span>\u00a0<\/span><strong>160 mm mehaanilised ketaspidurid<\/strong><span>\u00a0<\/span>kindla pidurdusj\u00f5u tagamiseks<br \/>\ud83c\udf27\ufe0f<span>\u00a0<\/span><strong>Maastikuauto rehvid<\/strong><span>\u00a0<\/span>\u2013<span>\u00a0<\/span><strong>20\u00d74.0&quot; Chaoyang fat rehvid<\/strong><span>\u00a0<\/span>stabiilsuse tagamiseks linnat\u00e4navatel v\u00f5i kruusateedel<br \/>\ud83d\udcca<span>\u00a0<\/span><strong>LCD-ekraan<\/strong><span>\u00a0<\/span>\u2013 N\u00e4itab kiirust, aku taset ja abire\u017eiimi +<span>\u00a0<\/span><strong>USB-laadimisport<\/strong><\/p>\n<hr style=\"font-family:DeepSeek-CJK-patch, Inter, system-ui, -apple-system, BlinkMacSystemFont, &quot;Segoe UI&quot;, Roboto, &quot;Noto Sans&quot;, Ubuntu, Cantarell, &quot;Helvetica Neue&quot;, Oxygen, &quot;Open Sans&quot;, sans-serif;font-size:16.002px;font-weight:400;letter-spacing:normal;text-align:start;white-space:normal;color:rgb(64, 64, 64);background-color:rgb(229, 229, 229);border:none;margin:32px 0px;margin-bottom:32px;margin-top:32px;margin-left:0px;margin-right:0px;display:block;height:1px\" align=\"start\"\/>\n<h3 style=\"font-family:DeepSeek-CJK-patch, Inter, system-ui, -apple-system, BlinkMacSystemFont, &quot;Segoe UI&quot;, Roboto, &quot;Noto Sans&quot;, Ubuntu, Cantarell, &quot;Helvetica Neue&quot;, Oxygen, &quot;Open Sans&quot;, sans-serif;font-size:18.288px;font-weight:600;letter-spacing:normal;line-height:1.5;text-align:start;white-space:normal;color:rgb(64, 64, 64);background-color:rgb(255, 255, 255);margin:18.288px 0px 13.716px;margin-bottom:13.716px;margin-top:18.288px;margin-left:0px;margin-right:0px\" align=\"start\"><strong>Tehnilised andmed:<\/strong><\/h3>\n<ul style=\"font-family:DeepSeek-CJK-patch, Inter, system-ui, -apple-system, BlinkMacSystemFont, &quot;Segoe UI&quot;, Roboto, &quot;Noto Sans&quot;, Ubuntu, Cantarell, &quot;Helvetica Neue&quot;, Oxygen, &quot;Open Sans&quot;, sans-serif;font-size:16.002px;font-weight:400;letter-spacing:normal;text-align:start;white-space:normal;color:rgb(64, 64, 64);background-color:rgb(255, 255, 255);margin:13.716px 0px;margin-bottom:13.716px;margin-top:13.716px;margin-left:0px;margin-right:0px;padding-left:27.432px\" align=\"start\">\n<li>\n<p style=\"font-size:16.002px;line-height:28.575px;margin-bottom:0px;margin-top:0px;margin-left:0px;margin-right:0px\" class=\"ds-markdown-paragraph\"><strong>Maksimaalne kiirus:<\/strong><span>\u00a0<\/span><strong>45 km\/h (28 miili tunnis)<\/strong><span>\u00a0<\/span>(lukustamata)<\/p>\n<\/li>\n<li style=\"margin-top:4px\">\n<p style=\"font-size:16.002px;line-height:28.575px;margin-bottom:0px;margin-top:0px;margin-left:0px;margin-right:0px\" class=\"ds-markdown-paragraph\"><strong>Vahemik:<\/strong><span>\u00a0<\/span><strong>75 km (45 miili) abire\u017eiimis<\/strong><span>\u00a0<\/span>\/<span>\u00a0<\/span><strong>35 km (22 miili) ainult gaasipedaaliga<\/strong><\/p>\n<\/li>\n<li style=\"margin-top:4px\">\n<p style=\"font-size:16.002px;line-height:28.575px;margin-bottom:0px;margin-top:0px;margin-left:0px;margin-right:0px\" class=\"ds-markdown-paragraph\"><strong>Mootor:<\/strong><span>\u00a0<\/span><strong>750W (1000W tippv\u00f5imsus) tagumine rummumootor<\/strong><span>\u00a0<\/span>(55 Nm p\u00f6\u00f6rdemoment)<\/p>\n<\/li>\n<li style=\"margin-top:4px\">\n<p style=\"font-size:16.002px;line-height:28.575px;margin-bottom:0px;margin-top:0px;margin-left:0px;margin-right:0px\" class=\"ds-markdown-paragraph\"><strong>Aku:<\/strong><span>\u00a0<\/span><strong>48 V 13 Ah<\/strong><span>\u00a0<\/span>(5-tunnine laadimisaeg)<\/p>\n<\/li>\n<li style=\"margin-top:4px\">\n<p style=\"font-size:16.002px;line-height:28.575px;margin-bottom:0px;margin-top:0px;margin-left:0px;margin-right:0px\" class=\"ds-markdown-paragraph\"><strong>Raam:<\/strong><span>\u00a0<\/span><strong>Alumiiniumsulam<\/strong><span>\u00a0<\/span>(vastupidav ja kerge)<\/p>\n<\/li>\n<li style=\"margin-top:4px\">\n<p style=\"font-size:16.002px;line-height:28.575px;margin-bottom:0px;margin-top:0px;margin-left:0px;margin-right:0px\" class=\"ds-markdown-paragraph\"><strong>Rehvid:<\/strong><span>\u00a0<\/span><strong>20\u00d74.0&quot; Chaoyang fat rehvid<\/strong><span>\u00a0<\/span>(haarduvus igas maastikus)<\/p>\n<\/li>\n<li style=\"margin-top:4px\">\n<p style=\"font-size:16.002px;line-height:28.575px;margin-bottom:0px;margin-top:0px;margin-left:0px;margin-right:0px\" class=\"ds-markdown-paragraph\"><strong>Pidurid:<\/strong><span>\u00a0<\/span><strong>Mehaanilised ketaspidurid (160 mm rootorid)<\/strong><\/p>\n<\/li>\n<li style=\"margin-top:4px\">\n<p style=\"font-size:16.002px;line-height:28.575px;margin-bottom:0px;margin-top:0px;margin-left:0px;margin-right:0px\" class=\"ds-markdown-paragraph\"><strong>Vedrustus:<\/strong><span>\u00a0<\/span><strong>Eesmine mehaaniline amortisatsioon<\/strong><\/p>\n<\/li>\n<li style=\"margin-top:4px\">\n<p style=\"font-size:16.002px;line-height:28.575px;margin-bottom:0px;margin-top:0px;margin-left:0px;margin-right:0px\" class=\"ds-markdown-paragraph\"><strong>Kaal:<\/strong><span>\u00a0<\/span><strong>34,8 kg (neto) \/ 42,7 kg (bruto)<\/strong><\/p>\n<\/li>\n<li style=\"margin-top:4px\">\n<p style=\"font-size:16.002px;line-height:28.575px;margin-bottom:0px;margin-top:0px;margin-left:0px;margin-right:0px\" class=\"ds-markdown-paragraph\"><strong>Maksimaalne koormus:<\/strong><span>\u00a0<\/span><strong>120 kg (264 naela)<\/strong><\/p>\n<\/li>\n<li style=\"margin-top:4px\">\n<p style=\"font-size:16.002px;line-height:28.575px;margin-bottom:0px;margin-top:0px;margin-left:0px;margin-right:0px\" class=\"ds-markdown-paragraph\"><strong>S\u00f5itja pikkus:<\/strong><span>\u00a0<\/span><strong>155\u2013210 cm (5&#039;0&quot;\u20136&#039;8&quot;)<\/strong><\/p>\n<\/li>\n<\/ul>\n<hr style=\"font-family:DeepSeek-CJK-patch, Inter, system-ui, -apple-system, BlinkMacSystemFont, &quot;Segoe UI&quot;, Roboto, &quot;Noto Sans&quot;, Ubuntu, Cantarell, &quot;Helvetica Neue&quot;, Oxygen, &quot;Open Sans&quot;, sans-serif;font-size:16.002px;font-weight:400;letter-spacing:normal;text-align:start;white-space:normal;color:rgb(64, 64, 64);background-color:rgb(229, 229, 229);border:none;margin:32px 0px;margin-bottom:32px;margin-top:32px;margin-left:0px;margin-right:0px;display:block;height:1px\" align=\"start\"\/>\n<h3 style=\"font-family:DeepSeek-CJK-patch, Inter, system-ui, -apple-system, BlinkMacSystemFont, &quot;Segoe UI&quot;, Roboto, &quot;Noto Sans&quot;, Ubuntu, Cantarell, &quot;Helvetica Neue&quot;, Oxygen, &quot;Open Sans&quot;, sans-serif;font-size:18.288px;font-weight:600;letter-spacing:normal;line-height:1.5;text-align:start;white-space:normal;color:rgb(64, 64, 64);background-color:rgb(255, 255, 255);margin:18.288px 0px 13.716px;margin-bottom:13.716px;margin-top:18.288px;margin-left:0px;margin-right:0px\" align=\"start\"><strong>Miks valida ENGWE M20?<\/strong><\/h3>\n<p style=\"font-family:DeepSeek-CJK-patch, Inter, system-ui, -apple-system, BlinkMacSystemFont, &quot;Segoe UI&quot;, Roboto, &quot;Noto Sans&quot;, Ubuntu, Cantarell, &quot;Helvetica Neue&quot;, Oxygen, &quot;Open Sans&quot;, sans-serif;font-size:16.002px;font-weight:400;letter-spacing:normal;line-height:28.575px;text-align:start;white-space:normal;color:rgb(64, 64, 64);background-color:rgb(255, 255, 255);margin:13.716px 0px;margin-bottom:13.716px;margin-top:13.716px;margin-left:0px;margin-right:0px\" class=\"ds-markdown-paragraph\" align=\"start\">\u2714<span>\u00a0<\/span><strong>V\u00f5imas ja kiire<\/strong><span>\u00a0<\/span>\u2013 \u00dcks kiiremaid elektrirattaid oma klassis (45 km\/h)<br \/>\u2714<span>\u00a0<\/span><strong>Pikamaas\u00f5it<\/strong><span>\u00a0<\/span>\u2013 Kuni 75 km pedaaliabiga<br \/>\u2714<span>\u00a0<\/span><strong>Mugav igale maastikule<\/strong><span>\u00a0<\/span>\u2013 Fat rehvid + esivedrustus neelavad l\u00f6\u00f6ke<br \/>\u2714<span>\u00a0<\/span><strong>USB-laadimisport<\/strong><span>\u00a0<\/span>\u2013 Hoidke oma seadmed liikvel olles sisse l\u00fclitatud<br \/>\u2714<span>\u00a0<\/span><strong>Shimano k\u00e4igukast<\/strong><span>\u00a0<\/span>\u2013 Sujuv k\u00e4iguvahetus nii \u00fcles- kui ka allam\u00e4ge s\u00f5itmiseks<\/p>\n<hr style=\"font-family:DeepSeek-CJK-patch, Inter, system-ui, -apple-system, BlinkMacSystemFont, &quot;Segoe UI&quot;, Roboto, &quot;Noto Sans&quot;, Ubuntu, Cantarell, &quot;Helvetica Neue&quot;, Oxygen, &quot;Open Sans&quot;, sans-serif;font-size:16.002px;font-weight:400;letter-spacing:normal;text-align:start;white-space:normal;color:rgb(64, 64, 64);background-color:rgb(229, 229, 229);border:none;margin:32px 0px;margin-bottom:32px;margin-top:32px;margin-left:0px;margin-right:0px;display:block;height:1px\" align=\"start\"\/>\n<h3 style=\"font-family:DeepSeek-CJK-patch, Inter, system-ui, -apple-system, BlinkMacSystemFont, &quot;Segoe UI&quot;, Roboto, &quot;Noto Sans&quot;, Ubuntu, Cantarell, &quot;Helvetica Neue&quot;, Oxygen, &quot;Open Sans&quot;, sans-serif;font-size:18.288px;font-weight:600;letter-spacing:normal;line-height:1.5;text-align:start;white-space:normal;color:rgb(64, 64, 64);background-color:rgb(255, 255, 255);margin:18.288px 0px 13.716px;margin-bottom:13.716px;margin-top:18.288px;margin-left:0px;margin-right:0px\" align=\"start\"><strong>Lisatarvikud:<\/strong><\/h3>\n<ul style=\"font-family:DeepSeek-CJK-patch, Inter, system-ui, -apple-system, BlinkMacSystemFont, &quot;Segoe UI&quot;, Roboto, &quot;Noto Sans&quot;, Ubuntu, Cantarell, &quot;Helvetica Neue&quot;, Oxygen, &quot;Open Sans&quot;, sans-serif;font-size:16.002px;font-weight:400;letter-spacing:normal;text-align:start;white-space:normal;color:rgb(64, 64, 64);background-color:rgb(255, 255, 255);margin:13.716px 0px;margin-bottom:13.716px;margin-top:13.716px;margin-left:0px;margin-right:0px;padding-left:27.432px\" align=\"start\">\n<li>\n<p style=\"font-size:16.002px;line-height:28.575px;margin-bottom:0px;margin-top:0px;margin-left:0px;margin-right:0px\" class=\"ds-markdown-paragraph\"><strong>48 V 13 Ah aku ja laadija<\/strong><\/p>\n<\/li>\n<li style=\"margin-top:4px\">\n<p style=\"font-size:16.002px;line-height:28.575px;margin-bottom:0px;margin-top:0px;margin-left:0px;margin-right:0px\" class=\"ds-markdown-paragraph\"><strong>T\u00f6\u00f6riistakomplekt<\/strong><span>\u00a0<\/span>(kuuskantv\u00f5tmed, mutriv\u00f5tmed, kruvikeerajad)<\/p>\n<\/li>\n<li style=\"margin-top:4px\">\n<p style=\"font-size:16.002px;line-height:28.575px;margin-bottom:0px;margin-top:0px;margin-left:0px;margin-right:0px\" class=\"ds-markdown-paragraph\"><strong>Inglise keelne kasutusjuhend<\/strong><\/p>\n<\/li>\n<li style=\"margin-top:4px\">\n<p style=\"font-size:16.002px;line-height:28.575px;margin-bottom:0px;margin-top:0px;margin-left:0px;margin-right:0px\" class=\"ds-markdown-paragraph\"><strong>Elektriratas<\/strong><\/p>\n<\/li>\n<\/ul>\n<p style=\"font-family:DeepSeek-CJK-patch, Inter, system-ui, -apple-system, BlinkMacSystemFont, &quot;Segoe UI&quot;, Roboto, &quot;Noto Sans&quot;, Ubuntu, Cantarell, &quot;Helvetica Neue&quot;, Oxygen, &quot;Open Sans&quot;, sans-serif;font-size:16.002px;font-weight:400;letter-spacing:normal;line-height:28.575px;text-align:start;white-space:normal;color:rgb(64, 64, 64);background-color:rgb(255, 255, 255);margin:13.716px 0px;margin-bottom:13.716px;margin-top:13.716px;margin-left:0px;margin-right:0px\" class=\"ds-markdown-paragraph\" align=\"start\"><strong>M\u00e4rkus:<\/strong><span>\u00a0<\/span>Kiirus ja ulatus v\u00f5ivad varieeruda olenevalt s\u00f5itja kaalust, maastikust ja abitasemest. Enne suuremate kiiruste avamist kontrollige alati kohalikke elektrirataste eeskirju.<img decoding=\"async\" src=\"https:\/\/ae01.alicdn.com\/kf\/S1ac89e69297d466b90658826484cad2bv.png\" slate-data-type=\"image\"\/><img decoding=\"async\" src=\"https:\/\/ae01.alicdn.com\/kf\/S81b9f545ec6742d68157ba9e5cfd3a7ew.png\" slate-data-type=\"image\"\/><img decoding=\"async\" src=\"https:\/\/ae01.alicdn.com\/kf\/S149d77da88964b1ca94beed3e38a5355r.png\" slate-data-type=\"image\"\/><img decoding=\"async\" src=\"https:\/\/ae01.alicdn.com\/kf\/Sbfb0cddb9d0548c382e20d7ad70e1633W.png\" slate-data-type=\"image\"\/><img decoding=\"async\" src=\"https:\/\/ae01.alicdn.com\/kf\/S01b919c42851445ebbb6bd61d74d62a2a.png\" slate-data-type=\"image\"\/><img decoding=\"async\" src=\"https:\/\/ae01.alicdn.com\/kf\/S2d6de1ae188247629112484293c5b667r.png\" slate-data-type=\"image\"\/><img decoding=\"async\" src=\"https:\/\/ae01.alicdn.com\/kf\/S11219886b6d74a978621024ef0e358cda.png\" slate-data-type=\"image\"\/><img decoding=\"async\" src=\"https:\/\/ae01.alicdn.com\/kf\/Sec15e79357b04e279af148bb1d177dc8z.png\" slate-data-type=\"image\"\/><img decoding=\"async\" src=\"https:\/\/ae01.alicdn.com\/kf\/Sff573c5350594572b2ee864dd062178eI.png\" slate-data-type=\"image\"\/><\/p><\/p>","protected":false},"excerpt":{"rendered":"<p>Model Number:&nbsp;ENGWE M20 Rated Passenger Capacity:&nbsp;Two Seat Style:&nbsp;Luxury Type Max Speed:&nbsp;&lt;25km\/h Range per Power:&nbsp;&gt; 60 km Wattage:&nbsp;&gt; 500w Power Supply:&nbsp;lithium battery Voltage:&nbsp;48V Power Source:&nbsp;lithium battery Origin:&nbsp;Mainland China Folded:&nbsp;No Motor:&nbsp;Brushless Wheel<\/p>","protected":false},"featured_media":8903,"comment_status":"open","ping_status":"closed","template":"","meta":{"_acf_changed":false},"product_brand":[],"product_cat":[470],"product_tag":[],"class_list":{"0":"post-8902","1":"product","2":"type-product","3":"status-publish","4":"has-post-thumbnail","6":"product_cat-electric-pedal-motorcycle","8":"first","9":"instock","10":"shipping-taxable","11":"purchasable","12":"product-type-variable"},"acf":[],"_links":{"self":[{"href":"https:\/\/www.electricstore.eu\/et\/wp-json\/wp\/v2\/product\/8902","targetHints":{"allow":["GET"]}}],"collection":[{"href":"https:\/\/www.electricstore.eu\/et\/wp-json\/wp\/v2\/product"}],"about":[{"href":"https:\/\/www.electricstore.eu\/et\/wp-json\/wp\/v2\/types\/product"}],"replies":[{"embeddable":true,"href":"https:\/\/www.electricstore.eu\/et\/wp-json\/wp\/v2\/comments?post=8902"}],"wp:featuredmedia":[{"embeddable":true,"href":"https:\/\/www.electricstore.eu\/et\/wp-json\/wp\/v2\/media\/8903"}],"wp:attachment":[{"href":"https:\/\/www.electricstore.eu\/et\/wp-json\/wp\/v2\/media?parent=8902"}],"wp:term":[{"taxonomy":"product_brand","embeddable":true,"href":"https:\/\/www.electricstore.eu\/et\/wp-json\/wp\/v2\/product_brand?post=8902"},{"taxonomy":"product_cat","embeddable":true,"href":"https:\/\/www.electricstore.eu\/et\/wp-json\/wp\/v2\/product_cat?post=8902"},{"taxonomy":"product_tag","embeddable":true,"href":"https:\/\/www.electricstore.eu\/et\/wp-json\/wp\/v2\/product_tag?post=8902"}],"curies":[{"name":"wp","href":"https:\/\/api.w.org\/{rel}","templated":true}]}}