{"id":8721,"date":"2025-05-19T21:18:08","date_gmt":"2025-05-19T21:18:08","guid":{"rendered":"https:\/\/electricstore.eu\/product\/uncategorized\/kukirin-g2-pro-vmp-500w-48v-15-6ah-25-km-h-65km-foldable-adult-escooter\/"},"modified":"2025-05-20T13:06:29","modified_gmt":"2025-05-20T13:06:29","slug":"kukirin-g2-pro-vmp-500w-48v-15-6ah-25-km-h-65km-foldable-adult-escooter","status":"publish","type":"product","link":"https:\/\/electricstore.eu\/et\/p\/scooters\/electric-off-road-scooter\/kukirin-g2-pro-vmp-500w-48v-15-6ah-25-km-h-65km-foldable-adult-escooter\/","title":{"rendered":"KuKirin G2 Pro VMP 500W 48V 15.6Ah 25km\/h 65km 9\u2033 kokkupandav t\u00e4iskasvanute elektrit\u00f5ukeratas"},"content":{"rendered":"<div class=\"product-specs-list-container\">\n<ul class=\"product-specs-list util-clearfix\">\n<li class=\"product-prop line-limit-length\"><span\n                                        class=\"property-title\">Rehvi suurus:&nbsp;<\/span><span\n                                        class=\"property-desc line-limit-length\">9 tolli<\/span>\n                            <\/li>\n<li class=\"product-prop line-limit-length\"><span\n                                        class=\"property-title\">Mudelinumber:&nbsp;<\/span><span\n                                        class=\"property-desc line-limit-length\">KuKirin G2 Pro (VMP)<\/span>\n                            <\/li>\n<li class=\"product-prop line-limit-length\"><span\n                                        class=\"property-title\">Kategooria:&nbsp;<\/span><span\n                                        class=\"property-desc line-limit-length\">Kaherattaline t\u00f5ukeratas<\/span>\n                            <\/li>\n<li class=\"product-prop line-limit-length\"><span\n                                        class=\"property-title\">Kohaldatavad inimesed:&nbsp;<\/span><span\n                                        class=\"property-desc line-limit-length\">Unisex<\/span>\n                            <\/li>\n<li class=\"product-prop line-limit-length\"><span\n                                        class=\"property-title\">Ulatus laadimise kohta:&nbsp;<\/span><span\n                                        class=\"property-desc line-limit-length\">40\u201360 km<\/span>\n                            <\/li>\n<li class=\"product-prop line-limit-length\"><span\n                                        class=\"property-title\">Laadimisaeg:&nbsp;<\/span><span\n                                        class=\"property-desc line-limit-length\">6\u20138 tundi<\/span>\n                            <\/li>\n<li class=\"product-prop line-limit-length\"><span\n                                        class=\"property-title\">Pinge:&nbsp;<\/span><span\n                                        class=\"property-desc line-limit-length\">48v<\/span>\n                            <\/li>\n<li class=\"product-prop line-limit-length\"><span\n                                        class=\"property-title\">Kokkupandud:&nbsp;<\/span><span\n                                        class=\"property-desc line-limit-length\">JAH<\/span>\n                            <\/li>\n<li class=\"product-prop line-limit-length\"><span\n                                        class=\"property-title\">V\u00f5imsus (W):&nbsp;<\/span><span\n                                        class=\"property-desc line-limit-length\">201\u2013500 W<\/span>\n                            <\/li>\n<li class=\"product-prop line-limit-length\"><span\n                                        class=\"property-title\">P\u00e4ritolu:&nbsp;<\/span><span\n                                        class=\"property-desc line-limit-length\">Mandri-Hiina<\/span>\n                            <\/li>\n<li class=\"product-prop line-limit-length\"><span\n                                        class=\"property-title\">Maksimaalne mootor:&nbsp;<\/span><span\n                                        class=\"property-desc line-limit-length\">500W<\/span>\n                            <\/li>\n<li class=\"product-prop line-limit-length\"><span\n                                        class=\"property-title\">maksimaalne ulatus:&nbsp;<\/span><span\n                                        class=\"property-desc line-limit-length\">65KM<\/span>\n                            <\/li>\n<li class=\"product-prop line-limit-length\"><span\n                                        class=\"property-title\">maksimaalne kiirus:&nbsp;<\/span><span\n                                        class=\"property-desc line-limit-length\">25 km\/h<\/span>\n                            <\/li>\n<li class=\"product-prop line-limit-length\"><span\n                                        class=\"property-title\">Maksimaalne koormus:&nbsp;<\/span><span\n                                        class=\"property-desc line-limit-length\">120 kg<\/span>\n                            <\/li>\n<li class=\"product-prop line-limit-length\"><span\n                                        class=\"property-title\">1., 2., 3. (t\u00fchik\u00e4igul):&nbsp;<\/span><span\n                                        class=\"property-desc line-limit-length\">15km\/h, 20km\/h, 25km\/h<\/span>\n                            <\/li>\n<li class=\"product-prop line-limit-length\"><span\n                                        class=\"property-title\">Ronimisv\u00f5ime:&nbsp;<\/span><span\n                                        class=\"property-desc line-limit-length\">\u226419\u00b0 kalle<\/span>\n                            <\/li>\n<li class=\"product-prop line-limit-length\"><span\n                                        class=\"property-title\">Piduris\u00fcsteem:&nbsp;<\/span><span\n                                        class=\"property-desc line-limit-length\">Front and rear disc brake &amp; power-off brake<\/span>\n                            <\/li>\n<li class=\"product-prop line-limit-length\"><span\n                                        class=\"property-title\">Aku:&nbsp;<\/span><span\n                                        class=\"property-desc line-limit-length\">48 V 15,6 Ah<\/span>\n                            <\/li>\n<li class=\"product-prop line-limit-length\"><span\n                                        class=\"property-title\">Eesmine amortisaator:&nbsp;<\/span><span\n                                        class=\"property-desc line-limit-length\">Vedru\u0161oki adsorptsioon<\/span>\n                            <\/li>\n<li class=\"product-prop line-limit-length\"><span\n                                        class=\"property-title\">Tagumine amortisaator:&nbsp;<\/span><span\n                                        class=\"property-desc line-limit-length\">Vedru\u0161oki adsorptsioon<\/span>\n                            <\/li>\n<li class=\"product-prop line-limit-length\"><span\n                                        class=\"property-title\">Sertifikaat:&nbsp;<\/span><span\n                                        class=\"property-desc line-limit-length\"><\/span>\n                            <\/li>\n<\/ul><\/div>\n<h1 style=\"text-align:center\" align=\"center\"><strong>KuKirin G2 Pro (VMP) Electric Scooter, 500W 48V 15.6Ah Battery, 9 &quot;Vacuum Tire, 25 km\/h Max Speed, 65km Range, Dual Spring Shock Adsorption,Foldable Adult Kick EScooter<\/strong><\/h1>\n<p><strong><span style=\"color:rgb(25, 25, 25);font-size:24px;font-family:&quot;TT Norms Pro&quot;, &quot;Open Sans&quot;, Roboto, Arial, Helvetica, sans-serif, SimSun\">Kirjeldus:<\/span><\/strong><\/p>\n<p><\/p>\n<h3 style=\"font-family:&quot;Microsoft YaHei&quot;;letter-spacing:normal;text-align:start;white-space:normal;color:rgb(0, 0, 0);box-sizing:border-box\" align=\"start\">V\u00f5imas mootor<\/h3>\n<p style=\"font-family:&quot;Microsoft YaHei&quot;;font-size:medium;font-weight:400;letter-spacing:normal;line-height:inherit;text-align:start;white-space:normal;color:rgb(0, 0, 0);margin:0px;margin-bottom:0px;margin-top:0px;margin-left:0px;margin-right:0px;padding:0px;padding-bottom:0px;padding-top:0px;padding-left:0px;padding-right:0px;box-sizing:border-box\" align=\"start\">KuKirin G2 Pro (VMP) electric scooter has a 500W brushless powerful motor, enjoys extremely fast soaring, 3-speed speed mode, the maximum speed can reach 25km\/h, making the riding more arbitrary.\u00a0<\/p>\n<h3 style=\"font-family:&quot;Microsoft YaHei&quot;;letter-spacing:normal;text-align:start;white-space:normal;color:rgb(0, 0, 0);box-sizing:border-box\" align=\"start\">Kvaliteetne aku<\/h3>\n<p style=\"font-family:&quot;Microsoft YaHei&quot;;font-size:medium;font-weight:400;letter-spacing:normal;line-height:inherit;text-align:start;white-space:normal;color:rgb(0, 0, 0);margin:0px;margin-bottom:0px;margin-top:0px;margin-left:0px;margin-right:0px;padding:0px;padding-bottom:0px;padding-top:0px;padding-left:0px;padding-right:0px;box-sizing:border-box\" align=\"start\">48V 15.6AH high-capacity lithium-ion battery, high-quality power-type lithium-ion battery, continuous high-rate current output capability, providing 65km long mileage. \u00a0 \u00a0 \u00a0 \u00a0 \u00a0 \u00a0\u00a0<\/p>\n<h3 style=\"font-family:&quot;Microsoft YaHei&quot;;letter-spacing:normal;text-align:start;white-space:normal;color:rgb(0, 0, 0);box-sizing:border-box\" align=\"start\">Piduris\u00fcsteem<\/h3>\n<p style=\"font-family:&quot;Microsoft YaHei&quot;;font-size:medium;font-weight:400;letter-spacing:normal;line-height:inherit;text-align:start;white-space:normal;color:rgb(0, 0, 0);margin:0px;margin-bottom:0px;margin-top:0px;margin-left:0px;margin-right:0px;padding:0px;padding-bottom:0px;padding-top:0px;padding-left:0px;padding-right:0px;box-sizing:border-box\" align=\"start\">Front and rear double disc brakes. No fear of high speed, giving you the confidence to stop when you want. \u00a0 \u00a0<\/p>\n<h3 style=\"font-family:&quot;Microsoft YaHei&quot;;letter-spacing:normal;text-align:start;white-space:normal;color:rgb(0, 0, 0);box-sizing:border-box\" align=\"start\">Eesmine ja tagumine topeltvedruga amortisaatoris\u00fcsteem<\/h3>\n<p style=\"font-family:&quot;Microsoft YaHei&quot;;font-size:medium;font-weight:400;letter-spacing:normal;line-height:inherit;text-align:start;white-space:normal;color:rgb(0, 0, 0);margin:0px;margin-bottom:0px;margin-top:0px;margin-left:0px;margin-right:0px;padding:0px;padding-bottom:0px;padding-top:0px;padding-left:0px;padding-right:0px;box-sizing:border-box\" align=\"start\">Peenelt h\u00e4\u00e4lestatud vedruamortisaator suudab keerulise maastiku konarusi t\u00f5husalt pehmendada, v\u00f5imaldades s\u00f5ita ka ebatasasel teel ja maksimeerida oma reisim\u00f5nu.\u00a0<\/p>\n<h3 style=\"font-family:&quot;Microsoft YaHei&quot;;letter-spacing:normal;text-align:start;white-space:normal;color:rgb(0, 0, 0);box-sizing:border-box\" align=\"start\">9-inch Vacuum Tires<\/h3>\n<p style=\"font-family:&quot;Microsoft YaHei&quot;;font-size:medium;font-weight:400;letter-spacing:normal;line-height:inherit;text-align:start;white-space:normal;color:rgb(0, 0, 0);margin:0px;margin-bottom:0px;margin-top:0px;margin-left:0px;margin-right:0px;padding:0px;padding-bottom:0px;padding-top:0px;padding-left:0px;padding-right:0px;box-sizing:border-box\" align=\"start\">9-inch vacuum tires, with a large coverage area, will not fall into mud in rainy days, good shock absorption, good grip, no fear of complex road conditions, giving you the confidence to go when you want.<\/p>\n<h3 style=\"font-family:&quot;Microsoft YaHei&quot;;letter-spacing:normal;text-align:start;white-space:normal;color:rgb(0, 0, 0);box-sizing:border-box\" align=\"start\">Kiire voltimine<\/h3>\n<p style=\"font-family:&quot;Microsoft YaHei&quot;;font-size:medium;font-weight:400;letter-spacing:normal;line-height:inherit;text-align:start;white-space:normal;color:rgb(0, 0, 0);margin:0px;margin-bottom:0px;margin-top:0px;margin-left:0px;margin-right:0px;padding:0px;padding-bottom:0px;padding-top:0px;padding-left:0px;padding-right:0px;box-sizing:border-box\" align=\"start\">Kokkupandava koha disain on lihtne ja h\u00f5lpsasti kasutatav, mist\u00f5ttu on seda mugav teistes s\u00f5idukites kaasas kanda.\u00a0<\/p>\n<p style=\"font-family:&quot;TT Norms Pro&quot;, &quot;Open Sans&quot;, Roboto, Arial, Helvetica, sans-serif, SimSun;font-size:14px;font-weight:400;letter-spacing:normal;line-height:inherit;text-align:start;white-space:normal;color:rgb(34, 34, 34);margin:0px;margin-bottom:0px;margin-top:0px;margin-left:0px;margin-right:0px;padding:0px;padding-bottom:0px;padding-top:0px;padding-left:0px;padding-right:0px;box-sizing:border-box\" align=\"start\"><\/p>\n<h2 style=\"font-family:&quot;Microsoft YaHei&quot;;font-size:14px;letter-spacing:normal;text-align:start;white-space:normal;color:rgb(0, 0, 0);margin:10px 0px;margin-bottom:10px;margin-top:10px;margin-left:0px;margin-right:0px;padding:0px;padding-bottom:0px;padding-top:0px;padding-left:0px;padding-right:0px;box-sizing:border-box\" align=\"start\">Spetsifikatsioon<\/h2>\n<p style=\"font-family:&quot;TT Norms Pro&quot;, &quot;Open Sans&quot;, Roboto, Arial, Helvetica, sans-serif, SimSun;font-size:14px;font-weight:400;letter-spacing:normal;line-height:inherit;text-align:start;white-space:normal;color:rgb(34, 34, 34);margin:0px;margin-bottom:0px;margin-top:0px;margin-left:0px;margin-right:0px;padding:0px;padding-bottom:0px;padding-top:0px;padding-left:0px;padding-right:0px;box-sizing:border-box\" align=\"start\"><\/p>\n<table style=\"border-collapse:collapse;font-family:&quot;Microsoft YaHei&quot;;font-size:14px;text-align:start;color:rgb(34, 34, 34);width:1000px\" class=\"jbEidtTable\" border=\"1\" cellpadding=\"5\" cellspacing=\"0\" align=\"start\">\n<tbody>\n<tr>\n<td style=\"text-align:left\" align=\"left\">\n<p style=\"line-height:inherit;margin:0px;margin-bottom:0px;margin-top:0px;margin-left:0px;margin-right:0px;padding:0px;padding-bottom:0px;padding-top:0px;padding-left:0px;padding-right:0px;box-sizing:border-box\"><strong>\u00dcldine<\/strong><\/p>\n<\/td>\n<td style=\"text-align:left\" align=\"left\">\n<p style=\"line-height:inherit;margin:0px;margin-bottom:0px;margin-top:0px;margin-left:0px;margin-right:0px;padding:0px;padding-bottom:0px;padding-top:0px;padding-left:0px;padding-right:0px;box-sizing:border-box\">Brand: Kukirin<br \/>T\u00fc\u00fcp: elektriroller<br \/>Model: G2 Pro (VMP)<\/p>\n<\/td>\n<\/tr>\n<tr>\n<td style=\"text-align:left\" align=\"left\">\n<p style=\"line-height:inherit;margin:0px;margin-bottom:0px;margin-top:0px;margin-left:0px;margin-right:0px;padding:0px;padding-bottom:0px;padding-top:0px;padding-left:0px;padding-right:0px;box-sizing:border-box\"><strong>Spetsifikatsioon<\/strong><\/p>\n<\/td>\n<td style=\"text-align:left\" align=\"left\">\n<p style=\"line-height:inherit;margin:0px;margin-bottom:0px;margin-top:0px;margin-left:0px;margin-right:0px;padding:0px;padding-bottom:0px;padding-top:0px;padding-left:0px;padding-right:0px;box-sizing:border-box\">Maximum Speed: 25km\/h<br \/>1st, 2nd, 3rd (idling): 15km\/h, 20km\/h, 25km\/h<br \/>1st, 2nd, 3rd (65kg load): 15km\/h, 20km\/h, 25km\/h<br \/>Middle Speed Mileage (65kg load): 65km<br \/>Climbing Ability: \u226419\u00b0 slope<br \/>Brake System: Front and rear disc brake &amp; power-off brake<br \/>Brake Distance: 3-5m<br \/>Waterproof Level: IP54<br \/>Frame Material: Aluminum alloy + steel<br \/>Motor Type: Hall brushless DC motor (rear wheel single drive)<br \/>Motor Rated Power: 500W<br \/>Max Output Torque: 22N.m<br \/>Aku: 48 V 15,6 Ah<br \/>Charger Input Voltage: 100-240VAC~50\/60Hz<br \/>Laadimisaeg: 7-8 tundi<br \/>Front Shock Absorber: Spring shock adsorption<br \/>Rear Shock Absorber: Spring shock adsorption<br \/>Headlight Type: LED<br \/>Headlight Power: 2W<br \/>Headlight Illumination Angle: 45\u00b0<br \/>Headlight Illumination Area: 4\u33a1<br \/>Turn Light: No<br \/>Tagatuled: Jah, tagatuled p\u00f5levad, kui esituled on sisse l\u00fclitatud, tagatuled vilguvad purunemisel.<br \/>Tire: 9-inch vacuum tire<br \/>Instrument Type: LED<br \/>Maksimaalne koormus: 120 kg<\/p>\n<\/td>\n<\/tr>\n<tr>\n<td style=\"text-align:left\" align=\"left\">\n<p style=\"line-height:inherit;margin:0px;margin-bottom:0px;margin-top:0px;margin-left:0px;margin-right:0px;padding:0px;padding-bottom:0px;padding-top:0px;padding-left:0px;padding-right:0px;box-sizing:border-box\"><strong>Kaal ja suurus<\/strong><\/p>\n<\/td>\n<td style=\"text-align:left\" align=\"left\">\n<p style=\"line-height:inherit;margin:0px;margin-bottom:0px;margin-top:0px;margin-left:0px;margin-right:0px;padding:0px;padding-bottom:0px;padding-top:0px;padding-left:0px;padding-right:0px;box-sizing:border-box\">Product Weight: 22.3kg<br \/>Package Weight: 37.5kg<br \/>Product Size(L x W x H): 117 x 59 x 130cm (unfold)<br \/>Product Size(L x W x H): 117 x 59 x 51.2cm (fold)<br \/>Package Size(L x W x H): 119.5 x 23.5x 54.5cm<\/p>\n<\/td>\n<\/tr>\n<tr>\n<td style=\"text-align:left\" align=\"left\">\n<p style=\"line-height:inherit;margin:0px;margin-bottom:0px;margin-top:0px;margin-left:0px;margin-right:0px;padding:0px;padding-bottom:0px;padding-top:0px;padding-left:0px;padding-right:0px;box-sizing:border-box\"><strong>Pakendi sisu<\/strong><\/p>\n<\/td>\n<td style=\"text-align:left\" align=\"left\">\n<p style=\"line-height:inherit;margin:0px;margin-bottom:0px;margin-top:0px;margin-left:0px;margin-right:0px;padding:0px;padding-bottom:0px;padding-top:0px;padding-left:0px;padding-right:0px;box-sizing:border-box\">1 x Electric Scooter<br \/>1 x laadija<br \/>1 x pump<br \/>1 x t\u00f6\u00f6riist<br \/>2 x Key<br \/>1 x kasutusjuhend<\/p>\n<\/td>\n<\/tr>\n<\/tbody>\n<\/table>\n<p><img decoding=\"async\" src=\"https:\/\/ae01.alicdn.com\/kf\/S12a84b5073014bd1b02dd8b82b57640b9.jpg\" slate-data-type=\"image\"\/><img decoding=\"async\" src=\"https:\/\/ae01.alicdn.com\/kf\/Sf9c65087cce94423aa29dbc5491e96416.jpg\" slate-data-type=\"image\"\/><img decoding=\"async\" src=\"https:\/\/ae01.alicdn.com\/kf\/Sef4ad75478f24689b7fe189e95c6d69b5.jpg\" slate-data-type=\"image\"\/><img decoding=\"async\" src=\"https:\/\/ae01.alicdn.com\/kf\/Sffddb834911b44a1b9cb2d92a2ec9044M.jpg\" slate-data-type=\"image\"\/><img decoding=\"async\" src=\"https:\/\/ae01.alicdn.com\/kf\/S47c02a1689b94cfeb2b1f73859641d2bB.jpg\" slate-data-type=\"image\"\/><img decoding=\"async\" src=\"https:\/\/ae01.alicdn.com\/kf\/Sdda0ae35eb4c4d3c9cd2f8800df08630z.jpg\" slate-data-type=\"image\"\/><img decoding=\"async\" src=\"https:\/\/ae01.alicdn.com\/kf\/S06b7ed2c8d6a40c9baf8ab2f75cd50e7v.jpg\" slate-data-type=\"image\"\/><img decoding=\"async\" src=\"https:\/\/ae01.alicdn.com\/kf\/S451c553bae7b472ca59bf59bfd762c28k.jpg\" slate-data-type=\"image\"\/><img decoding=\"async\" src=\"https:\/\/ae01.alicdn.com\/kf\/Sb1d8881b60bc4a469cc945e1ef2caceba.jpg\" slate-data-type=\"image\"\/><img decoding=\"async\" src=\"https:\/\/ae01.alicdn.com\/kf\/Sb5a782969d8b432abcc2f53d21585852P.jpg\" slate-data-type=\"image\"\/><img decoding=\"async\" src=\"https:\/\/ae01.alicdn.com\/kf\/S9dbe99135ff947378a4fc18a2b0604cfp.jpg\" slate-data-type=\"image\"\/><img decoding=\"async\" src=\"https:\/\/ae01.alicdn.com\/kf\/Saeecc6d32e6f48d5a8969f27a827cce1S.jpg\" slate-data-type=\"image\"\/><img decoding=\"async\" src=\"https:\/\/ae01.alicdn.com\/kf\/S9be594803ce04744a50b6e11b8fb19de8.jpg\" slate-data-type=\"image\"\/><img decoding=\"async\" src=\"https:\/\/ae01.alicdn.com\/kf\/S8b2b4e94f1574c6d809386895cfd6b00G.jpg\" slate-data-type=\"image\"\/><img decoding=\"async\" src=\"https:\/\/ae01.alicdn.com\/kf\/S3f6e2838efe5428795aeb757e825ca61T.jpg\" slate-data-type=\"image\"\/><img decoding=\"async\" src=\"https:\/\/ae01.alicdn.com\/kf\/S561e1802ed084158bc981096bb71fc6cY.jpg\" slate-data-type=\"image\"\/><\/p>","protected":false},"excerpt":{"rendered":"<p>Tire Size:&nbsp;9 inch Model Number:&nbsp;KuKirin G2 Pro (VMP) Category:&nbsp;Two-wheel Scooter Applicable People:&nbsp;Unisex Range Per Charge:&nbsp;40-60km Charging Time:&nbsp;6-8h Voltage:&nbsp;48v Folded:&nbsp;YES Power (W):&nbsp;201-500W Origin:&nbsp;Mainland China max motor:&nbsp;500W max range:&nbsp;65KM max speed:&nbsp;25km\/h max<\/p>","protected":false},"featured_media":8722,"comment_status":"open","ping_status":"closed","template":"","meta":{"_acf_changed":false},"product_brand":[],"product_cat":[468],"product_tag":[],"class_list":{"0":"post-8721","1":"product","2":"type-product","3":"status-publish","4":"has-post-thumbnail","6":"product_cat-electric-off-road-scooter","8":"first","9":"instock","10":"shipping-taxable","11":"purchasable","12":"product-type-simple"},"acf":[],"_links":{"self":[{"href":"https:\/\/electricstore.eu\/et\/wp-json\/wp\/v2\/product\/8721","targetHints":{"allow":["GET"]}}],"collection":[{"href":"https:\/\/electricstore.eu\/et\/wp-json\/wp\/v2\/product"}],"about":[{"href":"https:\/\/electricstore.eu\/et\/wp-json\/wp\/v2\/types\/product"}],"replies":[{"embeddable":true,"href":"https:\/\/electricstore.eu\/et\/wp-json\/wp\/v2\/comments?post=8721"}],"wp:featuredmedia":[{"embeddable":true,"href":"https:\/\/electricstore.eu\/et\/wp-json\/wp\/v2\/media\/8722"}],"wp:attachment":[{"href":"https:\/\/electricstore.eu\/et\/wp-json\/wp\/v2\/media?parent=8721"}],"wp:term":[{"taxonomy":"product_brand","embeddable":true,"href":"https:\/\/electricstore.eu\/et\/wp-json\/wp\/v2\/product_brand?post=8721"},{"taxonomy":"product_cat","embeddable":true,"href":"https:\/\/electricstore.eu\/et\/wp-json\/wp\/v2\/product_cat?post=8721"},{"taxonomy":"product_tag","embeddable":true,"href":"https:\/\/electricstore.eu\/et\/wp-json\/wp\/v2\/product_tag?post=8721"}],"curies":[{"name":"wp","href":"https:\/\/api.w.org\/{rel}","templated":true}]}}